{"id":9524,"date":"2020-12-01T18:39:34","date_gmt":"2020-12-01T17:39:34","guid":{"rendered":"https:\/\/odysseus-numismatique.com\/?post_type=product&#038;p=9524"},"modified":"2025-03-17T23:49:29","modified_gmt":"2025-03-17T22:49:29","slug":"discorsi-sopra-le-medaglie-de-gli-antichi-enea-vico-1558","status":"publish","type":"product","link":"https:\/\/odysseus-numismatique.com\/en\/article\/discorsi-sopra-le-medaglie-de-gli-antichi-enea-vico-1558\/","title":{"rendered":"DISCORSI SOPRA LE MEDAGLIE DE GLI ANTICHI (1558) <br \/> Enea Vico"},"content":{"rendered":"<style>\n.tableproduct {border-collapse:none}\n.tableproduct td {border:none!important; padding:10px}\n.tableproduct .odd td {background-color:#424242}\n.tableproduct .even td {background-color:#3a3a3a}\n.tableproduct .column-1 {text-transform:uppercase; font-weight:bold; font-size:0.75em; width:20%}\n.tableproduct .column-2 {font-size:1em}\n<\/style>\n<table class=\"tableproduct\">\n<tr class=\"row-1 odd\">\n<td class=\"column-1\">Full Title<\/td>\n<td class=\"column-2\">Discorsi di M. Enea Vico Parmigiano, sopra le Medaglie de gli Antichi divisi in due libri.<br \/>\nOve si dimostrano notabili errori di scrittori antichi, e moderni, intorno alle historie romane. Con due tavole l&rsquo;una de&rsquo; Capitoli, l&rsquo;altra delle cose piu notabili.<br \/>\nAl magnanimo et invittissimo signore, il S. Cosmo de&rsquo; Medici, Duca II. Di Fiorenza. O.P.D.P.<\/td>\n<\/tr>\n<tr class=\"row-2 even\">\n<td class=\"column-1\">Author<\/td>\n<td class=\"column-2\">Enea Vico (1523-1567)<\/td>\n<\/tr>\n<tr class=\"row-3 odd\">\n<td class=\"column-1\">Imprimeur<\/td>\n<td class=\"column-2\">Gabriel Giolito de Ferrari (Venezia)<\/td>\n<\/tr>\n<tr class=\"row-4 even\">\n<td class=\"column-1\">Date<\/td>\n<td class=\"column-2\">1558<\/td>\n<\/tr>\n<tr class=\"row-5 odd\">\n<td class=\"column-1\">Specifications<\/td>\n<td class=\"column-2\">Reliure d&rsquo;\u00e9poque en parchemin de r\u00e9emploi, 112 pages + 7 feuillets de table et 1 feuillet de colophon<br \/>\nBelle marque d&rsquo;imprimeur sur la page de titre et au colophon, lettrines et bandeaux, ex-libris \u00ab\u00a0Biblioteca Terzi\u00a0\u00bb<\/td>\n<\/tr>\n<tr class=\"row-6 even\">\n<td class=\"column-1\">Condition<\/td>\n<td class=\"column-2\">Bon \u00e9tat, petits manques au dos, reliure d\u00e9tach\u00e9e<\/td>\n<\/tr>\n<\/table>","protected":false},"excerpt":{"rendered":"<p>Titre complet Discorsi di M. Enea Vico Parmigiano, sopra le Medaglie de gli Antichi divisi in due libri. Ove si dimostrano notabili errori di scrittori antichi, e moderni, intorno alle historie romane. Con due tavole l&rsquo;una de&rsquo; Capitoli, l&rsquo;altra delle cose piu notabili. Al magnanimo et invittissimo signore, il S. Cosmo de&rsquo; Medici, Duca II. [&hellip;]<\/p>\n","protected":false},"featured_media":20567,"template":"","meta":[],"product_brand":[],"product_cat":[388],"product_tag":[393,389],"class_list":{"0":"post-9524","1":"product","2":"type-product","3":"status-publish","4":"has-post-thumbnail","6":"product_cat-archives-librairie","7":"product_tag-librairie","8":"product_tag-livres-anciens","10":"first","11":"outofstock","12":"sold-individually","13":"shipping-taxable","14":"purchasable","15":"product-type-simple"},"yoast_head":"<!-- This site is optimized with the Yoast SEO plugin v27.5 - https:\/\/yoast.com\/product\/yoast-seo-wordpress\/ -->\n<title>DISCORSI SOPRA LE MEDAGLIE DE GLI ANTICHI (1558) \u2022 Enea Vico &#8226; Odysseus<\/title>\n<meta name=\"robots\" content=\"index, follow, max-snippet:-1, max-image-preview:large, max-video-preview:-1\" \/>\n<link rel=\"canonical\" href=\"https:\/\/odysseus-numismatique.com\/en\/article\/discorsi-sopra-le-medaglie-de-gli-antichi-enea-vico-1558\/\" \/>\n<meta property=\"og:locale\" content=\"en_GB\" \/>\n<meta property=\"og:type\" content=\"article\" \/>\n<meta property=\"og:title\" content=\"DISCORSI SOPRA LE MEDAGLIE DE GLI ANTICHI (1558) \u2022 Enea Vico &#8226; Odysseus\" \/>\n<meta property=\"og:description\" content=\"Titre complet Discorsi di M. Enea Vico Parmigiano, sopra le Medaglie de gli Antichi divisi in due libri. Ove si dimostrano notabili errori di scrittori antichi, e moderni, intorno alle historie romane. Con due tavole l&rsquo;una de&rsquo; Capitoli, l&rsquo;altra delle cose piu notabili. Al magnanimo et invittissimo signore, il S. Cosmo de&rsquo; Medici, Duca II. [&hellip;]\" \/>\n<meta property=\"og:url\" content=\"https:\/\/odysseus-numismatique.com\/en\/article\/discorsi-sopra-le-medaglie-de-gli-antichi-enea-vico-1558\/\" \/>\n<meta property=\"og:site_name\" content=\"Odysseus\" \/>\n<meta property=\"article:modified_time\" content=\"2025-03-17T22:49:29+00:00\" \/>\n<meta property=\"og:image\" content=\"https:\/\/odysseus-numismatique.com\/wp-content\/uploads\/2020\/12\/discorsi-sopra-le-medaglie-de-gli-antichi-enea-vico-1558.jpg\" \/>\n\t<meta property=\"og:image:width\" content=\"1500\" \/>\n\t<meta property=\"og:image:height\" content=\"750\" \/>\n\t<meta property=\"og:image:type\" content=\"image\/jpeg\" \/>\n<meta name=\"twitter:card\" content=\"summary_large_image\" \/>\n<meta name=\"twitter:label1\" content=\"Estimated reading time\" \/>\n\t<meta name=\"twitter:data1\" content=\"1 minute\" \/>\n<script type=\"application\/ld+json\" class=\"yoast-schema-graph\">{\"@context\":\"https:\\\/\\\/schema.org\",\"@graph\":[{\"@type\":\"WebPage\",\"@id\":\"https:\\\/\\\/odysseus-numismatique.com\\\/article\\\/discorsi-sopra-le-medaglie-de-gli-antichi-enea-vico-1558\\\/\",\"url\":\"https:\\\/\\\/odysseus-numismatique.com\\\/article\\\/discorsi-sopra-le-medaglie-de-gli-antichi-enea-vico-1558\\\/\",\"name\":\"DISCORSI SOPRA LE MEDAGLIE DE GLI ANTICHI (1558) \u2022 Enea Vico &#8226; Odysseus\",\"isPartOf\":{\"@id\":\"https:\\\/\\\/odysseus-numismatique.com\\\/#website\"},\"primaryImageOfPage\":{\"@id\":\"https:\\\/\\\/odysseus-numismatique.com\\\/article\\\/discorsi-sopra-le-medaglie-de-gli-antichi-enea-vico-1558\\\/#primaryimage\"},\"image\":{\"@id\":\"https:\\\/\\\/odysseus-numismatique.com\\\/article\\\/discorsi-sopra-le-medaglie-de-gli-antichi-enea-vico-1558\\\/#primaryimage\"},\"thumbnailUrl\":\"https:\\\/\\\/odysseus-numismatique.com\\\/wp-content\\\/uploads\\\/2020\\\/12\\\/discorsi-sopra-le-medaglie-de-gli-antichi-enea-vico-1558.jpg\",\"datePublished\":\"2020-12-01T17:39:34+00:00\",\"dateModified\":\"2025-03-17T22:49:29+00:00\",\"breadcrumb\":{\"@id\":\"https:\\\/\\\/odysseus-numismatique.com\\\/article\\\/discorsi-sopra-le-medaglie-de-gli-antichi-enea-vico-1558\\\/#breadcrumb\"},\"inLanguage\":\"en-GB\",\"potentialAction\":[{\"@type\":\"ReadAction\",\"target\":[\"https:\\\/\\\/odysseus-numismatique.com\\\/article\\\/discorsi-sopra-le-medaglie-de-gli-antichi-enea-vico-1558\\\/\"]}]},{\"@type\":\"ImageObject\",\"inLanguage\":\"en-GB\",\"@id\":\"https:\\\/\\\/odysseus-numismatique.com\\\/article\\\/discorsi-sopra-le-medaglie-de-gli-antichi-enea-vico-1558\\\/#primaryimage\",\"url\":\"https:\\\/\\\/odysseus-numismatique.com\\\/wp-content\\\/uploads\\\/2020\\\/12\\\/discorsi-sopra-le-medaglie-de-gli-antichi-enea-vico-1558.jpg\",\"contentUrl\":\"https:\\\/\\\/odysseus-numismatique.com\\\/wp-content\\\/uploads\\\/2020\\\/12\\\/discorsi-sopra-le-medaglie-de-gli-antichi-enea-vico-1558.jpg\",\"width\":1500,\"height\":750,\"caption\":\"Odysseus Numismatique Livres Anciens Monnaies DISCORSI SOPRA LE MEDAGLIE DE GLI ANTICHI (1558) \u2022 Enea Vico\"},{\"@type\":\"BreadcrumbList\",\"@id\":\"https:\\\/\\\/odysseus-numismatique.com\\\/article\\\/discorsi-sopra-le-medaglie-de-gli-antichi-enea-vico-1558\\\/#breadcrumb\",\"itemListElement\":[{\"@type\":\"ListItem\",\"position\":1,\"name\":\"Accueil\",\"item\":\"https:\\\/\\\/odysseus-numismatique.com\\\/\"},{\"@type\":\"ListItem\",\"position\":2,\"name\":\"Boutique\",\"item\":\"https:\\\/\\\/odysseus-numismatique.com\\\/en\\\/boutique\\\/\"},{\"@type\":\"ListItem\",\"position\":3,\"name\":\"DISCORSI SOPRA LE MEDAGLIE DE GLI ANTICHI (1558) Enea Vico\"}]},{\"@type\":\"WebSite\",\"@id\":\"https:\\\/\\\/odysseus-numismatique.com\\\/#website\",\"url\":\"https:\\\/\\\/odysseus-numismatique.com\\\/\",\"name\":\"Odysseus\",\"description\":\"Numismatique\",\"publisher\":{\"@id\":\"https:\\\/\\\/odysseus-numismatique.com\\\/#organization\"},\"potentialAction\":[{\"@type\":\"SearchAction\",\"target\":{\"@type\":\"EntryPoint\",\"urlTemplate\":\"https:\\\/\\\/odysseus-numismatique.com\\\/?s={search_term_string}\"},\"query-input\":{\"@type\":\"PropertyValueSpecification\",\"valueRequired\":true,\"valueName\":\"search_term_string\"}}],\"inLanguage\":\"en-GB\"},{\"@type\":\"Organization\",\"@id\":\"https:\\\/\\\/odysseus-numismatique.com\\\/#organization\",\"name\":\"Odysseus\",\"url\":\"https:\\\/\\\/odysseus-numismatique.com\\\/\",\"logo\":{\"@type\":\"ImageObject\",\"inLanguage\":\"en-GB\",\"@id\":\"https:\\\/\\\/odysseus-numismatique.com\\\/#\\\/schema\\\/logo\\\/image\\\/\",\"url\":\"https:\\\/\\\/odysseus-numismatique.com\\\/wp-content\\\/uploads\\\/2019\\\/04\\\/odysseus-numismatique.png\",\"contentUrl\":\"https:\\\/\\\/odysseus-numismatique.com\\\/wp-content\\\/uploads\\\/2019\\\/04\\\/odysseus-numismatique.png\",\"width\":500,\"height\":500,\"caption\":\"Odysseus\"},\"image\":{\"@id\":\"https:\\\/\\\/odysseus-numismatique.com\\\/#\\\/schema\\\/logo\\\/image\\\/\"}}]}<\/script>\n<!-- \/ Yoast SEO plugin. -->","yoast_head_json":{"title":"DISCORSI SOPRA LE MEDAGLIE DE GLI ANTICHI (1558) \u2022 Enea Vico &#8226; Odysseus","robots":{"index":"index","follow":"follow","max-snippet":"max-snippet:-1","max-image-preview":"max-image-preview:large","max-video-preview":"max-video-preview:-1"},"canonical":"https:\/\/odysseus-numismatique.com\/en\/article\/discorsi-sopra-le-medaglie-de-gli-antichi-enea-vico-1558\/","og_locale":"en_GB","og_type":"article","og_title":"DISCORSI SOPRA LE MEDAGLIE DE GLI ANTICHI (1558) \u2022 Enea Vico &#8226; Odysseus","og_description":"Titre complet Discorsi di M. Enea Vico Parmigiano, sopra le Medaglie de gli Antichi divisi in due libri. Ove si dimostrano notabili errori di scrittori antichi, e moderni, intorno alle historie romane. Con due tavole l&rsquo;una de&rsquo; Capitoli, l&rsquo;altra delle cose piu notabili. Al magnanimo et invittissimo signore, il S. Cosmo de&rsquo; Medici, Duca II. [&hellip;]","og_url":"https:\/\/odysseus-numismatique.com\/en\/article\/discorsi-sopra-le-medaglie-de-gli-antichi-enea-vico-1558\/","og_site_name":"Odysseus","article_modified_time":"2025-03-17T22:49:29+00:00","og_image":[{"width":1500,"height":750,"url":"https:\/\/odysseus-numismatique.com\/wp-content\/uploads\/2020\/12\/discorsi-sopra-le-medaglie-de-gli-antichi-enea-vico-1558.jpg","type":"image\/jpeg"}],"twitter_card":"summary_large_image","twitter_misc":{"Estimated reading time":"1 minute"},"schema":{"@context":"https:\/\/schema.org","@graph":[{"@type":"WebPage","@id":"https:\/\/odysseus-numismatique.com\/article\/discorsi-sopra-le-medaglie-de-gli-antichi-enea-vico-1558\/","url":"https:\/\/odysseus-numismatique.com\/article\/discorsi-sopra-le-medaglie-de-gli-antichi-enea-vico-1558\/","name":"DISCORSI SOPRA LE MEDAGLIE DE GLI ANTICHI (1558) \u2022 Enea Vico &#8226; Odysseus","isPartOf":{"@id":"https:\/\/odysseus-numismatique.com\/#website"},"primaryImageOfPage":{"@id":"https:\/\/odysseus-numismatique.com\/article\/discorsi-sopra-le-medaglie-de-gli-antichi-enea-vico-1558\/#primaryimage"},"image":{"@id":"https:\/\/odysseus-numismatique.com\/article\/discorsi-sopra-le-medaglie-de-gli-antichi-enea-vico-1558\/#primaryimage"},"thumbnailUrl":"https:\/\/odysseus-numismatique.com\/wp-content\/uploads\/2020\/12\/discorsi-sopra-le-medaglie-de-gli-antichi-enea-vico-1558.jpg","datePublished":"2020-12-01T17:39:34+00:00","dateModified":"2025-03-17T22:49:29+00:00","breadcrumb":{"@id":"https:\/\/odysseus-numismatique.com\/article\/discorsi-sopra-le-medaglie-de-gli-antichi-enea-vico-1558\/#breadcrumb"},"inLanguage":"en-GB","potentialAction":[{"@type":"ReadAction","target":["https:\/\/odysseus-numismatique.com\/article\/discorsi-sopra-le-medaglie-de-gli-antichi-enea-vico-1558\/"]}]},{"@type":"ImageObject","inLanguage":"en-GB","@id":"https:\/\/odysseus-numismatique.com\/article\/discorsi-sopra-le-medaglie-de-gli-antichi-enea-vico-1558\/#primaryimage","url":"https:\/\/odysseus-numismatique.com\/wp-content\/uploads\/2020\/12\/discorsi-sopra-le-medaglie-de-gli-antichi-enea-vico-1558.jpg","contentUrl":"https:\/\/odysseus-numismatique.com\/wp-content\/uploads\/2020\/12\/discorsi-sopra-le-medaglie-de-gli-antichi-enea-vico-1558.jpg","width":1500,"height":750,"caption":"Odysseus Numismatique Livres Anciens Monnaies DISCORSI SOPRA LE MEDAGLIE DE GLI ANTICHI (1558) \u2022 Enea Vico"},{"@type":"BreadcrumbList","@id":"https:\/\/odysseus-numismatique.com\/article\/discorsi-sopra-le-medaglie-de-gli-antichi-enea-vico-1558\/#breadcrumb","itemListElement":[{"@type":"ListItem","position":1,"name":"Accueil","item":"https:\/\/odysseus-numismatique.com\/"},{"@type":"ListItem","position":2,"name":"Boutique","item":"https:\/\/odysseus-numismatique.com\/en\/boutique\/"},{"@type":"ListItem","position":3,"name":"DISCORSI SOPRA LE MEDAGLIE DE GLI ANTICHI (1558) Enea Vico"}]},{"@type":"WebSite","@id":"https:\/\/odysseus-numismatique.com\/#website","url":"https:\/\/odysseus-numismatique.com\/","name":"Odysseus","description":"Numismatics","publisher":{"@id":"https:\/\/odysseus-numismatique.com\/#organization"},"potentialAction":[{"@type":"SearchAction","target":{"@type":"EntryPoint","urlTemplate":"https:\/\/odysseus-numismatique.com\/?s={search_term_string}"},"query-input":{"@type":"PropertyValueSpecification","valueRequired":true,"valueName":"search_term_string"}}],"inLanguage":"en-GB"},{"@type":"Organization","@id":"https:\/\/odysseus-numismatique.com\/#organization","name":"Odysseus","url":"https:\/\/odysseus-numismatique.com\/","logo":{"@type":"ImageObject","inLanguage":"en-GB","@id":"https:\/\/odysseus-numismatique.com\/#\/schema\/logo\/image\/","url":"https:\/\/odysseus-numismatique.com\/wp-content\/uploads\/2019\/04\/odysseus-numismatique.png","contentUrl":"https:\/\/odysseus-numismatique.com\/wp-content\/uploads\/2019\/04\/odysseus-numismatique.png","width":500,"height":500,"caption":"Odysseus"},"image":{"@id":"https:\/\/odysseus-numismatique.com\/#\/schema\/logo\/image\/"}}]}},"_links":{"self":[{"href":"https:\/\/odysseus-numismatique.com\/en\/wp-json\/wp\/v2\/product\/9524","targetHints":{"allow":["GET"]}}],"collection":[{"href":"https:\/\/odysseus-numismatique.com\/en\/wp-json\/wp\/v2\/product"}],"about":[{"href":"https:\/\/odysseus-numismatique.com\/en\/wp-json\/wp\/v2\/types\/product"}],"wp:featuredmedia":[{"embeddable":true,"href":"https:\/\/odysseus-numismatique.com\/en\/wp-json\/wp\/v2\/media\/20567"}],"wp:attachment":[{"href":"https:\/\/odysseus-numismatique.com\/en\/wp-json\/wp\/v2\/media?parent=9524"}],"wp:term":[{"taxonomy":"product_brand","embeddable":true,"href":"https:\/\/odysseus-numismatique.com\/en\/wp-json\/wp\/v2\/product_brand?post=9524"},{"taxonomy":"product_cat","embeddable":true,"href":"https:\/\/odysseus-numismatique.com\/en\/wp-json\/wp\/v2\/product_cat?post=9524"},{"taxonomy":"product_tag","embeddable":true,"href":"https:\/\/odysseus-numismatique.com\/en\/wp-json\/wp\/v2\/product_tag?post=9524"}],"curies":[{"name":"wp","href":"https:\/\/api.w.org\/{rel}","templated":true}]}}