{"id":9494,"date":"2020-12-01T18:53:39","date_gmt":"2020-12-01T17:53:39","guid":{"rendered":"https:\/\/odysseus-numismatique.com\/?post_type=product&#038;p=9494"},"modified":"2025-03-18T01:05:24","modified_gmt":"2025-03-18T00:05:24","slug":"provence-jeanne-de-naples-florin-dor","status":"publish","type":"product","link":"https:\/\/odysseus-numismatique.com\/en\/article\/provence-jeanne-de-naples-florin-dor\/","title":{"rendered":"PROVENCE &#8211; JEANNE DE NAPLES <br \/> Florin d&rsquo;Or"},"content":{"rendered":"<style>\n.tableproduct {border-collapse:none}\n.tableproduct td {border:none!important; padding:10px}\n.tableproduct .odd td {background-color:#424242}\n.tableproduct .even td {background-color:#3a3a3a}\n.tableproduct .column-1 {text-transform:uppercase; font-weight:bold; font-size:0.75em; width:20%}\n.tableproduct .column-2 {font-size:1em}\n<\/style>\n<table class=\"tableproduct\">\n<tr class=\"row-1 odd\">\n<td class=\"column-1\">Obverse<\/td>\n<td class=\"column-2\">+ IOHANA: DEI: GR: IHR: SICL: REG<br \/>\nChamp parti de Je\u0301rusalem et d&rsquo;Anjou<\/td>\n<\/tr>\n<tr class=\"row-2 even\">\n<td class=\"column-1\">Reverse<\/td>\n<td class=\"column-2\">\u00b7S\u00b7 IOHANNES \u00b7B\u00b7<br \/>\nSaint Jean-Baptiste nimb\u00e9 debout de face, levant la main en signe de b\u00e9n\u00e9diction et tenant un sceptre cruciforme, lis sous un lambel en haut \u00e0 gauche<\/td>\n<\/tr>\n<tr class=\"row-3 odd\">\n<td class=\"column-1\">Denomination<\/td>\n<td class=\"column-2\">Florin<\/td>\n<\/tr>\n<tr class=\"row-4 even\">\n<td class=\"column-1\">Date<\/td>\n<td class=\"column-2\">1362-1382 ap. J.-C. (frapp\u00e9 \u00e0 partir de 1372)<\/td>\n<\/tr>\n<tr class=\"row-5 odd\">\n<td class=\"column-1\">Mint<\/td>\n<td class=\"column-2\">Saint-R\u00e9my (Comt\u00e9 de Provence)<\/td>\n<\/tr>\n<tr class=\"row-6 even\">\n<td class=\"column-1\">Metal<\/td>\n<td class=\"column-2\">Gold<\/td>\n<\/tr>\n<tr class=\"row-7 odd\">\n<td class=\"column-1\">Weight<\/td>\n<td class=\"column-2\">3.00 g<\/td>\n<\/tr>\n<tr class=\"row-8 even\">\n<td class=\"column-1\">Diameter<\/td>\n<td class=\"column-2\">21.4 mm<\/td>\n<\/tr>\n<tr class=\"row-9 odd\">\n<td class=\"column-1\">Reference<\/td>\n<td class=\"column-2\">Rolland 87c &#8211; Duplessy 1673 &#8211; PA 4014 &#8211; Boudeau 856<\/td>\n<\/tr>\n<tr class=\"row-10 even\">\n<td class=\"column-1\">Condition<\/td>\n<td class=\"column-2\">VF+<\/td>\n<\/tr>\n<\/table>","protected":false},"excerpt":{"rendered":"<p>Avers + IOHANA: DEI: GR: IHR: SICL: REG Champ parti de Je\u0301rusalem et d&rsquo;Anjou Revers \u00b7S\u00b7 IOHANNES \u00b7B\u00b7 Saint Jean-Baptiste nimb\u00e9 debout de face, levant la main en signe de b\u00e9n\u00e9diction et tenant un sceptre cruciforme, lis sous un lambel en haut \u00e0 gauche Module Florin Date 1362-1382 ap. J.-C. (frapp\u00e9 \u00e0 partir de 1372) [&hellip;]<\/p>\n","protected":false},"featured_media":9521,"template":"","meta":[],"product_brand":[],"product_cat":[15],"product_tag":[238,394],"class_list":{"0":"post-9494","1":"product","2":"type-product","3":"status-publish","4":"has-post-thumbnail","6":"product_cat-vendus","7":"product_tag-monnaies-feodales","8":"product_tag-numismatique","9":"pa_metal-or","10":"pa_module-florin","12":"first","13":"outofstock","14":"sold-individually","15":"shipping-taxable","16":"purchasable","17":"product-type-simple"},"yoast_head":"<!-- This site is optimized with the Yoast SEO plugin v27.2 - https:\/\/yoast.com\/product\/yoast-seo-wordpress\/ -->\n<title>PROVENCE - JEANNE DE NAPLES \u2022 Florin d&#039;Or &#8226; Odysseus<\/title>\n<meta name=\"robots\" content=\"index, follow, max-snippet:-1, max-image-preview:large, max-video-preview:-1\" \/>\n<link rel=\"canonical\" href=\"https:\/\/odysseus-numismatique.com\/en\/article\/provence-jeanne-de-naples-florin-dor\/\" \/>\n<meta property=\"og:locale\" content=\"en_GB\" \/>\n<meta property=\"og:type\" content=\"article\" \/>\n<meta property=\"og:title\" content=\"PROVENCE - JEANNE DE NAPLES \u2022 Florin d&#039;Or &#8226; Odysseus\" \/>\n<meta property=\"og:description\" content=\"Avers + IOHANA: DEI: GR: IHR: SICL: REG Champ parti de Je\u0301rusalem et d&rsquo;Anjou Revers \u00b7S\u00b7 IOHANNES \u00b7B\u00b7 Saint Jean-Baptiste nimb\u00e9 debout de face, levant la main en signe de b\u00e9n\u00e9diction et tenant un sceptre cruciforme, lis sous un lambel en haut \u00e0 gauche Module Florin Date 1362-1382 ap. J.-C. (frapp\u00e9 \u00e0 partir de 1372) [&hellip;]\" \/>\n<meta property=\"og:url\" content=\"https:\/\/odysseus-numismatique.com\/en\/article\/provence-jeanne-de-naples-florin-dor\/\" \/>\n<meta property=\"og:site_name\" content=\"Odysseus\" \/>\n<meta property=\"article:modified_time\" content=\"2025-03-18T00:05:24+00:00\" \/>\n<meta property=\"og:image\" content=\"https:\/\/odysseus-numismatique.com\/wp-content\/uploads\/2020\/12\/provence-jeanne-de-naples-florin-dor.jpg\" \/>\n\t<meta property=\"og:image:width\" content=\"1500\" \/>\n\t<meta property=\"og:image:height\" content=\"750\" \/>\n\t<meta property=\"og:image:type\" content=\"image\/jpeg\" \/>\n<meta name=\"twitter:card\" content=\"summary_large_image\" \/>\n<script type=\"application\/ld+json\" class=\"yoast-schema-graph\">{\"@context\":\"https:\/\/schema.org\",\"@graph\":[{\"@type\":\"WebPage\",\"@id\":\"https:\/\/odysseus-numismatique.com\/article\/provence-jeanne-de-naples-florin-dor\/\",\"url\":\"https:\/\/odysseus-numismatique.com\/article\/provence-jeanne-de-naples-florin-dor\/\",\"name\":\"PROVENCE - JEANNE DE NAPLES \u2022 Florin d'Or &#8226; Odysseus\",\"isPartOf\":{\"@id\":\"https:\/\/odysseus-numismatique.com\/#website\"},\"primaryImageOfPage\":{\"@id\":\"https:\/\/odysseus-numismatique.com\/article\/provence-jeanne-de-naples-florin-dor\/#primaryimage\"},\"image\":{\"@id\":\"https:\/\/odysseus-numismatique.com\/article\/provence-jeanne-de-naples-florin-dor\/#primaryimage\"},\"thumbnailUrl\":\"https:\/\/odysseus-numismatique.com\/wp-content\/uploads\/2020\/12\/provence-jeanne-de-naples-florin-dor.jpg\",\"datePublished\":\"2020-12-01T17:53:39+00:00\",\"dateModified\":\"2025-03-18T00:05:24+00:00\",\"breadcrumb\":{\"@id\":\"https:\/\/odysseus-numismatique.com\/article\/provence-jeanne-de-naples-florin-dor\/#breadcrumb\"},\"inLanguage\":\"en-GB\",\"potentialAction\":[{\"@type\":\"ReadAction\",\"target\":[\"https:\/\/odysseus-numismatique.com\/article\/provence-jeanne-de-naples-florin-dor\/\"]}]},{\"@type\":\"ImageObject\",\"inLanguage\":\"en-GB\",\"@id\":\"https:\/\/odysseus-numismatique.com\/article\/provence-jeanne-de-naples-florin-dor\/#primaryimage\",\"url\":\"https:\/\/odysseus-numismatique.com\/wp-content\/uploads\/2020\/12\/provence-jeanne-de-naples-florin-dor.jpg\",\"contentUrl\":\"https:\/\/odysseus-numismatique.com\/wp-content\/uploads\/2020\/12\/provence-jeanne-de-naples-florin-dor.jpg\",\"width\":1500,\"height\":750,\"caption\":\"Odysseus Numismatique Monnaies F\u00e9odales PROVENCE - JEANNE DE NAPLES \u2022 Florin d'Or\"},{\"@type\":\"BreadcrumbList\",\"@id\":\"https:\/\/odysseus-numismatique.com\/article\/provence-jeanne-de-naples-florin-dor\/#breadcrumb\",\"itemListElement\":[{\"@type\":\"ListItem\",\"position\":1,\"name\":\"Accueil\",\"item\":\"https:\/\/odysseus-numismatique.com\/\"},{\"@type\":\"ListItem\",\"position\":2,\"name\":\"Boutique\",\"item\":\"https:\/\/odysseus-numismatique.com\/en\/boutique\/\"},{\"@type\":\"ListItem\",\"position\":3,\"name\":\"PROVENCE &#8211; JEANNE DE NAPLES Florin d&#8217;Or\"}]},{\"@type\":\"WebSite\",\"@id\":\"https:\/\/odysseus-numismatique.com\/#website\",\"url\":\"https:\/\/odysseus-numismatique.com\/\",\"name\":\"Odysseus\",\"description\":\"Numismatique\",\"publisher\":{\"@id\":\"https:\/\/odysseus-numismatique.com\/#organization\"},\"potentialAction\":[{\"@type\":\"SearchAction\",\"target\":{\"@type\":\"EntryPoint\",\"urlTemplate\":\"https:\/\/odysseus-numismatique.com\/?s={search_term_string}\"},\"query-input\":{\"@type\":\"PropertyValueSpecification\",\"valueRequired\":true,\"valueName\":\"search_term_string\"}}],\"inLanguage\":\"en-GB\"},{\"@type\":\"Organization\",\"@id\":\"https:\/\/odysseus-numismatique.com\/#organization\",\"name\":\"Odysseus\",\"url\":\"https:\/\/odysseus-numismatique.com\/\",\"logo\":{\"@type\":\"ImageObject\",\"inLanguage\":\"en-GB\",\"@id\":\"https:\/\/odysseus-numismatique.com\/#\/schema\/logo\/image\/\",\"url\":\"https:\/\/odysseus-numismatique.com\/wp-content\/uploads\/2019\/04\/odysseus-numismatique.png\",\"contentUrl\":\"https:\/\/odysseus-numismatique.com\/wp-content\/uploads\/2019\/04\/odysseus-numismatique.png\",\"width\":500,\"height\":500,\"caption\":\"Odysseus\"},\"image\":{\"@id\":\"https:\/\/odysseus-numismatique.com\/#\/schema\/logo\/image\/\"}}]}<\/script>\n<!-- \/ Yoast SEO plugin. -->","yoast_head_json":{"title":"PROVENCE - JEANNE DE NAPLES \u2022 Florin d'Or &#8226; Odysseus","robots":{"index":"index","follow":"follow","max-snippet":"max-snippet:-1","max-image-preview":"max-image-preview:large","max-video-preview":"max-video-preview:-1"},"canonical":"https:\/\/odysseus-numismatique.com\/en\/article\/provence-jeanne-de-naples-florin-dor\/","og_locale":"en_GB","og_type":"article","og_title":"PROVENCE - JEANNE DE NAPLES \u2022 Florin d'Or &#8226; Odysseus","og_description":"Avers + IOHANA: DEI: GR: IHR: SICL: REG Champ parti de Je\u0301rusalem et d&rsquo;Anjou Revers \u00b7S\u00b7 IOHANNES \u00b7B\u00b7 Saint Jean-Baptiste nimb\u00e9 debout de face, levant la main en signe de b\u00e9n\u00e9diction et tenant un sceptre cruciforme, lis sous un lambel en haut \u00e0 gauche Module Florin Date 1362-1382 ap. J.-C. (frapp\u00e9 \u00e0 partir de 1372) [&hellip;]","og_url":"https:\/\/odysseus-numismatique.com\/en\/article\/provence-jeanne-de-naples-florin-dor\/","og_site_name":"Odysseus","article_modified_time":"2025-03-18T00:05:24+00:00","og_image":[{"width":1500,"height":750,"url":"https:\/\/odysseus-numismatique.com\/wp-content\/uploads\/2020\/12\/provence-jeanne-de-naples-florin-dor.jpg","type":"image\/jpeg"}],"twitter_card":"summary_large_image","schema":{"@context":"https:\/\/schema.org","@graph":[{"@type":"WebPage","@id":"https:\/\/odysseus-numismatique.com\/article\/provence-jeanne-de-naples-florin-dor\/","url":"https:\/\/odysseus-numismatique.com\/article\/provence-jeanne-de-naples-florin-dor\/","name":"PROVENCE - JEANNE DE NAPLES \u2022 Florin d'Or &#8226; Odysseus","isPartOf":{"@id":"https:\/\/odysseus-numismatique.com\/#website"},"primaryImageOfPage":{"@id":"https:\/\/odysseus-numismatique.com\/article\/provence-jeanne-de-naples-florin-dor\/#primaryimage"},"image":{"@id":"https:\/\/odysseus-numismatique.com\/article\/provence-jeanne-de-naples-florin-dor\/#primaryimage"},"thumbnailUrl":"https:\/\/odysseus-numismatique.com\/wp-content\/uploads\/2020\/12\/provence-jeanne-de-naples-florin-dor.jpg","datePublished":"2020-12-01T17:53:39+00:00","dateModified":"2025-03-18T00:05:24+00:00","breadcrumb":{"@id":"https:\/\/odysseus-numismatique.com\/article\/provence-jeanne-de-naples-florin-dor\/#breadcrumb"},"inLanguage":"en-GB","potentialAction":[{"@type":"ReadAction","target":["https:\/\/odysseus-numismatique.com\/article\/provence-jeanne-de-naples-florin-dor\/"]}]},{"@type":"ImageObject","inLanguage":"en-GB","@id":"https:\/\/odysseus-numismatique.com\/article\/provence-jeanne-de-naples-florin-dor\/#primaryimage","url":"https:\/\/odysseus-numismatique.com\/wp-content\/uploads\/2020\/12\/provence-jeanne-de-naples-florin-dor.jpg","contentUrl":"https:\/\/odysseus-numismatique.com\/wp-content\/uploads\/2020\/12\/provence-jeanne-de-naples-florin-dor.jpg","width":1500,"height":750,"caption":"Odysseus Numismatique Monnaies F\u00e9odales PROVENCE - JEANNE DE NAPLES \u2022 Florin d'Or"},{"@type":"BreadcrumbList","@id":"https:\/\/odysseus-numismatique.com\/article\/provence-jeanne-de-naples-florin-dor\/#breadcrumb","itemListElement":[{"@type":"ListItem","position":1,"name":"Accueil","item":"https:\/\/odysseus-numismatique.com\/"},{"@type":"ListItem","position":2,"name":"Boutique","item":"https:\/\/odysseus-numismatique.com\/en\/boutique\/"},{"@type":"ListItem","position":3,"name":"PROVENCE &#8211; JEANNE DE NAPLES Florin d&#8217;Or"}]},{"@type":"WebSite","@id":"https:\/\/odysseus-numismatique.com\/#website","url":"https:\/\/odysseus-numismatique.com\/","name":"Odysseus","description":"Numismatics","publisher":{"@id":"https:\/\/odysseus-numismatique.com\/#organization"},"potentialAction":[{"@type":"SearchAction","target":{"@type":"EntryPoint","urlTemplate":"https:\/\/odysseus-numismatique.com\/?s={search_term_string}"},"query-input":{"@type":"PropertyValueSpecification","valueRequired":true,"valueName":"search_term_string"}}],"inLanguage":"en-GB"},{"@type":"Organization","@id":"https:\/\/odysseus-numismatique.com\/#organization","name":"Odysseus","url":"https:\/\/odysseus-numismatique.com\/","logo":{"@type":"ImageObject","inLanguage":"en-GB","@id":"https:\/\/odysseus-numismatique.com\/#\/schema\/logo\/image\/","url":"https:\/\/odysseus-numismatique.com\/wp-content\/uploads\/2019\/04\/odysseus-numismatique.png","contentUrl":"https:\/\/odysseus-numismatique.com\/wp-content\/uploads\/2019\/04\/odysseus-numismatique.png","width":500,"height":500,"caption":"Odysseus"},"image":{"@id":"https:\/\/odysseus-numismatique.com\/#\/schema\/logo\/image\/"}}]}},"_links":{"self":[{"href":"https:\/\/odysseus-numismatique.com\/en\/wp-json\/wp\/v2\/product\/9494","targetHints":{"allow":["GET"]}}],"collection":[{"href":"https:\/\/odysseus-numismatique.com\/en\/wp-json\/wp\/v2\/product"}],"about":[{"href":"https:\/\/odysseus-numismatique.com\/en\/wp-json\/wp\/v2\/types\/product"}],"wp:featuredmedia":[{"embeddable":true,"href":"https:\/\/odysseus-numismatique.com\/en\/wp-json\/wp\/v2\/media\/9521"}],"wp:attachment":[{"href":"https:\/\/odysseus-numismatique.com\/en\/wp-json\/wp\/v2\/media?parent=9494"}],"wp:term":[{"taxonomy":"product_brand","embeddable":true,"href":"https:\/\/odysseus-numismatique.com\/en\/wp-json\/wp\/v2\/product_brand?post=9494"},{"taxonomy":"product_cat","embeddable":true,"href":"https:\/\/odysseus-numismatique.com\/en\/wp-json\/wp\/v2\/product_cat?post=9494"},{"taxonomy":"product_tag","embeddable":true,"href":"https:\/\/odysseus-numismatique.com\/en\/wp-json\/wp\/v2\/product_tag?post=9494"}],"curies":[{"name":"wp","href":"https:\/\/api.w.org\/{rel}","templated":true}]}}