{"id":9492,"date":"2020-12-01T18:55:55","date_gmt":"2020-12-01T17:55:55","guid":{"rendered":"https:\/\/odysseus-numismatique.com\/?post_type=product&#038;p=9492"},"modified":"2025-03-18T01:05:23","modified_gmt":"2025-03-18T00:05:23","slug":"comtat-venaissin-avignon-clement-vii-antipape-gros","status":"publish","type":"product","link":"https:\/\/odysseus-numismatique.com\/en\/article\/comtat-venaissin-avignon-clement-vii-antipape-gros\/","title":{"rendered":"COMTAT-VENAISSIN &#8211; AVIGNON &#8211; CL\u00c9MENT VII (ANTIPAPE) <br \/> Gros"},"content":{"rendered":"<style>\n.tableproduct {border-collapse:none}\n.tableproduct td {border:none!important; padding:10px}\n.tableproduct .odd td {background-color:#424242}\n.tableproduct .even td {background-color:#3a3a3a}\n.tableproduct .column-1 {text-transform:uppercase; font-weight:bold; font-size:0.75em; width:20%}\n.tableproduct .column-2 {font-size:1em}\n<\/style>\n<table class=\"tableproduct\">\n<tr class=\"row-1 odd\">\n<td class=\"column-1\">Obverse<\/td>\n<td class=\"column-2\">\u00b0CLEMENS\u00b0 :PP: SETHVS\u00b0<br \/>\nLe pape assis de face, levant la main en signe de b\u00e9n\u00e9diction et tenant un sceptre cruciforme, lions en bas \u00e0 gauche et \u00e0 droite.<\/td>\n<\/tr>\n<tr class=\"row-2 even\">\n<td class=\"column-1\">Reverse<\/td>\n<td class=\"column-2\">+ (clefs): SANCTVS (clefs): PETRVS: (clefs)<br \/>\nLes clefs de saint Pierre en sautoir, armoiries au-dessus.<\/td>\n<\/tr>\n<tr class=\"row-3 odd\">\n<td class=\"column-1\">Denomination<\/td>\n<td class=\"column-2\">Gros<\/td>\n<\/tr>\n<tr class=\"row-4 even\">\n<td class=\"column-1\">Date<\/td>\n<td class=\"column-2\">1378-1394 ap. J.-C.<\/td>\n<\/tr>\n<tr class=\"row-5 odd\">\n<td class=\"column-1\">Mint<\/td>\n<td class=\"column-2\">Avignon (Comtat Venaissin)<\/td>\n<\/tr>\n<tr class=\"row-6 even\">\n<td class=\"column-1\">Metal<\/td>\n<td class=\"column-2\">Silver<\/td>\n<\/tr>\n<tr class=\"row-7 odd\">\n<td class=\"column-1\">Weight<\/td>\n<td class=\"column-2\">2.70 g<\/td>\n<\/tr>\n<tr class=\"row-8 even\">\n<td class=\"column-1\">Diameter<\/td>\n<td class=\"column-2\">25.3 mm<\/td>\n<\/tr>\n<tr class=\"row-9 odd\">\n<td class=\"column-1\">Reference<\/td>\n<td class=\"column-2\">Berman 230 &#8211; Muntoni 4 &#8211; PA 4199 &#8211; Bd 915<\/td>\n<\/tr>\n<tr class=\"row-10 even\">\n<td class=\"column-1\">Condition<\/td>\n<td class=\"column-2\">VF+<\/td>\n<\/tr>\n<\/table>","protected":false},"excerpt":{"rendered":"<p>Avers \u00b0CLEMENS\u00b0 :PP: SETHVS\u00b0 Le pape assis de face, levant la main en signe de b\u00e9n\u00e9diction et tenant un sceptre cruciforme, lions en bas \u00e0 gauche et \u00e0 droite. Revers + (clefs): SANCTVS (clefs): PETRVS: (clefs) Les clefs de saint Pierre en sautoir, armoiries au-dessus. Module Gros Date 1378-1394 ap. J.-C. Atelier Avignon (Comtat Venaissin) [&hellip;]<\/p>\n","protected":false},"featured_media":9493,"template":"","meta":[],"product_brand":[],"product_cat":[15],"product_tag":[238,394],"class_list":{"0":"post-9492","1":"product","2":"type-product","3":"status-publish","4":"has-post-thumbnail","6":"product_cat-vendus","7":"product_tag-monnaies-feodales","8":"product_tag-numismatique","9":"pa_metal-argent","10":"pa_module-gros","12":"first","13":"outofstock","14":"sold-individually","15":"shipping-taxable","16":"purchasable","17":"product-type-simple"},"yoast_head":"<!-- This site is optimized with the Yoast SEO plugin v27.2 - https:\/\/yoast.com\/product\/yoast-seo-wordpress\/ -->\n<title>COMTAT-VENAISSIN - AVIGNON - CL\u00c9MENT VII (ANTIPAPE) \u2022 Gros &#8226; Odysseus<\/title>\n<meta name=\"robots\" content=\"index, follow, max-snippet:-1, max-image-preview:large, max-video-preview:-1\" \/>\n<link rel=\"canonical\" href=\"https:\/\/odysseus-numismatique.com\/en\/article\/comtat-venaissin-avignon-clement-vii-antipape-gros\/\" \/>\n<meta property=\"og:locale\" content=\"en_GB\" \/>\n<meta property=\"og:type\" content=\"article\" \/>\n<meta property=\"og:title\" content=\"COMTAT-VENAISSIN - AVIGNON - CL\u00c9MENT VII (ANTIPAPE) \u2022 Gros &#8226; Odysseus\" \/>\n<meta property=\"og:description\" content=\"Avers \u00b0CLEMENS\u00b0 :PP: SETHVS\u00b0 Le pape assis de face, levant la main en signe de b\u00e9n\u00e9diction et tenant un sceptre cruciforme, lions en bas \u00e0 gauche et \u00e0 droite. Revers + (clefs): SANCTVS (clefs): PETRVS: (clefs) Les clefs de saint Pierre en sautoir, armoiries au-dessus. Module Gros Date 1378-1394 ap. J.-C. Atelier Avignon (Comtat Venaissin) [&hellip;]\" \/>\n<meta property=\"og:url\" content=\"https:\/\/odysseus-numismatique.com\/en\/article\/comtat-venaissin-avignon-clement-vii-antipape-gros\/\" \/>\n<meta property=\"og:site_name\" content=\"Odysseus\" \/>\n<meta property=\"article:modified_time\" content=\"2025-03-18T00:05:23+00:00\" \/>\n<meta property=\"og:image\" content=\"https:\/\/odysseus-numismatique.com\/wp-content\/uploads\/2020\/12\/comtat-venaissin-avignon-clement-vii-antipape-gros.jpg\" \/>\n\t<meta property=\"og:image:width\" content=\"1500\" \/>\n\t<meta property=\"og:image:height\" content=\"750\" \/>\n\t<meta property=\"og:image:type\" content=\"image\/jpeg\" \/>\n<meta name=\"twitter:card\" content=\"summary_large_image\" \/>\n<script type=\"application\/ld+json\" class=\"yoast-schema-graph\">{\"@context\":\"https:\/\/schema.org\",\"@graph\":[{\"@type\":\"WebPage\",\"@id\":\"https:\/\/odysseus-numismatique.com\/article\/comtat-venaissin-avignon-clement-vii-antipape-gros\/\",\"url\":\"https:\/\/odysseus-numismatique.com\/article\/comtat-venaissin-avignon-clement-vii-antipape-gros\/\",\"name\":\"COMTAT-VENAISSIN - AVIGNON - CL\u00c9MENT VII (ANTIPAPE) \u2022 Gros &#8226; Odysseus\",\"isPartOf\":{\"@id\":\"https:\/\/odysseus-numismatique.com\/#website\"},\"primaryImageOfPage\":{\"@id\":\"https:\/\/odysseus-numismatique.com\/article\/comtat-venaissin-avignon-clement-vii-antipape-gros\/#primaryimage\"},\"image\":{\"@id\":\"https:\/\/odysseus-numismatique.com\/article\/comtat-venaissin-avignon-clement-vii-antipape-gros\/#primaryimage\"},\"thumbnailUrl\":\"https:\/\/odysseus-numismatique.com\/wp-content\/uploads\/2020\/12\/comtat-venaissin-avignon-clement-vii-antipape-gros.jpg\",\"datePublished\":\"2020-12-01T17:55:55+00:00\",\"dateModified\":\"2025-03-18T00:05:23+00:00\",\"breadcrumb\":{\"@id\":\"https:\/\/odysseus-numismatique.com\/article\/comtat-venaissin-avignon-clement-vii-antipape-gros\/#breadcrumb\"},\"inLanguage\":\"en-GB\",\"potentialAction\":[{\"@type\":\"ReadAction\",\"target\":[\"https:\/\/odysseus-numismatique.com\/article\/comtat-venaissin-avignon-clement-vii-antipape-gros\/\"]}]},{\"@type\":\"ImageObject\",\"inLanguage\":\"en-GB\",\"@id\":\"https:\/\/odysseus-numismatique.com\/article\/comtat-venaissin-avignon-clement-vii-antipape-gros\/#primaryimage\",\"url\":\"https:\/\/odysseus-numismatique.com\/wp-content\/uploads\/2020\/12\/comtat-venaissin-avignon-clement-vii-antipape-gros.jpg\",\"contentUrl\":\"https:\/\/odysseus-numismatique.com\/wp-content\/uploads\/2020\/12\/comtat-venaissin-avignon-clement-vii-antipape-gros.jpg\",\"width\":1500,\"height\":750,\"caption\":\"Odysseus Numismatique Monnaies F\u00e9odales COMTAT-VENAISSIN - AVIGNON - CL\u00c9MENT VII (ANTIPAPE) \u2022 Gros\"},{\"@type\":\"BreadcrumbList\",\"@id\":\"https:\/\/odysseus-numismatique.com\/article\/comtat-venaissin-avignon-clement-vii-antipape-gros\/#breadcrumb\",\"itemListElement\":[{\"@type\":\"ListItem\",\"position\":1,\"name\":\"Accueil\",\"item\":\"https:\/\/odysseus-numismatique.com\/\"},{\"@type\":\"ListItem\",\"position\":2,\"name\":\"Boutique\",\"item\":\"https:\/\/odysseus-numismatique.com\/en\/boutique\/\"},{\"@type\":\"ListItem\",\"position\":3,\"name\":\"COMTAT-VENAISSIN &#8211; AVIGNON &#8211; CL\u00c9MENT VII (ANTIPAPE) Gros\"}]},{\"@type\":\"WebSite\",\"@id\":\"https:\/\/odysseus-numismatique.com\/#website\",\"url\":\"https:\/\/odysseus-numismatique.com\/\",\"name\":\"Odysseus\",\"description\":\"Numismatique\",\"publisher\":{\"@id\":\"https:\/\/odysseus-numismatique.com\/#organization\"},\"potentialAction\":[{\"@type\":\"SearchAction\",\"target\":{\"@type\":\"EntryPoint\",\"urlTemplate\":\"https:\/\/odysseus-numismatique.com\/?s={search_term_string}\"},\"query-input\":{\"@type\":\"PropertyValueSpecification\",\"valueRequired\":true,\"valueName\":\"search_term_string\"}}],\"inLanguage\":\"en-GB\"},{\"@type\":\"Organization\",\"@id\":\"https:\/\/odysseus-numismatique.com\/#organization\",\"name\":\"Odysseus\",\"url\":\"https:\/\/odysseus-numismatique.com\/\",\"logo\":{\"@type\":\"ImageObject\",\"inLanguage\":\"en-GB\",\"@id\":\"https:\/\/odysseus-numismatique.com\/#\/schema\/logo\/image\/\",\"url\":\"https:\/\/odysseus-numismatique.com\/wp-content\/uploads\/2019\/04\/odysseus-numismatique.png\",\"contentUrl\":\"https:\/\/odysseus-numismatique.com\/wp-content\/uploads\/2019\/04\/odysseus-numismatique.png\",\"width\":500,\"height\":500,\"caption\":\"Odysseus\"},\"image\":{\"@id\":\"https:\/\/odysseus-numismatique.com\/#\/schema\/logo\/image\/\"}}]}<\/script>\n<!-- \/ Yoast SEO plugin. -->","yoast_head_json":{"title":"COMTAT-VENAISSIN - AVIGNON - CL\u00c9MENT VII (ANTIPAPE) \u2022 Gros &#8226; Odysseus","robots":{"index":"index","follow":"follow","max-snippet":"max-snippet:-1","max-image-preview":"max-image-preview:large","max-video-preview":"max-video-preview:-1"},"canonical":"https:\/\/odysseus-numismatique.com\/en\/article\/comtat-venaissin-avignon-clement-vii-antipape-gros\/","og_locale":"en_GB","og_type":"article","og_title":"COMTAT-VENAISSIN - AVIGNON - CL\u00c9MENT VII (ANTIPAPE) \u2022 Gros &#8226; Odysseus","og_description":"Avers \u00b0CLEMENS\u00b0 :PP: SETHVS\u00b0 Le pape assis de face, levant la main en signe de b\u00e9n\u00e9diction et tenant un sceptre cruciforme, lions en bas \u00e0 gauche et \u00e0 droite. Revers + (clefs): SANCTVS (clefs): PETRVS: (clefs) Les clefs de saint Pierre en sautoir, armoiries au-dessus. Module Gros Date 1378-1394 ap. J.-C. Atelier Avignon (Comtat Venaissin) [&hellip;]","og_url":"https:\/\/odysseus-numismatique.com\/en\/article\/comtat-venaissin-avignon-clement-vii-antipape-gros\/","og_site_name":"Odysseus","article_modified_time":"2025-03-18T00:05:23+00:00","og_image":[{"width":1500,"height":750,"url":"https:\/\/odysseus-numismatique.com\/wp-content\/uploads\/2020\/12\/comtat-venaissin-avignon-clement-vii-antipape-gros.jpg","type":"image\/jpeg"}],"twitter_card":"summary_large_image","schema":{"@context":"https:\/\/schema.org","@graph":[{"@type":"WebPage","@id":"https:\/\/odysseus-numismatique.com\/article\/comtat-venaissin-avignon-clement-vii-antipape-gros\/","url":"https:\/\/odysseus-numismatique.com\/article\/comtat-venaissin-avignon-clement-vii-antipape-gros\/","name":"COMTAT-VENAISSIN - AVIGNON - CL\u00c9MENT VII (ANTIPAPE) \u2022 Gros &#8226; Odysseus","isPartOf":{"@id":"https:\/\/odysseus-numismatique.com\/#website"},"primaryImageOfPage":{"@id":"https:\/\/odysseus-numismatique.com\/article\/comtat-venaissin-avignon-clement-vii-antipape-gros\/#primaryimage"},"image":{"@id":"https:\/\/odysseus-numismatique.com\/article\/comtat-venaissin-avignon-clement-vii-antipape-gros\/#primaryimage"},"thumbnailUrl":"https:\/\/odysseus-numismatique.com\/wp-content\/uploads\/2020\/12\/comtat-venaissin-avignon-clement-vii-antipape-gros.jpg","datePublished":"2020-12-01T17:55:55+00:00","dateModified":"2025-03-18T00:05:23+00:00","breadcrumb":{"@id":"https:\/\/odysseus-numismatique.com\/article\/comtat-venaissin-avignon-clement-vii-antipape-gros\/#breadcrumb"},"inLanguage":"en-GB","potentialAction":[{"@type":"ReadAction","target":["https:\/\/odysseus-numismatique.com\/article\/comtat-venaissin-avignon-clement-vii-antipape-gros\/"]}]},{"@type":"ImageObject","inLanguage":"en-GB","@id":"https:\/\/odysseus-numismatique.com\/article\/comtat-venaissin-avignon-clement-vii-antipape-gros\/#primaryimage","url":"https:\/\/odysseus-numismatique.com\/wp-content\/uploads\/2020\/12\/comtat-venaissin-avignon-clement-vii-antipape-gros.jpg","contentUrl":"https:\/\/odysseus-numismatique.com\/wp-content\/uploads\/2020\/12\/comtat-venaissin-avignon-clement-vii-antipape-gros.jpg","width":1500,"height":750,"caption":"Odysseus Numismatique Monnaies F\u00e9odales COMTAT-VENAISSIN - AVIGNON - CL\u00c9MENT VII (ANTIPAPE) \u2022 Gros"},{"@type":"BreadcrumbList","@id":"https:\/\/odysseus-numismatique.com\/article\/comtat-venaissin-avignon-clement-vii-antipape-gros\/#breadcrumb","itemListElement":[{"@type":"ListItem","position":1,"name":"Accueil","item":"https:\/\/odysseus-numismatique.com\/"},{"@type":"ListItem","position":2,"name":"Boutique","item":"https:\/\/odysseus-numismatique.com\/en\/boutique\/"},{"@type":"ListItem","position":3,"name":"COMTAT-VENAISSIN &#8211; AVIGNON &#8211; CL\u00c9MENT VII (ANTIPAPE) Gros"}]},{"@type":"WebSite","@id":"https:\/\/odysseus-numismatique.com\/#website","url":"https:\/\/odysseus-numismatique.com\/","name":"Odysseus","description":"Numismatics","publisher":{"@id":"https:\/\/odysseus-numismatique.com\/#organization"},"potentialAction":[{"@type":"SearchAction","target":{"@type":"EntryPoint","urlTemplate":"https:\/\/odysseus-numismatique.com\/?s={search_term_string}"},"query-input":{"@type":"PropertyValueSpecification","valueRequired":true,"valueName":"search_term_string"}}],"inLanguage":"en-GB"},{"@type":"Organization","@id":"https:\/\/odysseus-numismatique.com\/#organization","name":"Odysseus","url":"https:\/\/odysseus-numismatique.com\/","logo":{"@type":"ImageObject","inLanguage":"en-GB","@id":"https:\/\/odysseus-numismatique.com\/#\/schema\/logo\/image\/","url":"https:\/\/odysseus-numismatique.com\/wp-content\/uploads\/2019\/04\/odysseus-numismatique.png","contentUrl":"https:\/\/odysseus-numismatique.com\/wp-content\/uploads\/2019\/04\/odysseus-numismatique.png","width":500,"height":500,"caption":"Odysseus"},"image":{"@id":"https:\/\/odysseus-numismatique.com\/#\/schema\/logo\/image\/"}}]}},"_links":{"self":[{"href":"https:\/\/odysseus-numismatique.com\/en\/wp-json\/wp\/v2\/product\/9492","targetHints":{"allow":["GET"]}}],"collection":[{"href":"https:\/\/odysseus-numismatique.com\/en\/wp-json\/wp\/v2\/product"}],"about":[{"href":"https:\/\/odysseus-numismatique.com\/en\/wp-json\/wp\/v2\/types\/product"}],"wp:featuredmedia":[{"embeddable":true,"href":"https:\/\/odysseus-numismatique.com\/en\/wp-json\/wp\/v2\/media\/9493"}],"wp:attachment":[{"href":"https:\/\/odysseus-numismatique.com\/en\/wp-json\/wp\/v2\/media?parent=9492"}],"wp:term":[{"taxonomy":"product_brand","embeddable":true,"href":"https:\/\/odysseus-numismatique.com\/en\/wp-json\/wp\/v2\/product_brand?post=9492"},{"taxonomy":"product_cat","embeddable":true,"href":"https:\/\/odysseus-numismatique.com\/en\/wp-json\/wp\/v2\/product_cat?post=9492"},{"taxonomy":"product_tag","embeddable":true,"href":"https:\/\/odysseus-numismatique.com\/en\/wp-json\/wp\/v2\/product_tag?post=9492"}],"curies":[{"name":"wp","href":"https:\/\/api.w.org\/{rel}","templated":true}]}}