{"id":9424,"date":"2020-12-01T19:13:58","date_gmt":"2020-12-01T17:13:58","guid":{"rendered":"https:\/\/odysseus-numismatique.com\/?post_type=product&#038;p=9424"},"modified":"2025-03-18T01:05:19","modified_gmt":"2025-03-18T00:05:19","slug":"tetricus-ii-antoninien-6","status":"publish","type":"product","link":"https:\/\/odysseus-numismatique.com\/en\/article\/tetricus-ii-antoninien-6\/","title":{"rendered":"TETRICUS II <br \/> Antoninianus"},"content":{"rendered":"<style>\n.tableproduct {border-collapse:none}\n.tableproduct td {border:none!important; padding:10px}\n.tableproduct .odd td {background-color:#424242}\n.tableproduct .even td {background-color:#3a3a3a}\n.tableproduct .column-1 {text-transform:uppercase; font-weight:bold; font-size:0.75em; width:20%}\n.tableproduct .column-2 {font-size:1em}\n<\/style>\n<table class=\"tableproduct\">\n<tr class=\"row-1 odd\">\n<td class=\"column-1\">Obverse<\/td>\n<td class=\"column-2\">C PIV ESV TETRICVS CAES<br \/>\nBuste radi\u00e9 et drap\u00e9 \u00e0 droite, vu de derri\u00e8re<\/td>\n<\/tr>\n<tr class=\"row-2 even\">\n<td class=\"column-1\">Reverse<\/td>\n<td class=\"column-2\">SPES AVGG<br \/>\nSpes debout \u00e0 gauche, tenant une fleur et relevant un pan de sa robe<\/td>\n<\/tr>\n<tr class=\"row-3 odd\">\n<td class=\"column-1\">Denomination<\/td>\n<td class=\"column-2\">Antoninianus<\/td>\n<\/tr>\n<tr class=\"row-4 even\">\n<td class=\"column-1\">Date<\/td>\n<td class=\"column-2\">AD 272-273<\/td>\n<\/tr>\n<tr class=\"row-5 odd\">\n<td class=\"column-1\">Mint<\/td>\n<td class=\"column-2\">Cologne (Colonia Agrippinensis)<\/td>\n<\/tr>\n<tr class=\"row-6 even\">\n<td class=\"column-1\">Metal<\/td>\n<td class=\"column-2\">Billon<\/td>\n<\/tr>\n<tr class=\"row-7 odd\">\n<td class=\"column-1\">Weight<\/td>\n<td class=\"column-2\">2.35 g<\/td>\n<\/tr>\n<tr class=\"row-8 even\">\n<td class=\"column-1\">Diameter<\/td>\n<td class=\"column-2\">19 mm<\/td>\n<\/tr>\n<tr class=\"row-9 odd\">\n<td class=\"column-1\">Reference<\/td>\n<td class=\"column-2\">RIC 270 &#8211; Cohen 88<\/td>\n<\/tr>\n<tr class=\"row-10 even\">\n<td class=\"column-1\">Condition<\/td>\n<td class=\"column-2\">VF+<\/td>\n<\/tr>\n<\/table>","protected":false},"excerpt":{"rendered":"<p>Avers C PIV ESV TETRICVS CAES Buste radi\u00e9 et drap\u00e9 \u00e0 droite, vu de derri\u00e8re Revers SPES AVGG Spes debout \u00e0 gauche, tenant une fleur et relevant un pan de sa robe Module Antoninien Date 272-273 ap. J.-C. Atelier Cologne (Colonia Agrippinensis) M\u00e9tal Billon Poids 2.35 g Diam\u00e8tre 19 mm R\u00e9f\u00e9rence RIC 270 &#8211; Cohen [&hellip;]<\/p>\n","protected":false},"featured_media":9425,"template":"","meta":[],"product_brand":[],"product_cat":[15],"product_tag":[303,394],"class_list":{"0":"post-9424","1":"product","2":"type-product","3":"status-publish","4":"has-post-thumbnail","6":"product_cat-vendus","7":"product_tag-monnaies-romaines-imperiales","8":"product_tag-numismatique","9":"pa_atelier-cologne","10":"pa_metal-billon","11":"pa_module-antoninien","13":"first","14":"outofstock","15":"sold-individually","16":"shipping-taxable","17":"purchasable","18":"product-type-simple"},"yoast_head":"<!-- This site is optimized with the Yoast SEO plugin v27.2 - https:\/\/yoast.com\/product\/yoast-seo-wordpress\/ -->\n<title>T\u00c9TRICUS II \u2022 Antoninien &#8226; Odysseus<\/title>\n<meta name=\"robots\" content=\"index, follow, max-snippet:-1, max-image-preview:large, max-video-preview:-1\" \/>\n<link rel=\"canonical\" href=\"https:\/\/odysseus-numismatique.com\/en\/article\/tetricus-ii-antoninien-6\/\" \/>\n<meta property=\"og:locale\" content=\"en_GB\" \/>\n<meta property=\"og:type\" content=\"article\" \/>\n<meta property=\"og:title\" content=\"T\u00c9TRICUS II \u2022 Antoninien &#8226; Odysseus\" \/>\n<meta property=\"og:description\" content=\"Avers C PIV ESV TETRICVS CAES Buste radi\u00e9 et drap\u00e9 \u00e0 droite, vu de derri\u00e8re Revers SPES AVGG Spes debout \u00e0 gauche, tenant une fleur et relevant un pan de sa robe Module Antoninien Date 272-273 ap. J.-C. Atelier Cologne (Colonia Agrippinensis) M\u00e9tal Billon Poids 2.35 g Diam\u00e8tre 19 mm R\u00e9f\u00e9rence RIC 270 &#8211; Cohen [&hellip;]\" \/>\n<meta property=\"og:url\" content=\"https:\/\/odysseus-numismatique.com\/en\/article\/tetricus-ii-antoninien-6\/\" \/>\n<meta property=\"og:site_name\" content=\"Odysseus\" \/>\n<meta property=\"article:modified_time\" content=\"2025-03-18T00:05:19+00:00\" \/>\n<meta property=\"og:image\" content=\"https:\/\/odysseus-numismatique.com\/wp-content\/uploads\/2020\/11\/tetricus-ii-antoninien-6.jpg\" \/>\n\t<meta property=\"og:image:width\" content=\"1500\" \/>\n\t<meta property=\"og:image:height\" content=\"750\" \/>\n\t<meta property=\"og:image:type\" content=\"image\/jpeg\" \/>\n<meta name=\"twitter:card\" content=\"summary_large_image\" \/>\n<script type=\"application\/ld+json\" class=\"yoast-schema-graph\">{\"@context\":\"https:\/\/schema.org\",\"@graph\":[{\"@type\":\"WebPage\",\"@id\":\"https:\/\/odysseus-numismatique.com\/article\/tetricus-ii-antoninien-6\/\",\"url\":\"https:\/\/odysseus-numismatique.com\/article\/tetricus-ii-antoninien-6\/\",\"name\":\"T\u00c9TRICUS II \u2022 Antoninien &#8226; Odysseus\",\"isPartOf\":{\"@id\":\"https:\/\/odysseus-numismatique.com\/#website\"},\"primaryImageOfPage\":{\"@id\":\"https:\/\/odysseus-numismatique.com\/article\/tetricus-ii-antoninien-6\/#primaryimage\"},\"image\":{\"@id\":\"https:\/\/odysseus-numismatique.com\/article\/tetricus-ii-antoninien-6\/#primaryimage\"},\"thumbnailUrl\":\"https:\/\/odysseus-numismatique.com\/wp-content\/uploads\/2020\/11\/tetricus-ii-antoninien-6.jpg\",\"datePublished\":\"2020-12-01T17:13:58+00:00\",\"dateModified\":\"2025-03-18T00:05:19+00:00\",\"breadcrumb\":{\"@id\":\"https:\/\/odysseus-numismatique.com\/article\/tetricus-ii-antoninien-6\/#breadcrumb\"},\"inLanguage\":\"en-GB\",\"potentialAction\":[{\"@type\":\"ReadAction\",\"target\":[\"https:\/\/odysseus-numismatique.com\/article\/tetricus-ii-antoninien-6\/\"]}]},{\"@type\":\"ImageObject\",\"inLanguage\":\"en-GB\",\"@id\":\"https:\/\/odysseus-numismatique.com\/article\/tetricus-ii-antoninien-6\/#primaryimage\",\"url\":\"https:\/\/odysseus-numismatique.com\/wp-content\/uploads\/2020\/11\/tetricus-ii-antoninien-6.jpg\",\"contentUrl\":\"https:\/\/odysseus-numismatique.com\/wp-content\/uploads\/2020\/11\/tetricus-ii-antoninien-6.jpg\",\"width\":1500,\"height\":750,\"caption\":\"Odysseus Numismatique Monnaies Romaines T\u00c9TRICUS II \u2022 Antoninien\"},{\"@type\":\"BreadcrumbList\",\"@id\":\"https:\/\/odysseus-numismatique.com\/article\/tetricus-ii-antoninien-6\/#breadcrumb\",\"itemListElement\":[{\"@type\":\"ListItem\",\"position\":1,\"name\":\"Accueil\",\"item\":\"https:\/\/odysseus-numismatique.com\/\"},{\"@type\":\"ListItem\",\"position\":2,\"name\":\"Boutique\",\"item\":\"https:\/\/odysseus-numismatique.com\/en\/boutique\/\"},{\"@type\":\"ListItem\",\"position\":3,\"name\":\"T\u00c9TRICUS II Antoninien\"}]},{\"@type\":\"WebSite\",\"@id\":\"https:\/\/odysseus-numismatique.com\/#website\",\"url\":\"https:\/\/odysseus-numismatique.com\/\",\"name\":\"Odysseus\",\"description\":\"Numismatique\",\"publisher\":{\"@id\":\"https:\/\/odysseus-numismatique.com\/#organization\"},\"potentialAction\":[{\"@type\":\"SearchAction\",\"target\":{\"@type\":\"EntryPoint\",\"urlTemplate\":\"https:\/\/odysseus-numismatique.com\/?s={search_term_string}\"},\"query-input\":{\"@type\":\"PropertyValueSpecification\",\"valueRequired\":true,\"valueName\":\"search_term_string\"}}],\"inLanguage\":\"en-GB\"},{\"@type\":\"Organization\",\"@id\":\"https:\/\/odysseus-numismatique.com\/#organization\",\"name\":\"Odysseus\",\"url\":\"https:\/\/odysseus-numismatique.com\/\",\"logo\":{\"@type\":\"ImageObject\",\"inLanguage\":\"en-GB\",\"@id\":\"https:\/\/odysseus-numismatique.com\/#\/schema\/logo\/image\/\",\"url\":\"https:\/\/odysseus-numismatique.com\/wp-content\/uploads\/2019\/04\/odysseus-numismatique.png\",\"contentUrl\":\"https:\/\/odysseus-numismatique.com\/wp-content\/uploads\/2019\/04\/odysseus-numismatique.png\",\"width\":500,\"height\":500,\"caption\":\"Odysseus\"},\"image\":{\"@id\":\"https:\/\/odysseus-numismatique.com\/#\/schema\/logo\/image\/\"}}]}<\/script>\n<!-- \/ Yoast SEO plugin. -->","yoast_head_json":{"title":"T\u00c9TRICUS II \u2022 Antoninien &#8226; Odysseus","robots":{"index":"index","follow":"follow","max-snippet":"max-snippet:-1","max-image-preview":"max-image-preview:large","max-video-preview":"max-video-preview:-1"},"canonical":"https:\/\/odysseus-numismatique.com\/en\/article\/tetricus-ii-antoninien-6\/","og_locale":"en_GB","og_type":"article","og_title":"T\u00c9TRICUS II \u2022 Antoninien &#8226; Odysseus","og_description":"Avers C PIV ESV TETRICVS CAES Buste radi\u00e9 et drap\u00e9 \u00e0 droite, vu de derri\u00e8re Revers SPES AVGG Spes debout \u00e0 gauche, tenant une fleur et relevant un pan de sa robe Module Antoninien Date 272-273 ap. J.-C. Atelier Cologne (Colonia Agrippinensis) M\u00e9tal Billon Poids 2.35 g Diam\u00e8tre 19 mm R\u00e9f\u00e9rence RIC 270 &#8211; Cohen [&hellip;]","og_url":"https:\/\/odysseus-numismatique.com\/en\/article\/tetricus-ii-antoninien-6\/","og_site_name":"Odysseus","article_modified_time":"2025-03-18T00:05:19+00:00","og_image":[{"width":1500,"height":750,"url":"https:\/\/odysseus-numismatique.com\/wp-content\/uploads\/2020\/11\/tetricus-ii-antoninien-6.jpg","type":"image\/jpeg"}],"twitter_card":"summary_large_image","schema":{"@context":"https:\/\/schema.org","@graph":[{"@type":"WebPage","@id":"https:\/\/odysseus-numismatique.com\/article\/tetricus-ii-antoninien-6\/","url":"https:\/\/odysseus-numismatique.com\/article\/tetricus-ii-antoninien-6\/","name":"T\u00c9TRICUS II \u2022 Antoninien &#8226; Odysseus","isPartOf":{"@id":"https:\/\/odysseus-numismatique.com\/#website"},"primaryImageOfPage":{"@id":"https:\/\/odysseus-numismatique.com\/article\/tetricus-ii-antoninien-6\/#primaryimage"},"image":{"@id":"https:\/\/odysseus-numismatique.com\/article\/tetricus-ii-antoninien-6\/#primaryimage"},"thumbnailUrl":"https:\/\/odysseus-numismatique.com\/wp-content\/uploads\/2020\/11\/tetricus-ii-antoninien-6.jpg","datePublished":"2020-12-01T17:13:58+00:00","dateModified":"2025-03-18T00:05:19+00:00","breadcrumb":{"@id":"https:\/\/odysseus-numismatique.com\/article\/tetricus-ii-antoninien-6\/#breadcrumb"},"inLanguage":"en-GB","potentialAction":[{"@type":"ReadAction","target":["https:\/\/odysseus-numismatique.com\/article\/tetricus-ii-antoninien-6\/"]}]},{"@type":"ImageObject","inLanguage":"en-GB","@id":"https:\/\/odysseus-numismatique.com\/article\/tetricus-ii-antoninien-6\/#primaryimage","url":"https:\/\/odysseus-numismatique.com\/wp-content\/uploads\/2020\/11\/tetricus-ii-antoninien-6.jpg","contentUrl":"https:\/\/odysseus-numismatique.com\/wp-content\/uploads\/2020\/11\/tetricus-ii-antoninien-6.jpg","width":1500,"height":750,"caption":"Odysseus Numismatique Monnaies Romaines T\u00c9TRICUS II \u2022 Antoninien"},{"@type":"BreadcrumbList","@id":"https:\/\/odysseus-numismatique.com\/article\/tetricus-ii-antoninien-6\/#breadcrumb","itemListElement":[{"@type":"ListItem","position":1,"name":"Accueil","item":"https:\/\/odysseus-numismatique.com\/"},{"@type":"ListItem","position":2,"name":"Boutique","item":"https:\/\/odysseus-numismatique.com\/en\/boutique\/"},{"@type":"ListItem","position":3,"name":"T\u00c9TRICUS II Antoninien"}]},{"@type":"WebSite","@id":"https:\/\/odysseus-numismatique.com\/#website","url":"https:\/\/odysseus-numismatique.com\/","name":"Odysseus","description":"Numismatics","publisher":{"@id":"https:\/\/odysseus-numismatique.com\/#organization"},"potentialAction":[{"@type":"SearchAction","target":{"@type":"EntryPoint","urlTemplate":"https:\/\/odysseus-numismatique.com\/?s={search_term_string}"},"query-input":{"@type":"PropertyValueSpecification","valueRequired":true,"valueName":"search_term_string"}}],"inLanguage":"en-GB"},{"@type":"Organization","@id":"https:\/\/odysseus-numismatique.com\/#organization","name":"Odysseus","url":"https:\/\/odysseus-numismatique.com\/","logo":{"@type":"ImageObject","inLanguage":"en-GB","@id":"https:\/\/odysseus-numismatique.com\/#\/schema\/logo\/image\/","url":"https:\/\/odysseus-numismatique.com\/wp-content\/uploads\/2019\/04\/odysseus-numismatique.png","contentUrl":"https:\/\/odysseus-numismatique.com\/wp-content\/uploads\/2019\/04\/odysseus-numismatique.png","width":500,"height":500,"caption":"Odysseus"},"image":{"@id":"https:\/\/odysseus-numismatique.com\/#\/schema\/logo\/image\/"}}]}},"_links":{"self":[{"href":"https:\/\/odysseus-numismatique.com\/en\/wp-json\/wp\/v2\/product\/9424","targetHints":{"allow":["GET"]}}],"collection":[{"href":"https:\/\/odysseus-numismatique.com\/en\/wp-json\/wp\/v2\/product"}],"about":[{"href":"https:\/\/odysseus-numismatique.com\/en\/wp-json\/wp\/v2\/types\/product"}],"wp:featuredmedia":[{"embeddable":true,"href":"https:\/\/odysseus-numismatique.com\/en\/wp-json\/wp\/v2\/media\/9425"}],"wp:attachment":[{"href":"https:\/\/odysseus-numismatique.com\/en\/wp-json\/wp\/v2\/media?parent=9424"}],"wp:term":[{"taxonomy":"product_brand","embeddable":true,"href":"https:\/\/odysseus-numismatique.com\/en\/wp-json\/wp\/v2\/product_brand?post=9424"},{"taxonomy":"product_cat","embeddable":true,"href":"https:\/\/odysseus-numismatique.com\/en\/wp-json\/wp\/v2\/product_cat?post=9424"},{"taxonomy":"product_tag","embeddable":true,"href":"https:\/\/odysseus-numismatique.com\/en\/wp-json\/wp\/v2\/product_tag?post=9424"}],"curies":[{"name":"wp","href":"https:\/\/api.w.org\/{rel}","templated":true}]}}