{"id":941,"date":"2019-04-03T20:56:53","date_gmt":"2019-04-03T18:56:53","guid":{"rendered":"https:\/\/odysseus-numismatique.com\/?post_type=product&#038;p=941"},"modified":"2025-03-17T23:49:36","modified_gmt":"2025-03-17T22:49:36","slug":"nouvel-atlas-des-monnaies-gauloises-iii-delestree-tache","status":"publish","type":"product","link":"https:\/\/odysseus-numismatique.com\/en\/article\/nouvel-atlas-des-monnaies-gauloises-iii-delestree-tache\/","title":{"rendered":"NOUVEL ATLAS DES MONNAIES GAULOISES III <br \/> Delestr\u00e9e &#8211; Tache"},"content":{"rendered":"<style>\n.tableproduct {border-collapse:none}\n.tableproduct td {border:none!important; padding:10px}\n.tableproduct .odd td {background-color:#424242}\n.tableproduct .even td {background-color:#3a3a3a}\n.tableproduct .column-1 {text-transform:uppercase; font-weight:bold; font-size:0.75em; width:20%}\n.tableproduct .column-2 {font-size:1em}\n<\/style>\n<table class=\"tableproduct\">\n<tr class=\"row-1 odd\">\n<td class=\"column-1\">Full Title<\/td>\n<td class=\"column-2\">Nouvel Atlas des Monnaies Gauloises III. La Celtique, du Jura et des Alpes \u00e0 la fa\u00e7ade atlantique<\/td>\n<\/tr>\n<tr class=\"row-2 even\">\n<td class=\"column-1\">Author<\/td>\n<td class=\"column-2\">Louis-Pol Delestr\u00e9e &#8211; Marcel Tache<\/td>\n<\/tr>\n<tr class=\"row-3 odd\">\n<td class=\"column-1\">Publisher<\/td>\n<td class=\"column-2\">\u00c9ditions Commios &#8211; Saint-Germain-en-Laye<\/td>\n<\/tr>\n<tr class=\"row-4 even\">\n<td class=\"column-1\">Date<\/td>\n<td class=\"column-2\">2006<\/td>\n<\/tr>\n<tr class=\"row-5 odd\">\n<td class=\"column-1\">Language<\/td>\n<td class=\"column-2\">Fran\u00e7ais<\/td>\n<\/tr>\n<tr class=\"row-6 even\">\n<td class=\"column-1\">Pages<\/td>\n<td class=\"column-2\">208 pages dont 32 planches couleur + cartes<\/td>\n<\/tr>\n<tr class=\"row-7 odd\">\n<td class=\"column-1\">Specifications<\/td>\n<td class=\"column-2\">Reli\u00e9 &#8211; 215 x 305 mm<\/td>\n<\/tr>\n<tr class=\"row-8 even\">\n<td class=\"column-1\">Condition<\/td>\n<td class=\"column-2\">New<\/td>\n<\/tr>\n<\/table>","protected":false},"excerpt":{"rendered":"<p>Pr\u00e9sente les monnayages des peuples gaulois situ\u00e9s entre le Jura, les Alpes jusqu&rsquo;\u00e0 la fa\u00e7ade atlantique et recense plus de 700 monnaies avec photographies en couleur des avers et revers de chaque monnaie<\/p>","protected":false},"featured_media":20473,"template":"","meta":[],"product_brand":[],"product_cat":[388],"product_tag":[393,156],"class_list":{"0":"post-941","1":"product","2":"type-product","3":"status-publish","4":"has-post-thumbnail","6":"product_cat-archives-librairie","7":"product_tag-librairie","8":"product_tag-livres-monnaies-gauloises","10":"first","11":"outofstock","12":"sold-individually","13":"shipping-taxable","14":"purchasable","15":"product-type-simple"},"yoast_head":"<!-- This site is optimized with the Yoast SEO plugin v27.5 - https:\/\/yoast.com\/product\/yoast-seo-wordpress\/ -->\n<title>NOUVEL ATLAS DES MONNAIES GAULOISES III \u2022 Delestr\u00e9e - Tache &#8226; Odysseus<\/title>\n<meta name=\"robots\" content=\"index, follow, max-snippet:-1, max-image-preview:large, max-video-preview:-1\" \/>\n<link rel=\"canonical\" href=\"https:\/\/odysseus-numismatique.com\/en\/article\/nouvel-atlas-des-monnaies-gauloises-iii-delestree-tache\/\" \/>\n<meta property=\"og:locale\" content=\"en_GB\" \/>\n<meta property=\"og:type\" content=\"article\" \/>\n<meta property=\"og:title\" content=\"NOUVEL ATLAS DES MONNAIES GAULOISES III \u2022 Delestr\u00e9e - Tache &#8226; Odysseus\" \/>\n<meta property=\"og:description\" content=\"Pr\u00e9sente les monnayages des peuples gaulois situ\u00e9s entre le Jura, les Alpes jusqu&#039;\u00e0 la fa\u00e7ade atlantique et recense plus de 700 monnaies avec photographies en couleur des avers et revers de chaque monnaie\" \/>\n<meta property=\"og:url\" content=\"https:\/\/odysseus-numismatique.com\/en\/article\/nouvel-atlas-des-monnaies-gauloises-iii-delestree-tache\/\" \/>\n<meta property=\"og:site_name\" content=\"Odysseus\" \/>\n<meta property=\"article:modified_time\" content=\"2025-03-17T22:49:36+00:00\" \/>\n<meta property=\"og:image\" content=\"https:\/\/odysseus-numismatique.com\/wp-content\/uploads\/2019\/04\/nouvel-atlas-des-monnaies-gauloises-iii-delestree-tache.jpg\" \/>\n\t<meta property=\"og:image:width\" content=\"1500\" \/>\n\t<meta property=\"og:image:height\" content=\"750\" \/>\n\t<meta property=\"og:image:type\" content=\"image\/jpeg\" \/>\n<meta name=\"twitter:card\" content=\"summary_large_image\" \/>\n<meta name=\"twitter:label1\" content=\"Estimated reading time\" \/>\n\t<meta name=\"twitter:data1\" content=\"1 minute\" \/>\n<script type=\"application\/ld+json\" class=\"yoast-schema-graph\">{\"@context\":\"https:\\\/\\\/schema.org\",\"@graph\":[{\"@type\":\"WebPage\",\"@id\":\"https:\\\/\\\/odysseus-numismatique.com\\\/article\\\/nouvel-atlas-des-monnaies-gauloises-iii-delestree-tache\\\/\",\"url\":\"https:\\\/\\\/odysseus-numismatique.com\\\/article\\\/nouvel-atlas-des-monnaies-gauloises-iii-delestree-tache\\\/\",\"name\":\"NOUVEL ATLAS DES MONNAIES GAULOISES III \u2022 Delestr\u00e9e - Tache &#8226; Odysseus\",\"isPartOf\":{\"@id\":\"https:\\\/\\\/odysseus-numismatique.com\\\/#website\"},\"primaryImageOfPage\":{\"@id\":\"https:\\\/\\\/odysseus-numismatique.com\\\/article\\\/nouvel-atlas-des-monnaies-gauloises-iii-delestree-tache\\\/#primaryimage\"},\"image\":{\"@id\":\"https:\\\/\\\/odysseus-numismatique.com\\\/article\\\/nouvel-atlas-des-monnaies-gauloises-iii-delestree-tache\\\/#primaryimage\"},\"thumbnailUrl\":\"https:\\\/\\\/odysseus-numismatique.com\\\/wp-content\\\/uploads\\\/2019\\\/04\\\/nouvel-atlas-des-monnaies-gauloises-iii-delestree-tache.jpg\",\"datePublished\":\"2019-04-03T18:56:53+00:00\",\"dateModified\":\"2025-03-17T22:49:36+00:00\",\"breadcrumb\":{\"@id\":\"https:\\\/\\\/odysseus-numismatique.com\\\/article\\\/nouvel-atlas-des-monnaies-gauloises-iii-delestree-tache\\\/#breadcrumb\"},\"inLanguage\":\"en-GB\",\"potentialAction\":[{\"@type\":\"ReadAction\",\"target\":[\"https:\\\/\\\/odysseus-numismatique.com\\\/article\\\/nouvel-atlas-des-monnaies-gauloises-iii-delestree-tache\\\/\"]}]},{\"@type\":\"ImageObject\",\"inLanguage\":\"en-GB\",\"@id\":\"https:\\\/\\\/odysseus-numismatique.com\\\/article\\\/nouvel-atlas-des-monnaies-gauloises-iii-delestree-tache\\\/#primaryimage\",\"url\":\"https:\\\/\\\/odysseus-numismatique.com\\\/wp-content\\\/uploads\\\/2019\\\/04\\\/nouvel-atlas-des-monnaies-gauloises-iii-delestree-tache.jpg\",\"contentUrl\":\"https:\\\/\\\/odysseus-numismatique.com\\\/wp-content\\\/uploads\\\/2019\\\/04\\\/nouvel-atlas-des-monnaies-gauloises-iii-delestree-tache.jpg\",\"width\":1500,\"height\":750,\"caption\":\"Odysseus Numismatique Livres Monnaies Gauloises NOUVEL ATLAS DES MONNAIES GAULOISES III \u2022 Delestr\u00e9e - Tache\"},{\"@type\":\"BreadcrumbList\",\"@id\":\"https:\\\/\\\/odysseus-numismatique.com\\\/article\\\/nouvel-atlas-des-monnaies-gauloises-iii-delestree-tache\\\/#breadcrumb\",\"itemListElement\":[{\"@type\":\"ListItem\",\"position\":1,\"name\":\"Accueil\",\"item\":\"https:\\\/\\\/odysseus-numismatique.com\\\/\"},{\"@type\":\"ListItem\",\"position\":2,\"name\":\"Boutique\",\"item\":\"https:\\\/\\\/odysseus-numismatique.com\\\/en\\\/boutique\\\/\"},{\"@type\":\"ListItem\",\"position\":3,\"name\":\"NOUVEL ATLAS DES MONNAIES GAULOISES III Delestr\u00e9e &#8211; Tache\"}]},{\"@type\":\"WebSite\",\"@id\":\"https:\\\/\\\/odysseus-numismatique.com\\\/#website\",\"url\":\"https:\\\/\\\/odysseus-numismatique.com\\\/\",\"name\":\"Odysseus\",\"description\":\"Numismatique\",\"publisher\":{\"@id\":\"https:\\\/\\\/odysseus-numismatique.com\\\/#organization\"},\"potentialAction\":[{\"@type\":\"SearchAction\",\"target\":{\"@type\":\"EntryPoint\",\"urlTemplate\":\"https:\\\/\\\/odysseus-numismatique.com\\\/?s={search_term_string}\"},\"query-input\":{\"@type\":\"PropertyValueSpecification\",\"valueRequired\":true,\"valueName\":\"search_term_string\"}}],\"inLanguage\":\"en-GB\"},{\"@type\":\"Organization\",\"@id\":\"https:\\\/\\\/odysseus-numismatique.com\\\/#organization\",\"name\":\"Odysseus\",\"url\":\"https:\\\/\\\/odysseus-numismatique.com\\\/\",\"logo\":{\"@type\":\"ImageObject\",\"inLanguage\":\"en-GB\",\"@id\":\"https:\\\/\\\/odysseus-numismatique.com\\\/#\\\/schema\\\/logo\\\/image\\\/\",\"url\":\"https:\\\/\\\/odysseus-numismatique.com\\\/wp-content\\\/uploads\\\/2019\\\/04\\\/odysseus-numismatique.png\",\"contentUrl\":\"https:\\\/\\\/odysseus-numismatique.com\\\/wp-content\\\/uploads\\\/2019\\\/04\\\/odysseus-numismatique.png\",\"width\":500,\"height\":500,\"caption\":\"Odysseus\"},\"image\":{\"@id\":\"https:\\\/\\\/odysseus-numismatique.com\\\/#\\\/schema\\\/logo\\\/image\\\/\"}}]}<\/script>\n<!-- \/ Yoast SEO plugin. -->","yoast_head_json":{"title":"NOUVEL ATLAS DES MONNAIES GAULOISES III \u2022 Delestr\u00e9e - Tache &#8226; Odysseus","robots":{"index":"index","follow":"follow","max-snippet":"max-snippet:-1","max-image-preview":"max-image-preview:large","max-video-preview":"max-video-preview:-1"},"canonical":"https:\/\/odysseus-numismatique.com\/en\/article\/nouvel-atlas-des-monnaies-gauloises-iii-delestree-tache\/","og_locale":"en_GB","og_type":"article","og_title":"NOUVEL ATLAS DES MONNAIES GAULOISES III \u2022 Delestr\u00e9e - Tache &#8226; Odysseus","og_description":"Pr\u00e9sente les monnayages des peuples gaulois situ\u00e9s entre le Jura, les Alpes jusqu'\u00e0 la fa\u00e7ade atlantique et recense plus de 700 monnaies avec photographies en couleur des avers et revers de chaque monnaie","og_url":"https:\/\/odysseus-numismatique.com\/en\/article\/nouvel-atlas-des-monnaies-gauloises-iii-delestree-tache\/","og_site_name":"Odysseus","article_modified_time":"2025-03-17T22:49:36+00:00","og_image":[{"width":1500,"height":750,"url":"https:\/\/odysseus-numismatique.com\/wp-content\/uploads\/2019\/04\/nouvel-atlas-des-monnaies-gauloises-iii-delestree-tache.jpg","type":"image\/jpeg"}],"twitter_card":"summary_large_image","twitter_misc":{"Estimated reading time":"1 minute"},"schema":{"@context":"https:\/\/schema.org","@graph":[{"@type":"WebPage","@id":"https:\/\/odysseus-numismatique.com\/article\/nouvel-atlas-des-monnaies-gauloises-iii-delestree-tache\/","url":"https:\/\/odysseus-numismatique.com\/article\/nouvel-atlas-des-monnaies-gauloises-iii-delestree-tache\/","name":"NOUVEL ATLAS DES MONNAIES GAULOISES III \u2022 Delestr\u00e9e - Tache &#8226; Odysseus","isPartOf":{"@id":"https:\/\/odysseus-numismatique.com\/#website"},"primaryImageOfPage":{"@id":"https:\/\/odysseus-numismatique.com\/article\/nouvel-atlas-des-monnaies-gauloises-iii-delestree-tache\/#primaryimage"},"image":{"@id":"https:\/\/odysseus-numismatique.com\/article\/nouvel-atlas-des-monnaies-gauloises-iii-delestree-tache\/#primaryimage"},"thumbnailUrl":"https:\/\/odysseus-numismatique.com\/wp-content\/uploads\/2019\/04\/nouvel-atlas-des-monnaies-gauloises-iii-delestree-tache.jpg","datePublished":"2019-04-03T18:56:53+00:00","dateModified":"2025-03-17T22:49:36+00:00","breadcrumb":{"@id":"https:\/\/odysseus-numismatique.com\/article\/nouvel-atlas-des-monnaies-gauloises-iii-delestree-tache\/#breadcrumb"},"inLanguage":"en-GB","potentialAction":[{"@type":"ReadAction","target":["https:\/\/odysseus-numismatique.com\/article\/nouvel-atlas-des-monnaies-gauloises-iii-delestree-tache\/"]}]},{"@type":"ImageObject","inLanguage":"en-GB","@id":"https:\/\/odysseus-numismatique.com\/article\/nouvel-atlas-des-monnaies-gauloises-iii-delestree-tache\/#primaryimage","url":"https:\/\/odysseus-numismatique.com\/wp-content\/uploads\/2019\/04\/nouvel-atlas-des-monnaies-gauloises-iii-delestree-tache.jpg","contentUrl":"https:\/\/odysseus-numismatique.com\/wp-content\/uploads\/2019\/04\/nouvel-atlas-des-monnaies-gauloises-iii-delestree-tache.jpg","width":1500,"height":750,"caption":"Odysseus Numismatique Livres Monnaies Gauloises NOUVEL ATLAS DES MONNAIES GAULOISES III \u2022 Delestr\u00e9e - Tache"},{"@type":"BreadcrumbList","@id":"https:\/\/odysseus-numismatique.com\/article\/nouvel-atlas-des-monnaies-gauloises-iii-delestree-tache\/#breadcrumb","itemListElement":[{"@type":"ListItem","position":1,"name":"Accueil","item":"https:\/\/odysseus-numismatique.com\/"},{"@type":"ListItem","position":2,"name":"Boutique","item":"https:\/\/odysseus-numismatique.com\/en\/boutique\/"},{"@type":"ListItem","position":3,"name":"NOUVEL ATLAS DES MONNAIES GAULOISES III Delestr\u00e9e &#8211; Tache"}]},{"@type":"WebSite","@id":"https:\/\/odysseus-numismatique.com\/#website","url":"https:\/\/odysseus-numismatique.com\/","name":"Odysseus","description":"Numismatics","publisher":{"@id":"https:\/\/odysseus-numismatique.com\/#organization"},"potentialAction":[{"@type":"SearchAction","target":{"@type":"EntryPoint","urlTemplate":"https:\/\/odysseus-numismatique.com\/?s={search_term_string}"},"query-input":{"@type":"PropertyValueSpecification","valueRequired":true,"valueName":"search_term_string"}}],"inLanguage":"en-GB"},{"@type":"Organization","@id":"https:\/\/odysseus-numismatique.com\/#organization","name":"Odysseus","url":"https:\/\/odysseus-numismatique.com\/","logo":{"@type":"ImageObject","inLanguage":"en-GB","@id":"https:\/\/odysseus-numismatique.com\/#\/schema\/logo\/image\/","url":"https:\/\/odysseus-numismatique.com\/wp-content\/uploads\/2019\/04\/odysseus-numismatique.png","contentUrl":"https:\/\/odysseus-numismatique.com\/wp-content\/uploads\/2019\/04\/odysseus-numismatique.png","width":500,"height":500,"caption":"Odysseus"},"image":{"@id":"https:\/\/odysseus-numismatique.com\/#\/schema\/logo\/image\/"}}]}},"_links":{"self":[{"href":"https:\/\/odysseus-numismatique.com\/en\/wp-json\/wp\/v2\/product\/941","targetHints":{"allow":["GET"]}}],"collection":[{"href":"https:\/\/odysseus-numismatique.com\/en\/wp-json\/wp\/v2\/product"}],"about":[{"href":"https:\/\/odysseus-numismatique.com\/en\/wp-json\/wp\/v2\/types\/product"}],"wp:featuredmedia":[{"embeddable":true,"href":"https:\/\/odysseus-numismatique.com\/en\/wp-json\/wp\/v2\/media\/20473"}],"wp:attachment":[{"href":"https:\/\/odysseus-numismatique.com\/en\/wp-json\/wp\/v2\/media?parent=941"}],"wp:term":[{"taxonomy":"product_brand","embeddable":true,"href":"https:\/\/odysseus-numismatique.com\/en\/wp-json\/wp\/v2\/product_brand?post=941"},{"taxonomy":"product_cat","embeddable":true,"href":"https:\/\/odysseus-numismatique.com\/en\/wp-json\/wp\/v2\/product_cat?post=941"},{"taxonomy":"product_tag","embeddable":true,"href":"https:\/\/odysseus-numismatique.com\/en\/wp-json\/wp\/v2\/product_tag?post=941"}],"curies":[{"name":"wp","href":"https:\/\/api.w.org\/{rel}","templated":true}]}}