{"id":926,"date":"2019-04-03T20:55:27","date_gmt":"2019-04-03T18:55:27","guid":{"rendered":"https:\/\/odysseus-numismatique.com\/?post_type=product&#038;p=926"},"modified":"2025-03-17T23:48:50","modified_gmt":"2025-03-17T22:48:50","slug":"catalogue-des-monnaies-gauloises-de-la-bibliotheque-nationale-1889-muret","status":"publish","type":"product","link":"https:\/\/odysseus-numismatique.com\/en\/article\/catalogue-des-monnaies-gauloises-de-la-bibliotheque-nationale-1889-muret\/","title":{"rendered":"CATALOGUE DES MONNAIES GAULOISES DE LA BIBLIOTH\u00c8QUE NATIONALE (1889) <br \/> Ernest Muret"},"content":{"rendered":"<style>\n.tableproduct {border-collapse:none}\n.tableproduct td {border:none!important; padding:10px}\n.tableproduct .odd td {background-color:#424242}\n.tableproduct .even td {background-color:#3a3a3a}\n.tableproduct .column-1 {text-transform:uppercase; font-weight:bold; font-size:0.75em; width:20%}\n.tableproduct .column-2 {font-size:1em}\n<\/style>\n<table class=\"tableproduct\">\n<tr class=\"row-1 odd\">\n<td class=\"column-1\">Full Title<\/td>\n<td class=\"column-2\">Catalogue des Monnaies Gauloises de la Biblioth\u00e8que Nationale<\/td>\n<\/tr>\n<tr class=\"row-2 even\">\n<td class=\"column-1\">Author<\/td>\n<td class=\"column-2\">Ernest Muret &#8211; M. A. Chabouillet<\/td>\n<\/tr>\n<tr class=\"row-3 odd\">\n<td class=\"column-1\">Publisher<\/td>\n<td class=\"column-2\">Librairie Plon &#8211; Paris<\/td>\n<\/tr>\n<tr class=\"row-4 even\">\n<td class=\"column-1\">Date<\/td>\n<td class=\"column-2\">1889<\/td>\n<\/tr>\n<tr class=\"row-5 odd\">\n<td class=\"column-1\">Language<\/td>\n<td class=\"column-2\">Fran\u00e7ais<\/td>\n<\/tr>\n<tr class=\"row-6 even\">\n<td class=\"column-1\">Pages<\/td>\n<td class=\"column-2\">327 pages<\/td>\n<\/tr>\n<tr class=\"row-7 odd\">\n<td class=\"column-1\">Specifications<\/td>\n<td class=\"column-2\">Reli\u00e9 &#8211; 250 x 330 mm<\/td>\n<\/tr>\n<tr class=\"row-8 even\">\n<td class=\"column-1\">Condition<\/td>\n<td class=\"column-2\">Bon \u00e9tat<\/td>\n<\/tr>\n<\/table>","protected":false},"excerpt":{"rendered":"<p>Ouvrage d&rsquo;origine de 1889 reli\u00e9 toile, c&rsquo;est la partie texte du catalogue des monnaies gauloises de la Biblioth\u00e8que Nationale dont les planches seront publi\u00e9es en 1892 par Henri de La Tour<\/p>","protected":false},"featured_media":20475,"template":"","meta":[],"product_brand":[],"product_cat":[19,386,31],"product_tag":[393,389,156],"class_list":{"0":"post-926","1":"product","2":"type-product","3":"status-publish","4":"has-post-thumbnail","6":"product_cat-librairie","7":"product_cat-livres-anciens","8":"product_cat-livres-monnaies-gauloises","9":"product_tag-librairie","10":"product_tag-livres-anciens","11":"product_tag-livres-monnaies-gauloises","13":"first","14":"instock","15":"sold-individually","16":"shipping-taxable","17":"purchasable","18":"product-type-simple"},"yoast_head":"<!-- This site is optimized with the Yoast SEO plugin v27.5 - https:\/\/yoast.com\/product\/yoast-seo-wordpress\/ -->\n<title>CATALOGUE DES MONNAIES GAULOISES DE LA BIBLIOTH\u00c8QUE NATIONALE (1889) \u2022 Ernest Muret &#8226; Odysseus<\/title>\n<meta name=\"robots\" content=\"index, follow, max-snippet:-1, max-image-preview:large, max-video-preview:-1\" \/>\n<link rel=\"canonical\" href=\"https:\/\/odysseus-numismatique.com\/en\/article\/catalogue-des-monnaies-gauloises-de-la-bibliotheque-nationale-1889-muret\/\" \/>\n<meta property=\"og:locale\" content=\"en_GB\" \/>\n<meta property=\"og:type\" content=\"article\" \/>\n<meta property=\"og:title\" content=\"CATALOGUE DES MONNAIES GAULOISES DE LA BIBLIOTH\u00c8QUE NATIONALE (1889) \u2022 Ernest Muret &#8226; Odysseus\" \/>\n<meta property=\"og:description\" content=\"Ouvrage d&#039;origine de 1889 reli\u00e9 toile, c&#039;est la partie texte du catalogue des monnaies gauloises de la Biblioth\u00e8que Nationale dont les planches seront publi\u00e9es en 1892 par Henri de La Tour\" \/>\n<meta property=\"og:url\" content=\"https:\/\/odysseus-numismatique.com\/en\/article\/catalogue-des-monnaies-gauloises-de-la-bibliotheque-nationale-1889-muret\/\" \/>\n<meta property=\"og:site_name\" content=\"Odysseus\" \/>\n<meta property=\"article:modified_time\" content=\"2025-03-17T22:48:50+00:00\" \/>\n<meta property=\"og:image\" content=\"https:\/\/odysseus-numismatique.com\/wp-content\/uploads\/2019\/04\/catalogue-des-monnaies-gauloises-de-la-bibliotheque-nationale-1889-muret.jpg\" \/>\n\t<meta property=\"og:image:width\" content=\"1500\" \/>\n\t<meta property=\"og:image:height\" content=\"750\" \/>\n\t<meta property=\"og:image:type\" content=\"image\/jpeg\" \/>\n<meta name=\"twitter:card\" content=\"summary_large_image\" \/>\n<meta name=\"twitter:label1\" content=\"Estimated reading time\" \/>\n\t<meta name=\"twitter:data1\" content=\"1 minute\" \/>\n<script type=\"application\/ld+json\" class=\"yoast-schema-graph\">{\"@context\":\"https:\\\/\\\/schema.org\",\"@graph\":[{\"@type\":\"WebPage\",\"@id\":\"https:\\\/\\\/odysseus-numismatique.com\\\/article\\\/catalogue-des-monnaies-gauloises-de-la-bibliotheque-nationale-1889-muret\\\/\",\"url\":\"https:\\\/\\\/odysseus-numismatique.com\\\/article\\\/catalogue-des-monnaies-gauloises-de-la-bibliotheque-nationale-1889-muret\\\/\",\"name\":\"CATALOGUE DES MONNAIES GAULOISES DE LA BIBLIOTH\u00c8QUE NATIONALE (1889) \u2022 Ernest Muret &#8226; Odysseus\",\"isPartOf\":{\"@id\":\"https:\\\/\\\/odysseus-numismatique.com\\\/#website\"},\"primaryImageOfPage\":{\"@id\":\"https:\\\/\\\/odysseus-numismatique.com\\\/article\\\/catalogue-des-monnaies-gauloises-de-la-bibliotheque-nationale-1889-muret\\\/#primaryimage\"},\"image\":{\"@id\":\"https:\\\/\\\/odysseus-numismatique.com\\\/article\\\/catalogue-des-monnaies-gauloises-de-la-bibliotheque-nationale-1889-muret\\\/#primaryimage\"},\"thumbnailUrl\":\"https:\\\/\\\/odysseus-numismatique.com\\\/wp-content\\\/uploads\\\/2019\\\/04\\\/catalogue-des-monnaies-gauloises-de-la-bibliotheque-nationale-1889-muret.jpg\",\"datePublished\":\"2019-04-03T18:55:27+00:00\",\"dateModified\":\"2025-03-17T22:48:50+00:00\",\"breadcrumb\":{\"@id\":\"https:\\\/\\\/odysseus-numismatique.com\\\/article\\\/catalogue-des-monnaies-gauloises-de-la-bibliotheque-nationale-1889-muret\\\/#breadcrumb\"},\"inLanguage\":\"en-GB\",\"potentialAction\":[{\"@type\":\"ReadAction\",\"target\":[\"https:\\\/\\\/odysseus-numismatique.com\\\/article\\\/catalogue-des-monnaies-gauloises-de-la-bibliotheque-nationale-1889-muret\\\/\"]}]},{\"@type\":\"ImageObject\",\"inLanguage\":\"en-GB\",\"@id\":\"https:\\\/\\\/odysseus-numismatique.com\\\/article\\\/catalogue-des-monnaies-gauloises-de-la-bibliotheque-nationale-1889-muret\\\/#primaryimage\",\"url\":\"https:\\\/\\\/odysseus-numismatique.com\\\/wp-content\\\/uploads\\\/2019\\\/04\\\/catalogue-des-monnaies-gauloises-de-la-bibliotheque-nationale-1889-muret.jpg\",\"contentUrl\":\"https:\\\/\\\/odysseus-numismatique.com\\\/wp-content\\\/uploads\\\/2019\\\/04\\\/catalogue-des-monnaies-gauloises-de-la-bibliotheque-nationale-1889-muret.jpg\",\"width\":1500,\"height\":750,\"caption\":\"Odysseus Numismatique Livres Monnaies Gauloises CATALOGUE DES MONNAIES GAULOISES DE LA BIBLIOTH\u00c8QUE NATIONALE (1889) \u2022 Ernest Muret\"},{\"@type\":\"BreadcrumbList\",\"@id\":\"https:\\\/\\\/odysseus-numismatique.com\\\/article\\\/catalogue-des-monnaies-gauloises-de-la-bibliotheque-nationale-1889-muret\\\/#breadcrumb\",\"itemListElement\":[{\"@type\":\"ListItem\",\"position\":1,\"name\":\"Accueil\",\"item\":\"https:\\\/\\\/odysseus-numismatique.com\\\/\"},{\"@type\":\"ListItem\",\"position\":2,\"name\":\"Boutique\",\"item\":\"https:\\\/\\\/odysseus-numismatique.com\\\/en\\\/boutique\\\/\"},{\"@type\":\"ListItem\",\"position\":3,\"name\":\"CATALOGUE DES MONNAIES GAULOISES DE LA BIBLIOTH\u00c8QUE NATIONALE (1889) Ernest Muret\"}]},{\"@type\":\"WebSite\",\"@id\":\"https:\\\/\\\/odysseus-numismatique.com\\\/#website\",\"url\":\"https:\\\/\\\/odysseus-numismatique.com\\\/\",\"name\":\"Odysseus\",\"description\":\"Numismatique\",\"publisher\":{\"@id\":\"https:\\\/\\\/odysseus-numismatique.com\\\/#organization\"},\"potentialAction\":[{\"@type\":\"SearchAction\",\"target\":{\"@type\":\"EntryPoint\",\"urlTemplate\":\"https:\\\/\\\/odysseus-numismatique.com\\\/?s={search_term_string}\"},\"query-input\":{\"@type\":\"PropertyValueSpecification\",\"valueRequired\":true,\"valueName\":\"search_term_string\"}}],\"inLanguage\":\"en-GB\"},{\"@type\":\"Organization\",\"@id\":\"https:\\\/\\\/odysseus-numismatique.com\\\/#organization\",\"name\":\"Odysseus\",\"url\":\"https:\\\/\\\/odysseus-numismatique.com\\\/\",\"logo\":{\"@type\":\"ImageObject\",\"inLanguage\":\"en-GB\",\"@id\":\"https:\\\/\\\/odysseus-numismatique.com\\\/#\\\/schema\\\/logo\\\/image\\\/\",\"url\":\"https:\\\/\\\/odysseus-numismatique.com\\\/wp-content\\\/uploads\\\/2019\\\/04\\\/odysseus-numismatique.png\",\"contentUrl\":\"https:\\\/\\\/odysseus-numismatique.com\\\/wp-content\\\/uploads\\\/2019\\\/04\\\/odysseus-numismatique.png\",\"width\":500,\"height\":500,\"caption\":\"Odysseus\"},\"image\":{\"@id\":\"https:\\\/\\\/odysseus-numismatique.com\\\/#\\\/schema\\\/logo\\\/image\\\/\"}}]}<\/script>\n<!-- \/ Yoast SEO plugin. -->","yoast_head_json":{"title":"CATALOGUE DES MONNAIES GAULOISES DE LA BIBLIOTH\u00c8QUE NATIONALE (1889) \u2022 Ernest Muret &#8226; Odysseus","robots":{"index":"index","follow":"follow","max-snippet":"max-snippet:-1","max-image-preview":"max-image-preview:large","max-video-preview":"max-video-preview:-1"},"canonical":"https:\/\/odysseus-numismatique.com\/en\/article\/catalogue-des-monnaies-gauloises-de-la-bibliotheque-nationale-1889-muret\/","og_locale":"en_GB","og_type":"article","og_title":"CATALOGUE DES MONNAIES GAULOISES DE LA BIBLIOTH\u00c8QUE NATIONALE (1889) \u2022 Ernest Muret &#8226; Odysseus","og_description":"Ouvrage d'origine de 1889 reli\u00e9 toile, c'est la partie texte du catalogue des monnaies gauloises de la Biblioth\u00e8que Nationale dont les planches seront publi\u00e9es en 1892 par Henri de La Tour","og_url":"https:\/\/odysseus-numismatique.com\/en\/article\/catalogue-des-monnaies-gauloises-de-la-bibliotheque-nationale-1889-muret\/","og_site_name":"Odysseus","article_modified_time":"2025-03-17T22:48:50+00:00","og_image":[{"width":1500,"height":750,"url":"https:\/\/odysseus-numismatique.com\/wp-content\/uploads\/2019\/04\/catalogue-des-monnaies-gauloises-de-la-bibliotheque-nationale-1889-muret.jpg","type":"image\/jpeg"}],"twitter_card":"summary_large_image","twitter_misc":{"Estimated reading time":"1 minute"},"schema":{"@context":"https:\/\/schema.org","@graph":[{"@type":"WebPage","@id":"https:\/\/odysseus-numismatique.com\/article\/catalogue-des-monnaies-gauloises-de-la-bibliotheque-nationale-1889-muret\/","url":"https:\/\/odysseus-numismatique.com\/article\/catalogue-des-monnaies-gauloises-de-la-bibliotheque-nationale-1889-muret\/","name":"CATALOGUE DES MONNAIES GAULOISES DE LA BIBLIOTH\u00c8QUE NATIONALE (1889) \u2022 Ernest Muret &#8226; Odysseus","isPartOf":{"@id":"https:\/\/odysseus-numismatique.com\/#website"},"primaryImageOfPage":{"@id":"https:\/\/odysseus-numismatique.com\/article\/catalogue-des-monnaies-gauloises-de-la-bibliotheque-nationale-1889-muret\/#primaryimage"},"image":{"@id":"https:\/\/odysseus-numismatique.com\/article\/catalogue-des-monnaies-gauloises-de-la-bibliotheque-nationale-1889-muret\/#primaryimage"},"thumbnailUrl":"https:\/\/odysseus-numismatique.com\/wp-content\/uploads\/2019\/04\/catalogue-des-monnaies-gauloises-de-la-bibliotheque-nationale-1889-muret.jpg","datePublished":"2019-04-03T18:55:27+00:00","dateModified":"2025-03-17T22:48:50+00:00","breadcrumb":{"@id":"https:\/\/odysseus-numismatique.com\/article\/catalogue-des-monnaies-gauloises-de-la-bibliotheque-nationale-1889-muret\/#breadcrumb"},"inLanguage":"en-GB","potentialAction":[{"@type":"ReadAction","target":["https:\/\/odysseus-numismatique.com\/article\/catalogue-des-monnaies-gauloises-de-la-bibliotheque-nationale-1889-muret\/"]}]},{"@type":"ImageObject","inLanguage":"en-GB","@id":"https:\/\/odysseus-numismatique.com\/article\/catalogue-des-monnaies-gauloises-de-la-bibliotheque-nationale-1889-muret\/#primaryimage","url":"https:\/\/odysseus-numismatique.com\/wp-content\/uploads\/2019\/04\/catalogue-des-monnaies-gauloises-de-la-bibliotheque-nationale-1889-muret.jpg","contentUrl":"https:\/\/odysseus-numismatique.com\/wp-content\/uploads\/2019\/04\/catalogue-des-monnaies-gauloises-de-la-bibliotheque-nationale-1889-muret.jpg","width":1500,"height":750,"caption":"Odysseus Numismatique Livres Monnaies Gauloises CATALOGUE DES MONNAIES GAULOISES DE LA BIBLIOTH\u00c8QUE NATIONALE (1889) \u2022 Ernest Muret"},{"@type":"BreadcrumbList","@id":"https:\/\/odysseus-numismatique.com\/article\/catalogue-des-monnaies-gauloises-de-la-bibliotheque-nationale-1889-muret\/#breadcrumb","itemListElement":[{"@type":"ListItem","position":1,"name":"Accueil","item":"https:\/\/odysseus-numismatique.com\/"},{"@type":"ListItem","position":2,"name":"Boutique","item":"https:\/\/odysseus-numismatique.com\/en\/boutique\/"},{"@type":"ListItem","position":3,"name":"CATALOGUE DES MONNAIES GAULOISES DE LA BIBLIOTH\u00c8QUE NATIONALE (1889) Ernest Muret"}]},{"@type":"WebSite","@id":"https:\/\/odysseus-numismatique.com\/#website","url":"https:\/\/odysseus-numismatique.com\/","name":"Odysseus","description":"Numismatics","publisher":{"@id":"https:\/\/odysseus-numismatique.com\/#organization"},"potentialAction":[{"@type":"SearchAction","target":{"@type":"EntryPoint","urlTemplate":"https:\/\/odysseus-numismatique.com\/?s={search_term_string}"},"query-input":{"@type":"PropertyValueSpecification","valueRequired":true,"valueName":"search_term_string"}}],"inLanguage":"en-GB"},{"@type":"Organization","@id":"https:\/\/odysseus-numismatique.com\/#organization","name":"Odysseus","url":"https:\/\/odysseus-numismatique.com\/","logo":{"@type":"ImageObject","inLanguage":"en-GB","@id":"https:\/\/odysseus-numismatique.com\/#\/schema\/logo\/image\/","url":"https:\/\/odysseus-numismatique.com\/wp-content\/uploads\/2019\/04\/odysseus-numismatique.png","contentUrl":"https:\/\/odysseus-numismatique.com\/wp-content\/uploads\/2019\/04\/odysseus-numismatique.png","width":500,"height":500,"caption":"Odysseus"},"image":{"@id":"https:\/\/odysseus-numismatique.com\/#\/schema\/logo\/image\/"}}]}},"_links":{"self":[{"href":"https:\/\/odysseus-numismatique.com\/en\/wp-json\/wp\/v2\/product\/926","targetHints":{"allow":["GET"]}}],"collection":[{"href":"https:\/\/odysseus-numismatique.com\/en\/wp-json\/wp\/v2\/product"}],"about":[{"href":"https:\/\/odysseus-numismatique.com\/en\/wp-json\/wp\/v2\/types\/product"}],"wp:featuredmedia":[{"embeddable":true,"href":"https:\/\/odysseus-numismatique.com\/en\/wp-json\/wp\/v2\/media\/20475"}],"wp:attachment":[{"href":"https:\/\/odysseus-numismatique.com\/en\/wp-json\/wp\/v2\/media?parent=926"}],"wp:term":[{"taxonomy":"product_brand","embeddable":true,"href":"https:\/\/odysseus-numismatique.com\/en\/wp-json\/wp\/v2\/product_brand?post=926"},{"taxonomy":"product_cat","embeddable":true,"href":"https:\/\/odysseus-numismatique.com\/en\/wp-json\/wp\/v2\/product_cat?post=926"},{"taxonomy":"product_tag","embeddable":true,"href":"https:\/\/odysseus-numismatique.com\/en\/wp-json\/wp\/v2\/product_tag?post=926"}],"curies":[{"name":"wp","href":"https:\/\/api.w.org\/{rel}","templated":true}]}}