{"id":8968,"date":"2020-09-04T15:53:05","date_gmt":"2020-09-04T14:53:05","guid":{"rendered":"https:\/\/odysseus-numismatique.com\/?post_type=product&#038;p=8968"},"modified":"2025-03-18T01:05:38","modified_gmt":"2025-03-18T00:05:38","slug":"alexandrie-gallien-tetradrachme-3","status":"publish","type":"product","link":"https:\/\/odysseus-numismatique.com\/en\/article\/alexandrie-gallien-tetradrachme-3\/","title":{"rendered":"ALEXANDRIA \u2013 GALLIENUS <br \/> Tetradrachm"},"content":{"rendered":"<style>\n.tableproduct {border-collapse:none}\n.tableproduct td {border:none!important; padding:10px}\n.tableproduct .odd td {background-color:#424242}\n.tableproduct .even td {background-color:#3a3a3a}\n.tableproduct .column-1 {text-transform:uppercase; font-weight:bold; font-size:0.75em; width:20%}\n.tableproduct .column-2 {font-size:1em}\n<\/style>\n<table class=\"tableproduct\">\n<tr class=\"row-1 odd\">\n<td class=\"column-1\">Obverse<\/td>\n<td class=\"column-2\">AVT K \u03a0 \u039bIK \u0393A\u039b\u039bIHNOC CEB<br \/>\nBuste laur\u00e9 et cuirass\u00e9 \u00e0 droite.<\/td>\n<\/tr>\n<tr class=\"row-2 even\">\n<td class=\"column-1\">Reverse<\/td>\n<td class=\"column-2\">Ath\u00e9na debout \u00e0 gauche, tenant une lance et un bouclier, LIB \u00e0 gauche, palme \u00e0 droite.<\/td>\n<\/tr>\n<tr class=\"row-3 odd\">\n<td class=\"column-1\">Denomination<\/td>\n<td class=\"column-2\">Tetradrachm<\/td>\n<\/tr>\n<tr class=\"row-4 even\">\n<td class=\"column-1\">Date<\/td>\n<td class=\"column-2\">AD 264-265<\/td>\n<\/tr>\n<tr class=\"row-5 odd\">\n<td class=\"column-1\">Mint<\/td>\n<td class=\"column-2\">Alexandria<\/td>\n<\/tr>\n<tr class=\"row-6 even\">\n<td class=\"column-1\">Metal<\/td>\n<td class=\"column-2\">Bronze<\/td>\n<\/tr>\n<tr class=\"row-7 odd\">\n<td class=\"column-1\">Weight<\/td>\n<td class=\"column-2\">10.57 g<\/td>\n<\/tr>\n<tr class=\"row-8 even\">\n<td class=\"column-1\">Diameter<\/td>\n<td class=\"column-2\">21.7 mm<\/td>\n<\/tr>\n<tr class=\"row-9 odd\">\n<td class=\"column-1\">Reference<\/td>\n<td class=\"column-2\">Dattari 5228 &#8211; Emmett 3796<\/td>\n<\/tr>\n<tr class=\"row-10 even\">\n<td class=\"column-1\">Condition<\/td>\n<td class=\"column-2\">VF<\/td>\n<\/tr>\n<\/table>","protected":false},"excerpt":{"rendered":"<p>Avers AVT K \u03a0 \u039bIK \u0393A\u039b\u039bIHNOC CEB Buste laur\u00e9 et cuirass\u00e9 \u00e0 droite. Revers Ath\u00e9na debout \u00e0 gauche, tenant une lance et un bouclier, LIB \u00e0 gauche, palme \u00e0 droite. Module T\u00e9tradrachme Date 264-265 ap. J.-C. Atelier Alexandrie (Alexandria) M\u00e9tal Bronze Poids 10.57 g Diam\u00e8tre 21.7 mm R\u00e9f\u00e9rence Dattari 5228 &#8211; Emmett 3796 \u00c9tat TTB<\/p>","protected":false},"featured_media":8969,"template":"","meta":[],"product_brand":[],"product_cat":[15],"product_tag":[241,394],"class_list":{"0":"post-8968","1":"product","2":"type-product","3":"status-publish","4":"has-post-thumbnail","6":"product_cat-vendus","7":"product_tag-monnaies-romaines-provinciales","8":"product_tag-numismatique","9":"pa_metal-bronze","10":"pa_module-tetradrachme","12":"first","13":"outofstock","14":"sold-individually","15":"shipping-taxable","16":"purchasable","17":"product-type-simple"},"yoast_head":"<!-- This site is optimized with the Yoast SEO plugin v27.5 - https:\/\/yoast.com\/product\/yoast-seo-wordpress\/ -->\n<title>ALEXANDRIE - GALLIEN \u2022 T\u00e9tradrachme &#8226; Odysseus<\/title>\n<meta name=\"robots\" content=\"index, follow, max-snippet:-1, max-image-preview:large, max-video-preview:-1\" \/>\n<link rel=\"canonical\" href=\"https:\/\/odysseus-numismatique.com\/en\/article\/alexandrie-gallien-tetradrachme-3\/\" \/>\n<meta property=\"og:locale\" content=\"en_GB\" \/>\n<meta property=\"og:type\" content=\"article\" \/>\n<meta property=\"og:title\" content=\"ALEXANDRIE - GALLIEN \u2022 T\u00e9tradrachme &#8226; Odysseus\" \/>\n<meta property=\"og:description\" content=\"Avers AVT K \u03a0 \u039bIK \u0393A\u039b\u039bIHNOC CEB Buste laur\u00e9 et cuirass\u00e9 \u00e0 droite. Revers Ath\u00e9na debout \u00e0 gauche, tenant une lance et un bouclier, LIB \u00e0 gauche, palme \u00e0 droite. Module T\u00e9tradrachme Date 264-265 ap. J.-C. Atelier Alexandrie (Alexandria) M\u00e9tal Bronze Poids 10.57 g Diam\u00e8tre 21.7 mm R\u00e9f\u00e9rence Dattari 5228 &#8211; Emmett 3796 \u00c9tat TTB\" \/>\n<meta property=\"og:url\" content=\"https:\/\/odysseus-numismatique.com\/en\/article\/alexandrie-gallien-tetradrachme-3\/\" \/>\n<meta property=\"og:site_name\" content=\"Odysseus\" \/>\n<meta property=\"article:modified_time\" content=\"2025-03-18T00:05:38+00:00\" \/>\n<meta property=\"og:image\" content=\"https:\/\/odysseus-numismatique.com\/wp-content\/uploads\/2020\/09\/alexandrie-gallien-tetradrachme-3.jpg\" \/>\n\t<meta property=\"og:image:width\" content=\"1500\" \/>\n\t<meta property=\"og:image:height\" content=\"750\" \/>\n\t<meta property=\"og:image:type\" content=\"image\/jpeg\" \/>\n<meta name=\"twitter:card\" content=\"summary_large_image\" \/>\n<script type=\"application\/ld+json\" class=\"yoast-schema-graph\">{\"@context\":\"https:\\\/\\\/schema.org\",\"@graph\":[{\"@type\":\"WebPage\",\"@id\":\"https:\\\/\\\/odysseus-numismatique.com\\\/article\\\/alexandrie-gallien-tetradrachme-3\\\/\",\"url\":\"https:\\\/\\\/odysseus-numismatique.com\\\/article\\\/alexandrie-gallien-tetradrachme-3\\\/\",\"name\":\"ALEXANDRIE - GALLIEN \u2022 T\u00e9tradrachme &#8226; Odysseus\",\"isPartOf\":{\"@id\":\"https:\\\/\\\/odysseus-numismatique.com\\\/#website\"},\"primaryImageOfPage\":{\"@id\":\"https:\\\/\\\/odysseus-numismatique.com\\\/article\\\/alexandrie-gallien-tetradrachme-3\\\/#primaryimage\"},\"image\":{\"@id\":\"https:\\\/\\\/odysseus-numismatique.com\\\/article\\\/alexandrie-gallien-tetradrachme-3\\\/#primaryimage\"},\"thumbnailUrl\":\"https:\\\/\\\/odysseus-numismatique.com\\\/wp-content\\\/uploads\\\/2020\\\/09\\\/alexandrie-gallien-tetradrachme-3.jpg\",\"datePublished\":\"2020-09-04T14:53:05+00:00\",\"dateModified\":\"2025-03-18T00:05:38+00:00\",\"breadcrumb\":{\"@id\":\"https:\\\/\\\/odysseus-numismatique.com\\\/article\\\/alexandrie-gallien-tetradrachme-3\\\/#breadcrumb\"},\"inLanguage\":\"en-GB\",\"potentialAction\":[{\"@type\":\"ReadAction\",\"target\":[\"https:\\\/\\\/odysseus-numismatique.com\\\/article\\\/alexandrie-gallien-tetradrachme-3\\\/\"]}]},{\"@type\":\"ImageObject\",\"inLanguage\":\"en-GB\",\"@id\":\"https:\\\/\\\/odysseus-numismatique.com\\\/article\\\/alexandrie-gallien-tetradrachme-3\\\/#primaryimage\",\"url\":\"https:\\\/\\\/odysseus-numismatique.com\\\/wp-content\\\/uploads\\\/2020\\\/09\\\/alexandrie-gallien-tetradrachme-3.jpg\",\"contentUrl\":\"https:\\\/\\\/odysseus-numismatique.com\\\/wp-content\\\/uploads\\\/2020\\\/09\\\/alexandrie-gallien-tetradrachme-3.jpg\",\"width\":1500,\"height\":750,\"caption\":\"Odysseus Numismatique Monnaies Romaines Coloniales ALEXANDRIE - GALLIEN \u2022 T\u00e9tradrachme\"},{\"@type\":\"BreadcrumbList\",\"@id\":\"https:\\\/\\\/odysseus-numismatique.com\\\/article\\\/alexandrie-gallien-tetradrachme-3\\\/#breadcrumb\",\"itemListElement\":[{\"@type\":\"ListItem\",\"position\":1,\"name\":\"Accueil\",\"item\":\"https:\\\/\\\/odysseus-numismatique.com\\\/\"},{\"@type\":\"ListItem\",\"position\":2,\"name\":\"Boutique\",\"item\":\"https:\\\/\\\/odysseus-numismatique.com\\\/en\\\/boutique\\\/\"},{\"@type\":\"ListItem\",\"position\":3,\"name\":\"ALEXANDRIE &#8211; GALLIEN T\u00e9tradrachme\"}]},{\"@type\":\"WebSite\",\"@id\":\"https:\\\/\\\/odysseus-numismatique.com\\\/#website\",\"url\":\"https:\\\/\\\/odysseus-numismatique.com\\\/\",\"name\":\"Odysseus\",\"description\":\"Numismatique\",\"publisher\":{\"@id\":\"https:\\\/\\\/odysseus-numismatique.com\\\/#organization\"},\"potentialAction\":[{\"@type\":\"SearchAction\",\"target\":{\"@type\":\"EntryPoint\",\"urlTemplate\":\"https:\\\/\\\/odysseus-numismatique.com\\\/?s={search_term_string}\"},\"query-input\":{\"@type\":\"PropertyValueSpecification\",\"valueRequired\":true,\"valueName\":\"search_term_string\"}}],\"inLanguage\":\"en-GB\"},{\"@type\":\"Organization\",\"@id\":\"https:\\\/\\\/odysseus-numismatique.com\\\/#organization\",\"name\":\"Odysseus\",\"url\":\"https:\\\/\\\/odysseus-numismatique.com\\\/\",\"logo\":{\"@type\":\"ImageObject\",\"inLanguage\":\"en-GB\",\"@id\":\"https:\\\/\\\/odysseus-numismatique.com\\\/#\\\/schema\\\/logo\\\/image\\\/\",\"url\":\"https:\\\/\\\/odysseus-numismatique.com\\\/wp-content\\\/uploads\\\/2019\\\/04\\\/odysseus-numismatique.png\",\"contentUrl\":\"https:\\\/\\\/odysseus-numismatique.com\\\/wp-content\\\/uploads\\\/2019\\\/04\\\/odysseus-numismatique.png\",\"width\":500,\"height\":500,\"caption\":\"Odysseus\"},\"image\":{\"@id\":\"https:\\\/\\\/odysseus-numismatique.com\\\/#\\\/schema\\\/logo\\\/image\\\/\"}}]}<\/script>\n<!-- \/ Yoast SEO plugin. -->","yoast_head_json":{"title":"ALEXANDRIE - GALLIEN \u2022 T\u00e9tradrachme &#8226; Odysseus","robots":{"index":"index","follow":"follow","max-snippet":"max-snippet:-1","max-image-preview":"max-image-preview:large","max-video-preview":"max-video-preview:-1"},"canonical":"https:\/\/odysseus-numismatique.com\/en\/article\/alexandrie-gallien-tetradrachme-3\/","og_locale":"en_GB","og_type":"article","og_title":"ALEXANDRIE - GALLIEN \u2022 T\u00e9tradrachme &#8226; Odysseus","og_description":"Avers AVT K \u03a0 \u039bIK \u0393A\u039b\u039bIHNOC CEB Buste laur\u00e9 et cuirass\u00e9 \u00e0 droite. Revers Ath\u00e9na debout \u00e0 gauche, tenant une lance et un bouclier, LIB \u00e0 gauche, palme \u00e0 droite. Module T\u00e9tradrachme Date 264-265 ap. J.-C. Atelier Alexandrie (Alexandria) M\u00e9tal Bronze Poids 10.57 g Diam\u00e8tre 21.7 mm R\u00e9f\u00e9rence Dattari 5228 &#8211; Emmett 3796 \u00c9tat TTB","og_url":"https:\/\/odysseus-numismatique.com\/en\/article\/alexandrie-gallien-tetradrachme-3\/","og_site_name":"Odysseus","article_modified_time":"2025-03-18T00:05:38+00:00","og_image":[{"width":1500,"height":750,"url":"https:\/\/odysseus-numismatique.com\/wp-content\/uploads\/2020\/09\/alexandrie-gallien-tetradrachme-3.jpg","type":"image\/jpeg"}],"twitter_card":"summary_large_image","schema":{"@context":"https:\/\/schema.org","@graph":[{"@type":"WebPage","@id":"https:\/\/odysseus-numismatique.com\/article\/alexandrie-gallien-tetradrachme-3\/","url":"https:\/\/odysseus-numismatique.com\/article\/alexandrie-gallien-tetradrachme-3\/","name":"ALEXANDRIE - GALLIEN \u2022 T\u00e9tradrachme &#8226; Odysseus","isPartOf":{"@id":"https:\/\/odysseus-numismatique.com\/#website"},"primaryImageOfPage":{"@id":"https:\/\/odysseus-numismatique.com\/article\/alexandrie-gallien-tetradrachme-3\/#primaryimage"},"image":{"@id":"https:\/\/odysseus-numismatique.com\/article\/alexandrie-gallien-tetradrachme-3\/#primaryimage"},"thumbnailUrl":"https:\/\/odysseus-numismatique.com\/wp-content\/uploads\/2020\/09\/alexandrie-gallien-tetradrachme-3.jpg","datePublished":"2020-09-04T14:53:05+00:00","dateModified":"2025-03-18T00:05:38+00:00","breadcrumb":{"@id":"https:\/\/odysseus-numismatique.com\/article\/alexandrie-gallien-tetradrachme-3\/#breadcrumb"},"inLanguage":"en-GB","potentialAction":[{"@type":"ReadAction","target":["https:\/\/odysseus-numismatique.com\/article\/alexandrie-gallien-tetradrachme-3\/"]}]},{"@type":"ImageObject","inLanguage":"en-GB","@id":"https:\/\/odysseus-numismatique.com\/article\/alexandrie-gallien-tetradrachme-3\/#primaryimage","url":"https:\/\/odysseus-numismatique.com\/wp-content\/uploads\/2020\/09\/alexandrie-gallien-tetradrachme-3.jpg","contentUrl":"https:\/\/odysseus-numismatique.com\/wp-content\/uploads\/2020\/09\/alexandrie-gallien-tetradrachme-3.jpg","width":1500,"height":750,"caption":"Odysseus Numismatique Monnaies Romaines Coloniales ALEXANDRIE - GALLIEN \u2022 T\u00e9tradrachme"},{"@type":"BreadcrumbList","@id":"https:\/\/odysseus-numismatique.com\/article\/alexandrie-gallien-tetradrachme-3\/#breadcrumb","itemListElement":[{"@type":"ListItem","position":1,"name":"Accueil","item":"https:\/\/odysseus-numismatique.com\/"},{"@type":"ListItem","position":2,"name":"Boutique","item":"https:\/\/odysseus-numismatique.com\/en\/boutique\/"},{"@type":"ListItem","position":3,"name":"ALEXANDRIE &#8211; GALLIEN T\u00e9tradrachme"}]},{"@type":"WebSite","@id":"https:\/\/odysseus-numismatique.com\/#website","url":"https:\/\/odysseus-numismatique.com\/","name":"Odysseus","description":"Numismatics","publisher":{"@id":"https:\/\/odysseus-numismatique.com\/#organization"},"potentialAction":[{"@type":"SearchAction","target":{"@type":"EntryPoint","urlTemplate":"https:\/\/odysseus-numismatique.com\/?s={search_term_string}"},"query-input":{"@type":"PropertyValueSpecification","valueRequired":true,"valueName":"search_term_string"}}],"inLanguage":"en-GB"},{"@type":"Organization","@id":"https:\/\/odysseus-numismatique.com\/#organization","name":"Odysseus","url":"https:\/\/odysseus-numismatique.com\/","logo":{"@type":"ImageObject","inLanguage":"en-GB","@id":"https:\/\/odysseus-numismatique.com\/#\/schema\/logo\/image\/","url":"https:\/\/odysseus-numismatique.com\/wp-content\/uploads\/2019\/04\/odysseus-numismatique.png","contentUrl":"https:\/\/odysseus-numismatique.com\/wp-content\/uploads\/2019\/04\/odysseus-numismatique.png","width":500,"height":500,"caption":"Odysseus"},"image":{"@id":"https:\/\/odysseus-numismatique.com\/#\/schema\/logo\/image\/"}}]}},"_links":{"self":[{"href":"https:\/\/odysseus-numismatique.com\/en\/wp-json\/wp\/v2\/product\/8968","targetHints":{"allow":["GET"]}}],"collection":[{"href":"https:\/\/odysseus-numismatique.com\/en\/wp-json\/wp\/v2\/product"}],"about":[{"href":"https:\/\/odysseus-numismatique.com\/en\/wp-json\/wp\/v2\/types\/product"}],"wp:featuredmedia":[{"embeddable":true,"href":"https:\/\/odysseus-numismatique.com\/en\/wp-json\/wp\/v2\/media\/8969"}],"wp:attachment":[{"href":"https:\/\/odysseus-numismatique.com\/en\/wp-json\/wp\/v2\/media?parent=8968"}],"wp:term":[{"taxonomy":"product_brand","embeddable":true,"href":"https:\/\/odysseus-numismatique.com\/en\/wp-json\/wp\/v2\/product_brand?post=8968"},{"taxonomy":"product_cat","embeddable":true,"href":"https:\/\/odysseus-numismatique.com\/en\/wp-json\/wp\/v2\/product_cat?post=8968"},{"taxonomy":"product_tag","embeddable":true,"href":"https:\/\/odysseus-numismatique.com\/en\/wp-json\/wp\/v2\/product_tag?post=8968"}],"curies":[{"name":"wp","href":"https:\/\/api.w.org\/{rel}","templated":true}]}}