{"id":894,"date":"2019-04-03T20:49:08","date_gmt":"2019-04-03T18:49:08","guid":{"rendered":"https:\/\/odysseus-numismatique.com\/?post_type=product&#038;p=894"},"modified":"2025-03-17T23:49:37","modified_gmt":"2025-03-17T22:49:37","slug":"les-monnaies-gauloises-de-la-collection-a-danicourt-a-peronne-scheers","status":"publish","type":"product","link":"https:\/\/odysseus-numismatique.com\/en\/article\/les-monnaies-gauloises-de-la-collection-a-danicourt-a-peronne-scheers\/","title":{"rendered":"LES MONNAIES GAULOISES DE LA COLLECTION A. DANICOURT \u00c0 P\u00c9RONNE <br \/> Simone Scheers"},"content":{"rendered":"<style>\n.tableproduct {border-collapse:none}\n.tableproduct td {border:none!important; padding:10px}\n.tableproduct .odd td {background-color:#424242}\n.tableproduct .even td {background-color:#3a3a3a}\n.tableproduct .column-1 {text-transform:uppercase; font-weight:bold; font-size:0.75em; width:20%}\n.tableproduct .column-2 {font-size:1em}\n<\/style>\n<table class=\"tableproduct\">\n<tr class=\"row-1 odd\">\n<td class=\"column-1\">Full Title<\/td>\n<td class=\"column-2\">Les Monnaies Gauloises de la Collection A. Danicourt \u00e0 P\u00e9ronne (France, Somme)<\/td>\n<\/tr>\n<tr class=\"row-2 even\">\n<td class=\"column-1\">Author<\/td>\n<td class=\"column-2\">Simone Scheers<\/td>\n<\/tr>\n<tr class=\"row-3 odd\">\n<td class=\"column-1\">Publisher<\/td>\n<td class=\"column-2\">Cercle d&rsquo;\u00c9tudes Numismatiques &#8211; Bruxelles<\/td>\n<\/tr>\n<tr class=\"row-4 even\">\n<td class=\"column-1\">Date<\/td>\n<td class=\"column-2\">1975<\/td>\n<\/tr>\n<tr class=\"row-5 odd\">\n<td class=\"column-1\">Language<\/td>\n<td class=\"column-2\">Fran\u00e7ais<\/td>\n<\/tr>\n<tr class=\"row-6 even\">\n<td class=\"column-1\">Pages<\/td>\n<td class=\"column-2\">121 pages + 24 planches<\/td>\n<\/tr>\n<tr class=\"row-7 odd\">\n<td class=\"column-1\">Specifications<\/td>\n<td class=\"column-2\">Broch\u00e9 &#8211; 155 x 240 mm<\/td>\n<\/tr>\n<tr class=\"row-8 even\">\n<td class=\"column-1\">Condition<\/td>\n<td class=\"column-2\">Bon \u00e9tat<\/td>\n<\/tr>\n<\/table>","protected":false},"excerpt":{"rendered":"<p>Catalogue regroupant 407 monnaies gauloises, toutes class\u00e9es, d\u00e9crites et photographi\u00e9es. La collection A. Danicourt, dont quelques exemplaires avaient \u00e9t\u00e9 grav\u00e9s par Dardel dans le La Tour, est une collection exceptionnelle, surtout par la diversit\u00e9 des monnaies qu\u2019elle renferme mais aussi par la qualit\u00e9 de celles-ci et la raret\u00e9 de certains exemplaires<\/p>","protected":false},"featured_media":20499,"template":"","meta":[],"product_brand":[],"product_cat":[388],"product_tag":[393,156],"class_list":{"0":"post-894","1":"product","2":"type-product","3":"status-publish","4":"has-post-thumbnail","6":"product_cat-archives-librairie","7":"product_tag-librairie","8":"product_tag-livres-monnaies-gauloises","10":"first","11":"outofstock","12":"sold-individually","13":"shipping-taxable","14":"purchasable","15":"product-type-simple"},"yoast_head":"<!-- This site is optimized with the Yoast SEO plugin v27.5 - https:\/\/yoast.com\/product\/yoast-seo-wordpress\/ -->\n<title>LES MONNAIES GAULOISES DE LA COLLECTION A. DANICOURT \u00c0 P\u00c9RONNE \u2022 Simone Scheers &#8226; Odysseus<\/title>\n<meta name=\"robots\" content=\"index, follow, max-snippet:-1, max-image-preview:large, max-video-preview:-1\" \/>\n<link rel=\"canonical\" href=\"https:\/\/odysseus-numismatique.com\/en\/article\/les-monnaies-gauloises-de-la-collection-a-danicourt-a-peronne-scheers\/\" \/>\n<meta property=\"og:locale\" content=\"en_GB\" \/>\n<meta property=\"og:type\" content=\"article\" \/>\n<meta property=\"og:title\" content=\"LES MONNAIES GAULOISES DE LA COLLECTION A. DANICOURT \u00c0 P\u00c9RONNE \u2022 Simone Scheers &#8226; Odysseus\" \/>\n<meta property=\"og:description\" content=\"Catalogue regroupant 407 monnaies gauloises, toutes class\u00e9es, d\u00e9crites et photographi\u00e9es. La collection A. Danicourt, dont quelques exemplaires avaient \u00e9t\u00e9 grav\u00e9s par Dardel dans le La Tour, est une collection exceptionnelle, surtout par la diversit\u00e9 des monnaies qu\u2019elle renferme mais aussi par la qualit\u00e9 de celles-ci et la raret\u00e9 de certains exemplaires\" \/>\n<meta property=\"og:url\" content=\"https:\/\/odysseus-numismatique.com\/en\/article\/les-monnaies-gauloises-de-la-collection-a-danicourt-a-peronne-scheers\/\" \/>\n<meta property=\"og:site_name\" content=\"Odysseus\" \/>\n<meta property=\"article:modified_time\" content=\"2025-03-17T22:49:37+00:00\" \/>\n<meta property=\"og:image\" content=\"https:\/\/odysseus-numismatique.com\/wp-content\/uploads\/2019\/04\/les-monnaies-gauloises-de-la-collection-a-danicourt-a-peronne-scheers.jpg\" \/>\n\t<meta property=\"og:image:width\" content=\"1500\" \/>\n\t<meta property=\"og:image:height\" content=\"750\" \/>\n\t<meta property=\"og:image:type\" content=\"image\/jpeg\" \/>\n<meta name=\"twitter:card\" content=\"summary_large_image\" \/>\n<meta name=\"twitter:label1\" content=\"Estimated reading time\" \/>\n\t<meta name=\"twitter:data1\" content=\"1 minute\" \/>\n<script type=\"application\/ld+json\" class=\"yoast-schema-graph\">{\"@context\":\"https:\\\/\\\/schema.org\",\"@graph\":[{\"@type\":\"WebPage\",\"@id\":\"https:\\\/\\\/odysseus-numismatique.com\\\/article\\\/les-monnaies-gauloises-de-la-collection-a-danicourt-a-peronne-scheers\\\/\",\"url\":\"https:\\\/\\\/odysseus-numismatique.com\\\/article\\\/les-monnaies-gauloises-de-la-collection-a-danicourt-a-peronne-scheers\\\/\",\"name\":\"LES MONNAIES GAULOISES DE LA COLLECTION A. DANICOURT \u00c0 P\u00c9RONNE \u2022 Simone Scheers &#8226; Odysseus\",\"isPartOf\":{\"@id\":\"https:\\\/\\\/odysseus-numismatique.com\\\/#website\"},\"primaryImageOfPage\":{\"@id\":\"https:\\\/\\\/odysseus-numismatique.com\\\/article\\\/les-monnaies-gauloises-de-la-collection-a-danicourt-a-peronne-scheers\\\/#primaryimage\"},\"image\":{\"@id\":\"https:\\\/\\\/odysseus-numismatique.com\\\/article\\\/les-monnaies-gauloises-de-la-collection-a-danicourt-a-peronne-scheers\\\/#primaryimage\"},\"thumbnailUrl\":\"https:\\\/\\\/odysseus-numismatique.com\\\/wp-content\\\/uploads\\\/2019\\\/04\\\/les-monnaies-gauloises-de-la-collection-a-danicourt-a-peronne-scheers.jpg\",\"datePublished\":\"2019-04-03T18:49:08+00:00\",\"dateModified\":\"2025-03-17T22:49:37+00:00\",\"breadcrumb\":{\"@id\":\"https:\\\/\\\/odysseus-numismatique.com\\\/article\\\/les-monnaies-gauloises-de-la-collection-a-danicourt-a-peronne-scheers\\\/#breadcrumb\"},\"inLanguage\":\"en-GB\",\"potentialAction\":[{\"@type\":\"ReadAction\",\"target\":[\"https:\\\/\\\/odysseus-numismatique.com\\\/article\\\/les-monnaies-gauloises-de-la-collection-a-danicourt-a-peronne-scheers\\\/\"]}]},{\"@type\":\"ImageObject\",\"inLanguage\":\"en-GB\",\"@id\":\"https:\\\/\\\/odysseus-numismatique.com\\\/article\\\/les-monnaies-gauloises-de-la-collection-a-danicourt-a-peronne-scheers\\\/#primaryimage\",\"url\":\"https:\\\/\\\/odysseus-numismatique.com\\\/wp-content\\\/uploads\\\/2019\\\/04\\\/les-monnaies-gauloises-de-la-collection-a-danicourt-a-peronne-scheers.jpg\",\"contentUrl\":\"https:\\\/\\\/odysseus-numismatique.com\\\/wp-content\\\/uploads\\\/2019\\\/04\\\/les-monnaies-gauloises-de-la-collection-a-danicourt-a-peronne-scheers.jpg\",\"width\":1500,\"height\":750,\"caption\":\"Odysseus Numismatique Livres Monnaies Gauloises LES MONNAIES GAULOISES DE LA COLLECTION A. DANICOURT \u00c0 P\u00c9RONNE \u2022 Simone Scheers\"},{\"@type\":\"BreadcrumbList\",\"@id\":\"https:\\\/\\\/odysseus-numismatique.com\\\/article\\\/les-monnaies-gauloises-de-la-collection-a-danicourt-a-peronne-scheers\\\/#breadcrumb\",\"itemListElement\":[{\"@type\":\"ListItem\",\"position\":1,\"name\":\"Accueil\",\"item\":\"https:\\\/\\\/odysseus-numismatique.com\\\/\"},{\"@type\":\"ListItem\",\"position\":2,\"name\":\"Boutique\",\"item\":\"https:\\\/\\\/odysseus-numismatique.com\\\/en\\\/boutique\\\/\"},{\"@type\":\"ListItem\",\"position\":3,\"name\":\"LES MONNAIES GAULOISES DE LA COLLECTION A. DANICOURT \u00c0 P\u00c9RONNE Simone Scheers\"}]},{\"@type\":\"WebSite\",\"@id\":\"https:\\\/\\\/odysseus-numismatique.com\\\/#website\",\"url\":\"https:\\\/\\\/odysseus-numismatique.com\\\/\",\"name\":\"Odysseus\",\"description\":\"Numismatique\",\"publisher\":{\"@id\":\"https:\\\/\\\/odysseus-numismatique.com\\\/#organization\"},\"potentialAction\":[{\"@type\":\"SearchAction\",\"target\":{\"@type\":\"EntryPoint\",\"urlTemplate\":\"https:\\\/\\\/odysseus-numismatique.com\\\/?s={search_term_string}\"},\"query-input\":{\"@type\":\"PropertyValueSpecification\",\"valueRequired\":true,\"valueName\":\"search_term_string\"}}],\"inLanguage\":\"en-GB\"},{\"@type\":\"Organization\",\"@id\":\"https:\\\/\\\/odysseus-numismatique.com\\\/#organization\",\"name\":\"Odysseus\",\"url\":\"https:\\\/\\\/odysseus-numismatique.com\\\/\",\"logo\":{\"@type\":\"ImageObject\",\"inLanguage\":\"en-GB\",\"@id\":\"https:\\\/\\\/odysseus-numismatique.com\\\/#\\\/schema\\\/logo\\\/image\\\/\",\"url\":\"https:\\\/\\\/odysseus-numismatique.com\\\/wp-content\\\/uploads\\\/2019\\\/04\\\/odysseus-numismatique.png\",\"contentUrl\":\"https:\\\/\\\/odysseus-numismatique.com\\\/wp-content\\\/uploads\\\/2019\\\/04\\\/odysseus-numismatique.png\",\"width\":500,\"height\":500,\"caption\":\"Odysseus\"},\"image\":{\"@id\":\"https:\\\/\\\/odysseus-numismatique.com\\\/#\\\/schema\\\/logo\\\/image\\\/\"}}]}<\/script>\n<!-- \/ Yoast SEO plugin. -->","yoast_head_json":{"title":"LES MONNAIES GAULOISES DE LA COLLECTION A. DANICOURT \u00c0 P\u00c9RONNE \u2022 Simone Scheers &#8226; Odysseus","robots":{"index":"index","follow":"follow","max-snippet":"max-snippet:-1","max-image-preview":"max-image-preview:large","max-video-preview":"max-video-preview:-1"},"canonical":"https:\/\/odysseus-numismatique.com\/en\/article\/les-monnaies-gauloises-de-la-collection-a-danicourt-a-peronne-scheers\/","og_locale":"en_GB","og_type":"article","og_title":"LES MONNAIES GAULOISES DE LA COLLECTION A. DANICOURT \u00c0 P\u00c9RONNE \u2022 Simone Scheers &#8226; Odysseus","og_description":"Catalogue regroupant 407 monnaies gauloises, toutes class\u00e9es, d\u00e9crites et photographi\u00e9es. La collection A. Danicourt, dont quelques exemplaires avaient \u00e9t\u00e9 grav\u00e9s par Dardel dans le La Tour, est une collection exceptionnelle, surtout par la diversit\u00e9 des monnaies qu\u2019elle renferme mais aussi par la qualit\u00e9 de celles-ci et la raret\u00e9 de certains exemplaires","og_url":"https:\/\/odysseus-numismatique.com\/en\/article\/les-monnaies-gauloises-de-la-collection-a-danicourt-a-peronne-scheers\/","og_site_name":"Odysseus","article_modified_time":"2025-03-17T22:49:37+00:00","og_image":[{"width":1500,"height":750,"url":"https:\/\/odysseus-numismatique.com\/wp-content\/uploads\/2019\/04\/les-monnaies-gauloises-de-la-collection-a-danicourt-a-peronne-scheers.jpg","type":"image\/jpeg"}],"twitter_card":"summary_large_image","twitter_misc":{"Estimated reading time":"1 minute"},"schema":{"@context":"https:\/\/schema.org","@graph":[{"@type":"WebPage","@id":"https:\/\/odysseus-numismatique.com\/article\/les-monnaies-gauloises-de-la-collection-a-danicourt-a-peronne-scheers\/","url":"https:\/\/odysseus-numismatique.com\/article\/les-monnaies-gauloises-de-la-collection-a-danicourt-a-peronne-scheers\/","name":"LES MONNAIES GAULOISES DE LA COLLECTION A. DANICOURT \u00c0 P\u00c9RONNE \u2022 Simone Scheers &#8226; Odysseus","isPartOf":{"@id":"https:\/\/odysseus-numismatique.com\/#website"},"primaryImageOfPage":{"@id":"https:\/\/odysseus-numismatique.com\/article\/les-monnaies-gauloises-de-la-collection-a-danicourt-a-peronne-scheers\/#primaryimage"},"image":{"@id":"https:\/\/odysseus-numismatique.com\/article\/les-monnaies-gauloises-de-la-collection-a-danicourt-a-peronne-scheers\/#primaryimage"},"thumbnailUrl":"https:\/\/odysseus-numismatique.com\/wp-content\/uploads\/2019\/04\/les-monnaies-gauloises-de-la-collection-a-danicourt-a-peronne-scheers.jpg","datePublished":"2019-04-03T18:49:08+00:00","dateModified":"2025-03-17T22:49:37+00:00","breadcrumb":{"@id":"https:\/\/odysseus-numismatique.com\/article\/les-monnaies-gauloises-de-la-collection-a-danicourt-a-peronne-scheers\/#breadcrumb"},"inLanguage":"en-GB","potentialAction":[{"@type":"ReadAction","target":["https:\/\/odysseus-numismatique.com\/article\/les-monnaies-gauloises-de-la-collection-a-danicourt-a-peronne-scheers\/"]}]},{"@type":"ImageObject","inLanguage":"en-GB","@id":"https:\/\/odysseus-numismatique.com\/article\/les-monnaies-gauloises-de-la-collection-a-danicourt-a-peronne-scheers\/#primaryimage","url":"https:\/\/odysseus-numismatique.com\/wp-content\/uploads\/2019\/04\/les-monnaies-gauloises-de-la-collection-a-danicourt-a-peronne-scheers.jpg","contentUrl":"https:\/\/odysseus-numismatique.com\/wp-content\/uploads\/2019\/04\/les-monnaies-gauloises-de-la-collection-a-danicourt-a-peronne-scheers.jpg","width":1500,"height":750,"caption":"Odysseus Numismatique Livres Monnaies Gauloises LES MONNAIES GAULOISES DE LA COLLECTION A. DANICOURT \u00c0 P\u00c9RONNE \u2022 Simone Scheers"},{"@type":"BreadcrumbList","@id":"https:\/\/odysseus-numismatique.com\/article\/les-monnaies-gauloises-de-la-collection-a-danicourt-a-peronne-scheers\/#breadcrumb","itemListElement":[{"@type":"ListItem","position":1,"name":"Accueil","item":"https:\/\/odysseus-numismatique.com\/"},{"@type":"ListItem","position":2,"name":"Boutique","item":"https:\/\/odysseus-numismatique.com\/en\/boutique\/"},{"@type":"ListItem","position":3,"name":"LES MONNAIES GAULOISES DE LA COLLECTION A. DANICOURT \u00c0 P\u00c9RONNE Simone Scheers"}]},{"@type":"WebSite","@id":"https:\/\/odysseus-numismatique.com\/#website","url":"https:\/\/odysseus-numismatique.com\/","name":"Odysseus","description":"Numismatics","publisher":{"@id":"https:\/\/odysseus-numismatique.com\/#organization"},"potentialAction":[{"@type":"SearchAction","target":{"@type":"EntryPoint","urlTemplate":"https:\/\/odysseus-numismatique.com\/?s={search_term_string}"},"query-input":{"@type":"PropertyValueSpecification","valueRequired":true,"valueName":"search_term_string"}}],"inLanguage":"en-GB"},{"@type":"Organization","@id":"https:\/\/odysseus-numismatique.com\/#organization","name":"Odysseus","url":"https:\/\/odysseus-numismatique.com\/","logo":{"@type":"ImageObject","inLanguage":"en-GB","@id":"https:\/\/odysseus-numismatique.com\/#\/schema\/logo\/image\/","url":"https:\/\/odysseus-numismatique.com\/wp-content\/uploads\/2019\/04\/odysseus-numismatique.png","contentUrl":"https:\/\/odysseus-numismatique.com\/wp-content\/uploads\/2019\/04\/odysseus-numismatique.png","width":500,"height":500,"caption":"Odysseus"},"image":{"@id":"https:\/\/odysseus-numismatique.com\/#\/schema\/logo\/image\/"}}]}},"_links":{"self":[{"href":"https:\/\/odysseus-numismatique.com\/en\/wp-json\/wp\/v2\/product\/894","targetHints":{"allow":["GET"]}}],"collection":[{"href":"https:\/\/odysseus-numismatique.com\/en\/wp-json\/wp\/v2\/product"}],"about":[{"href":"https:\/\/odysseus-numismatique.com\/en\/wp-json\/wp\/v2\/types\/product"}],"wp:featuredmedia":[{"embeddable":true,"href":"https:\/\/odysseus-numismatique.com\/en\/wp-json\/wp\/v2\/media\/20499"}],"wp:attachment":[{"href":"https:\/\/odysseus-numismatique.com\/en\/wp-json\/wp\/v2\/media?parent=894"}],"wp:term":[{"taxonomy":"product_brand","embeddable":true,"href":"https:\/\/odysseus-numismatique.com\/en\/wp-json\/wp\/v2\/product_brand?post=894"},{"taxonomy":"product_cat","embeddable":true,"href":"https:\/\/odysseus-numismatique.com\/en\/wp-json\/wp\/v2\/product_cat?post=894"},{"taxonomy":"product_tag","embeddable":true,"href":"https:\/\/odysseus-numismatique.com\/en\/wp-json\/wp\/v2\/product_tag?post=894"}],"curies":[{"name":"wp","href":"https:\/\/api.w.org\/{rel}","templated":true}]}}