{"id":7626,"date":"2020-02-12T00:54:33","date_gmt":"2020-02-11T23:54:33","guid":{"rendered":"https:\/\/odysseus-numismatique.com\/?post_type=product&#038;p=7626"},"modified":"2025-03-18T01:09:02","modified_gmt":"2025-03-18T00:09:02","slug":"judee-premiere-revolte-des-juifs-1-8-shekel","status":"publish","type":"product","link":"https:\/\/odysseus-numismatique.com\/en\/article\/judee-premiere-revolte-des-juifs-1-8-shekel\/","title":{"rendered":"JUDAEA \u2013 FIRST JEWISH WAR <br \/> 1\/8 Shekel"},"content":{"rendered":"<style>\n.tableproduct {border-collapse:none}\n.tableproduct td {border:none!important; padding:10px}\n.tableproduct .odd td {background-color:#424242}\n.tableproduct .even td {background-color:#3a3a3a}\n.tableproduct .column-1 {text-transform:uppercase; font-weight:bold; font-size:0.75em; width:20%}\n.tableproduct .column-2 {font-size:1em}\n.etiquette {display:block; margin-left:auto; margin-right:auto; max-width:75% !important}\n<\/style>\n<table class=\"tableproduct\">\n<tr class=\"row-1 odd\">\n<td class=\"column-1\">Obverse<\/td>\n<td class=\"column-2\">L\u00e9gende pal\u00e9o-h\u00e9bra\u00efque.<br \/>\nLoulav entour\u00e9 de deux etrogs.<\/td>\n<\/tr>\n<tr class=\"row-2 even\">\n<td class=\"column-1\">Reverse<\/td>\n<td class=\"column-2\">L\u00e9gende pal\u00e9o-h\u00e9bra\u00efque.<br \/>\nCalice.<\/td>\n<\/tr>\n<tr class=\"row-3 odd\">\n<td class=\"column-1\">Denomination<\/td>\n<td class=\"column-2\">1\/8 Shekel<\/td>\n<\/tr>\n<tr class=\"row-4 even\">\n<td class=\"column-1\">Date<\/td>\n<td class=\"column-2\">66-70 ap. J.-C.<\/td>\n<\/tr>\n<tr class=\"row-5 odd\">\n<td class=\"column-1\">Mint<\/td>\n<td class=\"column-2\">Jerusalem<\/td>\n<\/tr>\n<tr class=\"row-6 even\">\n<td class=\"column-1\">Metal<\/td>\n<td class=\"column-2\">Bronze<\/td>\n<\/tr>\n<tr class=\"row-7 odd\">\n<td class=\"column-1\">Weight<\/td>\n<td class=\"column-2\">6.03 g<\/td>\n<\/tr>\n<tr class=\"row-8 even\">\n<td class=\"column-1\">Diameter<\/td>\n<td class=\"column-2\">20.1 mm<\/td>\n<\/tr>\n<tr class=\"row-9 odd\">\n<td class=\"column-1\">Reference<\/td>\n<td class=\"column-2\">Hendin 1369 &#8211; TJC 214<\/td>\n<\/tr>\n<tr class=\"row-10 even\">\n<td class=\"column-1\">Condition<\/td>\n<td class=\"column-2\">F+<\/td>\n<\/tr>\n<\/table>\n<p><img decoding=\"async\" class=\"etiquette\" src=\"https:\/\/odysseus-numismatique.com\/wp-content\/uploads\/2020\/02\/judee-premiere-revolte-des-juifs-1-8-shekel-etiquette.jpg\"\/><\/p>","protected":false},"excerpt":{"rendered":"<p>Avers L\u00e9gende pal\u00e9o-h\u00e9bra\u00efque. Loulav entour\u00e9 de deux etrogs. Revers L\u00e9gende pal\u00e9o-h\u00e9bra\u00efque. Calice. Module 1\/8 Shekel Date 66-70 ap. J.-C. Atelier J\u00e9rusalem M\u00e9tal Bronze Poids 6.03 g Diam\u00e8tre 20.1 mm R\u00e9f\u00e9rence Hendin 1369 &#8211; TJC 214 \u00c9tat TB+<\/p>","protected":false},"featured_media":7642,"template":"","meta":[],"product_brand":[],"product_cat":[15],"product_tag":[149,394],"class_list":{"0":"post-7626","1":"product","2":"type-product","3":"status-publish","4":"has-post-thumbnail","6":"product_cat-vendus","7":"product_tag-monnaies-grecques","8":"product_tag-numismatique","9":"pa_metal-bronze","10":"pa_module-ae","12":"first","13":"outofstock","14":"sold-individually","15":"shipping-taxable","16":"purchasable","17":"product-type-simple"},"yoast_head":"<!-- This site is optimized with the Yoast SEO plugin v27.5 - https:\/\/yoast.com\/product\/yoast-seo-wordpress\/ -->\n<title>JUD\u00c9E - PREMI\u00c8RE R\u00c9VOLTE DES JUIFS \u2022 1\/8 Shekel &#8226; Odysseus<\/title>\n<meta name=\"robots\" content=\"index, follow, max-snippet:-1, max-image-preview:large, max-video-preview:-1\" \/>\n<link rel=\"canonical\" href=\"https:\/\/odysseus-numismatique.com\/en\/article\/judee-premiere-revolte-des-juifs-1-8-shekel\/\" \/>\n<meta property=\"og:locale\" content=\"en_GB\" \/>\n<meta property=\"og:type\" content=\"article\" \/>\n<meta property=\"og:title\" content=\"JUD\u00c9E - PREMI\u00c8RE R\u00c9VOLTE DES JUIFS \u2022 1\/8 Shekel &#8226; Odysseus\" \/>\n<meta property=\"og:description\" content=\"Avers L\u00e9gende pal\u00e9o-h\u00e9bra\u00efque. Loulav entour\u00e9 de deux etrogs. Revers L\u00e9gende pal\u00e9o-h\u00e9bra\u00efque. Calice. Module 1\/8 Shekel Date 66-70 ap. J.-C. Atelier J\u00e9rusalem M\u00e9tal Bronze Poids 6.03 g Diam\u00e8tre 20.1 mm R\u00e9f\u00e9rence Hendin 1369 &#8211; TJC 214 \u00c9tat TB+\" \/>\n<meta property=\"og:url\" content=\"https:\/\/odysseus-numismatique.com\/en\/article\/judee-premiere-revolte-des-juifs-1-8-shekel\/\" \/>\n<meta property=\"og:site_name\" content=\"Odysseus\" \/>\n<meta property=\"article:modified_time\" content=\"2025-03-18T00:09:02+00:00\" \/>\n<meta property=\"og:image\" content=\"https:\/\/odysseus-numismatique.com\/wp-content\/uploads\/2020\/02\/judee-premiere-revolte-des-juifs-1-8-shekel.jpg\" \/>\n\t<meta property=\"og:image:width\" content=\"1500\" \/>\n\t<meta property=\"og:image:height\" content=\"750\" \/>\n\t<meta property=\"og:image:type\" content=\"image\/jpeg\" \/>\n<meta name=\"twitter:card\" content=\"summary_large_image\" \/>\n<script type=\"application\/ld+json\" class=\"yoast-schema-graph\">{\"@context\":\"https:\\\/\\\/schema.org\",\"@graph\":[{\"@type\":\"WebPage\",\"@id\":\"https:\\\/\\\/odysseus-numismatique.com\\\/article\\\/judee-premiere-revolte-des-juifs-1-8-shekel\\\/\",\"url\":\"https:\\\/\\\/odysseus-numismatique.com\\\/article\\\/judee-premiere-revolte-des-juifs-1-8-shekel\\\/\",\"name\":\"JUD\u00c9E - PREMI\u00c8RE R\u00c9VOLTE DES JUIFS \u2022 1\\\/8 Shekel &#8226; Odysseus\",\"isPartOf\":{\"@id\":\"https:\\\/\\\/odysseus-numismatique.com\\\/#website\"},\"primaryImageOfPage\":{\"@id\":\"https:\\\/\\\/odysseus-numismatique.com\\\/article\\\/judee-premiere-revolte-des-juifs-1-8-shekel\\\/#primaryimage\"},\"image\":{\"@id\":\"https:\\\/\\\/odysseus-numismatique.com\\\/article\\\/judee-premiere-revolte-des-juifs-1-8-shekel\\\/#primaryimage\"},\"thumbnailUrl\":\"https:\\\/\\\/odysseus-numismatique.com\\\/wp-content\\\/uploads\\\/2020\\\/02\\\/judee-premiere-revolte-des-juifs-1-8-shekel.jpg\",\"datePublished\":\"2020-02-11T23:54:33+00:00\",\"dateModified\":\"2025-03-18T00:09:02+00:00\",\"breadcrumb\":{\"@id\":\"https:\\\/\\\/odysseus-numismatique.com\\\/article\\\/judee-premiere-revolte-des-juifs-1-8-shekel\\\/#breadcrumb\"},\"inLanguage\":\"en-GB\",\"potentialAction\":[{\"@type\":\"ReadAction\",\"target\":[\"https:\\\/\\\/odysseus-numismatique.com\\\/article\\\/judee-premiere-revolte-des-juifs-1-8-shekel\\\/\"]}]},{\"@type\":\"ImageObject\",\"inLanguage\":\"en-GB\",\"@id\":\"https:\\\/\\\/odysseus-numismatique.com\\\/article\\\/judee-premiere-revolte-des-juifs-1-8-shekel\\\/#primaryimage\",\"url\":\"https:\\\/\\\/odysseus-numismatique.com\\\/wp-content\\\/uploads\\\/2020\\\/02\\\/judee-premiere-revolte-des-juifs-1-8-shekel.jpg\",\"contentUrl\":\"https:\\\/\\\/odysseus-numismatique.com\\\/wp-content\\\/uploads\\\/2020\\\/02\\\/judee-premiere-revolte-des-juifs-1-8-shekel.jpg\",\"width\":1500,\"height\":750,\"caption\":\"Odysseus Numismatique Monnaies Grecques Juives JUD\u00c9E - PREMI\u00c8RE R\u00c9VOLTE DES JUIFS \u2022 1\\\/8 Shekel\"},{\"@type\":\"BreadcrumbList\",\"@id\":\"https:\\\/\\\/odysseus-numismatique.com\\\/article\\\/judee-premiere-revolte-des-juifs-1-8-shekel\\\/#breadcrumb\",\"itemListElement\":[{\"@type\":\"ListItem\",\"position\":1,\"name\":\"Accueil\",\"item\":\"https:\\\/\\\/odysseus-numismatique.com\\\/\"},{\"@type\":\"ListItem\",\"position\":2,\"name\":\"Boutique\",\"item\":\"https:\\\/\\\/odysseus-numismatique.com\\\/en\\\/boutique\\\/\"},{\"@type\":\"ListItem\",\"position\":3,\"name\":\"JUD\u00c9E &#8211; PREMI\u00c8RE R\u00c9VOLTE DES JUIFS 1\\\/8 Shekel\"}]},{\"@type\":\"WebSite\",\"@id\":\"https:\\\/\\\/odysseus-numismatique.com\\\/#website\",\"url\":\"https:\\\/\\\/odysseus-numismatique.com\\\/\",\"name\":\"Odysseus\",\"description\":\"Numismatique\",\"publisher\":{\"@id\":\"https:\\\/\\\/odysseus-numismatique.com\\\/#organization\"},\"potentialAction\":[{\"@type\":\"SearchAction\",\"target\":{\"@type\":\"EntryPoint\",\"urlTemplate\":\"https:\\\/\\\/odysseus-numismatique.com\\\/?s={search_term_string}\"},\"query-input\":{\"@type\":\"PropertyValueSpecification\",\"valueRequired\":true,\"valueName\":\"search_term_string\"}}],\"inLanguage\":\"en-GB\"},{\"@type\":\"Organization\",\"@id\":\"https:\\\/\\\/odysseus-numismatique.com\\\/#organization\",\"name\":\"Odysseus\",\"url\":\"https:\\\/\\\/odysseus-numismatique.com\\\/\",\"logo\":{\"@type\":\"ImageObject\",\"inLanguage\":\"en-GB\",\"@id\":\"https:\\\/\\\/odysseus-numismatique.com\\\/#\\\/schema\\\/logo\\\/image\\\/\",\"url\":\"https:\\\/\\\/odysseus-numismatique.com\\\/wp-content\\\/uploads\\\/2019\\\/04\\\/odysseus-numismatique.png\",\"contentUrl\":\"https:\\\/\\\/odysseus-numismatique.com\\\/wp-content\\\/uploads\\\/2019\\\/04\\\/odysseus-numismatique.png\",\"width\":500,\"height\":500,\"caption\":\"Odysseus\"},\"image\":{\"@id\":\"https:\\\/\\\/odysseus-numismatique.com\\\/#\\\/schema\\\/logo\\\/image\\\/\"}}]}<\/script>\n<!-- \/ Yoast SEO plugin. -->","yoast_head_json":{"title":"JUD\u00c9E - PREMI\u00c8RE R\u00c9VOLTE DES JUIFS \u2022 1\/8 Shekel &#8226; Odysseus","robots":{"index":"index","follow":"follow","max-snippet":"max-snippet:-1","max-image-preview":"max-image-preview:large","max-video-preview":"max-video-preview:-1"},"canonical":"https:\/\/odysseus-numismatique.com\/en\/article\/judee-premiere-revolte-des-juifs-1-8-shekel\/","og_locale":"en_GB","og_type":"article","og_title":"JUD\u00c9E - PREMI\u00c8RE R\u00c9VOLTE DES JUIFS \u2022 1\/8 Shekel &#8226; Odysseus","og_description":"Avers L\u00e9gende pal\u00e9o-h\u00e9bra\u00efque. Loulav entour\u00e9 de deux etrogs. Revers L\u00e9gende pal\u00e9o-h\u00e9bra\u00efque. Calice. Module 1\/8 Shekel Date 66-70 ap. J.-C. Atelier J\u00e9rusalem M\u00e9tal Bronze Poids 6.03 g Diam\u00e8tre 20.1 mm R\u00e9f\u00e9rence Hendin 1369 &#8211; TJC 214 \u00c9tat TB+","og_url":"https:\/\/odysseus-numismatique.com\/en\/article\/judee-premiere-revolte-des-juifs-1-8-shekel\/","og_site_name":"Odysseus","article_modified_time":"2025-03-18T00:09:02+00:00","og_image":[{"width":1500,"height":750,"url":"https:\/\/odysseus-numismatique.com\/wp-content\/uploads\/2020\/02\/judee-premiere-revolte-des-juifs-1-8-shekel.jpg","type":"image\/jpeg"}],"twitter_card":"summary_large_image","schema":{"@context":"https:\/\/schema.org","@graph":[{"@type":"WebPage","@id":"https:\/\/odysseus-numismatique.com\/article\/judee-premiere-revolte-des-juifs-1-8-shekel\/","url":"https:\/\/odysseus-numismatique.com\/article\/judee-premiere-revolte-des-juifs-1-8-shekel\/","name":"JUD\u00c9E - PREMI\u00c8RE R\u00c9VOLTE DES JUIFS \u2022 1\/8 Shekel &#8226; Odysseus","isPartOf":{"@id":"https:\/\/odysseus-numismatique.com\/#website"},"primaryImageOfPage":{"@id":"https:\/\/odysseus-numismatique.com\/article\/judee-premiere-revolte-des-juifs-1-8-shekel\/#primaryimage"},"image":{"@id":"https:\/\/odysseus-numismatique.com\/article\/judee-premiere-revolte-des-juifs-1-8-shekel\/#primaryimage"},"thumbnailUrl":"https:\/\/odysseus-numismatique.com\/wp-content\/uploads\/2020\/02\/judee-premiere-revolte-des-juifs-1-8-shekel.jpg","datePublished":"2020-02-11T23:54:33+00:00","dateModified":"2025-03-18T00:09:02+00:00","breadcrumb":{"@id":"https:\/\/odysseus-numismatique.com\/article\/judee-premiere-revolte-des-juifs-1-8-shekel\/#breadcrumb"},"inLanguage":"en-GB","potentialAction":[{"@type":"ReadAction","target":["https:\/\/odysseus-numismatique.com\/article\/judee-premiere-revolte-des-juifs-1-8-shekel\/"]}]},{"@type":"ImageObject","inLanguage":"en-GB","@id":"https:\/\/odysseus-numismatique.com\/article\/judee-premiere-revolte-des-juifs-1-8-shekel\/#primaryimage","url":"https:\/\/odysseus-numismatique.com\/wp-content\/uploads\/2020\/02\/judee-premiere-revolte-des-juifs-1-8-shekel.jpg","contentUrl":"https:\/\/odysseus-numismatique.com\/wp-content\/uploads\/2020\/02\/judee-premiere-revolte-des-juifs-1-8-shekel.jpg","width":1500,"height":750,"caption":"Odysseus Numismatique Monnaies Grecques Juives JUD\u00c9E - PREMI\u00c8RE R\u00c9VOLTE DES JUIFS \u2022 1\/8 Shekel"},{"@type":"BreadcrumbList","@id":"https:\/\/odysseus-numismatique.com\/article\/judee-premiere-revolte-des-juifs-1-8-shekel\/#breadcrumb","itemListElement":[{"@type":"ListItem","position":1,"name":"Accueil","item":"https:\/\/odysseus-numismatique.com\/"},{"@type":"ListItem","position":2,"name":"Boutique","item":"https:\/\/odysseus-numismatique.com\/en\/boutique\/"},{"@type":"ListItem","position":3,"name":"JUD\u00c9E &#8211; PREMI\u00c8RE R\u00c9VOLTE DES JUIFS 1\/8 Shekel"}]},{"@type":"WebSite","@id":"https:\/\/odysseus-numismatique.com\/#website","url":"https:\/\/odysseus-numismatique.com\/","name":"Odysseus","description":"Numismatics","publisher":{"@id":"https:\/\/odysseus-numismatique.com\/#organization"},"potentialAction":[{"@type":"SearchAction","target":{"@type":"EntryPoint","urlTemplate":"https:\/\/odysseus-numismatique.com\/?s={search_term_string}"},"query-input":{"@type":"PropertyValueSpecification","valueRequired":true,"valueName":"search_term_string"}}],"inLanguage":"en-GB"},{"@type":"Organization","@id":"https:\/\/odysseus-numismatique.com\/#organization","name":"Odysseus","url":"https:\/\/odysseus-numismatique.com\/","logo":{"@type":"ImageObject","inLanguage":"en-GB","@id":"https:\/\/odysseus-numismatique.com\/#\/schema\/logo\/image\/","url":"https:\/\/odysseus-numismatique.com\/wp-content\/uploads\/2019\/04\/odysseus-numismatique.png","contentUrl":"https:\/\/odysseus-numismatique.com\/wp-content\/uploads\/2019\/04\/odysseus-numismatique.png","width":500,"height":500,"caption":"Odysseus"},"image":{"@id":"https:\/\/odysseus-numismatique.com\/#\/schema\/logo\/image\/"}}]}},"_links":{"self":[{"href":"https:\/\/odysseus-numismatique.com\/en\/wp-json\/wp\/v2\/product\/7626","targetHints":{"allow":["GET"]}}],"collection":[{"href":"https:\/\/odysseus-numismatique.com\/en\/wp-json\/wp\/v2\/product"}],"about":[{"href":"https:\/\/odysseus-numismatique.com\/en\/wp-json\/wp\/v2\/types\/product"}],"wp:featuredmedia":[{"embeddable":true,"href":"https:\/\/odysseus-numismatique.com\/en\/wp-json\/wp\/v2\/media\/7642"}],"wp:attachment":[{"href":"https:\/\/odysseus-numismatique.com\/en\/wp-json\/wp\/v2\/media?parent=7626"}],"wp:term":[{"taxonomy":"product_brand","embeddable":true,"href":"https:\/\/odysseus-numismatique.com\/en\/wp-json\/wp\/v2\/product_brand?post=7626"},{"taxonomy":"product_cat","embeddable":true,"href":"https:\/\/odysseus-numismatique.com\/en\/wp-json\/wp\/v2\/product_cat?post=7626"},{"taxonomy":"product_tag","embeddable":true,"href":"https:\/\/odysseus-numismatique.com\/en\/wp-json\/wp\/v2\/product_tag?post=7626"}],"curies":[{"name":"wp","href":"https:\/\/api.w.org\/{rel}","templated":true}]}}