{"id":7193,"date":"2020-01-03T00:18:50","date_gmt":"2020-01-02T23:18:50","guid":{"rendered":"https:\/\/odysseus-numismatique.com\/?post_type=product&#038;p=7193"},"modified":"2025-03-18T01:10:59","modified_gmt":"2025-03-18T00:10:59","slug":"galeria-valeria-follis","status":"publish","type":"product","link":"https:\/\/odysseus-numismatique.com\/en\/article\/galeria-valeria-follis\/","title":{"rendered":"GALERIA VALERIA <br \/> Follis"},"content":{"rendered":"<style>\n.tableproduct {border-collapse:none}\n.tableproduct td {border:none!important; padding:10px}\n.tableproduct .odd td {background-color:#424242}\n.tableproduct .even td {background-color:#3a3a3a}\n.tableproduct .column-1 {text-transform:uppercase; font-weight:bold; font-size:0.75em; width:20%}\n.tableproduct .column-2 {font-size:1em}\n.etiquette {display:block; margin-left:auto; margin-right:auto}\n<\/style>\n<table class=\"tableproduct\">\n<tr class=\"row-1 odd\">\n<td class=\"column-1\">Obverse<\/td>\n<td class=\"column-2\">GAL VALERIA AVG<br \/>\nBuste diad\u00e9m\u00e9 et drap\u00e9 \u00e0 droite.<\/td>\n<\/tr>\n<tr class=\"row-2 even\">\n<td class=\"column-1\">Reverse<\/td>\n<td class=\"column-2\">VENERI VICTRICI<br \/>\nV\u00e9nus debout \u00e0 gauche, tenant une pomme et relevant un pan de son drap\u00e9, \u039a \u00e0 gauche, \u0393 et \u03a1 \u00e0 droite, ALE \u00e0 l&rsquo;exergue.<\/td>\n<\/tr>\n<tr class=\"row-3 odd\">\n<td class=\"column-1\">Denomination<\/td>\n<td class=\"column-2\">Follis or Nummus<\/td>\n<\/tr>\n<tr class=\"row-4 even\">\n<td class=\"column-1\">Date<\/td>\n<td class=\"column-2\">AD 308-310<\/td>\n<\/tr>\n<tr class=\"row-5 odd\">\n<td class=\"column-1\">Mint<\/td>\n<td class=\"column-2\">Alexandria<\/td>\n<\/tr>\n<tr class=\"row-6 even\">\n<td class=\"column-1\">Metal<\/td>\n<td class=\"column-2\">Bronze<\/td>\n<\/tr>\n<tr class=\"row-7 odd\">\n<td class=\"column-1\">Weight<\/td>\n<td class=\"column-2\">6.04 g<\/td>\n<\/tr>\n<tr class=\"row-8 even\">\n<td class=\"column-1\">Diameter<\/td>\n<td class=\"column-2\">25.5 mm<\/td>\n<\/tr>\n<tr class=\"row-9 odd\">\n<td class=\"column-1\">Reference<\/td>\n<td class=\"column-2\">RIC 110 &#8211; Cohen 2 var.<\/td>\n<\/tr>\n<tr class=\"row-10 even\">\n<td class=\"column-1\">Condition<\/td>\n<td class=\"column-2\">EF<\/td>\n<\/tr>\n<\/table>\n<p><img decoding=\"async\" class=\"etiquette\" src=\"https:\/\/odysseus-numismatique.com\/wp-content\/uploads\/2020\/01\/galeria-valeria-follis-etiquette.jpg\"\/><\/p>","protected":false},"excerpt":{"rendered":"<p>Avers GAL VALERIA AVG Buste diad\u00e9m\u00e9 et drap\u00e9 \u00e0 droite. Revers VENERI VICTRICI V\u00e9nus debout \u00e0 gauche, tenant une pomme et relevant un pan de son drap\u00e9, \u039a \u00e0 gauche, \u0393 et \u03a1 \u00e0 droite, ALE \u00e0 l&rsquo;exergue. Module Follis ou Nummus Date 308-310 ap. J.-C. Atelier Alexandrie M\u00e9tal Bronze Poids 6.04 g Diam\u00e8tre 25.5 [&hellip;]<\/p>\n","protected":false},"featured_media":7194,"template":"","meta":[],"product_brand":[],"product_cat":[15],"product_tag":[303,394],"class_list":{"0":"post-7193","1":"product","2":"type-product","3":"status-publish","4":"has-post-thumbnail","6":"product_cat-vendus","7":"product_tag-monnaies-romaines-imperiales","8":"product_tag-numismatique","9":"pa_atelier-alexandrie","10":"pa_metal-bronze","11":"pa_module-follis","13":"first","14":"outofstock","15":"sold-individually","16":"shipping-taxable","17":"purchasable","18":"product-type-simple"},"yoast_head":"<!-- This site is optimized with the Yoast SEO plugin v27.2 - https:\/\/yoast.com\/product\/yoast-seo-wordpress\/ -->\n<title>GALERIA VALERIA \u2022 Follis &#8226; Odysseus<\/title>\n<meta name=\"robots\" content=\"index, follow, max-snippet:-1, max-image-preview:large, max-video-preview:-1\" \/>\n<link rel=\"canonical\" href=\"https:\/\/odysseus-numismatique.com\/en\/article\/galeria-valeria-follis\/\" \/>\n<meta property=\"og:locale\" content=\"en_GB\" \/>\n<meta property=\"og:type\" content=\"article\" \/>\n<meta property=\"og:title\" content=\"GALERIA VALERIA \u2022 Follis &#8226; Odysseus\" \/>\n<meta property=\"og:description\" content=\"Avers GAL VALERIA AVG Buste diad\u00e9m\u00e9 et drap\u00e9 \u00e0 droite. Revers VENERI VICTRICI V\u00e9nus debout \u00e0 gauche, tenant une pomme et relevant un pan de son drap\u00e9, \u039a \u00e0 gauche, \u0393 et \u03a1 \u00e0 droite, ALE \u00e0 l&rsquo;exergue. Module Follis ou Nummus Date 308-310 ap. J.-C. Atelier Alexandrie M\u00e9tal Bronze Poids 6.04 g Diam\u00e8tre 25.5 [&hellip;]\" \/>\n<meta property=\"og:url\" content=\"https:\/\/odysseus-numismatique.com\/en\/article\/galeria-valeria-follis\/\" \/>\n<meta property=\"og:site_name\" content=\"Odysseus\" \/>\n<meta property=\"article:modified_time\" content=\"2025-03-18T00:10:59+00:00\" \/>\n<meta property=\"og:image\" content=\"https:\/\/odysseus-numismatique.com\/wp-content\/uploads\/2020\/01\/galeria-valeria-follis.jpg\" \/>\n\t<meta property=\"og:image:width\" content=\"1500\" \/>\n\t<meta property=\"og:image:height\" content=\"750\" \/>\n\t<meta property=\"og:image:type\" content=\"image\/jpeg\" \/>\n<meta name=\"twitter:card\" content=\"summary_large_image\" \/>\n<script type=\"application\/ld+json\" class=\"yoast-schema-graph\">{\"@context\":\"https:\/\/schema.org\",\"@graph\":[{\"@type\":\"WebPage\",\"@id\":\"https:\/\/odysseus-numismatique.com\/article\/galeria-valeria-follis\/\",\"url\":\"https:\/\/odysseus-numismatique.com\/article\/galeria-valeria-follis\/\",\"name\":\"GALERIA VALERIA \u2022 Follis &#8226; Odysseus\",\"isPartOf\":{\"@id\":\"https:\/\/odysseus-numismatique.com\/#website\"},\"primaryImageOfPage\":{\"@id\":\"https:\/\/odysseus-numismatique.com\/article\/galeria-valeria-follis\/#primaryimage\"},\"image\":{\"@id\":\"https:\/\/odysseus-numismatique.com\/article\/galeria-valeria-follis\/#primaryimage\"},\"thumbnailUrl\":\"https:\/\/odysseus-numismatique.com\/wp-content\/uploads\/2020\/01\/galeria-valeria-follis.jpg\",\"datePublished\":\"2020-01-02T23:18:50+00:00\",\"dateModified\":\"2025-03-18T00:10:59+00:00\",\"breadcrumb\":{\"@id\":\"https:\/\/odysseus-numismatique.com\/article\/galeria-valeria-follis\/#breadcrumb\"},\"inLanguage\":\"en-GB\",\"potentialAction\":[{\"@type\":\"ReadAction\",\"target\":[\"https:\/\/odysseus-numismatique.com\/article\/galeria-valeria-follis\/\"]}]},{\"@type\":\"ImageObject\",\"inLanguage\":\"en-GB\",\"@id\":\"https:\/\/odysseus-numismatique.com\/article\/galeria-valeria-follis\/#primaryimage\",\"url\":\"https:\/\/odysseus-numismatique.com\/wp-content\/uploads\/2020\/01\/galeria-valeria-follis.jpg\",\"contentUrl\":\"https:\/\/odysseus-numismatique.com\/wp-content\/uploads\/2020\/01\/galeria-valeria-follis.jpg\",\"width\":1500,\"height\":750,\"caption\":\"Odysseus Numismatique Monnaie Romaine GALERIA VALERIA \u2022 Follis\"},{\"@type\":\"BreadcrumbList\",\"@id\":\"https:\/\/odysseus-numismatique.com\/article\/galeria-valeria-follis\/#breadcrumb\",\"itemListElement\":[{\"@type\":\"ListItem\",\"position\":1,\"name\":\"Accueil\",\"item\":\"https:\/\/odysseus-numismatique.com\/\"},{\"@type\":\"ListItem\",\"position\":2,\"name\":\"Boutique\",\"item\":\"https:\/\/odysseus-numismatique.com\/en\/boutique\/\"},{\"@type\":\"ListItem\",\"position\":3,\"name\":\"GALERIA VALERIA Follis\"}]},{\"@type\":\"WebSite\",\"@id\":\"https:\/\/odysseus-numismatique.com\/#website\",\"url\":\"https:\/\/odysseus-numismatique.com\/\",\"name\":\"Odysseus\",\"description\":\"Numismatique\",\"publisher\":{\"@id\":\"https:\/\/odysseus-numismatique.com\/#organization\"},\"potentialAction\":[{\"@type\":\"SearchAction\",\"target\":{\"@type\":\"EntryPoint\",\"urlTemplate\":\"https:\/\/odysseus-numismatique.com\/?s={search_term_string}\"},\"query-input\":{\"@type\":\"PropertyValueSpecification\",\"valueRequired\":true,\"valueName\":\"search_term_string\"}}],\"inLanguage\":\"en-GB\"},{\"@type\":\"Organization\",\"@id\":\"https:\/\/odysseus-numismatique.com\/#organization\",\"name\":\"Odysseus\",\"url\":\"https:\/\/odysseus-numismatique.com\/\",\"logo\":{\"@type\":\"ImageObject\",\"inLanguage\":\"en-GB\",\"@id\":\"https:\/\/odysseus-numismatique.com\/#\/schema\/logo\/image\/\",\"url\":\"https:\/\/odysseus-numismatique.com\/wp-content\/uploads\/2019\/04\/odysseus-numismatique.png\",\"contentUrl\":\"https:\/\/odysseus-numismatique.com\/wp-content\/uploads\/2019\/04\/odysseus-numismatique.png\",\"width\":500,\"height\":500,\"caption\":\"Odysseus\"},\"image\":{\"@id\":\"https:\/\/odysseus-numismatique.com\/#\/schema\/logo\/image\/\"}}]}<\/script>\n<!-- \/ Yoast SEO plugin. -->","yoast_head_json":{"title":"GALERIA VALERIA \u2022 Follis &#8226; Odysseus","robots":{"index":"index","follow":"follow","max-snippet":"max-snippet:-1","max-image-preview":"max-image-preview:large","max-video-preview":"max-video-preview:-1"},"canonical":"https:\/\/odysseus-numismatique.com\/en\/article\/galeria-valeria-follis\/","og_locale":"en_GB","og_type":"article","og_title":"GALERIA VALERIA \u2022 Follis &#8226; Odysseus","og_description":"Avers GAL VALERIA AVG Buste diad\u00e9m\u00e9 et drap\u00e9 \u00e0 droite. Revers VENERI VICTRICI V\u00e9nus debout \u00e0 gauche, tenant une pomme et relevant un pan de son drap\u00e9, \u039a \u00e0 gauche, \u0393 et \u03a1 \u00e0 droite, ALE \u00e0 l&rsquo;exergue. Module Follis ou Nummus Date 308-310 ap. J.-C. Atelier Alexandrie M\u00e9tal Bronze Poids 6.04 g Diam\u00e8tre 25.5 [&hellip;]","og_url":"https:\/\/odysseus-numismatique.com\/en\/article\/galeria-valeria-follis\/","og_site_name":"Odysseus","article_modified_time":"2025-03-18T00:10:59+00:00","og_image":[{"width":1500,"height":750,"url":"https:\/\/odysseus-numismatique.com\/wp-content\/uploads\/2020\/01\/galeria-valeria-follis.jpg","type":"image\/jpeg"}],"twitter_card":"summary_large_image","schema":{"@context":"https:\/\/schema.org","@graph":[{"@type":"WebPage","@id":"https:\/\/odysseus-numismatique.com\/article\/galeria-valeria-follis\/","url":"https:\/\/odysseus-numismatique.com\/article\/galeria-valeria-follis\/","name":"GALERIA VALERIA \u2022 Follis &#8226; Odysseus","isPartOf":{"@id":"https:\/\/odysseus-numismatique.com\/#website"},"primaryImageOfPage":{"@id":"https:\/\/odysseus-numismatique.com\/article\/galeria-valeria-follis\/#primaryimage"},"image":{"@id":"https:\/\/odysseus-numismatique.com\/article\/galeria-valeria-follis\/#primaryimage"},"thumbnailUrl":"https:\/\/odysseus-numismatique.com\/wp-content\/uploads\/2020\/01\/galeria-valeria-follis.jpg","datePublished":"2020-01-02T23:18:50+00:00","dateModified":"2025-03-18T00:10:59+00:00","breadcrumb":{"@id":"https:\/\/odysseus-numismatique.com\/article\/galeria-valeria-follis\/#breadcrumb"},"inLanguage":"en-GB","potentialAction":[{"@type":"ReadAction","target":["https:\/\/odysseus-numismatique.com\/article\/galeria-valeria-follis\/"]}]},{"@type":"ImageObject","inLanguage":"en-GB","@id":"https:\/\/odysseus-numismatique.com\/article\/galeria-valeria-follis\/#primaryimage","url":"https:\/\/odysseus-numismatique.com\/wp-content\/uploads\/2020\/01\/galeria-valeria-follis.jpg","contentUrl":"https:\/\/odysseus-numismatique.com\/wp-content\/uploads\/2020\/01\/galeria-valeria-follis.jpg","width":1500,"height":750,"caption":"Odysseus Numismatique Monnaie Romaine GALERIA VALERIA \u2022 Follis"},{"@type":"BreadcrumbList","@id":"https:\/\/odysseus-numismatique.com\/article\/galeria-valeria-follis\/#breadcrumb","itemListElement":[{"@type":"ListItem","position":1,"name":"Accueil","item":"https:\/\/odysseus-numismatique.com\/"},{"@type":"ListItem","position":2,"name":"Boutique","item":"https:\/\/odysseus-numismatique.com\/en\/boutique\/"},{"@type":"ListItem","position":3,"name":"GALERIA VALERIA Follis"}]},{"@type":"WebSite","@id":"https:\/\/odysseus-numismatique.com\/#website","url":"https:\/\/odysseus-numismatique.com\/","name":"Odysseus","description":"Numismatics","publisher":{"@id":"https:\/\/odysseus-numismatique.com\/#organization"},"potentialAction":[{"@type":"SearchAction","target":{"@type":"EntryPoint","urlTemplate":"https:\/\/odysseus-numismatique.com\/?s={search_term_string}"},"query-input":{"@type":"PropertyValueSpecification","valueRequired":true,"valueName":"search_term_string"}}],"inLanguage":"en-GB"},{"@type":"Organization","@id":"https:\/\/odysseus-numismatique.com\/#organization","name":"Odysseus","url":"https:\/\/odysseus-numismatique.com\/","logo":{"@type":"ImageObject","inLanguage":"en-GB","@id":"https:\/\/odysseus-numismatique.com\/#\/schema\/logo\/image\/","url":"https:\/\/odysseus-numismatique.com\/wp-content\/uploads\/2019\/04\/odysseus-numismatique.png","contentUrl":"https:\/\/odysseus-numismatique.com\/wp-content\/uploads\/2019\/04\/odysseus-numismatique.png","width":500,"height":500,"caption":"Odysseus"},"image":{"@id":"https:\/\/odysseus-numismatique.com\/#\/schema\/logo\/image\/"}}]}},"_links":{"self":[{"href":"https:\/\/odysseus-numismatique.com\/en\/wp-json\/wp\/v2\/product\/7193","targetHints":{"allow":["GET"]}}],"collection":[{"href":"https:\/\/odysseus-numismatique.com\/en\/wp-json\/wp\/v2\/product"}],"about":[{"href":"https:\/\/odysseus-numismatique.com\/en\/wp-json\/wp\/v2\/types\/product"}],"wp:featuredmedia":[{"embeddable":true,"href":"https:\/\/odysseus-numismatique.com\/en\/wp-json\/wp\/v2\/media\/7194"}],"wp:attachment":[{"href":"https:\/\/odysseus-numismatique.com\/en\/wp-json\/wp\/v2\/media?parent=7193"}],"wp:term":[{"taxonomy":"product_brand","embeddable":true,"href":"https:\/\/odysseus-numismatique.com\/en\/wp-json\/wp\/v2\/product_brand?post=7193"},{"taxonomy":"product_cat","embeddable":true,"href":"https:\/\/odysseus-numismatique.com\/en\/wp-json\/wp\/v2\/product_cat?post=7193"},{"taxonomy":"product_tag","embeddable":true,"href":"https:\/\/odysseus-numismatique.com\/en\/wp-json\/wp\/v2\/product_tag?post=7193"}],"curies":[{"name":"wp","href":"https:\/\/api.w.org\/{rel}","templated":true}]}}