{"id":6936,"date":"2020-01-01T00:02:29","date_gmt":"2019-12-31T23:02:29","guid":{"rendered":"https:\/\/odysseus-numismatique.com\/?post_type=product&#038;p=6936"},"modified":"2025-03-18T01:11:11","modified_gmt":"2025-03-18T00:11:11","slug":"aquitaine-edward-the-black-prince-hardi","status":"publish","type":"product","link":"https:\/\/odysseus-numismatique.com\/en\/article\/aquitaine-edward-the-black-prince-hardi\/","title":{"rendered":"AQUITAINE &#8211; EDWARD THE BLACK PRINCE <br \/> Hardi"},"content":{"rendered":"<style>\n.tableproduct {border-collapse:none}\n.tableproduct td {border:none!important; padding:10px}\n.tableproduct .odd td {background-color:#424242}\n.tableproduct .even td {background-color:#3a3a3a}\n.tableproduct .column-1 {text-transform:uppercase; font-weight:bold; font-size:0.75em; width:20%}\n.tableproduct .column-2 {font-size:1em}\n<\/style>\n<table class=\"tableproduct\">\n<tr class=\"row-1 odd\">\n<td class=\"column-1\">Obverse<\/td>\n<td class=\"column-2\">ED : PO : GNS REG : ANGL<br \/>\nLe roi de face, tenant une \u00e9p\u00e9e et levant la main gauche.<\/td>\n<\/tr>\n<tr class=\"row-2 even\">\n<td class=\"column-1\">Reverse<\/td>\n<td class=\"column-2\">\u2605PRN CPS\u2605 AQIT ANIE<br \/>\nCroix coupant la l\u00e9gende, cantonn\u00e9e de deux lis et de deux l\u00e9opards.<\/td>\n<\/tr>\n<tr class=\"row-3 odd\">\n<td class=\"column-1\">Denomination<\/td>\n<td class=\"column-2\">Hardi<\/td>\n<\/tr>\n<tr class=\"row-4 even\">\n<td class=\"column-1\">Date<\/td>\n<td class=\"column-2\">AD 1362-1372<\/td>\n<\/tr>\n<tr class=\"row-5 odd\">\n<td class=\"column-1\">Mint<\/td>\n<td class=\"column-2\">Bordeaux<\/td>\n<\/tr>\n<tr class=\"row-6 even\">\n<td class=\"column-1\">Metal<\/td>\n<td class=\"column-2\">Silver<\/td>\n<\/tr>\n<tr class=\"row-7 odd\">\n<td class=\"column-1\">Weight<\/td>\n<td class=\"column-2\">1.10 g<\/td>\n<\/tr>\n<tr class=\"row-8 even\">\n<td class=\"column-1\">Diameter<\/td>\n<td class=\"column-2\">20 mm<\/td>\n<\/tr>\n<tr class=\"row-9 odd\">\n<td class=\"column-1\">Reference<\/td>\n<td class=\"column-2\">Bd.513 &#8211; PA.3014<\/td>\n<\/tr>\n<tr class=\"row-10 even\">\n<td class=\"column-1\">Condition<\/td>\n<td class=\"column-2\">VF<\/td>\n<\/tr>\n<\/table>","protected":false},"excerpt":{"rendered":"<p>Avers ED : PO : GNS REG : ANGL Le roi de face, tenant une \u00e9p\u00e9e et levant la main gauche. Revers \u2605PRN CPS\u2605 AQIT ANIE Croix coupant la l\u00e9gende, cantonn\u00e9e de deux lis et de deux l\u00e9opards. Module Hardi Date 1362-1372 ap. J.-C. Atelier Bordeaux M\u00e9tal Argent Poids 1.10 g Diam\u00e8tre 20 mm R\u00e9f\u00e9rence [&hellip;]<\/p>\n","protected":false},"featured_media":7068,"template":"","meta":[],"product_brand":[],"product_cat":[15],"product_tag":[238,394],"class_list":{"0":"post-6936","1":"product","2":"type-product","3":"status-publish","4":"has-post-thumbnail","6":"product_cat-vendus","7":"product_tag-monnaies-feodales","8":"product_tag-numismatique","9":"pa_metal-argent","10":"pa_module-hardi","12":"first","13":"outofstock","14":"sold-individually","15":"shipping-taxable","16":"purchasable","17":"product-type-simple"},"yoast_head":"<!-- This site is optimized with the Yoast SEO plugin v27.2 - https:\/\/yoast.com\/product\/yoast-seo-wordpress\/ -->\n<title>AQUITAINE - EDWARD THE BLACK PRINCE \u2022 Hardi &#8226; Odysseus<\/title>\n<meta name=\"robots\" content=\"index, follow, max-snippet:-1, max-image-preview:large, max-video-preview:-1\" \/>\n<link rel=\"canonical\" href=\"https:\/\/odysseus-numismatique.com\/en\/article\/aquitaine-edward-the-black-prince-hardi\/\" \/>\n<meta property=\"og:locale\" content=\"en_GB\" \/>\n<meta property=\"og:type\" content=\"article\" \/>\n<meta property=\"og:title\" content=\"AQUITAINE - EDWARD THE BLACK PRINCE \u2022 Hardi &#8226; Odysseus\" \/>\n<meta property=\"og:description\" content=\"Avers ED : PO : GNS REG : ANGL Le roi de face, tenant une \u00e9p\u00e9e et levant la main gauche. Revers \u2605PRN CPS\u2605 AQIT ANIE Croix coupant la l\u00e9gende, cantonn\u00e9e de deux lis et de deux l\u00e9opards. Module Hardi Date 1362-1372 ap. J.-C. Atelier Bordeaux M\u00e9tal Argent Poids 1.10 g Diam\u00e8tre 20 mm R\u00e9f\u00e9rence [&hellip;]\" \/>\n<meta property=\"og:url\" content=\"https:\/\/odysseus-numismatique.com\/en\/article\/aquitaine-edward-the-black-prince-hardi\/\" \/>\n<meta property=\"og:site_name\" content=\"Odysseus\" \/>\n<meta property=\"article:modified_time\" content=\"2025-03-18T00:11:11+00:00\" \/>\n<meta property=\"og:image\" content=\"https:\/\/odysseus-numismatique.com\/wp-content\/uploads\/2020\/01\/aquitaine-edward-the-black-prince-hardi-1.jpg\" \/>\n\t<meta property=\"og:image:width\" content=\"1500\" \/>\n\t<meta property=\"og:image:height\" content=\"750\" \/>\n\t<meta property=\"og:image:type\" content=\"image\/jpeg\" \/>\n<meta name=\"twitter:card\" content=\"summary_large_image\" \/>\n<script type=\"application\/ld+json\" class=\"yoast-schema-graph\">{\"@context\":\"https:\/\/schema.org\",\"@graph\":[{\"@type\":\"WebPage\",\"@id\":\"https:\/\/odysseus-numismatique.com\/article\/aquitaine-edward-the-black-prince-hardi\/\",\"url\":\"https:\/\/odysseus-numismatique.com\/article\/aquitaine-edward-the-black-prince-hardi\/\",\"name\":\"AQUITAINE - EDWARD THE BLACK PRINCE \u2022 Hardi &#8226; Odysseus\",\"isPartOf\":{\"@id\":\"https:\/\/odysseus-numismatique.com\/#website\"},\"primaryImageOfPage\":{\"@id\":\"https:\/\/odysseus-numismatique.com\/article\/aquitaine-edward-the-black-prince-hardi\/#primaryimage\"},\"image\":{\"@id\":\"https:\/\/odysseus-numismatique.com\/article\/aquitaine-edward-the-black-prince-hardi\/#primaryimage\"},\"thumbnailUrl\":\"https:\/\/odysseus-numismatique.com\/wp-content\/uploads\/2020\/01\/aquitaine-edward-the-black-prince-hardi-1.jpg\",\"datePublished\":\"2019-12-31T23:02:29+00:00\",\"dateModified\":\"2025-03-18T00:11:11+00:00\",\"breadcrumb\":{\"@id\":\"https:\/\/odysseus-numismatique.com\/article\/aquitaine-edward-the-black-prince-hardi\/#breadcrumb\"},\"inLanguage\":\"en-GB\",\"potentialAction\":[{\"@type\":\"ReadAction\",\"target\":[\"https:\/\/odysseus-numismatique.com\/article\/aquitaine-edward-the-black-prince-hardi\/\"]}]},{\"@type\":\"ImageObject\",\"inLanguage\":\"en-GB\",\"@id\":\"https:\/\/odysseus-numismatique.com\/article\/aquitaine-edward-the-black-prince-hardi\/#primaryimage\",\"url\":\"https:\/\/odysseus-numismatique.com\/wp-content\/uploads\/2020\/01\/aquitaine-edward-the-black-prince-hardi-1.jpg\",\"contentUrl\":\"https:\/\/odysseus-numismatique.com\/wp-content\/uploads\/2020\/01\/aquitaine-edward-the-black-prince-hardi-1.jpg\",\"width\":1500,\"height\":750,\"caption\":\"Odysseus Numismatique Monnaie F\u00e9odale AQUITAINE - EDWARD THE BLACK PRINCE \u2022 Hardi\"},{\"@type\":\"BreadcrumbList\",\"@id\":\"https:\/\/odysseus-numismatique.com\/article\/aquitaine-edward-the-black-prince-hardi\/#breadcrumb\",\"itemListElement\":[{\"@type\":\"ListItem\",\"position\":1,\"name\":\"Accueil\",\"item\":\"https:\/\/odysseus-numismatique.com\/\"},{\"@type\":\"ListItem\",\"position\":2,\"name\":\"Boutique\",\"item\":\"https:\/\/odysseus-numismatique.com\/en\/boutique\/\"},{\"@type\":\"ListItem\",\"position\":3,\"name\":\"AQUITAINE &#8211; EDWARD THE BLACK PRINCE Hardi\"}]},{\"@type\":\"WebSite\",\"@id\":\"https:\/\/odysseus-numismatique.com\/#website\",\"url\":\"https:\/\/odysseus-numismatique.com\/\",\"name\":\"Odysseus\",\"description\":\"Numismatique\",\"publisher\":{\"@id\":\"https:\/\/odysseus-numismatique.com\/#organization\"},\"potentialAction\":[{\"@type\":\"SearchAction\",\"target\":{\"@type\":\"EntryPoint\",\"urlTemplate\":\"https:\/\/odysseus-numismatique.com\/?s={search_term_string}\"},\"query-input\":{\"@type\":\"PropertyValueSpecification\",\"valueRequired\":true,\"valueName\":\"search_term_string\"}}],\"inLanguage\":\"en-GB\"},{\"@type\":\"Organization\",\"@id\":\"https:\/\/odysseus-numismatique.com\/#organization\",\"name\":\"Odysseus\",\"url\":\"https:\/\/odysseus-numismatique.com\/\",\"logo\":{\"@type\":\"ImageObject\",\"inLanguage\":\"en-GB\",\"@id\":\"https:\/\/odysseus-numismatique.com\/#\/schema\/logo\/image\/\",\"url\":\"https:\/\/odysseus-numismatique.com\/wp-content\/uploads\/2019\/04\/odysseus-numismatique.png\",\"contentUrl\":\"https:\/\/odysseus-numismatique.com\/wp-content\/uploads\/2019\/04\/odysseus-numismatique.png\",\"width\":500,\"height\":500,\"caption\":\"Odysseus\"},\"image\":{\"@id\":\"https:\/\/odysseus-numismatique.com\/#\/schema\/logo\/image\/\"}}]}<\/script>\n<!-- \/ Yoast SEO plugin. -->","yoast_head_json":{"title":"AQUITAINE - EDWARD THE BLACK PRINCE \u2022 Hardi &#8226; Odysseus","robots":{"index":"index","follow":"follow","max-snippet":"max-snippet:-1","max-image-preview":"max-image-preview:large","max-video-preview":"max-video-preview:-1"},"canonical":"https:\/\/odysseus-numismatique.com\/en\/article\/aquitaine-edward-the-black-prince-hardi\/","og_locale":"en_GB","og_type":"article","og_title":"AQUITAINE - EDWARD THE BLACK PRINCE \u2022 Hardi &#8226; Odysseus","og_description":"Avers ED : PO : GNS REG : ANGL Le roi de face, tenant une \u00e9p\u00e9e et levant la main gauche. Revers \u2605PRN CPS\u2605 AQIT ANIE Croix coupant la l\u00e9gende, cantonn\u00e9e de deux lis et de deux l\u00e9opards. Module Hardi Date 1362-1372 ap. J.-C. Atelier Bordeaux M\u00e9tal Argent Poids 1.10 g Diam\u00e8tre 20 mm R\u00e9f\u00e9rence [&hellip;]","og_url":"https:\/\/odysseus-numismatique.com\/en\/article\/aquitaine-edward-the-black-prince-hardi\/","og_site_name":"Odysseus","article_modified_time":"2025-03-18T00:11:11+00:00","og_image":[{"width":1500,"height":750,"url":"https:\/\/odysseus-numismatique.com\/wp-content\/uploads\/2020\/01\/aquitaine-edward-the-black-prince-hardi-1.jpg","type":"image\/jpeg"}],"twitter_card":"summary_large_image","schema":{"@context":"https:\/\/schema.org","@graph":[{"@type":"WebPage","@id":"https:\/\/odysseus-numismatique.com\/article\/aquitaine-edward-the-black-prince-hardi\/","url":"https:\/\/odysseus-numismatique.com\/article\/aquitaine-edward-the-black-prince-hardi\/","name":"AQUITAINE - EDWARD THE BLACK PRINCE \u2022 Hardi &#8226; Odysseus","isPartOf":{"@id":"https:\/\/odysseus-numismatique.com\/#website"},"primaryImageOfPage":{"@id":"https:\/\/odysseus-numismatique.com\/article\/aquitaine-edward-the-black-prince-hardi\/#primaryimage"},"image":{"@id":"https:\/\/odysseus-numismatique.com\/article\/aquitaine-edward-the-black-prince-hardi\/#primaryimage"},"thumbnailUrl":"https:\/\/odysseus-numismatique.com\/wp-content\/uploads\/2020\/01\/aquitaine-edward-the-black-prince-hardi-1.jpg","datePublished":"2019-12-31T23:02:29+00:00","dateModified":"2025-03-18T00:11:11+00:00","breadcrumb":{"@id":"https:\/\/odysseus-numismatique.com\/article\/aquitaine-edward-the-black-prince-hardi\/#breadcrumb"},"inLanguage":"en-GB","potentialAction":[{"@type":"ReadAction","target":["https:\/\/odysseus-numismatique.com\/article\/aquitaine-edward-the-black-prince-hardi\/"]}]},{"@type":"ImageObject","inLanguage":"en-GB","@id":"https:\/\/odysseus-numismatique.com\/article\/aquitaine-edward-the-black-prince-hardi\/#primaryimage","url":"https:\/\/odysseus-numismatique.com\/wp-content\/uploads\/2020\/01\/aquitaine-edward-the-black-prince-hardi-1.jpg","contentUrl":"https:\/\/odysseus-numismatique.com\/wp-content\/uploads\/2020\/01\/aquitaine-edward-the-black-prince-hardi-1.jpg","width":1500,"height":750,"caption":"Odysseus Numismatique Monnaie F\u00e9odale AQUITAINE - EDWARD THE BLACK PRINCE \u2022 Hardi"},{"@type":"BreadcrumbList","@id":"https:\/\/odysseus-numismatique.com\/article\/aquitaine-edward-the-black-prince-hardi\/#breadcrumb","itemListElement":[{"@type":"ListItem","position":1,"name":"Accueil","item":"https:\/\/odysseus-numismatique.com\/"},{"@type":"ListItem","position":2,"name":"Boutique","item":"https:\/\/odysseus-numismatique.com\/en\/boutique\/"},{"@type":"ListItem","position":3,"name":"AQUITAINE &#8211; EDWARD THE BLACK PRINCE Hardi"}]},{"@type":"WebSite","@id":"https:\/\/odysseus-numismatique.com\/#website","url":"https:\/\/odysseus-numismatique.com\/","name":"Odysseus","description":"Numismatics","publisher":{"@id":"https:\/\/odysseus-numismatique.com\/#organization"},"potentialAction":[{"@type":"SearchAction","target":{"@type":"EntryPoint","urlTemplate":"https:\/\/odysseus-numismatique.com\/?s={search_term_string}"},"query-input":{"@type":"PropertyValueSpecification","valueRequired":true,"valueName":"search_term_string"}}],"inLanguage":"en-GB"},{"@type":"Organization","@id":"https:\/\/odysseus-numismatique.com\/#organization","name":"Odysseus","url":"https:\/\/odysseus-numismatique.com\/","logo":{"@type":"ImageObject","inLanguage":"en-GB","@id":"https:\/\/odysseus-numismatique.com\/#\/schema\/logo\/image\/","url":"https:\/\/odysseus-numismatique.com\/wp-content\/uploads\/2019\/04\/odysseus-numismatique.png","contentUrl":"https:\/\/odysseus-numismatique.com\/wp-content\/uploads\/2019\/04\/odysseus-numismatique.png","width":500,"height":500,"caption":"Odysseus"},"image":{"@id":"https:\/\/odysseus-numismatique.com\/#\/schema\/logo\/image\/"}}]}},"_links":{"self":[{"href":"https:\/\/odysseus-numismatique.com\/en\/wp-json\/wp\/v2\/product\/6936","targetHints":{"allow":["GET"]}}],"collection":[{"href":"https:\/\/odysseus-numismatique.com\/en\/wp-json\/wp\/v2\/product"}],"about":[{"href":"https:\/\/odysseus-numismatique.com\/en\/wp-json\/wp\/v2\/types\/product"}],"wp:featuredmedia":[{"embeddable":true,"href":"https:\/\/odysseus-numismatique.com\/en\/wp-json\/wp\/v2\/media\/7068"}],"wp:attachment":[{"href":"https:\/\/odysseus-numismatique.com\/en\/wp-json\/wp\/v2\/media?parent=6936"}],"wp:term":[{"taxonomy":"product_brand","embeddable":true,"href":"https:\/\/odysseus-numismatique.com\/en\/wp-json\/wp\/v2\/product_brand?post=6936"},{"taxonomy":"product_cat","embeddable":true,"href":"https:\/\/odysseus-numismatique.com\/en\/wp-json\/wp\/v2\/product_cat?post=6936"},{"taxonomy":"product_tag","embeddable":true,"href":"https:\/\/odysseus-numismatique.com\/en\/wp-json\/wp\/v2\/product_tag?post=6936"}],"curies":[{"name":"wp","href":"https:\/\/api.w.org\/{rel}","templated":true}]}}