{"id":6771,"date":"2019-11-29T00:42:17","date_gmt":"2019-11-28T22:42:17","guid":{"rendered":"https:\/\/odysseus-numismatique.com\/?post_type=product&#038;p=6771"},"modified":"2025-03-17T23:49:30","modified_gmt":"2025-03-17T22:49:30","slug":"le-symbolisme-de-las-de-nimes-au-crocodile-alain-veyrac","status":"publish","type":"product","link":"https:\/\/odysseus-numismatique.com\/en\/article\/le-symbolisme-de-las-de-nimes-au-crocodile-alain-veyrac\/","title":{"rendered":"LE SYMBOLISME DE L&rsquo;AS DE N\u00ceMES AU CROCODILE <br \/> Alain Veyrac"},"content":{"rendered":"<style>\n.tableproduct {border-collapse:none}\n.tableproduct td {border:none!important; padding:10px}\n.tableproduct .odd td {background-color:#424242}\n.tableproduct .even td {background-color:#3a3a3a}\n.tableproduct .column-1 {text-transform:uppercase; font-weight:bold; font-size:0.75em; width:20%}\n.tableproduct .column-2 {font-size:1em}\n<\/style>\n<table class=\"tableproduct\">\n<tr class=\"row-1 odd\">\n<td class=\"column-1\">Full Title<\/td>\n<td class=\"column-2\">Le Symbolisme de l&rsquo;As de N\u00eemes au Crocodile<\/td>\n<\/tr>\n<tr class=\"row-2 even\">\n<td class=\"column-1\">Author<\/td>\n<td class=\"column-2\">Alain Veyrac<\/td>\n<\/tr>\n<tr class=\"row-3 odd\">\n<td class=\"column-1\">Publisher<\/td>\n<td class=\"column-2\">Arch\u00e9ologie et Histoire Romaine 2<br \/>\n\u00c9ditions Monique Mergoil<\/td>\n<\/tr>\n<tr class=\"row-4 even\">\n<td class=\"column-1\">Date<\/td>\n<td class=\"column-2\">1998<\/td>\n<\/tr>\n<tr class=\"row-5 odd\">\n<td class=\"column-1\">Specifications<\/td>\n<td class=\"column-2\">73 pages<\/td>\n<\/tr>\n<tr class=\"row-6 even\">\n<td class=\"column-1\">Condition<\/td>\n<td class=\"column-2\">Tr\u00e8s bon \u00e9tat<\/td>\n<\/tr>\n<\/table>","protected":false},"excerpt":{"rendered":"<p>Titre complet Le Symbolisme de l&rsquo;As de N\u00eemes au Crocodile Auteur Alain Veyrac \u00c9diteur Arch\u00e9ologie et Histoire Romaine 2 \u00c9ditions Monique Mergoil Date 1998 Caract\u00e9ristiques 73 pages \u00c9tat Tr\u00e8s bon \u00e9tat<\/p>","protected":false},"featured_media":20494,"template":"","meta":[],"product_brand":[],"product_cat":[388],"product_tag":[393,156,158],"class_list":{"0":"post-6771","1":"product","2":"type-product","3":"status-publish","4":"has-post-thumbnail","6":"product_cat-archives-librairie","7":"product_tag-librairie","8":"product_tag-livres-monnaies-gauloises","9":"product_tag-livres-monnaies-romaines","11":"first","12":"outofstock","13":"sold-individually","14":"shipping-taxable","15":"purchasable","16":"product-type-simple"},"yoast_head":"<!-- This site is optimized with the Yoast SEO plugin v27.2 - https:\/\/yoast.com\/product\/yoast-seo-wordpress\/ -->\n<title>LE SYMBOLISME DE L&#039;AS DE N\u00ceMES AU CROCODILE \u2022 Alain Veyrac &#8226; Odysseus<\/title>\n<meta name=\"robots\" content=\"index, follow, max-snippet:-1, max-image-preview:large, max-video-preview:-1\" \/>\n<link rel=\"canonical\" href=\"https:\/\/odysseus-numismatique.com\/en\/article\/le-symbolisme-de-las-de-nimes-au-crocodile-alain-veyrac\/\" \/>\n<meta property=\"og:locale\" content=\"en_GB\" \/>\n<meta property=\"og:type\" content=\"article\" \/>\n<meta property=\"og:title\" content=\"LE SYMBOLISME DE L&#039;AS DE N\u00ceMES AU CROCODILE \u2022 Alain Veyrac &#8226; Odysseus\" \/>\n<meta property=\"og:description\" content=\"Titre complet Le Symbolisme de l&rsquo;As de N\u00eemes au Crocodile Auteur Alain Veyrac \u00c9diteur Arch\u00e9ologie et Histoire Romaine 2 \u00c9ditions Monique Mergoil Date 1998 Caract\u00e9ristiques 73 pages \u00c9tat Tr\u00e8s bon \u00e9tat\" \/>\n<meta property=\"og:url\" content=\"https:\/\/odysseus-numismatique.com\/en\/article\/le-symbolisme-de-las-de-nimes-au-crocodile-alain-veyrac\/\" \/>\n<meta property=\"og:site_name\" content=\"Odysseus\" \/>\n<meta property=\"article:modified_time\" content=\"2025-03-17T22:49:30+00:00\" \/>\n<meta property=\"og:image\" content=\"https:\/\/odysseus-numismatique.com\/wp-content\/uploads\/2019\/11\/le-symbolisme-de-las-de-nimes-au-crocodile-alain-veyrac.jpg\" \/>\n\t<meta property=\"og:image:width\" content=\"1500\" \/>\n\t<meta property=\"og:image:height\" content=\"750\" \/>\n\t<meta property=\"og:image:type\" content=\"image\/jpeg\" \/>\n<meta name=\"twitter:card\" content=\"summary_large_image\" \/>\n<meta name=\"twitter:label1\" content=\"Estimated reading time\" \/>\n\t<meta name=\"twitter:data1\" content=\"1 minute\" \/>\n<script type=\"application\/ld+json\" class=\"yoast-schema-graph\">{\"@context\":\"https:\/\/schema.org\",\"@graph\":[{\"@type\":\"WebPage\",\"@id\":\"https:\/\/odysseus-numismatique.com\/article\/le-symbolisme-de-las-de-nimes-au-crocodile-alain-veyrac\/\",\"url\":\"https:\/\/odysseus-numismatique.com\/article\/le-symbolisme-de-las-de-nimes-au-crocodile-alain-veyrac\/\",\"name\":\"LE SYMBOLISME DE L'AS DE N\u00ceMES AU CROCODILE \u2022 Alain Veyrac &#8226; Odysseus\",\"isPartOf\":{\"@id\":\"https:\/\/odysseus-numismatique.com\/#website\"},\"primaryImageOfPage\":{\"@id\":\"https:\/\/odysseus-numismatique.com\/article\/le-symbolisme-de-las-de-nimes-au-crocodile-alain-veyrac\/#primaryimage\"},\"image\":{\"@id\":\"https:\/\/odysseus-numismatique.com\/article\/le-symbolisme-de-las-de-nimes-au-crocodile-alain-veyrac\/#primaryimage\"},\"thumbnailUrl\":\"https:\/\/odysseus-numismatique.com\/wp-content\/uploads\/2019\/11\/le-symbolisme-de-las-de-nimes-au-crocodile-alain-veyrac.jpg\",\"datePublished\":\"2019-11-28T22:42:17+00:00\",\"dateModified\":\"2025-03-17T22:49:30+00:00\",\"breadcrumb\":{\"@id\":\"https:\/\/odysseus-numismatique.com\/article\/le-symbolisme-de-las-de-nimes-au-crocodile-alain-veyrac\/#breadcrumb\"},\"inLanguage\":\"en-GB\",\"potentialAction\":[{\"@type\":\"ReadAction\",\"target\":[\"https:\/\/odysseus-numismatique.com\/article\/le-symbolisme-de-las-de-nimes-au-crocodile-alain-veyrac\/\"]}]},{\"@type\":\"ImageObject\",\"inLanguage\":\"en-GB\",\"@id\":\"https:\/\/odysseus-numismatique.com\/article\/le-symbolisme-de-las-de-nimes-au-crocodile-alain-veyrac\/#primaryimage\",\"url\":\"https:\/\/odysseus-numismatique.com\/wp-content\/uploads\/2019\/11\/le-symbolisme-de-las-de-nimes-au-crocodile-alain-veyrac.jpg\",\"contentUrl\":\"https:\/\/odysseus-numismatique.com\/wp-content\/uploads\/2019\/11\/le-symbolisme-de-las-de-nimes-au-crocodile-alain-veyrac.jpg\",\"width\":1500,\"height\":750,\"caption\":\"Odysseus Numismatique Livres Monnaies Gauloises LE SYMBOLISME DE L'AS DE N\u00ceMES AU CROCODILE \u2022 Alain Veyrac\"},{\"@type\":\"BreadcrumbList\",\"@id\":\"https:\/\/odysseus-numismatique.com\/article\/le-symbolisme-de-las-de-nimes-au-crocodile-alain-veyrac\/#breadcrumb\",\"itemListElement\":[{\"@type\":\"ListItem\",\"position\":1,\"name\":\"Accueil\",\"item\":\"https:\/\/odysseus-numismatique.com\/\"},{\"@type\":\"ListItem\",\"position\":2,\"name\":\"Boutique\",\"item\":\"https:\/\/odysseus-numismatique.com\/en\/boutique\/\"},{\"@type\":\"ListItem\",\"position\":3,\"name\":\"LE SYMBOLISME DE L&#8217;AS DE N\u00ceMES AU CROCODILE Alain Veyrac\"}]},{\"@type\":\"WebSite\",\"@id\":\"https:\/\/odysseus-numismatique.com\/#website\",\"url\":\"https:\/\/odysseus-numismatique.com\/\",\"name\":\"Odysseus\",\"description\":\"Numismatique\",\"publisher\":{\"@id\":\"https:\/\/odysseus-numismatique.com\/#organization\"},\"potentialAction\":[{\"@type\":\"SearchAction\",\"target\":{\"@type\":\"EntryPoint\",\"urlTemplate\":\"https:\/\/odysseus-numismatique.com\/?s={search_term_string}\"},\"query-input\":{\"@type\":\"PropertyValueSpecification\",\"valueRequired\":true,\"valueName\":\"search_term_string\"}}],\"inLanguage\":\"en-GB\"},{\"@type\":\"Organization\",\"@id\":\"https:\/\/odysseus-numismatique.com\/#organization\",\"name\":\"Odysseus\",\"url\":\"https:\/\/odysseus-numismatique.com\/\",\"logo\":{\"@type\":\"ImageObject\",\"inLanguage\":\"en-GB\",\"@id\":\"https:\/\/odysseus-numismatique.com\/#\/schema\/logo\/image\/\",\"url\":\"https:\/\/odysseus-numismatique.com\/wp-content\/uploads\/2019\/04\/odysseus-numismatique.png\",\"contentUrl\":\"https:\/\/odysseus-numismatique.com\/wp-content\/uploads\/2019\/04\/odysseus-numismatique.png\",\"width\":500,\"height\":500,\"caption\":\"Odysseus\"},\"image\":{\"@id\":\"https:\/\/odysseus-numismatique.com\/#\/schema\/logo\/image\/\"}}]}<\/script>\n<!-- \/ Yoast SEO plugin. -->","yoast_head_json":{"title":"LE SYMBOLISME DE L'AS DE N\u00ceMES AU CROCODILE \u2022 Alain Veyrac &#8226; Odysseus","robots":{"index":"index","follow":"follow","max-snippet":"max-snippet:-1","max-image-preview":"max-image-preview:large","max-video-preview":"max-video-preview:-1"},"canonical":"https:\/\/odysseus-numismatique.com\/en\/article\/le-symbolisme-de-las-de-nimes-au-crocodile-alain-veyrac\/","og_locale":"en_GB","og_type":"article","og_title":"LE SYMBOLISME DE L'AS DE N\u00ceMES AU CROCODILE \u2022 Alain Veyrac &#8226; Odysseus","og_description":"Titre complet Le Symbolisme de l&rsquo;As de N\u00eemes au Crocodile Auteur Alain Veyrac \u00c9diteur Arch\u00e9ologie et Histoire Romaine 2 \u00c9ditions Monique Mergoil Date 1998 Caract\u00e9ristiques 73 pages \u00c9tat Tr\u00e8s bon \u00e9tat","og_url":"https:\/\/odysseus-numismatique.com\/en\/article\/le-symbolisme-de-las-de-nimes-au-crocodile-alain-veyrac\/","og_site_name":"Odysseus","article_modified_time":"2025-03-17T22:49:30+00:00","og_image":[{"width":1500,"height":750,"url":"https:\/\/odysseus-numismatique.com\/wp-content\/uploads\/2019\/11\/le-symbolisme-de-las-de-nimes-au-crocodile-alain-veyrac.jpg","type":"image\/jpeg"}],"twitter_card":"summary_large_image","twitter_misc":{"Estimated reading time":"1 minute"},"schema":{"@context":"https:\/\/schema.org","@graph":[{"@type":"WebPage","@id":"https:\/\/odysseus-numismatique.com\/article\/le-symbolisme-de-las-de-nimes-au-crocodile-alain-veyrac\/","url":"https:\/\/odysseus-numismatique.com\/article\/le-symbolisme-de-las-de-nimes-au-crocodile-alain-veyrac\/","name":"LE SYMBOLISME DE L'AS DE N\u00ceMES AU CROCODILE \u2022 Alain Veyrac &#8226; Odysseus","isPartOf":{"@id":"https:\/\/odysseus-numismatique.com\/#website"},"primaryImageOfPage":{"@id":"https:\/\/odysseus-numismatique.com\/article\/le-symbolisme-de-las-de-nimes-au-crocodile-alain-veyrac\/#primaryimage"},"image":{"@id":"https:\/\/odysseus-numismatique.com\/article\/le-symbolisme-de-las-de-nimes-au-crocodile-alain-veyrac\/#primaryimage"},"thumbnailUrl":"https:\/\/odysseus-numismatique.com\/wp-content\/uploads\/2019\/11\/le-symbolisme-de-las-de-nimes-au-crocodile-alain-veyrac.jpg","datePublished":"2019-11-28T22:42:17+00:00","dateModified":"2025-03-17T22:49:30+00:00","breadcrumb":{"@id":"https:\/\/odysseus-numismatique.com\/article\/le-symbolisme-de-las-de-nimes-au-crocodile-alain-veyrac\/#breadcrumb"},"inLanguage":"en-GB","potentialAction":[{"@type":"ReadAction","target":["https:\/\/odysseus-numismatique.com\/article\/le-symbolisme-de-las-de-nimes-au-crocodile-alain-veyrac\/"]}]},{"@type":"ImageObject","inLanguage":"en-GB","@id":"https:\/\/odysseus-numismatique.com\/article\/le-symbolisme-de-las-de-nimes-au-crocodile-alain-veyrac\/#primaryimage","url":"https:\/\/odysseus-numismatique.com\/wp-content\/uploads\/2019\/11\/le-symbolisme-de-las-de-nimes-au-crocodile-alain-veyrac.jpg","contentUrl":"https:\/\/odysseus-numismatique.com\/wp-content\/uploads\/2019\/11\/le-symbolisme-de-las-de-nimes-au-crocodile-alain-veyrac.jpg","width":1500,"height":750,"caption":"Odysseus Numismatique Livres Monnaies Gauloises LE SYMBOLISME DE L'AS DE N\u00ceMES AU CROCODILE \u2022 Alain Veyrac"},{"@type":"BreadcrumbList","@id":"https:\/\/odysseus-numismatique.com\/article\/le-symbolisme-de-las-de-nimes-au-crocodile-alain-veyrac\/#breadcrumb","itemListElement":[{"@type":"ListItem","position":1,"name":"Accueil","item":"https:\/\/odysseus-numismatique.com\/"},{"@type":"ListItem","position":2,"name":"Boutique","item":"https:\/\/odysseus-numismatique.com\/en\/boutique\/"},{"@type":"ListItem","position":3,"name":"LE SYMBOLISME DE L&#8217;AS DE N\u00ceMES AU CROCODILE Alain Veyrac"}]},{"@type":"WebSite","@id":"https:\/\/odysseus-numismatique.com\/#website","url":"https:\/\/odysseus-numismatique.com\/","name":"Odysseus","description":"Numismatics","publisher":{"@id":"https:\/\/odysseus-numismatique.com\/#organization"},"potentialAction":[{"@type":"SearchAction","target":{"@type":"EntryPoint","urlTemplate":"https:\/\/odysseus-numismatique.com\/?s={search_term_string}"},"query-input":{"@type":"PropertyValueSpecification","valueRequired":true,"valueName":"search_term_string"}}],"inLanguage":"en-GB"},{"@type":"Organization","@id":"https:\/\/odysseus-numismatique.com\/#organization","name":"Odysseus","url":"https:\/\/odysseus-numismatique.com\/","logo":{"@type":"ImageObject","inLanguage":"en-GB","@id":"https:\/\/odysseus-numismatique.com\/#\/schema\/logo\/image\/","url":"https:\/\/odysseus-numismatique.com\/wp-content\/uploads\/2019\/04\/odysseus-numismatique.png","contentUrl":"https:\/\/odysseus-numismatique.com\/wp-content\/uploads\/2019\/04\/odysseus-numismatique.png","width":500,"height":500,"caption":"Odysseus"},"image":{"@id":"https:\/\/odysseus-numismatique.com\/#\/schema\/logo\/image\/"}}]}},"_links":{"self":[{"href":"https:\/\/odysseus-numismatique.com\/en\/wp-json\/wp\/v2\/product\/6771","targetHints":{"allow":["GET"]}}],"collection":[{"href":"https:\/\/odysseus-numismatique.com\/en\/wp-json\/wp\/v2\/product"}],"about":[{"href":"https:\/\/odysseus-numismatique.com\/en\/wp-json\/wp\/v2\/types\/product"}],"wp:featuredmedia":[{"embeddable":true,"href":"https:\/\/odysseus-numismatique.com\/en\/wp-json\/wp\/v2\/media\/20494"}],"wp:attachment":[{"href":"https:\/\/odysseus-numismatique.com\/en\/wp-json\/wp\/v2\/media?parent=6771"}],"wp:term":[{"taxonomy":"product_brand","embeddable":true,"href":"https:\/\/odysseus-numismatique.com\/en\/wp-json\/wp\/v2\/product_brand?post=6771"},{"taxonomy":"product_cat","embeddable":true,"href":"https:\/\/odysseus-numismatique.com\/en\/wp-json\/wp\/v2\/product_cat?post=6771"},{"taxonomy":"product_tag","embeddable":true,"href":"https:\/\/odysseus-numismatique.com\/en\/wp-json\/wp\/v2\/product_tag?post=6771"}],"curies":[{"name":"wp","href":"https:\/\/api.w.org\/{rel}","templated":true}]}}