{"id":6685,"date":"2019-11-29T00:17:40","date_gmt":"2019-11-28T22:17:40","guid":{"rendered":"https:\/\/odysseus-numismatique.com\/?post_type=product&#038;p=6685"},"modified":"2025-03-17T23:49:33","modified_gmt":"2025-03-17T22:49:33","slug":"ancienne-collection-georges-motte-bourgey-1951","status":"publish","type":"product","link":"https:\/\/odysseus-numismatique.com\/en\/article\/ancienne-collection-georges-motte-bourgey-1951\/","title":{"rendered":"ANCIENNE COLLECTION GEORGES MOTTE <br \/> Bourgey 1951"},"content":{"rendered":"<style>\n.tableproduct {border-collapse:none}\n.tableproduct td {border:none!important; padding:10px}\n.tableproduct .odd td {background-color:#424242}\n.tableproduct .even td {background-color:#3a3a3a}\n.tableproduct .column-1 {text-transform:uppercase; font-weight:bold; font-size:0.75em; width:20%}\n.tableproduct .column-2 {font-size:1em}\n<\/style>\n<table class=\"tableproduct\">\n<tr class=\"row-1 odd\">\n<td class=\"column-1\">Full Title<\/td>\n<td class=\"column-2\">Ancienne Collection Georges Motte<br \/>\nTr\u00e8s importante Collection de Monnaies Fran\u00e7aises de la Gaule \u00e0 nos jours appartenant \u00e0 un Amateur<\/td>\n<\/tr>\n<tr class=\"row-2 even\">\n<td class=\"column-1\">Expert<\/td>\n<td class=\"column-2\">\u00c9mile Bourgey<\/td>\n<\/tr>\n<tr class=\"row-3 odd\">\n<td class=\"column-1\">Place<\/td>\n<td class=\"column-2\">H\u00f4tel Drouot (Paris)<\/td>\n<\/tr>\n<tr class=\"row-4 even\">\n<td class=\"column-1\">Date<\/td>\n<td class=\"column-2\">12-15 Novembre 1951<\/td>\n<\/tr>\n<tr class=\"row-5 odd\">\n<td class=\"column-1\">Specifications<\/td>\n<td class=\"column-2\">48 pages + 12 planches &#8211; 998 num\u00e9ros + liste des prix r\u00e9alis\u00e9s<\/td>\n<\/tr>\n<tr class=\"row-6 even\">\n<td class=\"column-1\">Condition<\/td>\n<td class=\"column-2\">Bon \u00e9tat<\/td>\n<\/tr>\n<\/table>","protected":false},"excerpt":{"rendered":"<p>Titre complet Ancienne Collection Georges Motte Tr\u00e8s importante Collection de Monnaies Fran\u00e7aises de la Gaule \u00e0 nos jours appartenant \u00e0 un Amateur Expert \u00c9mile Bourgey Lieu H\u00f4tel Drouot (Paris) Date 12-15 Novembre 1951 Caract\u00e9ristiques 48 pages + 12 planches &#8211; 998 num\u00e9ros + liste des prix r\u00e9alis\u00e9s \u00c9tat Bon \u00e9tat<\/p>","protected":false},"featured_media":20773,"template":"","meta":[],"product_brand":[],"product_cat":[388],"product_tag":[166,393,156,160,162,158,161],"class_list":{"0":"post-6685","1":"product","2":"type-product","3":"status-publish","4":"has-post-thumbnail","6":"product_cat-archives-librairie","7":"product_tag-catalogues-de-vente","8":"product_tag-librairie","9":"product_tag-livres-monnaies-gauloises","10":"product_tag-livres-monnaies-medievales","11":"product_tag-livres-monnaies-modernes","12":"product_tag-livres-monnaies-romaines","13":"product_tag-livres-monnaies-royales","15":"first","16":"outofstock","17":"sold-individually","18":"shipping-taxable","19":"purchasable","20":"product-type-simple"},"yoast_head":"<!-- This site is optimized with the Yoast SEO plugin v27.5 - https:\/\/yoast.com\/product\/yoast-seo-wordpress\/ -->\n<title>ANCIENNE COLLECTION GEORGES MOTTE \u2022 Bourgey 1951 &#8226; Odysseus<\/title>\n<meta name=\"robots\" content=\"index, follow, max-snippet:-1, max-image-preview:large, max-video-preview:-1\" \/>\n<link rel=\"canonical\" href=\"https:\/\/odysseus-numismatique.com\/en\/article\/ancienne-collection-georges-motte-bourgey-1951\/\" \/>\n<meta property=\"og:locale\" content=\"en_GB\" \/>\n<meta property=\"og:type\" content=\"article\" \/>\n<meta property=\"og:title\" content=\"ANCIENNE COLLECTION GEORGES MOTTE \u2022 Bourgey 1951 &#8226; Odysseus\" \/>\n<meta property=\"og:description\" content=\"Titre complet Ancienne Collection Georges Motte Tr\u00e8s importante Collection de Monnaies Fran\u00e7aises de la Gaule \u00e0 nos jours appartenant \u00e0 un Amateur Expert \u00c9mile Bourgey Lieu H\u00f4tel Drouot (Paris) Date 12-15 Novembre 1951 Caract\u00e9ristiques 48 pages + 12 planches &#8211; 998 num\u00e9ros + liste des prix r\u00e9alis\u00e9s \u00c9tat Bon \u00e9tat\" \/>\n<meta property=\"og:url\" content=\"https:\/\/odysseus-numismatique.com\/en\/article\/ancienne-collection-georges-motte-bourgey-1951\/\" \/>\n<meta property=\"og:site_name\" content=\"Odysseus\" \/>\n<meta property=\"article:modified_time\" content=\"2025-03-17T22:49:33+00:00\" \/>\n<meta property=\"og:image\" content=\"https:\/\/odysseus-numismatique.com\/wp-content\/uploads\/2019\/11\/ancienne-collection-georges-motte-bourgey-1951.jpg\" \/>\n\t<meta property=\"og:image:width\" content=\"1500\" \/>\n\t<meta property=\"og:image:height\" content=\"750\" \/>\n\t<meta property=\"og:image:type\" content=\"image\/jpeg\" \/>\n<meta name=\"twitter:card\" content=\"summary_large_image\" \/>\n<meta name=\"twitter:label1\" content=\"Estimated reading time\" \/>\n\t<meta name=\"twitter:data1\" content=\"1 minute\" \/>\n<script type=\"application\/ld+json\" class=\"yoast-schema-graph\">{\"@context\":\"https:\\\/\\\/schema.org\",\"@graph\":[{\"@type\":\"WebPage\",\"@id\":\"https:\\\/\\\/odysseus-numismatique.com\\\/article\\\/ancienne-collection-georges-motte-bourgey-1951\\\/\",\"url\":\"https:\\\/\\\/odysseus-numismatique.com\\\/article\\\/ancienne-collection-georges-motte-bourgey-1951\\\/\",\"name\":\"ANCIENNE COLLECTION GEORGES MOTTE \u2022 Bourgey 1951 &#8226; Odysseus\",\"isPartOf\":{\"@id\":\"https:\\\/\\\/odysseus-numismatique.com\\\/#website\"},\"primaryImageOfPage\":{\"@id\":\"https:\\\/\\\/odysseus-numismatique.com\\\/article\\\/ancienne-collection-georges-motte-bourgey-1951\\\/#primaryimage\"},\"image\":{\"@id\":\"https:\\\/\\\/odysseus-numismatique.com\\\/article\\\/ancienne-collection-georges-motte-bourgey-1951\\\/#primaryimage\"},\"thumbnailUrl\":\"https:\\\/\\\/odysseus-numismatique.com\\\/wp-content\\\/uploads\\\/2019\\\/11\\\/ancienne-collection-georges-motte-bourgey-1951.jpg\",\"datePublished\":\"2019-11-28T22:17:40+00:00\",\"dateModified\":\"2025-03-17T22:49:33+00:00\",\"breadcrumb\":{\"@id\":\"https:\\\/\\\/odysseus-numismatique.com\\\/article\\\/ancienne-collection-georges-motte-bourgey-1951\\\/#breadcrumb\"},\"inLanguage\":\"en-GB\",\"potentialAction\":[{\"@type\":\"ReadAction\",\"target\":[\"https:\\\/\\\/odysseus-numismatique.com\\\/article\\\/ancienne-collection-georges-motte-bourgey-1951\\\/\"]}]},{\"@type\":\"ImageObject\",\"inLanguage\":\"en-GB\",\"@id\":\"https:\\\/\\\/odysseus-numismatique.com\\\/article\\\/ancienne-collection-georges-motte-bourgey-1951\\\/#primaryimage\",\"url\":\"https:\\\/\\\/odysseus-numismatique.com\\\/wp-content\\\/uploads\\\/2019\\\/11\\\/ancienne-collection-georges-motte-bourgey-1951.jpg\",\"contentUrl\":\"https:\\\/\\\/odysseus-numismatique.com\\\/wp-content\\\/uploads\\\/2019\\\/11\\\/ancienne-collection-georges-motte-bourgey-1951.jpg\",\"width\":1500,\"height\":750,\"caption\":\"Odysseus Numismatique Livres Catalogues de Vente Monnaies ANCIENNE COLLECTION GEORGES MOTTE \u2022 Bourgey 1951\"},{\"@type\":\"BreadcrumbList\",\"@id\":\"https:\\\/\\\/odysseus-numismatique.com\\\/article\\\/ancienne-collection-georges-motte-bourgey-1951\\\/#breadcrumb\",\"itemListElement\":[{\"@type\":\"ListItem\",\"position\":1,\"name\":\"Accueil\",\"item\":\"https:\\\/\\\/odysseus-numismatique.com\\\/\"},{\"@type\":\"ListItem\",\"position\":2,\"name\":\"Boutique\",\"item\":\"https:\\\/\\\/odysseus-numismatique.com\\\/en\\\/boutique\\\/\"},{\"@type\":\"ListItem\",\"position\":3,\"name\":\"ANCIENNE COLLECTION GEORGES MOTTE Bourgey 1951\"}]},{\"@type\":\"WebSite\",\"@id\":\"https:\\\/\\\/odysseus-numismatique.com\\\/#website\",\"url\":\"https:\\\/\\\/odysseus-numismatique.com\\\/\",\"name\":\"Odysseus\",\"description\":\"Numismatique\",\"publisher\":{\"@id\":\"https:\\\/\\\/odysseus-numismatique.com\\\/#organization\"},\"potentialAction\":[{\"@type\":\"SearchAction\",\"target\":{\"@type\":\"EntryPoint\",\"urlTemplate\":\"https:\\\/\\\/odysseus-numismatique.com\\\/?s={search_term_string}\"},\"query-input\":{\"@type\":\"PropertyValueSpecification\",\"valueRequired\":true,\"valueName\":\"search_term_string\"}}],\"inLanguage\":\"en-GB\"},{\"@type\":\"Organization\",\"@id\":\"https:\\\/\\\/odysseus-numismatique.com\\\/#organization\",\"name\":\"Odysseus\",\"url\":\"https:\\\/\\\/odysseus-numismatique.com\\\/\",\"logo\":{\"@type\":\"ImageObject\",\"inLanguage\":\"en-GB\",\"@id\":\"https:\\\/\\\/odysseus-numismatique.com\\\/#\\\/schema\\\/logo\\\/image\\\/\",\"url\":\"https:\\\/\\\/odysseus-numismatique.com\\\/wp-content\\\/uploads\\\/2019\\\/04\\\/odysseus-numismatique.png\",\"contentUrl\":\"https:\\\/\\\/odysseus-numismatique.com\\\/wp-content\\\/uploads\\\/2019\\\/04\\\/odysseus-numismatique.png\",\"width\":500,\"height\":500,\"caption\":\"Odysseus\"},\"image\":{\"@id\":\"https:\\\/\\\/odysseus-numismatique.com\\\/#\\\/schema\\\/logo\\\/image\\\/\"}}]}<\/script>\n<!-- \/ Yoast SEO plugin. -->","yoast_head_json":{"title":"ANCIENNE COLLECTION GEORGES MOTTE \u2022 Bourgey 1951 &#8226; Odysseus","robots":{"index":"index","follow":"follow","max-snippet":"max-snippet:-1","max-image-preview":"max-image-preview:large","max-video-preview":"max-video-preview:-1"},"canonical":"https:\/\/odysseus-numismatique.com\/en\/article\/ancienne-collection-georges-motte-bourgey-1951\/","og_locale":"en_GB","og_type":"article","og_title":"ANCIENNE COLLECTION GEORGES MOTTE \u2022 Bourgey 1951 &#8226; Odysseus","og_description":"Titre complet Ancienne Collection Georges Motte Tr\u00e8s importante Collection de Monnaies Fran\u00e7aises de la Gaule \u00e0 nos jours appartenant \u00e0 un Amateur Expert \u00c9mile Bourgey Lieu H\u00f4tel Drouot (Paris) Date 12-15 Novembre 1951 Caract\u00e9ristiques 48 pages + 12 planches &#8211; 998 num\u00e9ros + liste des prix r\u00e9alis\u00e9s \u00c9tat Bon \u00e9tat","og_url":"https:\/\/odysseus-numismatique.com\/en\/article\/ancienne-collection-georges-motte-bourgey-1951\/","og_site_name":"Odysseus","article_modified_time":"2025-03-17T22:49:33+00:00","og_image":[{"width":1500,"height":750,"url":"https:\/\/odysseus-numismatique.com\/wp-content\/uploads\/2019\/11\/ancienne-collection-georges-motte-bourgey-1951.jpg","type":"image\/jpeg"}],"twitter_card":"summary_large_image","twitter_misc":{"Estimated reading time":"1 minute"},"schema":{"@context":"https:\/\/schema.org","@graph":[{"@type":"WebPage","@id":"https:\/\/odysseus-numismatique.com\/article\/ancienne-collection-georges-motte-bourgey-1951\/","url":"https:\/\/odysseus-numismatique.com\/article\/ancienne-collection-georges-motte-bourgey-1951\/","name":"ANCIENNE COLLECTION GEORGES MOTTE \u2022 Bourgey 1951 &#8226; Odysseus","isPartOf":{"@id":"https:\/\/odysseus-numismatique.com\/#website"},"primaryImageOfPage":{"@id":"https:\/\/odysseus-numismatique.com\/article\/ancienne-collection-georges-motte-bourgey-1951\/#primaryimage"},"image":{"@id":"https:\/\/odysseus-numismatique.com\/article\/ancienne-collection-georges-motte-bourgey-1951\/#primaryimage"},"thumbnailUrl":"https:\/\/odysseus-numismatique.com\/wp-content\/uploads\/2019\/11\/ancienne-collection-georges-motte-bourgey-1951.jpg","datePublished":"2019-11-28T22:17:40+00:00","dateModified":"2025-03-17T22:49:33+00:00","breadcrumb":{"@id":"https:\/\/odysseus-numismatique.com\/article\/ancienne-collection-georges-motte-bourgey-1951\/#breadcrumb"},"inLanguage":"en-GB","potentialAction":[{"@type":"ReadAction","target":["https:\/\/odysseus-numismatique.com\/article\/ancienne-collection-georges-motte-bourgey-1951\/"]}]},{"@type":"ImageObject","inLanguage":"en-GB","@id":"https:\/\/odysseus-numismatique.com\/article\/ancienne-collection-georges-motte-bourgey-1951\/#primaryimage","url":"https:\/\/odysseus-numismatique.com\/wp-content\/uploads\/2019\/11\/ancienne-collection-georges-motte-bourgey-1951.jpg","contentUrl":"https:\/\/odysseus-numismatique.com\/wp-content\/uploads\/2019\/11\/ancienne-collection-georges-motte-bourgey-1951.jpg","width":1500,"height":750,"caption":"Odysseus Numismatique Livres Catalogues de Vente Monnaies ANCIENNE COLLECTION GEORGES MOTTE \u2022 Bourgey 1951"},{"@type":"BreadcrumbList","@id":"https:\/\/odysseus-numismatique.com\/article\/ancienne-collection-georges-motte-bourgey-1951\/#breadcrumb","itemListElement":[{"@type":"ListItem","position":1,"name":"Accueil","item":"https:\/\/odysseus-numismatique.com\/"},{"@type":"ListItem","position":2,"name":"Boutique","item":"https:\/\/odysseus-numismatique.com\/en\/boutique\/"},{"@type":"ListItem","position":3,"name":"ANCIENNE COLLECTION GEORGES MOTTE Bourgey 1951"}]},{"@type":"WebSite","@id":"https:\/\/odysseus-numismatique.com\/#website","url":"https:\/\/odysseus-numismatique.com\/","name":"Odysseus","description":"Numismatics","publisher":{"@id":"https:\/\/odysseus-numismatique.com\/#organization"},"potentialAction":[{"@type":"SearchAction","target":{"@type":"EntryPoint","urlTemplate":"https:\/\/odysseus-numismatique.com\/?s={search_term_string}"},"query-input":{"@type":"PropertyValueSpecification","valueRequired":true,"valueName":"search_term_string"}}],"inLanguage":"en-GB"},{"@type":"Organization","@id":"https:\/\/odysseus-numismatique.com\/#organization","name":"Odysseus","url":"https:\/\/odysseus-numismatique.com\/","logo":{"@type":"ImageObject","inLanguage":"en-GB","@id":"https:\/\/odysseus-numismatique.com\/#\/schema\/logo\/image\/","url":"https:\/\/odysseus-numismatique.com\/wp-content\/uploads\/2019\/04\/odysseus-numismatique.png","contentUrl":"https:\/\/odysseus-numismatique.com\/wp-content\/uploads\/2019\/04\/odysseus-numismatique.png","width":500,"height":500,"caption":"Odysseus"},"image":{"@id":"https:\/\/odysseus-numismatique.com\/#\/schema\/logo\/image\/"}}]}},"_links":{"self":[{"href":"https:\/\/odysseus-numismatique.com\/en\/wp-json\/wp\/v2\/product\/6685","targetHints":{"allow":["GET"]}}],"collection":[{"href":"https:\/\/odysseus-numismatique.com\/en\/wp-json\/wp\/v2\/product"}],"about":[{"href":"https:\/\/odysseus-numismatique.com\/en\/wp-json\/wp\/v2\/types\/product"}],"wp:featuredmedia":[{"embeddable":true,"href":"https:\/\/odysseus-numismatique.com\/en\/wp-json\/wp\/v2\/media\/20773"}],"wp:attachment":[{"href":"https:\/\/odysseus-numismatique.com\/en\/wp-json\/wp\/v2\/media?parent=6685"}],"wp:term":[{"taxonomy":"product_brand","embeddable":true,"href":"https:\/\/odysseus-numismatique.com\/en\/wp-json\/wp\/v2\/product_brand?post=6685"},{"taxonomy":"product_cat","embeddable":true,"href":"https:\/\/odysseus-numismatique.com\/en\/wp-json\/wp\/v2\/product_cat?post=6685"},{"taxonomy":"product_tag","embeddable":true,"href":"https:\/\/odysseus-numismatique.com\/en\/wp-json\/wp\/v2\/product_tag?post=6685"}],"curies":[{"name":"wp","href":"https:\/\/api.w.org\/{rel}","templated":true}]}}