{"id":5653,"date":"2019-08-22T00:40:13","date_gmt":"2019-08-21T22:40:13","guid":{"rendered":"https:\/\/odysseus-numismatique.com\/?post_type=product&#038;p=5653"},"modified":"2025-03-18T01:15:58","modified_gmt":"2025-03-18T00:15:58","slug":"constance-ii-maiorina","status":"publish","type":"product","link":"https:\/\/odysseus-numismatique.com\/en\/article\/constance-ii-maiorina\/","title":{"rendered":"CONSTANTIUS II <br \/> Maiorina"},"content":{"rendered":"<style>\n.tableproduct {border-collapse:none}\n.tableproduct td {border:none!important; padding:10px}\n.tableproduct .odd td {background-color:#424242}\n.tableproduct .even td {background-color:#3a3a3a}\n.tableproduct .column-1 {text-transform:uppercase; font-weight:bold; font-size:0.75em; width:20%}\n.tableproduct .column-2 {font-size:1em}\n<\/style>\n<table class=\"tableproduct\">\n<tr class=\"row-1 odd\">\n<td class=\"column-1\">Obverse<\/td>\n<td class=\"column-2\">D N CONSTANTIVS P F AVG<br \/>\nBuste diad\u00e9m\u00e9, drap\u00e9 et cuirass\u00e9 de Constance II \u00e0 droite.<\/td>\n<\/tr>\n<tr class=\"row-2 even\">\n<td class=\"column-1\">Reverse<\/td>\n<td class=\"column-2\">FEL TEMP REPARATIO<br \/>\nConstance II debout \u00e0 gauche sur une gal\u00e8re, tenant un globe surmont\u00e9 d&rsquo;un ph\u00e9nix et un labarum chrism\u00e9. Conduit par une Victoire tenant une rame, TRS \u00e0 l&rsquo;exergue.<\/td>\n<\/tr>\n<tr class=\"row-3 odd\">\n<td class=\"column-1\">Denomination<\/td>\n<td class=\"column-2\">Maiorina or Centenionalis<\/td>\n<\/tr>\n<tr class=\"row-4 even\">\n<td class=\"column-1\">Date<\/td>\n<td class=\"column-2\">AD 348-350<\/td>\n<\/tr>\n<tr class=\"row-5 odd\">\n<td class=\"column-1\">Mint<\/td>\n<td class=\"column-2\">Trier<\/td>\n<\/tr>\n<tr class=\"row-6 even\">\n<td class=\"column-1\">Metal<\/td>\n<td class=\"column-2\">Bronze<\/td>\n<\/tr>\n<tr class=\"row-7 odd\">\n<td class=\"column-1\">Weight<\/td>\n<td class=\"column-2\">5.03 g<\/td>\n<\/tr>\n<tr class=\"row-8 even\">\n<td class=\"column-1\">Diameter<\/td>\n<td class=\"column-2\">22.5 mm<\/td>\n<\/tr>\n<tr class=\"row-9 odd\">\n<td class=\"column-1\">Die Axis<\/td>\n<td class=\"column-2\">12 h<\/td>\n<\/tr>\n<tr class=\"row-10 even\">\n<td class=\"column-1\">Reference<\/td>\n<td class=\"column-2\">RIC.214 var.<\/td>\n<\/tr>\n<tr class=\"row-11 odd\">\n<td class=\"column-1\">Condition<\/td>\n<td class=\"column-2\">EF<\/td>\n<\/tr>\n<\/table>","protected":false},"excerpt":{"rendered":"<p>Avers D N CONSTANTIVS P F AVG Buste diad\u00e9m\u00e9, drap\u00e9 et cuirass\u00e9 de Constance II \u00e0 droite. Revers FEL TEMP REPARATIO Constance II debout \u00e0 gauche sur une gal\u00e8re, tenant un globe surmont\u00e9 d&rsquo;un ph\u00e9nix et un labarum chrism\u00e9. Conduit par une Victoire tenant une rame, TRS \u00e0 l&rsquo;exergue. Module Maiorina ou Centenionalis Date 348-350 [&hellip;]<\/p>\n","protected":false},"featured_media":5654,"template":"","meta":[],"product_brand":[],"product_cat":[15],"product_tag":[303,394],"class_list":{"0":"post-5653","1":"product","2":"type-product","3":"status-publish","4":"has-post-thumbnail","6":"product_cat-vendus","7":"product_tag-monnaies-romaines-imperiales","8":"product_tag-numismatique","9":"pa_atelier-treves","10":"pa_metal-bronze","11":"pa_module-maiorina","13":"first","14":"outofstock","15":"sold-individually","16":"shipping-taxable","17":"purchasable","18":"product-type-simple"},"yoast_head":"<!-- This site is optimized with the Yoast SEO plugin v27.5 - https:\/\/yoast.com\/product\/yoast-seo-wordpress\/ -->\n<title>CONSTANCE II \u2022 Maiorina &#8226; Odysseus<\/title>\n<meta name=\"robots\" content=\"index, follow, max-snippet:-1, max-image-preview:large, max-video-preview:-1\" \/>\n<link rel=\"canonical\" href=\"https:\/\/odysseus-numismatique.com\/en\/article\/constance-ii-maiorina\/\" \/>\n<meta property=\"og:locale\" content=\"en_GB\" \/>\n<meta property=\"og:type\" content=\"article\" \/>\n<meta property=\"og:title\" content=\"CONSTANCE II \u2022 Maiorina &#8226; Odysseus\" \/>\n<meta property=\"og:description\" content=\"Avers D N CONSTANTIVS P F AVG Buste diad\u00e9m\u00e9, drap\u00e9 et cuirass\u00e9 de Constance II \u00e0 droite. Revers FEL TEMP REPARATIO Constance II debout \u00e0 gauche sur une gal\u00e8re, tenant un globe surmont\u00e9 d&rsquo;un ph\u00e9nix et un labarum chrism\u00e9. Conduit par une Victoire tenant une rame, TRS \u00e0 l&rsquo;exergue. Module Maiorina ou Centenionalis Date 348-350 [&hellip;]\" \/>\n<meta property=\"og:url\" content=\"https:\/\/odysseus-numismatique.com\/en\/article\/constance-ii-maiorina\/\" \/>\n<meta property=\"og:site_name\" content=\"Odysseus\" \/>\n<meta property=\"article:modified_time\" content=\"2025-03-18T00:15:58+00:00\" \/>\n<meta property=\"og:image\" content=\"https:\/\/odysseus-numismatique.com\/wp-content\/uploads\/2019\/08\/constance-ii-maiorina.jpg\" \/>\n\t<meta property=\"og:image:width\" content=\"1500\" \/>\n\t<meta property=\"og:image:height\" content=\"750\" \/>\n\t<meta property=\"og:image:type\" content=\"image\/jpeg\" \/>\n<meta name=\"twitter:card\" content=\"summary_large_image\" \/>\n<script type=\"application\/ld+json\" class=\"yoast-schema-graph\">{\"@context\":\"https:\\\/\\\/schema.org\",\"@graph\":[{\"@type\":\"WebPage\",\"@id\":\"https:\\\/\\\/odysseus-numismatique.com\\\/article\\\/constance-ii-maiorina\\\/\",\"url\":\"https:\\\/\\\/odysseus-numismatique.com\\\/article\\\/constance-ii-maiorina\\\/\",\"name\":\"CONSTANCE II \u2022 Maiorina &#8226; Odysseus\",\"isPartOf\":{\"@id\":\"https:\\\/\\\/odysseus-numismatique.com\\\/#website\"},\"primaryImageOfPage\":{\"@id\":\"https:\\\/\\\/odysseus-numismatique.com\\\/article\\\/constance-ii-maiorina\\\/#primaryimage\"},\"image\":{\"@id\":\"https:\\\/\\\/odysseus-numismatique.com\\\/article\\\/constance-ii-maiorina\\\/#primaryimage\"},\"thumbnailUrl\":\"https:\\\/\\\/odysseus-numismatique.com\\\/wp-content\\\/uploads\\\/2019\\\/08\\\/constance-ii-maiorina.jpg\",\"datePublished\":\"2019-08-21T22:40:13+00:00\",\"dateModified\":\"2025-03-18T00:15:58+00:00\",\"breadcrumb\":{\"@id\":\"https:\\\/\\\/odysseus-numismatique.com\\\/article\\\/constance-ii-maiorina\\\/#breadcrumb\"},\"inLanguage\":\"en-GB\",\"potentialAction\":[{\"@type\":\"ReadAction\",\"target\":[\"https:\\\/\\\/odysseus-numismatique.com\\\/article\\\/constance-ii-maiorina\\\/\"]}]},{\"@type\":\"ImageObject\",\"inLanguage\":\"en-GB\",\"@id\":\"https:\\\/\\\/odysseus-numismatique.com\\\/article\\\/constance-ii-maiorina\\\/#primaryimage\",\"url\":\"https:\\\/\\\/odysseus-numismatique.com\\\/wp-content\\\/uploads\\\/2019\\\/08\\\/constance-ii-maiorina.jpg\",\"contentUrl\":\"https:\\\/\\\/odysseus-numismatique.com\\\/wp-content\\\/uploads\\\/2019\\\/08\\\/constance-ii-maiorina.jpg\",\"width\":1500,\"height\":750,\"caption\":\"Odysseus numismatique monnaie romaine Constance II maiorina centenionalis\"},{\"@type\":\"BreadcrumbList\",\"@id\":\"https:\\\/\\\/odysseus-numismatique.com\\\/article\\\/constance-ii-maiorina\\\/#breadcrumb\",\"itemListElement\":[{\"@type\":\"ListItem\",\"position\":1,\"name\":\"Accueil\",\"item\":\"https:\\\/\\\/odysseus-numismatique.com\\\/\"},{\"@type\":\"ListItem\",\"position\":2,\"name\":\"Boutique\",\"item\":\"https:\\\/\\\/odysseus-numismatique.com\\\/en\\\/boutique\\\/\"},{\"@type\":\"ListItem\",\"position\":3,\"name\":\"CONSTANCE II Maiorina\"}]},{\"@type\":\"WebSite\",\"@id\":\"https:\\\/\\\/odysseus-numismatique.com\\\/#website\",\"url\":\"https:\\\/\\\/odysseus-numismatique.com\\\/\",\"name\":\"Odysseus\",\"description\":\"Numismatique\",\"publisher\":{\"@id\":\"https:\\\/\\\/odysseus-numismatique.com\\\/#organization\"},\"potentialAction\":[{\"@type\":\"SearchAction\",\"target\":{\"@type\":\"EntryPoint\",\"urlTemplate\":\"https:\\\/\\\/odysseus-numismatique.com\\\/?s={search_term_string}\"},\"query-input\":{\"@type\":\"PropertyValueSpecification\",\"valueRequired\":true,\"valueName\":\"search_term_string\"}}],\"inLanguage\":\"en-GB\"},{\"@type\":\"Organization\",\"@id\":\"https:\\\/\\\/odysseus-numismatique.com\\\/#organization\",\"name\":\"Odysseus\",\"url\":\"https:\\\/\\\/odysseus-numismatique.com\\\/\",\"logo\":{\"@type\":\"ImageObject\",\"inLanguage\":\"en-GB\",\"@id\":\"https:\\\/\\\/odysseus-numismatique.com\\\/#\\\/schema\\\/logo\\\/image\\\/\",\"url\":\"https:\\\/\\\/odysseus-numismatique.com\\\/wp-content\\\/uploads\\\/2019\\\/04\\\/odysseus-numismatique.png\",\"contentUrl\":\"https:\\\/\\\/odysseus-numismatique.com\\\/wp-content\\\/uploads\\\/2019\\\/04\\\/odysseus-numismatique.png\",\"width\":500,\"height\":500,\"caption\":\"Odysseus\"},\"image\":{\"@id\":\"https:\\\/\\\/odysseus-numismatique.com\\\/#\\\/schema\\\/logo\\\/image\\\/\"}}]}<\/script>\n<!-- \/ Yoast SEO plugin. -->","yoast_head_json":{"title":"CONSTANCE II \u2022 Maiorina &#8226; Odysseus","robots":{"index":"index","follow":"follow","max-snippet":"max-snippet:-1","max-image-preview":"max-image-preview:large","max-video-preview":"max-video-preview:-1"},"canonical":"https:\/\/odysseus-numismatique.com\/en\/article\/constance-ii-maiorina\/","og_locale":"en_GB","og_type":"article","og_title":"CONSTANCE II \u2022 Maiorina &#8226; Odysseus","og_description":"Avers D N CONSTANTIVS P F AVG Buste diad\u00e9m\u00e9, drap\u00e9 et cuirass\u00e9 de Constance II \u00e0 droite. Revers FEL TEMP REPARATIO Constance II debout \u00e0 gauche sur une gal\u00e8re, tenant un globe surmont\u00e9 d&rsquo;un ph\u00e9nix et un labarum chrism\u00e9. Conduit par une Victoire tenant une rame, TRS \u00e0 l&rsquo;exergue. Module Maiorina ou Centenionalis Date 348-350 [&hellip;]","og_url":"https:\/\/odysseus-numismatique.com\/en\/article\/constance-ii-maiorina\/","og_site_name":"Odysseus","article_modified_time":"2025-03-18T00:15:58+00:00","og_image":[{"width":1500,"height":750,"url":"https:\/\/odysseus-numismatique.com\/wp-content\/uploads\/2019\/08\/constance-ii-maiorina.jpg","type":"image\/jpeg"}],"twitter_card":"summary_large_image","schema":{"@context":"https:\/\/schema.org","@graph":[{"@type":"WebPage","@id":"https:\/\/odysseus-numismatique.com\/article\/constance-ii-maiorina\/","url":"https:\/\/odysseus-numismatique.com\/article\/constance-ii-maiorina\/","name":"CONSTANCE II \u2022 Maiorina &#8226; Odysseus","isPartOf":{"@id":"https:\/\/odysseus-numismatique.com\/#website"},"primaryImageOfPage":{"@id":"https:\/\/odysseus-numismatique.com\/article\/constance-ii-maiorina\/#primaryimage"},"image":{"@id":"https:\/\/odysseus-numismatique.com\/article\/constance-ii-maiorina\/#primaryimage"},"thumbnailUrl":"https:\/\/odysseus-numismatique.com\/wp-content\/uploads\/2019\/08\/constance-ii-maiorina.jpg","datePublished":"2019-08-21T22:40:13+00:00","dateModified":"2025-03-18T00:15:58+00:00","breadcrumb":{"@id":"https:\/\/odysseus-numismatique.com\/article\/constance-ii-maiorina\/#breadcrumb"},"inLanguage":"en-GB","potentialAction":[{"@type":"ReadAction","target":["https:\/\/odysseus-numismatique.com\/article\/constance-ii-maiorina\/"]}]},{"@type":"ImageObject","inLanguage":"en-GB","@id":"https:\/\/odysseus-numismatique.com\/article\/constance-ii-maiorina\/#primaryimage","url":"https:\/\/odysseus-numismatique.com\/wp-content\/uploads\/2019\/08\/constance-ii-maiorina.jpg","contentUrl":"https:\/\/odysseus-numismatique.com\/wp-content\/uploads\/2019\/08\/constance-ii-maiorina.jpg","width":1500,"height":750,"caption":"Odysseus numismatique monnaie romaine Constance II maiorina centenionalis"},{"@type":"BreadcrumbList","@id":"https:\/\/odysseus-numismatique.com\/article\/constance-ii-maiorina\/#breadcrumb","itemListElement":[{"@type":"ListItem","position":1,"name":"Accueil","item":"https:\/\/odysseus-numismatique.com\/"},{"@type":"ListItem","position":2,"name":"Boutique","item":"https:\/\/odysseus-numismatique.com\/en\/boutique\/"},{"@type":"ListItem","position":3,"name":"CONSTANCE II Maiorina"}]},{"@type":"WebSite","@id":"https:\/\/odysseus-numismatique.com\/#website","url":"https:\/\/odysseus-numismatique.com\/","name":"Odysseus","description":"Numismatics","publisher":{"@id":"https:\/\/odysseus-numismatique.com\/#organization"},"potentialAction":[{"@type":"SearchAction","target":{"@type":"EntryPoint","urlTemplate":"https:\/\/odysseus-numismatique.com\/?s={search_term_string}"},"query-input":{"@type":"PropertyValueSpecification","valueRequired":true,"valueName":"search_term_string"}}],"inLanguage":"en-GB"},{"@type":"Organization","@id":"https:\/\/odysseus-numismatique.com\/#organization","name":"Odysseus","url":"https:\/\/odysseus-numismatique.com\/","logo":{"@type":"ImageObject","inLanguage":"en-GB","@id":"https:\/\/odysseus-numismatique.com\/#\/schema\/logo\/image\/","url":"https:\/\/odysseus-numismatique.com\/wp-content\/uploads\/2019\/04\/odysseus-numismatique.png","contentUrl":"https:\/\/odysseus-numismatique.com\/wp-content\/uploads\/2019\/04\/odysseus-numismatique.png","width":500,"height":500,"caption":"Odysseus"},"image":{"@id":"https:\/\/odysseus-numismatique.com\/#\/schema\/logo\/image\/"}}]}},"_links":{"self":[{"href":"https:\/\/odysseus-numismatique.com\/en\/wp-json\/wp\/v2\/product\/5653","targetHints":{"allow":["GET"]}}],"collection":[{"href":"https:\/\/odysseus-numismatique.com\/en\/wp-json\/wp\/v2\/product"}],"about":[{"href":"https:\/\/odysseus-numismatique.com\/en\/wp-json\/wp\/v2\/types\/product"}],"wp:featuredmedia":[{"embeddable":true,"href":"https:\/\/odysseus-numismatique.com\/en\/wp-json\/wp\/v2\/media\/5654"}],"wp:attachment":[{"href":"https:\/\/odysseus-numismatique.com\/en\/wp-json\/wp\/v2\/media?parent=5653"}],"wp:term":[{"taxonomy":"product_brand","embeddable":true,"href":"https:\/\/odysseus-numismatique.com\/en\/wp-json\/wp\/v2\/product_brand?post=5653"},{"taxonomy":"product_cat","embeddable":true,"href":"https:\/\/odysseus-numismatique.com\/en\/wp-json\/wp\/v2\/product_cat?post=5653"},{"taxonomy":"product_tag","embeddable":true,"href":"https:\/\/odysseus-numismatique.com\/en\/wp-json\/wp\/v2\/product_tag?post=5653"}],"curies":[{"name":"wp","href":"https:\/\/api.w.org\/{rel}","templated":true}]}}