{"id":2824,"date":"2019-04-05T00:23:56","date_gmt":"2019-04-04T22:23:56","guid":{"rendered":"https:\/\/odysseus-numismatique.com\/?post_type=product&#038;p=2824"},"modified":"2025-03-18T01:16:37","modified_gmt":"2025-03-18T00:16:37","slug":"merovingiens-dorestad-tremissis","status":"publish","type":"product","link":"https:\/\/odysseus-numismatique.com\/en\/article\/merovingiens-dorestad-tremissis\/","title":{"rendered":"M\u00c9ROVINGIENS &#8211; DORESTAD <br \/> Tremissis"},"content":{"rendered":"<style>\n.tableproduct {border-collapse:none}\n.tableproduct td {border:none!important; padding:10px}\n.tableproduct .odd td {background-color:#424242}\n.tableproduct .even td {background-color:#3a3a3a}\n.tableproduct .column-1 {text-transform:uppercase; font-weight:bold; font-size:0.75em; width:20%}\n.tableproduct .column-2 {font-size:1em}\n<\/style>\n<table class=\"tableproduct\">\n<tr class=\"row-1 odd\">\n<td class=\"column-1\">Obverse<\/td>\n<td class=\"column-2\">L\u00e9gende d\u00e9g\u00e9n\u00e9r\u00e9e AORES TAT FIT<br \/>\nT\u00eate stylis\u00e9e \u00e0 droite.<\/td>\n<\/tr>\n<tr class=\"row-2 even\">\n<td class=\"column-1\">Reverse<\/td>\n<td class=\"column-2\">L\u00e9gende d\u00e9g\u00e9n\u00e9r\u00e9e HAVELTIUVSH<br \/>\nCroix latine pos\u00e9e sur un degr\u00e9, six globules pos\u00e9s en deux lignes en dessous et un globule dans le champ \u00e0 gauche.<\/td>\n<\/tr>\n<tr class=\"row-3 odd\">\n<td class=\"column-1\">Denomination<\/td>\n<td class=\"column-2\">Tremissis<\/td>\n<\/tr>\n<tr class=\"row-4 even\">\n<td class=\"column-1\">Date<\/td>\n<td class=\"column-2\">675-700 ap. J.-C.<\/td>\n<\/tr>\n<tr class=\"row-5 odd\">\n<td class=\"column-1\">Mint<\/td>\n<td class=\"column-2\">Dorestad<\/td>\n<\/tr>\n<tr class=\"row-6 even\">\n<td class=\"column-1\">Metal<\/td>\n<td class=\"column-2\">Silver<\/td>\n<\/tr>\n<tr class=\"row-7 odd\">\n<td class=\"column-1\">Weight<\/td>\n<td class=\"column-2\">1.20 g<\/td>\n<\/tr>\n<tr class=\"row-8 even\">\n<td class=\"column-1\">Diameter<\/td>\n<td class=\"column-2\">13 mm<\/td>\n<\/tr>\n<tr class=\"row-9 odd\">\n<td class=\"column-1\">Die Axis<\/td>\n<td class=\"column-2\">12h<\/td>\n<\/tr>\n<tr class=\"row-10 even\">\n<td class=\"column-1\">Reference<\/td>\n<td class=\"column-2\">B.1796 &#8211; P.1233 ss var. &#8211; MEC.1\/633<\/td>\n<\/tr>\n<tr class=\"row-11 odd\">\n<td class=\"column-1\">Condition<\/td>\n<td class=\"column-2\">EF<\/td>\n<\/tr>\n<\/table>","protected":false},"excerpt":{"rendered":"<p>Avers L\u00e9gende d\u00e9g\u00e9n\u00e9r\u00e9e AORES TAT FIT T\u00eate stylis\u00e9e \u00e0 droite. Revers L\u00e9gende d\u00e9g\u00e9n\u00e9r\u00e9e HAVELTIUVSH Croix latine pos\u00e9e sur un degr\u00e9, six globules pos\u00e9s en deux lignes en dessous et un globule dans le champ \u00e0 gauche. Module Tr\u00e9missis Date 675-700 ap. J.-C. Atelier Dorestad M\u00e9tal Argent Poids 1.20 g Diam\u00e8tre 13 mm Axe des coins [&hellip;]<\/p>\n","protected":false},"featured_media":3212,"template":"","meta":[],"product_brand":[],"product_cat":[15],"product_tag":[236,394],"class_list":{"0":"post-2824","1":"product","2":"type-product","3":"status-publish","4":"has-post-thumbnail","6":"product_cat-vendus","7":"product_tag-monnaies-merovingiennes","8":"product_tag-numismatique","9":"pa_metal-argent","10":"pa_module-tremissis","12":"first","13":"outofstock","14":"sold-individually","15":"shipping-taxable","16":"purchasable","17":"product-type-simple"},"yoast_head":"<!-- This site is optimized with the Yoast SEO plugin v27.5 - https:\/\/yoast.com\/product\/yoast-seo-wordpress\/ -->\n<title>M\u00c9ROVINGIENS - DORESTAD \u2022 Tr\u00e9missis &#8226; Odysseus<\/title>\n<meta name=\"robots\" content=\"index, follow, max-snippet:-1, max-image-preview:large, max-video-preview:-1\" \/>\n<link rel=\"canonical\" href=\"https:\/\/odysseus-numismatique.com\/en\/article\/merovingiens-dorestad-tremissis\/\" \/>\n<meta property=\"og:locale\" content=\"en_GB\" \/>\n<meta property=\"og:type\" content=\"article\" \/>\n<meta property=\"og:title\" content=\"M\u00c9ROVINGIENS - DORESTAD \u2022 Tr\u00e9missis &#8226; Odysseus\" \/>\n<meta property=\"og:description\" content=\"Avers L\u00e9gende d\u00e9g\u00e9n\u00e9r\u00e9e AORES TAT FIT T\u00eate stylis\u00e9e \u00e0 droite. Revers L\u00e9gende d\u00e9g\u00e9n\u00e9r\u00e9e HAVELTIUVSH Croix latine pos\u00e9e sur un degr\u00e9, six globules pos\u00e9s en deux lignes en dessous et un globule dans le champ \u00e0 gauche. Module Tr\u00e9missis Date 675-700 ap. J.-C. Atelier Dorestad M\u00e9tal Argent Poids 1.20 g Diam\u00e8tre 13 mm Axe des coins [&hellip;]\" \/>\n<meta property=\"og:url\" content=\"https:\/\/odysseus-numismatique.com\/en\/article\/merovingiens-dorestad-tremissis\/\" \/>\n<meta property=\"og:site_name\" content=\"Odysseus\" \/>\n<meta property=\"article:modified_time\" content=\"2025-03-18T00:16:37+00:00\" \/>\n<meta property=\"og:image\" content=\"https:\/\/odysseus-numismatique.com\/wp-content\/uploads\/2019\/02\/dorestas-tremissis.jpg\" \/>\n\t<meta property=\"og:image:width\" content=\"1500\" \/>\n\t<meta property=\"og:image:height\" content=\"750\" \/>\n\t<meta property=\"og:image:type\" content=\"image\/jpeg\" \/>\n<meta name=\"twitter:card\" content=\"summary_large_image\" \/>\n<script type=\"application\/ld+json\" class=\"yoast-schema-graph\">{\"@context\":\"https:\\\/\\\/schema.org\",\"@graph\":[{\"@type\":\"WebPage\",\"@id\":\"https:\\\/\\\/odysseus-numismatique.com\\\/article\\\/merovingiens-dorestad-tremissis\\\/\",\"url\":\"https:\\\/\\\/odysseus-numismatique.com\\\/article\\\/merovingiens-dorestad-tremissis\\\/\",\"name\":\"M\u00c9ROVINGIENS - DORESTAD \u2022 Tr\u00e9missis &#8226; Odysseus\",\"isPartOf\":{\"@id\":\"https:\\\/\\\/odysseus-numismatique.com\\\/#website\"},\"primaryImageOfPage\":{\"@id\":\"https:\\\/\\\/odysseus-numismatique.com\\\/article\\\/merovingiens-dorestad-tremissis\\\/#primaryimage\"},\"image\":{\"@id\":\"https:\\\/\\\/odysseus-numismatique.com\\\/article\\\/merovingiens-dorestad-tremissis\\\/#primaryimage\"},\"thumbnailUrl\":\"https:\\\/\\\/odysseus-numismatique.com\\\/wp-content\\\/uploads\\\/2019\\\/02\\\/dorestas-tremissis.jpg\",\"datePublished\":\"2019-04-04T22:23:56+00:00\",\"dateModified\":\"2025-03-18T00:16:37+00:00\",\"breadcrumb\":{\"@id\":\"https:\\\/\\\/odysseus-numismatique.com\\\/article\\\/merovingiens-dorestad-tremissis\\\/#breadcrumb\"},\"inLanguage\":\"en-GB\",\"potentialAction\":[{\"@type\":\"ReadAction\",\"target\":[\"https:\\\/\\\/odysseus-numismatique.com\\\/article\\\/merovingiens-dorestad-tremissis\\\/\"]}]},{\"@type\":\"ImageObject\",\"inLanguage\":\"en-GB\",\"@id\":\"https:\\\/\\\/odysseus-numismatique.com\\\/article\\\/merovingiens-dorestad-tremissis\\\/#primaryimage\",\"url\":\"https:\\\/\\\/odysseus-numismatique.com\\\/wp-content\\\/uploads\\\/2019\\\/02\\\/dorestas-tremissis.jpg\",\"contentUrl\":\"https:\\\/\\\/odysseus-numismatique.com\\\/wp-content\\\/uploads\\\/2019\\\/02\\\/dorestas-tremissis.jpg\",\"width\":1500,\"height\":750,\"caption\":\"Odysseus numismatique monnaie m\u00e9rovingienne Dorestas tr\u00e9missis triens\"},{\"@type\":\"BreadcrumbList\",\"@id\":\"https:\\\/\\\/odysseus-numismatique.com\\\/article\\\/merovingiens-dorestad-tremissis\\\/#breadcrumb\",\"itemListElement\":[{\"@type\":\"ListItem\",\"position\":1,\"name\":\"Accueil\",\"item\":\"https:\\\/\\\/odysseus-numismatique.com\\\/\"},{\"@type\":\"ListItem\",\"position\":2,\"name\":\"Boutique\",\"item\":\"https:\\\/\\\/odysseus-numismatique.com\\\/en\\\/boutique\\\/\"},{\"@type\":\"ListItem\",\"position\":3,\"name\":\"M\u00c9ROVINGIENS &#8211; DORESTAD Tr\u00e9missis\"}]},{\"@type\":\"WebSite\",\"@id\":\"https:\\\/\\\/odysseus-numismatique.com\\\/#website\",\"url\":\"https:\\\/\\\/odysseus-numismatique.com\\\/\",\"name\":\"Odysseus\",\"description\":\"Numismatique\",\"publisher\":{\"@id\":\"https:\\\/\\\/odysseus-numismatique.com\\\/#organization\"},\"potentialAction\":[{\"@type\":\"SearchAction\",\"target\":{\"@type\":\"EntryPoint\",\"urlTemplate\":\"https:\\\/\\\/odysseus-numismatique.com\\\/?s={search_term_string}\"},\"query-input\":{\"@type\":\"PropertyValueSpecification\",\"valueRequired\":true,\"valueName\":\"search_term_string\"}}],\"inLanguage\":\"en-GB\"},{\"@type\":\"Organization\",\"@id\":\"https:\\\/\\\/odysseus-numismatique.com\\\/#organization\",\"name\":\"Odysseus\",\"url\":\"https:\\\/\\\/odysseus-numismatique.com\\\/\",\"logo\":{\"@type\":\"ImageObject\",\"inLanguage\":\"en-GB\",\"@id\":\"https:\\\/\\\/odysseus-numismatique.com\\\/#\\\/schema\\\/logo\\\/image\\\/\",\"url\":\"https:\\\/\\\/odysseus-numismatique.com\\\/wp-content\\\/uploads\\\/2019\\\/04\\\/odysseus-numismatique.png\",\"contentUrl\":\"https:\\\/\\\/odysseus-numismatique.com\\\/wp-content\\\/uploads\\\/2019\\\/04\\\/odysseus-numismatique.png\",\"width\":500,\"height\":500,\"caption\":\"Odysseus\"},\"image\":{\"@id\":\"https:\\\/\\\/odysseus-numismatique.com\\\/#\\\/schema\\\/logo\\\/image\\\/\"}}]}<\/script>\n<!-- \/ Yoast SEO plugin. -->","yoast_head_json":{"title":"M\u00c9ROVINGIENS - DORESTAD \u2022 Tr\u00e9missis &#8226; Odysseus","robots":{"index":"index","follow":"follow","max-snippet":"max-snippet:-1","max-image-preview":"max-image-preview:large","max-video-preview":"max-video-preview:-1"},"canonical":"https:\/\/odysseus-numismatique.com\/en\/article\/merovingiens-dorestad-tremissis\/","og_locale":"en_GB","og_type":"article","og_title":"M\u00c9ROVINGIENS - DORESTAD \u2022 Tr\u00e9missis &#8226; Odysseus","og_description":"Avers L\u00e9gende d\u00e9g\u00e9n\u00e9r\u00e9e AORES TAT FIT T\u00eate stylis\u00e9e \u00e0 droite. Revers L\u00e9gende d\u00e9g\u00e9n\u00e9r\u00e9e HAVELTIUVSH Croix latine pos\u00e9e sur un degr\u00e9, six globules pos\u00e9s en deux lignes en dessous et un globule dans le champ \u00e0 gauche. Module Tr\u00e9missis Date 675-700 ap. J.-C. Atelier Dorestad M\u00e9tal Argent Poids 1.20 g Diam\u00e8tre 13 mm Axe des coins [&hellip;]","og_url":"https:\/\/odysseus-numismatique.com\/en\/article\/merovingiens-dorestad-tremissis\/","og_site_name":"Odysseus","article_modified_time":"2025-03-18T00:16:37+00:00","og_image":[{"width":1500,"height":750,"url":"https:\/\/odysseus-numismatique.com\/wp-content\/uploads\/2019\/02\/dorestas-tremissis.jpg","type":"image\/jpeg"}],"twitter_card":"summary_large_image","schema":{"@context":"https:\/\/schema.org","@graph":[{"@type":"WebPage","@id":"https:\/\/odysseus-numismatique.com\/article\/merovingiens-dorestad-tremissis\/","url":"https:\/\/odysseus-numismatique.com\/article\/merovingiens-dorestad-tremissis\/","name":"M\u00c9ROVINGIENS - DORESTAD \u2022 Tr\u00e9missis &#8226; Odysseus","isPartOf":{"@id":"https:\/\/odysseus-numismatique.com\/#website"},"primaryImageOfPage":{"@id":"https:\/\/odysseus-numismatique.com\/article\/merovingiens-dorestad-tremissis\/#primaryimage"},"image":{"@id":"https:\/\/odysseus-numismatique.com\/article\/merovingiens-dorestad-tremissis\/#primaryimage"},"thumbnailUrl":"https:\/\/odysseus-numismatique.com\/wp-content\/uploads\/2019\/02\/dorestas-tremissis.jpg","datePublished":"2019-04-04T22:23:56+00:00","dateModified":"2025-03-18T00:16:37+00:00","breadcrumb":{"@id":"https:\/\/odysseus-numismatique.com\/article\/merovingiens-dorestad-tremissis\/#breadcrumb"},"inLanguage":"en-GB","potentialAction":[{"@type":"ReadAction","target":["https:\/\/odysseus-numismatique.com\/article\/merovingiens-dorestad-tremissis\/"]}]},{"@type":"ImageObject","inLanguage":"en-GB","@id":"https:\/\/odysseus-numismatique.com\/article\/merovingiens-dorestad-tremissis\/#primaryimage","url":"https:\/\/odysseus-numismatique.com\/wp-content\/uploads\/2019\/02\/dorestas-tremissis.jpg","contentUrl":"https:\/\/odysseus-numismatique.com\/wp-content\/uploads\/2019\/02\/dorestas-tremissis.jpg","width":1500,"height":750,"caption":"Odysseus numismatique monnaie m\u00e9rovingienne Dorestas tr\u00e9missis triens"},{"@type":"BreadcrumbList","@id":"https:\/\/odysseus-numismatique.com\/article\/merovingiens-dorestad-tremissis\/#breadcrumb","itemListElement":[{"@type":"ListItem","position":1,"name":"Accueil","item":"https:\/\/odysseus-numismatique.com\/"},{"@type":"ListItem","position":2,"name":"Boutique","item":"https:\/\/odysseus-numismatique.com\/en\/boutique\/"},{"@type":"ListItem","position":3,"name":"M\u00c9ROVINGIENS &#8211; DORESTAD Tr\u00e9missis"}]},{"@type":"WebSite","@id":"https:\/\/odysseus-numismatique.com\/#website","url":"https:\/\/odysseus-numismatique.com\/","name":"Odysseus","description":"Numismatics","publisher":{"@id":"https:\/\/odysseus-numismatique.com\/#organization"},"potentialAction":[{"@type":"SearchAction","target":{"@type":"EntryPoint","urlTemplate":"https:\/\/odysseus-numismatique.com\/?s={search_term_string}"},"query-input":{"@type":"PropertyValueSpecification","valueRequired":true,"valueName":"search_term_string"}}],"inLanguage":"en-GB"},{"@type":"Organization","@id":"https:\/\/odysseus-numismatique.com\/#organization","name":"Odysseus","url":"https:\/\/odysseus-numismatique.com\/","logo":{"@type":"ImageObject","inLanguage":"en-GB","@id":"https:\/\/odysseus-numismatique.com\/#\/schema\/logo\/image\/","url":"https:\/\/odysseus-numismatique.com\/wp-content\/uploads\/2019\/04\/odysseus-numismatique.png","contentUrl":"https:\/\/odysseus-numismatique.com\/wp-content\/uploads\/2019\/04\/odysseus-numismatique.png","width":500,"height":500,"caption":"Odysseus"},"image":{"@id":"https:\/\/odysseus-numismatique.com\/#\/schema\/logo\/image\/"}}]}},"_links":{"self":[{"href":"https:\/\/odysseus-numismatique.com\/en\/wp-json\/wp\/v2\/product\/2824","targetHints":{"allow":["GET"]}}],"collection":[{"href":"https:\/\/odysseus-numismatique.com\/en\/wp-json\/wp\/v2\/product"}],"about":[{"href":"https:\/\/odysseus-numismatique.com\/en\/wp-json\/wp\/v2\/types\/product"}],"wp:featuredmedia":[{"embeddable":true,"href":"https:\/\/odysseus-numismatique.com\/en\/wp-json\/wp\/v2\/media\/3212"}],"wp:attachment":[{"href":"https:\/\/odysseus-numismatique.com\/en\/wp-json\/wp\/v2\/media?parent=2824"}],"wp:term":[{"taxonomy":"product_brand","embeddable":true,"href":"https:\/\/odysseus-numismatique.com\/en\/wp-json\/wp\/v2\/product_brand?post=2824"},{"taxonomy":"product_cat","embeddable":true,"href":"https:\/\/odysseus-numismatique.com\/en\/wp-json\/wp\/v2\/product_cat?post=2824"},{"taxonomy":"product_tag","embeddable":true,"href":"https:\/\/odysseus-numismatique.com\/en\/wp-json\/wp\/v2\/product_tag?post=2824"}],"curies":[{"name":"wp","href":"https:\/\/api.w.org\/{rel}","templated":true}]}}