{"id":22865,"date":"2026-03-27T17:48:43","date_gmt":"2026-03-27T16:48:43","guid":{"rendered":"https:\/\/odysseus-numismatique.com\/?post_type=product&#038;p=22865"},"modified":"2026-03-27T18:00:45","modified_gmt":"2026-03-27T17:00:45","slug":"antioche-philippe-ier-tetradrachme-5","status":"publish","type":"product","link":"https:\/\/odysseus-numismatique.com\/en\/article\/antioche-philippe-ier-tetradrachme-5\/","title":{"rendered":"ANTIOCH \u2013 PHILIP I <br \/> Tetradrachm"},"content":{"rendered":"<style>\n.tableproduct {border-collapse:none}\n.tableproduct td {border:none!important; padding:10px}\n.tableproduct .odd td {background-color:#424242}\n.tableproduct .even td {background-color:#3a3a3a}\n.tableproduct .column-1 {text-transform:uppercase; font-weight:bold; font-size:0.75em; width:20%}\n.tableproduct .column-2 {font-size:1em}\n<\/style>\n<table class=\"tableproduct\">\n<tr class=\"row-1 odd\">\n<td class=\"column-1\">Obverse<\/td>\n<td class=\"column-2\">\u0391\u03a5\u03a4\u039f\u039a \u039a \u039c \u0399\u039f\u03a5\u039b\u0399 \u03a6\u0399\u039b\u0399\u03a0\u03a0\u039f\u03f9 \u03f9\u0404\u0392<br \/>\nBuste radi\u00e9 et cuirass\u00e9 de Philippe Ier \u00e0 gauche, Gorgone sur la cuirasse<\/td>\n<\/tr>\n<tr class=\"row-2 even\">\n<td class=\"column-1\">Reverse<\/td>\n<td class=\"column-2\">\u0394\u0397\u039c\u0391\u03a1\u03a7 \u0404\u039e\u039f\u03a5\u03f9\u0399\u0391\u03f9 \u03a5\u03a0\u0391 \u03a4\u039f \u0393<br \/>\nAigle \u00e0 gauche, t\u00eate \u00e0 droite, couronne dans le bec, ANTIOXIA S C \u00e0 l&rsquo;exergue<\/td>\n<\/tr>\n<tr class=\"row-3 odd\">\n<td class=\"column-1\">Denomination<\/td>\n<td class=\"column-2\">Tetradrachm<\/td>\n<\/tr>\n<tr class=\"row-4 even\">\n<td class=\"column-1\">Date<\/td>\n<td class=\"column-2\">AD 247<\/td>\n<\/tr>\n<tr class=\"row-5 odd\">\n<td class=\"column-1\">Mint<\/td>\n<td class=\"column-2\">Antioch in Syria<\/td>\n<\/tr>\n<tr class=\"row-6 even\">\n<td class=\"column-1\">Metal<\/td>\n<td class=\"column-2\">Billon<\/td>\n<\/tr>\n<tr class=\"row-7 odd\">\n<td class=\"column-1\">Weight<\/td>\n<td class=\"column-2\">11.98 g<\/td>\n<\/tr>\n<tr class=\"row-8 even\">\n<td class=\"column-1\">Diameter<\/td>\n<td class=\"column-2\">27.1 mm<\/td>\n<\/tr>\n<tr class=\"row-9 odd\">\n<td class=\"column-1\">Reference<\/td>\n<td class=\"column-2\">Prieur 357 &#8211; McAlee 907a &#8211; RPC VIII Online 29149<\/td>\n<\/tr>\n<tr class=\"row-10 even\">\n<td class=\"column-1\">Condition<\/td>\n<td class=\"column-2\">EF<\/td>\n<\/tr>\n<\/table>","protected":false},"excerpt":{"rendered":"<p>Avers \u0391\u03a5\u03a4\u039f\u039a \u039a \u039c \u0399\u039f\u03a5\u039b\u0399 \u03a6\u0399\u039b\u0399\u03a0\u03a0\u039f\u03f9 \u03f9\u0404\u0392 Buste radi\u00e9 et cuirass\u00e9 de Philippe Ier \u00e0 gauche, Gorgone sur la cuirasse Revers \u0394\u0397\u039c\u0391\u03a1\u03a7 \u0404\u039e\u039f\u03a5\u03f9\u0399\u0391\u03f9 \u03a5\u03a0\u0391 \u03a4\u039f \u0393 Aigle \u00e0 gauche, t\u00eate \u00e0 droite, couronne dans le bec, ANTIOXIA S C \u00e0 l&rsquo;exergue Module T\u00e9tradrachme Date 247 ap. J.-C. Atelier Antioche en Syrie M\u00e9tal Billon Poids 11.98 [&hellip;]<\/p>\n","protected":false},"featured_media":22866,"template":"","meta":[],"product_brand":[],"product_cat":[22,17,244],"product_tag":[241,394],"class_list":{"0":"post-22865","1":"product","2":"type-product","3":"status-publish","4":"has-post-thumbnail","6":"product_cat-monnaies-romaines","7":"product_cat-numismatique","8":"product_cat-provinciales","9":"product_tag-monnaies-romaines-provinciales","10":"product_tag-numismatique","11":"pa_metal-billon","12":"pa_module-tetradrachme","14":"first","15":"instock","16":"sold-individually","17":"shipping-taxable","18":"purchasable","19":"product-type-simple"},"yoast_head":"<!-- This site is optimized with the Yoast SEO plugin v27.5 - https:\/\/yoast.com\/product\/yoast-seo-wordpress\/ -->\n<title>ANTIOCHE - PHILIPPE Ier \u2022 T\u00e9tradrachme &#8226; Odysseus<\/title>\n<meta name=\"robots\" content=\"index, follow, max-snippet:-1, max-image-preview:large, max-video-preview:-1\" \/>\n<link rel=\"canonical\" href=\"https:\/\/odysseus-numismatique.com\/en\/article\/antioche-philippe-ier-tetradrachme-5\/\" \/>\n<meta property=\"og:locale\" content=\"en_GB\" \/>\n<meta property=\"og:type\" content=\"article\" \/>\n<meta property=\"og:title\" content=\"ANTIOCHE - PHILIPPE Ier \u2022 T\u00e9tradrachme &#8226; Odysseus\" \/>\n<meta property=\"og:description\" content=\"Avers \u0391\u03a5\u03a4\u039f\u039a \u039a \u039c \u0399\u039f\u03a5\u039b\u0399 \u03a6\u0399\u039b\u0399\u03a0\u03a0\u039f\u03f9 \u03f9\u0404\u0392 Buste radi\u00e9 et cuirass\u00e9 de Philippe Ier \u00e0 gauche, Gorgone sur la cuirasse Revers \u0394\u0397\u039c\u0391\u03a1\u03a7 \u0404\u039e\u039f\u03a5\u03f9\u0399\u0391\u03f9 \u03a5\u03a0\u0391 \u03a4\u039f \u0393 Aigle \u00e0 gauche, t\u00eate \u00e0 droite, couronne dans le bec, ANTIOXIA S C \u00e0 l&rsquo;exergue Module T\u00e9tradrachme Date 247 ap. J.-C. Atelier Antioche en Syrie M\u00e9tal Billon Poids 11.98 [&hellip;]\" \/>\n<meta property=\"og:url\" content=\"https:\/\/odysseus-numismatique.com\/en\/article\/antioche-philippe-ier-tetradrachme-5\/\" \/>\n<meta property=\"og:site_name\" content=\"Odysseus\" \/>\n<meta property=\"article:modified_time\" content=\"2026-03-27T17:00:45+00:00\" \/>\n<meta property=\"og:image\" content=\"https:\/\/odysseus-numismatique.com\/wp-content\/uploads\/2026\/03\/antioche-philippe-ier-tetradrachme-5.jpg\" \/>\n\t<meta property=\"og:image:width\" content=\"1500\" \/>\n\t<meta property=\"og:image:height\" content=\"750\" \/>\n\t<meta property=\"og:image:type\" content=\"image\/jpeg\" \/>\n<meta name=\"twitter:card\" content=\"summary_large_image\" \/>\n<meta name=\"twitter:label1\" content=\"Estimated reading time\" \/>\n\t<meta name=\"twitter:data1\" content=\"1 minute\" \/>\n<script type=\"application\/ld+json\" class=\"yoast-schema-graph\">{\"@context\":\"https:\\\/\\\/schema.org\",\"@graph\":[{\"@type\":\"WebPage\",\"@id\":\"https:\\\/\\\/odysseus-numismatique.com\\\/article\\\/antioche-philippe-ier-tetradrachme-5\\\/\",\"url\":\"https:\\\/\\\/odysseus-numismatique.com\\\/article\\\/antioche-philippe-ier-tetradrachme-5\\\/\",\"name\":\"ANTIOCHE - PHILIPPE Ier \u2022 T\u00e9tradrachme &#8226; Odysseus\",\"isPartOf\":{\"@id\":\"https:\\\/\\\/odysseus-numismatique.com\\\/#website\"},\"primaryImageOfPage\":{\"@id\":\"https:\\\/\\\/odysseus-numismatique.com\\\/article\\\/antioche-philippe-ier-tetradrachme-5\\\/#primaryimage\"},\"image\":{\"@id\":\"https:\\\/\\\/odysseus-numismatique.com\\\/article\\\/antioche-philippe-ier-tetradrachme-5\\\/#primaryimage\"},\"thumbnailUrl\":\"https:\\\/\\\/odysseus-numismatique.com\\\/wp-content\\\/uploads\\\/2026\\\/03\\\/antioche-philippe-ier-tetradrachme-5.jpg\",\"datePublished\":\"2026-03-27T16:48:43+00:00\",\"dateModified\":\"2026-03-27T17:00:45+00:00\",\"breadcrumb\":{\"@id\":\"https:\\\/\\\/odysseus-numismatique.com\\\/article\\\/antioche-philippe-ier-tetradrachme-5\\\/#breadcrumb\"},\"inLanguage\":\"en-GB\",\"potentialAction\":[{\"@type\":\"ReadAction\",\"target\":[\"https:\\\/\\\/odysseus-numismatique.com\\\/article\\\/antioche-philippe-ier-tetradrachme-5\\\/\"]}]},{\"@type\":\"ImageObject\",\"inLanguage\":\"en-GB\",\"@id\":\"https:\\\/\\\/odysseus-numismatique.com\\\/article\\\/antioche-philippe-ier-tetradrachme-5\\\/#primaryimage\",\"url\":\"https:\\\/\\\/odysseus-numismatique.com\\\/wp-content\\\/uploads\\\/2026\\\/03\\\/antioche-philippe-ier-tetradrachme-5.jpg\",\"contentUrl\":\"https:\\\/\\\/odysseus-numismatique.com\\\/wp-content\\\/uploads\\\/2026\\\/03\\\/antioche-philippe-ier-tetradrachme-5.jpg\",\"width\":1500,\"height\":750,\"caption\":\"Odysseus Numismatique Monnaies Romaines Provinciales ANTIOCHE - PHILIPPE Ier \u2022 T\u00e9tradrachme\"},{\"@type\":\"BreadcrumbList\",\"@id\":\"https:\\\/\\\/odysseus-numismatique.com\\\/article\\\/antioche-philippe-ier-tetradrachme-5\\\/#breadcrumb\",\"itemListElement\":[{\"@type\":\"ListItem\",\"position\":1,\"name\":\"Accueil\",\"item\":\"https:\\\/\\\/odysseus-numismatique.com\\\/\"},{\"@type\":\"ListItem\",\"position\":2,\"name\":\"Boutique\",\"item\":\"https:\\\/\\\/odysseus-numismatique.com\\\/en\\\/boutique\\\/\"},{\"@type\":\"ListItem\",\"position\":3,\"name\":\"ANTIOCHE &#8211; PHILIPPE Ier T\u00e9tradrachme\"}]},{\"@type\":\"WebSite\",\"@id\":\"https:\\\/\\\/odysseus-numismatique.com\\\/#website\",\"url\":\"https:\\\/\\\/odysseus-numismatique.com\\\/\",\"name\":\"Odysseus\",\"description\":\"Numismatique\",\"publisher\":{\"@id\":\"https:\\\/\\\/odysseus-numismatique.com\\\/#organization\"},\"potentialAction\":[{\"@type\":\"SearchAction\",\"target\":{\"@type\":\"EntryPoint\",\"urlTemplate\":\"https:\\\/\\\/odysseus-numismatique.com\\\/?s={search_term_string}\"},\"query-input\":{\"@type\":\"PropertyValueSpecification\",\"valueRequired\":true,\"valueName\":\"search_term_string\"}}],\"inLanguage\":\"en-GB\"},{\"@type\":\"Organization\",\"@id\":\"https:\\\/\\\/odysseus-numismatique.com\\\/#organization\",\"name\":\"Odysseus\",\"url\":\"https:\\\/\\\/odysseus-numismatique.com\\\/\",\"logo\":{\"@type\":\"ImageObject\",\"inLanguage\":\"en-GB\",\"@id\":\"https:\\\/\\\/odysseus-numismatique.com\\\/#\\\/schema\\\/logo\\\/image\\\/\",\"url\":\"https:\\\/\\\/odysseus-numismatique.com\\\/wp-content\\\/uploads\\\/2019\\\/04\\\/odysseus-numismatique.png\",\"contentUrl\":\"https:\\\/\\\/odysseus-numismatique.com\\\/wp-content\\\/uploads\\\/2019\\\/04\\\/odysseus-numismatique.png\",\"width\":500,\"height\":500,\"caption\":\"Odysseus\"},\"image\":{\"@id\":\"https:\\\/\\\/odysseus-numismatique.com\\\/#\\\/schema\\\/logo\\\/image\\\/\"}}]}<\/script>\n<!-- \/ Yoast SEO plugin. -->","yoast_head_json":{"title":"ANTIOCHE - PHILIPPE Ier \u2022 T\u00e9tradrachme &#8226; Odysseus","robots":{"index":"index","follow":"follow","max-snippet":"max-snippet:-1","max-image-preview":"max-image-preview:large","max-video-preview":"max-video-preview:-1"},"canonical":"https:\/\/odysseus-numismatique.com\/en\/article\/antioche-philippe-ier-tetradrachme-5\/","og_locale":"en_GB","og_type":"article","og_title":"ANTIOCHE - PHILIPPE Ier \u2022 T\u00e9tradrachme &#8226; Odysseus","og_description":"Avers \u0391\u03a5\u03a4\u039f\u039a \u039a \u039c \u0399\u039f\u03a5\u039b\u0399 \u03a6\u0399\u039b\u0399\u03a0\u03a0\u039f\u03f9 \u03f9\u0404\u0392 Buste radi\u00e9 et cuirass\u00e9 de Philippe Ier \u00e0 gauche, Gorgone sur la cuirasse Revers \u0394\u0397\u039c\u0391\u03a1\u03a7 \u0404\u039e\u039f\u03a5\u03f9\u0399\u0391\u03f9 \u03a5\u03a0\u0391 \u03a4\u039f \u0393 Aigle \u00e0 gauche, t\u00eate \u00e0 droite, couronne dans le bec, ANTIOXIA S C \u00e0 l&rsquo;exergue Module T\u00e9tradrachme Date 247 ap. J.-C. Atelier Antioche en Syrie M\u00e9tal Billon Poids 11.98 [&hellip;]","og_url":"https:\/\/odysseus-numismatique.com\/en\/article\/antioche-philippe-ier-tetradrachme-5\/","og_site_name":"Odysseus","article_modified_time":"2026-03-27T17:00:45+00:00","og_image":[{"width":1500,"height":750,"url":"https:\/\/odysseus-numismatique.com\/wp-content\/uploads\/2026\/03\/antioche-philippe-ier-tetradrachme-5.jpg","type":"image\/jpeg"}],"twitter_card":"summary_large_image","twitter_misc":{"Estimated reading time":"1 minute"},"schema":{"@context":"https:\/\/schema.org","@graph":[{"@type":"WebPage","@id":"https:\/\/odysseus-numismatique.com\/article\/antioche-philippe-ier-tetradrachme-5\/","url":"https:\/\/odysseus-numismatique.com\/article\/antioche-philippe-ier-tetradrachme-5\/","name":"ANTIOCHE - PHILIPPE Ier \u2022 T\u00e9tradrachme &#8226; Odysseus","isPartOf":{"@id":"https:\/\/odysseus-numismatique.com\/#website"},"primaryImageOfPage":{"@id":"https:\/\/odysseus-numismatique.com\/article\/antioche-philippe-ier-tetradrachme-5\/#primaryimage"},"image":{"@id":"https:\/\/odysseus-numismatique.com\/article\/antioche-philippe-ier-tetradrachme-5\/#primaryimage"},"thumbnailUrl":"https:\/\/odysseus-numismatique.com\/wp-content\/uploads\/2026\/03\/antioche-philippe-ier-tetradrachme-5.jpg","datePublished":"2026-03-27T16:48:43+00:00","dateModified":"2026-03-27T17:00:45+00:00","breadcrumb":{"@id":"https:\/\/odysseus-numismatique.com\/article\/antioche-philippe-ier-tetradrachme-5\/#breadcrumb"},"inLanguage":"en-GB","potentialAction":[{"@type":"ReadAction","target":["https:\/\/odysseus-numismatique.com\/article\/antioche-philippe-ier-tetradrachme-5\/"]}]},{"@type":"ImageObject","inLanguage":"en-GB","@id":"https:\/\/odysseus-numismatique.com\/article\/antioche-philippe-ier-tetradrachme-5\/#primaryimage","url":"https:\/\/odysseus-numismatique.com\/wp-content\/uploads\/2026\/03\/antioche-philippe-ier-tetradrachme-5.jpg","contentUrl":"https:\/\/odysseus-numismatique.com\/wp-content\/uploads\/2026\/03\/antioche-philippe-ier-tetradrachme-5.jpg","width":1500,"height":750,"caption":"Odysseus Numismatique Monnaies Romaines Provinciales ANTIOCHE - PHILIPPE Ier \u2022 T\u00e9tradrachme"},{"@type":"BreadcrumbList","@id":"https:\/\/odysseus-numismatique.com\/article\/antioche-philippe-ier-tetradrachme-5\/#breadcrumb","itemListElement":[{"@type":"ListItem","position":1,"name":"Accueil","item":"https:\/\/odysseus-numismatique.com\/"},{"@type":"ListItem","position":2,"name":"Boutique","item":"https:\/\/odysseus-numismatique.com\/en\/boutique\/"},{"@type":"ListItem","position":3,"name":"ANTIOCHE &#8211; PHILIPPE Ier T\u00e9tradrachme"}]},{"@type":"WebSite","@id":"https:\/\/odysseus-numismatique.com\/#website","url":"https:\/\/odysseus-numismatique.com\/","name":"Odysseus","description":"Numismatics","publisher":{"@id":"https:\/\/odysseus-numismatique.com\/#organization"},"potentialAction":[{"@type":"SearchAction","target":{"@type":"EntryPoint","urlTemplate":"https:\/\/odysseus-numismatique.com\/?s={search_term_string}"},"query-input":{"@type":"PropertyValueSpecification","valueRequired":true,"valueName":"search_term_string"}}],"inLanguage":"en-GB"},{"@type":"Organization","@id":"https:\/\/odysseus-numismatique.com\/#organization","name":"Odysseus","url":"https:\/\/odysseus-numismatique.com\/","logo":{"@type":"ImageObject","inLanguage":"en-GB","@id":"https:\/\/odysseus-numismatique.com\/#\/schema\/logo\/image\/","url":"https:\/\/odysseus-numismatique.com\/wp-content\/uploads\/2019\/04\/odysseus-numismatique.png","contentUrl":"https:\/\/odysseus-numismatique.com\/wp-content\/uploads\/2019\/04\/odysseus-numismatique.png","width":500,"height":500,"caption":"Odysseus"},"image":{"@id":"https:\/\/odysseus-numismatique.com\/#\/schema\/logo\/image\/"}}]}},"_links":{"self":[{"href":"https:\/\/odysseus-numismatique.com\/en\/wp-json\/wp\/v2\/product\/22865","targetHints":{"allow":["GET"]}}],"collection":[{"href":"https:\/\/odysseus-numismatique.com\/en\/wp-json\/wp\/v2\/product"}],"about":[{"href":"https:\/\/odysseus-numismatique.com\/en\/wp-json\/wp\/v2\/types\/product"}],"wp:featuredmedia":[{"embeddable":true,"href":"https:\/\/odysseus-numismatique.com\/en\/wp-json\/wp\/v2\/media\/22866"}],"wp:attachment":[{"href":"https:\/\/odysseus-numismatique.com\/en\/wp-json\/wp\/v2\/media?parent=22865"}],"wp:term":[{"taxonomy":"product_brand","embeddable":true,"href":"https:\/\/odysseus-numismatique.com\/en\/wp-json\/wp\/v2\/product_brand?post=22865"},{"taxonomy":"product_cat","embeddable":true,"href":"https:\/\/odysseus-numismatique.com\/en\/wp-json\/wp\/v2\/product_cat?post=22865"},{"taxonomy":"product_tag","embeddable":true,"href":"https:\/\/odysseus-numismatique.com\/en\/wp-json\/wp\/v2\/product_tag?post=22865"}],"curies":[{"name":"wp","href":"https:\/\/api.w.org\/{rel}","templated":true}]}}