{"id":22549,"date":"2026-02-11T16:49:03","date_gmt":"2026-02-11T15:49:03","guid":{"rendered":"https:\/\/odysseus-numismatique.com\/?post_type=product&#038;p=22549"},"modified":"2026-03-27T13:18:49","modified_gmt":"2026-03-27T12:18:49","slug":"dionysos-amethyste-intaille-romaine-2","status":"publish","type":"product","link":"https:\/\/odysseus-numismatique.com\/en\/article\/dionysos-amethyste-intaille-romaine-2\/","title":{"rendered":"DIONYSOS \u2013 AMETHYST <br \/> Roman Intaglio"},"content":{"rendered":"<style>\n.tableproduct {border-collapse:none}\n.tableproduct td {border:none!important; padding:10px}\n.tableproduct .odd td {background-color:#424242}\n.tableproduct .even td {background-color:#3a3a3a}\n.tableproduct .column-1 {text-transform:uppercase; font-weight:bold; font-size:0.75em; width:20%}\n.tableproduct .column-2 {font-size:1em}\n<\/style>\n<table class=\"tableproduct\">\n<tr class=\"row-1 odd\">\n<td class=\"column-1\">Description<\/td>\n<td class=\"column-2\">Dionysos nu debout \u00e0 droite sous une vigne, drap\u00e9 sur les \u00e9paules, tenant un thyrse et renversant le contenu de son canthare dans la gueule d&rsquo;une panth\u00e8re \u00e0 ses pieds<\/td>\n<\/tr>\n<tr class=\"row-2 even\">\n<td class=\"column-1\">Period<\/td>\n<td class=\"column-2\">1st century AD<\/td>\n<\/tr>\n<tr class=\"row-3 odd\">\n<td class=\"column-1\">Gemstone<\/td>\n<td class=\"column-2\">Amethyst<\/td>\n<\/tr>\n<tr class=\"row-4 even\">\n<td class=\"column-1\">Dimensions<\/td>\n<td class=\"column-2\">10.3 x 8.6 mm<br \/>\nThickness : 3.7 mm<\/td>\n<\/tr>\n<\/table>","protected":false},"excerpt":{"rendered":"<p>Description Dionysos nu debout \u00e0 droite sous une vigne, drap\u00e9 sur les \u00e9paules, tenant un thyrse et renversant le contenu de son canthare dans la gueule d&rsquo;une panth\u00e8re \u00e0 ses pieds P\u00e9riode Ier si\u00e8cle ap. J.-C. Pierre Am\u00e9thyste Dimensions 10.3 x 8.6 mm \u00c9paisseur : 3.7 mm<\/p>","protected":false},"featured_media":22550,"template":"","meta":[],"product_brand":[],"product_cat":[296],"product_tag":[392,181],"class_list":{"0":"post-22549","1":"product","2":"type-product","3":"status-publish","4":"has-post-thumbnail","6":"product_cat-archives-glyptique","7":"product_tag-glyptique","8":"product_tag-intailles-camees","9":"pa_pierre-amethyste","11":"first","12":"outofstock","13":"sold-individually","14":"shipping-taxable","15":"purchasable","16":"product-type-simple"},"yoast_head":"<!-- This site is optimized with the Yoast SEO plugin v27.5 - https:\/\/yoast.com\/product\/yoast-seo-wordpress\/ -->\n<title>DIONYSOS - AM\u00c9THYSTE \u2022 Intaille Romaine &#8226; Odysseus<\/title>\n<meta name=\"robots\" content=\"index, follow, max-snippet:-1, max-image-preview:large, max-video-preview:-1\" \/>\n<link rel=\"canonical\" href=\"https:\/\/odysseus-numismatique.com\/en\/article\/dionysos-amethyste-intaille-romaine-2\/\" \/>\n<meta property=\"og:locale\" content=\"en_GB\" \/>\n<meta property=\"og:type\" content=\"article\" \/>\n<meta property=\"og:title\" content=\"DIONYSOS - AM\u00c9THYSTE \u2022 Intaille Romaine &#8226; Odysseus\" \/>\n<meta property=\"og:description\" content=\"Description Dionysos nu debout \u00e0 droite sous une vigne, drap\u00e9 sur les \u00e9paules, tenant un thyrse et renversant le contenu de son canthare dans la gueule d&rsquo;une panth\u00e8re \u00e0 ses pieds P\u00e9riode Ier si\u00e8cle ap. J.-C. Pierre Am\u00e9thyste Dimensions 10.3 x 8.6 mm \u00c9paisseur : 3.7 mm\" \/>\n<meta property=\"og:url\" content=\"https:\/\/odysseus-numismatique.com\/en\/article\/dionysos-amethyste-intaille-romaine-2\/\" \/>\n<meta property=\"og:site_name\" content=\"Odysseus\" \/>\n<meta property=\"article:modified_time\" content=\"2026-03-27T12:18:49+00:00\" \/>\n<meta property=\"og:image\" content=\"https:\/\/odysseus-numismatique.com\/wp-content\/uploads\/2026\/01\/dionysos-amethyste-intaille-romaine-2-1.jpg\" \/>\n\t<meta property=\"og:image:width\" content=\"1500\" \/>\n\t<meta property=\"og:image:height\" content=\"750\" \/>\n\t<meta property=\"og:image:type\" content=\"image\/jpeg\" \/>\n<meta name=\"twitter:card\" content=\"summary_large_image\" \/>\n<meta name=\"twitter:label1\" content=\"Estimated reading time\" \/>\n\t<meta name=\"twitter:data1\" content=\"1 minute\" \/>\n<script type=\"application\/ld+json\" class=\"yoast-schema-graph\">{\"@context\":\"https:\\\/\\\/schema.org\",\"@graph\":[{\"@type\":\"WebPage\",\"@id\":\"https:\\\/\\\/odysseus-numismatique.com\\\/article\\\/dionysos-amethyste-intaille-romaine-2\\\/\",\"url\":\"https:\\\/\\\/odysseus-numismatique.com\\\/article\\\/dionysos-amethyste-intaille-romaine-2\\\/\",\"name\":\"DIONYSOS - AM\u00c9THYSTE \u2022 Intaille Romaine &#8226; Odysseus\",\"isPartOf\":{\"@id\":\"https:\\\/\\\/odysseus-numismatique.com\\\/#website\"},\"primaryImageOfPage\":{\"@id\":\"https:\\\/\\\/odysseus-numismatique.com\\\/article\\\/dionysos-amethyste-intaille-romaine-2\\\/#primaryimage\"},\"image\":{\"@id\":\"https:\\\/\\\/odysseus-numismatique.com\\\/article\\\/dionysos-amethyste-intaille-romaine-2\\\/#primaryimage\"},\"thumbnailUrl\":\"https:\\\/\\\/odysseus-numismatique.com\\\/wp-content\\\/uploads\\\/2026\\\/01\\\/dionysos-amethyste-intaille-romaine-2-1.jpg\",\"datePublished\":\"2026-02-11T15:49:03+00:00\",\"dateModified\":\"2026-03-27T12:18:49+00:00\",\"breadcrumb\":{\"@id\":\"https:\\\/\\\/odysseus-numismatique.com\\\/article\\\/dionysos-amethyste-intaille-romaine-2\\\/#breadcrumb\"},\"inLanguage\":\"en-GB\",\"potentialAction\":[{\"@type\":\"ReadAction\",\"target\":[\"https:\\\/\\\/odysseus-numismatique.com\\\/article\\\/dionysos-amethyste-intaille-romaine-2\\\/\"]}]},{\"@type\":\"ImageObject\",\"inLanguage\":\"en-GB\",\"@id\":\"https:\\\/\\\/odysseus-numismatique.com\\\/article\\\/dionysos-amethyste-intaille-romaine-2\\\/#primaryimage\",\"url\":\"https:\\\/\\\/odysseus-numismatique.com\\\/wp-content\\\/uploads\\\/2026\\\/01\\\/dionysos-amethyste-intaille-romaine-2-1.jpg\",\"contentUrl\":\"https:\\\/\\\/odysseus-numismatique.com\\\/wp-content\\\/uploads\\\/2026\\\/01\\\/dionysos-amethyste-intaille-romaine-2-1.jpg\",\"width\":1500,\"height\":750,\"caption\":\"Odysseus Numismatique Glyptique Pierres Grav\u00e9es DIONYSOS - AM\u00c9THYSTE \u2022 Intaille Romaine\"},{\"@type\":\"BreadcrumbList\",\"@id\":\"https:\\\/\\\/odysseus-numismatique.com\\\/article\\\/dionysos-amethyste-intaille-romaine-2\\\/#breadcrumb\",\"itemListElement\":[{\"@type\":\"ListItem\",\"position\":1,\"name\":\"Accueil\",\"item\":\"https:\\\/\\\/odysseus-numismatique.com\\\/\"},{\"@type\":\"ListItem\",\"position\":2,\"name\":\"Boutique\",\"item\":\"https:\\\/\\\/odysseus-numismatique.com\\\/en\\\/boutique\\\/\"},{\"@type\":\"ListItem\",\"position\":3,\"name\":\"DIONYSOS &#8211; AM\u00c9THYSTE Intaille Romaine\"}]},{\"@type\":\"WebSite\",\"@id\":\"https:\\\/\\\/odysseus-numismatique.com\\\/#website\",\"url\":\"https:\\\/\\\/odysseus-numismatique.com\\\/\",\"name\":\"Odysseus\",\"description\":\"Numismatique\",\"publisher\":{\"@id\":\"https:\\\/\\\/odysseus-numismatique.com\\\/#organization\"},\"potentialAction\":[{\"@type\":\"SearchAction\",\"target\":{\"@type\":\"EntryPoint\",\"urlTemplate\":\"https:\\\/\\\/odysseus-numismatique.com\\\/?s={search_term_string}\"},\"query-input\":{\"@type\":\"PropertyValueSpecification\",\"valueRequired\":true,\"valueName\":\"search_term_string\"}}],\"inLanguage\":\"en-GB\"},{\"@type\":\"Organization\",\"@id\":\"https:\\\/\\\/odysseus-numismatique.com\\\/#organization\",\"name\":\"Odysseus\",\"url\":\"https:\\\/\\\/odysseus-numismatique.com\\\/\",\"logo\":{\"@type\":\"ImageObject\",\"inLanguage\":\"en-GB\",\"@id\":\"https:\\\/\\\/odysseus-numismatique.com\\\/#\\\/schema\\\/logo\\\/image\\\/\",\"url\":\"https:\\\/\\\/odysseus-numismatique.com\\\/wp-content\\\/uploads\\\/2019\\\/04\\\/odysseus-numismatique.png\",\"contentUrl\":\"https:\\\/\\\/odysseus-numismatique.com\\\/wp-content\\\/uploads\\\/2019\\\/04\\\/odysseus-numismatique.png\",\"width\":500,\"height\":500,\"caption\":\"Odysseus\"},\"image\":{\"@id\":\"https:\\\/\\\/odysseus-numismatique.com\\\/#\\\/schema\\\/logo\\\/image\\\/\"}}]}<\/script>\n<!-- \/ Yoast SEO plugin. -->","yoast_head_json":{"title":"DIONYSOS - AM\u00c9THYSTE \u2022 Intaille Romaine &#8226; Odysseus","robots":{"index":"index","follow":"follow","max-snippet":"max-snippet:-1","max-image-preview":"max-image-preview:large","max-video-preview":"max-video-preview:-1"},"canonical":"https:\/\/odysseus-numismatique.com\/en\/article\/dionysos-amethyste-intaille-romaine-2\/","og_locale":"en_GB","og_type":"article","og_title":"DIONYSOS - AM\u00c9THYSTE \u2022 Intaille Romaine &#8226; Odysseus","og_description":"Description Dionysos nu debout \u00e0 droite sous une vigne, drap\u00e9 sur les \u00e9paules, tenant un thyrse et renversant le contenu de son canthare dans la gueule d&rsquo;une panth\u00e8re \u00e0 ses pieds P\u00e9riode Ier si\u00e8cle ap. J.-C. Pierre Am\u00e9thyste Dimensions 10.3 x 8.6 mm \u00c9paisseur : 3.7 mm","og_url":"https:\/\/odysseus-numismatique.com\/en\/article\/dionysos-amethyste-intaille-romaine-2\/","og_site_name":"Odysseus","article_modified_time":"2026-03-27T12:18:49+00:00","og_image":[{"width":1500,"height":750,"url":"https:\/\/odysseus-numismatique.com\/wp-content\/uploads\/2026\/01\/dionysos-amethyste-intaille-romaine-2-1.jpg","type":"image\/jpeg"}],"twitter_card":"summary_large_image","twitter_misc":{"Estimated reading time":"1 minute"},"schema":{"@context":"https:\/\/schema.org","@graph":[{"@type":"WebPage","@id":"https:\/\/odysseus-numismatique.com\/article\/dionysos-amethyste-intaille-romaine-2\/","url":"https:\/\/odysseus-numismatique.com\/article\/dionysos-amethyste-intaille-romaine-2\/","name":"DIONYSOS - AM\u00c9THYSTE \u2022 Intaille Romaine &#8226; Odysseus","isPartOf":{"@id":"https:\/\/odysseus-numismatique.com\/#website"},"primaryImageOfPage":{"@id":"https:\/\/odysseus-numismatique.com\/article\/dionysos-amethyste-intaille-romaine-2\/#primaryimage"},"image":{"@id":"https:\/\/odysseus-numismatique.com\/article\/dionysos-amethyste-intaille-romaine-2\/#primaryimage"},"thumbnailUrl":"https:\/\/odysseus-numismatique.com\/wp-content\/uploads\/2026\/01\/dionysos-amethyste-intaille-romaine-2-1.jpg","datePublished":"2026-02-11T15:49:03+00:00","dateModified":"2026-03-27T12:18:49+00:00","breadcrumb":{"@id":"https:\/\/odysseus-numismatique.com\/article\/dionysos-amethyste-intaille-romaine-2\/#breadcrumb"},"inLanguage":"en-GB","potentialAction":[{"@type":"ReadAction","target":["https:\/\/odysseus-numismatique.com\/article\/dionysos-amethyste-intaille-romaine-2\/"]}]},{"@type":"ImageObject","inLanguage":"en-GB","@id":"https:\/\/odysseus-numismatique.com\/article\/dionysos-amethyste-intaille-romaine-2\/#primaryimage","url":"https:\/\/odysseus-numismatique.com\/wp-content\/uploads\/2026\/01\/dionysos-amethyste-intaille-romaine-2-1.jpg","contentUrl":"https:\/\/odysseus-numismatique.com\/wp-content\/uploads\/2026\/01\/dionysos-amethyste-intaille-romaine-2-1.jpg","width":1500,"height":750,"caption":"Odysseus Numismatique Glyptique Pierres Grav\u00e9es DIONYSOS - AM\u00c9THYSTE \u2022 Intaille Romaine"},{"@type":"BreadcrumbList","@id":"https:\/\/odysseus-numismatique.com\/article\/dionysos-amethyste-intaille-romaine-2\/#breadcrumb","itemListElement":[{"@type":"ListItem","position":1,"name":"Accueil","item":"https:\/\/odysseus-numismatique.com\/"},{"@type":"ListItem","position":2,"name":"Boutique","item":"https:\/\/odysseus-numismatique.com\/en\/boutique\/"},{"@type":"ListItem","position":3,"name":"DIONYSOS &#8211; AM\u00c9THYSTE Intaille Romaine"}]},{"@type":"WebSite","@id":"https:\/\/odysseus-numismatique.com\/#website","url":"https:\/\/odysseus-numismatique.com\/","name":"Odysseus","description":"Numismatics","publisher":{"@id":"https:\/\/odysseus-numismatique.com\/#organization"},"potentialAction":[{"@type":"SearchAction","target":{"@type":"EntryPoint","urlTemplate":"https:\/\/odysseus-numismatique.com\/?s={search_term_string}"},"query-input":{"@type":"PropertyValueSpecification","valueRequired":true,"valueName":"search_term_string"}}],"inLanguage":"en-GB"},{"@type":"Organization","@id":"https:\/\/odysseus-numismatique.com\/#organization","name":"Odysseus","url":"https:\/\/odysseus-numismatique.com\/","logo":{"@type":"ImageObject","inLanguage":"en-GB","@id":"https:\/\/odysseus-numismatique.com\/#\/schema\/logo\/image\/","url":"https:\/\/odysseus-numismatique.com\/wp-content\/uploads\/2019\/04\/odysseus-numismatique.png","contentUrl":"https:\/\/odysseus-numismatique.com\/wp-content\/uploads\/2019\/04\/odysseus-numismatique.png","width":500,"height":500,"caption":"Odysseus"},"image":{"@id":"https:\/\/odysseus-numismatique.com\/#\/schema\/logo\/image\/"}}]}},"_links":{"self":[{"href":"https:\/\/odysseus-numismatique.com\/en\/wp-json\/wp\/v2\/product\/22549","targetHints":{"allow":["GET"]}}],"collection":[{"href":"https:\/\/odysseus-numismatique.com\/en\/wp-json\/wp\/v2\/product"}],"about":[{"href":"https:\/\/odysseus-numismatique.com\/en\/wp-json\/wp\/v2\/types\/product"}],"wp:featuredmedia":[{"embeddable":true,"href":"https:\/\/odysseus-numismatique.com\/en\/wp-json\/wp\/v2\/media\/22550"}],"wp:attachment":[{"href":"https:\/\/odysseus-numismatique.com\/en\/wp-json\/wp\/v2\/media?parent=22549"}],"wp:term":[{"taxonomy":"product_brand","embeddable":true,"href":"https:\/\/odysseus-numismatique.com\/en\/wp-json\/wp\/v2\/product_brand?post=22549"},{"taxonomy":"product_cat","embeddable":true,"href":"https:\/\/odysseus-numismatique.com\/en\/wp-json\/wp\/v2\/product_cat?post=22549"},{"taxonomy":"product_tag","embeddable":true,"href":"https:\/\/odysseus-numismatique.com\/en\/wp-json\/wp\/v2\/product_tag?post=22549"}],"curies":[{"name":"wp","href":"https:\/\/api.w.org\/{rel}","templated":true}]}}