{"id":22521,"date":"2026-02-11T16:56:21","date_gmt":"2026-02-11T15:56:21","guid":{"rendered":"https:\/\/odysseus-numismatique.com\/?post_type=product&#038;p=22521"},"modified":"2026-02-11T18:38:07","modified_gmt":"2026-02-11T17:38:07","slug":"philosophe-sardoine-intaille-romaine","status":"publish","type":"product","link":"https:\/\/odysseus-numismatique.com\/en\/article\/philosophe-sardoine-intaille-romaine\/","title":{"rendered":"PHILOSOPHER \u2013 SARD <br \/> Roman Intaglio"},"content":{"rendered":"<style>\n.tableproduct {border-collapse:none}\n.tableproduct td {border:none!important; padding:10px}\n.tableproduct .odd td {background-color:#424242}\n.tableproduct .even td {background-color:#3a3a3a}\n.tableproduct .column-1 {text-transform:uppercase; font-weight:bold; font-size:0.75em; width:20%}\n.tableproduct .column-2 {font-size:1em}\n<\/style>\n<table class=\"tableproduct\">\n<tr class=\"row-1 odd\">\n<td class=\"column-1\">Description<\/td>\n<td class=\"column-2\">Philosophe assis \u00e0 gauche, drap\u00e9, l&rsquo;index sur les l\u00e8vres, devant lui une t\u00eate (masque ?) pos\u00e9e sur une colonne<\/td>\n<\/tr>\n<tr class=\"row-2 even\">\n<td class=\"column-1\">Period<\/td>\n<td class=\"column-2\">Late 1st century BC<\/td>\n<\/tr>\n<tr class=\"row-3 odd\">\n<td class=\"column-1\">Gemstone<\/td>\n<td class=\"column-2\">Sard<\/td>\n<\/tr>\n<tr class=\"row-4 even\">\n<td class=\"column-1\">Dimensions<\/td>\n<td class=\"column-2\">14.2 x 11.6 mm<br \/>\nThickness : 3.0 mm<\/td>\n<\/tr>\n<\/table>","protected":false},"excerpt":{"rendered":"<p>Description Philosophe assis \u00e0 gauche, drap\u00e9, l&rsquo;index sur les l\u00e8vres, devant lui une t\u00eate (masque ?) pos\u00e9e sur une colonne P\u00e9riode Fin Ier si\u00e8cle av. J.-C. Pierre Sardoine Dimensions 14.2 x 11.6 mm \u00c9paisseur : 3.0 mm<\/p>","protected":false},"featured_media":22522,"template":"","meta":[],"product_brand":[],"product_cat":[18,184],"product_tag":[392,181],"class_list":{"0":"post-22521","1":"product","2":"type-product","3":"status-publish","4":"has-post-thumbnail","6":"product_cat-glyptique","7":"product_cat-intailles-camees","8":"product_tag-glyptique","9":"product_tag-intailles-camees","10":"pa_pierre-sardoine","12":"first","13":"instock","14":"sold-individually","15":"shipping-taxable","16":"purchasable","17":"product-type-simple"},"yoast_head":"<!-- This site is optimized with the Yoast SEO plugin v27.2 - https:\/\/yoast.com\/product\/yoast-seo-wordpress\/ -->\n<title>PHILOSOPHE - SARDOINE \u2022 Intaille Romaine &#8226; Odysseus<\/title>\n<meta name=\"robots\" content=\"index, follow, max-snippet:-1, max-image-preview:large, max-video-preview:-1\" \/>\n<link rel=\"canonical\" href=\"https:\/\/odysseus-numismatique.com\/en\/article\/philosophe-sardoine-intaille-romaine\/\" \/>\n<meta property=\"og:locale\" content=\"en_GB\" \/>\n<meta property=\"og:type\" content=\"article\" \/>\n<meta property=\"og:title\" content=\"PHILOSOPHE - SARDOINE \u2022 Intaille Romaine &#8226; Odysseus\" \/>\n<meta property=\"og:description\" content=\"Description Philosophe assis \u00e0 gauche, drap\u00e9, l&rsquo;index sur les l\u00e8vres, devant lui une t\u00eate (masque ?) pos\u00e9e sur une colonne P\u00e9riode Fin Ier si\u00e8cle av. J.-C. Pierre Sardoine Dimensions 14.2 x 11.6 mm \u00c9paisseur : 3.0 mm\" \/>\n<meta property=\"og:url\" content=\"https:\/\/odysseus-numismatique.com\/en\/article\/philosophe-sardoine-intaille-romaine\/\" \/>\n<meta property=\"og:site_name\" content=\"Odysseus\" \/>\n<meta property=\"article:modified_time\" content=\"2026-02-11T17:38:07+00:00\" \/>\n<meta property=\"og:image\" content=\"https:\/\/odysseus-numismatique.com\/wp-content\/uploads\/2026\/01\/philosophe-sardoine-intaille-romaine-1.jpg\" \/>\n\t<meta property=\"og:image:width\" content=\"1500\" \/>\n\t<meta property=\"og:image:height\" content=\"750\" \/>\n\t<meta property=\"og:image:type\" content=\"image\/jpeg\" \/>\n<meta name=\"twitter:card\" content=\"summary_large_image\" \/>\n<meta name=\"twitter:label1\" content=\"Estimated reading time\" \/>\n\t<meta name=\"twitter:data1\" content=\"1 minute\" \/>\n<script type=\"application\/ld+json\" class=\"yoast-schema-graph\">{\"@context\":\"https:\/\/schema.org\",\"@graph\":[{\"@type\":\"WebPage\",\"@id\":\"https:\/\/odysseus-numismatique.com\/article\/philosophe-sardoine-intaille-romaine\/\",\"url\":\"https:\/\/odysseus-numismatique.com\/article\/philosophe-sardoine-intaille-romaine\/\",\"name\":\"PHILOSOPHE - SARDOINE \u2022 Intaille Romaine &#8226; Odysseus\",\"isPartOf\":{\"@id\":\"https:\/\/odysseus-numismatique.com\/#website\"},\"primaryImageOfPage\":{\"@id\":\"https:\/\/odysseus-numismatique.com\/article\/philosophe-sardoine-intaille-romaine\/#primaryimage\"},\"image\":{\"@id\":\"https:\/\/odysseus-numismatique.com\/article\/philosophe-sardoine-intaille-romaine\/#primaryimage\"},\"thumbnailUrl\":\"https:\/\/odysseus-numismatique.com\/wp-content\/uploads\/2026\/01\/philosophe-sardoine-intaille-romaine-1.jpg\",\"datePublished\":\"2026-02-11T15:56:21+00:00\",\"dateModified\":\"2026-02-11T17:38:07+00:00\",\"breadcrumb\":{\"@id\":\"https:\/\/odysseus-numismatique.com\/article\/philosophe-sardoine-intaille-romaine\/#breadcrumb\"},\"inLanguage\":\"en-GB\",\"potentialAction\":[{\"@type\":\"ReadAction\",\"target\":[\"https:\/\/odysseus-numismatique.com\/article\/philosophe-sardoine-intaille-romaine\/\"]}]},{\"@type\":\"ImageObject\",\"inLanguage\":\"en-GB\",\"@id\":\"https:\/\/odysseus-numismatique.com\/article\/philosophe-sardoine-intaille-romaine\/#primaryimage\",\"url\":\"https:\/\/odysseus-numismatique.com\/wp-content\/uploads\/2026\/01\/philosophe-sardoine-intaille-romaine-1.jpg\",\"contentUrl\":\"https:\/\/odysseus-numismatique.com\/wp-content\/uploads\/2026\/01\/philosophe-sardoine-intaille-romaine-1.jpg\",\"width\":1500,\"height\":750,\"caption\":\"Odysseus Numismatique Glyptique Pierres Grav\u00e9es PHILOSOPHE - SARDOINE \u2022 Intaille Romaine\"},{\"@type\":\"BreadcrumbList\",\"@id\":\"https:\/\/odysseus-numismatique.com\/article\/philosophe-sardoine-intaille-romaine\/#breadcrumb\",\"itemListElement\":[{\"@type\":\"ListItem\",\"position\":1,\"name\":\"Accueil\",\"item\":\"https:\/\/odysseus-numismatique.com\/\"},{\"@type\":\"ListItem\",\"position\":2,\"name\":\"Boutique\",\"item\":\"https:\/\/odysseus-numismatique.com\/en\/boutique\/\"},{\"@type\":\"ListItem\",\"position\":3,\"name\":\"PHILOSOPHE &#8211; SARDOINE Intaille Romaine\"}]},{\"@type\":\"WebSite\",\"@id\":\"https:\/\/odysseus-numismatique.com\/#website\",\"url\":\"https:\/\/odysseus-numismatique.com\/\",\"name\":\"Odysseus\",\"description\":\"Numismatique\",\"publisher\":{\"@id\":\"https:\/\/odysseus-numismatique.com\/#organization\"},\"potentialAction\":[{\"@type\":\"SearchAction\",\"target\":{\"@type\":\"EntryPoint\",\"urlTemplate\":\"https:\/\/odysseus-numismatique.com\/?s={search_term_string}\"},\"query-input\":{\"@type\":\"PropertyValueSpecification\",\"valueRequired\":true,\"valueName\":\"search_term_string\"}}],\"inLanguage\":\"en-GB\"},{\"@type\":\"Organization\",\"@id\":\"https:\/\/odysseus-numismatique.com\/#organization\",\"name\":\"Odysseus\",\"url\":\"https:\/\/odysseus-numismatique.com\/\",\"logo\":{\"@type\":\"ImageObject\",\"inLanguage\":\"en-GB\",\"@id\":\"https:\/\/odysseus-numismatique.com\/#\/schema\/logo\/image\/\",\"url\":\"https:\/\/odysseus-numismatique.com\/wp-content\/uploads\/2019\/04\/odysseus-numismatique.png\",\"contentUrl\":\"https:\/\/odysseus-numismatique.com\/wp-content\/uploads\/2019\/04\/odysseus-numismatique.png\",\"width\":500,\"height\":500,\"caption\":\"Odysseus\"},\"image\":{\"@id\":\"https:\/\/odysseus-numismatique.com\/#\/schema\/logo\/image\/\"}}]}<\/script>\n<!-- \/ Yoast SEO plugin. -->","yoast_head_json":{"title":"PHILOSOPHE - SARDOINE \u2022 Intaille Romaine &#8226; Odysseus","robots":{"index":"index","follow":"follow","max-snippet":"max-snippet:-1","max-image-preview":"max-image-preview:large","max-video-preview":"max-video-preview:-1"},"canonical":"https:\/\/odysseus-numismatique.com\/en\/article\/philosophe-sardoine-intaille-romaine\/","og_locale":"en_GB","og_type":"article","og_title":"PHILOSOPHE - SARDOINE \u2022 Intaille Romaine &#8226; Odysseus","og_description":"Description Philosophe assis \u00e0 gauche, drap\u00e9, l&rsquo;index sur les l\u00e8vres, devant lui une t\u00eate (masque ?) pos\u00e9e sur une colonne P\u00e9riode Fin Ier si\u00e8cle av. J.-C. Pierre Sardoine Dimensions 14.2 x 11.6 mm \u00c9paisseur : 3.0 mm","og_url":"https:\/\/odysseus-numismatique.com\/en\/article\/philosophe-sardoine-intaille-romaine\/","og_site_name":"Odysseus","article_modified_time":"2026-02-11T17:38:07+00:00","og_image":[{"width":1500,"height":750,"url":"https:\/\/odysseus-numismatique.com\/wp-content\/uploads\/2026\/01\/philosophe-sardoine-intaille-romaine-1.jpg","type":"image\/jpeg"}],"twitter_card":"summary_large_image","twitter_misc":{"Estimated reading time":"1 minute"},"schema":{"@context":"https:\/\/schema.org","@graph":[{"@type":"WebPage","@id":"https:\/\/odysseus-numismatique.com\/article\/philosophe-sardoine-intaille-romaine\/","url":"https:\/\/odysseus-numismatique.com\/article\/philosophe-sardoine-intaille-romaine\/","name":"PHILOSOPHE - SARDOINE \u2022 Intaille Romaine &#8226; Odysseus","isPartOf":{"@id":"https:\/\/odysseus-numismatique.com\/#website"},"primaryImageOfPage":{"@id":"https:\/\/odysseus-numismatique.com\/article\/philosophe-sardoine-intaille-romaine\/#primaryimage"},"image":{"@id":"https:\/\/odysseus-numismatique.com\/article\/philosophe-sardoine-intaille-romaine\/#primaryimage"},"thumbnailUrl":"https:\/\/odysseus-numismatique.com\/wp-content\/uploads\/2026\/01\/philosophe-sardoine-intaille-romaine-1.jpg","datePublished":"2026-02-11T15:56:21+00:00","dateModified":"2026-02-11T17:38:07+00:00","breadcrumb":{"@id":"https:\/\/odysseus-numismatique.com\/article\/philosophe-sardoine-intaille-romaine\/#breadcrumb"},"inLanguage":"en-GB","potentialAction":[{"@type":"ReadAction","target":["https:\/\/odysseus-numismatique.com\/article\/philosophe-sardoine-intaille-romaine\/"]}]},{"@type":"ImageObject","inLanguage":"en-GB","@id":"https:\/\/odysseus-numismatique.com\/article\/philosophe-sardoine-intaille-romaine\/#primaryimage","url":"https:\/\/odysseus-numismatique.com\/wp-content\/uploads\/2026\/01\/philosophe-sardoine-intaille-romaine-1.jpg","contentUrl":"https:\/\/odysseus-numismatique.com\/wp-content\/uploads\/2026\/01\/philosophe-sardoine-intaille-romaine-1.jpg","width":1500,"height":750,"caption":"Odysseus Numismatique Glyptique Pierres Grav\u00e9es PHILOSOPHE - SARDOINE \u2022 Intaille Romaine"},{"@type":"BreadcrumbList","@id":"https:\/\/odysseus-numismatique.com\/article\/philosophe-sardoine-intaille-romaine\/#breadcrumb","itemListElement":[{"@type":"ListItem","position":1,"name":"Accueil","item":"https:\/\/odysseus-numismatique.com\/"},{"@type":"ListItem","position":2,"name":"Boutique","item":"https:\/\/odysseus-numismatique.com\/en\/boutique\/"},{"@type":"ListItem","position":3,"name":"PHILOSOPHE &#8211; SARDOINE Intaille Romaine"}]},{"@type":"WebSite","@id":"https:\/\/odysseus-numismatique.com\/#website","url":"https:\/\/odysseus-numismatique.com\/","name":"Odysseus","description":"Numismatics","publisher":{"@id":"https:\/\/odysseus-numismatique.com\/#organization"},"potentialAction":[{"@type":"SearchAction","target":{"@type":"EntryPoint","urlTemplate":"https:\/\/odysseus-numismatique.com\/?s={search_term_string}"},"query-input":{"@type":"PropertyValueSpecification","valueRequired":true,"valueName":"search_term_string"}}],"inLanguage":"en-GB"},{"@type":"Organization","@id":"https:\/\/odysseus-numismatique.com\/#organization","name":"Odysseus","url":"https:\/\/odysseus-numismatique.com\/","logo":{"@type":"ImageObject","inLanguage":"en-GB","@id":"https:\/\/odysseus-numismatique.com\/#\/schema\/logo\/image\/","url":"https:\/\/odysseus-numismatique.com\/wp-content\/uploads\/2019\/04\/odysseus-numismatique.png","contentUrl":"https:\/\/odysseus-numismatique.com\/wp-content\/uploads\/2019\/04\/odysseus-numismatique.png","width":500,"height":500,"caption":"Odysseus"},"image":{"@id":"https:\/\/odysseus-numismatique.com\/#\/schema\/logo\/image\/"}}]}},"_links":{"self":[{"href":"https:\/\/odysseus-numismatique.com\/en\/wp-json\/wp\/v2\/product\/22521","targetHints":{"allow":["GET"]}}],"collection":[{"href":"https:\/\/odysseus-numismatique.com\/en\/wp-json\/wp\/v2\/product"}],"about":[{"href":"https:\/\/odysseus-numismatique.com\/en\/wp-json\/wp\/v2\/types\/product"}],"wp:featuredmedia":[{"embeddable":true,"href":"https:\/\/odysseus-numismatique.com\/en\/wp-json\/wp\/v2\/media\/22522"}],"wp:attachment":[{"href":"https:\/\/odysseus-numismatique.com\/en\/wp-json\/wp\/v2\/media?parent=22521"}],"wp:term":[{"taxonomy":"product_brand","embeddable":true,"href":"https:\/\/odysseus-numismatique.com\/en\/wp-json\/wp\/v2\/product_brand?post=22521"},{"taxonomy":"product_cat","embeddable":true,"href":"https:\/\/odysseus-numismatique.com\/en\/wp-json\/wp\/v2\/product_cat?post=22521"},{"taxonomy":"product_tag","embeddable":true,"href":"https:\/\/odysseus-numismatique.com\/en\/wp-json\/wp\/v2\/product_tag?post=22521"}],"curies":[{"name":"wp","href":"https:\/\/api.w.org\/{rel}","templated":true}]}}