{"id":22433,"date":"2026-02-11T17:48:56","date_gmt":"2026-02-11T16:48:56","guid":{"rendered":"https:\/\/odysseus-numismatique.com\/?post_type=product&#038;p=22433"},"modified":"2026-02-11T18:37:55","modified_gmt":"2026-02-11T17:37:55","slug":"remes-quart-de-statere-6","status":"publish","type":"product","link":"https:\/\/odysseus-numismatique.com\/en\/article\/remes-quart-de-statere-6\/","title":{"rendered":"REMI <br \/> Quarter Stater"},"content":{"rendered":"<style>\n.tableproduct {border-collapse:none}\n.tableproduct td {border:none!important; padding:10px}\n.tableproduct .odd td {background-color:#424242}\n.tableproduct .even td {background-color:#3a3a3a}\n.tableproduct .column-1 {text-transform:uppercase; font-weight:bold; font-size:0.75em; width:20%}\n.tableproduct .column-2 {font-size:1em}\n<\/style>\n<table class=\"tableproduct\">\n<tr class=\"row-1 odd\">\n<td class=\"column-1\">Avers<\/td>\n<td class=\"column-2\">LVCOT[IOS]<br \/>\nArcature surmont\u00e9e de trois segments<\/td>\n<\/tr>\n<tr class=\"row-2 even\">\n<td class=\"column-1\">Revers<\/td>\n<td class=\"column-2\">Cheval \u00e0 gauche, globule perl\u00e9 au-dessous<\/td>\n<\/tr>\n<tr class=\"row-3 odd\">\n<td class=\"column-1\">Module<\/td>\n<td class=\"column-2\">1\/4 Stat\u00e8re \u00ab\u00a0\u00e0 la patte d&rsquo;ours\u00a0\u00bb<\/td>\n<\/tr>\n<tr class=\"row-4 even\">\n<td class=\"column-1\">Date<\/td>\n<td class=\"column-2\">Milieu Ier si\u00e8cle av. J.-C.<\/td>\n<\/tr>\n<tr class=\"row-5 odd\">\n<td class=\"column-1\">Atelier<\/td>\n<td class=\"column-2\">R\u00e9gion de Reims<\/td>\n<\/tr>\n<tr class=\"row-6 even\">\n<td class=\"column-1\">M\u00e9tal<\/td>\n<td class=\"column-2\">Bronze<\/td>\n<\/tr>\n<tr class=\"row-7 odd\">\n<td class=\"column-1\">Poids<\/td>\n<td class=\"column-2\">1.47 g<\/td>\n<\/tr>\n<tr class=\"row-8 even\">\n<td class=\"column-1\">Diam\u00e8tre<\/td>\n<td class=\"column-2\">11.5 mm<\/td>\n<\/tr>\n<tr class=\"row-9 odd\">\n<td class=\"column-1\">R\u00e9f\u00e9rence<\/td>\n<td class=\"column-2\">DT manque &#8211; LT manque<\/td>\n<\/tr>\n<tr class=\"row-10 even\">\n<td class=\"column-1\">\u00c9tat<\/td>\n<td class=\"column-2\">TB+<\/td>\n<\/tr>\n<\/table>\n","protected":false},"excerpt":{"rendered":"<p>Second known example of this epigraphic Remi quarter, the first was found at the site of Ba\u00e2lons and published by J.-M. Doyen, who rightly drew a parallel with the LVCOTIOS eye stater, currently attributed to the Remi (DT 592)<br \/>\nPublication : M\u00e9langes offerts au Docteur J.-B. Colbert de Beaulieu, Paris 1987, J.-M. Doyen, Les subdivisions \u00ab\u00a0aux segments de cercles\u00a0\u00bb du type BN 8030 : \u00e9tat de la question, p.315, Classe II<\/p>","protected":false},"featured_media":22434,"template":"","meta":[],"product_brand":[],"product_cat":[21,17],"product_tag":[150,394],"class_list":{"0":"post-22433","1":"product","2":"type-product","3":"status-publish","4":"has-post-thumbnail","6":"product_cat-monnaies-gauloises","7":"product_cat-numismatique","8":"product_tag-monnaies-gauloises","9":"product_tag-numismatique","10":"pa_metal-bronze","11":"pa_module-statere","13":"first","14":"instock","15":"sold-individually","16":"shipping-taxable","17":"purchasable","18":"product-type-simple"},"yoast_head":"<!-- This site is optimized with the Yoast SEO plugin v27.2 - https:\/\/yoast.com\/product\/yoast-seo-wordpress\/ -->\n<title>R\u00c8MES \u2022 Quart de Stat\u00e8re &#8226; Odysseus<\/title>\n<meta name=\"robots\" content=\"index, follow, max-snippet:-1, max-image-preview:large, max-video-preview:-1\" \/>\n<link rel=\"canonical\" href=\"https:\/\/odysseus-numismatique.com\/en\/article\/remes-quart-de-statere-6\/\" \/>\n<meta property=\"og:locale\" content=\"en_GB\" \/>\n<meta property=\"og:type\" content=\"article\" \/>\n<meta property=\"og:title\" content=\"R\u00c8MES \u2022 Quart de Stat\u00e8re &#8226; Odysseus\" \/>\n<meta property=\"og:description\" content=\"Deuxi\u00e8me exemplaire connu de ce quart R\u00e8me \u00e9pigraphe, le premier a \u00e9t\u00e9 trouv\u00e9 sur le site de Ba\u00e2lons et publi\u00e9 par J.-M. Doyen qui le mettait avec raison en parall\u00e8le avec le stat\u00e8re l&#039;\u0153il LVCOTIOS, actuellement attribu\u00e9 aux R\u00e8mes (DT 592) Publication : M\u00e9langes offerts au Docteur J.-B. Colbert de Beaulieu, Paris 1987, J.-M. Doyen, Les subdivisions &quot;aux segments de cercles&quot; du type BN 8030 : \u00e9tat de la question, p.315, Classe II\" \/>\n<meta property=\"og:url\" content=\"https:\/\/odysseus-numismatique.com\/en\/article\/remes-quart-de-statere-6\/\" \/>\n<meta property=\"og:site_name\" content=\"Odysseus\" \/>\n<meta property=\"article:modified_time\" content=\"2026-02-11T17:37:55+00:00\" \/>\n<meta property=\"og:image\" content=\"https:\/\/odysseus-numismatique.com\/wp-content\/uploads\/2026\/01\/remes-quart-de-statere-6.jpg\" \/>\n\t<meta property=\"og:image:width\" content=\"1500\" \/>\n\t<meta property=\"og:image:height\" content=\"750\" \/>\n\t<meta property=\"og:image:type\" content=\"image\/jpeg\" \/>\n<meta name=\"twitter:card\" content=\"summary_large_image\" \/>\n<meta name=\"twitter:label1\" content=\"Estimated reading time\" \/>\n\t<meta name=\"twitter:data1\" content=\"1 minute\" \/>\n<script type=\"application\/ld+json\" class=\"yoast-schema-graph\">{\"@context\":\"https:\/\/schema.org\",\"@graph\":[{\"@type\":\"WebPage\",\"@id\":\"https:\/\/odysseus-numismatique.com\/article\/remes-quart-de-statere-6\/\",\"url\":\"https:\/\/odysseus-numismatique.com\/article\/remes-quart-de-statere-6\/\",\"name\":\"R\u00c8MES \u2022 Quart de Stat\u00e8re &#8226; Odysseus\",\"isPartOf\":{\"@id\":\"https:\/\/odysseus-numismatique.com\/#website\"},\"primaryImageOfPage\":{\"@id\":\"https:\/\/odysseus-numismatique.com\/article\/remes-quart-de-statere-6\/#primaryimage\"},\"image\":{\"@id\":\"https:\/\/odysseus-numismatique.com\/article\/remes-quart-de-statere-6\/#primaryimage\"},\"thumbnailUrl\":\"https:\/\/odysseus-numismatique.com\/wp-content\/uploads\/2026\/01\/remes-quart-de-statere-6.jpg\",\"datePublished\":\"2026-02-11T16:48:56+00:00\",\"dateModified\":\"2026-02-11T17:37:55+00:00\",\"breadcrumb\":{\"@id\":\"https:\/\/odysseus-numismatique.com\/article\/remes-quart-de-statere-6\/#breadcrumb\"},\"inLanguage\":\"en-GB\",\"potentialAction\":[{\"@type\":\"ReadAction\",\"target\":[\"https:\/\/odysseus-numismatique.com\/article\/remes-quart-de-statere-6\/\"]}]},{\"@type\":\"ImageObject\",\"inLanguage\":\"en-GB\",\"@id\":\"https:\/\/odysseus-numismatique.com\/article\/remes-quart-de-statere-6\/#primaryimage\",\"url\":\"https:\/\/odysseus-numismatique.com\/wp-content\/uploads\/2026\/01\/remes-quart-de-statere-6.jpg\",\"contentUrl\":\"https:\/\/odysseus-numismatique.com\/wp-content\/uploads\/2026\/01\/remes-quart-de-statere-6.jpg\",\"width\":1500,\"height\":750,\"caption\":\"Odysseus Numismatique Monnaies Celtiques Gauloises R\u00c8MES \u2022 Quart de Stat\u00e8re\"},{\"@type\":\"BreadcrumbList\",\"@id\":\"https:\/\/odysseus-numismatique.com\/article\/remes-quart-de-statere-6\/#breadcrumb\",\"itemListElement\":[{\"@type\":\"ListItem\",\"position\":1,\"name\":\"Accueil\",\"item\":\"https:\/\/odysseus-numismatique.com\/\"},{\"@type\":\"ListItem\",\"position\":2,\"name\":\"Boutique\",\"item\":\"https:\/\/odysseus-numismatique.com\/en\/boutique\/\"},{\"@type\":\"ListItem\",\"position\":3,\"name\":\"R\u00c8MES Quart de Stat\u00e8re\"}]},{\"@type\":\"WebSite\",\"@id\":\"https:\/\/odysseus-numismatique.com\/#website\",\"url\":\"https:\/\/odysseus-numismatique.com\/\",\"name\":\"Odysseus\",\"description\":\"Numismatique\",\"publisher\":{\"@id\":\"https:\/\/odysseus-numismatique.com\/#organization\"},\"potentialAction\":[{\"@type\":\"SearchAction\",\"target\":{\"@type\":\"EntryPoint\",\"urlTemplate\":\"https:\/\/odysseus-numismatique.com\/?s={search_term_string}\"},\"query-input\":{\"@type\":\"PropertyValueSpecification\",\"valueRequired\":true,\"valueName\":\"search_term_string\"}}],\"inLanguage\":\"en-GB\"},{\"@type\":\"Organization\",\"@id\":\"https:\/\/odysseus-numismatique.com\/#organization\",\"name\":\"Odysseus\",\"url\":\"https:\/\/odysseus-numismatique.com\/\",\"logo\":{\"@type\":\"ImageObject\",\"inLanguage\":\"en-GB\",\"@id\":\"https:\/\/odysseus-numismatique.com\/#\/schema\/logo\/image\/\",\"url\":\"https:\/\/odysseus-numismatique.com\/wp-content\/uploads\/2019\/04\/odysseus-numismatique.png\",\"contentUrl\":\"https:\/\/odysseus-numismatique.com\/wp-content\/uploads\/2019\/04\/odysseus-numismatique.png\",\"width\":500,\"height\":500,\"caption\":\"Odysseus\"},\"image\":{\"@id\":\"https:\/\/odysseus-numismatique.com\/#\/schema\/logo\/image\/\"}}]}<\/script>\n<!-- \/ Yoast SEO plugin. -->","yoast_head_json":{"title":"R\u00c8MES \u2022 Quart de Stat\u00e8re &#8226; Odysseus","robots":{"index":"index","follow":"follow","max-snippet":"max-snippet:-1","max-image-preview":"max-image-preview:large","max-video-preview":"max-video-preview:-1"},"canonical":"https:\/\/odysseus-numismatique.com\/en\/article\/remes-quart-de-statere-6\/","og_locale":"en_GB","og_type":"article","og_title":"R\u00c8MES \u2022 Quart de Stat\u00e8re &#8226; Odysseus","og_description":"Deuxi\u00e8me exemplaire connu de ce quart R\u00e8me \u00e9pigraphe, le premier a \u00e9t\u00e9 trouv\u00e9 sur le site de Ba\u00e2lons et publi\u00e9 par J.-M. Doyen qui le mettait avec raison en parall\u00e8le avec le stat\u00e8re l'\u0153il LVCOTIOS, actuellement attribu\u00e9 aux R\u00e8mes (DT 592) Publication : M\u00e9langes offerts au Docteur J.-B. Colbert de Beaulieu, Paris 1987, J.-M. Doyen, Les subdivisions \"aux segments de cercles\" du type BN 8030 : \u00e9tat de la question, p.315, Classe II","og_url":"https:\/\/odysseus-numismatique.com\/en\/article\/remes-quart-de-statere-6\/","og_site_name":"Odysseus","article_modified_time":"2026-02-11T17:37:55+00:00","og_image":[{"width":1500,"height":750,"url":"https:\/\/odysseus-numismatique.com\/wp-content\/uploads\/2026\/01\/remes-quart-de-statere-6.jpg","type":"image\/jpeg"}],"twitter_card":"summary_large_image","twitter_misc":{"Estimated reading time":"1 minute"},"schema":{"@context":"https:\/\/schema.org","@graph":[{"@type":"WebPage","@id":"https:\/\/odysseus-numismatique.com\/article\/remes-quart-de-statere-6\/","url":"https:\/\/odysseus-numismatique.com\/article\/remes-quart-de-statere-6\/","name":"R\u00c8MES \u2022 Quart de Stat\u00e8re &#8226; Odysseus","isPartOf":{"@id":"https:\/\/odysseus-numismatique.com\/#website"},"primaryImageOfPage":{"@id":"https:\/\/odysseus-numismatique.com\/article\/remes-quart-de-statere-6\/#primaryimage"},"image":{"@id":"https:\/\/odysseus-numismatique.com\/article\/remes-quart-de-statere-6\/#primaryimage"},"thumbnailUrl":"https:\/\/odysseus-numismatique.com\/wp-content\/uploads\/2026\/01\/remes-quart-de-statere-6.jpg","datePublished":"2026-02-11T16:48:56+00:00","dateModified":"2026-02-11T17:37:55+00:00","breadcrumb":{"@id":"https:\/\/odysseus-numismatique.com\/article\/remes-quart-de-statere-6\/#breadcrumb"},"inLanguage":"en-GB","potentialAction":[{"@type":"ReadAction","target":["https:\/\/odysseus-numismatique.com\/article\/remes-quart-de-statere-6\/"]}]},{"@type":"ImageObject","inLanguage":"en-GB","@id":"https:\/\/odysseus-numismatique.com\/article\/remes-quart-de-statere-6\/#primaryimage","url":"https:\/\/odysseus-numismatique.com\/wp-content\/uploads\/2026\/01\/remes-quart-de-statere-6.jpg","contentUrl":"https:\/\/odysseus-numismatique.com\/wp-content\/uploads\/2026\/01\/remes-quart-de-statere-6.jpg","width":1500,"height":750,"caption":"Odysseus Numismatique Monnaies Celtiques Gauloises R\u00c8MES \u2022 Quart de Stat\u00e8re"},{"@type":"BreadcrumbList","@id":"https:\/\/odysseus-numismatique.com\/article\/remes-quart-de-statere-6\/#breadcrumb","itemListElement":[{"@type":"ListItem","position":1,"name":"Accueil","item":"https:\/\/odysseus-numismatique.com\/"},{"@type":"ListItem","position":2,"name":"Boutique","item":"https:\/\/odysseus-numismatique.com\/en\/boutique\/"},{"@type":"ListItem","position":3,"name":"R\u00c8MES Quart de Stat\u00e8re"}]},{"@type":"WebSite","@id":"https:\/\/odysseus-numismatique.com\/#website","url":"https:\/\/odysseus-numismatique.com\/","name":"Odysseus","description":"Numismatics","publisher":{"@id":"https:\/\/odysseus-numismatique.com\/#organization"},"potentialAction":[{"@type":"SearchAction","target":{"@type":"EntryPoint","urlTemplate":"https:\/\/odysseus-numismatique.com\/?s={search_term_string}"},"query-input":{"@type":"PropertyValueSpecification","valueRequired":true,"valueName":"search_term_string"}}],"inLanguage":"en-GB"},{"@type":"Organization","@id":"https:\/\/odysseus-numismatique.com\/#organization","name":"Odysseus","url":"https:\/\/odysseus-numismatique.com\/","logo":{"@type":"ImageObject","inLanguage":"en-GB","@id":"https:\/\/odysseus-numismatique.com\/#\/schema\/logo\/image\/","url":"https:\/\/odysseus-numismatique.com\/wp-content\/uploads\/2019\/04\/odysseus-numismatique.png","contentUrl":"https:\/\/odysseus-numismatique.com\/wp-content\/uploads\/2019\/04\/odysseus-numismatique.png","width":500,"height":500,"caption":"Odysseus"},"image":{"@id":"https:\/\/odysseus-numismatique.com\/#\/schema\/logo\/image\/"}}]}},"_links":{"self":[{"href":"https:\/\/odysseus-numismatique.com\/en\/wp-json\/wp\/v2\/product\/22433","targetHints":{"allow":["GET"]}}],"collection":[{"href":"https:\/\/odysseus-numismatique.com\/en\/wp-json\/wp\/v2\/product"}],"about":[{"href":"https:\/\/odysseus-numismatique.com\/en\/wp-json\/wp\/v2\/types\/product"}],"wp:featuredmedia":[{"embeddable":true,"href":"https:\/\/odysseus-numismatique.com\/en\/wp-json\/wp\/v2\/media\/22434"}],"wp:attachment":[{"href":"https:\/\/odysseus-numismatique.com\/en\/wp-json\/wp\/v2\/media?parent=22433"}],"wp:term":[{"taxonomy":"product_brand","embeddable":true,"href":"https:\/\/odysseus-numismatique.com\/en\/wp-json\/wp\/v2\/product_brand?post=22433"},{"taxonomy":"product_cat","embeddable":true,"href":"https:\/\/odysseus-numismatique.com\/en\/wp-json\/wp\/v2\/product_cat?post=22433"},{"taxonomy":"product_tag","embeddable":true,"href":"https:\/\/odysseus-numismatique.com\/en\/wp-json\/wp\/v2\/product_tag?post=22433"}],"curies":[{"name":"wp","href":"https:\/\/api.w.org\/{rel}","templated":true}]}}