{"id":22413,"date":"2026-02-11T17:54:52","date_gmt":"2026-02-11T16:54:52","guid":{"rendered":"https:\/\/odysseus-numismatique.com\/?post_type=product&#038;p=22413"},"modified":"2026-02-11T18:37:53","modified_gmt":"2026-02-11T17:37:53","slug":"volques-tectosages-drachme-48","status":"publish","type":"product","link":"https:\/\/odysseus-numismatique.com\/en\/article\/volques-tectosages-drachme-48\/","title":{"rendered":"VOLCAE TECTOSAGES <br \/> Drachm"},"content":{"rendered":"<style>\n.tableproduct {border-collapse:none}\n.tableproduct td {border:none!important; padding:10px}\n.tableproduct .odd td {background-color:#424242}\n.tableproduct .even td {background-color:#3a3a3a}\n.tableproduct .column-1 {text-transform:uppercase; font-weight:bold; font-size:0.75em; width:20%}\n.tableproduct .column-2 {font-size:1em}\n<\/style>\n<table class=\"tableproduct\">\n<tr class=\"row-1 odd\">\n<td class=\"column-1\">Obverse<\/td>\n<td class=\"column-2\">T\u00eate \u00e0 gauche, deux dauphins devant le visage<\/td>\n<\/tr>\n<tr class=\"row-2 even\">\n<td class=\"column-1\">Reverse<\/td>\n<td class=\"column-2\">Croix cantonn\u00e9e de deux balles de fronde, d&rsquo;une hache et d&rsquo;une ellipse<\/td>\n<\/tr>\n<tr class=\"row-3 odd\">\n<td class=\"column-1\">Denomination<\/td>\n<td class=\"column-2\">Drachm \u00ab\u00a0\u00e0 la t\u00eate cubiste\u00a0\u00bb<\/td>\n<\/tr>\n<tr class=\"row-4 even\">\n<td class=\"column-1\">Date<\/td>\n<td class=\"column-2\">Mid 2nd-early 1st century BC<\/td>\n<\/tr>\n<tr class=\"row-5 odd\">\n<td class=\"column-1\">Mint<\/td>\n<td class=\"column-2\">Toulouse area<\/td>\n<\/tr>\n<tr class=\"row-6 even\">\n<td class=\"column-1\">Metal<\/td>\n<td class=\"column-2\">Silver<\/td>\n<\/tr>\n<tr class=\"row-7 odd\">\n<td class=\"column-1\">Weight<\/td>\n<td class=\"column-2\">2.85 g<\/td>\n<\/tr>\n<tr class=\"row-8 even\">\n<td class=\"column-1\">Diameter<\/td>\n<td class=\"column-2\">13.7 mm<\/td>\n<\/tr>\n<tr class=\"row-9 odd\">\n<td class=\"column-1\">Reference<\/td>\n<td class=\"column-2\">Sav\u00e8s 1<\/td>\n<\/tr>\n<tr class=\"row-10 even\">\n<td class=\"column-1\">Condition<\/td>\n<td class=\"column-2\">VF<\/td>\n<\/tr>\n<\/table>","protected":false},"excerpt":{"rendered":"<p>Avers T\u00eate \u00e0 gauche, deux dauphins devant le visage Revers Croix cantonn\u00e9e de deux balles de fronde, d&rsquo;une hache et d&rsquo;une ellipse Module Drachme \u00ab\u00a0\u00e0 la t\u00eate cubiste\u00a0\u00bb Date Milieu IIe-d\u00e9but Ier si\u00e8cle av. J.-C. Atelier R\u00e9gion de Toulouse M\u00e9tal Argent Poids 2.85 g Diam\u00e8tre 13.7 mm R\u00e9f\u00e9rence Sav\u00e8s 1 \u00c9tat TTB<\/p>","protected":false},"featured_media":22414,"template":"","meta":[],"product_brand":[],"product_cat":[21,17],"product_tag":[150,394],"class_list":{"0":"post-22413","1":"product","2":"type-product","3":"status-publish","4":"has-post-thumbnail","6":"product_cat-monnaies-gauloises","7":"product_cat-numismatique","8":"product_tag-monnaies-gauloises","9":"product_tag-numismatique","10":"pa_metal-argent","11":"pa_module-drachme","13":"first","14":"instock","15":"sold-individually","16":"shipping-taxable","17":"purchasable","18":"product-type-simple"},"yoast_head":"<!-- This site is optimized with the Yoast SEO plugin v27.2 - https:\/\/yoast.com\/product\/yoast-seo-wordpress\/ -->\n<title>VOLQUES TECTOSAGES \u2022 Drachme &#8226; Odysseus<\/title>\n<meta name=\"robots\" content=\"index, follow, max-snippet:-1, max-image-preview:large, max-video-preview:-1\" \/>\n<link rel=\"canonical\" href=\"https:\/\/odysseus-numismatique.com\/en\/article\/volques-tectosages-drachme-48\/\" \/>\n<meta property=\"og:locale\" content=\"en_GB\" \/>\n<meta property=\"og:type\" content=\"article\" \/>\n<meta property=\"og:title\" content=\"VOLQUES TECTOSAGES \u2022 Drachme &#8226; Odysseus\" \/>\n<meta property=\"og:description\" content=\"Avers T\u00eate \u00e0 gauche, deux dauphins devant le visage Revers Croix cantonn\u00e9e de deux balles de fronde, d&rsquo;une hache et d&rsquo;une ellipse Module Drachme \u00ab\u00a0\u00e0 la t\u00eate cubiste\u00a0\u00bb Date Milieu IIe-d\u00e9but Ier si\u00e8cle av. J.-C. Atelier R\u00e9gion de Toulouse M\u00e9tal Argent Poids 2.85 g Diam\u00e8tre 13.7 mm R\u00e9f\u00e9rence Sav\u00e8s 1 \u00c9tat TTB\" \/>\n<meta property=\"og:url\" content=\"https:\/\/odysseus-numismatique.com\/en\/article\/volques-tectosages-drachme-48\/\" \/>\n<meta property=\"og:site_name\" content=\"Odysseus\" \/>\n<meta property=\"article:modified_time\" content=\"2026-02-11T17:37:53+00:00\" \/>\n<meta property=\"og:image\" content=\"https:\/\/odysseus-numismatique.com\/wp-content\/uploads\/2026\/01\/volques-tectosages-drachme-48.jpg\" \/>\n\t<meta property=\"og:image:width\" content=\"1500\" \/>\n\t<meta property=\"og:image:height\" content=\"750\" \/>\n\t<meta property=\"og:image:type\" content=\"image\/jpeg\" \/>\n<meta name=\"twitter:card\" content=\"summary_large_image\" \/>\n<meta name=\"twitter:label1\" content=\"Estimated reading time\" \/>\n\t<meta name=\"twitter:data1\" content=\"1 minute\" \/>\n<script type=\"application\/ld+json\" class=\"yoast-schema-graph\">{\"@context\":\"https:\/\/schema.org\",\"@graph\":[{\"@type\":\"WebPage\",\"@id\":\"https:\/\/odysseus-numismatique.com\/article\/volques-tectosages-drachme-48\/\",\"url\":\"https:\/\/odysseus-numismatique.com\/article\/volques-tectosages-drachme-48\/\",\"name\":\"VOLQUES TECTOSAGES \u2022 Drachme &#8226; Odysseus\",\"isPartOf\":{\"@id\":\"https:\/\/odysseus-numismatique.com\/#website\"},\"primaryImageOfPage\":{\"@id\":\"https:\/\/odysseus-numismatique.com\/article\/volques-tectosages-drachme-48\/#primaryimage\"},\"image\":{\"@id\":\"https:\/\/odysseus-numismatique.com\/article\/volques-tectosages-drachme-48\/#primaryimage\"},\"thumbnailUrl\":\"https:\/\/odysseus-numismatique.com\/wp-content\/uploads\/2026\/01\/volques-tectosages-drachme-48.jpg\",\"datePublished\":\"2026-02-11T16:54:52+00:00\",\"dateModified\":\"2026-02-11T17:37:53+00:00\",\"breadcrumb\":{\"@id\":\"https:\/\/odysseus-numismatique.com\/article\/volques-tectosages-drachme-48\/#breadcrumb\"},\"inLanguage\":\"en-GB\",\"potentialAction\":[{\"@type\":\"ReadAction\",\"target\":[\"https:\/\/odysseus-numismatique.com\/article\/volques-tectosages-drachme-48\/\"]}]},{\"@type\":\"ImageObject\",\"inLanguage\":\"en-GB\",\"@id\":\"https:\/\/odysseus-numismatique.com\/article\/volques-tectosages-drachme-48\/#primaryimage\",\"url\":\"https:\/\/odysseus-numismatique.com\/wp-content\/uploads\/2026\/01\/volques-tectosages-drachme-48.jpg\",\"contentUrl\":\"https:\/\/odysseus-numismatique.com\/wp-content\/uploads\/2026\/01\/volques-tectosages-drachme-48.jpg\",\"width\":1500,\"height\":750,\"caption\":\"Odysseus Numismatique Monnaies Celtiques Gauloises VOLQUES TECTOSAGES \u2022 Drachme\"},{\"@type\":\"BreadcrumbList\",\"@id\":\"https:\/\/odysseus-numismatique.com\/article\/volques-tectosages-drachme-48\/#breadcrumb\",\"itemListElement\":[{\"@type\":\"ListItem\",\"position\":1,\"name\":\"Accueil\",\"item\":\"https:\/\/odysseus-numismatique.com\/\"},{\"@type\":\"ListItem\",\"position\":2,\"name\":\"Boutique\",\"item\":\"https:\/\/odysseus-numismatique.com\/en\/boutique\/\"},{\"@type\":\"ListItem\",\"position\":3,\"name\":\"VOLQUES TECTOSAGES Drachme\"}]},{\"@type\":\"WebSite\",\"@id\":\"https:\/\/odysseus-numismatique.com\/#website\",\"url\":\"https:\/\/odysseus-numismatique.com\/\",\"name\":\"Odysseus\",\"description\":\"Numismatique\",\"publisher\":{\"@id\":\"https:\/\/odysseus-numismatique.com\/#organization\"},\"potentialAction\":[{\"@type\":\"SearchAction\",\"target\":{\"@type\":\"EntryPoint\",\"urlTemplate\":\"https:\/\/odysseus-numismatique.com\/?s={search_term_string}\"},\"query-input\":{\"@type\":\"PropertyValueSpecification\",\"valueRequired\":true,\"valueName\":\"search_term_string\"}}],\"inLanguage\":\"en-GB\"},{\"@type\":\"Organization\",\"@id\":\"https:\/\/odysseus-numismatique.com\/#organization\",\"name\":\"Odysseus\",\"url\":\"https:\/\/odysseus-numismatique.com\/\",\"logo\":{\"@type\":\"ImageObject\",\"inLanguage\":\"en-GB\",\"@id\":\"https:\/\/odysseus-numismatique.com\/#\/schema\/logo\/image\/\",\"url\":\"https:\/\/odysseus-numismatique.com\/wp-content\/uploads\/2019\/04\/odysseus-numismatique.png\",\"contentUrl\":\"https:\/\/odysseus-numismatique.com\/wp-content\/uploads\/2019\/04\/odysseus-numismatique.png\",\"width\":500,\"height\":500,\"caption\":\"Odysseus\"},\"image\":{\"@id\":\"https:\/\/odysseus-numismatique.com\/#\/schema\/logo\/image\/\"}}]}<\/script>\n<!-- \/ Yoast SEO plugin. -->","yoast_head_json":{"title":"VOLQUES TECTOSAGES \u2022 Drachme &#8226; Odysseus","robots":{"index":"index","follow":"follow","max-snippet":"max-snippet:-1","max-image-preview":"max-image-preview:large","max-video-preview":"max-video-preview:-1"},"canonical":"https:\/\/odysseus-numismatique.com\/en\/article\/volques-tectosages-drachme-48\/","og_locale":"en_GB","og_type":"article","og_title":"VOLQUES TECTOSAGES \u2022 Drachme &#8226; Odysseus","og_description":"Avers T\u00eate \u00e0 gauche, deux dauphins devant le visage Revers Croix cantonn\u00e9e de deux balles de fronde, d&rsquo;une hache et d&rsquo;une ellipse Module Drachme \u00ab\u00a0\u00e0 la t\u00eate cubiste\u00a0\u00bb Date Milieu IIe-d\u00e9but Ier si\u00e8cle av. J.-C. Atelier R\u00e9gion de Toulouse M\u00e9tal Argent Poids 2.85 g Diam\u00e8tre 13.7 mm R\u00e9f\u00e9rence Sav\u00e8s 1 \u00c9tat TTB","og_url":"https:\/\/odysseus-numismatique.com\/en\/article\/volques-tectosages-drachme-48\/","og_site_name":"Odysseus","article_modified_time":"2026-02-11T17:37:53+00:00","og_image":[{"width":1500,"height":750,"url":"https:\/\/odysseus-numismatique.com\/wp-content\/uploads\/2026\/01\/volques-tectosages-drachme-48.jpg","type":"image\/jpeg"}],"twitter_card":"summary_large_image","twitter_misc":{"Estimated reading time":"1 minute"},"schema":{"@context":"https:\/\/schema.org","@graph":[{"@type":"WebPage","@id":"https:\/\/odysseus-numismatique.com\/article\/volques-tectosages-drachme-48\/","url":"https:\/\/odysseus-numismatique.com\/article\/volques-tectosages-drachme-48\/","name":"VOLQUES TECTOSAGES \u2022 Drachme &#8226; Odysseus","isPartOf":{"@id":"https:\/\/odysseus-numismatique.com\/#website"},"primaryImageOfPage":{"@id":"https:\/\/odysseus-numismatique.com\/article\/volques-tectosages-drachme-48\/#primaryimage"},"image":{"@id":"https:\/\/odysseus-numismatique.com\/article\/volques-tectosages-drachme-48\/#primaryimage"},"thumbnailUrl":"https:\/\/odysseus-numismatique.com\/wp-content\/uploads\/2026\/01\/volques-tectosages-drachme-48.jpg","datePublished":"2026-02-11T16:54:52+00:00","dateModified":"2026-02-11T17:37:53+00:00","breadcrumb":{"@id":"https:\/\/odysseus-numismatique.com\/article\/volques-tectosages-drachme-48\/#breadcrumb"},"inLanguage":"en-GB","potentialAction":[{"@type":"ReadAction","target":["https:\/\/odysseus-numismatique.com\/article\/volques-tectosages-drachme-48\/"]}]},{"@type":"ImageObject","inLanguage":"en-GB","@id":"https:\/\/odysseus-numismatique.com\/article\/volques-tectosages-drachme-48\/#primaryimage","url":"https:\/\/odysseus-numismatique.com\/wp-content\/uploads\/2026\/01\/volques-tectosages-drachme-48.jpg","contentUrl":"https:\/\/odysseus-numismatique.com\/wp-content\/uploads\/2026\/01\/volques-tectosages-drachme-48.jpg","width":1500,"height":750,"caption":"Odysseus Numismatique Monnaies Celtiques Gauloises VOLQUES TECTOSAGES \u2022 Drachme"},{"@type":"BreadcrumbList","@id":"https:\/\/odysseus-numismatique.com\/article\/volques-tectosages-drachme-48\/#breadcrumb","itemListElement":[{"@type":"ListItem","position":1,"name":"Accueil","item":"https:\/\/odysseus-numismatique.com\/"},{"@type":"ListItem","position":2,"name":"Boutique","item":"https:\/\/odysseus-numismatique.com\/en\/boutique\/"},{"@type":"ListItem","position":3,"name":"VOLQUES TECTOSAGES Drachme"}]},{"@type":"WebSite","@id":"https:\/\/odysseus-numismatique.com\/#website","url":"https:\/\/odysseus-numismatique.com\/","name":"Odysseus","description":"Numismatics","publisher":{"@id":"https:\/\/odysseus-numismatique.com\/#organization"},"potentialAction":[{"@type":"SearchAction","target":{"@type":"EntryPoint","urlTemplate":"https:\/\/odysseus-numismatique.com\/?s={search_term_string}"},"query-input":{"@type":"PropertyValueSpecification","valueRequired":true,"valueName":"search_term_string"}}],"inLanguage":"en-GB"},{"@type":"Organization","@id":"https:\/\/odysseus-numismatique.com\/#organization","name":"Odysseus","url":"https:\/\/odysseus-numismatique.com\/","logo":{"@type":"ImageObject","inLanguage":"en-GB","@id":"https:\/\/odysseus-numismatique.com\/#\/schema\/logo\/image\/","url":"https:\/\/odysseus-numismatique.com\/wp-content\/uploads\/2019\/04\/odysseus-numismatique.png","contentUrl":"https:\/\/odysseus-numismatique.com\/wp-content\/uploads\/2019\/04\/odysseus-numismatique.png","width":500,"height":500,"caption":"Odysseus"},"image":{"@id":"https:\/\/odysseus-numismatique.com\/#\/schema\/logo\/image\/"}}]}},"_links":{"self":[{"href":"https:\/\/odysseus-numismatique.com\/en\/wp-json\/wp\/v2\/product\/22413","targetHints":{"allow":["GET"]}}],"collection":[{"href":"https:\/\/odysseus-numismatique.com\/en\/wp-json\/wp\/v2\/product"}],"about":[{"href":"https:\/\/odysseus-numismatique.com\/en\/wp-json\/wp\/v2\/types\/product"}],"wp:featuredmedia":[{"embeddable":true,"href":"https:\/\/odysseus-numismatique.com\/en\/wp-json\/wp\/v2\/media\/22414"}],"wp:attachment":[{"href":"https:\/\/odysseus-numismatique.com\/en\/wp-json\/wp\/v2\/media?parent=22413"}],"wp:term":[{"taxonomy":"product_brand","embeddable":true,"href":"https:\/\/odysseus-numismatique.com\/en\/wp-json\/wp\/v2\/product_brand?post=22413"},{"taxonomy":"product_cat","embeddable":true,"href":"https:\/\/odysseus-numismatique.com\/en\/wp-json\/wp\/v2\/product_cat?post=22413"},{"taxonomy":"product_tag","embeddable":true,"href":"https:\/\/odysseus-numismatique.com\/en\/wp-json\/wp\/v2\/product_tag?post=22413"}],"curies":[{"name":"wp","href":"https:\/\/api.w.org\/{rel}","templated":true}]}}