{"id":2189,"date":"2019-04-05T02:39:08","date_gmt":"2019-04-05T01:39:08","guid":{"rendered":"https:\/\/odysseus-numismatique.com\/?post_type=product&#038;p=2189"},"modified":"2025-03-18T01:16:05","modified_gmt":"2025-03-18T00:16:05","slug":"thessalie-confederation-thessalienne-statere","status":"publish","type":"product","link":"https:\/\/odysseus-numismatique.com\/en\/article\/thessalie-confederation-thessalienne-statere\/","title":{"rendered":"THESSALY \u2013 THESSALIAN LEAGUE <br \/> Stater"},"content":{"rendered":"<style>\n.tableproduct {border-collapse:none}\n.tableproduct td {border:none!important; padding:10px}\n.tableproduct .odd td {background-color:#424242}\n.tableproduct .even td {background-color:#3a3a3a}\n.tableproduct .column-1 {text-transform:uppercase; font-weight:bold; font-size:0.75em; width:20%}\n.tableproduct .column-2 {font-size:1em}\n<\/style>\n<table class=\"tableproduct\">\n<tr class=\"row-1 odd\">\n<td class=\"column-1\">Avers<\/td>\n<td class=\"column-2\">T\u00eate laur\u00e9e de Zeus \u00e0 droite<\/td>\n<\/tr>\n<tr class=\"row-2 even\">\n<td class=\"column-1\">Revers<\/td>\n<td class=\"column-2\">\u0398\u0395\u03a3\u03a3\u0391 \u039b\u03a9\u039d<br \/>\nAth\u00e9na Itonia avan\u00e7ant \u00e0 droite, brandissant une lance et tenant un bouclier, \u039c\u0395\u039d\u0395 \u039a\u03a1\u0391\u03a4[\u039f\u03a5] au-dessus, \u0391\u039b\u0395\u039e\u0391\u039d\u0394\u03a1[\u039f\u03a5] \u00e0 l&rsquo;exergue<\/td>\n<\/tr>\n<tr class=\"row-3 odd\">\n<td class=\"column-1\">Module<\/td>\n<td class=\"column-2\">Stat\u00e8re<\/td>\n<\/tr>\n<tr class=\"row-4 even\">\n<td class=\"column-1\">Date<\/td>\n<td class=\"column-2\">Milieu &#8211; fin Ier si\u00e8cle av. J.-C. (frapp\u00e9 sous les magistrats Alexandros &#038; Menekrates)<\/td>\n<\/tr>\n<tr class=\"row-5 odd\">\n<td class=\"column-1\">Atelier<\/td>\n<td class=\"column-2\">Thessalie<\/td>\n<\/tr>\n<tr class=\"row-6 even\">\n<td class=\"column-1\">M\u00e9tal<\/td>\n<td class=\"column-2\">Argent<\/td>\n<\/tr>\n<tr class=\"row-7 odd\">\n<td class=\"column-1\">Poids<\/td>\n<td class=\"column-2\">5.85 g<\/td>\n<\/tr>\n<tr class=\"row-8 even\">\n<td class=\"column-1\">Diam\u00e8tre<\/td>\n<td class=\"column-2\">25 mm<\/td>\n<\/tr>\n<tr class=\"row-9 odd\">\n<td class=\"column-1\">R\u00e9f\u00e9rence<\/td>\n<td class=\"column-2\">HGC 4, 210 &#8211; BCD Thessaly II 886.2<\/td>\n<\/tr>\n<tr class=\"row-10 even\">\n<td class=\"column-1\">\u00c9tat<\/td>\n<td class=\"column-2\">SUP+<\/td>\n<\/tr>\n<\/table>\n","protected":false},"excerpt":{"rendered":"<p>Avers T\u00eate laur\u00e9e de Zeus \u00e0 droite Revers \u0398\u0395\u03a3\u03a3\u0391 \u039b\u03a9\u039d Ath\u00e9na Itonia avan\u00e7ant \u00e0 droite, brandissant une lance et tenant un bouclier, \u039c\u0395\u039d\u0395 \u039a\u03a1\u0391\u03a4[\u039f\u03a5] au-dessus, \u0391\u039b\u0395\u039e\u0391\u039d\u0394\u03a1[\u039f\u03a5] \u00e0 l&rsquo;exergue Module Stat\u00e8re Date Milieu &#8211; fin Ier si\u00e8cle av. J.-C. (frapp\u00e9 sous les magistrats Alexandros &#038; Menekrates) Atelier Thessalie M\u00e9tal Argent Poids 5.85 g Diam\u00e8tre 25 mm [&hellip;]<\/p>\n","protected":false},"featured_media":7861,"template":"","meta":[],"product_brand":[],"product_cat":[15],"product_tag":[149,394],"class_list":{"0":"post-2189","1":"product","2":"type-product","3":"status-publish","4":"has-post-thumbnail","6":"product_cat-vendus","7":"product_tag-monnaies-grecques","8":"product_tag-numismatique","9":"pa_metal-argent","10":"pa_module-statere","12":"first","13":"outofstock","14":"sold-individually","15":"shipping-taxable","16":"purchasable","17":"product-type-simple"},"yoast_head":"<!-- This site is optimized with the Yoast SEO plugin v27.5 - https:\/\/yoast.com\/product\/yoast-seo-wordpress\/ -->\n<title>THESSALIE - CONF\u00c9D\u00c9RATION THESSALIENNE \u2022 Stat\u00e8re &#8226; Odysseus<\/title>\n<meta name=\"robots\" content=\"index, follow, max-snippet:-1, max-image-preview:large, max-video-preview:-1\" \/>\n<link rel=\"canonical\" href=\"https:\/\/odysseus-numismatique.com\/en\/article\/thessalie-confederation-thessalienne-statere\/\" \/>\n<meta property=\"og:locale\" content=\"en_GB\" \/>\n<meta property=\"og:type\" content=\"article\" \/>\n<meta property=\"og:title\" content=\"THESSALIE - CONF\u00c9D\u00c9RATION THESSALIENNE \u2022 Stat\u00e8re &#8226; Odysseus\" \/>\n<meta property=\"og:description\" content=\"Avers T\u00eate laur\u00e9e de Zeus \u00e0 droite Revers \u0398\u0395\u03a3\u03a3\u0391 \u039b\u03a9\u039d Ath\u00e9na Itonia avan\u00e7ant \u00e0 droite, brandissant une lance et tenant un bouclier, \u039c\u0395\u039d\u0395 \u039a\u03a1\u0391\u03a4[\u039f\u03a5] au-dessus, \u0391\u039b\u0395\u039e\u0391\u039d\u0394\u03a1[\u039f\u03a5] \u00e0 l&rsquo;exergue Module Stat\u00e8re Date Milieu &#8211; fin Ier si\u00e8cle av. J.-C. (frapp\u00e9 sous les magistrats Alexandros &#038; Menekrates) Atelier Thessalie M\u00e9tal Argent Poids 5.85 g Diam\u00e8tre 25 mm [&hellip;]\" \/>\n<meta property=\"og:url\" content=\"https:\/\/odysseus-numismatique.com\/en\/article\/thessalie-confederation-thessalienne-statere\/\" \/>\n<meta property=\"og:site_name\" content=\"Odysseus\" \/>\n<meta property=\"article:modified_time\" content=\"2025-03-18T00:16:05+00:00\" \/>\n<meta property=\"og:image\" content=\"https:\/\/odysseus-numismatique.com\/wp-content\/uploads\/2019\/04\/thessalie-confederation-thessalienne-statere.jpg\" \/>\n\t<meta property=\"og:image:width\" content=\"1500\" \/>\n\t<meta property=\"og:image:height\" content=\"750\" \/>\n\t<meta property=\"og:image:type\" content=\"image\/jpeg\" \/>\n<meta name=\"twitter:card\" content=\"summary_large_image\" \/>\n<script type=\"application\/ld+json\" class=\"yoast-schema-graph\">{\"@context\":\"https:\\\/\\\/schema.org\",\"@graph\":[{\"@type\":\"WebPage\",\"@id\":\"https:\\\/\\\/odysseus-numismatique.com\\\/article\\\/thessalie-confederation-thessalienne-statere\\\/\",\"url\":\"https:\\\/\\\/odysseus-numismatique.com\\\/article\\\/thessalie-confederation-thessalienne-statere\\\/\",\"name\":\"THESSALIE - CONF\u00c9D\u00c9RATION THESSALIENNE \u2022 Stat\u00e8re &#8226; Odysseus\",\"isPartOf\":{\"@id\":\"https:\\\/\\\/odysseus-numismatique.com\\\/#website\"},\"primaryImageOfPage\":{\"@id\":\"https:\\\/\\\/odysseus-numismatique.com\\\/article\\\/thessalie-confederation-thessalienne-statere\\\/#primaryimage\"},\"image\":{\"@id\":\"https:\\\/\\\/odysseus-numismatique.com\\\/article\\\/thessalie-confederation-thessalienne-statere\\\/#primaryimage\"},\"thumbnailUrl\":\"https:\\\/\\\/odysseus-numismatique.com\\\/wp-content\\\/uploads\\\/2019\\\/04\\\/thessalie-confederation-thessalienne-statere.jpg\",\"datePublished\":\"2019-04-05T01:39:08+00:00\",\"dateModified\":\"2025-03-18T00:16:05+00:00\",\"breadcrumb\":{\"@id\":\"https:\\\/\\\/odysseus-numismatique.com\\\/article\\\/thessalie-confederation-thessalienne-statere\\\/#breadcrumb\"},\"inLanguage\":\"en-GB\",\"potentialAction\":[{\"@type\":\"ReadAction\",\"target\":[\"https:\\\/\\\/odysseus-numismatique.com\\\/article\\\/thessalie-confederation-thessalienne-statere\\\/\"]}]},{\"@type\":\"ImageObject\",\"inLanguage\":\"en-GB\",\"@id\":\"https:\\\/\\\/odysseus-numismatique.com\\\/article\\\/thessalie-confederation-thessalienne-statere\\\/#primaryimage\",\"url\":\"https:\\\/\\\/odysseus-numismatique.com\\\/wp-content\\\/uploads\\\/2019\\\/04\\\/thessalie-confederation-thessalienne-statere.jpg\",\"contentUrl\":\"https:\\\/\\\/odysseus-numismatique.com\\\/wp-content\\\/uploads\\\/2019\\\/04\\\/thessalie-confederation-thessalienne-statere.jpg\",\"width\":1500,\"height\":750,\"caption\":\"Odysseus Numismatique Monnaies Grecques Thessalie conf\u00e9d\u00e9ration thessalienne stat\u00e8re double victoriat\"},{\"@type\":\"BreadcrumbList\",\"@id\":\"https:\\\/\\\/odysseus-numismatique.com\\\/article\\\/thessalie-confederation-thessalienne-statere\\\/#breadcrumb\",\"itemListElement\":[{\"@type\":\"ListItem\",\"position\":1,\"name\":\"Accueil\",\"item\":\"https:\\\/\\\/odysseus-numismatique.com\\\/\"},{\"@type\":\"ListItem\",\"position\":2,\"name\":\"Boutique\",\"item\":\"https:\\\/\\\/odysseus-numismatique.com\\\/en\\\/boutique\\\/\"},{\"@type\":\"ListItem\",\"position\":3,\"name\":\"THESSALIE &#8211; CONF\u00c9D\u00c9RATION THESSALIENNE Stat\u00e8re\"}]},{\"@type\":\"WebSite\",\"@id\":\"https:\\\/\\\/odysseus-numismatique.com\\\/#website\",\"url\":\"https:\\\/\\\/odysseus-numismatique.com\\\/\",\"name\":\"Odysseus\",\"description\":\"Numismatique\",\"publisher\":{\"@id\":\"https:\\\/\\\/odysseus-numismatique.com\\\/#organization\"},\"potentialAction\":[{\"@type\":\"SearchAction\",\"target\":{\"@type\":\"EntryPoint\",\"urlTemplate\":\"https:\\\/\\\/odysseus-numismatique.com\\\/?s={search_term_string}\"},\"query-input\":{\"@type\":\"PropertyValueSpecification\",\"valueRequired\":true,\"valueName\":\"search_term_string\"}}],\"inLanguage\":\"en-GB\"},{\"@type\":\"Organization\",\"@id\":\"https:\\\/\\\/odysseus-numismatique.com\\\/#organization\",\"name\":\"Odysseus\",\"url\":\"https:\\\/\\\/odysseus-numismatique.com\\\/\",\"logo\":{\"@type\":\"ImageObject\",\"inLanguage\":\"en-GB\",\"@id\":\"https:\\\/\\\/odysseus-numismatique.com\\\/#\\\/schema\\\/logo\\\/image\\\/\",\"url\":\"https:\\\/\\\/odysseus-numismatique.com\\\/wp-content\\\/uploads\\\/2019\\\/04\\\/odysseus-numismatique.png\",\"contentUrl\":\"https:\\\/\\\/odysseus-numismatique.com\\\/wp-content\\\/uploads\\\/2019\\\/04\\\/odysseus-numismatique.png\",\"width\":500,\"height\":500,\"caption\":\"Odysseus\"},\"image\":{\"@id\":\"https:\\\/\\\/odysseus-numismatique.com\\\/#\\\/schema\\\/logo\\\/image\\\/\"}}]}<\/script>\n<!-- \/ Yoast SEO plugin. -->","yoast_head_json":{"title":"THESSALIE - CONF\u00c9D\u00c9RATION THESSALIENNE \u2022 Stat\u00e8re &#8226; Odysseus","robots":{"index":"index","follow":"follow","max-snippet":"max-snippet:-1","max-image-preview":"max-image-preview:large","max-video-preview":"max-video-preview:-1"},"canonical":"https:\/\/odysseus-numismatique.com\/en\/article\/thessalie-confederation-thessalienne-statere\/","og_locale":"en_GB","og_type":"article","og_title":"THESSALIE - CONF\u00c9D\u00c9RATION THESSALIENNE \u2022 Stat\u00e8re &#8226; Odysseus","og_description":"Avers T\u00eate laur\u00e9e de Zeus \u00e0 droite Revers \u0398\u0395\u03a3\u03a3\u0391 \u039b\u03a9\u039d Ath\u00e9na Itonia avan\u00e7ant \u00e0 droite, brandissant une lance et tenant un bouclier, \u039c\u0395\u039d\u0395 \u039a\u03a1\u0391\u03a4[\u039f\u03a5] au-dessus, \u0391\u039b\u0395\u039e\u0391\u039d\u0394\u03a1[\u039f\u03a5] \u00e0 l&rsquo;exergue Module Stat\u00e8re Date Milieu &#8211; fin Ier si\u00e8cle av. J.-C. (frapp\u00e9 sous les magistrats Alexandros &#038; Menekrates) Atelier Thessalie M\u00e9tal Argent Poids 5.85 g Diam\u00e8tre 25 mm [&hellip;]","og_url":"https:\/\/odysseus-numismatique.com\/en\/article\/thessalie-confederation-thessalienne-statere\/","og_site_name":"Odysseus","article_modified_time":"2025-03-18T00:16:05+00:00","og_image":[{"width":1500,"height":750,"url":"https:\/\/odysseus-numismatique.com\/wp-content\/uploads\/2019\/04\/thessalie-confederation-thessalienne-statere.jpg","type":"image\/jpeg"}],"twitter_card":"summary_large_image","schema":{"@context":"https:\/\/schema.org","@graph":[{"@type":"WebPage","@id":"https:\/\/odysseus-numismatique.com\/article\/thessalie-confederation-thessalienne-statere\/","url":"https:\/\/odysseus-numismatique.com\/article\/thessalie-confederation-thessalienne-statere\/","name":"THESSALIE - CONF\u00c9D\u00c9RATION THESSALIENNE \u2022 Stat\u00e8re &#8226; Odysseus","isPartOf":{"@id":"https:\/\/odysseus-numismatique.com\/#website"},"primaryImageOfPage":{"@id":"https:\/\/odysseus-numismatique.com\/article\/thessalie-confederation-thessalienne-statere\/#primaryimage"},"image":{"@id":"https:\/\/odysseus-numismatique.com\/article\/thessalie-confederation-thessalienne-statere\/#primaryimage"},"thumbnailUrl":"https:\/\/odysseus-numismatique.com\/wp-content\/uploads\/2019\/04\/thessalie-confederation-thessalienne-statere.jpg","datePublished":"2019-04-05T01:39:08+00:00","dateModified":"2025-03-18T00:16:05+00:00","breadcrumb":{"@id":"https:\/\/odysseus-numismatique.com\/article\/thessalie-confederation-thessalienne-statere\/#breadcrumb"},"inLanguage":"en-GB","potentialAction":[{"@type":"ReadAction","target":["https:\/\/odysseus-numismatique.com\/article\/thessalie-confederation-thessalienne-statere\/"]}]},{"@type":"ImageObject","inLanguage":"en-GB","@id":"https:\/\/odysseus-numismatique.com\/article\/thessalie-confederation-thessalienne-statere\/#primaryimage","url":"https:\/\/odysseus-numismatique.com\/wp-content\/uploads\/2019\/04\/thessalie-confederation-thessalienne-statere.jpg","contentUrl":"https:\/\/odysseus-numismatique.com\/wp-content\/uploads\/2019\/04\/thessalie-confederation-thessalienne-statere.jpg","width":1500,"height":750,"caption":"Odysseus Numismatique Monnaies Grecques Thessalie conf\u00e9d\u00e9ration thessalienne stat\u00e8re double victoriat"},{"@type":"BreadcrumbList","@id":"https:\/\/odysseus-numismatique.com\/article\/thessalie-confederation-thessalienne-statere\/#breadcrumb","itemListElement":[{"@type":"ListItem","position":1,"name":"Accueil","item":"https:\/\/odysseus-numismatique.com\/"},{"@type":"ListItem","position":2,"name":"Boutique","item":"https:\/\/odysseus-numismatique.com\/en\/boutique\/"},{"@type":"ListItem","position":3,"name":"THESSALIE &#8211; CONF\u00c9D\u00c9RATION THESSALIENNE Stat\u00e8re"}]},{"@type":"WebSite","@id":"https:\/\/odysseus-numismatique.com\/#website","url":"https:\/\/odysseus-numismatique.com\/","name":"Odysseus","description":"Numismatics","publisher":{"@id":"https:\/\/odysseus-numismatique.com\/#organization"},"potentialAction":[{"@type":"SearchAction","target":{"@type":"EntryPoint","urlTemplate":"https:\/\/odysseus-numismatique.com\/?s={search_term_string}"},"query-input":{"@type":"PropertyValueSpecification","valueRequired":true,"valueName":"search_term_string"}}],"inLanguage":"en-GB"},{"@type":"Organization","@id":"https:\/\/odysseus-numismatique.com\/#organization","name":"Odysseus","url":"https:\/\/odysseus-numismatique.com\/","logo":{"@type":"ImageObject","inLanguage":"en-GB","@id":"https:\/\/odysseus-numismatique.com\/#\/schema\/logo\/image\/","url":"https:\/\/odysseus-numismatique.com\/wp-content\/uploads\/2019\/04\/odysseus-numismatique.png","contentUrl":"https:\/\/odysseus-numismatique.com\/wp-content\/uploads\/2019\/04\/odysseus-numismatique.png","width":500,"height":500,"caption":"Odysseus"},"image":{"@id":"https:\/\/odysseus-numismatique.com\/#\/schema\/logo\/image\/"}}]}},"_links":{"self":[{"href":"https:\/\/odysseus-numismatique.com\/en\/wp-json\/wp\/v2\/product\/2189","targetHints":{"allow":["GET"]}}],"collection":[{"href":"https:\/\/odysseus-numismatique.com\/en\/wp-json\/wp\/v2\/product"}],"about":[{"href":"https:\/\/odysseus-numismatique.com\/en\/wp-json\/wp\/v2\/types\/product"}],"wp:featuredmedia":[{"embeddable":true,"href":"https:\/\/odysseus-numismatique.com\/en\/wp-json\/wp\/v2\/media\/7861"}],"wp:attachment":[{"href":"https:\/\/odysseus-numismatique.com\/en\/wp-json\/wp\/v2\/media?parent=2189"}],"wp:term":[{"taxonomy":"product_brand","embeddable":true,"href":"https:\/\/odysseus-numismatique.com\/en\/wp-json\/wp\/v2\/product_brand?post=2189"},{"taxonomy":"product_cat","embeddable":true,"href":"https:\/\/odysseus-numismatique.com\/en\/wp-json\/wp\/v2\/product_cat?post=2189"},{"taxonomy":"product_tag","embeddable":true,"href":"https:\/\/odysseus-numismatique.com\/en\/wp-json\/wp\/v2\/product_tag?post=2189"}],"curies":[{"name":"wp","href":"https:\/\/api.w.org\/{rel}","templated":true}]}}