{"id":21825,"date":"2025-09-19T15:48:45","date_gmt":"2025-09-19T13:48:45","guid":{"rendered":"https:\/\/odysseus-numismatique.com\/?post_type=product&#038;p=21825"},"modified":"2025-11-02T21:39:56","modified_gmt":"2025-11-02T20:39:56","slug":"venise-jacopo-contarini-gros","status":"publish","type":"product","link":"https:\/\/odysseus-numismatique.com\/en\/article\/venise-jacopo-contarini-gros\/","title":{"rendered":"VENICE \u2013 JACOPO CONTARINI <br \/> Gros"},"content":{"rendered":"<style>\n.tableproduct {border-collapse:none}\n.tableproduct td {border:none!important; padding:10px}\n.tableproduct .odd td {background-color:#424242}\n.tableproduct .even td {background-color:#3a3a3a}\n.tableproduct .column-1 {text-transform:uppercase; font-weight:bold; font-size:0.75em; width:20%}\n.tableproduct .column-2 {font-size:1em}\n<\/style>\n<table class=\"tableproduct\">\n<tr class=\"row-1 odd\">\n<td class=\"column-1\">Obverse<\/td>\n<td class=\"column-2\">IA 9TARIN DVX S M VENETI<br \/>\nLe Doge et Saint Marc debout de face, tenant une banni\u00e8re entre eux<\/td>\n<\/tr>\n<tr class=\"row-2 even\">\n<td class=\"column-1\">Reverse<\/td>\n<td class=\"column-2\">Le Christ Pantocrator tr\u00f4nant de face, IC XC dans les champs<\/td>\n<\/tr>\n<tr class=\"row-3 odd\">\n<td class=\"column-1\">Denomination<\/td>\n<td class=\"column-2\">Gros \/ Grosso<\/td>\n<\/tr>\n<tr class=\"row-4 even\">\n<td class=\"column-1\">Date<\/td>\n<td class=\"column-2\">AD 1275-1280<\/td>\n<\/tr>\n<tr class=\"row-5 odd\">\n<td class=\"column-1\">Mint<\/td>\n<td class=\"column-2\">Venice (Italy)<\/td>\n<\/tr>\n<tr class=\"row-6 even\">\n<td class=\"column-1\">Metal<\/td>\n<td class=\"column-2\">Silver<\/td>\n<\/tr>\n<tr class=\"row-7 odd\">\n<td class=\"column-1\">Weight<\/td>\n<td class=\"column-2\">2.06 g<\/td>\n<\/tr>\n<tr class=\"row-8 even\">\n<td class=\"column-1\">Diameter<\/td>\n<td class=\"column-2\">19.7 mm<\/td>\n<\/tr>\n<tr class=\"row-9 odd\">\n<td class=\"column-1\">Reference<\/td>\n<td class=\"column-2\">Paolucci 1 &#8211; Biaggi 2783<\/td>\n<\/tr>\n<tr class=\"row-10 even\">\n<td class=\"column-1\">Condition<\/td>\n<td class=\"column-2\">VF<\/td>\n<\/tr>\n<\/table>","protected":false},"excerpt":{"rendered":"<p>Avers IA 9TARIN DVX S M VENETI Le Doge et Saint Marc debout de face, tenant une banni\u00e8re entre eux Revers Le Christ Pantocrator tr\u00f4nant de face, IC XC dans les champs Module Gros \/ Grosso Date 1275-1280 ap. J.-C. Atelier Venise (Italie) M\u00e9tal Argent Poids 2.06 g Diam\u00e8tre 19.7 mm R\u00e9f\u00e9rence Paolucci 1 &#8211; [&hellip;]<\/p>\n","protected":false},"featured_media":21826,"template":"","meta":[],"product_brand":[],"product_cat":[15],"product_tag":[238,394],"class_list":{"0":"post-21825","1":"product","2":"type-product","3":"status-publish","4":"has-post-thumbnail","6":"product_cat-vendus","7":"product_tag-monnaies-feodales","8":"product_tag-numismatique","9":"pa_metal-argent","10":"pa_module-gros","12":"first","13":"outofstock","14":"sold-individually","15":"shipping-taxable","16":"purchasable","17":"product-type-simple"},"yoast_head":"<!-- This site is optimized with the Yoast SEO plugin v27.2 - https:\/\/yoast.com\/product\/yoast-seo-wordpress\/ -->\n<title>VENISE - JACOPO CONTARINI \u2022 Gros &#8226; Odysseus<\/title>\n<meta name=\"robots\" content=\"index, follow, max-snippet:-1, max-image-preview:large, max-video-preview:-1\" \/>\n<link rel=\"canonical\" href=\"https:\/\/odysseus-numismatique.com\/en\/article\/venise-jacopo-contarini-gros\/\" \/>\n<meta property=\"og:locale\" content=\"en_GB\" \/>\n<meta property=\"og:type\" content=\"article\" \/>\n<meta property=\"og:title\" content=\"VENISE - JACOPO CONTARINI \u2022 Gros &#8226; Odysseus\" \/>\n<meta property=\"og:description\" content=\"Avers IA 9TARIN DVX S M VENETI Le Doge et Saint Marc debout de face, tenant une banni\u00e8re entre eux Revers Le Christ Pantocrator tr\u00f4nant de face, IC XC dans les champs Module Gros \/ Grosso Date 1275-1280 ap. J.-C. Atelier Venise (Italie) M\u00e9tal Argent Poids 2.06 g Diam\u00e8tre 19.7 mm R\u00e9f\u00e9rence Paolucci 1 &#8211; [&hellip;]\" \/>\n<meta property=\"og:url\" content=\"https:\/\/odysseus-numismatique.com\/en\/article\/venise-jacopo-contarini-gros\/\" \/>\n<meta property=\"og:site_name\" content=\"Odysseus\" \/>\n<meta property=\"article:modified_time\" content=\"2025-11-02T20:39:56+00:00\" \/>\n<meta property=\"og:image\" content=\"https:\/\/odysseus-numismatique.com\/wp-content\/uploads\/2025\/09\/venise-jacopo-contarini-gros.jpg\" \/>\n\t<meta property=\"og:image:width\" content=\"1500\" \/>\n\t<meta property=\"og:image:height\" content=\"750\" \/>\n\t<meta property=\"og:image:type\" content=\"image\/jpeg\" \/>\n<meta name=\"twitter:card\" content=\"summary_large_image\" \/>\n<meta name=\"twitter:label1\" content=\"Estimated reading time\" \/>\n\t<meta name=\"twitter:data1\" content=\"1 minute\" \/>\n<script type=\"application\/ld+json\" class=\"yoast-schema-graph\">{\"@context\":\"https:\/\/schema.org\",\"@graph\":[{\"@type\":\"WebPage\",\"@id\":\"https:\/\/odysseus-numismatique.com\/article\/venise-jacopo-contarini-gros\/\",\"url\":\"https:\/\/odysseus-numismatique.com\/article\/venise-jacopo-contarini-gros\/\",\"name\":\"VENISE - JACOPO CONTARINI \u2022 Gros &#8226; Odysseus\",\"isPartOf\":{\"@id\":\"https:\/\/odysseus-numismatique.com\/#website\"},\"primaryImageOfPage\":{\"@id\":\"https:\/\/odysseus-numismatique.com\/article\/venise-jacopo-contarini-gros\/#primaryimage\"},\"image\":{\"@id\":\"https:\/\/odysseus-numismatique.com\/article\/venise-jacopo-contarini-gros\/#primaryimage\"},\"thumbnailUrl\":\"https:\/\/odysseus-numismatique.com\/wp-content\/uploads\/2025\/09\/venise-jacopo-contarini-gros.jpg\",\"datePublished\":\"2025-09-19T13:48:45+00:00\",\"dateModified\":\"2025-11-02T20:39:56+00:00\",\"breadcrumb\":{\"@id\":\"https:\/\/odysseus-numismatique.com\/article\/venise-jacopo-contarini-gros\/#breadcrumb\"},\"inLanguage\":\"en-GB\",\"potentialAction\":[{\"@type\":\"ReadAction\",\"target\":[\"https:\/\/odysseus-numismatique.com\/article\/venise-jacopo-contarini-gros\/\"]}]},{\"@type\":\"ImageObject\",\"inLanguage\":\"en-GB\",\"@id\":\"https:\/\/odysseus-numismatique.com\/article\/venise-jacopo-contarini-gros\/#primaryimage\",\"url\":\"https:\/\/odysseus-numismatique.com\/wp-content\/uploads\/2025\/09\/venise-jacopo-contarini-gros.jpg\",\"contentUrl\":\"https:\/\/odysseus-numismatique.com\/wp-content\/uploads\/2025\/09\/venise-jacopo-contarini-gros.jpg\",\"width\":1500,\"height\":750,\"caption\":\"Odysseus Numismatique Monnaies F\u00e9odales VENISE - JACOPO CONTARINI \u2022 Gros\"},{\"@type\":\"BreadcrumbList\",\"@id\":\"https:\/\/odysseus-numismatique.com\/article\/venise-jacopo-contarini-gros\/#breadcrumb\",\"itemListElement\":[{\"@type\":\"ListItem\",\"position\":1,\"name\":\"Accueil\",\"item\":\"https:\/\/odysseus-numismatique.com\/\"},{\"@type\":\"ListItem\",\"position\":2,\"name\":\"Boutique\",\"item\":\"https:\/\/odysseus-numismatique.com\/en\/boutique\/\"},{\"@type\":\"ListItem\",\"position\":3,\"name\":\"VENISE &#8211; JACOPO CONTARINI Gros\"}]},{\"@type\":\"WebSite\",\"@id\":\"https:\/\/odysseus-numismatique.com\/#website\",\"url\":\"https:\/\/odysseus-numismatique.com\/\",\"name\":\"Odysseus\",\"description\":\"Numismatique\",\"publisher\":{\"@id\":\"https:\/\/odysseus-numismatique.com\/#organization\"},\"potentialAction\":[{\"@type\":\"SearchAction\",\"target\":{\"@type\":\"EntryPoint\",\"urlTemplate\":\"https:\/\/odysseus-numismatique.com\/?s={search_term_string}\"},\"query-input\":{\"@type\":\"PropertyValueSpecification\",\"valueRequired\":true,\"valueName\":\"search_term_string\"}}],\"inLanguage\":\"en-GB\"},{\"@type\":\"Organization\",\"@id\":\"https:\/\/odysseus-numismatique.com\/#organization\",\"name\":\"Odysseus\",\"url\":\"https:\/\/odysseus-numismatique.com\/\",\"logo\":{\"@type\":\"ImageObject\",\"inLanguage\":\"en-GB\",\"@id\":\"https:\/\/odysseus-numismatique.com\/#\/schema\/logo\/image\/\",\"url\":\"https:\/\/odysseus-numismatique.com\/wp-content\/uploads\/2019\/04\/odysseus-numismatique.png\",\"contentUrl\":\"https:\/\/odysseus-numismatique.com\/wp-content\/uploads\/2019\/04\/odysseus-numismatique.png\",\"width\":500,\"height\":500,\"caption\":\"Odysseus\"},\"image\":{\"@id\":\"https:\/\/odysseus-numismatique.com\/#\/schema\/logo\/image\/\"}}]}<\/script>\n<!-- \/ Yoast SEO plugin. -->","yoast_head_json":{"title":"VENISE - JACOPO CONTARINI \u2022 Gros &#8226; Odysseus","robots":{"index":"index","follow":"follow","max-snippet":"max-snippet:-1","max-image-preview":"max-image-preview:large","max-video-preview":"max-video-preview:-1"},"canonical":"https:\/\/odysseus-numismatique.com\/en\/article\/venise-jacopo-contarini-gros\/","og_locale":"en_GB","og_type":"article","og_title":"VENISE - JACOPO CONTARINI \u2022 Gros &#8226; Odysseus","og_description":"Avers IA 9TARIN DVX S M VENETI Le Doge et Saint Marc debout de face, tenant une banni\u00e8re entre eux Revers Le Christ Pantocrator tr\u00f4nant de face, IC XC dans les champs Module Gros \/ Grosso Date 1275-1280 ap. J.-C. Atelier Venise (Italie) M\u00e9tal Argent Poids 2.06 g Diam\u00e8tre 19.7 mm R\u00e9f\u00e9rence Paolucci 1 &#8211; [&hellip;]","og_url":"https:\/\/odysseus-numismatique.com\/en\/article\/venise-jacopo-contarini-gros\/","og_site_name":"Odysseus","article_modified_time":"2025-11-02T20:39:56+00:00","og_image":[{"width":1500,"height":750,"url":"https:\/\/odysseus-numismatique.com\/wp-content\/uploads\/2025\/09\/venise-jacopo-contarini-gros.jpg","type":"image\/jpeg"}],"twitter_card":"summary_large_image","twitter_misc":{"Estimated reading time":"1 minute"},"schema":{"@context":"https:\/\/schema.org","@graph":[{"@type":"WebPage","@id":"https:\/\/odysseus-numismatique.com\/article\/venise-jacopo-contarini-gros\/","url":"https:\/\/odysseus-numismatique.com\/article\/venise-jacopo-contarini-gros\/","name":"VENISE - JACOPO CONTARINI \u2022 Gros &#8226; Odysseus","isPartOf":{"@id":"https:\/\/odysseus-numismatique.com\/#website"},"primaryImageOfPage":{"@id":"https:\/\/odysseus-numismatique.com\/article\/venise-jacopo-contarini-gros\/#primaryimage"},"image":{"@id":"https:\/\/odysseus-numismatique.com\/article\/venise-jacopo-contarini-gros\/#primaryimage"},"thumbnailUrl":"https:\/\/odysseus-numismatique.com\/wp-content\/uploads\/2025\/09\/venise-jacopo-contarini-gros.jpg","datePublished":"2025-09-19T13:48:45+00:00","dateModified":"2025-11-02T20:39:56+00:00","breadcrumb":{"@id":"https:\/\/odysseus-numismatique.com\/article\/venise-jacopo-contarini-gros\/#breadcrumb"},"inLanguage":"en-GB","potentialAction":[{"@type":"ReadAction","target":["https:\/\/odysseus-numismatique.com\/article\/venise-jacopo-contarini-gros\/"]}]},{"@type":"ImageObject","inLanguage":"en-GB","@id":"https:\/\/odysseus-numismatique.com\/article\/venise-jacopo-contarini-gros\/#primaryimage","url":"https:\/\/odysseus-numismatique.com\/wp-content\/uploads\/2025\/09\/venise-jacopo-contarini-gros.jpg","contentUrl":"https:\/\/odysseus-numismatique.com\/wp-content\/uploads\/2025\/09\/venise-jacopo-contarini-gros.jpg","width":1500,"height":750,"caption":"Odysseus Numismatique Monnaies F\u00e9odales VENISE - JACOPO CONTARINI \u2022 Gros"},{"@type":"BreadcrumbList","@id":"https:\/\/odysseus-numismatique.com\/article\/venise-jacopo-contarini-gros\/#breadcrumb","itemListElement":[{"@type":"ListItem","position":1,"name":"Accueil","item":"https:\/\/odysseus-numismatique.com\/"},{"@type":"ListItem","position":2,"name":"Boutique","item":"https:\/\/odysseus-numismatique.com\/en\/boutique\/"},{"@type":"ListItem","position":3,"name":"VENISE &#8211; JACOPO CONTARINI Gros"}]},{"@type":"WebSite","@id":"https:\/\/odysseus-numismatique.com\/#website","url":"https:\/\/odysseus-numismatique.com\/","name":"Odysseus","description":"Numismatics","publisher":{"@id":"https:\/\/odysseus-numismatique.com\/#organization"},"potentialAction":[{"@type":"SearchAction","target":{"@type":"EntryPoint","urlTemplate":"https:\/\/odysseus-numismatique.com\/?s={search_term_string}"},"query-input":{"@type":"PropertyValueSpecification","valueRequired":true,"valueName":"search_term_string"}}],"inLanguage":"en-GB"},{"@type":"Organization","@id":"https:\/\/odysseus-numismatique.com\/#organization","name":"Odysseus","url":"https:\/\/odysseus-numismatique.com\/","logo":{"@type":"ImageObject","inLanguage":"en-GB","@id":"https:\/\/odysseus-numismatique.com\/#\/schema\/logo\/image\/","url":"https:\/\/odysseus-numismatique.com\/wp-content\/uploads\/2019\/04\/odysseus-numismatique.png","contentUrl":"https:\/\/odysseus-numismatique.com\/wp-content\/uploads\/2019\/04\/odysseus-numismatique.png","width":500,"height":500,"caption":"Odysseus"},"image":{"@id":"https:\/\/odysseus-numismatique.com\/#\/schema\/logo\/image\/"}}]}},"_links":{"self":[{"href":"https:\/\/odysseus-numismatique.com\/en\/wp-json\/wp\/v2\/product\/21825","targetHints":{"allow":["GET"]}}],"collection":[{"href":"https:\/\/odysseus-numismatique.com\/en\/wp-json\/wp\/v2\/product"}],"about":[{"href":"https:\/\/odysseus-numismatique.com\/en\/wp-json\/wp\/v2\/types\/product"}],"wp:featuredmedia":[{"embeddable":true,"href":"https:\/\/odysseus-numismatique.com\/en\/wp-json\/wp\/v2\/media\/21826"}],"wp:attachment":[{"href":"https:\/\/odysseus-numismatique.com\/en\/wp-json\/wp\/v2\/media?parent=21825"}],"wp:term":[{"taxonomy":"product_brand","embeddable":true,"href":"https:\/\/odysseus-numismatique.com\/en\/wp-json\/wp\/v2\/product_brand?post=21825"},{"taxonomy":"product_cat","embeddable":true,"href":"https:\/\/odysseus-numismatique.com\/en\/wp-json\/wp\/v2\/product_cat?post=21825"},{"taxonomy":"product_tag","embeddable":true,"href":"https:\/\/odysseus-numismatique.com\/en\/wp-json\/wp\/v2\/product_tag?post=21825"}],"curies":[{"name":"wp","href":"https:\/\/api.w.org\/{rel}","templated":true}]}}