{"id":21793,"date":"2025-09-19T16:06:45","date_gmt":"2025-09-19T14:06:45","guid":{"rendered":"https:\/\/odysseus-numismatique.com\/?post_type=product&#038;p=21793"},"modified":"2025-11-02T21:39:50","modified_gmt":"2025-11-02T20:39:50","slug":"nicee-jean-iii-hyperpyron","status":"publish","type":"product","link":"https:\/\/odysseus-numismatique.com\/en\/article\/nicee-jean-iii-hyperpyron\/","title":{"rendered":"NICAEA \u2013 JOHN III <br \/> Hyperpyron"},"content":{"rendered":"<style>\n.tableproduct {border-collapse:none}\n.tableproduct td {border:none!important; padding:10px}\n.tableproduct .odd td {background-color:#424242}\n.tableproduct .even td {background-color:#3a3a3a}\n.tableproduct .column-1 {text-transform:uppercase; font-weight:bold; font-size:0.75em; width:20%}\n.tableproduct .column-2 {font-size:1em}\n<\/style>\n<table class=\"tableproduct\">\n<tr class=\"row-1 odd\">\n<td class=\"column-1\">Obverse<\/td>\n<td class=\"column-2\">Le Christ Pantocrator tr\u00f4nant de face, levant la main en signe de b\u00e9n\u00e9diction et tenant le livre des \u00c9vangiles, IC XC dans les champs<\/td>\n<\/tr>\n<tr class=\"row-2 even\">\n<td class=\"column-1\">Reverse<\/td>\n<td class=\"column-2\">L\u00e9gende d\u00e9g\u00e9n\u00e9r\u00e9e<br \/>\nJean III debout de face, tenant un labarum et l&rsquo;akakia, se faisant couronner par la Vierge<\/td>\n<\/tr>\n<tr class=\"row-3 odd\">\n<td class=\"column-1\">Denomination<\/td>\n<td class=\"column-2\">Hyperpyron<\/td>\n<\/tr>\n<tr class=\"row-4 even\">\n<td class=\"column-1\">Date<\/td>\n<td class=\"column-2\">AD 1232-1254<\/td>\n<\/tr>\n<tr class=\"row-5 odd\">\n<td class=\"column-1\">Mint<\/td>\n<td class=\"column-2\">Magnesia<\/td>\n<\/tr>\n<tr class=\"row-6 even\">\n<td class=\"column-1\">Metal<\/td>\n<td class=\"column-2\">Gold<\/td>\n<\/tr>\n<tr class=\"row-7 odd\">\n<td class=\"column-1\">Weight<\/td>\n<td class=\"column-2\">4.29 g<\/td>\n<\/tr>\n<tr class=\"row-8 even\">\n<td class=\"column-1\">Diameter<\/td>\n<td class=\"column-2\">25.6 mm<\/td>\n<\/tr>\n<tr class=\"row-9 odd\">\n<td class=\"column-1\">Reference<\/td>\n<td class=\"column-2\">DOC 9 &#8211; Sear 2073<\/td>\n<\/tr>\n<tr class=\"row-10 even\">\n<td class=\"column-1\">Condition<\/td>\n<td class=\"column-2\">VF<\/td>\n<\/tr>\n<\/table>","protected":false},"excerpt":{"rendered":"<p>Avers Le Christ Pantocrator tr\u00f4nant de face, levant la main en signe de b\u00e9n\u00e9diction et tenant le livre des \u00c9vangiles, IC XC dans les champs Revers L\u00e9gende d\u00e9g\u00e9n\u00e9r\u00e9e Jean III debout de face, tenant un labarum et l&rsquo;akakia, se faisant couronner par la Vierge Module Hyperpyron Date 1232-1254 ap. J.-C. Atelier Magn\u00e9sie M\u00e9tal Or Poids [&hellip;]<\/p>\n","protected":false},"featured_media":21794,"template":"","meta":[],"product_brand":[],"product_cat":[15],"product_tag":[235,394],"class_list":{"0":"post-21793","1":"product","2":"type-product","3":"status-publish","4":"has-post-thumbnail","6":"product_cat-vendus","7":"product_tag-monnaies-byzantines","8":"product_tag-numismatique","9":"pa_atelier-magnesie","10":"pa_metal-or","11":"pa_module-hyperpyron","13":"first","14":"outofstock","15":"sold-individually","16":"shipping-taxable","17":"purchasable","18":"product-type-simple"},"yoast_head":"<!-- This site is optimized with the Yoast SEO plugin v27.2 - https:\/\/yoast.com\/product\/yoast-seo-wordpress\/ -->\n<title>NIC\u00c9E - JEAN III \u2022 Hyperpyron &#8226; Odysseus<\/title>\n<meta name=\"robots\" content=\"index, follow, max-snippet:-1, max-image-preview:large, max-video-preview:-1\" \/>\n<link rel=\"canonical\" href=\"https:\/\/odysseus-numismatique.com\/en\/article\/nicee-jean-iii-hyperpyron\/\" \/>\n<meta property=\"og:locale\" content=\"en_GB\" \/>\n<meta property=\"og:type\" content=\"article\" \/>\n<meta property=\"og:title\" content=\"NIC\u00c9E - JEAN III \u2022 Hyperpyron &#8226; Odysseus\" \/>\n<meta property=\"og:description\" content=\"Avers Le Christ Pantocrator tr\u00f4nant de face, levant la main en signe de b\u00e9n\u00e9diction et tenant le livre des \u00c9vangiles, IC XC dans les champs Revers L\u00e9gende d\u00e9g\u00e9n\u00e9r\u00e9e Jean III debout de face, tenant un labarum et l&rsquo;akakia, se faisant couronner par la Vierge Module Hyperpyron Date 1232-1254 ap. J.-C. Atelier Magn\u00e9sie M\u00e9tal Or Poids [&hellip;]\" \/>\n<meta property=\"og:url\" content=\"https:\/\/odysseus-numismatique.com\/en\/article\/nicee-jean-iii-hyperpyron\/\" \/>\n<meta property=\"og:site_name\" content=\"Odysseus\" \/>\n<meta property=\"article:modified_time\" content=\"2025-11-02T20:39:50+00:00\" \/>\n<meta property=\"og:image\" content=\"https:\/\/odysseus-numismatique.com\/wp-content\/uploads\/2025\/09\/nicee-jean-iii-hyperpyron.jpg\" \/>\n\t<meta property=\"og:image:width\" content=\"1500\" \/>\n\t<meta property=\"og:image:height\" content=\"750\" \/>\n\t<meta property=\"og:image:type\" content=\"image\/jpeg\" \/>\n<meta name=\"twitter:card\" content=\"summary_large_image\" \/>\n<meta name=\"twitter:label1\" content=\"Estimated reading time\" \/>\n\t<meta name=\"twitter:data1\" content=\"1 minute\" \/>\n<script type=\"application\/ld+json\" class=\"yoast-schema-graph\">{\"@context\":\"https:\/\/schema.org\",\"@graph\":[{\"@type\":\"WebPage\",\"@id\":\"https:\/\/odysseus-numismatique.com\/article\/nicee-jean-iii-hyperpyron\/\",\"url\":\"https:\/\/odysseus-numismatique.com\/article\/nicee-jean-iii-hyperpyron\/\",\"name\":\"NIC\u00c9E - JEAN III \u2022 Hyperpyron &#8226; Odysseus\",\"isPartOf\":{\"@id\":\"https:\/\/odysseus-numismatique.com\/#website\"},\"primaryImageOfPage\":{\"@id\":\"https:\/\/odysseus-numismatique.com\/article\/nicee-jean-iii-hyperpyron\/#primaryimage\"},\"image\":{\"@id\":\"https:\/\/odysseus-numismatique.com\/article\/nicee-jean-iii-hyperpyron\/#primaryimage\"},\"thumbnailUrl\":\"https:\/\/odysseus-numismatique.com\/wp-content\/uploads\/2025\/09\/nicee-jean-iii-hyperpyron.jpg\",\"datePublished\":\"2025-09-19T14:06:45+00:00\",\"dateModified\":\"2025-11-02T20:39:50+00:00\",\"breadcrumb\":{\"@id\":\"https:\/\/odysseus-numismatique.com\/article\/nicee-jean-iii-hyperpyron\/#breadcrumb\"},\"inLanguage\":\"en-GB\",\"potentialAction\":[{\"@type\":\"ReadAction\",\"target\":[\"https:\/\/odysseus-numismatique.com\/article\/nicee-jean-iii-hyperpyron\/\"]}]},{\"@type\":\"ImageObject\",\"inLanguage\":\"en-GB\",\"@id\":\"https:\/\/odysseus-numismatique.com\/article\/nicee-jean-iii-hyperpyron\/#primaryimage\",\"url\":\"https:\/\/odysseus-numismatique.com\/wp-content\/uploads\/2025\/09\/nicee-jean-iii-hyperpyron.jpg\",\"contentUrl\":\"https:\/\/odysseus-numismatique.com\/wp-content\/uploads\/2025\/09\/nicee-jean-iii-hyperpyron.jpg\",\"width\":1500,\"height\":750,\"caption\":\"Odysseus Numismatique Monnaies Byzantines EMPIRE DE NIC\u00c9E - JEAN III DUCAS (VATATZES) \u2022 Hyperpyron\"},{\"@type\":\"BreadcrumbList\",\"@id\":\"https:\/\/odysseus-numismatique.com\/article\/nicee-jean-iii-hyperpyron\/#breadcrumb\",\"itemListElement\":[{\"@type\":\"ListItem\",\"position\":1,\"name\":\"Accueil\",\"item\":\"https:\/\/odysseus-numismatique.com\/\"},{\"@type\":\"ListItem\",\"position\":2,\"name\":\"Boutique\",\"item\":\"https:\/\/odysseus-numismatique.com\/en\/boutique\/\"},{\"@type\":\"ListItem\",\"position\":3,\"name\":\"NIC\u00c9E &#8211; JEAN III Hyperpyron\"}]},{\"@type\":\"WebSite\",\"@id\":\"https:\/\/odysseus-numismatique.com\/#website\",\"url\":\"https:\/\/odysseus-numismatique.com\/\",\"name\":\"Odysseus\",\"description\":\"Numismatique\",\"publisher\":{\"@id\":\"https:\/\/odysseus-numismatique.com\/#organization\"},\"potentialAction\":[{\"@type\":\"SearchAction\",\"target\":{\"@type\":\"EntryPoint\",\"urlTemplate\":\"https:\/\/odysseus-numismatique.com\/?s={search_term_string}\"},\"query-input\":{\"@type\":\"PropertyValueSpecification\",\"valueRequired\":true,\"valueName\":\"search_term_string\"}}],\"inLanguage\":\"en-GB\"},{\"@type\":\"Organization\",\"@id\":\"https:\/\/odysseus-numismatique.com\/#organization\",\"name\":\"Odysseus\",\"url\":\"https:\/\/odysseus-numismatique.com\/\",\"logo\":{\"@type\":\"ImageObject\",\"inLanguage\":\"en-GB\",\"@id\":\"https:\/\/odysseus-numismatique.com\/#\/schema\/logo\/image\/\",\"url\":\"https:\/\/odysseus-numismatique.com\/wp-content\/uploads\/2019\/04\/odysseus-numismatique.png\",\"contentUrl\":\"https:\/\/odysseus-numismatique.com\/wp-content\/uploads\/2019\/04\/odysseus-numismatique.png\",\"width\":500,\"height\":500,\"caption\":\"Odysseus\"},\"image\":{\"@id\":\"https:\/\/odysseus-numismatique.com\/#\/schema\/logo\/image\/\"}}]}<\/script>\n<!-- \/ Yoast SEO plugin. -->","yoast_head_json":{"title":"NIC\u00c9E - JEAN III \u2022 Hyperpyron &#8226; Odysseus","robots":{"index":"index","follow":"follow","max-snippet":"max-snippet:-1","max-image-preview":"max-image-preview:large","max-video-preview":"max-video-preview:-1"},"canonical":"https:\/\/odysseus-numismatique.com\/en\/article\/nicee-jean-iii-hyperpyron\/","og_locale":"en_GB","og_type":"article","og_title":"NIC\u00c9E - JEAN III \u2022 Hyperpyron &#8226; Odysseus","og_description":"Avers Le Christ Pantocrator tr\u00f4nant de face, levant la main en signe de b\u00e9n\u00e9diction et tenant le livre des \u00c9vangiles, IC XC dans les champs Revers L\u00e9gende d\u00e9g\u00e9n\u00e9r\u00e9e Jean III debout de face, tenant un labarum et l&rsquo;akakia, se faisant couronner par la Vierge Module Hyperpyron Date 1232-1254 ap. J.-C. Atelier Magn\u00e9sie M\u00e9tal Or Poids [&hellip;]","og_url":"https:\/\/odysseus-numismatique.com\/en\/article\/nicee-jean-iii-hyperpyron\/","og_site_name":"Odysseus","article_modified_time":"2025-11-02T20:39:50+00:00","og_image":[{"width":1500,"height":750,"url":"https:\/\/odysseus-numismatique.com\/wp-content\/uploads\/2025\/09\/nicee-jean-iii-hyperpyron.jpg","type":"image\/jpeg"}],"twitter_card":"summary_large_image","twitter_misc":{"Estimated reading time":"1 minute"},"schema":{"@context":"https:\/\/schema.org","@graph":[{"@type":"WebPage","@id":"https:\/\/odysseus-numismatique.com\/article\/nicee-jean-iii-hyperpyron\/","url":"https:\/\/odysseus-numismatique.com\/article\/nicee-jean-iii-hyperpyron\/","name":"NIC\u00c9E - JEAN III \u2022 Hyperpyron &#8226; Odysseus","isPartOf":{"@id":"https:\/\/odysseus-numismatique.com\/#website"},"primaryImageOfPage":{"@id":"https:\/\/odysseus-numismatique.com\/article\/nicee-jean-iii-hyperpyron\/#primaryimage"},"image":{"@id":"https:\/\/odysseus-numismatique.com\/article\/nicee-jean-iii-hyperpyron\/#primaryimage"},"thumbnailUrl":"https:\/\/odysseus-numismatique.com\/wp-content\/uploads\/2025\/09\/nicee-jean-iii-hyperpyron.jpg","datePublished":"2025-09-19T14:06:45+00:00","dateModified":"2025-11-02T20:39:50+00:00","breadcrumb":{"@id":"https:\/\/odysseus-numismatique.com\/article\/nicee-jean-iii-hyperpyron\/#breadcrumb"},"inLanguage":"en-GB","potentialAction":[{"@type":"ReadAction","target":["https:\/\/odysseus-numismatique.com\/article\/nicee-jean-iii-hyperpyron\/"]}]},{"@type":"ImageObject","inLanguage":"en-GB","@id":"https:\/\/odysseus-numismatique.com\/article\/nicee-jean-iii-hyperpyron\/#primaryimage","url":"https:\/\/odysseus-numismatique.com\/wp-content\/uploads\/2025\/09\/nicee-jean-iii-hyperpyron.jpg","contentUrl":"https:\/\/odysseus-numismatique.com\/wp-content\/uploads\/2025\/09\/nicee-jean-iii-hyperpyron.jpg","width":1500,"height":750,"caption":"Odysseus Numismatique Monnaies Byzantines EMPIRE DE NIC\u00c9E - JEAN III DUCAS (VATATZES) \u2022 Hyperpyron"},{"@type":"BreadcrumbList","@id":"https:\/\/odysseus-numismatique.com\/article\/nicee-jean-iii-hyperpyron\/#breadcrumb","itemListElement":[{"@type":"ListItem","position":1,"name":"Accueil","item":"https:\/\/odysseus-numismatique.com\/"},{"@type":"ListItem","position":2,"name":"Boutique","item":"https:\/\/odysseus-numismatique.com\/en\/boutique\/"},{"@type":"ListItem","position":3,"name":"NIC\u00c9E &#8211; JEAN III Hyperpyron"}]},{"@type":"WebSite","@id":"https:\/\/odysseus-numismatique.com\/#website","url":"https:\/\/odysseus-numismatique.com\/","name":"Odysseus","description":"Numismatics","publisher":{"@id":"https:\/\/odysseus-numismatique.com\/#organization"},"potentialAction":[{"@type":"SearchAction","target":{"@type":"EntryPoint","urlTemplate":"https:\/\/odysseus-numismatique.com\/?s={search_term_string}"},"query-input":{"@type":"PropertyValueSpecification","valueRequired":true,"valueName":"search_term_string"}}],"inLanguage":"en-GB"},{"@type":"Organization","@id":"https:\/\/odysseus-numismatique.com\/#organization","name":"Odysseus","url":"https:\/\/odysseus-numismatique.com\/","logo":{"@type":"ImageObject","inLanguage":"en-GB","@id":"https:\/\/odysseus-numismatique.com\/#\/schema\/logo\/image\/","url":"https:\/\/odysseus-numismatique.com\/wp-content\/uploads\/2019\/04\/odysseus-numismatique.png","contentUrl":"https:\/\/odysseus-numismatique.com\/wp-content\/uploads\/2019\/04\/odysseus-numismatique.png","width":500,"height":500,"caption":"Odysseus"},"image":{"@id":"https:\/\/odysseus-numismatique.com\/#\/schema\/logo\/image\/"}}]}},"_links":{"self":[{"href":"https:\/\/odysseus-numismatique.com\/en\/wp-json\/wp\/v2\/product\/21793","targetHints":{"allow":["GET"]}}],"collection":[{"href":"https:\/\/odysseus-numismatique.com\/en\/wp-json\/wp\/v2\/product"}],"about":[{"href":"https:\/\/odysseus-numismatique.com\/en\/wp-json\/wp\/v2\/types\/product"}],"wp:featuredmedia":[{"embeddable":true,"href":"https:\/\/odysseus-numismatique.com\/en\/wp-json\/wp\/v2\/media\/21794"}],"wp:attachment":[{"href":"https:\/\/odysseus-numismatique.com\/en\/wp-json\/wp\/v2\/media?parent=21793"}],"wp:term":[{"taxonomy":"product_brand","embeddable":true,"href":"https:\/\/odysseus-numismatique.com\/en\/wp-json\/wp\/v2\/product_brand?post=21793"},{"taxonomy":"product_cat","embeddable":true,"href":"https:\/\/odysseus-numismatique.com\/en\/wp-json\/wp\/v2\/product_cat?post=21793"},{"taxonomy":"product_tag","embeddable":true,"href":"https:\/\/odysseus-numismatique.com\/en\/wp-json\/wp\/v2\/product_tag?post=21793"}],"curies":[{"name":"wp","href":"https:\/\/api.w.org\/{rel}","templated":true}]}}