{"id":21170,"date":"2025-04-25T16:44:15","date_gmt":"2025-04-25T15:44:15","guid":{"rendered":"https:\/\/odysseus-numismatique.com\/?post_type=product&#038;p=21170"},"modified":"2025-04-26T17:29:45","modified_gmt":"2025-04-26T16:29:45","slug":"amon-scarabee-egyptien","status":"publish","type":"product","link":"https:\/\/odysseus-numismatique.com\/en\/article\/amon-scarabee-egyptien\/","title":{"rendered":"AMUN <br \/> Egyptian Scarab"},"content":{"rendered":"<style>\n.tableproduct {border-collapse:none}\n.tableproduct td {border:none!important; padding:10px}\n.tableproduct .odd td {background-color:#424242}\n.tableproduct .even td {background-color:#3a3a3a}\n.tableproduct .column-1 {text-transform:uppercase; font-weight:bold; font-size:0.75em; width:20%}\n.tableproduct .column-2 {font-size:1em}\n<\/style>\n<table class=\"tableproduct\">\n<tr class=\"row-1 odd\">\n<td class=\"column-1\">Description<\/td>\n<td class=\"column-2\">Scarab\u00e9e \u00e0 t\u00eate de b\u00e9lier d&rsquo;Amon, trou transversal<br \/>\nT\u00eate d&rsquo;Hathor de face entre deux cobras au dos<br \/>\nBase inscrite de hi\u00e9roglyphes<\/td>\n<\/tr>\n<tr class=\"row-2 even\">\n<td class=\"column-1\">Period<\/td>\n<td class=\"column-2\">Circa 712-656 BC (25th Dynasty)<\/td>\n<\/tr>\n<tr class=\"row-3 odd\">\n<td class=\"column-1\">Gemstone<\/td>\n<td class=\"column-2\">Turquoise glazed faience<\/td>\n<\/tr>\n<tr class=\"row-4 even\">\n<td class=\"column-1\">Dimensions<\/td>\n<td class=\"column-2\">30.5 x 22 mm<br \/>\nThickness : 12.3 mm<\/td>\n<\/tr>\n<\/table>","protected":false},"excerpt":{"rendered":"<p>Description Scarab\u00e9e \u00e0 t\u00eate de b\u00e9lier d&rsquo;Amon, trou transversal T\u00eate d&rsquo;Hathor de face entre deux cobras au dos Base inscrite de hi\u00e9roglyphes P\u00e9riode Circa 712-656 av. J.-C. (XXVe Dynastie) Pierre Fa\u00efence gla\u00e7ur\u00e9e turquoise Dimensions 30.5 x 22 mm \u00c9paisseur : 12.3 mm<\/p>","protected":false},"featured_media":21377,"template":"","meta":[],"product_brand":[],"product_cat":[18,184],"product_tag":[392,181],"class_list":{"0":"post-21170","1":"product","2":"type-product","3":"status-publish","4":"has-post-thumbnail","6":"product_cat-glyptique","7":"product_cat-intailles-camees","8":"product_tag-glyptique","9":"product_tag-intailles-camees","10":"pa_pierre-steatite","12":"first","13":"instock","14":"sold-individually","15":"shipping-taxable","16":"purchasable","17":"product-type-simple"},"yoast_head":"<!-- This site is optimized with the Yoast SEO plugin v27.2 - https:\/\/yoast.com\/product\/yoast-seo-wordpress\/ -->\n<title>AMON \u2022 Scarab\u00e9e \u00c9gyptien &#8226; Odysseus<\/title>\n<meta name=\"robots\" content=\"index, follow, max-snippet:-1, max-image-preview:large, max-video-preview:-1\" \/>\n<link rel=\"canonical\" href=\"https:\/\/odysseus-numismatique.com\/en\/article\/amon-scarabee-egyptien\/\" \/>\n<meta property=\"og:locale\" content=\"en_GB\" \/>\n<meta property=\"og:type\" content=\"article\" \/>\n<meta property=\"og:title\" content=\"AMON \u2022 Scarab\u00e9e \u00c9gyptien &#8226; Odysseus\" \/>\n<meta property=\"og:description\" content=\"Description Scarab\u00e9e \u00e0 t\u00eate de b\u00e9lier d&rsquo;Amon, trou transversal T\u00eate d&rsquo;Hathor de face entre deux cobras au dos Base inscrite de hi\u00e9roglyphes P\u00e9riode Circa 712-656 av. J.-C. (XXVe Dynastie) Pierre Fa\u00efence gla\u00e7ur\u00e9e turquoise Dimensions 30.5 x 22 mm \u00c9paisseur : 12.3 mm\" \/>\n<meta property=\"og:url\" content=\"https:\/\/odysseus-numismatique.com\/en\/article\/amon-scarabee-egyptien\/\" \/>\n<meta property=\"og:site_name\" content=\"Odysseus\" \/>\n<meta property=\"article:modified_time\" content=\"2025-04-26T16:29:45+00:00\" \/>\n<meta property=\"og:image\" content=\"https:\/\/odysseus-numismatique.com\/wp-content\/uploads\/2025\/04\/amon-scarabee-egyptien-1a.jpg\" \/>\n\t<meta property=\"og:image:width\" content=\"1500\" \/>\n\t<meta property=\"og:image:height\" content=\"750\" \/>\n\t<meta property=\"og:image:type\" content=\"image\/jpeg\" \/>\n<meta name=\"twitter:card\" content=\"summary_large_image\" \/>\n<meta name=\"twitter:label1\" content=\"Estimated reading time\" \/>\n\t<meta name=\"twitter:data1\" content=\"1 minute\" \/>\n<script type=\"application\/ld+json\" class=\"yoast-schema-graph\">{\"@context\":\"https:\/\/schema.org\",\"@graph\":[{\"@type\":\"WebPage\",\"@id\":\"https:\/\/odysseus-numismatique.com\/article\/amon-scarabee-egyptien\/\",\"url\":\"https:\/\/odysseus-numismatique.com\/article\/amon-scarabee-egyptien\/\",\"name\":\"AMON \u2022 Scarab\u00e9e \u00c9gyptien &#8226; Odysseus\",\"isPartOf\":{\"@id\":\"https:\/\/odysseus-numismatique.com\/#website\"},\"primaryImageOfPage\":{\"@id\":\"https:\/\/odysseus-numismatique.com\/article\/amon-scarabee-egyptien\/#primaryimage\"},\"image\":{\"@id\":\"https:\/\/odysseus-numismatique.com\/article\/amon-scarabee-egyptien\/#primaryimage\"},\"thumbnailUrl\":\"https:\/\/odysseus-numismatique.com\/wp-content\/uploads\/2025\/04\/amon-scarabee-egyptien-1a.jpg\",\"datePublished\":\"2025-04-25T15:44:15+00:00\",\"dateModified\":\"2025-04-26T16:29:45+00:00\",\"breadcrumb\":{\"@id\":\"https:\/\/odysseus-numismatique.com\/article\/amon-scarabee-egyptien\/#breadcrumb\"},\"inLanguage\":\"en-GB\",\"potentialAction\":[{\"@type\":\"ReadAction\",\"target\":[\"https:\/\/odysseus-numismatique.com\/article\/amon-scarabee-egyptien\/\"]}]},{\"@type\":\"ImageObject\",\"inLanguage\":\"en-GB\",\"@id\":\"https:\/\/odysseus-numismatique.com\/article\/amon-scarabee-egyptien\/#primaryimage\",\"url\":\"https:\/\/odysseus-numismatique.com\/wp-content\/uploads\/2025\/04\/amon-scarabee-egyptien-1a.jpg\",\"contentUrl\":\"https:\/\/odysseus-numismatique.com\/wp-content\/uploads\/2025\/04\/amon-scarabee-egyptien-1a.jpg\",\"width\":1500,\"height\":750,\"caption\":\"Odysseus Numismatique Glyptique Arch\u00e9ologie AMON \u2022 Scarab\u00e9e \u00c9gyptien\"},{\"@type\":\"BreadcrumbList\",\"@id\":\"https:\/\/odysseus-numismatique.com\/article\/amon-scarabee-egyptien\/#breadcrumb\",\"itemListElement\":[{\"@type\":\"ListItem\",\"position\":1,\"name\":\"Accueil\",\"item\":\"https:\/\/odysseus-numismatique.com\/\"},{\"@type\":\"ListItem\",\"position\":2,\"name\":\"Boutique\",\"item\":\"https:\/\/odysseus-numismatique.com\/en\/boutique\/\"},{\"@type\":\"ListItem\",\"position\":3,\"name\":\"AMON Scarab\u00e9e \u00c9gyptien\"}]},{\"@type\":\"WebSite\",\"@id\":\"https:\/\/odysseus-numismatique.com\/#website\",\"url\":\"https:\/\/odysseus-numismatique.com\/\",\"name\":\"Odysseus\",\"description\":\"Numismatique\",\"publisher\":{\"@id\":\"https:\/\/odysseus-numismatique.com\/#organization\"},\"potentialAction\":[{\"@type\":\"SearchAction\",\"target\":{\"@type\":\"EntryPoint\",\"urlTemplate\":\"https:\/\/odysseus-numismatique.com\/?s={search_term_string}\"},\"query-input\":{\"@type\":\"PropertyValueSpecification\",\"valueRequired\":true,\"valueName\":\"search_term_string\"}}],\"inLanguage\":\"en-GB\"},{\"@type\":\"Organization\",\"@id\":\"https:\/\/odysseus-numismatique.com\/#organization\",\"name\":\"Odysseus\",\"url\":\"https:\/\/odysseus-numismatique.com\/\",\"logo\":{\"@type\":\"ImageObject\",\"inLanguage\":\"en-GB\",\"@id\":\"https:\/\/odysseus-numismatique.com\/#\/schema\/logo\/image\/\",\"url\":\"https:\/\/odysseus-numismatique.com\/wp-content\/uploads\/2019\/04\/odysseus-numismatique.png\",\"contentUrl\":\"https:\/\/odysseus-numismatique.com\/wp-content\/uploads\/2019\/04\/odysseus-numismatique.png\",\"width\":500,\"height\":500,\"caption\":\"Odysseus\"},\"image\":{\"@id\":\"https:\/\/odysseus-numismatique.com\/#\/schema\/logo\/image\/\"}}]}<\/script>\n<!-- \/ Yoast SEO plugin. -->","yoast_head_json":{"title":"AMON \u2022 Scarab\u00e9e \u00c9gyptien &#8226; Odysseus","robots":{"index":"index","follow":"follow","max-snippet":"max-snippet:-1","max-image-preview":"max-image-preview:large","max-video-preview":"max-video-preview:-1"},"canonical":"https:\/\/odysseus-numismatique.com\/en\/article\/amon-scarabee-egyptien\/","og_locale":"en_GB","og_type":"article","og_title":"AMON \u2022 Scarab\u00e9e \u00c9gyptien &#8226; Odysseus","og_description":"Description Scarab\u00e9e \u00e0 t\u00eate de b\u00e9lier d&rsquo;Amon, trou transversal T\u00eate d&rsquo;Hathor de face entre deux cobras au dos Base inscrite de hi\u00e9roglyphes P\u00e9riode Circa 712-656 av. J.-C. (XXVe Dynastie) Pierre Fa\u00efence gla\u00e7ur\u00e9e turquoise Dimensions 30.5 x 22 mm \u00c9paisseur : 12.3 mm","og_url":"https:\/\/odysseus-numismatique.com\/en\/article\/amon-scarabee-egyptien\/","og_site_name":"Odysseus","article_modified_time":"2025-04-26T16:29:45+00:00","og_image":[{"width":1500,"height":750,"url":"https:\/\/odysseus-numismatique.com\/wp-content\/uploads\/2025\/04\/amon-scarabee-egyptien-1a.jpg","type":"image\/jpeg"}],"twitter_card":"summary_large_image","twitter_misc":{"Estimated reading time":"1 minute"},"schema":{"@context":"https:\/\/schema.org","@graph":[{"@type":"WebPage","@id":"https:\/\/odysseus-numismatique.com\/article\/amon-scarabee-egyptien\/","url":"https:\/\/odysseus-numismatique.com\/article\/amon-scarabee-egyptien\/","name":"AMON \u2022 Scarab\u00e9e \u00c9gyptien &#8226; Odysseus","isPartOf":{"@id":"https:\/\/odysseus-numismatique.com\/#website"},"primaryImageOfPage":{"@id":"https:\/\/odysseus-numismatique.com\/article\/amon-scarabee-egyptien\/#primaryimage"},"image":{"@id":"https:\/\/odysseus-numismatique.com\/article\/amon-scarabee-egyptien\/#primaryimage"},"thumbnailUrl":"https:\/\/odysseus-numismatique.com\/wp-content\/uploads\/2025\/04\/amon-scarabee-egyptien-1a.jpg","datePublished":"2025-04-25T15:44:15+00:00","dateModified":"2025-04-26T16:29:45+00:00","breadcrumb":{"@id":"https:\/\/odysseus-numismatique.com\/article\/amon-scarabee-egyptien\/#breadcrumb"},"inLanguage":"en-GB","potentialAction":[{"@type":"ReadAction","target":["https:\/\/odysseus-numismatique.com\/article\/amon-scarabee-egyptien\/"]}]},{"@type":"ImageObject","inLanguage":"en-GB","@id":"https:\/\/odysseus-numismatique.com\/article\/amon-scarabee-egyptien\/#primaryimage","url":"https:\/\/odysseus-numismatique.com\/wp-content\/uploads\/2025\/04\/amon-scarabee-egyptien-1a.jpg","contentUrl":"https:\/\/odysseus-numismatique.com\/wp-content\/uploads\/2025\/04\/amon-scarabee-egyptien-1a.jpg","width":1500,"height":750,"caption":"Odysseus Numismatique Glyptique Arch\u00e9ologie AMON \u2022 Scarab\u00e9e \u00c9gyptien"},{"@type":"BreadcrumbList","@id":"https:\/\/odysseus-numismatique.com\/article\/amon-scarabee-egyptien\/#breadcrumb","itemListElement":[{"@type":"ListItem","position":1,"name":"Accueil","item":"https:\/\/odysseus-numismatique.com\/"},{"@type":"ListItem","position":2,"name":"Boutique","item":"https:\/\/odysseus-numismatique.com\/en\/boutique\/"},{"@type":"ListItem","position":3,"name":"AMON Scarab\u00e9e \u00c9gyptien"}]},{"@type":"WebSite","@id":"https:\/\/odysseus-numismatique.com\/#website","url":"https:\/\/odysseus-numismatique.com\/","name":"Odysseus","description":"Numismatics","publisher":{"@id":"https:\/\/odysseus-numismatique.com\/#organization"},"potentialAction":[{"@type":"SearchAction","target":{"@type":"EntryPoint","urlTemplate":"https:\/\/odysseus-numismatique.com\/?s={search_term_string}"},"query-input":{"@type":"PropertyValueSpecification","valueRequired":true,"valueName":"search_term_string"}}],"inLanguage":"en-GB"},{"@type":"Organization","@id":"https:\/\/odysseus-numismatique.com\/#organization","name":"Odysseus","url":"https:\/\/odysseus-numismatique.com\/","logo":{"@type":"ImageObject","inLanguage":"en-GB","@id":"https:\/\/odysseus-numismatique.com\/#\/schema\/logo\/image\/","url":"https:\/\/odysseus-numismatique.com\/wp-content\/uploads\/2019\/04\/odysseus-numismatique.png","contentUrl":"https:\/\/odysseus-numismatique.com\/wp-content\/uploads\/2019\/04\/odysseus-numismatique.png","width":500,"height":500,"caption":"Odysseus"},"image":{"@id":"https:\/\/odysseus-numismatique.com\/#\/schema\/logo\/image\/"}}]}},"_links":{"self":[{"href":"https:\/\/odysseus-numismatique.com\/en\/wp-json\/wp\/v2\/product\/21170","targetHints":{"allow":["GET"]}}],"collection":[{"href":"https:\/\/odysseus-numismatique.com\/en\/wp-json\/wp\/v2\/product"}],"about":[{"href":"https:\/\/odysseus-numismatique.com\/en\/wp-json\/wp\/v2\/types\/product"}],"wp:featuredmedia":[{"embeddable":true,"href":"https:\/\/odysseus-numismatique.com\/en\/wp-json\/wp\/v2\/media\/21377"}],"wp:attachment":[{"href":"https:\/\/odysseus-numismatique.com\/en\/wp-json\/wp\/v2\/media?parent=21170"}],"wp:term":[{"taxonomy":"product_brand","embeddable":true,"href":"https:\/\/odysseus-numismatique.com\/en\/wp-json\/wp\/v2\/product_brand?post=21170"},{"taxonomy":"product_cat","embeddable":true,"href":"https:\/\/odysseus-numismatique.com\/en\/wp-json\/wp\/v2\/product_cat?post=21170"},{"taxonomy":"product_tag","embeddable":true,"href":"https:\/\/odysseus-numismatique.com\/en\/wp-json\/wp\/v2\/product_tag?post=21170"}],"curies":[{"name":"wp","href":"https:\/\/api.w.org\/{rel}","templated":true}]}}