{"id":21115,"date":"2025-04-25T17:07:59","date_gmt":"2025-04-25T16:07:59","guid":{"rendered":"https:\/\/odysseus-numismatique.com\/?post_type=product&#038;p=21115"},"modified":"2025-07-11T15:16:25","modified_gmt":"2025-07-11T13:16:25","slug":"constantinopolis-nummus-41","status":"publish","type":"product","link":"https:\/\/odysseus-numismatique.com\/en\/article\/constantinopolis-nummus-41\/","title":{"rendered":"CONSTANTINOPOLIS <br \/> Nummus"},"content":{"rendered":"<style>\n.tableproduct {border-collapse:none}\n.tableproduct td {border:none!important; padding:10px}\n.tableproduct .odd td {background-color:#424242}\n.tableproduct .even td {background-color:#3a3a3a}\n.tableproduct .column-1 {text-transform:uppercase; font-weight:bold; font-size:0.75em; width:20%}\n.tableproduct .column-2 {font-size:1em}\n<\/style>\n<table class=\"tableproduct\">\n<tr class=\"row-1 odd\">\n<td class=\"column-1\">Obverse<\/td>\n<td class=\"column-2\">CONSTANTINOPOLIS<br \/>\nBuste laur\u00e9 et casqu\u00e9 de Constantinople \u00e0 gauche, rev\u00eatue du manteau imp\u00e9rial, tenant un sceptre<\/td>\n<\/tr>\n<tr class=\"row-2 even\">\n<td class=\"column-1\">Reverse<\/td>\n<td class=\"column-2\">Victoire debout \u00e0 gauche sur une proue de navire, tenant un sceptre et un bouclier, pointe de fl\u00e8che \u00e0 gauche, (P ou S)CONST \u00e0 l&rsquo;exergue<\/td>\n<\/tr>\n<tr class=\"row-3 odd\">\n<td class=\"column-1\">Denomination<\/td>\n<td class=\"column-2\">Nummus \/ Reduced Follis<\/td>\n<\/tr>\n<tr class=\"row-4 even\">\n<td class=\"column-1\">Date<\/td>\n<td class=\"column-2\">AD 334-335 (Struck under Constantine I)<\/td>\n<\/tr>\n<tr class=\"row-5 odd\">\n<td class=\"column-1\">Mint<\/td>\n<td class=\"column-2\">Arelate (Arles)<\/td>\n<\/tr>\n<tr class=\"row-6 even\">\n<td class=\"column-1\">Metal<\/td>\n<td class=\"column-2\">Bronze<\/td>\n<\/tr>\n<tr class=\"row-7 odd\">\n<td class=\"column-1\">Weight<\/td>\n<td class=\"column-2\">2.01 g<\/td>\n<\/tr>\n<tr class=\"row-8 even\">\n<td class=\"column-1\">Diameter<\/td>\n<td class=\"column-2\">18.3 mm<\/td>\n<\/tr>\n<tr class=\"row-9 odd\">\n<td class=\"column-1\">Reference<\/td>\n<td class=\"column-2\">RIC 393 \u2013 Ferrando (2010) 939 or 940<\/td>\n<\/tr>\n<tr class=\"row-10 even\">\n<td class=\"column-1\">Condition<\/td>\n<td class=\"column-2\">EF<\/td>\n<\/tr>\n<\/table>","protected":false},"excerpt":{"rendered":"<p>Avers CONSTANTINOPOLIS Buste laur\u00e9 et casqu\u00e9 de Constantinople \u00e0 gauche, rev\u00eatue du manteau imp\u00e9rial, tenant un sceptre Revers Victoire debout \u00e0 gauche sur une proue de navire, tenant un sceptre et un bouclier, pointe de fl\u00e8che \u00e0 gauche, (P ou S)CONST \u00e0 l&rsquo;exergue Module Nummus \/ Follis r\u00e9duit Date 334-335 ap. J.-C. (Frapp\u00e9 sous Constantin [&hellip;]<\/p>\n","protected":false},"featured_media":21116,"template":"","meta":[],"product_brand":[],"product_cat":[15],"product_tag":[303,394],"class_list":{"0":"post-21115","1":"product","2":"type-product","3":"status-publish","4":"has-post-thumbnail","6":"product_cat-vendus","7":"product_tag-monnaies-romaines-imperiales","8":"product_tag-numismatique","9":"pa_atelier-arles","10":"pa_metal-bronze","11":"pa_module-nummus","13":"first","14":"outofstock","15":"sold-individually","16":"shipping-taxable","17":"purchasable","18":"product-type-simple"},"yoast_head":"<!-- This site is optimized with the Yoast SEO plugin v27.2 - https:\/\/yoast.com\/product\/yoast-seo-wordpress\/ -->\n<title>CONSTANTINOPOLIS \u2022 Nummus &#8226; Odysseus<\/title>\n<meta name=\"robots\" content=\"index, follow, max-snippet:-1, max-image-preview:large, max-video-preview:-1\" \/>\n<link rel=\"canonical\" href=\"https:\/\/odysseus-numismatique.com\/en\/article\/constantinopolis-nummus-41\/\" \/>\n<meta property=\"og:locale\" content=\"en_GB\" \/>\n<meta property=\"og:type\" content=\"article\" \/>\n<meta property=\"og:title\" content=\"CONSTANTINOPOLIS \u2022 Nummus &#8226; Odysseus\" \/>\n<meta property=\"og:description\" content=\"Avers CONSTANTINOPOLIS Buste laur\u00e9 et casqu\u00e9 de Constantinople \u00e0 gauche, rev\u00eatue du manteau imp\u00e9rial, tenant un sceptre Revers Victoire debout \u00e0 gauche sur une proue de navire, tenant un sceptre et un bouclier, pointe de fl\u00e8che \u00e0 gauche, (P ou S)CONST \u00e0 l&rsquo;exergue Module Nummus \/ Follis r\u00e9duit Date 334-335 ap. J.-C. (Frapp\u00e9 sous Constantin [&hellip;]\" \/>\n<meta property=\"og:url\" content=\"https:\/\/odysseus-numismatique.com\/en\/article\/constantinopolis-nummus-41\/\" \/>\n<meta property=\"og:site_name\" content=\"Odysseus\" \/>\n<meta property=\"article:modified_time\" content=\"2025-07-11T13:16:25+00:00\" \/>\n<meta property=\"og:image\" content=\"https:\/\/odysseus-numismatique.com\/wp-content\/uploads\/2025\/04\/constantinopolis-nummus-41.jpg\" \/>\n\t<meta property=\"og:image:width\" content=\"1500\" \/>\n\t<meta property=\"og:image:height\" content=\"750\" \/>\n\t<meta property=\"og:image:type\" content=\"image\/jpeg\" \/>\n<meta name=\"twitter:card\" content=\"summary_large_image\" \/>\n<meta name=\"twitter:label1\" content=\"Estimated reading time\" \/>\n\t<meta name=\"twitter:data1\" content=\"1 minute\" \/>\n<script type=\"application\/ld+json\" class=\"yoast-schema-graph\">{\"@context\":\"https:\/\/schema.org\",\"@graph\":[{\"@type\":\"WebPage\",\"@id\":\"https:\/\/odysseus-numismatique.com\/article\/constantinopolis-nummus-41\/\",\"url\":\"https:\/\/odysseus-numismatique.com\/article\/constantinopolis-nummus-41\/\",\"name\":\"CONSTANTINOPOLIS \u2022 Nummus &#8226; Odysseus\",\"isPartOf\":{\"@id\":\"https:\/\/odysseus-numismatique.com\/#website\"},\"primaryImageOfPage\":{\"@id\":\"https:\/\/odysseus-numismatique.com\/article\/constantinopolis-nummus-41\/#primaryimage\"},\"image\":{\"@id\":\"https:\/\/odysseus-numismatique.com\/article\/constantinopolis-nummus-41\/#primaryimage\"},\"thumbnailUrl\":\"https:\/\/odysseus-numismatique.com\/wp-content\/uploads\/2025\/04\/constantinopolis-nummus-41.jpg\",\"datePublished\":\"2025-04-25T16:07:59+00:00\",\"dateModified\":\"2025-07-11T13:16:25+00:00\",\"breadcrumb\":{\"@id\":\"https:\/\/odysseus-numismatique.com\/article\/constantinopolis-nummus-41\/#breadcrumb\"},\"inLanguage\":\"en-GB\",\"potentialAction\":[{\"@type\":\"ReadAction\",\"target\":[\"https:\/\/odysseus-numismatique.com\/article\/constantinopolis-nummus-41\/\"]}]},{\"@type\":\"ImageObject\",\"inLanguage\":\"en-GB\",\"@id\":\"https:\/\/odysseus-numismatique.com\/article\/constantinopolis-nummus-41\/#primaryimage\",\"url\":\"https:\/\/odysseus-numismatique.com\/wp-content\/uploads\/2025\/04\/constantinopolis-nummus-41.jpg\",\"contentUrl\":\"https:\/\/odysseus-numismatique.com\/wp-content\/uploads\/2025\/04\/constantinopolis-nummus-41.jpg\",\"width\":1500,\"height\":750,\"caption\":\"Odysseus Numismatique Monnaies Romaines Imp\u00e9riales CONSTANTIN Ier - CONSTANTINOPOLIS \u2022 Nummus\"},{\"@type\":\"BreadcrumbList\",\"@id\":\"https:\/\/odysseus-numismatique.com\/article\/constantinopolis-nummus-41\/#breadcrumb\",\"itemListElement\":[{\"@type\":\"ListItem\",\"position\":1,\"name\":\"Accueil\",\"item\":\"https:\/\/odysseus-numismatique.com\/\"},{\"@type\":\"ListItem\",\"position\":2,\"name\":\"Boutique\",\"item\":\"https:\/\/odysseus-numismatique.com\/en\/boutique\/\"},{\"@type\":\"ListItem\",\"position\":3,\"name\":\"CONSTANTINOPOLIS Nummus\"}]},{\"@type\":\"WebSite\",\"@id\":\"https:\/\/odysseus-numismatique.com\/#website\",\"url\":\"https:\/\/odysseus-numismatique.com\/\",\"name\":\"Odysseus\",\"description\":\"Numismatique\",\"publisher\":{\"@id\":\"https:\/\/odysseus-numismatique.com\/#organization\"},\"potentialAction\":[{\"@type\":\"SearchAction\",\"target\":{\"@type\":\"EntryPoint\",\"urlTemplate\":\"https:\/\/odysseus-numismatique.com\/?s={search_term_string}\"},\"query-input\":{\"@type\":\"PropertyValueSpecification\",\"valueRequired\":true,\"valueName\":\"search_term_string\"}}],\"inLanguage\":\"en-GB\"},{\"@type\":\"Organization\",\"@id\":\"https:\/\/odysseus-numismatique.com\/#organization\",\"name\":\"Odysseus\",\"url\":\"https:\/\/odysseus-numismatique.com\/\",\"logo\":{\"@type\":\"ImageObject\",\"inLanguage\":\"en-GB\",\"@id\":\"https:\/\/odysseus-numismatique.com\/#\/schema\/logo\/image\/\",\"url\":\"https:\/\/odysseus-numismatique.com\/wp-content\/uploads\/2019\/04\/odysseus-numismatique.png\",\"contentUrl\":\"https:\/\/odysseus-numismatique.com\/wp-content\/uploads\/2019\/04\/odysseus-numismatique.png\",\"width\":500,\"height\":500,\"caption\":\"Odysseus\"},\"image\":{\"@id\":\"https:\/\/odysseus-numismatique.com\/#\/schema\/logo\/image\/\"}}]}<\/script>\n<!-- \/ Yoast SEO plugin. -->","yoast_head_json":{"title":"CONSTANTINOPOLIS \u2022 Nummus &#8226; Odysseus","robots":{"index":"index","follow":"follow","max-snippet":"max-snippet:-1","max-image-preview":"max-image-preview:large","max-video-preview":"max-video-preview:-1"},"canonical":"https:\/\/odysseus-numismatique.com\/en\/article\/constantinopolis-nummus-41\/","og_locale":"en_GB","og_type":"article","og_title":"CONSTANTINOPOLIS \u2022 Nummus &#8226; Odysseus","og_description":"Avers CONSTANTINOPOLIS Buste laur\u00e9 et casqu\u00e9 de Constantinople \u00e0 gauche, rev\u00eatue du manteau imp\u00e9rial, tenant un sceptre Revers Victoire debout \u00e0 gauche sur une proue de navire, tenant un sceptre et un bouclier, pointe de fl\u00e8che \u00e0 gauche, (P ou S)CONST \u00e0 l&rsquo;exergue Module Nummus \/ Follis r\u00e9duit Date 334-335 ap. J.-C. (Frapp\u00e9 sous Constantin [&hellip;]","og_url":"https:\/\/odysseus-numismatique.com\/en\/article\/constantinopolis-nummus-41\/","og_site_name":"Odysseus","article_modified_time":"2025-07-11T13:16:25+00:00","og_image":[{"width":1500,"height":750,"url":"https:\/\/odysseus-numismatique.com\/wp-content\/uploads\/2025\/04\/constantinopolis-nummus-41.jpg","type":"image\/jpeg"}],"twitter_card":"summary_large_image","twitter_misc":{"Estimated reading time":"1 minute"},"schema":{"@context":"https:\/\/schema.org","@graph":[{"@type":"WebPage","@id":"https:\/\/odysseus-numismatique.com\/article\/constantinopolis-nummus-41\/","url":"https:\/\/odysseus-numismatique.com\/article\/constantinopolis-nummus-41\/","name":"CONSTANTINOPOLIS \u2022 Nummus &#8226; Odysseus","isPartOf":{"@id":"https:\/\/odysseus-numismatique.com\/#website"},"primaryImageOfPage":{"@id":"https:\/\/odysseus-numismatique.com\/article\/constantinopolis-nummus-41\/#primaryimage"},"image":{"@id":"https:\/\/odysseus-numismatique.com\/article\/constantinopolis-nummus-41\/#primaryimage"},"thumbnailUrl":"https:\/\/odysseus-numismatique.com\/wp-content\/uploads\/2025\/04\/constantinopolis-nummus-41.jpg","datePublished":"2025-04-25T16:07:59+00:00","dateModified":"2025-07-11T13:16:25+00:00","breadcrumb":{"@id":"https:\/\/odysseus-numismatique.com\/article\/constantinopolis-nummus-41\/#breadcrumb"},"inLanguage":"en-GB","potentialAction":[{"@type":"ReadAction","target":["https:\/\/odysseus-numismatique.com\/article\/constantinopolis-nummus-41\/"]}]},{"@type":"ImageObject","inLanguage":"en-GB","@id":"https:\/\/odysseus-numismatique.com\/article\/constantinopolis-nummus-41\/#primaryimage","url":"https:\/\/odysseus-numismatique.com\/wp-content\/uploads\/2025\/04\/constantinopolis-nummus-41.jpg","contentUrl":"https:\/\/odysseus-numismatique.com\/wp-content\/uploads\/2025\/04\/constantinopolis-nummus-41.jpg","width":1500,"height":750,"caption":"Odysseus Numismatique Monnaies Romaines Imp\u00e9riales CONSTANTIN Ier - CONSTANTINOPOLIS \u2022 Nummus"},{"@type":"BreadcrumbList","@id":"https:\/\/odysseus-numismatique.com\/article\/constantinopolis-nummus-41\/#breadcrumb","itemListElement":[{"@type":"ListItem","position":1,"name":"Accueil","item":"https:\/\/odysseus-numismatique.com\/"},{"@type":"ListItem","position":2,"name":"Boutique","item":"https:\/\/odysseus-numismatique.com\/en\/boutique\/"},{"@type":"ListItem","position":3,"name":"CONSTANTINOPOLIS Nummus"}]},{"@type":"WebSite","@id":"https:\/\/odysseus-numismatique.com\/#website","url":"https:\/\/odysseus-numismatique.com\/","name":"Odysseus","description":"Numismatics","publisher":{"@id":"https:\/\/odysseus-numismatique.com\/#organization"},"potentialAction":[{"@type":"SearchAction","target":{"@type":"EntryPoint","urlTemplate":"https:\/\/odysseus-numismatique.com\/?s={search_term_string}"},"query-input":{"@type":"PropertyValueSpecification","valueRequired":true,"valueName":"search_term_string"}}],"inLanguage":"en-GB"},{"@type":"Organization","@id":"https:\/\/odysseus-numismatique.com\/#organization","name":"Odysseus","url":"https:\/\/odysseus-numismatique.com\/","logo":{"@type":"ImageObject","inLanguage":"en-GB","@id":"https:\/\/odysseus-numismatique.com\/#\/schema\/logo\/image\/","url":"https:\/\/odysseus-numismatique.com\/wp-content\/uploads\/2019\/04\/odysseus-numismatique.png","contentUrl":"https:\/\/odysseus-numismatique.com\/wp-content\/uploads\/2019\/04\/odysseus-numismatique.png","width":500,"height":500,"caption":"Odysseus"},"image":{"@id":"https:\/\/odysseus-numismatique.com\/#\/schema\/logo\/image\/"}}]}},"_links":{"self":[{"href":"https:\/\/odysseus-numismatique.com\/en\/wp-json\/wp\/v2\/product\/21115","targetHints":{"allow":["GET"]}}],"collection":[{"href":"https:\/\/odysseus-numismatique.com\/en\/wp-json\/wp\/v2\/product"}],"about":[{"href":"https:\/\/odysseus-numismatique.com\/en\/wp-json\/wp\/v2\/types\/product"}],"wp:featuredmedia":[{"embeddable":true,"href":"https:\/\/odysseus-numismatique.com\/en\/wp-json\/wp\/v2\/media\/21116"}],"wp:attachment":[{"href":"https:\/\/odysseus-numismatique.com\/en\/wp-json\/wp\/v2\/media?parent=21115"}],"wp:term":[{"taxonomy":"product_brand","embeddable":true,"href":"https:\/\/odysseus-numismatique.com\/en\/wp-json\/wp\/v2\/product_brand?post=21115"},{"taxonomy":"product_cat","embeddable":true,"href":"https:\/\/odysseus-numismatique.com\/en\/wp-json\/wp\/v2\/product_cat?post=21115"},{"taxonomy":"product_tag","embeddable":true,"href":"https:\/\/odysseus-numismatique.com\/en\/wp-json\/wp\/v2\/product_tag?post=21115"}],"curies":[{"name":"wp","href":"https:\/\/api.w.org\/{rel}","templated":true}]}}