{"id":21013,"date":"2025-04-25T18:08:43","date_gmt":"2025-04-25T17:08:43","guid":{"rendered":"https:\/\/odysseus-numismatique.com\/?post_type=product&#038;p=21013"},"modified":"2025-04-26T17:29:24","modified_gmt":"2025-04-26T16:29:24","slug":"septime-severe-denier-10","status":"publish","type":"product","link":"https:\/\/odysseus-numismatique.com\/en\/article\/septime-severe-denier-10\/","title":{"rendered":"SEPTIMIUS SEVERUS <br \/> Denarius"},"content":{"rendered":"<style>\n.tableproduct {border-collapse:none}\n.tableproduct td {border:none!important; padding:10px}\n.tableproduct .odd td {background-color:#424242}\n.tableproduct .even td {background-color:#3a3a3a}\n.tableproduct .column-1 {text-transform:uppercase; font-weight:bold; font-size:0.75em; width:20%}\n.tableproduct .column-2 {font-size:1em}\n<\/style>\n<table class=\"tableproduct\">\n<tr class=\"row-1 odd\">\n<td class=\"column-1\">Obverse<\/td>\n<td class=\"column-2\">SEVERVS PIVS AVG<br \/>\nT\u00eate laur\u00e9e de Septime S\u00e9v\u00e8re \u00e0 droite<\/td>\n<\/tr>\n<tr class=\"row-2 even\">\n<td class=\"column-1\">Reverse<\/td>\n<td class=\"column-2\">RESTITVTOR VRBIS<br \/>\nRome assise \u00e0 gauche sur un bouclier, tenant le palladium et un sceptre<\/td>\n<\/tr>\n<tr class=\"row-3 odd\">\n<td class=\"column-1\">Denomination<\/td>\n<td class=\"column-2\">Denarius<\/td>\n<\/tr>\n<tr class=\"row-4 even\">\n<td class=\"column-1\">Date<\/td>\n<td class=\"column-2\">AD 201<\/td>\n<\/tr>\n<tr class=\"row-5 odd\">\n<td class=\"column-1\">Mint<\/td>\n<td class=\"column-2\">Rome<\/td>\n<\/tr>\n<tr class=\"row-6 even\">\n<td class=\"column-1\">Metal<\/td>\n<td class=\"column-2\">Silver<\/td>\n<\/tr>\n<tr class=\"row-7 odd\">\n<td class=\"column-1\">Weight<\/td>\n<td class=\"column-2\">3.34 g<\/td>\n<\/tr>\n<tr class=\"row-8 even\">\n<td class=\"column-1\">Diameter<\/td>\n<td class=\"column-2\">19.2 mm<\/td>\n<\/tr>\n<tr class=\"row-9 odd\">\n<td class=\"column-1\">Reference<\/td>\n<td class=\"column-2\">RIC 288 &#8211; Cohen 606<\/td>\n<\/tr>\n<tr class=\"row-10 even\">\n<td class=\"column-1\">Condition<\/td>\n<td class=\"column-2\">VF<\/td>\n<\/tr>\n<\/table>","protected":false},"excerpt":{"rendered":"<p>Avers SEVERVS PIVS AVG T\u00eate laur\u00e9e de Septime S\u00e9v\u00e8re \u00e0 droite Revers RESTITVTOR VRBIS Rome assise \u00e0 gauche sur un bouclier, tenant le palladium et un sceptre Module Denier Date 201 ap. J.-C. Atelier Rome M\u00e9tal Argent Poids 3.34 g Diam\u00e8tre 19.2 mm R\u00e9f\u00e9rence RIC 288 &#8211; Cohen 606 \u00c9tat TTB<\/p>","protected":false},"featured_media":21014,"template":"","meta":[],"product_brand":[],"product_cat":[301,22,17],"product_tag":[303,394],"class_list":{"0":"post-21013","1":"product","2":"type-product","3":"status-publish","4":"has-post-thumbnail","6":"product_cat-imperiales","7":"product_cat-monnaies-romaines","8":"product_cat-numismatique","9":"product_tag-monnaies-romaines-imperiales","10":"product_tag-numismatique","11":"pa_atelier-rome","12":"pa_metal-argent","13":"pa_module-denier","15":"first","16":"instock","17":"sold-individually","18":"shipping-taxable","19":"purchasable","20":"product-type-simple"},"yoast_head":"<!-- This site is optimized with the Yoast SEO plugin v27.2 - https:\/\/yoast.com\/product\/yoast-seo-wordpress\/ -->\n<title>SEPTIME S\u00c9V\u00c8RE \u2022 Denier &#8226; Odysseus<\/title>\n<meta name=\"robots\" content=\"index, follow, max-snippet:-1, max-image-preview:large, max-video-preview:-1\" \/>\n<link rel=\"canonical\" href=\"https:\/\/odysseus-numismatique.com\/en\/article\/septime-severe-denier-10\/\" \/>\n<meta property=\"og:locale\" content=\"en_GB\" \/>\n<meta property=\"og:type\" content=\"article\" \/>\n<meta property=\"og:title\" content=\"SEPTIME S\u00c9V\u00c8RE \u2022 Denier &#8226; Odysseus\" \/>\n<meta property=\"og:description\" content=\"Avers SEVERVS PIVS AVG T\u00eate laur\u00e9e de Septime S\u00e9v\u00e8re \u00e0 droite Revers RESTITVTOR VRBIS Rome assise \u00e0 gauche sur un bouclier, tenant le palladium et un sceptre Module Denier Date 201 ap. J.-C. Atelier Rome M\u00e9tal Argent Poids 3.34 g Diam\u00e8tre 19.2 mm R\u00e9f\u00e9rence RIC 288 &#8211; Cohen 606 \u00c9tat TTB\" \/>\n<meta property=\"og:url\" content=\"https:\/\/odysseus-numismatique.com\/en\/article\/septime-severe-denier-10\/\" \/>\n<meta property=\"og:site_name\" content=\"Odysseus\" \/>\n<meta property=\"article:modified_time\" content=\"2025-04-26T16:29:24+00:00\" \/>\n<meta property=\"og:image\" content=\"https:\/\/odysseus-numismatique.com\/wp-content\/uploads\/2025\/04\/septime-severe-denier-10.jpg\" \/>\n\t<meta property=\"og:image:width\" content=\"1500\" \/>\n\t<meta property=\"og:image:height\" content=\"750\" \/>\n\t<meta property=\"og:image:type\" content=\"image\/jpeg\" \/>\n<meta name=\"twitter:card\" content=\"summary_large_image\" \/>\n<meta name=\"twitter:label1\" content=\"Estimated reading time\" \/>\n\t<meta name=\"twitter:data1\" content=\"1 minute\" \/>\n<script type=\"application\/ld+json\" class=\"yoast-schema-graph\">{\"@context\":\"https:\/\/schema.org\",\"@graph\":[{\"@type\":\"WebPage\",\"@id\":\"https:\/\/odysseus-numismatique.com\/article\/septime-severe-denier-10\/\",\"url\":\"https:\/\/odysseus-numismatique.com\/article\/septime-severe-denier-10\/\",\"name\":\"SEPTIME S\u00c9V\u00c8RE \u2022 Denier &#8226; Odysseus\",\"isPartOf\":{\"@id\":\"https:\/\/odysseus-numismatique.com\/#website\"},\"primaryImageOfPage\":{\"@id\":\"https:\/\/odysseus-numismatique.com\/article\/septime-severe-denier-10\/#primaryimage\"},\"image\":{\"@id\":\"https:\/\/odysseus-numismatique.com\/article\/septime-severe-denier-10\/#primaryimage\"},\"thumbnailUrl\":\"https:\/\/odysseus-numismatique.com\/wp-content\/uploads\/2025\/04\/septime-severe-denier-10.jpg\",\"datePublished\":\"2025-04-25T17:08:43+00:00\",\"dateModified\":\"2025-04-26T16:29:24+00:00\",\"breadcrumb\":{\"@id\":\"https:\/\/odysseus-numismatique.com\/article\/septime-severe-denier-10\/#breadcrumb\"},\"inLanguage\":\"en-GB\",\"potentialAction\":[{\"@type\":\"ReadAction\",\"target\":[\"https:\/\/odysseus-numismatique.com\/article\/septime-severe-denier-10\/\"]}]},{\"@type\":\"ImageObject\",\"inLanguage\":\"en-GB\",\"@id\":\"https:\/\/odysseus-numismatique.com\/article\/septime-severe-denier-10\/#primaryimage\",\"url\":\"https:\/\/odysseus-numismatique.com\/wp-content\/uploads\/2025\/04\/septime-severe-denier-10.jpg\",\"contentUrl\":\"https:\/\/odysseus-numismatique.com\/wp-content\/uploads\/2025\/04\/septime-severe-denier-10.jpg\",\"width\":1500,\"height\":750,\"caption\":\"Odysseus Numismatique Monnaies Romaines Imp\u00e9riales SEPTIME S\u00c9V\u00c8RE \u2022 Denier\"},{\"@type\":\"BreadcrumbList\",\"@id\":\"https:\/\/odysseus-numismatique.com\/article\/septime-severe-denier-10\/#breadcrumb\",\"itemListElement\":[{\"@type\":\"ListItem\",\"position\":1,\"name\":\"Accueil\",\"item\":\"https:\/\/odysseus-numismatique.com\/\"},{\"@type\":\"ListItem\",\"position\":2,\"name\":\"Boutique\",\"item\":\"https:\/\/odysseus-numismatique.com\/en\/boutique\/\"},{\"@type\":\"ListItem\",\"position\":3,\"name\":\"SEPTIME S\u00c9V\u00c8RE Denier\"}]},{\"@type\":\"WebSite\",\"@id\":\"https:\/\/odysseus-numismatique.com\/#website\",\"url\":\"https:\/\/odysseus-numismatique.com\/\",\"name\":\"Odysseus\",\"description\":\"Numismatique\",\"publisher\":{\"@id\":\"https:\/\/odysseus-numismatique.com\/#organization\"},\"potentialAction\":[{\"@type\":\"SearchAction\",\"target\":{\"@type\":\"EntryPoint\",\"urlTemplate\":\"https:\/\/odysseus-numismatique.com\/?s={search_term_string}\"},\"query-input\":{\"@type\":\"PropertyValueSpecification\",\"valueRequired\":true,\"valueName\":\"search_term_string\"}}],\"inLanguage\":\"en-GB\"},{\"@type\":\"Organization\",\"@id\":\"https:\/\/odysseus-numismatique.com\/#organization\",\"name\":\"Odysseus\",\"url\":\"https:\/\/odysseus-numismatique.com\/\",\"logo\":{\"@type\":\"ImageObject\",\"inLanguage\":\"en-GB\",\"@id\":\"https:\/\/odysseus-numismatique.com\/#\/schema\/logo\/image\/\",\"url\":\"https:\/\/odysseus-numismatique.com\/wp-content\/uploads\/2019\/04\/odysseus-numismatique.png\",\"contentUrl\":\"https:\/\/odysseus-numismatique.com\/wp-content\/uploads\/2019\/04\/odysseus-numismatique.png\",\"width\":500,\"height\":500,\"caption\":\"Odysseus\"},\"image\":{\"@id\":\"https:\/\/odysseus-numismatique.com\/#\/schema\/logo\/image\/\"}}]}<\/script>\n<!-- \/ Yoast SEO plugin. -->","yoast_head_json":{"title":"SEPTIME S\u00c9V\u00c8RE \u2022 Denier &#8226; Odysseus","robots":{"index":"index","follow":"follow","max-snippet":"max-snippet:-1","max-image-preview":"max-image-preview:large","max-video-preview":"max-video-preview:-1"},"canonical":"https:\/\/odysseus-numismatique.com\/en\/article\/septime-severe-denier-10\/","og_locale":"en_GB","og_type":"article","og_title":"SEPTIME S\u00c9V\u00c8RE \u2022 Denier &#8226; Odysseus","og_description":"Avers SEVERVS PIVS AVG T\u00eate laur\u00e9e de Septime S\u00e9v\u00e8re \u00e0 droite Revers RESTITVTOR VRBIS Rome assise \u00e0 gauche sur un bouclier, tenant le palladium et un sceptre Module Denier Date 201 ap. J.-C. Atelier Rome M\u00e9tal Argent Poids 3.34 g Diam\u00e8tre 19.2 mm R\u00e9f\u00e9rence RIC 288 &#8211; Cohen 606 \u00c9tat TTB","og_url":"https:\/\/odysseus-numismatique.com\/en\/article\/septime-severe-denier-10\/","og_site_name":"Odysseus","article_modified_time":"2025-04-26T16:29:24+00:00","og_image":[{"width":1500,"height":750,"url":"https:\/\/odysseus-numismatique.com\/wp-content\/uploads\/2025\/04\/septime-severe-denier-10.jpg","type":"image\/jpeg"}],"twitter_card":"summary_large_image","twitter_misc":{"Estimated reading time":"1 minute"},"schema":{"@context":"https:\/\/schema.org","@graph":[{"@type":"WebPage","@id":"https:\/\/odysseus-numismatique.com\/article\/septime-severe-denier-10\/","url":"https:\/\/odysseus-numismatique.com\/article\/septime-severe-denier-10\/","name":"SEPTIME S\u00c9V\u00c8RE \u2022 Denier &#8226; Odysseus","isPartOf":{"@id":"https:\/\/odysseus-numismatique.com\/#website"},"primaryImageOfPage":{"@id":"https:\/\/odysseus-numismatique.com\/article\/septime-severe-denier-10\/#primaryimage"},"image":{"@id":"https:\/\/odysseus-numismatique.com\/article\/septime-severe-denier-10\/#primaryimage"},"thumbnailUrl":"https:\/\/odysseus-numismatique.com\/wp-content\/uploads\/2025\/04\/septime-severe-denier-10.jpg","datePublished":"2025-04-25T17:08:43+00:00","dateModified":"2025-04-26T16:29:24+00:00","breadcrumb":{"@id":"https:\/\/odysseus-numismatique.com\/article\/septime-severe-denier-10\/#breadcrumb"},"inLanguage":"en-GB","potentialAction":[{"@type":"ReadAction","target":["https:\/\/odysseus-numismatique.com\/article\/septime-severe-denier-10\/"]}]},{"@type":"ImageObject","inLanguage":"en-GB","@id":"https:\/\/odysseus-numismatique.com\/article\/septime-severe-denier-10\/#primaryimage","url":"https:\/\/odysseus-numismatique.com\/wp-content\/uploads\/2025\/04\/septime-severe-denier-10.jpg","contentUrl":"https:\/\/odysseus-numismatique.com\/wp-content\/uploads\/2025\/04\/septime-severe-denier-10.jpg","width":1500,"height":750,"caption":"Odysseus Numismatique Monnaies Romaines Imp\u00e9riales SEPTIME S\u00c9V\u00c8RE \u2022 Denier"},{"@type":"BreadcrumbList","@id":"https:\/\/odysseus-numismatique.com\/article\/septime-severe-denier-10\/#breadcrumb","itemListElement":[{"@type":"ListItem","position":1,"name":"Accueil","item":"https:\/\/odysseus-numismatique.com\/"},{"@type":"ListItem","position":2,"name":"Boutique","item":"https:\/\/odysseus-numismatique.com\/en\/boutique\/"},{"@type":"ListItem","position":3,"name":"SEPTIME S\u00c9V\u00c8RE Denier"}]},{"@type":"WebSite","@id":"https:\/\/odysseus-numismatique.com\/#website","url":"https:\/\/odysseus-numismatique.com\/","name":"Odysseus","description":"Numismatics","publisher":{"@id":"https:\/\/odysseus-numismatique.com\/#organization"},"potentialAction":[{"@type":"SearchAction","target":{"@type":"EntryPoint","urlTemplate":"https:\/\/odysseus-numismatique.com\/?s={search_term_string}"},"query-input":{"@type":"PropertyValueSpecification","valueRequired":true,"valueName":"search_term_string"}}],"inLanguage":"en-GB"},{"@type":"Organization","@id":"https:\/\/odysseus-numismatique.com\/#organization","name":"Odysseus","url":"https:\/\/odysseus-numismatique.com\/","logo":{"@type":"ImageObject","inLanguage":"en-GB","@id":"https:\/\/odysseus-numismatique.com\/#\/schema\/logo\/image\/","url":"https:\/\/odysseus-numismatique.com\/wp-content\/uploads\/2019\/04\/odysseus-numismatique.png","contentUrl":"https:\/\/odysseus-numismatique.com\/wp-content\/uploads\/2019\/04\/odysseus-numismatique.png","width":500,"height":500,"caption":"Odysseus"},"image":{"@id":"https:\/\/odysseus-numismatique.com\/#\/schema\/logo\/image\/"}}]}},"_links":{"self":[{"href":"https:\/\/odysseus-numismatique.com\/en\/wp-json\/wp\/v2\/product\/21013","targetHints":{"allow":["GET"]}}],"collection":[{"href":"https:\/\/odysseus-numismatique.com\/en\/wp-json\/wp\/v2\/product"}],"about":[{"href":"https:\/\/odysseus-numismatique.com\/en\/wp-json\/wp\/v2\/types\/product"}],"wp:featuredmedia":[{"embeddable":true,"href":"https:\/\/odysseus-numismatique.com\/en\/wp-json\/wp\/v2\/media\/21014"}],"wp:attachment":[{"href":"https:\/\/odysseus-numismatique.com\/en\/wp-json\/wp\/v2\/media?parent=21013"}],"wp:term":[{"taxonomy":"product_brand","embeddable":true,"href":"https:\/\/odysseus-numismatique.com\/en\/wp-json\/wp\/v2\/product_brand?post=21013"},{"taxonomy":"product_cat","embeddable":true,"href":"https:\/\/odysseus-numismatique.com\/en\/wp-json\/wp\/v2\/product_cat?post=21013"},{"taxonomy":"product_tag","embeddable":true,"href":"https:\/\/odysseus-numismatique.com\/en\/wp-json\/wp\/v2\/product_tag?post=21013"}],"curies":[{"name":"wp","href":"https:\/\/api.w.org\/{rel}","templated":true}]}}