{"id":20964,"date":"2025-04-25T18:21:37","date_gmt":"2025-04-25T17:21:37","guid":{"rendered":"https:\/\/odysseus-numismatique.com\/?post_type=product&#038;p=20964"},"modified":"2026-03-25T15:46:49","modified_gmt":"2026-03-25T14:46:49","slug":"hostilia-l-hostilius-saserna-denier","status":"publish","type":"product","link":"https:\/\/odysseus-numismatique.com\/en\/article\/hostilia-l-hostilius-saserna-denier\/","title":{"rendered":"HOSTILIA &#8211; L. HOSTILIUS SASERNA <br \/> Denarius"},"content":{"rendered":"<style>\n.tableproduct {border-collapse:none}\n.tableproduct td {border:none!important; padding:10px}\n.tableproduct .odd td {background-color:#424242}\n.tableproduct .even td {background-color:#3a3a3a}\n.tableproduct .column-1 {text-transform:uppercase; font-weight:bold; font-size:0.75em; width:20%}\n.tableproduct .column-2 {font-size:1em}\n<\/style>\n<table class=\"tableproduct\">\n<tr class=\"row-1 odd\">\n<td class=\"column-1\">Obverse<\/td>\n<td class=\"column-2\">T\u00eate de guerrier gaulois \u00e0 droite (Vercing\u00e9torix ?), bouclier gaulois derri\u00e8re<\/td>\n<\/tr>\n<tr class=\"row-2 even\">\n<td class=\"column-1\">Reverse<\/td>\n<td class=\"column-2\">L\u00b7HOSTILIVS SASERN<br \/>\nGuerrier gaulois nu debout \u00e0 gauche, tenant une lance et un bouclier, dans un bige conduit par un aurige \u00e0 droite<\/td>\n<\/tr>\n<tr class=\"row-3 odd\">\n<td class=\"column-1\">Denomination<\/td>\n<td class=\"column-2\">Denarius<\/td>\n<\/tr>\n<tr class=\"row-4 even\">\n<td class=\"column-1\">Date<\/td>\n<td class=\"column-2\">48 BC<\/td>\n<\/tr>\n<tr class=\"row-5 odd\">\n<td class=\"column-1\">Mint<\/td>\n<td class=\"column-2\">Rome<\/td>\n<\/tr>\n<tr class=\"row-6 even\">\n<td class=\"column-1\">Metal<\/td>\n<td class=\"column-2\">Silver<\/td>\n<\/tr>\n<tr class=\"row-7 odd\">\n<td class=\"column-1\">Weight<\/td>\n<td class=\"column-2\">3.57 g<\/td>\n<\/tr>\n<tr class=\"row-8 even\">\n<td class=\"column-1\">Diameter<\/td>\n<td class=\"column-2\">20.6 mm<\/td>\n<\/tr>\n<tr class=\"row-9 odd\">\n<td class=\"column-1\">Reference<\/td>\n<td class=\"column-2\">Crawford 448\/2a &#8211; CRI 18 &#8211; Sydenham 952 &#8211; Babelon (Hostilia) 2<\/td>\n<\/tr>\n<tr class=\"row-10 even\">\n<td class=\"column-1\">Condition<\/td>\n<td class=\"column-2\">VF<\/td>\n<\/tr>\n<\/table>","protected":false},"excerpt":{"rendered":"<p>Avers T\u00eate de guerrier gaulois \u00e0 droite (Vercing\u00e9torix ?), bouclier gaulois derri\u00e8re Revers L\u00b7HOSTILIVS SASERN Guerrier gaulois nu debout \u00e0 gauche, tenant une lance et un bouclier, dans un bige conduit par un aurige \u00e0 droite Module Denier Date 48 av. J.-C. Atelier Rome M\u00e9tal Argent Poids 3.57 g Diam\u00e8tre 20.6 mm R\u00e9f\u00e9rence Crawford 448\/2a [&hellip;]<\/p>\n","protected":false},"featured_media":20965,"template":"","meta":[],"product_brand":[],"product_cat":[22,17,300],"product_tag":[302,394],"class_list":{"0":"post-20964","1":"product","2":"type-product","3":"status-publish","4":"has-post-thumbnail","6":"product_cat-monnaies-romaines","7":"product_cat-numismatique","8":"product_cat-republique","9":"product_tag-monnaies-romaines-republique","10":"product_tag-numismatique","11":"pa_atelier-rome","12":"pa_metal-argent","13":"pa_module-denier","15":"first","16":"instock","17":"sold-individually","18":"shipping-taxable","19":"purchasable","20":"product-type-simple"},"yoast_head":"<!-- This site is optimized with the Yoast SEO plugin v27.5 - https:\/\/yoast.com\/product\/yoast-seo-wordpress\/ -->\n<title>HOSTILIA - L. HOSTILIUS SASERNA \u2022 Denier &#8226; Odysseus<\/title>\n<meta name=\"robots\" content=\"index, follow, max-snippet:-1, max-image-preview:large, max-video-preview:-1\" \/>\n<link rel=\"canonical\" href=\"https:\/\/odysseus-numismatique.com\/en\/article\/hostilia-l-hostilius-saserna-denier\/\" \/>\n<meta property=\"og:locale\" content=\"en_GB\" \/>\n<meta property=\"og:type\" content=\"article\" \/>\n<meta property=\"og:title\" content=\"HOSTILIA - L. HOSTILIUS SASERNA \u2022 Denier &#8226; Odysseus\" \/>\n<meta property=\"og:description\" content=\"Avers T\u00eate de guerrier gaulois \u00e0 droite (Vercing\u00e9torix ?), bouclier gaulois derri\u00e8re Revers L\u00b7HOSTILIVS SASERN Guerrier gaulois nu debout \u00e0 gauche, tenant une lance et un bouclier, dans un bige conduit par un aurige \u00e0 droite Module Denier Date 48 av. J.-C. Atelier Rome M\u00e9tal Argent Poids 3.57 g Diam\u00e8tre 20.6 mm R\u00e9f\u00e9rence Crawford 448\/2a [&hellip;]\" \/>\n<meta property=\"og:url\" content=\"https:\/\/odysseus-numismatique.com\/en\/article\/hostilia-l-hostilius-saserna-denier\/\" \/>\n<meta property=\"og:site_name\" content=\"Odysseus\" \/>\n<meta property=\"article:modified_time\" content=\"2026-03-25T14:46:49+00:00\" \/>\n<meta property=\"og:image\" content=\"https:\/\/odysseus-numismatique.com\/wp-content\/uploads\/2025\/03\/hostilia-l-hostilius-saserna-denier.jpg\" \/>\n\t<meta property=\"og:image:width\" content=\"1500\" \/>\n\t<meta property=\"og:image:height\" content=\"750\" \/>\n\t<meta property=\"og:image:type\" content=\"image\/jpeg\" \/>\n<meta name=\"twitter:card\" content=\"summary_large_image\" \/>\n<meta name=\"twitter:label1\" content=\"Estimated reading time\" \/>\n\t<meta name=\"twitter:data1\" content=\"1 minute\" \/>\n<script type=\"application\/ld+json\" class=\"yoast-schema-graph\">{\"@context\":\"https:\\\/\\\/schema.org\",\"@graph\":[{\"@type\":\"WebPage\",\"@id\":\"https:\\\/\\\/odysseus-numismatique.com\\\/article\\\/hostilia-l-hostilius-saserna-denier\\\/\",\"url\":\"https:\\\/\\\/odysseus-numismatique.com\\\/article\\\/hostilia-l-hostilius-saserna-denier\\\/\",\"name\":\"HOSTILIA - L. HOSTILIUS SASERNA \u2022 Denier &#8226; Odysseus\",\"isPartOf\":{\"@id\":\"https:\\\/\\\/odysseus-numismatique.com\\\/#website\"},\"primaryImageOfPage\":{\"@id\":\"https:\\\/\\\/odysseus-numismatique.com\\\/article\\\/hostilia-l-hostilius-saserna-denier\\\/#primaryimage\"},\"image\":{\"@id\":\"https:\\\/\\\/odysseus-numismatique.com\\\/article\\\/hostilia-l-hostilius-saserna-denier\\\/#primaryimage\"},\"thumbnailUrl\":\"https:\\\/\\\/odysseus-numismatique.com\\\/wp-content\\\/uploads\\\/2025\\\/03\\\/hostilia-l-hostilius-saserna-denier.jpg\",\"datePublished\":\"2025-04-25T17:21:37+00:00\",\"dateModified\":\"2026-03-25T14:46:49+00:00\",\"breadcrumb\":{\"@id\":\"https:\\\/\\\/odysseus-numismatique.com\\\/article\\\/hostilia-l-hostilius-saserna-denier\\\/#breadcrumb\"},\"inLanguage\":\"en-GB\",\"potentialAction\":[{\"@type\":\"ReadAction\",\"target\":[\"https:\\\/\\\/odysseus-numismatique.com\\\/article\\\/hostilia-l-hostilius-saserna-denier\\\/\"]}]},{\"@type\":\"ImageObject\",\"inLanguage\":\"en-GB\",\"@id\":\"https:\\\/\\\/odysseus-numismatique.com\\\/article\\\/hostilia-l-hostilius-saserna-denier\\\/#primaryimage\",\"url\":\"https:\\\/\\\/odysseus-numismatique.com\\\/wp-content\\\/uploads\\\/2025\\\/03\\\/hostilia-l-hostilius-saserna-denier.jpg\",\"contentUrl\":\"https:\\\/\\\/odysseus-numismatique.com\\\/wp-content\\\/uploads\\\/2025\\\/03\\\/hostilia-l-hostilius-saserna-denier.jpg\",\"width\":1500,\"height\":750,\"caption\":\"Odysseus Numismatique Monnaies Romaines R\u00e9publique HOSTILIA - L. HOSTILIUS SASERNA \u2022 Denier\"},{\"@type\":\"BreadcrumbList\",\"@id\":\"https:\\\/\\\/odysseus-numismatique.com\\\/article\\\/hostilia-l-hostilius-saserna-denier\\\/#breadcrumb\",\"itemListElement\":[{\"@type\":\"ListItem\",\"position\":1,\"name\":\"Accueil\",\"item\":\"https:\\\/\\\/odysseus-numismatique.com\\\/\"},{\"@type\":\"ListItem\",\"position\":2,\"name\":\"Boutique\",\"item\":\"https:\\\/\\\/odysseus-numismatique.com\\\/en\\\/boutique\\\/\"},{\"@type\":\"ListItem\",\"position\":3,\"name\":\"HOSTILIA &#8211; L. HOSTILIUS SASERNA Denier\"}]},{\"@type\":\"WebSite\",\"@id\":\"https:\\\/\\\/odysseus-numismatique.com\\\/#website\",\"url\":\"https:\\\/\\\/odysseus-numismatique.com\\\/\",\"name\":\"Odysseus\",\"description\":\"Numismatique\",\"publisher\":{\"@id\":\"https:\\\/\\\/odysseus-numismatique.com\\\/#organization\"},\"potentialAction\":[{\"@type\":\"SearchAction\",\"target\":{\"@type\":\"EntryPoint\",\"urlTemplate\":\"https:\\\/\\\/odysseus-numismatique.com\\\/?s={search_term_string}\"},\"query-input\":{\"@type\":\"PropertyValueSpecification\",\"valueRequired\":true,\"valueName\":\"search_term_string\"}}],\"inLanguage\":\"en-GB\"},{\"@type\":\"Organization\",\"@id\":\"https:\\\/\\\/odysseus-numismatique.com\\\/#organization\",\"name\":\"Odysseus\",\"url\":\"https:\\\/\\\/odysseus-numismatique.com\\\/\",\"logo\":{\"@type\":\"ImageObject\",\"inLanguage\":\"en-GB\",\"@id\":\"https:\\\/\\\/odysseus-numismatique.com\\\/#\\\/schema\\\/logo\\\/image\\\/\",\"url\":\"https:\\\/\\\/odysseus-numismatique.com\\\/wp-content\\\/uploads\\\/2019\\\/04\\\/odysseus-numismatique.png\",\"contentUrl\":\"https:\\\/\\\/odysseus-numismatique.com\\\/wp-content\\\/uploads\\\/2019\\\/04\\\/odysseus-numismatique.png\",\"width\":500,\"height\":500,\"caption\":\"Odysseus\"},\"image\":{\"@id\":\"https:\\\/\\\/odysseus-numismatique.com\\\/#\\\/schema\\\/logo\\\/image\\\/\"}}]}<\/script>\n<!-- \/ Yoast SEO plugin. -->","yoast_head_json":{"title":"HOSTILIA - L. HOSTILIUS SASERNA \u2022 Denier &#8226; Odysseus","robots":{"index":"index","follow":"follow","max-snippet":"max-snippet:-1","max-image-preview":"max-image-preview:large","max-video-preview":"max-video-preview:-1"},"canonical":"https:\/\/odysseus-numismatique.com\/en\/article\/hostilia-l-hostilius-saserna-denier\/","og_locale":"en_GB","og_type":"article","og_title":"HOSTILIA - L. HOSTILIUS SASERNA \u2022 Denier &#8226; Odysseus","og_description":"Avers T\u00eate de guerrier gaulois \u00e0 droite (Vercing\u00e9torix ?), bouclier gaulois derri\u00e8re Revers L\u00b7HOSTILIVS SASERN Guerrier gaulois nu debout \u00e0 gauche, tenant une lance et un bouclier, dans un bige conduit par un aurige \u00e0 droite Module Denier Date 48 av. J.-C. Atelier Rome M\u00e9tal Argent Poids 3.57 g Diam\u00e8tre 20.6 mm R\u00e9f\u00e9rence Crawford 448\/2a [&hellip;]","og_url":"https:\/\/odysseus-numismatique.com\/en\/article\/hostilia-l-hostilius-saserna-denier\/","og_site_name":"Odysseus","article_modified_time":"2026-03-25T14:46:49+00:00","og_image":[{"width":1500,"height":750,"url":"https:\/\/odysseus-numismatique.com\/wp-content\/uploads\/2025\/03\/hostilia-l-hostilius-saserna-denier.jpg","type":"image\/jpeg"}],"twitter_card":"summary_large_image","twitter_misc":{"Estimated reading time":"1 minute"},"schema":{"@context":"https:\/\/schema.org","@graph":[{"@type":"WebPage","@id":"https:\/\/odysseus-numismatique.com\/article\/hostilia-l-hostilius-saserna-denier\/","url":"https:\/\/odysseus-numismatique.com\/article\/hostilia-l-hostilius-saserna-denier\/","name":"HOSTILIA - L. HOSTILIUS SASERNA \u2022 Denier &#8226; Odysseus","isPartOf":{"@id":"https:\/\/odysseus-numismatique.com\/#website"},"primaryImageOfPage":{"@id":"https:\/\/odysseus-numismatique.com\/article\/hostilia-l-hostilius-saserna-denier\/#primaryimage"},"image":{"@id":"https:\/\/odysseus-numismatique.com\/article\/hostilia-l-hostilius-saserna-denier\/#primaryimage"},"thumbnailUrl":"https:\/\/odysseus-numismatique.com\/wp-content\/uploads\/2025\/03\/hostilia-l-hostilius-saserna-denier.jpg","datePublished":"2025-04-25T17:21:37+00:00","dateModified":"2026-03-25T14:46:49+00:00","breadcrumb":{"@id":"https:\/\/odysseus-numismatique.com\/article\/hostilia-l-hostilius-saserna-denier\/#breadcrumb"},"inLanguage":"en-GB","potentialAction":[{"@type":"ReadAction","target":["https:\/\/odysseus-numismatique.com\/article\/hostilia-l-hostilius-saserna-denier\/"]}]},{"@type":"ImageObject","inLanguage":"en-GB","@id":"https:\/\/odysseus-numismatique.com\/article\/hostilia-l-hostilius-saserna-denier\/#primaryimage","url":"https:\/\/odysseus-numismatique.com\/wp-content\/uploads\/2025\/03\/hostilia-l-hostilius-saserna-denier.jpg","contentUrl":"https:\/\/odysseus-numismatique.com\/wp-content\/uploads\/2025\/03\/hostilia-l-hostilius-saserna-denier.jpg","width":1500,"height":750,"caption":"Odysseus Numismatique Monnaies Romaines R\u00e9publique HOSTILIA - L. HOSTILIUS SASERNA \u2022 Denier"},{"@type":"BreadcrumbList","@id":"https:\/\/odysseus-numismatique.com\/article\/hostilia-l-hostilius-saserna-denier\/#breadcrumb","itemListElement":[{"@type":"ListItem","position":1,"name":"Accueil","item":"https:\/\/odysseus-numismatique.com\/"},{"@type":"ListItem","position":2,"name":"Boutique","item":"https:\/\/odysseus-numismatique.com\/en\/boutique\/"},{"@type":"ListItem","position":3,"name":"HOSTILIA &#8211; L. HOSTILIUS SASERNA Denier"}]},{"@type":"WebSite","@id":"https:\/\/odysseus-numismatique.com\/#website","url":"https:\/\/odysseus-numismatique.com\/","name":"Odysseus","description":"Numismatics","publisher":{"@id":"https:\/\/odysseus-numismatique.com\/#organization"},"potentialAction":[{"@type":"SearchAction","target":{"@type":"EntryPoint","urlTemplate":"https:\/\/odysseus-numismatique.com\/?s={search_term_string}"},"query-input":{"@type":"PropertyValueSpecification","valueRequired":true,"valueName":"search_term_string"}}],"inLanguage":"en-GB"},{"@type":"Organization","@id":"https:\/\/odysseus-numismatique.com\/#organization","name":"Odysseus","url":"https:\/\/odysseus-numismatique.com\/","logo":{"@type":"ImageObject","inLanguage":"en-GB","@id":"https:\/\/odysseus-numismatique.com\/#\/schema\/logo\/image\/","url":"https:\/\/odysseus-numismatique.com\/wp-content\/uploads\/2019\/04\/odysseus-numismatique.png","contentUrl":"https:\/\/odysseus-numismatique.com\/wp-content\/uploads\/2019\/04\/odysseus-numismatique.png","width":500,"height":500,"caption":"Odysseus"},"image":{"@id":"https:\/\/odysseus-numismatique.com\/#\/schema\/logo\/image\/"}}]}},"_links":{"self":[{"href":"https:\/\/odysseus-numismatique.com\/en\/wp-json\/wp\/v2\/product\/20964","targetHints":{"allow":["GET"]}}],"collection":[{"href":"https:\/\/odysseus-numismatique.com\/en\/wp-json\/wp\/v2\/product"}],"about":[{"href":"https:\/\/odysseus-numismatique.com\/en\/wp-json\/wp\/v2\/types\/product"}],"wp:featuredmedia":[{"embeddable":true,"href":"https:\/\/odysseus-numismatique.com\/en\/wp-json\/wp\/v2\/media\/20965"}],"wp:attachment":[{"href":"https:\/\/odysseus-numismatique.com\/en\/wp-json\/wp\/v2\/media?parent=20964"}],"wp:term":[{"taxonomy":"product_brand","embeddable":true,"href":"https:\/\/odysseus-numismatique.com\/en\/wp-json\/wp\/v2\/product_brand?post=20964"},{"taxonomy":"product_cat","embeddable":true,"href":"https:\/\/odysseus-numismatique.com\/en\/wp-json\/wp\/v2\/product_cat?post=20964"},{"taxonomy":"product_tag","embeddable":true,"href":"https:\/\/odysseus-numismatique.com\/en\/wp-json\/wp\/v2\/product_tag?post=20964"}],"curies":[{"name":"wp","href":"https:\/\/api.w.org\/{rel}","templated":true}]}}