{"id":20928,"date":"2025-04-25T18:43:06","date_gmt":"2025-04-25T17:43:06","guid":{"rendered":"https:\/\/odysseus-numismatique.com\/?post_type=product&#038;p=20928"},"modified":"2025-04-26T17:29:14","modified_gmt":"2025-04-26T16:29:14","slug":"royaume-seleucide-demetrios-ii-tetradrachme","status":"publish","type":"product","link":"https:\/\/odysseus-numismatique.com\/en\/article\/royaume-seleucide-demetrios-ii-tetradrachme\/","title":{"rendered":"SELEUKID KINGDOM \u2013 DEMETRIOS II <br \/> Tetradrachm"},"content":{"rendered":"<style>\n.tableproduct {border-collapse:none}\n.tableproduct td {border:none!important; padding:10px}\n.tableproduct .odd td {background-color:#424242}\n.tableproduct .even td {background-color:#3a3a3a}\n.tableproduct .column-1 {text-transform:uppercase; font-weight:bold; font-size:0.75em; width:20%}\n.tableproduct .column-2 {font-size:1em}\n<\/style>\n<table class=\"tableproduct\">\n<tr class=\"row-1 odd\">\n<td class=\"column-1\">Obverse<\/td>\n<td class=\"column-2\">Buste diad\u00e9m\u00e9 et drap\u00e9 de D\u00e9m\u00e9trios II \u00e0 droite<\/td>\n<\/tr>\n<tr class=\"row-2 even\">\n<td class=\"column-1\">Reverse<\/td>\n<td class=\"column-2\">\u0392\u0391\u03a3\u0399\u039b\u0395\u03a9\u03a3 \u0394\u0397\u039c\u0397\u03a4\u03a1\u0399\u039f\u03a5<br \/>\nAigle debout \u00e0 gauche sur une proue, palme derri\u00e8re, \u0391\u03a1\u0395 et massue surmont\u00e9e du monogramme de Tyre \u00e0 gauche, monogramme \u0391\u03a3\u03a5 et \u0396\u03a0\u03a1 \u00e0 droite, \u039c entre les pattes<\/td>\n<\/tr>\n<tr class=\"row-3 odd\">\n<td class=\"column-1\">Denomination<\/td>\n<td class=\"column-2\">Tetradrachm<\/td>\n<\/tr>\n<tr class=\"row-4 even\">\n<td class=\"column-1\">Date<\/td>\n<td class=\"column-2\">Dated SE 187 = 126-125 BC<\/td>\n<\/tr>\n<tr class=\"row-5 odd\">\n<td class=\"column-1\">Mint<\/td>\n<td class=\"column-2\">Tyre (Phoenicia)<\/td>\n<\/tr>\n<tr class=\"row-6 even\">\n<td class=\"column-1\">Metal<\/td>\n<td class=\"column-2\">Silver<\/td>\n<\/tr>\n<tr class=\"row-7 odd\">\n<td class=\"column-1\">Weight<\/td>\n<td class=\"column-2\">14.09 g<\/td>\n<\/tr>\n<tr class=\"row-8 even\">\n<td class=\"column-1\">Diameter<\/td>\n<td class=\"column-2\">30.5 mm<\/td>\n<\/tr>\n<tr class=\"row-9 odd\">\n<td class=\"column-1\">Reference<\/td>\n<td class=\"column-2\">SC 2195.5c &#8211; HGC 9, 1122<\/td>\n<\/tr>\n<tr class=\"row-10 even\">\n<td class=\"column-1\">Condition<\/td>\n<td class=\"column-2\">VF<\/td>\n<\/tr>\n<\/table>","protected":false},"excerpt":{"rendered":"<p>Avers Buste diad\u00e9m\u00e9 et drap\u00e9 de D\u00e9m\u00e9trios II \u00e0 droite Revers \u0392\u0391\u03a3\u0399\u039b\u0395\u03a9\u03a3 \u0394\u0397\u039c\u0397\u03a4\u03a1\u0399\u039f\u03a5 Aigle debout \u00e0 gauche sur une proue, palme derri\u00e8re, \u0391\u03a1\u0395 et massue surmont\u00e9e du monogramme de Tyre \u00e0 gauche, monogramme \u0391\u03a3\u03a5 et \u0396\u03a0\u03a1 \u00e0 droite, \u039c entre les pattes Module T\u00e9tradrachme Date Dat\u00e9 SE 187 = 126-125 av. J.-C. Atelier Tyre (Ph\u00e9nicie) [&hellip;]<\/p>\n","protected":false},"featured_media":20930,"template":"","meta":[],"product_brand":[],"product_cat":[20,17],"product_tag":[149,394],"class_list":{"0":"post-20928","1":"product","2":"type-product","3":"status-publish","4":"has-post-thumbnail","6":"product_cat-monnaies-grecques","7":"product_cat-numismatique","8":"product_tag-monnaies-grecques","9":"product_tag-numismatique","10":"pa_metal-argent","11":"pa_module-tetradrachme","13":"first","14":"instock","15":"sold-individually","16":"shipping-taxable","17":"purchasable","18":"product-type-simple"},"yoast_head":"<!-- This site is optimized with the Yoast SEO plugin v27.2 - https:\/\/yoast.com\/product\/yoast-seo-wordpress\/ -->\n<title>ROYAUME S\u00c9LEUCIDE - D\u00c9M\u00c9TRIOS II \u2022 T\u00e9tradrachme &#8226; Odysseus<\/title>\n<meta name=\"robots\" content=\"index, follow, max-snippet:-1, max-image-preview:large, max-video-preview:-1\" \/>\n<link rel=\"canonical\" href=\"https:\/\/odysseus-numismatique.com\/en\/article\/royaume-seleucide-demetrios-ii-tetradrachme\/\" \/>\n<meta property=\"og:locale\" content=\"en_GB\" \/>\n<meta property=\"og:type\" content=\"article\" \/>\n<meta property=\"og:title\" content=\"ROYAUME S\u00c9LEUCIDE - D\u00c9M\u00c9TRIOS II \u2022 T\u00e9tradrachme &#8226; Odysseus\" \/>\n<meta property=\"og:description\" content=\"Avers Buste diad\u00e9m\u00e9 et drap\u00e9 de D\u00e9m\u00e9trios II \u00e0 droite Revers \u0392\u0391\u03a3\u0399\u039b\u0395\u03a9\u03a3 \u0394\u0397\u039c\u0397\u03a4\u03a1\u0399\u039f\u03a5 Aigle debout \u00e0 gauche sur une proue, palme derri\u00e8re, \u0391\u03a1\u0395 et massue surmont\u00e9e du monogramme de Tyre \u00e0 gauche, monogramme \u0391\u03a3\u03a5 et \u0396\u03a0\u03a1 \u00e0 droite, \u039c entre les pattes Module T\u00e9tradrachme Date Dat\u00e9 SE 187 = 126-125 av. J.-C. Atelier Tyre (Ph\u00e9nicie) [&hellip;]\" \/>\n<meta property=\"og:url\" content=\"https:\/\/odysseus-numismatique.com\/en\/article\/royaume-seleucide-demetrios-ii-tetradrachme\/\" \/>\n<meta property=\"og:site_name\" content=\"Odysseus\" \/>\n<meta property=\"article:modified_time\" content=\"2025-04-26T16:29:14+00:00\" \/>\n<meta property=\"og:image\" content=\"https:\/\/odysseus-numismatique.com\/wp-content\/uploads\/2025\/04\/royaume-seleucide-demetrios-ii-tetradrachme.jpg\" \/>\n\t<meta property=\"og:image:width\" content=\"1500\" \/>\n\t<meta property=\"og:image:height\" content=\"750\" \/>\n\t<meta property=\"og:image:type\" content=\"image\/jpeg\" \/>\n<meta name=\"twitter:card\" content=\"summary_large_image\" \/>\n<meta name=\"twitter:label1\" content=\"Estimated reading time\" \/>\n\t<meta name=\"twitter:data1\" content=\"1 minute\" \/>\n<script type=\"application\/ld+json\" class=\"yoast-schema-graph\">{\"@context\":\"https:\/\/schema.org\",\"@graph\":[{\"@type\":\"WebPage\",\"@id\":\"https:\/\/odysseus-numismatique.com\/article\/royaume-seleucide-demetrios-ii-tetradrachme\/\",\"url\":\"https:\/\/odysseus-numismatique.com\/article\/royaume-seleucide-demetrios-ii-tetradrachme\/\",\"name\":\"ROYAUME S\u00c9LEUCIDE - D\u00c9M\u00c9TRIOS II \u2022 T\u00e9tradrachme &#8226; Odysseus\",\"isPartOf\":{\"@id\":\"https:\/\/odysseus-numismatique.com\/#website\"},\"primaryImageOfPage\":{\"@id\":\"https:\/\/odysseus-numismatique.com\/article\/royaume-seleucide-demetrios-ii-tetradrachme\/#primaryimage\"},\"image\":{\"@id\":\"https:\/\/odysseus-numismatique.com\/article\/royaume-seleucide-demetrios-ii-tetradrachme\/#primaryimage\"},\"thumbnailUrl\":\"https:\/\/odysseus-numismatique.com\/wp-content\/uploads\/2025\/04\/royaume-seleucide-demetrios-ii-tetradrachme.jpg\",\"datePublished\":\"2025-04-25T17:43:06+00:00\",\"dateModified\":\"2025-04-26T16:29:14+00:00\",\"breadcrumb\":{\"@id\":\"https:\/\/odysseus-numismatique.com\/article\/royaume-seleucide-demetrios-ii-tetradrachme\/#breadcrumb\"},\"inLanguage\":\"en-GB\",\"potentialAction\":[{\"@type\":\"ReadAction\",\"target\":[\"https:\/\/odysseus-numismatique.com\/article\/royaume-seleucide-demetrios-ii-tetradrachme\/\"]}]},{\"@type\":\"ImageObject\",\"inLanguage\":\"en-GB\",\"@id\":\"https:\/\/odysseus-numismatique.com\/article\/royaume-seleucide-demetrios-ii-tetradrachme\/#primaryimage\",\"url\":\"https:\/\/odysseus-numismatique.com\/wp-content\/uploads\/2025\/04\/royaume-seleucide-demetrios-ii-tetradrachme.jpg\",\"contentUrl\":\"https:\/\/odysseus-numismatique.com\/wp-content\/uploads\/2025\/04\/royaume-seleucide-demetrios-ii-tetradrachme.jpg\",\"width\":1500,\"height\":750,\"caption\":\"Odysseus Numismatique Monnaies Grecques ROYAUME S\u00c9LEUCIDE - D\u00c9M\u00c9TRIOS II \u2022 T\u00e9tradrachme\"},{\"@type\":\"BreadcrumbList\",\"@id\":\"https:\/\/odysseus-numismatique.com\/article\/royaume-seleucide-demetrios-ii-tetradrachme\/#breadcrumb\",\"itemListElement\":[{\"@type\":\"ListItem\",\"position\":1,\"name\":\"Accueil\",\"item\":\"https:\/\/odysseus-numismatique.com\/\"},{\"@type\":\"ListItem\",\"position\":2,\"name\":\"Boutique\",\"item\":\"https:\/\/odysseus-numismatique.com\/en\/boutique\/\"},{\"@type\":\"ListItem\",\"position\":3,\"name\":\"ROYAUME S\u00c9LEUCIDE &#8211; D\u00c9M\u00c9TRIOS II T\u00e9tradrachme\"}]},{\"@type\":\"WebSite\",\"@id\":\"https:\/\/odysseus-numismatique.com\/#website\",\"url\":\"https:\/\/odysseus-numismatique.com\/\",\"name\":\"Odysseus\",\"description\":\"Numismatique\",\"publisher\":{\"@id\":\"https:\/\/odysseus-numismatique.com\/#organization\"},\"potentialAction\":[{\"@type\":\"SearchAction\",\"target\":{\"@type\":\"EntryPoint\",\"urlTemplate\":\"https:\/\/odysseus-numismatique.com\/?s={search_term_string}\"},\"query-input\":{\"@type\":\"PropertyValueSpecification\",\"valueRequired\":true,\"valueName\":\"search_term_string\"}}],\"inLanguage\":\"en-GB\"},{\"@type\":\"Organization\",\"@id\":\"https:\/\/odysseus-numismatique.com\/#organization\",\"name\":\"Odysseus\",\"url\":\"https:\/\/odysseus-numismatique.com\/\",\"logo\":{\"@type\":\"ImageObject\",\"inLanguage\":\"en-GB\",\"@id\":\"https:\/\/odysseus-numismatique.com\/#\/schema\/logo\/image\/\",\"url\":\"https:\/\/odysseus-numismatique.com\/wp-content\/uploads\/2019\/04\/odysseus-numismatique.png\",\"contentUrl\":\"https:\/\/odysseus-numismatique.com\/wp-content\/uploads\/2019\/04\/odysseus-numismatique.png\",\"width\":500,\"height\":500,\"caption\":\"Odysseus\"},\"image\":{\"@id\":\"https:\/\/odysseus-numismatique.com\/#\/schema\/logo\/image\/\"}}]}<\/script>\n<!-- \/ Yoast SEO plugin. -->","yoast_head_json":{"title":"ROYAUME S\u00c9LEUCIDE - D\u00c9M\u00c9TRIOS II \u2022 T\u00e9tradrachme &#8226; Odysseus","robots":{"index":"index","follow":"follow","max-snippet":"max-snippet:-1","max-image-preview":"max-image-preview:large","max-video-preview":"max-video-preview:-1"},"canonical":"https:\/\/odysseus-numismatique.com\/en\/article\/royaume-seleucide-demetrios-ii-tetradrachme\/","og_locale":"en_GB","og_type":"article","og_title":"ROYAUME S\u00c9LEUCIDE - D\u00c9M\u00c9TRIOS II \u2022 T\u00e9tradrachme &#8226; Odysseus","og_description":"Avers Buste diad\u00e9m\u00e9 et drap\u00e9 de D\u00e9m\u00e9trios II \u00e0 droite Revers \u0392\u0391\u03a3\u0399\u039b\u0395\u03a9\u03a3 \u0394\u0397\u039c\u0397\u03a4\u03a1\u0399\u039f\u03a5 Aigle debout \u00e0 gauche sur une proue, palme derri\u00e8re, \u0391\u03a1\u0395 et massue surmont\u00e9e du monogramme de Tyre \u00e0 gauche, monogramme \u0391\u03a3\u03a5 et \u0396\u03a0\u03a1 \u00e0 droite, \u039c entre les pattes Module T\u00e9tradrachme Date Dat\u00e9 SE 187 = 126-125 av. J.-C. Atelier Tyre (Ph\u00e9nicie) [&hellip;]","og_url":"https:\/\/odysseus-numismatique.com\/en\/article\/royaume-seleucide-demetrios-ii-tetradrachme\/","og_site_name":"Odysseus","article_modified_time":"2025-04-26T16:29:14+00:00","og_image":[{"width":1500,"height":750,"url":"https:\/\/odysseus-numismatique.com\/wp-content\/uploads\/2025\/04\/royaume-seleucide-demetrios-ii-tetradrachme.jpg","type":"image\/jpeg"}],"twitter_card":"summary_large_image","twitter_misc":{"Estimated reading time":"1 minute"},"schema":{"@context":"https:\/\/schema.org","@graph":[{"@type":"WebPage","@id":"https:\/\/odysseus-numismatique.com\/article\/royaume-seleucide-demetrios-ii-tetradrachme\/","url":"https:\/\/odysseus-numismatique.com\/article\/royaume-seleucide-demetrios-ii-tetradrachme\/","name":"ROYAUME S\u00c9LEUCIDE - D\u00c9M\u00c9TRIOS II \u2022 T\u00e9tradrachme &#8226; Odysseus","isPartOf":{"@id":"https:\/\/odysseus-numismatique.com\/#website"},"primaryImageOfPage":{"@id":"https:\/\/odysseus-numismatique.com\/article\/royaume-seleucide-demetrios-ii-tetradrachme\/#primaryimage"},"image":{"@id":"https:\/\/odysseus-numismatique.com\/article\/royaume-seleucide-demetrios-ii-tetradrachme\/#primaryimage"},"thumbnailUrl":"https:\/\/odysseus-numismatique.com\/wp-content\/uploads\/2025\/04\/royaume-seleucide-demetrios-ii-tetradrachme.jpg","datePublished":"2025-04-25T17:43:06+00:00","dateModified":"2025-04-26T16:29:14+00:00","breadcrumb":{"@id":"https:\/\/odysseus-numismatique.com\/article\/royaume-seleucide-demetrios-ii-tetradrachme\/#breadcrumb"},"inLanguage":"en-GB","potentialAction":[{"@type":"ReadAction","target":["https:\/\/odysseus-numismatique.com\/article\/royaume-seleucide-demetrios-ii-tetradrachme\/"]}]},{"@type":"ImageObject","inLanguage":"en-GB","@id":"https:\/\/odysseus-numismatique.com\/article\/royaume-seleucide-demetrios-ii-tetradrachme\/#primaryimage","url":"https:\/\/odysseus-numismatique.com\/wp-content\/uploads\/2025\/04\/royaume-seleucide-demetrios-ii-tetradrachme.jpg","contentUrl":"https:\/\/odysseus-numismatique.com\/wp-content\/uploads\/2025\/04\/royaume-seleucide-demetrios-ii-tetradrachme.jpg","width":1500,"height":750,"caption":"Odysseus Numismatique Monnaies Grecques ROYAUME S\u00c9LEUCIDE - D\u00c9M\u00c9TRIOS II \u2022 T\u00e9tradrachme"},{"@type":"BreadcrumbList","@id":"https:\/\/odysseus-numismatique.com\/article\/royaume-seleucide-demetrios-ii-tetradrachme\/#breadcrumb","itemListElement":[{"@type":"ListItem","position":1,"name":"Accueil","item":"https:\/\/odysseus-numismatique.com\/"},{"@type":"ListItem","position":2,"name":"Boutique","item":"https:\/\/odysseus-numismatique.com\/en\/boutique\/"},{"@type":"ListItem","position":3,"name":"ROYAUME S\u00c9LEUCIDE &#8211; D\u00c9M\u00c9TRIOS II T\u00e9tradrachme"}]},{"@type":"WebSite","@id":"https:\/\/odysseus-numismatique.com\/#website","url":"https:\/\/odysseus-numismatique.com\/","name":"Odysseus","description":"Numismatics","publisher":{"@id":"https:\/\/odysseus-numismatique.com\/#organization"},"potentialAction":[{"@type":"SearchAction","target":{"@type":"EntryPoint","urlTemplate":"https:\/\/odysseus-numismatique.com\/?s={search_term_string}"},"query-input":{"@type":"PropertyValueSpecification","valueRequired":true,"valueName":"search_term_string"}}],"inLanguage":"en-GB"},{"@type":"Organization","@id":"https:\/\/odysseus-numismatique.com\/#organization","name":"Odysseus","url":"https:\/\/odysseus-numismatique.com\/","logo":{"@type":"ImageObject","inLanguage":"en-GB","@id":"https:\/\/odysseus-numismatique.com\/#\/schema\/logo\/image\/","url":"https:\/\/odysseus-numismatique.com\/wp-content\/uploads\/2019\/04\/odysseus-numismatique.png","contentUrl":"https:\/\/odysseus-numismatique.com\/wp-content\/uploads\/2019\/04\/odysseus-numismatique.png","width":500,"height":500,"caption":"Odysseus"},"image":{"@id":"https:\/\/odysseus-numismatique.com\/#\/schema\/logo\/image\/"}}]}},"_links":{"self":[{"href":"https:\/\/odysseus-numismatique.com\/en\/wp-json\/wp\/v2\/product\/20928","targetHints":{"allow":["GET"]}}],"collection":[{"href":"https:\/\/odysseus-numismatique.com\/en\/wp-json\/wp\/v2\/product"}],"about":[{"href":"https:\/\/odysseus-numismatique.com\/en\/wp-json\/wp\/v2\/types\/product"}],"wp:featuredmedia":[{"embeddable":true,"href":"https:\/\/odysseus-numismatique.com\/en\/wp-json\/wp\/v2\/media\/20930"}],"wp:attachment":[{"href":"https:\/\/odysseus-numismatique.com\/en\/wp-json\/wp\/v2\/media?parent=20928"}],"wp:term":[{"taxonomy":"product_brand","embeddable":true,"href":"https:\/\/odysseus-numismatique.com\/en\/wp-json\/wp\/v2\/product_brand?post=20928"},{"taxonomy":"product_cat","embeddable":true,"href":"https:\/\/odysseus-numismatique.com\/en\/wp-json\/wp\/v2\/product_cat?post=20928"},{"taxonomy":"product_tag","embeddable":true,"href":"https:\/\/odysseus-numismatique.com\/en\/wp-json\/wp\/v2\/product_tag?post=20928"}],"curies":[{"name":"wp","href":"https:\/\/api.w.org\/{rel}","templated":true}]}}