{"id":2041,"date":"2019-04-03T19:17:37","date_gmt":"2019-04-03T17:17:37","guid":{"rendered":"https:\/\/odysseus-numismatique.com\/?post_type=product&#038;p=2041"},"modified":"2025-04-02T23:21:25","modified_gmt":"2025-04-02T22:21:25","slug":"auktion-81-munzen-und-medaillen-1995","status":"publish","type":"product","link":"https:\/\/odysseus-numismatique.com\/en\/article\/auktion-81-munzen-und-medaillen-1995\/","title":{"rendered":"AUKTION 81 <br \/> M\u00fcnzen und Medaillen 1995"},"content":{"rendered":"<style>\n.tableproduct {border-collapse:none}\n.tableproduct td {border:none!important; padding:10px}\n.tableproduct .odd td {background-color:#424242}\n.tableproduct .even td {background-color:#3a3a3a}\n.tableproduct .column-1 {text-transform:uppercase; font-weight:bold; font-size:0.75em; width:20%}\n.tableproduct .column-2 {font-size:1em}\n<\/style>\n<table class=\"tableproduct\">\n<tr class=\"row-1 odd\">\n<td class=\"column-1\">Full Title<\/td>\n<td class=\"column-2\">Auktion 81<br \/>\nGriechische M\u00fcnzen<br \/>\nR\u00f6mische M\u00fcnzen (u. a. eine Spezialsammlung Domus Julia)<br \/>\nGriechische M\u00fcnzen der R\u00f6mischen Kaiserzeit<br \/>\nMonnaies Fran\u00e7aises (M\u00e9rovingiennes, Carolingiennes, Royales)<br \/>\nDeutsche M\u00fcnzen und Medaillen (mit vielen Ausbeute- und Belagerungsm\u00fcnzen)<br \/>\nMedaillen des Stempelschneiders Sebastian Dadler<\/td>\n<\/tr>\n<tr class=\"row-2 even\">\n<td class=\"column-1\">Firm<\/td>\n<td class=\"column-2\">M\u00fcnzen und Medaillen A.G.<\/td>\n<\/tr>\n<tr class=\"row-3 odd\">\n<td class=\"column-1\">Place<\/td>\n<td class=\"column-2\">Hotel Hilton (Basel)<\/td>\n<\/tr>\n<tr class=\"row-4 even\">\n<td class=\"column-1\">Date<\/td>\n<td class=\"column-2\">18-19 Septembre 1995<\/td>\n<\/tr>\n<tr class=\"row-5 odd\">\n<td class=\"column-1\">Language<\/td>\n<td class=\"column-2\">Allemand &#8211; Fran\u00e7ais<\/td>\n<\/tr>\n<tr class=\"row-6 even\">\n<td class=\"column-1\">Pages<\/td>\n<td class=\"column-2\">174 pages + 117 planches &#8211; 1563 num\u00e9ros<\/td>\n<\/tr>\n<tr class=\"row-7 odd\">\n<td class=\"column-1\">Specifications<\/td>\n<td class=\"column-2\">Broch\u00e9 &#8211; 195 x 260 mm<\/td>\n<\/tr>\n<tr class=\"row-8 even\">\n<td class=\"column-1\">Condition<\/td>\n<td class=\"column-2\">Tr\u00e8s bon \u00e9tat<\/td>\n<\/tr>\n<\/table>","protected":false},"excerpt":{"rendered":"<p>Titre complet Auktion 81 Griechische M\u00fcnzen R\u00f6mische M\u00fcnzen (u. a. eine Spezialsammlung Domus Julia) Griechische M\u00fcnzen der R\u00f6mischen Kaiserzeit Monnaies Fran\u00e7aises (M\u00e9rovingiennes, Carolingiennes, Royales) Deutsche M\u00fcnzen und Medaillen (mit vielen Ausbeute- und Belagerungsm\u00fcnzen) Medaillen des Stempelschneiders Sebastian Dadler Firme M\u00fcnzen und Medaillen A.G. Lieu Hotel Hilton (Basel) Date 18-19 Septembre 1995 Langue Allemand &#8211; Fran\u00e7ais [&hellip;]<\/p>\n","protected":false},"featured_media":20740,"template":"","meta":[],"product_brand":[],"product_cat":[36,19,384,30,34,129,32,128],"product_tag":[166,393,390,155,160,162,158,161],"class_list":{"0":"post-2041","1":"product","2":"type-product","3":"status-publish","4":"has-post-thumbnail","6":"product_cat-catalogues-de-vente","7":"product_cat-librairie","8":"product_cat-livres-monnaies-byzantines","9":"product_cat-livres-monnaies-grecques","10":"product_cat-livres-monnaies-medievales","11":"product_cat-livres-monnaies-modernes","12":"product_cat-livres-monnaies-romaines","13":"product_cat-livres-monnaies-royales","14":"product_tag-catalogues-de-vente","15":"product_tag-librairie","16":"product_tag-livres-monnaies-byzantines","17":"product_tag-livres-monnaies-grecques","18":"product_tag-livres-monnaies-medievales","19":"product_tag-livres-monnaies-modernes","20":"product_tag-livres-monnaies-romaines","21":"product_tag-livres-monnaies-royales","23":"first","24":"instock","25":"sold-individually","26":"shipping-taxable","27":"purchasable","28":"product-type-simple"},"yoast_head":"<!-- This site is optimized with the Yoast SEO plugin v27.5 - https:\/\/yoast.com\/product\/yoast-seo-wordpress\/ -->\n<title>AUKTION 81 \u2022 M\u00fcnzen und Medaillen 1995 &#8226; Odysseus<\/title>\n<meta name=\"robots\" content=\"index, follow, max-snippet:-1, max-image-preview:large, max-video-preview:-1\" \/>\n<link rel=\"canonical\" href=\"https:\/\/odysseus-numismatique.com\/en\/article\/auktion-81-munzen-und-medaillen-1995\/\" \/>\n<meta property=\"og:locale\" content=\"en_GB\" \/>\n<meta property=\"og:type\" content=\"article\" \/>\n<meta property=\"og:title\" content=\"AUKTION 81 \u2022 M\u00fcnzen und Medaillen 1995 &#8226; Odysseus\" \/>\n<meta property=\"og:description\" content=\"Titre complet Auktion 81 Griechische M\u00fcnzen R\u00f6mische M\u00fcnzen (u. a. eine Spezialsammlung Domus Julia) Griechische M\u00fcnzen der R\u00f6mischen Kaiserzeit Monnaies Fran\u00e7aises (M\u00e9rovingiennes, Carolingiennes, Royales) Deutsche M\u00fcnzen und Medaillen (mit vielen Ausbeute- und Belagerungsm\u00fcnzen) Medaillen des Stempelschneiders Sebastian Dadler Firme M\u00fcnzen und Medaillen A.G. Lieu Hotel Hilton (Basel) Date 18-19 Septembre 1995 Langue Allemand &#8211; Fran\u00e7ais [&hellip;]\" \/>\n<meta property=\"og:url\" content=\"https:\/\/odysseus-numismatique.com\/en\/article\/auktion-81-munzen-und-medaillen-1995\/\" \/>\n<meta property=\"og:site_name\" content=\"Odysseus\" \/>\n<meta property=\"article:modified_time\" content=\"2025-04-02T22:21:25+00:00\" \/>\n<meta property=\"og:image\" content=\"https:\/\/odysseus-numismatique.com\/wp-content\/uploads\/2019\/04\/auktion-81-munzen-und-medaillen-1995.jpg\" \/>\n\t<meta property=\"og:image:width\" content=\"1500\" \/>\n\t<meta property=\"og:image:height\" content=\"750\" \/>\n\t<meta property=\"og:image:type\" content=\"image\/jpeg\" \/>\n<meta name=\"twitter:card\" content=\"summary_large_image\" \/>\n<meta name=\"twitter:label1\" content=\"Estimated reading time\" \/>\n\t<meta name=\"twitter:data1\" content=\"1 minute\" \/>\n<script type=\"application\/ld+json\" class=\"yoast-schema-graph\">{\"@context\":\"https:\\\/\\\/schema.org\",\"@graph\":[{\"@type\":\"WebPage\",\"@id\":\"https:\\\/\\\/odysseus-numismatique.com\\\/article\\\/auktion-81-munzen-und-medaillen-1995\\\/\",\"url\":\"https:\\\/\\\/odysseus-numismatique.com\\\/article\\\/auktion-81-munzen-und-medaillen-1995\\\/\",\"name\":\"AUKTION 81 \u2022 M\u00fcnzen und Medaillen 1995 &#8226; Odysseus\",\"isPartOf\":{\"@id\":\"https:\\\/\\\/odysseus-numismatique.com\\\/#website\"},\"primaryImageOfPage\":{\"@id\":\"https:\\\/\\\/odysseus-numismatique.com\\\/article\\\/auktion-81-munzen-und-medaillen-1995\\\/#primaryimage\"},\"image\":{\"@id\":\"https:\\\/\\\/odysseus-numismatique.com\\\/article\\\/auktion-81-munzen-und-medaillen-1995\\\/#primaryimage\"},\"thumbnailUrl\":\"https:\\\/\\\/odysseus-numismatique.com\\\/wp-content\\\/uploads\\\/2019\\\/04\\\/auktion-81-munzen-und-medaillen-1995.jpg\",\"datePublished\":\"2019-04-03T17:17:37+00:00\",\"dateModified\":\"2025-04-02T22:21:25+00:00\",\"breadcrumb\":{\"@id\":\"https:\\\/\\\/odysseus-numismatique.com\\\/article\\\/auktion-81-munzen-und-medaillen-1995\\\/#breadcrumb\"},\"inLanguage\":\"en-GB\",\"potentialAction\":[{\"@type\":\"ReadAction\",\"target\":[\"https:\\\/\\\/odysseus-numismatique.com\\\/article\\\/auktion-81-munzen-und-medaillen-1995\\\/\"]}]},{\"@type\":\"ImageObject\",\"inLanguage\":\"en-GB\",\"@id\":\"https:\\\/\\\/odysseus-numismatique.com\\\/article\\\/auktion-81-munzen-und-medaillen-1995\\\/#primaryimage\",\"url\":\"https:\\\/\\\/odysseus-numismatique.com\\\/wp-content\\\/uploads\\\/2019\\\/04\\\/auktion-81-munzen-und-medaillen-1995.jpg\",\"contentUrl\":\"https:\\\/\\\/odysseus-numismatique.com\\\/wp-content\\\/uploads\\\/2019\\\/04\\\/auktion-81-munzen-und-medaillen-1995.jpg\",\"width\":1500,\"height\":750,\"caption\":\"Odysseus Numismatique Livres Catalogues de Vente Monnaies AUKTION 81 - GRIECHISCHE, R\u00d6MISCHE UND BYZANTINISCHE M\u00dcNZEN \u2022 M\u00fcnzen und Medaillen 1995\"},{\"@type\":\"BreadcrumbList\",\"@id\":\"https:\\\/\\\/odysseus-numismatique.com\\\/article\\\/auktion-81-munzen-und-medaillen-1995\\\/#breadcrumb\",\"itemListElement\":[{\"@type\":\"ListItem\",\"position\":1,\"name\":\"Accueil\",\"item\":\"https:\\\/\\\/odysseus-numismatique.com\\\/\"},{\"@type\":\"ListItem\",\"position\":2,\"name\":\"Boutique\",\"item\":\"https:\\\/\\\/odysseus-numismatique.com\\\/en\\\/boutique\\\/\"},{\"@type\":\"ListItem\",\"position\":3,\"name\":\"AUKTION 81 M\u00fcnzen und Medaillen 1995\"}]},{\"@type\":\"WebSite\",\"@id\":\"https:\\\/\\\/odysseus-numismatique.com\\\/#website\",\"url\":\"https:\\\/\\\/odysseus-numismatique.com\\\/\",\"name\":\"Odysseus\",\"description\":\"Numismatique\",\"publisher\":{\"@id\":\"https:\\\/\\\/odysseus-numismatique.com\\\/#organization\"},\"potentialAction\":[{\"@type\":\"SearchAction\",\"target\":{\"@type\":\"EntryPoint\",\"urlTemplate\":\"https:\\\/\\\/odysseus-numismatique.com\\\/?s={search_term_string}\"},\"query-input\":{\"@type\":\"PropertyValueSpecification\",\"valueRequired\":true,\"valueName\":\"search_term_string\"}}],\"inLanguage\":\"en-GB\"},{\"@type\":\"Organization\",\"@id\":\"https:\\\/\\\/odysseus-numismatique.com\\\/#organization\",\"name\":\"Odysseus\",\"url\":\"https:\\\/\\\/odysseus-numismatique.com\\\/\",\"logo\":{\"@type\":\"ImageObject\",\"inLanguage\":\"en-GB\",\"@id\":\"https:\\\/\\\/odysseus-numismatique.com\\\/#\\\/schema\\\/logo\\\/image\\\/\",\"url\":\"https:\\\/\\\/odysseus-numismatique.com\\\/wp-content\\\/uploads\\\/2019\\\/04\\\/odysseus-numismatique.png\",\"contentUrl\":\"https:\\\/\\\/odysseus-numismatique.com\\\/wp-content\\\/uploads\\\/2019\\\/04\\\/odysseus-numismatique.png\",\"width\":500,\"height\":500,\"caption\":\"Odysseus\"},\"image\":{\"@id\":\"https:\\\/\\\/odysseus-numismatique.com\\\/#\\\/schema\\\/logo\\\/image\\\/\"}}]}<\/script>\n<!-- \/ Yoast SEO plugin. -->","yoast_head_json":{"title":"AUKTION 81 \u2022 M\u00fcnzen und Medaillen 1995 &#8226; Odysseus","robots":{"index":"index","follow":"follow","max-snippet":"max-snippet:-1","max-image-preview":"max-image-preview:large","max-video-preview":"max-video-preview:-1"},"canonical":"https:\/\/odysseus-numismatique.com\/en\/article\/auktion-81-munzen-und-medaillen-1995\/","og_locale":"en_GB","og_type":"article","og_title":"AUKTION 81 \u2022 M\u00fcnzen und Medaillen 1995 &#8226; Odysseus","og_description":"Titre complet Auktion 81 Griechische M\u00fcnzen R\u00f6mische M\u00fcnzen (u. a. eine Spezialsammlung Domus Julia) Griechische M\u00fcnzen der R\u00f6mischen Kaiserzeit Monnaies Fran\u00e7aises (M\u00e9rovingiennes, Carolingiennes, Royales) Deutsche M\u00fcnzen und Medaillen (mit vielen Ausbeute- und Belagerungsm\u00fcnzen) Medaillen des Stempelschneiders Sebastian Dadler Firme M\u00fcnzen und Medaillen A.G. Lieu Hotel Hilton (Basel) Date 18-19 Septembre 1995 Langue Allemand &#8211; Fran\u00e7ais [&hellip;]","og_url":"https:\/\/odysseus-numismatique.com\/en\/article\/auktion-81-munzen-und-medaillen-1995\/","og_site_name":"Odysseus","article_modified_time":"2025-04-02T22:21:25+00:00","og_image":[{"width":1500,"height":750,"url":"https:\/\/odysseus-numismatique.com\/wp-content\/uploads\/2019\/04\/auktion-81-munzen-und-medaillen-1995.jpg","type":"image\/jpeg"}],"twitter_card":"summary_large_image","twitter_misc":{"Estimated reading time":"1 minute"},"schema":{"@context":"https:\/\/schema.org","@graph":[{"@type":"WebPage","@id":"https:\/\/odysseus-numismatique.com\/article\/auktion-81-munzen-und-medaillen-1995\/","url":"https:\/\/odysseus-numismatique.com\/article\/auktion-81-munzen-und-medaillen-1995\/","name":"AUKTION 81 \u2022 M\u00fcnzen und Medaillen 1995 &#8226; Odysseus","isPartOf":{"@id":"https:\/\/odysseus-numismatique.com\/#website"},"primaryImageOfPage":{"@id":"https:\/\/odysseus-numismatique.com\/article\/auktion-81-munzen-und-medaillen-1995\/#primaryimage"},"image":{"@id":"https:\/\/odysseus-numismatique.com\/article\/auktion-81-munzen-und-medaillen-1995\/#primaryimage"},"thumbnailUrl":"https:\/\/odysseus-numismatique.com\/wp-content\/uploads\/2019\/04\/auktion-81-munzen-und-medaillen-1995.jpg","datePublished":"2019-04-03T17:17:37+00:00","dateModified":"2025-04-02T22:21:25+00:00","breadcrumb":{"@id":"https:\/\/odysseus-numismatique.com\/article\/auktion-81-munzen-und-medaillen-1995\/#breadcrumb"},"inLanguage":"en-GB","potentialAction":[{"@type":"ReadAction","target":["https:\/\/odysseus-numismatique.com\/article\/auktion-81-munzen-und-medaillen-1995\/"]}]},{"@type":"ImageObject","inLanguage":"en-GB","@id":"https:\/\/odysseus-numismatique.com\/article\/auktion-81-munzen-und-medaillen-1995\/#primaryimage","url":"https:\/\/odysseus-numismatique.com\/wp-content\/uploads\/2019\/04\/auktion-81-munzen-und-medaillen-1995.jpg","contentUrl":"https:\/\/odysseus-numismatique.com\/wp-content\/uploads\/2019\/04\/auktion-81-munzen-und-medaillen-1995.jpg","width":1500,"height":750,"caption":"Odysseus Numismatique Livres Catalogues de Vente Monnaies AUKTION 81 - GRIECHISCHE, R\u00d6MISCHE UND BYZANTINISCHE M\u00dcNZEN \u2022 M\u00fcnzen und Medaillen 1995"},{"@type":"BreadcrumbList","@id":"https:\/\/odysseus-numismatique.com\/article\/auktion-81-munzen-und-medaillen-1995\/#breadcrumb","itemListElement":[{"@type":"ListItem","position":1,"name":"Accueil","item":"https:\/\/odysseus-numismatique.com\/"},{"@type":"ListItem","position":2,"name":"Boutique","item":"https:\/\/odysseus-numismatique.com\/en\/boutique\/"},{"@type":"ListItem","position":3,"name":"AUKTION 81 M\u00fcnzen und Medaillen 1995"}]},{"@type":"WebSite","@id":"https:\/\/odysseus-numismatique.com\/#website","url":"https:\/\/odysseus-numismatique.com\/","name":"Odysseus","description":"Numismatics","publisher":{"@id":"https:\/\/odysseus-numismatique.com\/#organization"},"potentialAction":[{"@type":"SearchAction","target":{"@type":"EntryPoint","urlTemplate":"https:\/\/odysseus-numismatique.com\/?s={search_term_string}"},"query-input":{"@type":"PropertyValueSpecification","valueRequired":true,"valueName":"search_term_string"}}],"inLanguage":"en-GB"},{"@type":"Organization","@id":"https:\/\/odysseus-numismatique.com\/#organization","name":"Odysseus","url":"https:\/\/odysseus-numismatique.com\/","logo":{"@type":"ImageObject","inLanguage":"en-GB","@id":"https:\/\/odysseus-numismatique.com\/#\/schema\/logo\/image\/","url":"https:\/\/odysseus-numismatique.com\/wp-content\/uploads\/2019\/04\/odysseus-numismatique.png","contentUrl":"https:\/\/odysseus-numismatique.com\/wp-content\/uploads\/2019\/04\/odysseus-numismatique.png","width":500,"height":500,"caption":"Odysseus"},"image":{"@id":"https:\/\/odysseus-numismatique.com\/#\/schema\/logo\/image\/"}}]}},"_links":{"self":[{"href":"https:\/\/odysseus-numismatique.com\/en\/wp-json\/wp\/v2\/product\/2041","targetHints":{"allow":["GET"]}}],"collection":[{"href":"https:\/\/odysseus-numismatique.com\/en\/wp-json\/wp\/v2\/product"}],"about":[{"href":"https:\/\/odysseus-numismatique.com\/en\/wp-json\/wp\/v2\/types\/product"}],"wp:featuredmedia":[{"embeddable":true,"href":"https:\/\/odysseus-numismatique.com\/en\/wp-json\/wp\/v2\/media\/20740"}],"wp:attachment":[{"href":"https:\/\/odysseus-numismatique.com\/en\/wp-json\/wp\/v2\/media?parent=2041"}],"wp:term":[{"taxonomy":"product_brand","embeddable":true,"href":"https:\/\/odysseus-numismatique.com\/en\/wp-json\/wp\/v2\/product_brand?post=2041"},{"taxonomy":"product_cat","embeddable":true,"href":"https:\/\/odysseus-numismatique.com\/en\/wp-json\/wp\/v2\/product_cat?post=2041"},{"taxonomy":"product_tag","embeddable":true,"href":"https:\/\/odysseus-numismatique.com\/en\/wp-json\/wp\/v2\/product_tag?post=2041"}],"curies":[{"name":"wp","href":"https:\/\/api.w.org\/{rel}","templated":true}]}}