{"id":2028,"date":"2019-04-03T19:22:01","date_gmt":"2019-04-03T18:22:01","guid":{"rendered":"https:\/\/odysseus-numismatique.com\/?post_type=product&#038;p=2028"},"modified":"2025-04-02T23:21:39","modified_gmt":"2025-04-02T22:21:39","slug":"vente-publique-72-collection-jonathan-p-rosen-monnaies-et-medailles-1987","status":"publish","type":"product","link":"https:\/\/odysseus-numismatique.com\/en\/article\/vente-publique-72-collection-jonathan-p-rosen-monnaies-et-medailles-1987\/","title":{"rendered":"VENTE PUBLIQUE 72 &#8211; COLLECTION ROSEN <br \/> Monnaies et M\u00e9dailles 1987"},"content":{"rendered":"<style>\n.tableproduct {border-collapse:none}\n.tableproduct td {border:none!important; padding:10px}\n.tableproduct .odd td {background-color:#424242}\n.tableproduct .even td {background-color:#3a3a3a}\n.tableproduct .column-1 {text-transform:uppercase; font-weight:bold; font-size:0.75em; width:20%}\n.tableproduct .column-2 {font-size:1em}\n<\/style>\n<table class=\"tableproduct\">\n<tr class=\"row-1 odd\">\n<td class=\"column-1\">Full Title<\/td>\n<td class=\"column-2\">Vente Publique 72<br \/>\nMonnaies Grecques de Haute \u00c9poque (Collection Jonathan P. Rosen, New York)<br \/>\nMonnaies Grecques, Romaines et Byzantines<\/td>\n<\/tr>\n<tr class=\"row-2 even\">\n<td class=\"column-1\">Firm<\/td>\n<td class=\"column-2\">Monnaies et M\u00e9dailles S.A.<\/td>\n<\/tr>\n<tr class=\"row-3 odd\">\n<td class=\"column-1\">Place<\/td>\n<td class=\"column-2\">H\u00f4tel des Trois Rois au Rhin (B\u00e2le)<\/td>\n<\/tr>\n<tr class=\"row-4 even\">\n<td class=\"column-1\">Date<\/td>\n<td class=\"column-2\">6 Octobre 1987<\/td>\n<\/tr>\n<tr class=\"row-5 odd\">\n<td class=\"column-1\">Language<\/td>\n<td class=\"column-2\">Fran\u00e7ais<\/td>\n<\/tr>\n<tr class=\"row-6 even\">\n<td class=\"column-1\">Pages<\/td>\n<td class=\"column-2\">88 pages + 50 planches &#8211; 781 num\u00e9ros<\/td>\n<\/tr>\n<tr class=\"row-7 odd\">\n<td class=\"column-1\">Specifications<\/td>\n<td class=\"column-2\">Broch\u00e9 &#8211; 195 x 260 mm<\/td>\n<\/tr>\n<tr class=\"row-8 even\">\n<td class=\"column-1\">Condition<\/td>\n<td class=\"column-2\">Tr\u00e8s bon \u00e9tat<\/td>\n<\/tr>\n<\/table>","protected":false},"excerpt":{"rendered":"<p>Titre complet Vente Publique 72 Monnaies Grecques de Haute \u00c9poque (Collection Jonathan P. Rosen, New York) Monnaies Grecques, Romaines et Byzantines Firme Monnaies et M\u00e9dailles S.A. Lieu H\u00f4tel des Trois Rois au Rhin (B\u00e2le) Date 6 Octobre 1987 Langue Fran\u00e7ais Pages 88 pages + 50 planches &#8211; 781 num\u00e9ros Caract\u00e9ristiques Broch\u00e9 &#8211; 195 x 260 [&hellip;]<\/p>\n","protected":false},"featured_media":20735,"template":"","meta":[],"product_brand":[],"product_cat":[388],"product_tag":[166,393,390,155,158],"class_list":{"0":"post-2028","1":"product","2":"type-product","3":"status-publish","4":"has-post-thumbnail","6":"product_cat-archives-librairie","7":"product_tag-catalogues-de-vente","8":"product_tag-librairie","9":"product_tag-livres-monnaies-byzantines","10":"product_tag-livres-monnaies-grecques","11":"product_tag-livres-monnaies-romaines","13":"first","14":"outofstock","15":"sold-individually","16":"shipping-taxable","17":"purchasable","18":"product-type-simple"},"yoast_head":"<!-- This site is optimized with the Yoast SEO plugin v27.5 - https:\/\/yoast.com\/product\/yoast-seo-wordpress\/ -->\n<title>VENTE PUBLIQUE 72 - COLLECTION ROSEN \u2022 Monnaies et M\u00e9dailles 1987 &#8226; Odysseus<\/title>\n<meta name=\"robots\" content=\"index, follow, max-snippet:-1, max-image-preview:large, max-video-preview:-1\" \/>\n<link rel=\"canonical\" href=\"https:\/\/odysseus-numismatique.com\/en\/article\/vente-publique-72-collection-jonathan-p-rosen-monnaies-et-medailles-1987\/\" \/>\n<meta property=\"og:locale\" content=\"en_GB\" \/>\n<meta property=\"og:type\" content=\"article\" \/>\n<meta property=\"og:title\" content=\"VENTE PUBLIQUE 72 - COLLECTION ROSEN \u2022 Monnaies et M\u00e9dailles 1987 &#8226; Odysseus\" \/>\n<meta property=\"og:description\" content=\"Titre complet Vente Publique 72 Monnaies Grecques de Haute \u00c9poque (Collection Jonathan P. Rosen, New York) Monnaies Grecques, Romaines et Byzantines Firme Monnaies et M\u00e9dailles S.A. Lieu H\u00f4tel des Trois Rois au Rhin (B\u00e2le) Date 6 Octobre 1987 Langue Fran\u00e7ais Pages 88 pages + 50 planches &#8211; 781 num\u00e9ros Caract\u00e9ristiques Broch\u00e9 &#8211; 195 x 260 [&hellip;]\" \/>\n<meta property=\"og:url\" content=\"https:\/\/odysseus-numismatique.com\/en\/article\/vente-publique-72-collection-jonathan-p-rosen-monnaies-et-medailles-1987\/\" \/>\n<meta property=\"og:site_name\" content=\"Odysseus\" \/>\n<meta property=\"article:modified_time\" content=\"2025-04-02T22:21:39+00:00\" \/>\n<meta property=\"og:image\" content=\"https:\/\/odysseus-numismatique.com\/wp-content\/uploads\/2019\/04\/vente-publique-72-collection-jonathan-p-rosen-monnaies-et-medailles-1987.jpg\" \/>\n\t<meta property=\"og:image:width\" content=\"1500\" \/>\n\t<meta property=\"og:image:height\" content=\"750\" \/>\n\t<meta property=\"og:image:type\" content=\"image\/jpeg\" \/>\n<meta name=\"twitter:card\" content=\"summary_large_image\" \/>\n<meta name=\"twitter:label1\" content=\"Estimated reading time\" \/>\n\t<meta name=\"twitter:data1\" content=\"1 minute\" \/>\n<script type=\"application\/ld+json\" class=\"yoast-schema-graph\">{\"@context\":\"https:\\\/\\\/schema.org\",\"@graph\":[{\"@type\":\"WebPage\",\"@id\":\"https:\\\/\\\/odysseus-numismatique.com\\\/article\\\/vente-publique-72-collection-jonathan-p-rosen-monnaies-et-medailles-1987\\\/\",\"url\":\"https:\\\/\\\/odysseus-numismatique.com\\\/article\\\/vente-publique-72-collection-jonathan-p-rosen-monnaies-et-medailles-1987\\\/\",\"name\":\"VENTE PUBLIQUE 72 - COLLECTION ROSEN \u2022 Monnaies et M\u00e9dailles 1987 &#8226; Odysseus\",\"isPartOf\":{\"@id\":\"https:\\\/\\\/odysseus-numismatique.com\\\/#website\"},\"primaryImageOfPage\":{\"@id\":\"https:\\\/\\\/odysseus-numismatique.com\\\/article\\\/vente-publique-72-collection-jonathan-p-rosen-monnaies-et-medailles-1987\\\/#primaryimage\"},\"image\":{\"@id\":\"https:\\\/\\\/odysseus-numismatique.com\\\/article\\\/vente-publique-72-collection-jonathan-p-rosen-monnaies-et-medailles-1987\\\/#primaryimage\"},\"thumbnailUrl\":\"https:\\\/\\\/odysseus-numismatique.com\\\/wp-content\\\/uploads\\\/2019\\\/04\\\/vente-publique-72-collection-jonathan-p-rosen-monnaies-et-medailles-1987.jpg\",\"datePublished\":\"2019-04-03T18:22:01+00:00\",\"dateModified\":\"2025-04-02T22:21:39+00:00\",\"breadcrumb\":{\"@id\":\"https:\\\/\\\/odysseus-numismatique.com\\\/article\\\/vente-publique-72-collection-jonathan-p-rosen-monnaies-et-medailles-1987\\\/#breadcrumb\"},\"inLanguage\":\"en-GB\",\"potentialAction\":[{\"@type\":\"ReadAction\",\"target\":[\"https:\\\/\\\/odysseus-numismatique.com\\\/article\\\/vente-publique-72-collection-jonathan-p-rosen-monnaies-et-medailles-1987\\\/\"]}]},{\"@type\":\"ImageObject\",\"inLanguage\":\"en-GB\",\"@id\":\"https:\\\/\\\/odysseus-numismatique.com\\\/article\\\/vente-publique-72-collection-jonathan-p-rosen-monnaies-et-medailles-1987\\\/#primaryimage\",\"url\":\"https:\\\/\\\/odysseus-numismatique.com\\\/wp-content\\\/uploads\\\/2019\\\/04\\\/vente-publique-72-collection-jonathan-p-rosen-monnaies-et-medailles-1987.jpg\",\"contentUrl\":\"https:\\\/\\\/odysseus-numismatique.com\\\/wp-content\\\/uploads\\\/2019\\\/04\\\/vente-publique-72-collection-jonathan-p-rosen-monnaies-et-medailles-1987.jpg\",\"width\":1500,\"height\":750,\"caption\":\"Odysseus Numismatique Livres Catalogues de Vente Monnaies VENTE PUBLIQUE 72 - COLLECTION JONATHAN P. ROSEN - MONNAIES GRECQUES DE HAUTE \u00c9POQUE \u2022 Monnaies et M\u00e9dailles 1987\"},{\"@type\":\"BreadcrumbList\",\"@id\":\"https:\\\/\\\/odysseus-numismatique.com\\\/article\\\/vente-publique-72-collection-jonathan-p-rosen-monnaies-et-medailles-1987\\\/#breadcrumb\",\"itemListElement\":[{\"@type\":\"ListItem\",\"position\":1,\"name\":\"Accueil\",\"item\":\"https:\\\/\\\/odysseus-numismatique.com\\\/\"},{\"@type\":\"ListItem\",\"position\":2,\"name\":\"Boutique\",\"item\":\"https:\\\/\\\/odysseus-numismatique.com\\\/en\\\/boutique\\\/\"},{\"@type\":\"ListItem\",\"position\":3,\"name\":\"VENTE PUBLIQUE 72 &#8211; COLLECTION ROSEN Monnaies et M\u00e9dailles 1987\"}]},{\"@type\":\"WebSite\",\"@id\":\"https:\\\/\\\/odysseus-numismatique.com\\\/#website\",\"url\":\"https:\\\/\\\/odysseus-numismatique.com\\\/\",\"name\":\"Odysseus\",\"description\":\"Numismatique\",\"publisher\":{\"@id\":\"https:\\\/\\\/odysseus-numismatique.com\\\/#organization\"},\"potentialAction\":[{\"@type\":\"SearchAction\",\"target\":{\"@type\":\"EntryPoint\",\"urlTemplate\":\"https:\\\/\\\/odysseus-numismatique.com\\\/?s={search_term_string}\"},\"query-input\":{\"@type\":\"PropertyValueSpecification\",\"valueRequired\":true,\"valueName\":\"search_term_string\"}}],\"inLanguage\":\"en-GB\"},{\"@type\":\"Organization\",\"@id\":\"https:\\\/\\\/odysseus-numismatique.com\\\/#organization\",\"name\":\"Odysseus\",\"url\":\"https:\\\/\\\/odysseus-numismatique.com\\\/\",\"logo\":{\"@type\":\"ImageObject\",\"inLanguage\":\"en-GB\",\"@id\":\"https:\\\/\\\/odysseus-numismatique.com\\\/#\\\/schema\\\/logo\\\/image\\\/\",\"url\":\"https:\\\/\\\/odysseus-numismatique.com\\\/wp-content\\\/uploads\\\/2019\\\/04\\\/odysseus-numismatique.png\",\"contentUrl\":\"https:\\\/\\\/odysseus-numismatique.com\\\/wp-content\\\/uploads\\\/2019\\\/04\\\/odysseus-numismatique.png\",\"width\":500,\"height\":500,\"caption\":\"Odysseus\"},\"image\":{\"@id\":\"https:\\\/\\\/odysseus-numismatique.com\\\/#\\\/schema\\\/logo\\\/image\\\/\"}}]}<\/script>\n<!-- \/ Yoast SEO plugin. -->","yoast_head_json":{"title":"VENTE PUBLIQUE 72 - COLLECTION ROSEN \u2022 Monnaies et M\u00e9dailles 1987 &#8226; Odysseus","robots":{"index":"index","follow":"follow","max-snippet":"max-snippet:-1","max-image-preview":"max-image-preview:large","max-video-preview":"max-video-preview:-1"},"canonical":"https:\/\/odysseus-numismatique.com\/en\/article\/vente-publique-72-collection-jonathan-p-rosen-monnaies-et-medailles-1987\/","og_locale":"en_GB","og_type":"article","og_title":"VENTE PUBLIQUE 72 - COLLECTION ROSEN \u2022 Monnaies et M\u00e9dailles 1987 &#8226; Odysseus","og_description":"Titre complet Vente Publique 72 Monnaies Grecques de Haute \u00c9poque (Collection Jonathan P. Rosen, New York) Monnaies Grecques, Romaines et Byzantines Firme Monnaies et M\u00e9dailles S.A. Lieu H\u00f4tel des Trois Rois au Rhin (B\u00e2le) Date 6 Octobre 1987 Langue Fran\u00e7ais Pages 88 pages + 50 planches &#8211; 781 num\u00e9ros Caract\u00e9ristiques Broch\u00e9 &#8211; 195 x 260 [&hellip;]","og_url":"https:\/\/odysseus-numismatique.com\/en\/article\/vente-publique-72-collection-jonathan-p-rosen-monnaies-et-medailles-1987\/","og_site_name":"Odysseus","article_modified_time":"2025-04-02T22:21:39+00:00","og_image":[{"width":1500,"height":750,"url":"https:\/\/odysseus-numismatique.com\/wp-content\/uploads\/2019\/04\/vente-publique-72-collection-jonathan-p-rosen-monnaies-et-medailles-1987.jpg","type":"image\/jpeg"}],"twitter_card":"summary_large_image","twitter_misc":{"Estimated reading time":"1 minute"},"schema":{"@context":"https:\/\/schema.org","@graph":[{"@type":"WebPage","@id":"https:\/\/odysseus-numismatique.com\/article\/vente-publique-72-collection-jonathan-p-rosen-monnaies-et-medailles-1987\/","url":"https:\/\/odysseus-numismatique.com\/article\/vente-publique-72-collection-jonathan-p-rosen-monnaies-et-medailles-1987\/","name":"VENTE PUBLIQUE 72 - COLLECTION ROSEN \u2022 Monnaies et M\u00e9dailles 1987 &#8226; Odysseus","isPartOf":{"@id":"https:\/\/odysseus-numismatique.com\/#website"},"primaryImageOfPage":{"@id":"https:\/\/odysseus-numismatique.com\/article\/vente-publique-72-collection-jonathan-p-rosen-monnaies-et-medailles-1987\/#primaryimage"},"image":{"@id":"https:\/\/odysseus-numismatique.com\/article\/vente-publique-72-collection-jonathan-p-rosen-monnaies-et-medailles-1987\/#primaryimage"},"thumbnailUrl":"https:\/\/odysseus-numismatique.com\/wp-content\/uploads\/2019\/04\/vente-publique-72-collection-jonathan-p-rosen-monnaies-et-medailles-1987.jpg","datePublished":"2019-04-03T18:22:01+00:00","dateModified":"2025-04-02T22:21:39+00:00","breadcrumb":{"@id":"https:\/\/odysseus-numismatique.com\/article\/vente-publique-72-collection-jonathan-p-rosen-monnaies-et-medailles-1987\/#breadcrumb"},"inLanguage":"en-GB","potentialAction":[{"@type":"ReadAction","target":["https:\/\/odysseus-numismatique.com\/article\/vente-publique-72-collection-jonathan-p-rosen-monnaies-et-medailles-1987\/"]}]},{"@type":"ImageObject","inLanguage":"en-GB","@id":"https:\/\/odysseus-numismatique.com\/article\/vente-publique-72-collection-jonathan-p-rosen-monnaies-et-medailles-1987\/#primaryimage","url":"https:\/\/odysseus-numismatique.com\/wp-content\/uploads\/2019\/04\/vente-publique-72-collection-jonathan-p-rosen-monnaies-et-medailles-1987.jpg","contentUrl":"https:\/\/odysseus-numismatique.com\/wp-content\/uploads\/2019\/04\/vente-publique-72-collection-jonathan-p-rosen-monnaies-et-medailles-1987.jpg","width":1500,"height":750,"caption":"Odysseus Numismatique Livres Catalogues de Vente Monnaies VENTE PUBLIQUE 72 - COLLECTION JONATHAN P. ROSEN - MONNAIES GRECQUES DE HAUTE \u00c9POQUE \u2022 Monnaies et M\u00e9dailles 1987"},{"@type":"BreadcrumbList","@id":"https:\/\/odysseus-numismatique.com\/article\/vente-publique-72-collection-jonathan-p-rosen-monnaies-et-medailles-1987\/#breadcrumb","itemListElement":[{"@type":"ListItem","position":1,"name":"Accueil","item":"https:\/\/odysseus-numismatique.com\/"},{"@type":"ListItem","position":2,"name":"Boutique","item":"https:\/\/odysseus-numismatique.com\/en\/boutique\/"},{"@type":"ListItem","position":3,"name":"VENTE PUBLIQUE 72 &#8211; COLLECTION ROSEN Monnaies et M\u00e9dailles 1987"}]},{"@type":"WebSite","@id":"https:\/\/odysseus-numismatique.com\/#website","url":"https:\/\/odysseus-numismatique.com\/","name":"Odysseus","description":"Numismatics","publisher":{"@id":"https:\/\/odysseus-numismatique.com\/#organization"},"potentialAction":[{"@type":"SearchAction","target":{"@type":"EntryPoint","urlTemplate":"https:\/\/odysseus-numismatique.com\/?s={search_term_string}"},"query-input":{"@type":"PropertyValueSpecification","valueRequired":true,"valueName":"search_term_string"}}],"inLanguage":"en-GB"},{"@type":"Organization","@id":"https:\/\/odysseus-numismatique.com\/#organization","name":"Odysseus","url":"https:\/\/odysseus-numismatique.com\/","logo":{"@type":"ImageObject","inLanguage":"en-GB","@id":"https:\/\/odysseus-numismatique.com\/#\/schema\/logo\/image\/","url":"https:\/\/odysseus-numismatique.com\/wp-content\/uploads\/2019\/04\/odysseus-numismatique.png","contentUrl":"https:\/\/odysseus-numismatique.com\/wp-content\/uploads\/2019\/04\/odysseus-numismatique.png","width":500,"height":500,"caption":"Odysseus"},"image":{"@id":"https:\/\/odysseus-numismatique.com\/#\/schema\/logo\/image\/"}}]}},"_links":{"self":[{"href":"https:\/\/odysseus-numismatique.com\/en\/wp-json\/wp\/v2\/product\/2028","targetHints":{"allow":["GET"]}}],"collection":[{"href":"https:\/\/odysseus-numismatique.com\/en\/wp-json\/wp\/v2\/product"}],"about":[{"href":"https:\/\/odysseus-numismatique.com\/en\/wp-json\/wp\/v2\/types\/product"}],"wp:featuredmedia":[{"embeddable":true,"href":"https:\/\/odysseus-numismatique.com\/en\/wp-json\/wp\/v2\/media\/20735"}],"wp:attachment":[{"href":"https:\/\/odysseus-numismatique.com\/en\/wp-json\/wp\/v2\/media?parent=2028"}],"wp:term":[{"taxonomy":"product_brand","embeddable":true,"href":"https:\/\/odysseus-numismatique.com\/en\/wp-json\/wp\/v2\/product_brand?post=2028"},{"taxonomy":"product_cat","embeddable":true,"href":"https:\/\/odysseus-numismatique.com\/en\/wp-json\/wp\/v2\/product_cat?post=2028"},{"taxonomy":"product_tag","embeddable":true,"href":"https:\/\/odysseus-numismatique.com\/en\/wp-json\/wp\/v2\/product_tag?post=2028"}],"curies":[{"name":"wp","href":"https:\/\/api.w.org\/{rel}","templated":true}]}}