{"id":2018,"date":"2019-04-03T19:27:31","date_gmt":"2019-04-03T17:27:31","guid":{"rendered":"https:\/\/odysseus-numismatique.com\/?post_type=product&#038;p=2018"},"modified":"2025-04-02T23:15:33","modified_gmt":"2025-04-02T22:15:33","slug":"auktion-44-monnaies-dor-grecques-et-romaines-munzen-und-medaillen-1971","status":"publish","type":"product","link":"https:\/\/odysseus-numismatique.com\/en\/article\/auktion-44-monnaies-dor-grecques-et-romaines-munzen-und-medaillen-1971\/","title":{"rendered":"AUKTION 44 <br \/> M\u00fcnzen und Medaillen 1971"},"content":{"rendered":"<style>\n.tableproduct {border-collapse:none}\n.tableproduct td {border:none!important; padding:10px}\n.tableproduct .odd td {background-color:#424242}\n.tableproduct .even td {background-color:#3a3a3a}\n.tableproduct .column-1 {text-transform:uppercase; font-weight:bold; font-size:0.75em; width:20%}\n.tableproduct .column-2 {font-size:1em}\n<\/style>\n<table class=\"tableproduct\">\n<tr class=\"row-1 odd\">\n<td class=\"column-1\">Full Title<\/td>\n<td class=\"column-2\">Auktion 44<br \/>\nMonnaies d&rsquo;Or Grecques et Romaines<br \/>\nMonete di Venezia<br \/>\nMonnaies Fran\u00e7aises<br \/>\nM\u00fcnzen der Habsburgischen Kronlande<br \/>\nDeutsche Taler des 19. Jahrhunderts<br \/>\nSchwedische M\u00fcnzen<br \/>\nNumismatische Literatur<\/td>\n<\/tr>\n<tr class=\"row-2 even\">\n<td class=\"column-1\">Firm<\/td>\n<td class=\"column-2\">M\u00fcnzen und Medaillen A.G.<\/td>\n<\/tr>\n<tr class=\"row-3 odd\">\n<td class=\"column-1\">Place<\/td>\n<td class=\"column-2\">Sch\u00fctzenhaus (Basel)<\/td>\n<\/tr>\n<tr class=\"row-4 even\">\n<td class=\"column-1\">Date<\/td>\n<td class=\"column-2\">15-17 Juin 1971<\/td>\n<\/tr>\n<tr class=\"row-5 odd\">\n<td class=\"column-1\">Language<\/td>\n<td class=\"column-2\">Fran\u00e7ais &#8211; Italien &#8211; Allemand<\/td>\n<\/tr>\n<tr class=\"row-6 even\">\n<td class=\"column-1\">Pages<\/td>\n<td class=\"column-2\">103 pages + 76 planches &#8211; 1389 num\u00e9ros<\/td>\n<\/tr>\n<tr class=\"row-7 odd\">\n<td class=\"column-1\">Specifications<\/td>\n<td class=\"column-2\">Broch\u00e9 &#8211; 195 x 260 mm<\/td>\n<\/tr>\n<tr class=\"row-8 even\">\n<td class=\"column-1\">Condition<\/td>\n<td class=\"column-2\">Bon \u00e9tat, quelques taches<\/td>\n<\/tr>\n<\/table>","protected":false},"excerpt":{"rendered":"<p>Titre complet Auktion 44 Monnaies d&rsquo;Or Grecques et Romaines Monete di Venezia Monnaies Fran\u00e7aises M\u00fcnzen der Habsburgischen Kronlande Deutsche Taler des 19. Jahrhunderts Schwedische M\u00fcnzen Numismatische Literatur Firme M\u00fcnzen und Medaillen A.G. Lieu Sch\u00fctzenhaus (Basel) Date 15-17 Juin 1971 Langue Fran\u00e7ais &#8211; Italien &#8211; Allemand Pages 103 pages + 76 planches &#8211; 1389 num\u00e9ros Caract\u00e9ristiques [&hellip;]<\/p>\n","protected":false},"featured_media":20730,"template":"","meta":[],"product_brand":[],"product_cat":[36,19,30,34,129,32,128],"product_tag":[166,393,155,160,162,158,161],"class_list":{"0":"post-2018","1":"product","2":"type-product","3":"status-publish","4":"has-post-thumbnail","6":"product_cat-catalogues-de-vente","7":"product_cat-librairie","8":"product_cat-livres-monnaies-grecques","9":"product_cat-livres-monnaies-medievales","10":"product_cat-livres-monnaies-modernes","11":"product_cat-livres-monnaies-romaines","12":"product_cat-livres-monnaies-royales","13":"product_tag-catalogues-de-vente","14":"product_tag-librairie","15":"product_tag-livres-monnaies-grecques","16":"product_tag-livres-monnaies-medievales","17":"product_tag-livres-monnaies-modernes","18":"product_tag-livres-monnaies-romaines","19":"product_tag-livres-monnaies-royales","21":"first","22":"instock","23":"sold-individually","24":"shipping-taxable","25":"purchasable","26":"product-type-simple"},"yoast_head":"<!-- This site is optimized with the Yoast SEO plugin v27.5 - https:\/\/yoast.com\/product\/yoast-seo-wordpress\/ -->\n<title>AUKTION 44 \u2022 M\u00fcnzen und Medaillen 1971 &#8226; Odysseus<\/title>\n<meta name=\"robots\" content=\"index, follow, max-snippet:-1, max-image-preview:large, max-video-preview:-1\" \/>\n<link rel=\"canonical\" href=\"https:\/\/odysseus-numismatique.com\/en\/article\/auktion-44-monnaies-dor-grecques-et-romaines-munzen-und-medaillen-1971\/\" \/>\n<meta property=\"og:locale\" content=\"en_GB\" \/>\n<meta property=\"og:type\" content=\"article\" \/>\n<meta property=\"og:title\" content=\"AUKTION 44 \u2022 M\u00fcnzen und Medaillen 1971 &#8226; Odysseus\" \/>\n<meta property=\"og:description\" content=\"Titre complet Auktion 44 Monnaies d&rsquo;Or Grecques et Romaines Monete di Venezia Monnaies Fran\u00e7aises M\u00fcnzen der Habsburgischen Kronlande Deutsche Taler des 19. Jahrhunderts Schwedische M\u00fcnzen Numismatische Literatur Firme M\u00fcnzen und Medaillen A.G. Lieu Sch\u00fctzenhaus (Basel) Date 15-17 Juin 1971 Langue Fran\u00e7ais &#8211; Italien &#8211; Allemand Pages 103 pages + 76 planches &#8211; 1389 num\u00e9ros Caract\u00e9ristiques [&hellip;]\" \/>\n<meta property=\"og:url\" content=\"https:\/\/odysseus-numismatique.com\/en\/article\/auktion-44-monnaies-dor-grecques-et-romaines-munzen-und-medaillen-1971\/\" \/>\n<meta property=\"og:site_name\" content=\"Odysseus\" \/>\n<meta property=\"article:modified_time\" content=\"2025-04-02T22:15:33+00:00\" \/>\n<meta property=\"og:image\" content=\"https:\/\/odysseus-numismatique.com\/wp-content\/uploads\/2019\/04\/auktion-44-monnaies-dor-grecques-et-romaines-munzen-und-medaillen-1971.jpg\" \/>\n\t<meta property=\"og:image:width\" content=\"1500\" \/>\n\t<meta property=\"og:image:height\" content=\"750\" \/>\n\t<meta property=\"og:image:type\" content=\"image\/jpeg\" \/>\n<meta name=\"twitter:card\" content=\"summary_large_image\" \/>\n<meta name=\"twitter:label1\" content=\"Estimated reading time\" \/>\n\t<meta name=\"twitter:data1\" content=\"1 minute\" \/>\n<script type=\"application\/ld+json\" class=\"yoast-schema-graph\">{\"@context\":\"https:\\\/\\\/schema.org\",\"@graph\":[{\"@type\":\"WebPage\",\"@id\":\"https:\\\/\\\/odysseus-numismatique.com\\\/article\\\/auktion-44-monnaies-dor-grecques-et-romaines-munzen-und-medaillen-1971\\\/\",\"url\":\"https:\\\/\\\/odysseus-numismatique.com\\\/article\\\/auktion-44-monnaies-dor-grecques-et-romaines-munzen-und-medaillen-1971\\\/\",\"name\":\"AUKTION 44 \u2022 M\u00fcnzen und Medaillen 1971 &#8226; Odysseus\",\"isPartOf\":{\"@id\":\"https:\\\/\\\/odysseus-numismatique.com\\\/#website\"},\"primaryImageOfPage\":{\"@id\":\"https:\\\/\\\/odysseus-numismatique.com\\\/article\\\/auktion-44-monnaies-dor-grecques-et-romaines-munzen-und-medaillen-1971\\\/#primaryimage\"},\"image\":{\"@id\":\"https:\\\/\\\/odysseus-numismatique.com\\\/article\\\/auktion-44-monnaies-dor-grecques-et-romaines-munzen-und-medaillen-1971\\\/#primaryimage\"},\"thumbnailUrl\":\"https:\\\/\\\/odysseus-numismatique.com\\\/wp-content\\\/uploads\\\/2019\\\/04\\\/auktion-44-monnaies-dor-grecques-et-romaines-munzen-und-medaillen-1971.jpg\",\"datePublished\":\"2019-04-03T17:27:31+00:00\",\"dateModified\":\"2025-04-02T22:15:33+00:00\",\"breadcrumb\":{\"@id\":\"https:\\\/\\\/odysseus-numismatique.com\\\/article\\\/auktion-44-monnaies-dor-grecques-et-romaines-munzen-und-medaillen-1971\\\/#breadcrumb\"},\"inLanguage\":\"en-GB\",\"potentialAction\":[{\"@type\":\"ReadAction\",\"target\":[\"https:\\\/\\\/odysseus-numismatique.com\\\/article\\\/auktion-44-monnaies-dor-grecques-et-romaines-munzen-und-medaillen-1971\\\/\"]}]},{\"@type\":\"ImageObject\",\"inLanguage\":\"en-GB\",\"@id\":\"https:\\\/\\\/odysseus-numismatique.com\\\/article\\\/auktion-44-monnaies-dor-grecques-et-romaines-munzen-und-medaillen-1971\\\/#primaryimage\",\"url\":\"https:\\\/\\\/odysseus-numismatique.com\\\/wp-content\\\/uploads\\\/2019\\\/04\\\/auktion-44-monnaies-dor-grecques-et-romaines-munzen-und-medaillen-1971.jpg\",\"contentUrl\":\"https:\\\/\\\/odysseus-numismatique.com\\\/wp-content\\\/uploads\\\/2019\\\/04\\\/auktion-44-monnaies-dor-grecques-et-romaines-munzen-und-medaillen-1971.jpg\",\"width\":1500,\"height\":750,\"caption\":\"Odysseus Numismatique Livres Catalogues de Vente Monnaies AUKTION 44 - MONNAIES D'OR GRECQUES ET ROMAINES \u2022 M\u00fcnzen und Medaillen 1971\"},{\"@type\":\"BreadcrumbList\",\"@id\":\"https:\\\/\\\/odysseus-numismatique.com\\\/article\\\/auktion-44-monnaies-dor-grecques-et-romaines-munzen-und-medaillen-1971\\\/#breadcrumb\",\"itemListElement\":[{\"@type\":\"ListItem\",\"position\":1,\"name\":\"Accueil\",\"item\":\"https:\\\/\\\/odysseus-numismatique.com\\\/\"},{\"@type\":\"ListItem\",\"position\":2,\"name\":\"Boutique\",\"item\":\"https:\\\/\\\/odysseus-numismatique.com\\\/en\\\/boutique\\\/\"},{\"@type\":\"ListItem\",\"position\":3,\"name\":\"AUKTION 44 M\u00fcnzen und Medaillen 1971\"}]},{\"@type\":\"WebSite\",\"@id\":\"https:\\\/\\\/odysseus-numismatique.com\\\/#website\",\"url\":\"https:\\\/\\\/odysseus-numismatique.com\\\/\",\"name\":\"Odysseus\",\"description\":\"Numismatique\",\"publisher\":{\"@id\":\"https:\\\/\\\/odysseus-numismatique.com\\\/#organization\"},\"potentialAction\":[{\"@type\":\"SearchAction\",\"target\":{\"@type\":\"EntryPoint\",\"urlTemplate\":\"https:\\\/\\\/odysseus-numismatique.com\\\/?s={search_term_string}\"},\"query-input\":{\"@type\":\"PropertyValueSpecification\",\"valueRequired\":true,\"valueName\":\"search_term_string\"}}],\"inLanguage\":\"en-GB\"},{\"@type\":\"Organization\",\"@id\":\"https:\\\/\\\/odysseus-numismatique.com\\\/#organization\",\"name\":\"Odysseus\",\"url\":\"https:\\\/\\\/odysseus-numismatique.com\\\/\",\"logo\":{\"@type\":\"ImageObject\",\"inLanguage\":\"en-GB\",\"@id\":\"https:\\\/\\\/odysseus-numismatique.com\\\/#\\\/schema\\\/logo\\\/image\\\/\",\"url\":\"https:\\\/\\\/odysseus-numismatique.com\\\/wp-content\\\/uploads\\\/2019\\\/04\\\/odysseus-numismatique.png\",\"contentUrl\":\"https:\\\/\\\/odysseus-numismatique.com\\\/wp-content\\\/uploads\\\/2019\\\/04\\\/odysseus-numismatique.png\",\"width\":500,\"height\":500,\"caption\":\"Odysseus\"},\"image\":{\"@id\":\"https:\\\/\\\/odysseus-numismatique.com\\\/#\\\/schema\\\/logo\\\/image\\\/\"}}]}<\/script>\n<!-- \/ Yoast SEO plugin. -->","yoast_head_json":{"title":"AUKTION 44 \u2022 M\u00fcnzen und Medaillen 1971 &#8226; Odysseus","robots":{"index":"index","follow":"follow","max-snippet":"max-snippet:-1","max-image-preview":"max-image-preview:large","max-video-preview":"max-video-preview:-1"},"canonical":"https:\/\/odysseus-numismatique.com\/en\/article\/auktion-44-monnaies-dor-grecques-et-romaines-munzen-und-medaillen-1971\/","og_locale":"en_GB","og_type":"article","og_title":"AUKTION 44 \u2022 M\u00fcnzen und Medaillen 1971 &#8226; Odysseus","og_description":"Titre complet Auktion 44 Monnaies d&rsquo;Or Grecques et Romaines Monete di Venezia Monnaies Fran\u00e7aises M\u00fcnzen der Habsburgischen Kronlande Deutsche Taler des 19. Jahrhunderts Schwedische M\u00fcnzen Numismatische Literatur Firme M\u00fcnzen und Medaillen A.G. Lieu Sch\u00fctzenhaus (Basel) Date 15-17 Juin 1971 Langue Fran\u00e7ais &#8211; Italien &#8211; Allemand Pages 103 pages + 76 planches &#8211; 1389 num\u00e9ros Caract\u00e9ristiques [&hellip;]","og_url":"https:\/\/odysseus-numismatique.com\/en\/article\/auktion-44-monnaies-dor-grecques-et-romaines-munzen-und-medaillen-1971\/","og_site_name":"Odysseus","article_modified_time":"2025-04-02T22:15:33+00:00","og_image":[{"width":1500,"height":750,"url":"https:\/\/odysseus-numismatique.com\/wp-content\/uploads\/2019\/04\/auktion-44-monnaies-dor-grecques-et-romaines-munzen-und-medaillen-1971.jpg","type":"image\/jpeg"}],"twitter_card":"summary_large_image","twitter_misc":{"Estimated reading time":"1 minute"},"schema":{"@context":"https:\/\/schema.org","@graph":[{"@type":"WebPage","@id":"https:\/\/odysseus-numismatique.com\/article\/auktion-44-monnaies-dor-grecques-et-romaines-munzen-und-medaillen-1971\/","url":"https:\/\/odysseus-numismatique.com\/article\/auktion-44-monnaies-dor-grecques-et-romaines-munzen-und-medaillen-1971\/","name":"AUKTION 44 \u2022 M\u00fcnzen und Medaillen 1971 &#8226; Odysseus","isPartOf":{"@id":"https:\/\/odysseus-numismatique.com\/#website"},"primaryImageOfPage":{"@id":"https:\/\/odysseus-numismatique.com\/article\/auktion-44-monnaies-dor-grecques-et-romaines-munzen-und-medaillen-1971\/#primaryimage"},"image":{"@id":"https:\/\/odysseus-numismatique.com\/article\/auktion-44-monnaies-dor-grecques-et-romaines-munzen-und-medaillen-1971\/#primaryimage"},"thumbnailUrl":"https:\/\/odysseus-numismatique.com\/wp-content\/uploads\/2019\/04\/auktion-44-monnaies-dor-grecques-et-romaines-munzen-und-medaillen-1971.jpg","datePublished":"2019-04-03T17:27:31+00:00","dateModified":"2025-04-02T22:15:33+00:00","breadcrumb":{"@id":"https:\/\/odysseus-numismatique.com\/article\/auktion-44-monnaies-dor-grecques-et-romaines-munzen-und-medaillen-1971\/#breadcrumb"},"inLanguage":"en-GB","potentialAction":[{"@type":"ReadAction","target":["https:\/\/odysseus-numismatique.com\/article\/auktion-44-monnaies-dor-grecques-et-romaines-munzen-und-medaillen-1971\/"]}]},{"@type":"ImageObject","inLanguage":"en-GB","@id":"https:\/\/odysseus-numismatique.com\/article\/auktion-44-monnaies-dor-grecques-et-romaines-munzen-und-medaillen-1971\/#primaryimage","url":"https:\/\/odysseus-numismatique.com\/wp-content\/uploads\/2019\/04\/auktion-44-monnaies-dor-grecques-et-romaines-munzen-und-medaillen-1971.jpg","contentUrl":"https:\/\/odysseus-numismatique.com\/wp-content\/uploads\/2019\/04\/auktion-44-monnaies-dor-grecques-et-romaines-munzen-und-medaillen-1971.jpg","width":1500,"height":750,"caption":"Odysseus Numismatique Livres Catalogues de Vente Monnaies AUKTION 44 - MONNAIES D'OR GRECQUES ET ROMAINES \u2022 M\u00fcnzen und Medaillen 1971"},{"@type":"BreadcrumbList","@id":"https:\/\/odysseus-numismatique.com\/article\/auktion-44-monnaies-dor-grecques-et-romaines-munzen-und-medaillen-1971\/#breadcrumb","itemListElement":[{"@type":"ListItem","position":1,"name":"Accueil","item":"https:\/\/odysseus-numismatique.com\/"},{"@type":"ListItem","position":2,"name":"Boutique","item":"https:\/\/odysseus-numismatique.com\/en\/boutique\/"},{"@type":"ListItem","position":3,"name":"AUKTION 44 M\u00fcnzen und Medaillen 1971"}]},{"@type":"WebSite","@id":"https:\/\/odysseus-numismatique.com\/#website","url":"https:\/\/odysseus-numismatique.com\/","name":"Odysseus","description":"Numismatics","publisher":{"@id":"https:\/\/odysseus-numismatique.com\/#organization"},"potentialAction":[{"@type":"SearchAction","target":{"@type":"EntryPoint","urlTemplate":"https:\/\/odysseus-numismatique.com\/?s={search_term_string}"},"query-input":{"@type":"PropertyValueSpecification","valueRequired":true,"valueName":"search_term_string"}}],"inLanguage":"en-GB"},{"@type":"Organization","@id":"https:\/\/odysseus-numismatique.com\/#organization","name":"Odysseus","url":"https:\/\/odysseus-numismatique.com\/","logo":{"@type":"ImageObject","inLanguage":"en-GB","@id":"https:\/\/odysseus-numismatique.com\/#\/schema\/logo\/image\/","url":"https:\/\/odysseus-numismatique.com\/wp-content\/uploads\/2019\/04\/odysseus-numismatique.png","contentUrl":"https:\/\/odysseus-numismatique.com\/wp-content\/uploads\/2019\/04\/odysseus-numismatique.png","width":500,"height":500,"caption":"Odysseus"},"image":{"@id":"https:\/\/odysseus-numismatique.com\/#\/schema\/logo\/image\/"}}]}},"_links":{"self":[{"href":"https:\/\/odysseus-numismatique.com\/en\/wp-json\/wp\/v2\/product\/2018","targetHints":{"allow":["GET"]}}],"collection":[{"href":"https:\/\/odysseus-numismatique.com\/en\/wp-json\/wp\/v2\/product"}],"about":[{"href":"https:\/\/odysseus-numismatique.com\/en\/wp-json\/wp\/v2\/types\/product"}],"wp:featuredmedia":[{"embeddable":true,"href":"https:\/\/odysseus-numismatique.com\/en\/wp-json\/wp\/v2\/media\/20730"}],"wp:attachment":[{"href":"https:\/\/odysseus-numismatique.com\/en\/wp-json\/wp\/v2\/media?parent=2018"}],"wp:term":[{"taxonomy":"product_brand","embeddable":true,"href":"https:\/\/odysseus-numismatique.com\/en\/wp-json\/wp\/v2\/product_brand?post=2018"},{"taxonomy":"product_cat","embeddable":true,"href":"https:\/\/odysseus-numismatique.com\/en\/wp-json\/wp\/v2\/product_cat?post=2018"},{"taxonomy":"product_tag","embeddable":true,"href":"https:\/\/odysseus-numismatique.com\/en\/wp-json\/wp\/v2\/product_tag?post=2018"}],"curies":[{"name":"wp","href":"https:\/\/api.w.org\/{rel}","templated":true}]}}