{"id":19782,"date":"2024-06-01T17:05:03","date_gmt":"2024-06-01T15:05:03","guid":{"rendered":"https:\/\/odysseus-numismatique.com\/?post_type=product&#038;p=19782"},"modified":"2025-03-17T23:47:46","modified_gmt":"2025-03-17T22:47:46","slug":"comaste-jaspe-vert-scarabee-phenicien","status":"publish","type":"product","link":"https:\/\/odysseus-numismatique.com\/en\/article\/comaste-jaspe-vert-scarabee-phenicien\/","title":{"rendered":"KOMAST \u2013 GREEN JASPER <br \/> Phoenician Scarab"},"content":{"rendered":"<style>\n.tableproduct {border-collapse:none}\n.tableproduct td {border:none!important; padding:10px}\n.tableproduct .odd td {background-color:#424242}\n.tableproduct .even td {background-color:#3a3a3a}\n.tableproduct .column-1 {text-transform:uppercase; font-weight:bold; font-size:0.75em; width:20%}\n.tableproduct .column-2 {font-size:1em}\n<\/style>\n<table class=\"tableproduct\">\n<tr class=\"row-1 odd\">\n<td class=\"column-1\">Description<\/td>\n<td class=\"column-2\">Sc\u00e8ne de komos, comaste nu dansant \u00e0 gauche, la t\u00eate tourn\u00e9e \u00e0 droite, chlamyde sur les \u00e9paules, b\u00e2ton sous le genou, feuille de lierre \u00e0 droite<\/td>\n<\/tr>\n<tr class=\"row-2 even\">\n<td class=\"column-1\">Period<\/td>\n<td class=\"column-2\">5th century BC<\/td>\n<\/tr>\n<tr class=\"row-3 odd\">\n<td class=\"column-1\">Gemstone<\/td>\n<td class=\"column-2\">Green Jasper<\/td>\n<\/tr>\n<tr class=\"row-4 even\">\n<td class=\"column-1\">Dimensions<\/td>\n<td class=\"column-2\">13.4 x 10.4 mm<br \/>\nThickness : 7.6 mm<\/td>\n<\/tr>\n<tr class=\"row-5 odd\">\n<td class=\"column-1\">Reference<\/td>\n<td class=\"column-2\">Boardman 30\/X5-X6 (cf. 30\/4 for the ivy leaf)<\/td>\n<\/tr>\n<\/table>","protected":false},"excerpt":{"rendered":"<p>Description Sc\u00e8ne de komos, comaste nu dansant \u00e0 gauche, la t\u00eate tourn\u00e9e \u00e0 droite, chlamyde sur les \u00e9paules, b\u00e2ton sous le genou, feuille de lierre \u00e0 droite P\u00e9riode Ve si\u00e8cle av. J.-C. Pierre Jaspe Vert Dimensions 13.4 x 10.4 mm \u00c9paisseur : 7.6 mm R\u00e9f\u00e9rence Boardman 30\/X5-X6 (cf. 30\/4 pour la feuille de lierre)<\/p>","protected":false},"featured_media":19859,"template":"","meta":[],"product_brand":[],"product_cat":[296],"product_tag":[392,181],"class_list":{"0":"post-19782","1":"product","2":"type-product","3":"status-publish","4":"has-post-thumbnail","6":"product_cat-archives-glyptique","7":"product_tag-glyptique","8":"product_tag-intailles-camees","9":"pa_pierre-jaspe-vert","11":"first","12":"outofstock","13":"sold-individually","14":"shipping-taxable","15":"purchasable","16":"product-type-simple"},"yoast_head":"<!-- This site is optimized with the Yoast SEO plugin v27.5 - https:\/\/yoast.com\/product\/yoast-seo-wordpress\/ -->\n<title>COMASTE - JASPE VERT \u2022 Scarab\u00e9e Ph\u00e9nicien &#8226; Odysseus<\/title>\n<meta name=\"robots\" content=\"index, follow, max-snippet:-1, max-image-preview:large, max-video-preview:-1\" \/>\n<link rel=\"canonical\" href=\"https:\/\/odysseus-numismatique.com\/en\/article\/comaste-jaspe-vert-scarabee-phenicien\/\" \/>\n<meta property=\"og:locale\" content=\"en_GB\" \/>\n<meta property=\"og:type\" content=\"article\" \/>\n<meta property=\"og:title\" content=\"COMASTE - JASPE VERT \u2022 Scarab\u00e9e Ph\u00e9nicien &#8226; Odysseus\" \/>\n<meta property=\"og:description\" content=\"Description Sc\u00e8ne de komos, comaste nu dansant \u00e0 gauche, la t\u00eate tourn\u00e9e \u00e0 droite, chlamyde sur les \u00e9paules, b\u00e2ton sous le genou, feuille de lierre \u00e0 droite P\u00e9riode Ve si\u00e8cle av. J.-C. Pierre Jaspe Vert Dimensions 13.4 x 10.4 mm \u00c9paisseur : 7.6 mm R\u00e9f\u00e9rence Boardman 30\/X5-X6 (cf. 30\/4 pour la feuille de lierre)\" \/>\n<meta property=\"og:url\" content=\"https:\/\/odysseus-numismatique.com\/en\/article\/comaste-jaspe-vert-scarabee-phenicien\/\" \/>\n<meta property=\"og:site_name\" content=\"Odysseus\" \/>\n<meta property=\"article:modified_time\" content=\"2025-03-17T22:47:46+00:00\" \/>\n<meta property=\"og:image\" content=\"https:\/\/odysseus-numismatique.com\/wp-content\/uploads\/2024\/06\/comaste-jaspe-vert-scarabee-phenicien.jpg\" \/>\n\t<meta property=\"og:image:width\" content=\"1500\" \/>\n\t<meta property=\"og:image:height\" content=\"750\" \/>\n\t<meta property=\"og:image:type\" content=\"image\/jpeg\" \/>\n<meta name=\"twitter:card\" content=\"summary_large_image\" \/>\n<meta name=\"twitter:label1\" content=\"Estimated reading time\" \/>\n\t<meta name=\"twitter:data1\" content=\"1 minute\" \/>\n<script type=\"application\/ld+json\" class=\"yoast-schema-graph\">{\"@context\":\"https:\\\/\\\/schema.org\",\"@graph\":[{\"@type\":\"WebPage\",\"@id\":\"https:\\\/\\\/odysseus-numismatique.com\\\/article\\\/comaste-jaspe-vert-scarabee-phenicien\\\/\",\"url\":\"https:\\\/\\\/odysseus-numismatique.com\\\/article\\\/comaste-jaspe-vert-scarabee-phenicien\\\/\",\"name\":\"COMASTE - JASPE VERT \u2022 Scarab\u00e9e Ph\u00e9nicien &#8226; Odysseus\",\"isPartOf\":{\"@id\":\"https:\\\/\\\/odysseus-numismatique.com\\\/#website\"},\"primaryImageOfPage\":{\"@id\":\"https:\\\/\\\/odysseus-numismatique.com\\\/article\\\/comaste-jaspe-vert-scarabee-phenicien\\\/#primaryimage\"},\"image\":{\"@id\":\"https:\\\/\\\/odysseus-numismatique.com\\\/article\\\/comaste-jaspe-vert-scarabee-phenicien\\\/#primaryimage\"},\"thumbnailUrl\":\"https:\\\/\\\/odysseus-numismatique.com\\\/wp-content\\\/uploads\\\/2024\\\/06\\\/comaste-jaspe-vert-scarabee-phenicien.jpg\",\"datePublished\":\"2024-06-01T15:05:03+00:00\",\"dateModified\":\"2025-03-17T22:47:46+00:00\",\"breadcrumb\":{\"@id\":\"https:\\\/\\\/odysseus-numismatique.com\\\/article\\\/comaste-jaspe-vert-scarabee-phenicien\\\/#breadcrumb\"},\"inLanguage\":\"en-GB\",\"potentialAction\":[{\"@type\":\"ReadAction\",\"target\":[\"https:\\\/\\\/odysseus-numismatique.com\\\/article\\\/comaste-jaspe-vert-scarabee-phenicien\\\/\"]}]},{\"@type\":\"ImageObject\",\"inLanguage\":\"en-GB\",\"@id\":\"https:\\\/\\\/odysseus-numismatique.com\\\/article\\\/comaste-jaspe-vert-scarabee-phenicien\\\/#primaryimage\",\"url\":\"https:\\\/\\\/odysseus-numismatique.com\\\/wp-content\\\/uploads\\\/2024\\\/06\\\/comaste-jaspe-vert-scarabee-phenicien.jpg\",\"contentUrl\":\"https:\\\/\\\/odysseus-numismatique.com\\\/wp-content\\\/uploads\\\/2024\\\/06\\\/comaste-jaspe-vert-scarabee-phenicien.jpg\",\"width\":1500,\"height\":750,\"caption\":\"Odysseus Numismatique Glyptique Pierres Grav\u00e9es COMASTE - JASPE VERT \u2022 Scarab\u00e9e Ph\u00e9nicien\"},{\"@type\":\"BreadcrumbList\",\"@id\":\"https:\\\/\\\/odysseus-numismatique.com\\\/article\\\/comaste-jaspe-vert-scarabee-phenicien\\\/#breadcrumb\",\"itemListElement\":[{\"@type\":\"ListItem\",\"position\":1,\"name\":\"Accueil\",\"item\":\"https:\\\/\\\/odysseus-numismatique.com\\\/\"},{\"@type\":\"ListItem\",\"position\":2,\"name\":\"Boutique\",\"item\":\"https:\\\/\\\/odysseus-numismatique.com\\\/en\\\/boutique\\\/\"},{\"@type\":\"ListItem\",\"position\":3,\"name\":\"COMASTE &#8211; JASPE VERT Scarab\u00e9e Ph\u00e9nicien\"}]},{\"@type\":\"WebSite\",\"@id\":\"https:\\\/\\\/odysseus-numismatique.com\\\/#website\",\"url\":\"https:\\\/\\\/odysseus-numismatique.com\\\/\",\"name\":\"Odysseus\",\"description\":\"Numismatique\",\"publisher\":{\"@id\":\"https:\\\/\\\/odysseus-numismatique.com\\\/#organization\"},\"potentialAction\":[{\"@type\":\"SearchAction\",\"target\":{\"@type\":\"EntryPoint\",\"urlTemplate\":\"https:\\\/\\\/odysseus-numismatique.com\\\/?s={search_term_string}\"},\"query-input\":{\"@type\":\"PropertyValueSpecification\",\"valueRequired\":true,\"valueName\":\"search_term_string\"}}],\"inLanguage\":\"en-GB\"},{\"@type\":\"Organization\",\"@id\":\"https:\\\/\\\/odysseus-numismatique.com\\\/#organization\",\"name\":\"Odysseus\",\"url\":\"https:\\\/\\\/odysseus-numismatique.com\\\/\",\"logo\":{\"@type\":\"ImageObject\",\"inLanguage\":\"en-GB\",\"@id\":\"https:\\\/\\\/odysseus-numismatique.com\\\/#\\\/schema\\\/logo\\\/image\\\/\",\"url\":\"https:\\\/\\\/odysseus-numismatique.com\\\/wp-content\\\/uploads\\\/2019\\\/04\\\/odysseus-numismatique.png\",\"contentUrl\":\"https:\\\/\\\/odysseus-numismatique.com\\\/wp-content\\\/uploads\\\/2019\\\/04\\\/odysseus-numismatique.png\",\"width\":500,\"height\":500,\"caption\":\"Odysseus\"},\"image\":{\"@id\":\"https:\\\/\\\/odysseus-numismatique.com\\\/#\\\/schema\\\/logo\\\/image\\\/\"}}]}<\/script>\n<!-- \/ Yoast SEO plugin. -->","yoast_head_json":{"title":"COMASTE - JASPE VERT \u2022 Scarab\u00e9e Ph\u00e9nicien &#8226; Odysseus","robots":{"index":"index","follow":"follow","max-snippet":"max-snippet:-1","max-image-preview":"max-image-preview:large","max-video-preview":"max-video-preview:-1"},"canonical":"https:\/\/odysseus-numismatique.com\/en\/article\/comaste-jaspe-vert-scarabee-phenicien\/","og_locale":"en_GB","og_type":"article","og_title":"COMASTE - JASPE VERT \u2022 Scarab\u00e9e Ph\u00e9nicien &#8226; Odysseus","og_description":"Description Sc\u00e8ne de komos, comaste nu dansant \u00e0 gauche, la t\u00eate tourn\u00e9e \u00e0 droite, chlamyde sur les \u00e9paules, b\u00e2ton sous le genou, feuille de lierre \u00e0 droite P\u00e9riode Ve si\u00e8cle av. J.-C. Pierre Jaspe Vert Dimensions 13.4 x 10.4 mm \u00c9paisseur : 7.6 mm R\u00e9f\u00e9rence Boardman 30\/X5-X6 (cf. 30\/4 pour la feuille de lierre)","og_url":"https:\/\/odysseus-numismatique.com\/en\/article\/comaste-jaspe-vert-scarabee-phenicien\/","og_site_name":"Odysseus","article_modified_time":"2025-03-17T22:47:46+00:00","og_image":[{"width":1500,"height":750,"url":"https:\/\/odysseus-numismatique.com\/wp-content\/uploads\/2024\/06\/comaste-jaspe-vert-scarabee-phenicien.jpg","type":"image\/jpeg"}],"twitter_card":"summary_large_image","twitter_misc":{"Estimated reading time":"1 minute"},"schema":{"@context":"https:\/\/schema.org","@graph":[{"@type":"WebPage","@id":"https:\/\/odysseus-numismatique.com\/article\/comaste-jaspe-vert-scarabee-phenicien\/","url":"https:\/\/odysseus-numismatique.com\/article\/comaste-jaspe-vert-scarabee-phenicien\/","name":"COMASTE - JASPE VERT \u2022 Scarab\u00e9e Ph\u00e9nicien &#8226; Odysseus","isPartOf":{"@id":"https:\/\/odysseus-numismatique.com\/#website"},"primaryImageOfPage":{"@id":"https:\/\/odysseus-numismatique.com\/article\/comaste-jaspe-vert-scarabee-phenicien\/#primaryimage"},"image":{"@id":"https:\/\/odysseus-numismatique.com\/article\/comaste-jaspe-vert-scarabee-phenicien\/#primaryimage"},"thumbnailUrl":"https:\/\/odysseus-numismatique.com\/wp-content\/uploads\/2024\/06\/comaste-jaspe-vert-scarabee-phenicien.jpg","datePublished":"2024-06-01T15:05:03+00:00","dateModified":"2025-03-17T22:47:46+00:00","breadcrumb":{"@id":"https:\/\/odysseus-numismatique.com\/article\/comaste-jaspe-vert-scarabee-phenicien\/#breadcrumb"},"inLanguage":"en-GB","potentialAction":[{"@type":"ReadAction","target":["https:\/\/odysseus-numismatique.com\/article\/comaste-jaspe-vert-scarabee-phenicien\/"]}]},{"@type":"ImageObject","inLanguage":"en-GB","@id":"https:\/\/odysseus-numismatique.com\/article\/comaste-jaspe-vert-scarabee-phenicien\/#primaryimage","url":"https:\/\/odysseus-numismatique.com\/wp-content\/uploads\/2024\/06\/comaste-jaspe-vert-scarabee-phenicien.jpg","contentUrl":"https:\/\/odysseus-numismatique.com\/wp-content\/uploads\/2024\/06\/comaste-jaspe-vert-scarabee-phenicien.jpg","width":1500,"height":750,"caption":"Odysseus Numismatique Glyptique Pierres Grav\u00e9es COMASTE - JASPE VERT \u2022 Scarab\u00e9e Ph\u00e9nicien"},{"@type":"BreadcrumbList","@id":"https:\/\/odysseus-numismatique.com\/article\/comaste-jaspe-vert-scarabee-phenicien\/#breadcrumb","itemListElement":[{"@type":"ListItem","position":1,"name":"Accueil","item":"https:\/\/odysseus-numismatique.com\/"},{"@type":"ListItem","position":2,"name":"Boutique","item":"https:\/\/odysseus-numismatique.com\/en\/boutique\/"},{"@type":"ListItem","position":3,"name":"COMASTE &#8211; JASPE VERT Scarab\u00e9e Ph\u00e9nicien"}]},{"@type":"WebSite","@id":"https:\/\/odysseus-numismatique.com\/#website","url":"https:\/\/odysseus-numismatique.com\/","name":"Odysseus","description":"Numismatics","publisher":{"@id":"https:\/\/odysseus-numismatique.com\/#organization"},"potentialAction":[{"@type":"SearchAction","target":{"@type":"EntryPoint","urlTemplate":"https:\/\/odysseus-numismatique.com\/?s={search_term_string}"},"query-input":{"@type":"PropertyValueSpecification","valueRequired":true,"valueName":"search_term_string"}}],"inLanguage":"en-GB"},{"@type":"Organization","@id":"https:\/\/odysseus-numismatique.com\/#organization","name":"Odysseus","url":"https:\/\/odysseus-numismatique.com\/","logo":{"@type":"ImageObject","inLanguage":"en-GB","@id":"https:\/\/odysseus-numismatique.com\/#\/schema\/logo\/image\/","url":"https:\/\/odysseus-numismatique.com\/wp-content\/uploads\/2019\/04\/odysseus-numismatique.png","contentUrl":"https:\/\/odysseus-numismatique.com\/wp-content\/uploads\/2019\/04\/odysseus-numismatique.png","width":500,"height":500,"caption":"Odysseus"},"image":{"@id":"https:\/\/odysseus-numismatique.com\/#\/schema\/logo\/image\/"}}]}},"_links":{"self":[{"href":"https:\/\/odysseus-numismatique.com\/en\/wp-json\/wp\/v2\/product\/19782","targetHints":{"allow":["GET"]}}],"collection":[{"href":"https:\/\/odysseus-numismatique.com\/en\/wp-json\/wp\/v2\/product"}],"about":[{"href":"https:\/\/odysseus-numismatique.com\/en\/wp-json\/wp\/v2\/types\/product"}],"wp:featuredmedia":[{"embeddable":true,"href":"https:\/\/odysseus-numismatique.com\/en\/wp-json\/wp\/v2\/media\/19859"}],"wp:attachment":[{"href":"https:\/\/odysseus-numismatique.com\/en\/wp-json\/wp\/v2\/media?parent=19782"}],"wp:term":[{"taxonomy":"product_brand","embeddable":true,"href":"https:\/\/odysseus-numismatique.com\/en\/wp-json\/wp\/v2\/product_brand?post=19782"},{"taxonomy":"product_cat","embeddable":true,"href":"https:\/\/odysseus-numismatique.com\/en\/wp-json\/wp\/v2\/product_cat?post=19782"},{"taxonomy":"product_tag","embeddable":true,"href":"https:\/\/odysseus-numismatique.com\/en\/wp-json\/wp\/v2\/product_tag?post=19782"}],"curies":[{"name":"wp","href":"https:\/\/api.w.org\/{rel}","templated":true}]}}