{"id":19766,"date":"2024-06-01T17:23:03","date_gmt":"2024-06-01T15:23:03","guid":{"rendered":"https:\/\/odysseus-numismatique.com\/?post_type=product&#038;p=19766"},"modified":"2025-03-17T23:52:56","modified_gmt":"2025-03-17T22:52:56","slug":"danishmendides-malik-muhammad-fals","status":"publish","type":"product","link":"https:\/\/odysseus-numismatique.com\/en\/article\/danishmendides-malik-muhammad-fals\/","title":{"rendered":"DANISHMENDIDS \u2013 MALIK MUHAMMAD <br \/> Fals"},"content":{"rendered":"<style>\n.tableproduct {border-collapse:none}\n.tableproduct td {border:none!important; padding:10px}\n.tableproduct .odd td {background-color:#424242}\n.tableproduct .even td {background-color:#3a3a3a}\n.tableproduct .column-1 {text-transform:uppercase; font-weight:bold; font-size:0.75em; width:20%}\n.tableproduct .column-2 {font-size:1em}\n<\/style>\n<table class=\"tableproduct\">\n<tr class=\"row-1 odd\">\n<td class=\"column-1\">Obverse<\/td>\n<td class=\"column-2\">\u039f\u039c\u039c\u0395 \u0391\u0397\u039a\u0399\u03f9\u03a0 \u0391\u03f9\u0397\u03f9 \u03a1\u2cb0\u039c\u0391\u039d\u0399\u0391\u03f9<\/td>\n<\/tr>\n<tr class=\"row-2 even\">\n<td class=\"column-1\">Reverse<\/td>\n<td class=\"column-2\">\u039a\u0391\u0399 \u0391\u039d\u0391\u03a4\u039f\u039b\u0397\u03f9 \u039c\u0391\u03a7\u0391\u039c\u0391\u03a4\u0399\u03f9<\/td>\n<\/tr>\n<tr class=\"row-3 odd\">\n<td class=\"column-1\">Denomination<\/td>\n<td class=\"column-2\">Fals<\/td>\n<\/tr>\n<tr class=\"row-4 even\">\n<td class=\"column-1\">Date<\/td>\n<td class=\"column-2\">AH 528-536 = AD 1134-1142<\/td>\n<\/tr>\n<tr class=\"row-5 odd\">\n<td class=\"column-1\">Mint<\/td>\n<td class=\"column-2\">Sivas (?)<\/td>\n<\/tr>\n<tr class=\"row-6 even\">\n<td class=\"column-1\">Metal<\/td>\n<td class=\"column-2\">Bronze<\/td>\n<\/tr>\n<tr class=\"row-7 odd\">\n<td class=\"column-1\">Weight<\/td>\n<td class=\"column-2\">5.08 g<\/td>\n<\/tr>\n<tr class=\"row-8 even\">\n<td class=\"column-1\">Diameter<\/td>\n<td class=\"column-2\">25 mm<\/td>\n<\/tr>\n<tr class=\"row-9 odd\">\n<td class=\"column-1\">Reference<\/td>\n<td class=\"column-2\">Album 1238 &#8211; Whelan Type A<\/td>\n<\/tr>\n<tr class=\"row-10 even\">\n<td class=\"column-1\">Condition<\/td>\n<td class=\"column-2\">VF<\/td>\n<\/tr>\n<\/table>","protected":false},"excerpt":{"rendered":"<p>Avers \u039f\u039c\u039c\u0395 \u0391\u0397\u039a\u0399\u03f9\u03a0 \u0391\u03f9\u0397\u03f9 \u03a1\u2cb0\u039c\u0391\u039d\u0399\u0391\u03f9 Revers \u039a\u0391\u0399 \u0391\u039d\u0391\u03a4\u039f\u039b\u0397\u03f9 \u039c\u0391\u03a7\u0391\u039c\u0391\u03a4\u0399\u03f9 Module Fals Date AH 528-536 = 1134-1142 ap. J.-C. Atelier Sivas (?) M\u00e9tal Bronze Poids 5.08 g Diam\u00e8tre 25 mm R\u00e9f\u00e9rence Album 1238 &#8211; Whelan Type A \u00c9tat TTB<\/p>","protected":false},"featured_media":19767,"template":"","meta":[],"product_brand":[],"product_cat":[15],"product_tag":[253,394],"class_list":{"0":"post-19766","1":"product","2":"type-product","3":"status-publish","4":"has-post-thumbnail","6":"product_cat-vendus","7":"product_tag-monnaies-islamiques","8":"product_tag-numismatique","9":"pa_metal-bronze","10":"pa_module-fals","12":"first","13":"outofstock","14":"sold-individually","15":"shipping-taxable","16":"purchasable","17":"product-type-simple"},"yoast_head":"<!-- This site is optimized with the Yoast SEO plugin v27.2 - https:\/\/yoast.com\/product\/yoast-seo-wordpress\/ -->\n<title>DANISHMENDIDES - MALIK MUHAMMAD \u2022 Fals &#8226; Odysseus<\/title>\n<meta name=\"robots\" content=\"index, follow, max-snippet:-1, max-image-preview:large, max-video-preview:-1\" \/>\n<link rel=\"canonical\" href=\"https:\/\/odysseus-numismatique.com\/en\/article\/danishmendides-malik-muhammad-fals\/\" \/>\n<meta property=\"og:locale\" content=\"en_GB\" \/>\n<meta property=\"og:type\" content=\"article\" \/>\n<meta property=\"og:title\" content=\"DANISHMENDIDES - MALIK MUHAMMAD \u2022 Fals &#8226; Odysseus\" \/>\n<meta property=\"og:description\" content=\"Avers \u039f\u039c\u039c\u0395 \u0391\u0397\u039a\u0399\u03f9\u03a0 \u0391\u03f9\u0397\u03f9 \u03a1\u2cb0\u039c\u0391\u039d\u0399\u0391\u03f9 Revers \u039a\u0391\u0399 \u0391\u039d\u0391\u03a4\u039f\u039b\u0397\u03f9 \u039c\u0391\u03a7\u0391\u039c\u0391\u03a4\u0399\u03f9 Module Fals Date AH 528-536 = 1134-1142 ap. J.-C. Atelier Sivas (?) M\u00e9tal Bronze Poids 5.08 g Diam\u00e8tre 25 mm R\u00e9f\u00e9rence Album 1238 &#8211; Whelan Type A \u00c9tat TTB\" \/>\n<meta property=\"og:url\" content=\"https:\/\/odysseus-numismatique.com\/en\/article\/danishmendides-malik-muhammad-fals\/\" \/>\n<meta property=\"og:site_name\" content=\"Odysseus\" \/>\n<meta property=\"article:modified_time\" content=\"2025-03-17T22:52:56+00:00\" \/>\n<meta property=\"og:image\" content=\"https:\/\/odysseus-numismatique.com\/wp-content\/uploads\/2024\/05\/danishmendides-malik-muhammad-fals.jpg\" \/>\n\t<meta property=\"og:image:width\" content=\"1500\" \/>\n\t<meta property=\"og:image:height\" content=\"750\" \/>\n\t<meta property=\"og:image:type\" content=\"image\/jpeg\" \/>\n<meta name=\"twitter:card\" content=\"summary_large_image\" \/>\n<meta name=\"twitter:label1\" content=\"Estimated reading time\" \/>\n\t<meta name=\"twitter:data1\" content=\"1 minute\" \/>\n<script type=\"application\/ld+json\" class=\"yoast-schema-graph\">{\"@context\":\"https:\/\/schema.org\",\"@graph\":[{\"@type\":\"WebPage\",\"@id\":\"https:\/\/odysseus-numismatique.com\/article\/danishmendides-malik-muhammad-fals\/\",\"url\":\"https:\/\/odysseus-numismatique.com\/article\/danishmendides-malik-muhammad-fals\/\",\"name\":\"DANISHMENDIDES - MALIK MUHAMMAD \u2022 Fals &#8226; Odysseus\",\"isPartOf\":{\"@id\":\"https:\/\/odysseus-numismatique.com\/#website\"},\"primaryImageOfPage\":{\"@id\":\"https:\/\/odysseus-numismatique.com\/article\/danishmendides-malik-muhammad-fals\/#primaryimage\"},\"image\":{\"@id\":\"https:\/\/odysseus-numismatique.com\/article\/danishmendides-malik-muhammad-fals\/#primaryimage\"},\"thumbnailUrl\":\"https:\/\/odysseus-numismatique.com\/wp-content\/uploads\/2024\/05\/danishmendides-malik-muhammad-fals.jpg\",\"datePublished\":\"2024-06-01T15:23:03+00:00\",\"dateModified\":\"2025-03-17T22:52:56+00:00\",\"breadcrumb\":{\"@id\":\"https:\/\/odysseus-numismatique.com\/article\/danishmendides-malik-muhammad-fals\/#breadcrumb\"},\"inLanguage\":\"en-GB\",\"potentialAction\":[{\"@type\":\"ReadAction\",\"target\":[\"https:\/\/odysseus-numismatique.com\/article\/danishmendides-malik-muhammad-fals\/\"]}]},{\"@type\":\"ImageObject\",\"inLanguage\":\"en-GB\",\"@id\":\"https:\/\/odysseus-numismatique.com\/article\/danishmendides-malik-muhammad-fals\/#primaryimage\",\"url\":\"https:\/\/odysseus-numismatique.com\/wp-content\/uploads\/2024\/05\/danishmendides-malik-muhammad-fals.jpg\",\"contentUrl\":\"https:\/\/odysseus-numismatique.com\/wp-content\/uploads\/2024\/05\/danishmendides-malik-muhammad-fals.jpg\",\"width\":1500,\"height\":750,\"caption\":\"Odysseus Numismatique Monnaies Islamiques DANISHMENDIDES - MALIK MUHAMMAD \u2022 Fals\"},{\"@type\":\"BreadcrumbList\",\"@id\":\"https:\/\/odysseus-numismatique.com\/article\/danishmendides-malik-muhammad-fals\/#breadcrumb\",\"itemListElement\":[{\"@type\":\"ListItem\",\"position\":1,\"name\":\"Accueil\",\"item\":\"https:\/\/odysseus-numismatique.com\/\"},{\"@type\":\"ListItem\",\"position\":2,\"name\":\"Boutique\",\"item\":\"https:\/\/odysseus-numismatique.com\/en\/boutique\/\"},{\"@type\":\"ListItem\",\"position\":3,\"name\":\"DANISHMENDIDES &#8211; MALIK MUHAMMAD Fals\"}]},{\"@type\":\"WebSite\",\"@id\":\"https:\/\/odysseus-numismatique.com\/#website\",\"url\":\"https:\/\/odysseus-numismatique.com\/\",\"name\":\"Odysseus\",\"description\":\"Numismatique\",\"publisher\":{\"@id\":\"https:\/\/odysseus-numismatique.com\/#organization\"},\"potentialAction\":[{\"@type\":\"SearchAction\",\"target\":{\"@type\":\"EntryPoint\",\"urlTemplate\":\"https:\/\/odysseus-numismatique.com\/?s={search_term_string}\"},\"query-input\":{\"@type\":\"PropertyValueSpecification\",\"valueRequired\":true,\"valueName\":\"search_term_string\"}}],\"inLanguage\":\"en-GB\"},{\"@type\":\"Organization\",\"@id\":\"https:\/\/odysseus-numismatique.com\/#organization\",\"name\":\"Odysseus\",\"url\":\"https:\/\/odysseus-numismatique.com\/\",\"logo\":{\"@type\":\"ImageObject\",\"inLanguage\":\"en-GB\",\"@id\":\"https:\/\/odysseus-numismatique.com\/#\/schema\/logo\/image\/\",\"url\":\"https:\/\/odysseus-numismatique.com\/wp-content\/uploads\/2019\/04\/odysseus-numismatique.png\",\"contentUrl\":\"https:\/\/odysseus-numismatique.com\/wp-content\/uploads\/2019\/04\/odysseus-numismatique.png\",\"width\":500,\"height\":500,\"caption\":\"Odysseus\"},\"image\":{\"@id\":\"https:\/\/odysseus-numismatique.com\/#\/schema\/logo\/image\/\"}}]}<\/script>\n<!-- \/ Yoast SEO plugin. -->","yoast_head_json":{"title":"DANISHMENDIDES - MALIK MUHAMMAD \u2022 Fals &#8226; Odysseus","robots":{"index":"index","follow":"follow","max-snippet":"max-snippet:-1","max-image-preview":"max-image-preview:large","max-video-preview":"max-video-preview:-1"},"canonical":"https:\/\/odysseus-numismatique.com\/en\/article\/danishmendides-malik-muhammad-fals\/","og_locale":"en_GB","og_type":"article","og_title":"DANISHMENDIDES - MALIK MUHAMMAD \u2022 Fals &#8226; Odysseus","og_description":"Avers \u039f\u039c\u039c\u0395 \u0391\u0397\u039a\u0399\u03f9\u03a0 \u0391\u03f9\u0397\u03f9 \u03a1\u2cb0\u039c\u0391\u039d\u0399\u0391\u03f9 Revers \u039a\u0391\u0399 \u0391\u039d\u0391\u03a4\u039f\u039b\u0397\u03f9 \u039c\u0391\u03a7\u0391\u039c\u0391\u03a4\u0399\u03f9 Module Fals Date AH 528-536 = 1134-1142 ap. J.-C. Atelier Sivas (?) M\u00e9tal Bronze Poids 5.08 g Diam\u00e8tre 25 mm R\u00e9f\u00e9rence Album 1238 &#8211; Whelan Type A \u00c9tat TTB","og_url":"https:\/\/odysseus-numismatique.com\/en\/article\/danishmendides-malik-muhammad-fals\/","og_site_name":"Odysseus","article_modified_time":"2025-03-17T22:52:56+00:00","og_image":[{"width":1500,"height":750,"url":"https:\/\/odysseus-numismatique.com\/wp-content\/uploads\/2024\/05\/danishmendides-malik-muhammad-fals.jpg","type":"image\/jpeg"}],"twitter_card":"summary_large_image","twitter_misc":{"Estimated reading time":"1 minute"},"schema":{"@context":"https:\/\/schema.org","@graph":[{"@type":"WebPage","@id":"https:\/\/odysseus-numismatique.com\/article\/danishmendides-malik-muhammad-fals\/","url":"https:\/\/odysseus-numismatique.com\/article\/danishmendides-malik-muhammad-fals\/","name":"DANISHMENDIDES - MALIK MUHAMMAD \u2022 Fals &#8226; Odysseus","isPartOf":{"@id":"https:\/\/odysseus-numismatique.com\/#website"},"primaryImageOfPage":{"@id":"https:\/\/odysseus-numismatique.com\/article\/danishmendides-malik-muhammad-fals\/#primaryimage"},"image":{"@id":"https:\/\/odysseus-numismatique.com\/article\/danishmendides-malik-muhammad-fals\/#primaryimage"},"thumbnailUrl":"https:\/\/odysseus-numismatique.com\/wp-content\/uploads\/2024\/05\/danishmendides-malik-muhammad-fals.jpg","datePublished":"2024-06-01T15:23:03+00:00","dateModified":"2025-03-17T22:52:56+00:00","breadcrumb":{"@id":"https:\/\/odysseus-numismatique.com\/article\/danishmendides-malik-muhammad-fals\/#breadcrumb"},"inLanguage":"en-GB","potentialAction":[{"@type":"ReadAction","target":["https:\/\/odysseus-numismatique.com\/article\/danishmendides-malik-muhammad-fals\/"]}]},{"@type":"ImageObject","inLanguage":"en-GB","@id":"https:\/\/odysseus-numismatique.com\/article\/danishmendides-malik-muhammad-fals\/#primaryimage","url":"https:\/\/odysseus-numismatique.com\/wp-content\/uploads\/2024\/05\/danishmendides-malik-muhammad-fals.jpg","contentUrl":"https:\/\/odysseus-numismatique.com\/wp-content\/uploads\/2024\/05\/danishmendides-malik-muhammad-fals.jpg","width":1500,"height":750,"caption":"Odysseus Numismatique Monnaies Islamiques DANISHMENDIDES - MALIK MUHAMMAD \u2022 Fals"},{"@type":"BreadcrumbList","@id":"https:\/\/odysseus-numismatique.com\/article\/danishmendides-malik-muhammad-fals\/#breadcrumb","itemListElement":[{"@type":"ListItem","position":1,"name":"Accueil","item":"https:\/\/odysseus-numismatique.com\/"},{"@type":"ListItem","position":2,"name":"Boutique","item":"https:\/\/odysseus-numismatique.com\/en\/boutique\/"},{"@type":"ListItem","position":3,"name":"DANISHMENDIDES &#8211; MALIK MUHAMMAD Fals"}]},{"@type":"WebSite","@id":"https:\/\/odysseus-numismatique.com\/#website","url":"https:\/\/odysseus-numismatique.com\/","name":"Odysseus","description":"Numismatics","publisher":{"@id":"https:\/\/odysseus-numismatique.com\/#organization"},"potentialAction":[{"@type":"SearchAction","target":{"@type":"EntryPoint","urlTemplate":"https:\/\/odysseus-numismatique.com\/?s={search_term_string}"},"query-input":{"@type":"PropertyValueSpecification","valueRequired":true,"valueName":"search_term_string"}}],"inLanguage":"en-GB"},{"@type":"Organization","@id":"https:\/\/odysseus-numismatique.com\/#organization","name":"Odysseus","url":"https:\/\/odysseus-numismatique.com\/","logo":{"@type":"ImageObject","inLanguage":"en-GB","@id":"https:\/\/odysseus-numismatique.com\/#\/schema\/logo\/image\/","url":"https:\/\/odysseus-numismatique.com\/wp-content\/uploads\/2019\/04\/odysseus-numismatique.png","contentUrl":"https:\/\/odysseus-numismatique.com\/wp-content\/uploads\/2019\/04\/odysseus-numismatique.png","width":500,"height":500,"caption":"Odysseus"},"image":{"@id":"https:\/\/odysseus-numismatique.com\/#\/schema\/logo\/image\/"}}]}},"_links":{"self":[{"href":"https:\/\/odysseus-numismatique.com\/en\/wp-json\/wp\/v2\/product\/19766","targetHints":{"allow":["GET"]}}],"collection":[{"href":"https:\/\/odysseus-numismatique.com\/en\/wp-json\/wp\/v2\/product"}],"about":[{"href":"https:\/\/odysseus-numismatique.com\/en\/wp-json\/wp\/v2\/types\/product"}],"wp:featuredmedia":[{"embeddable":true,"href":"https:\/\/odysseus-numismatique.com\/en\/wp-json\/wp\/v2\/media\/19767"}],"wp:attachment":[{"href":"https:\/\/odysseus-numismatique.com\/en\/wp-json\/wp\/v2\/media?parent=19766"}],"wp:term":[{"taxonomy":"product_brand","embeddable":true,"href":"https:\/\/odysseus-numismatique.com\/en\/wp-json\/wp\/v2\/product_brand?post=19766"},{"taxonomy":"product_cat","embeddable":true,"href":"https:\/\/odysseus-numismatique.com\/en\/wp-json\/wp\/v2\/product_cat?post=19766"},{"taxonomy":"product_tag","embeddable":true,"href":"https:\/\/odysseus-numismatique.com\/en\/wp-json\/wp\/v2\/product_tag?post=19766"}],"curies":[{"name":"wp","href":"https:\/\/api.w.org\/{rel}","templated":true}]}}