{"id":1915,"date":"2019-04-03T18:40:51","date_gmt":"2019-04-03T16:40:51","guid":{"rendered":"https:\/\/odysseus-numismatique.com\/?post_type=product&#038;p=1915"},"modified":"2025-04-02T23:44:58","modified_gmt":"2025-04-02T22:44:58","slug":"collection-chwartz-monnaies-merovingiennes-carolingiennes-crinon-2009","status":"publish","type":"product","link":"https:\/\/odysseus-numismatique.com\/en\/article\/collection-chwartz-monnaies-merovingiennes-carolingiennes-crinon-2009\/","title":{"rendered":"NUMISMATIQUE DU HAUT MOYEN \u00c2GE &#8211; COLLECTION CHWARTZ <br \/> Alde &#8211; Crinon 2009"},"content":{"rendered":"<style>\n.tableproduct {border-collapse:none}\n.tableproduct td {border:none!important; padding:10px}\n.tableproduct .odd td {background-color:#424242}\n.tableproduct .even td {background-color:#3a3a3a}\n.tableproduct .column-1 {text-transform:uppercase; font-weight:bold; font-size:0.75em; width:20%}\n.tableproduct .column-2 {font-size:1em}\n<\/style>\n<table class=\"tableproduct\">\n<tr class=\"row-1 odd\">\n<td class=\"column-1\">Full Title<\/td>\n<td class=\"column-2\">Numismatique du Haut Moyen \u00c2ge<br \/>\nCollection Bernard Chwartz<br \/>\nMonnaies M\u00e9rovingiennes, Carolingiennes de l&rsquo;antiquit\u00e9 tardive \u00e0 l&rsquo;aube du monnayage baronnial (Ve-Xe si\u00e8cles)<\/td>\n<\/tr>\n<tr class=\"row-2 even\">\n<td class=\"column-1\">Expert<\/td>\n<td class=\"column-2\">Pierre Crinon (Alde)<\/td>\n<\/tr>\n<tr class=\"row-3 odd\">\n<td class=\"column-1\">Auction house<\/td>\n<td class=\"column-2\">H\u00f4tel R\u00e9gina (Paris)<\/td>\n<\/tr>\n<tr class=\"row-4 even\">\n<td class=\"column-1\">Date<\/td>\n<td class=\"column-2\">18 Juin 2009<\/td>\n<\/tr>\n<tr class=\"row-5 odd\">\n<td class=\"column-1\">Language<\/td>\n<td class=\"column-2\">Fran\u00e7ais<\/td>\n<\/tr>\n<tr class=\"row-6 even\">\n<td class=\"column-1\">Pages<\/td>\n<td class=\"column-2\">342 num\u00e9ros<\/td>\n<\/tr>\n<tr class=\"row-7 odd\">\n<td class=\"column-1\">Specifications<\/td>\n<td class=\"column-2\">Broch\u00e9 &#8211; 210 x 280 mm<\/td>\n<\/tr>\n<tr class=\"row-8 even\">\n<td class=\"column-1\">Condition<\/td>\n<td class=\"column-2\">Comme neuf<\/td>\n<\/tr>\n<\/table>","protected":false},"excerpt":{"rendered":"<p>Titre complet Numismatique du Haut Moyen \u00c2ge Collection Bernard Chwartz Monnaies M\u00e9rovingiennes, Carolingiennes de l&rsquo;antiquit\u00e9 tardive \u00e0 l&rsquo;aube du monnayage baronnial (Ve-Xe si\u00e8cles) Expert Pierre Crinon (Alde) Maison de vente H\u00f4tel R\u00e9gina (Paris) Date 18 Juin 2009 Langue Fran\u00e7ais Pages 342 num\u00e9ros Caract\u00e9ristiques Broch\u00e9 &#8211; 210 x 280 mm \u00c9tat Comme neuf<\/p>","protected":false},"featured_media":20782,"template":"","meta":[],"product_brand":[],"product_cat":[388],"product_tag":[166,393,160],"class_list":{"0":"post-1915","1":"product","2":"type-product","3":"status-publish","4":"has-post-thumbnail","6":"product_cat-archives-librairie","7":"product_tag-catalogues-de-vente","8":"product_tag-librairie","9":"product_tag-livres-monnaies-medievales","11":"first","12":"outofstock","13":"sold-individually","14":"shipping-taxable","15":"purchasable","16":"product-type-simple"},"yoast_head":"<!-- This site is optimized with the Yoast SEO plugin v27.2 - https:\/\/yoast.com\/product\/yoast-seo-wordpress\/ -->\n<title>NUMISMATIQUE DU HAUT MOYEN \u00c2GE - COLLECTION CHWARTZ \u2022 Alde - Crinon 2009 &#8226; Odysseus<\/title>\n<meta name=\"robots\" content=\"index, follow, max-snippet:-1, max-image-preview:large, max-video-preview:-1\" \/>\n<link rel=\"canonical\" href=\"https:\/\/odysseus-numismatique.com\/en\/article\/collection-chwartz-monnaies-merovingiennes-carolingiennes-crinon-2009\/\" \/>\n<meta property=\"og:locale\" content=\"en_GB\" \/>\n<meta property=\"og:type\" content=\"article\" \/>\n<meta property=\"og:title\" content=\"NUMISMATIQUE DU HAUT MOYEN \u00c2GE - COLLECTION CHWARTZ \u2022 Alde - Crinon 2009 &#8226; Odysseus\" \/>\n<meta property=\"og:description\" content=\"Titre complet Numismatique du Haut Moyen \u00c2ge Collection Bernard Chwartz Monnaies M\u00e9rovingiennes, Carolingiennes de l&rsquo;antiquit\u00e9 tardive \u00e0 l&rsquo;aube du monnayage baronnial (Ve-Xe si\u00e8cles) Expert Pierre Crinon (Alde) Maison de vente H\u00f4tel R\u00e9gina (Paris) Date 18 Juin 2009 Langue Fran\u00e7ais Pages 342 num\u00e9ros Caract\u00e9ristiques Broch\u00e9 &#8211; 210 x 280 mm \u00c9tat Comme neuf\" \/>\n<meta property=\"og:url\" content=\"https:\/\/odysseus-numismatique.com\/en\/article\/collection-chwartz-monnaies-merovingiennes-carolingiennes-crinon-2009\/\" \/>\n<meta property=\"og:site_name\" content=\"Odysseus\" \/>\n<meta property=\"article:modified_time\" content=\"2025-04-02T22:44:58+00:00\" \/>\n<meta property=\"og:image\" content=\"https:\/\/odysseus-numismatique.com\/wp-content\/uploads\/2019\/04\/collection-chwartz-monnaies-merovingiennes-carolingiennes-crinon-2009.jpg\" \/>\n\t<meta property=\"og:image:width\" content=\"1500\" \/>\n\t<meta property=\"og:image:height\" content=\"750\" \/>\n\t<meta property=\"og:image:type\" content=\"image\/jpeg\" \/>\n<meta name=\"twitter:card\" content=\"summary_large_image\" \/>\n<meta name=\"twitter:label1\" content=\"Estimated reading time\" \/>\n\t<meta name=\"twitter:data1\" content=\"1 minute\" \/>\n<script type=\"application\/ld+json\" class=\"yoast-schema-graph\">{\"@context\":\"https:\/\/schema.org\",\"@graph\":[{\"@type\":\"WebPage\",\"@id\":\"https:\/\/odysseus-numismatique.com\/article\/collection-chwartz-monnaies-merovingiennes-carolingiennes-crinon-2009\/\",\"url\":\"https:\/\/odysseus-numismatique.com\/article\/collection-chwartz-monnaies-merovingiennes-carolingiennes-crinon-2009\/\",\"name\":\"NUMISMATIQUE DU HAUT MOYEN \u00c2GE - COLLECTION CHWARTZ \u2022 Alde - Crinon 2009 &#8226; Odysseus\",\"isPartOf\":{\"@id\":\"https:\/\/odysseus-numismatique.com\/#website\"},\"primaryImageOfPage\":{\"@id\":\"https:\/\/odysseus-numismatique.com\/article\/collection-chwartz-monnaies-merovingiennes-carolingiennes-crinon-2009\/#primaryimage\"},\"image\":{\"@id\":\"https:\/\/odysseus-numismatique.com\/article\/collection-chwartz-monnaies-merovingiennes-carolingiennes-crinon-2009\/#primaryimage\"},\"thumbnailUrl\":\"https:\/\/odysseus-numismatique.com\/wp-content\/uploads\/2019\/04\/collection-chwartz-monnaies-merovingiennes-carolingiennes-crinon-2009.jpg\",\"datePublished\":\"2019-04-03T16:40:51+00:00\",\"dateModified\":\"2025-04-02T22:44:58+00:00\",\"breadcrumb\":{\"@id\":\"https:\/\/odysseus-numismatique.com\/article\/collection-chwartz-monnaies-merovingiennes-carolingiennes-crinon-2009\/#breadcrumb\"},\"inLanguage\":\"en-GB\",\"potentialAction\":[{\"@type\":\"ReadAction\",\"target\":[\"https:\/\/odysseus-numismatique.com\/article\/collection-chwartz-monnaies-merovingiennes-carolingiennes-crinon-2009\/\"]}]},{\"@type\":\"ImageObject\",\"inLanguage\":\"en-GB\",\"@id\":\"https:\/\/odysseus-numismatique.com\/article\/collection-chwartz-monnaies-merovingiennes-carolingiennes-crinon-2009\/#primaryimage\",\"url\":\"https:\/\/odysseus-numismatique.com\/wp-content\/uploads\/2019\/04\/collection-chwartz-monnaies-merovingiennes-carolingiennes-crinon-2009.jpg\",\"contentUrl\":\"https:\/\/odysseus-numismatique.com\/wp-content\/uploads\/2019\/04\/collection-chwartz-monnaies-merovingiennes-carolingiennes-crinon-2009.jpg\",\"width\":1500,\"height\":750,\"caption\":\"Odysseus Numismatique Livres Catalogues de Vente Monnaies COLLECTION BERNARD CHWARTZ - NUMISMATIQUE DU HAUT MOYEN \u00c2GE \u2022 Alde - Crinon 2009\"},{\"@type\":\"BreadcrumbList\",\"@id\":\"https:\/\/odysseus-numismatique.com\/article\/collection-chwartz-monnaies-merovingiennes-carolingiennes-crinon-2009\/#breadcrumb\",\"itemListElement\":[{\"@type\":\"ListItem\",\"position\":1,\"name\":\"Accueil\",\"item\":\"https:\/\/odysseus-numismatique.com\/\"},{\"@type\":\"ListItem\",\"position\":2,\"name\":\"Boutique\",\"item\":\"https:\/\/odysseus-numismatique.com\/en\/boutique\/\"},{\"@type\":\"ListItem\",\"position\":3,\"name\":\"NUMISMATIQUE DU HAUT MOYEN \u00c2GE &#8211; COLLECTION CHWARTZ Alde &#8211; Crinon 2009\"}]},{\"@type\":\"WebSite\",\"@id\":\"https:\/\/odysseus-numismatique.com\/#website\",\"url\":\"https:\/\/odysseus-numismatique.com\/\",\"name\":\"Odysseus\",\"description\":\"Numismatique\",\"publisher\":{\"@id\":\"https:\/\/odysseus-numismatique.com\/#organization\"},\"potentialAction\":[{\"@type\":\"SearchAction\",\"target\":{\"@type\":\"EntryPoint\",\"urlTemplate\":\"https:\/\/odysseus-numismatique.com\/?s={search_term_string}\"},\"query-input\":{\"@type\":\"PropertyValueSpecification\",\"valueRequired\":true,\"valueName\":\"search_term_string\"}}],\"inLanguage\":\"en-GB\"},{\"@type\":\"Organization\",\"@id\":\"https:\/\/odysseus-numismatique.com\/#organization\",\"name\":\"Odysseus\",\"url\":\"https:\/\/odysseus-numismatique.com\/\",\"logo\":{\"@type\":\"ImageObject\",\"inLanguage\":\"en-GB\",\"@id\":\"https:\/\/odysseus-numismatique.com\/#\/schema\/logo\/image\/\",\"url\":\"https:\/\/odysseus-numismatique.com\/wp-content\/uploads\/2019\/04\/odysseus-numismatique.png\",\"contentUrl\":\"https:\/\/odysseus-numismatique.com\/wp-content\/uploads\/2019\/04\/odysseus-numismatique.png\",\"width\":500,\"height\":500,\"caption\":\"Odysseus\"},\"image\":{\"@id\":\"https:\/\/odysseus-numismatique.com\/#\/schema\/logo\/image\/\"}}]}<\/script>\n<!-- \/ Yoast SEO plugin. -->","yoast_head_json":{"title":"NUMISMATIQUE DU HAUT MOYEN \u00c2GE - COLLECTION CHWARTZ \u2022 Alde - Crinon 2009 &#8226; Odysseus","robots":{"index":"index","follow":"follow","max-snippet":"max-snippet:-1","max-image-preview":"max-image-preview:large","max-video-preview":"max-video-preview:-1"},"canonical":"https:\/\/odysseus-numismatique.com\/en\/article\/collection-chwartz-monnaies-merovingiennes-carolingiennes-crinon-2009\/","og_locale":"en_GB","og_type":"article","og_title":"NUMISMATIQUE DU HAUT MOYEN \u00c2GE - COLLECTION CHWARTZ \u2022 Alde - Crinon 2009 &#8226; Odysseus","og_description":"Titre complet Numismatique du Haut Moyen \u00c2ge Collection Bernard Chwartz Monnaies M\u00e9rovingiennes, Carolingiennes de l&rsquo;antiquit\u00e9 tardive \u00e0 l&rsquo;aube du monnayage baronnial (Ve-Xe si\u00e8cles) Expert Pierre Crinon (Alde) Maison de vente H\u00f4tel R\u00e9gina (Paris) Date 18 Juin 2009 Langue Fran\u00e7ais Pages 342 num\u00e9ros Caract\u00e9ristiques Broch\u00e9 &#8211; 210 x 280 mm \u00c9tat Comme neuf","og_url":"https:\/\/odysseus-numismatique.com\/en\/article\/collection-chwartz-monnaies-merovingiennes-carolingiennes-crinon-2009\/","og_site_name":"Odysseus","article_modified_time":"2025-04-02T22:44:58+00:00","og_image":[{"width":1500,"height":750,"url":"https:\/\/odysseus-numismatique.com\/wp-content\/uploads\/2019\/04\/collection-chwartz-monnaies-merovingiennes-carolingiennes-crinon-2009.jpg","type":"image\/jpeg"}],"twitter_card":"summary_large_image","twitter_misc":{"Estimated reading time":"1 minute"},"schema":{"@context":"https:\/\/schema.org","@graph":[{"@type":"WebPage","@id":"https:\/\/odysseus-numismatique.com\/article\/collection-chwartz-monnaies-merovingiennes-carolingiennes-crinon-2009\/","url":"https:\/\/odysseus-numismatique.com\/article\/collection-chwartz-monnaies-merovingiennes-carolingiennes-crinon-2009\/","name":"NUMISMATIQUE DU HAUT MOYEN \u00c2GE - COLLECTION CHWARTZ \u2022 Alde - Crinon 2009 &#8226; Odysseus","isPartOf":{"@id":"https:\/\/odysseus-numismatique.com\/#website"},"primaryImageOfPage":{"@id":"https:\/\/odysseus-numismatique.com\/article\/collection-chwartz-monnaies-merovingiennes-carolingiennes-crinon-2009\/#primaryimage"},"image":{"@id":"https:\/\/odysseus-numismatique.com\/article\/collection-chwartz-monnaies-merovingiennes-carolingiennes-crinon-2009\/#primaryimage"},"thumbnailUrl":"https:\/\/odysseus-numismatique.com\/wp-content\/uploads\/2019\/04\/collection-chwartz-monnaies-merovingiennes-carolingiennes-crinon-2009.jpg","datePublished":"2019-04-03T16:40:51+00:00","dateModified":"2025-04-02T22:44:58+00:00","breadcrumb":{"@id":"https:\/\/odysseus-numismatique.com\/article\/collection-chwartz-monnaies-merovingiennes-carolingiennes-crinon-2009\/#breadcrumb"},"inLanguage":"en-GB","potentialAction":[{"@type":"ReadAction","target":["https:\/\/odysseus-numismatique.com\/article\/collection-chwartz-monnaies-merovingiennes-carolingiennes-crinon-2009\/"]}]},{"@type":"ImageObject","inLanguage":"en-GB","@id":"https:\/\/odysseus-numismatique.com\/article\/collection-chwartz-monnaies-merovingiennes-carolingiennes-crinon-2009\/#primaryimage","url":"https:\/\/odysseus-numismatique.com\/wp-content\/uploads\/2019\/04\/collection-chwartz-monnaies-merovingiennes-carolingiennes-crinon-2009.jpg","contentUrl":"https:\/\/odysseus-numismatique.com\/wp-content\/uploads\/2019\/04\/collection-chwartz-monnaies-merovingiennes-carolingiennes-crinon-2009.jpg","width":1500,"height":750,"caption":"Odysseus Numismatique Livres Catalogues de Vente Monnaies COLLECTION BERNARD CHWARTZ - NUMISMATIQUE DU HAUT MOYEN \u00c2GE \u2022 Alde - Crinon 2009"},{"@type":"BreadcrumbList","@id":"https:\/\/odysseus-numismatique.com\/article\/collection-chwartz-monnaies-merovingiennes-carolingiennes-crinon-2009\/#breadcrumb","itemListElement":[{"@type":"ListItem","position":1,"name":"Accueil","item":"https:\/\/odysseus-numismatique.com\/"},{"@type":"ListItem","position":2,"name":"Boutique","item":"https:\/\/odysseus-numismatique.com\/en\/boutique\/"},{"@type":"ListItem","position":3,"name":"NUMISMATIQUE DU HAUT MOYEN \u00c2GE &#8211; COLLECTION CHWARTZ Alde &#8211; Crinon 2009"}]},{"@type":"WebSite","@id":"https:\/\/odysseus-numismatique.com\/#website","url":"https:\/\/odysseus-numismatique.com\/","name":"Odysseus","description":"Numismatics","publisher":{"@id":"https:\/\/odysseus-numismatique.com\/#organization"},"potentialAction":[{"@type":"SearchAction","target":{"@type":"EntryPoint","urlTemplate":"https:\/\/odysseus-numismatique.com\/?s={search_term_string}"},"query-input":{"@type":"PropertyValueSpecification","valueRequired":true,"valueName":"search_term_string"}}],"inLanguage":"en-GB"},{"@type":"Organization","@id":"https:\/\/odysseus-numismatique.com\/#organization","name":"Odysseus","url":"https:\/\/odysseus-numismatique.com\/","logo":{"@type":"ImageObject","inLanguage":"en-GB","@id":"https:\/\/odysseus-numismatique.com\/#\/schema\/logo\/image\/","url":"https:\/\/odysseus-numismatique.com\/wp-content\/uploads\/2019\/04\/odysseus-numismatique.png","contentUrl":"https:\/\/odysseus-numismatique.com\/wp-content\/uploads\/2019\/04\/odysseus-numismatique.png","width":500,"height":500,"caption":"Odysseus"},"image":{"@id":"https:\/\/odysseus-numismatique.com\/#\/schema\/logo\/image\/"}}]}},"_links":{"self":[{"href":"https:\/\/odysseus-numismatique.com\/en\/wp-json\/wp\/v2\/product\/1915","targetHints":{"allow":["GET"]}}],"collection":[{"href":"https:\/\/odysseus-numismatique.com\/en\/wp-json\/wp\/v2\/product"}],"about":[{"href":"https:\/\/odysseus-numismatique.com\/en\/wp-json\/wp\/v2\/types\/product"}],"wp:featuredmedia":[{"embeddable":true,"href":"https:\/\/odysseus-numismatique.com\/en\/wp-json\/wp\/v2\/media\/20782"}],"wp:attachment":[{"href":"https:\/\/odysseus-numismatique.com\/en\/wp-json\/wp\/v2\/media?parent=1915"}],"wp:term":[{"taxonomy":"product_brand","embeddable":true,"href":"https:\/\/odysseus-numismatique.com\/en\/wp-json\/wp\/v2\/product_brand?post=1915"},{"taxonomy":"product_cat","embeddable":true,"href":"https:\/\/odysseus-numismatique.com\/en\/wp-json\/wp\/v2\/product_cat?post=1915"},{"taxonomy":"product_tag","embeddable":true,"href":"https:\/\/odysseus-numismatique.com\/en\/wp-json\/wp\/v2\/product_tag?post=1915"}],"curies":[{"name":"wp","href":"https:\/\/api.w.org\/{rel}","templated":true}]}}