{"id":19087,"date":"2024-02-16T14:26:35","date_gmt":"2024-02-16T13:26:35","guid":{"rendered":"https:\/\/odysseus-numismatique.com\/?post_type=product&#038;p=19087"},"modified":"2025-03-17T23:53:19","modified_gmt":"2025-03-17T22:53:19","slug":"philippe-vi-de-valois-double-parisis","status":"publish","type":"product","link":"https:\/\/odysseus-numismatique.com\/en\/article\/philippe-vi-de-valois-double-parisis\/","title":{"rendered":"PHILIPPE VI DE VALOIS <br \/> Double Parisis"},"content":{"rendered":"<style>\n.tableproduct {border-collapse:none}\n.tableproduct td {border:none!important; padding:10px}\n.tableproduct .odd td {background-color:#424242}\n.tableproduct .even td {background-color:#3a3a3a}\n.tableproduct .column-1 {text-transform:uppercase; font-weight:bold; font-size:0.75em; width:20%}\n.tableproduct .column-2 {font-size:1em}\n<\/style>\n<table class=\"tableproduct\">\n<tr class=\"row-1 odd\">\n<td class=\"column-1\">Obverse<\/td>\n<td class=\"column-2\">(couronne) PHILIPPVS REX<br \/>\nFRA NCO dans le champ<\/td>\n<\/tr>\n<tr class=\"row-2 even\">\n<td class=\"column-1\">Reverse<\/td>\n<td class=\"column-2\">(couronne) MONETA DVPLEX<br \/>\nCroix fleurdelis\u00e9e<\/td>\n<\/tr>\n<tr class=\"row-3 odd\">\n<td class=\"column-1\">Denomination<\/td>\n<td class=\"column-2\">Double Parisis (3rd type)<\/td>\n<\/tr>\n<tr class=\"row-4 even\">\n<td class=\"column-1\">Date<\/td>\n<td class=\"column-2\">1st issue of 27 april 1346<\/td>\n<\/tr>\n<tr class=\"row-5 odd\">\n<td class=\"column-1\">Mint<\/td>\n<td class=\"column-2\">Undetermined<\/td>\n<\/tr>\n<tr class=\"row-6 even\">\n<td class=\"column-1\">Metal<\/td>\n<td class=\"column-2\">Billon<\/td>\n<\/tr>\n<tr class=\"row-7 odd\">\n<td class=\"column-1\">Weight<\/td>\n<td class=\"column-2\">1.10 g<\/td>\n<\/tr>\n<tr class=\"row-8 even\">\n<td class=\"column-1\">Diameter<\/td>\n<td class=\"column-2\">20.9 mm<\/td>\n<\/tr>\n<tr class=\"row-9 odd\">\n<td class=\"column-1\">Reference<\/td>\n<td class=\"column-2\">Duplessy 269 &#8211; Ciani 313 &#8211; Lafaurie 271<\/td>\n<\/tr>\n<tr class=\"row-10 even\">\n<td class=\"column-1\">Condition<\/td>\n<td class=\"column-2\">VF<\/td>\n<\/tr>\n<\/table>","protected":false},"excerpt":{"rendered":"<p>Avers (couronne) PHILIPPVS REX FRA NCO dans le champ Revers (couronne) MONETA DVPLEX Croix fleurdelis\u00e9e Module Double Parisis (3e type) Date 1re \u00e9mission du 27 avril 1346 Atelier Ind\u00e9termin\u00e9 M\u00e9tal Billon Poids 1.10 g Diam\u00e8tre 20.9 mm R\u00e9f\u00e9rence Duplessy 269 &#8211; Ciani 313 &#8211; Lafaurie 271 \u00c9tat TTB<\/p>","protected":false},"featured_media":19348,"template":"","meta":[],"product_brand":[],"product_cat":[15],"product_tag":[239,394],"class_list":{"0":"post-19087","1":"product","2":"type-product","3":"status-publish","4":"has-post-thumbnail","6":"product_cat-vendus","7":"product_tag-monnaies-royales","8":"product_tag-numismatique","9":"pa_metal-billon","10":"pa_module-double","12":"first","13":"outofstock","14":"sold-individually","15":"shipping-taxable","16":"purchasable","17":"product-type-simple"},"yoast_head":"<!-- This site is optimized with the Yoast SEO plugin v27.5 - https:\/\/yoast.com\/product\/yoast-seo-wordpress\/ -->\n<title>PHILIPPE VI DE VALOIS \u2022 Double Parisis &#8226; Odysseus<\/title>\n<meta name=\"robots\" content=\"index, follow, max-snippet:-1, max-image-preview:large, max-video-preview:-1\" \/>\n<link rel=\"canonical\" href=\"https:\/\/odysseus-numismatique.com\/en\/article\/philippe-vi-de-valois-double-parisis\/\" \/>\n<meta property=\"og:locale\" content=\"en_GB\" \/>\n<meta property=\"og:type\" content=\"article\" \/>\n<meta property=\"og:title\" content=\"PHILIPPE VI DE VALOIS \u2022 Double Parisis &#8226; Odysseus\" \/>\n<meta property=\"og:description\" content=\"Avers (couronne) PHILIPPVS REX FRA NCO dans le champ Revers (couronne) MONETA DVPLEX Croix fleurdelis\u00e9e Module Double Parisis (3e type) Date 1re \u00e9mission du 27 avril 1346 Atelier Ind\u00e9termin\u00e9 M\u00e9tal Billon Poids 1.10 g Diam\u00e8tre 20.9 mm R\u00e9f\u00e9rence Duplessy 269 &#8211; Ciani 313 &#8211; Lafaurie 271 \u00c9tat TTB\" \/>\n<meta property=\"og:url\" content=\"https:\/\/odysseus-numismatique.com\/en\/article\/philippe-vi-de-valois-double-parisis\/\" \/>\n<meta property=\"og:site_name\" content=\"Odysseus\" \/>\n<meta property=\"article:modified_time\" content=\"2025-03-17T22:53:19+00:00\" \/>\n<meta property=\"og:image\" content=\"https:\/\/odysseus-numismatique.com\/wp-content\/uploads\/2024\/02\/philippe-vi-de-valois-double-parisis.jpg\" \/>\n\t<meta property=\"og:image:width\" content=\"1500\" \/>\n\t<meta property=\"og:image:height\" content=\"750\" \/>\n\t<meta property=\"og:image:type\" content=\"image\/jpeg\" \/>\n<meta name=\"twitter:card\" content=\"summary_large_image\" \/>\n<meta name=\"twitter:label1\" content=\"Estimated reading time\" \/>\n\t<meta name=\"twitter:data1\" content=\"1 minute\" \/>\n<script type=\"application\/ld+json\" class=\"yoast-schema-graph\">{\"@context\":\"https:\\\/\\\/schema.org\",\"@graph\":[{\"@type\":\"WebPage\",\"@id\":\"https:\\\/\\\/odysseus-numismatique.com\\\/article\\\/philippe-vi-de-valois-double-parisis\\\/\",\"url\":\"https:\\\/\\\/odysseus-numismatique.com\\\/article\\\/philippe-vi-de-valois-double-parisis\\\/\",\"name\":\"PHILIPPE VI DE VALOIS \u2022 Double Parisis &#8226; Odysseus\",\"isPartOf\":{\"@id\":\"https:\\\/\\\/odysseus-numismatique.com\\\/#website\"},\"primaryImageOfPage\":{\"@id\":\"https:\\\/\\\/odysseus-numismatique.com\\\/article\\\/philippe-vi-de-valois-double-parisis\\\/#primaryimage\"},\"image\":{\"@id\":\"https:\\\/\\\/odysseus-numismatique.com\\\/article\\\/philippe-vi-de-valois-double-parisis\\\/#primaryimage\"},\"thumbnailUrl\":\"https:\\\/\\\/odysseus-numismatique.com\\\/wp-content\\\/uploads\\\/2024\\\/02\\\/philippe-vi-de-valois-double-parisis.jpg\",\"datePublished\":\"2024-02-16T13:26:35+00:00\",\"dateModified\":\"2025-03-17T22:53:19+00:00\",\"breadcrumb\":{\"@id\":\"https:\\\/\\\/odysseus-numismatique.com\\\/article\\\/philippe-vi-de-valois-double-parisis\\\/#breadcrumb\"},\"inLanguage\":\"en-GB\",\"potentialAction\":[{\"@type\":\"ReadAction\",\"target\":[\"https:\\\/\\\/odysseus-numismatique.com\\\/article\\\/philippe-vi-de-valois-double-parisis\\\/\"]}]},{\"@type\":\"ImageObject\",\"inLanguage\":\"en-GB\",\"@id\":\"https:\\\/\\\/odysseus-numismatique.com\\\/article\\\/philippe-vi-de-valois-double-parisis\\\/#primaryimage\",\"url\":\"https:\\\/\\\/odysseus-numismatique.com\\\/wp-content\\\/uploads\\\/2024\\\/02\\\/philippe-vi-de-valois-double-parisis.jpg\",\"contentUrl\":\"https:\\\/\\\/odysseus-numismatique.com\\\/wp-content\\\/uploads\\\/2024\\\/02\\\/philippe-vi-de-valois-double-parisis.jpg\",\"width\":1500,\"height\":750,\"caption\":\"Odysseus Numismatique Monnaies Royales Cap\u00e9tiennes PHILIPPE VI DE VALOIS \u2022 Double Parisis\"},{\"@type\":\"BreadcrumbList\",\"@id\":\"https:\\\/\\\/odysseus-numismatique.com\\\/article\\\/philippe-vi-de-valois-double-parisis\\\/#breadcrumb\",\"itemListElement\":[{\"@type\":\"ListItem\",\"position\":1,\"name\":\"Accueil\",\"item\":\"https:\\\/\\\/odysseus-numismatique.com\\\/\"},{\"@type\":\"ListItem\",\"position\":2,\"name\":\"Boutique\",\"item\":\"https:\\\/\\\/odysseus-numismatique.com\\\/en\\\/boutique\\\/\"},{\"@type\":\"ListItem\",\"position\":3,\"name\":\"PHILIPPE VI DE VALOIS Double Parisis\"}]},{\"@type\":\"WebSite\",\"@id\":\"https:\\\/\\\/odysseus-numismatique.com\\\/#website\",\"url\":\"https:\\\/\\\/odysseus-numismatique.com\\\/\",\"name\":\"Odysseus\",\"description\":\"Numismatique\",\"publisher\":{\"@id\":\"https:\\\/\\\/odysseus-numismatique.com\\\/#organization\"},\"potentialAction\":[{\"@type\":\"SearchAction\",\"target\":{\"@type\":\"EntryPoint\",\"urlTemplate\":\"https:\\\/\\\/odysseus-numismatique.com\\\/?s={search_term_string}\"},\"query-input\":{\"@type\":\"PropertyValueSpecification\",\"valueRequired\":true,\"valueName\":\"search_term_string\"}}],\"inLanguage\":\"en-GB\"},{\"@type\":\"Organization\",\"@id\":\"https:\\\/\\\/odysseus-numismatique.com\\\/#organization\",\"name\":\"Odysseus\",\"url\":\"https:\\\/\\\/odysseus-numismatique.com\\\/\",\"logo\":{\"@type\":\"ImageObject\",\"inLanguage\":\"en-GB\",\"@id\":\"https:\\\/\\\/odysseus-numismatique.com\\\/#\\\/schema\\\/logo\\\/image\\\/\",\"url\":\"https:\\\/\\\/odysseus-numismatique.com\\\/wp-content\\\/uploads\\\/2019\\\/04\\\/odysseus-numismatique.png\",\"contentUrl\":\"https:\\\/\\\/odysseus-numismatique.com\\\/wp-content\\\/uploads\\\/2019\\\/04\\\/odysseus-numismatique.png\",\"width\":500,\"height\":500,\"caption\":\"Odysseus\"},\"image\":{\"@id\":\"https:\\\/\\\/odysseus-numismatique.com\\\/#\\\/schema\\\/logo\\\/image\\\/\"}}]}<\/script>\n<!-- \/ Yoast SEO plugin. -->","yoast_head_json":{"title":"PHILIPPE VI DE VALOIS \u2022 Double Parisis &#8226; Odysseus","robots":{"index":"index","follow":"follow","max-snippet":"max-snippet:-1","max-image-preview":"max-image-preview:large","max-video-preview":"max-video-preview:-1"},"canonical":"https:\/\/odysseus-numismatique.com\/en\/article\/philippe-vi-de-valois-double-parisis\/","og_locale":"en_GB","og_type":"article","og_title":"PHILIPPE VI DE VALOIS \u2022 Double Parisis &#8226; Odysseus","og_description":"Avers (couronne) PHILIPPVS REX FRA NCO dans le champ Revers (couronne) MONETA DVPLEX Croix fleurdelis\u00e9e Module Double Parisis (3e type) Date 1re \u00e9mission du 27 avril 1346 Atelier Ind\u00e9termin\u00e9 M\u00e9tal Billon Poids 1.10 g Diam\u00e8tre 20.9 mm R\u00e9f\u00e9rence Duplessy 269 &#8211; Ciani 313 &#8211; Lafaurie 271 \u00c9tat TTB","og_url":"https:\/\/odysseus-numismatique.com\/en\/article\/philippe-vi-de-valois-double-parisis\/","og_site_name":"Odysseus","article_modified_time":"2025-03-17T22:53:19+00:00","og_image":[{"width":1500,"height":750,"url":"https:\/\/odysseus-numismatique.com\/wp-content\/uploads\/2024\/02\/philippe-vi-de-valois-double-parisis.jpg","type":"image\/jpeg"}],"twitter_card":"summary_large_image","twitter_misc":{"Estimated reading time":"1 minute"},"schema":{"@context":"https:\/\/schema.org","@graph":[{"@type":"WebPage","@id":"https:\/\/odysseus-numismatique.com\/article\/philippe-vi-de-valois-double-parisis\/","url":"https:\/\/odysseus-numismatique.com\/article\/philippe-vi-de-valois-double-parisis\/","name":"PHILIPPE VI DE VALOIS \u2022 Double Parisis &#8226; Odysseus","isPartOf":{"@id":"https:\/\/odysseus-numismatique.com\/#website"},"primaryImageOfPage":{"@id":"https:\/\/odysseus-numismatique.com\/article\/philippe-vi-de-valois-double-parisis\/#primaryimage"},"image":{"@id":"https:\/\/odysseus-numismatique.com\/article\/philippe-vi-de-valois-double-parisis\/#primaryimage"},"thumbnailUrl":"https:\/\/odysseus-numismatique.com\/wp-content\/uploads\/2024\/02\/philippe-vi-de-valois-double-parisis.jpg","datePublished":"2024-02-16T13:26:35+00:00","dateModified":"2025-03-17T22:53:19+00:00","breadcrumb":{"@id":"https:\/\/odysseus-numismatique.com\/article\/philippe-vi-de-valois-double-parisis\/#breadcrumb"},"inLanguage":"en-GB","potentialAction":[{"@type":"ReadAction","target":["https:\/\/odysseus-numismatique.com\/article\/philippe-vi-de-valois-double-parisis\/"]}]},{"@type":"ImageObject","inLanguage":"en-GB","@id":"https:\/\/odysseus-numismatique.com\/article\/philippe-vi-de-valois-double-parisis\/#primaryimage","url":"https:\/\/odysseus-numismatique.com\/wp-content\/uploads\/2024\/02\/philippe-vi-de-valois-double-parisis.jpg","contentUrl":"https:\/\/odysseus-numismatique.com\/wp-content\/uploads\/2024\/02\/philippe-vi-de-valois-double-parisis.jpg","width":1500,"height":750,"caption":"Odysseus Numismatique Monnaies Royales Cap\u00e9tiennes PHILIPPE VI DE VALOIS \u2022 Double Parisis"},{"@type":"BreadcrumbList","@id":"https:\/\/odysseus-numismatique.com\/article\/philippe-vi-de-valois-double-parisis\/#breadcrumb","itemListElement":[{"@type":"ListItem","position":1,"name":"Accueil","item":"https:\/\/odysseus-numismatique.com\/"},{"@type":"ListItem","position":2,"name":"Boutique","item":"https:\/\/odysseus-numismatique.com\/en\/boutique\/"},{"@type":"ListItem","position":3,"name":"PHILIPPE VI DE VALOIS Double Parisis"}]},{"@type":"WebSite","@id":"https:\/\/odysseus-numismatique.com\/#website","url":"https:\/\/odysseus-numismatique.com\/","name":"Odysseus","description":"Numismatics","publisher":{"@id":"https:\/\/odysseus-numismatique.com\/#organization"},"potentialAction":[{"@type":"SearchAction","target":{"@type":"EntryPoint","urlTemplate":"https:\/\/odysseus-numismatique.com\/?s={search_term_string}"},"query-input":{"@type":"PropertyValueSpecification","valueRequired":true,"valueName":"search_term_string"}}],"inLanguage":"en-GB"},{"@type":"Organization","@id":"https:\/\/odysseus-numismatique.com\/#organization","name":"Odysseus","url":"https:\/\/odysseus-numismatique.com\/","logo":{"@type":"ImageObject","inLanguage":"en-GB","@id":"https:\/\/odysseus-numismatique.com\/#\/schema\/logo\/image\/","url":"https:\/\/odysseus-numismatique.com\/wp-content\/uploads\/2019\/04\/odysseus-numismatique.png","contentUrl":"https:\/\/odysseus-numismatique.com\/wp-content\/uploads\/2019\/04\/odysseus-numismatique.png","width":500,"height":500,"caption":"Odysseus"},"image":{"@id":"https:\/\/odysseus-numismatique.com\/#\/schema\/logo\/image\/"}}]}},"_links":{"self":[{"href":"https:\/\/odysseus-numismatique.com\/en\/wp-json\/wp\/v2\/product\/19087","targetHints":{"allow":["GET"]}}],"collection":[{"href":"https:\/\/odysseus-numismatique.com\/en\/wp-json\/wp\/v2\/product"}],"about":[{"href":"https:\/\/odysseus-numismatique.com\/en\/wp-json\/wp\/v2\/types\/product"}],"wp:featuredmedia":[{"embeddable":true,"href":"https:\/\/odysseus-numismatique.com\/en\/wp-json\/wp\/v2\/media\/19348"}],"wp:attachment":[{"href":"https:\/\/odysseus-numismatique.com\/en\/wp-json\/wp\/v2\/media?parent=19087"}],"wp:term":[{"taxonomy":"product_brand","embeddable":true,"href":"https:\/\/odysseus-numismatique.com\/en\/wp-json\/wp\/v2\/product_brand?post=19087"},{"taxonomy":"product_cat","embeddable":true,"href":"https:\/\/odysseus-numismatique.com\/en\/wp-json\/wp\/v2\/product_cat?post=19087"},{"taxonomy":"product_tag","embeddable":true,"href":"https:\/\/odysseus-numismatique.com\/en\/wp-json\/wp\/v2\/product_tag?post=19087"}],"curies":[{"name":"wp","href":"https:\/\/api.w.org\/{rel}","templated":true}]}}