{"id":19085,"date":"2024-02-16T14:27:20","date_gmt":"2024-02-16T13:27:20","guid":{"rendered":"https:\/\/odysseus-numismatique.com\/?post_type=product&#038;p=19085"},"modified":"2025-03-18T01:24:18","modified_gmt":"2025-03-18T00:24:18","slug":"philippe-vi-de-valois-gros","status":"publish","type":"product","link":"https:\/\/odysseus-numismatique.com\/en\/article\/philippe-vi-de-valois-gros\/","title":{"rendered":"PHILIPPE VI DE VALOIS <br \/> Gros"},"content":{"rendered":"<style>\n.tableproduct {border-collapse:none}\n.tableproduct td {border:none!important; padding:10px}\n.tableproduct .odd td {background-color:#424242}\n.tableproduct .even td {background-color:#3a3a3a}\n.tableproduct .column-1 {text-transform:uppercase; font-weight:bold; font-size:0.75em; width:20%}\n.tableproduct .column-2 {font-size:1em}\n<\/style>\n<table class=\"tableproduct\">\n<tr class=\"row-1 odd\">\n<td class=\"column-1\">Obverse<\/td>\n<td class=\"column-2\">+ FRANCORVM<br \/>\nFleur de lis, bordure de onze lis<\/td>\n<\/tr>\n<tr class=\"row-2 even\">\n<td class=\"column-1\">Reverse<\/td>\n<td class=\"column-2\">+ PHILIPPVS REX<br \/>\nCroix cantonn\u00e9e d&rsquo;un lis, l\u00e9gende ext\u00e9rieure<\/td>\n<\/tr>\n<tr class=\"row-3 odd\">\n<td class=\"column-1\">Denomination<\/td>\n<td class=\"column-2\">Gros \u00ab\u00a0\u00e0 la fleur de lis\u00a0\u00bb<\/td>\n<\/tr>\n<tr class=\"row-4 even\">\n<td class=\"column-1\">Date<\/td>\n<td class=\"column-2\">2nd issue of 17 february 1341<\/td>\n<\/tr>\n<tr class=\"row-5 odd\">\n<td class=\"column-1\">Mint<\/td>\n<td class=\"column-2\">Undetermined<\/td>\n<\/tr>\n<tr class=\"row-6 even\">\n<td class=\"column-1\">Metal<\/td>\n<td class=\"column-2\">Silver<\/td>\n<\/tr>\n<tr class=\"row-7 odd\">\n<td class=\"column-1\">Weight<\/td>\n<td class=\"column-2\">1.69 g<\/td>\n<\/tr>\n<tr class=\"row-8 even\">\n<td class=\"column-1\">Diameter<\/td>\n<td class=\"column-2\">25.2 mm<\/td>\n<\/tr>\n<tr class=\"row-9 odd\">\n<td class=\"column-1\">Reference<\/td>\n<td class=\"column-2\">Duplessy 263A &#8211; Ciani 304 &#8211; Lafaurie 267<\/td>\n<\/tr>\n<tr class=\"row-10 even\">\n<td class=\"column-1\">Condition<\/td>\n<td class=\"column-2\">VF<\/td>\n<\/tr>\n<\/table>","protected":false},"excerpt":{"rendered":"<p>Avers + FRANCORVM Fleur de lis, bordure de onze lis Revers + PHILIPPVS REX Croix cantonn\u00e9e d&rsquo;un lis, l\u00e9gende ext\u00e9rieure Module Gros \u00ab\u00a0\u00e0 la fleur de lis\u00a0\u00bb Date 2e \u00e9mission du 17 f\u00e9vrier 1341 Atelier Ind\u00e9termin\u00e9 M\u00e9tal Argent Poids 1.69 g Diam\u00e8tre 25.2 mm R\u00e9f\u00e9rence Duplessy 263A &#8211; Ciani 304 &#8211; Lafaurie 267 \u00c9tat TTB<\/p>","protected":false},"featured_media":19086,"template":"","meta":[],"product_brand":[],"product_cat":[250,304,17],"product_tag":[239,394],"class_list":{"0":"post-19085","1":"product","2":"type-product","3":"status-publish","4":"has-post-thumbnail","6":"product_cat-monnaies-royales","7":"product_cat-moyen-age","8":"product_cat-numismatique","9":"product_tag-monnaies-royales","10":"product_tag-numismatique","11":"pa_metal-argent","12":"pa_module-gros","14":"first","15":"instock","16":"sold-individually","17":"shipping-taxable","18":"purchasable","19":"product-type-simple"},"yoast_head":"<!-- This site is optimized with the Yoast SEO plugin v27.2 - https:\/\/yoast.com\/product\/yoast-seo-wordpress\/ -->\n<title>PHILIPPE VI DE VALOIS \u2022 Gros &#8226; Odysseus<\/title>\n<meta name=\"robots\" content=\"index, follow, max-snippet:-1, max-image-preview:large, max-video-preview:-1\" \/>\n<link rel=\"canonical\" href=\"https:\/\/odysseus-numismatique.com\/en\/article\/philippe-vi-de-valois-gros\/\" \/>\n<meta property=\"og:locale\" content=\"en_GB\" \/>\n<meta property=\"og:type\" content=\"article\" \/>\n<meta property=\"og:title\" content=\"PHILIPPE VI DE VALOIS \u2022 Gros &#8226; Odysseus\" \/>\n<meta property=\"og:description\" content=\"Avers + FRANCORVM Fleur de lis, bordure de onze lis Revers + PHILIPPVS REX Croix cantonn\u00e9e d&rsquo;un lis, l\u00e9gende ext\u00e9rieure Module Gros \u00ab\u00a0\u00e0 la fleur de lis\u00a0\u00bb Date 2e \u00e9mission du 17 f\u00e9vrier 1341 Atelier Ind\u00e9termin\u00e9 M\u00e9tal Argent Poids 1.69 g Diam\u00e8tre 25.2 mm R\u00e9f\u00e9rence Duplessy 263A &#8211; Ciani 304 &#8211; Lafaurie 267 \u00c9tat TTB\" \/>\n<meta property=\"og:url\" content=\"https:\/\/odysseus-numismatique.com\/en\/article\/philippe-vi-de-valois-gros\/\" \/>\n<meta property=\"og:site_name\" content=\"Odysseus\" \/>\n<meta property=\"article:modified_time\" content=\"2025-03-18T00:24:18+00:00\" \/>\n<meta property=\"og:image\" content=\"https:\/\/odysseus-numismatique.com\/wp-content\/uploads\/2024\/02\/philippe-vi-de-valois-gros.jpg\" \/>\n\t<meta property=\"og:image:width\" content=\"1500\" \/>\n\t<meta property=\"og:image:height\" content=\"750\" \/>\n\t<meta property=\"og:image:type\" content=\"image\/jpeg\" \/>\n<meta name=\"twitter:card\" content=\"summary_large_image\" \/>\n<meta name=\"twitter:label1\" content=\"Estimated reading time\" \/>\n\t<meta name=\"twitter:data1\" content=\"1 minute\" \/>\n<script type=\"application\/ld+json\" class=\"yoast-schema-graph\">{\"@context\":\"https:\/\/schema.org\",\"@graph\":[{\"@type\":\"WebPage\",\"@id\":\"https:\/\/odysseus-numismatique.com\/article\/philippe-vi-de-valois-gros\/\",\"url\":\"https:\/\/odysseus-numismatique.com\/article\/philippe-vi-de-valois-gros\/\",\"name\":\"PHILIPPE VI DE VALOIS \u2022 Gros &#8226; Odysseus\",\"isPartOf\":{\"@id\":\"https:\/\/odysseus-numismatique.com\/#website\"},\"primaryImageOfPage\":{\"@id\":\"https:\/\/odysseus-numismatique.com\/article\/philippe-vi-de-valois-gros\/#primaryimage\"},\"image\":{\"@id\":\"https:\/\/odysseus-numismatique.com\/article\/philippe-vi-de-valois-gros\/#primaryimage\"},\"thumbnailUrl\":\"https:\/\/odysseus-numismatique.com\/wp-content\/uploads\/2024\/02\/philippe-vi-de-valois-gros.jpg\",\"datePublished\":\"2024-02-16T13:27:20+00:00\",\"dateModified\":\"2025-03-18T00:24:18+00:00\",\"breadcrumb\":{\"@id\":\"https:\/\/odysseus-numismatique.com\/article\/philippe-vi-de-valois-gros\/#breadcrumb\"},\"inLanguage\":\"en-GB\",\"potentialAction\":[{\"@type\":\"ReadAction\",\"target\":[\"https:\/\/odysseus-numismatique.com\/article\/philippe-vi-de-valois-gros\/\"]}]},{\"@type\":\"ImageObject\",\"inLanguage\":\"en-GB\",\"@id\":\"https:\/\/odysseus-numismatique.com\/article\/philippe-vi-de-valois-gros\/#primaryimage\",\"url\":\"https:\/\/odysseus-numismatique.com\/wp-content\/uploads\/2024\/02\/philippe-vi-de-valois-gros.jpg\",\"contentUrl\":\"https:\/\/odysseus-numismatique.com\/wp-content\/uploads\/2024\/02\/philippe-vi-de-valois-gros.jpg\",\"width\":1500,\"height\":750,\"caption\":\"Odysseus Numismatique Monnaies Royales Cap\u00e9tiennes PHILIPPE VI DE VALOIS \u2022 Gros\"},{\"@type\":\"BreadcrumbList\",\"@id\":\"https:\/\/odysseus-numismatique.com\/article\/philippe-vi-de-valois-gros\/#breadcrumb\",\"itemListElement\":[{\"@type\":\"ListItem\",\"position\":1,\"name\":\"Accueil\",\"item\":\"https:\/\/odysseus-numismatique.com\/\"},{\"@type\":\"ListItem\",\"position\":2,\"name\":\"Boutique\",\"item\":\"https:\/\/odysseus-numismatique.com\/en\/boutique\/\"},{\"@type\":\"ListItem\",\"position\":3,\"name\":\"PHILIPPE VI DE VALOIS Gros\"}]},{\"@type\":\"WebSite\",\"@id\":\"https:\/\/odysseus-numismatique.com\/#website\",\"url\":\"https:\/\/odysseus-numismatique.com\/\",\"name\":\"Odysseus\",\"description\":\"Numismatique\",\"publisher\":{\"@id\":\"https:\/\/odysseus-numismatique.com\/#organization\"},\"potentialAction\":[{\"@type\":\"SearchAction\",\"target\":{\"@type\":\"EntryPoint\",\"urlTemplate\":\"https:\/\/odysseus-numismatique.com\/?s={search_term_string}\"},\"query-input\":{\"@type\":\"PropertyValueSpecification\",\"valueRequired\":true,\"valueName\":\"search_term_string\"}}],\"inLanguage\":\"en-GB\"},{\"@type\":\"Organization\",\"@id\":\"https:\/\/odysseus-numismatique.com\/#organization\",\"name\":\"Odysseus\",\"url\":\"https:\/\/odysseus-numismatique.com\/\",\"logo\":{\"@type\":\"ImageObject\",\"inLanguage\":\"en-GB\",\"@id\":\"https:\/\/odysseus-numismatique.com\/#\/schema\/logo\/image\/\",\"url\":\"https:\/\/odysseus-numismatique.com\/wp-content\/uploads\/2019\/04\/odysseus-numismatique.png\",\"contentUrl\":\"https:\/\/odysseus-numismatique.com\/wp-content\/uploads\/2019\/04\/odysseus-numismatique.png\",\"width\":500,\"height\":500,\"caption\":\"Odysseus\"},\"image\":{\"@id\":\"https:\/\/odysseus-numismatique.com\/#\/schema\/logo\/image\/\"}}]}<\/script>\n<!-- \/ Yoast SEO plugin. -->","yoast_head_json":{"title":"PHILIPPE VI DE VALOIS \u2022 Gros &#8226; Odysseus","robots":{"index":"index","follow":"follow","max-snippet":"max-snippet:-1","max-image-preview":"max-image-preview:large","max-video-preview":"max-video-preview:-1"},"canonical":"https:\/\/odysseus-numismatique.com\/en\/article\/philippe-vi-de-valois-gros\/","og_locale":"en_GB","og_type":"article","og_title":"PHILIPPE VI DE VALOIS \u2022 Gros &#8226; Odysseus","og_description":"Avers + FRANCORVM Fleur de lis, bordure de onze lis Revers + PHILIPPVS REX Croix cantonn\u00e9e d&rsquo;un lis, l\u00e9gende ext\u00e9rieure Module Gros \u00ab\u00a0\u00e0 la fleur de lis\u00a0\u00bb Date 2e \u00e9mission du 17 f\u00e9vrier 1341 Atelier Ind\u00e9termin\u00e9 M\u00e9tal Argent Poids 1.69 g Diam\u00e8tre 25.2 mm R\u00e9f\u00e9rence Duplessy 263A &#8211; Ciani 304 &#8211; Lafaurie 267 \u00c9tat TTB","og_url":"https:\/\/odysseus-numismatique.com\/en\/article\/philippe-vi-de-valois-gros\/","og_site_name":"Odysseus","article_modified_time":"2025-03-18T00:24:18+00:00","og_image":[{"width":1500,"height":750,"url":"https:\/\/odysseus-numismatique.com\/wp-content\/uploads\/2024\/02\/philippe-vi-de-valois-gros.jpg","type":"image\/jpeg"}],"twitter_card":"summary_large_image","twitter_misc":{"Estimated reading time":"1 minute"},"schema":{"@context":"https:\/\/schema.org","@graph":[{"@type":"WebPage","@id":"https:\/\/odysseus-numismatique.com\/article\/philippe-vi-de-valois-gros\/","url":"https:\/\/odysseus-numismatique.com\/article\/philippe-vi-de-valois-gros\/","name":"PHILIPPE VI DE VALOIS \u2022 Gros &#8226; Odysseus","isPartOf":{"@id":"https:\/\/odysseus-numismatique.com\/#website"},"primaryImageOfPage":{"@id":"https:\/\/odysseus-numismatique.com\/article\/philippe-vi-de-valois-gros\/#primaryimage"},"image":{"@id":"https:\/\/odysseus-numismatique.com\/article\/philippe-vi-de-valois-gros\/#primaryimage"},"thumbnailUrl":"https:\/\/odysseus-numismatique.com\/wp-content\/uploads\/2024\/02\/philippe-vi-de-valois-gros.jpg","datePublished":"2024-02-16T13:27:20+00:00","dateModified":"2025-03-18T00:24:18+00:00","breadcrumb":{"@id":"https:\/\/odysseus-numismatique.com\/article\/philippe-vi-de-valois-gros\/#breadcrumb"},"inLanguage":"en-GB","potentialAction":[{"@type":"ReadAction","target":["https:\/\/odysseus-numismatique.com\/article\/philippe-vi-de-valois-gros\/"]}]},{"@type":"ImageObject","inLanguage":"en-GB","@id":"https:\/\/odysseus-numismatique.com\/article\/philippe-vi-de-valois-gros\/#primaryimage","url":"https:\/\/odysseus-numismatique.com\/wp-content\/uploads\/2024\/02\/philippe-vi-de-valois-gros.jpg","contentUrl":"https:\/\/odysseus-numismatique.com\/wp-content\/uploads\/2024\/02\/philippe-vi-de-valois-gros.jpg","width":1500,"height":750,"caption":"Odysseus Numismatique Monnaies Royales Cap\u00e9tiennes PHILIPPE VI DE VALOIS \u2022 Gros"},{"@type":"BreadcrumbList","@id":"https:\/\/odysseus-numismatique.com\/article\/philippe-vi-de-valois-gros\/#breadcrumb","itemListElement":[{"@type":"ListItem","position":1,"name":"Accueil","item":"https:\/\/odysseus-numismatique.com\/"},{"@type":"ListItem","position":2,"name":"Boutique","item":"https:\/\/odysseus-numismatique.com\/en\/boutique\/"},{"@type":"ListItem","position":3,"name":"PHILIPPE VI DE VALOIS Gros"}]},{"@type":"WebSite","@id":"https:\/\/odysseus-numismatique.com\/#website","url":"https:\/\/odysseus-numismatique.com\/","name":"Odysseus","description":"Numismatics","publisher":{"@id":"https:\/\/odysseus-numismatique.com\/#organization"},"potentialAction":[{"@type":"SearchAction","target":{"@type":"EntryPoint","urlTemplate":"https:\/\/odysseus-numismatique.com\/?s={search_term_string}"},"query-input":{"@type":"PropertyValueSpecification","valueRequired":true,"valueName":"search_term_string"}}],"inLanguage":"en-GB"},{"@type":"Organization","@id":"https:\/\/odysseus-numismatique.com\/#organization","name":"Odysseus","url":"https:\/\/odysseus-numismatique.com\/","logo":{"@type":"ImageObject","inLanguage":"en-GB","@id":"https:\/\/odysseus-numismatique.com\/#\/schema\/logo\/image\/","url":"https:\/\/odysseus-numismatique.com\/wp-content\/uploads\/2019\/04\/odysseus-numismatique.png","contentUrl":"https:\/\/odysseus-numismatique.com\/wp-content\/uploads\/2019\/04\/odysseus-numismatique.png","width":500,"height":500,"caption":"Odysseus"},"image":{"@id":"https:\/\/odysseus-numismatique.com\/#\/schema\/logo\/image\/"}}]}},"_links":{"self":[{"href":"https:\/\/odysseus-numismatique.com\/en\/wp-json\/wp\/v2\/product\/19085","targetHints":{"allow":["GET"]}}],"collection":[{"href":"https:\/\/odysseus-numismatique.com\/en\/wp-json\/wp\/v2\/product"}],"about":[{"href":"https:\/\/odysseus-numismatique.com\/en\/wp-json\/wp\/v2\/types\/product"}],"wp:featuredmedia":[{"embeddable":true,"href":"https:\/\/odysseus-numismatique.com\/en\/wp-json\/wp\/v2\/media\/19086"}],"wp:attachment":[{"href":"https:\/\/odysseus-numismatique.com\/en\/wp-json\/wp\/v2\/media?parent=19085"}],"wp:term":[{"taxonomy":"product_brand","embeddable":true,"href":"https:\/\/odysseus-numismatique.com\/en\/wp-json\/wp\/v2\/product_brand?post=19085"},{"taxonomy":"product_cat","embeddable":true,"href":"https:\/\/odysseus-numismatique.com\/en\/wp-json\/wp\/v2\/product_cat?post=19085"},{"taxonomy":"product_tag","embeddable":true,"href":"https:\/\/odysseus-numismatique.com\/en\/wp-json\/wp\/v2\/product_tag?post=19085"}],"curies":[{"name":"wp","href":"https:\/\/api.w.org\/{rel}","templated":true}]}}