{"id":19018,"date":"2024-02-16T15:08:50","date_gmt":"2024-02-16T14:08:50","guid":{"rendered":"https:\/\/odysseus-numismatique.com\/?post_type=product&#038;p=19018"},"modified":"2025-03-18T01:24:16","modified_gmt":"2025-03-18T00:24:16","slug":"aquitaine-edouard-iii-gros","status":"publish","type":"product","link":"https:\/\/odysseus-numismatique.com\/en\/article\/aquitaine-edouard-iii-gros\/","title":{"rendered":"AQUITAINE \u2013 EDWARD III <br \/> Gros"},"content":{"rendered":"<style>\n.tableproduct {border-collapse:none}\n.tableproduct td {border:none!important; padding:10px}\n.tableproduct .odd td {background-color:#424242}\n.tableproduct .even td {background-color:#3a3a3a}\n.tableproduct .column-1 {text-transform:uppercase; font-weight:bold; font-size:0.75em; width:20%}\n.tableproduct .column-2 {font-size:1em}\n<\/style>\n<table class=\"tableproduct\">\n<tr class=\"row-1 odd\">\n<td class=\"column-1\">Obverse<\/td>\n<td class=\"column-2\">+ DVX: AQITANIE<br \/>\nL\u00e9opard passant \u00e0 gauche entre deux lignes, bordure de feuilles<\/td>\n<\/tr>\n<tr class=\"row-2 even\">\n<td class=\"column-1\">Reverse<\/td>\n<td class=\"column-2\">ED REX ANG LIE<br \/>\nCroix coupant la l\u00e9gende int\u00e9rieure, l\u00e9gende ext\u00e9rieure<\/td>\n<\/tr>\n<tr class=\"row-3 odd\">\n<td class=\"column-1\">Denomination<\/td>\n<td class=\"column-2\">Gros \u00ab\u00a0au l\u00e9opard passant\u00a0\u00bb<\/td>\n<\/tr>\n<tr class=\"row-4 even\">\n<td class=\"column-1\">Date<\/td>\n<td class=\"column-2\">Circa AD 1347-1351<\/td>\n<\/tr>\n<tr class=\"row-5 odd\">\n<td class=\"column-1\">Mint<\/td>\n<td class=\"column-2\">Duch\u00e9 d&rsquo;Aquitaine<\/td>\n<\/tr>\n<tr class=\"row-6 even\">\n<td class=\"column-1\">Metal<\/td>\n<td class=\"column-2\">Billon<\/td>\n<\/tr>\n<tr class=\"row-7 odd\">\n<td class=\"column-1\">Weight<\/td>\n<td class=\"column-2\">1.51 g<\/td>\n<\/tr>\n<tr class=\"row-8 even\">\n<td class=\"column-1\">Diameter<\/td>\n<td class=\"column-2\">24.3 mm<\/td>\n<\/tr>\n<tr class=\"row-9 odd\">\n<td class=\"column-1\">Reference<\/td>\n<td class=\"column-2\">Elias 59 &#8211; Duplessy 1063<\/td>\n<\/tr>\n<tr class=\"row-10 even\">\n<td class=\"column-1\">Condition<\/td>\n<td class=\"column-2\">VF<\/td>\n<\/tr>\n<\/table>","protected":false},"excerpt":{"rendered":"<p>Avers + DVX: AQITANIE L\u00e9opard passant \u00e0 gauche entre deux lignes, bordure de feuilles Revers ED REX ANG LIE Croix coupant la l\u00e9gende int\u00e9rieure, l\u00e9gende ext\u00e9rieure Module Gros \u00ab\u00a0au l\u00e9opard passant\u00a0\u00bb Date Vers 1347-1351 ap. J.-C. Atelier Duch\u00e9 d&rsquo;Aquitaine M\u00e9tal Billon Poids 1.51 g Diam\u00e8tre 24.3 mm R\u00e9f\u00e9rence Elias 59 &#8211; Duplessy 1063 \u00c9tat TTB<\/p>","protected":false},"featured_media":19019,"template":"","meta":[],"product_brand":[],"product_cat":[249,304,17],"product_tag":[238,394],"class_list":{"0":"post-19018","1":"product","2":"type-product","3":"status-publish","4":"has-post-thumbnail","6":"product_cat-monnaies-feodales","7":"product_cat-moyen-age","8":"product_cat-numismatique","9":"product_tag-monnaies-feodales","10":"product_tag-numismatique","11":"pa_metal-billon","12":"pa_module-gros","14":"first","15":"instock","16":"sold-individually","17":"shipping-taxable","18":"purchasable","19":"product-type-simple"},"yoast_head":"<!-- This site is optimized with the Yoast SEO plugin v27.5 - https:\/\/yoast.com\/product\/yoast-seo-wordpress\/ -->\n<title>AQUITAINE - \u00c9DOUARD III \u2022 Gros &#8226; Odysseus<\/title>\n<meta name=\"robots\" content=\"index, follow, max-snippet:-1, max-image-preview:large, max-video-preview:-1\" \/>\n<link rel=\"canonical\" href=\"https:\/\/odysseus-numismatique.com\/en\/article\/aquitaine-edouard-iii-gros\/\" \/>\n<meta property=\"og:locale\" content=\"en_GB\" \/>\n<meta property=\"og:type\" content=\"article\" \/>\n<meta property=\"og:title\" content=\"AQUITAINE - \u00c9DOUARD III \u2022 Gros &#8226; Odysseus\" \/>\n<meta property=\"og:description\" content=\"Avers + DVX: AQITANIE L\u00e9opard passant \u00e0 gauche entre deux lignes, bordure de feuilles Revers ED REX ANG LIE Croix coupant la l\u00e9gende int\u00e9rieure, l\u00e9gende ext\u00e9rieure Module Gros \u00ab\u00a0au l\u00e9opard passant\u00a0\u00bb Date Vers 1347-1351 ap. J.-C. Atelier Duch\u00e9 d&rsquo;Aquitaine M\u00e9tal Billon Poids 1.51 g Diam\u00e8tre 24.3 mm R\u00e9f\u00e9rence Elias 59 &#8211; Duplessy 1063 \u00c9tat TTB\" \/>\n<meta property=\"og:url\" content=\"https:\/\/odysseus-numismatique.com\/en\/article\/aquitaine-edouard-iii-gros\/\" \/>\n<meta property=\"og:site_name\" content=\"Odysseus\" \/>\n<meta property=\"article:modified_time\" content=\"2025-03-18T00:24:16+00:00\" \/>\n<meta property=\"og:image\" content=\"https:\/\/odysseus-numismatique.com\/wp-content\/uploads\/2024\/02\/aquitaine-edouard-iii-gros.jpg\" \/>\n\t<meta property=\"og:image:width\" content=\"1500\" \/>\n\t<meta property=\"og:image:height\" content=\"750\" \/>\n\t<meta property=\"og:image:type\" content=\"image\/jpeg\" \/>\n<meta name=\"twitter:card\" content=\"summary_large_image\" \/>\n<meta name=\"twitter:label1\" content=\"Estimated reading time\" \/>\n\t<meta name=\"twitter:data1\" content=\"1 minute\" \/>\n<script type=\"application\/ld+json\" class=\"yoast-schema-graph\">{\"@context\":\"https:\\\/\\\/schema.org\",\"@graph\":[{\"@type\":\"WebPage\",\"@id\":\"https:\\\/\\\/odysseus-numismatique.com\\\/article\\\/aquitaine-edouard-iii-gros\\\/\",\"url\":\"https:\\\/\\\/odysseus-numismatique.com\\\/article\\\/aquitaine-edouard-iii-gros\\\/\",\"name\":\"AQUITAINE - \u00c9DOUARD III \u2022 Gros &#8226; Odysseus\",\"isPartOf\":{\"@id\":\"https:\\\/\\\/odysseus-numismatique.com\\\/#website\"},\"primaryImageOfPage\":{\"@id\":\"https:\\\/\\\/odysseus-numismatique.com\\\/article\\\/aquitaine-edouard-iii-gros\\\/#primaryimage\"},\"image\":{\"@id\":\"https:\\\/\\\/odysseus-numismatique.com\\\/article\\\/aquitaine-edouard-iii-gros\\\/#primaryimage\"},\"thumbnailUrl\":\"https:\\\/\\\/odysseus-numismatique.com\\\/wp-content\\\/uploads\\\/2024\\\/02\\\/aquitaine-edouard-iii-gros.jpg\",\"datePublished\":\"2024-02-16T14:08:50+00:00\",\"dateModified\":\"2025-03-18T00:24:16+00:00\",\"breadcrumb\":{\"@id\":\"https:\\\/\\\/odysseus-numismatique.com\\\/article\\\/aquitaine-edouard-iii-gros\\\/#breadcrumb\"},\"inLanguage\":\"en-GB\",\"potentialAction\":[{\"@type\":\"ReadAction\",\"target\":[\"https:\\\/\\\/odysseus-numismatique.com\\\/article\\\/aquitaine-edouard-iii-gros\\\/\"]}]},{\"@type\":\"ImageObject\",\"inLanguage\":\"en-GB\",\"@id\":\"https:\\\/\\\/odysseus-numismatique.com\\\/article\\\/aquitaine-edouard-iii-gros\\\/#primaryimage\",\"url\":\"https:\\\/\\\/odysseus-numismatique.com\\\/wp-content\\\/uploads\\\/2024\\\/02\\\/aquitaine-edouard-iii-gros.jpg\",\"contentUrl\":\"https:\\\/\\\/odysseus-numismatique.com\\\/wp-content\\\/uploads\\\/2024\\\/02\\\/aquitaine-edouard-iii-gros.jpg\",\"width\":1500,\"height\":750,\"caption\":\"Odysseus Numismatique Monnaies F\u00e9odales Anglo-Fran\u00e7aises AQUITAINE - \u00c9DOUARD III \u2022 Gros\"},{\"@type\":\"BreadcrumbList\",\"@id\":\"https:\\\/\\\/odysseus-numismatique.com\\\/article\\\/aquitaine-edouard-iii-gros\\\/#breadcrumb\",\"itemListElement\":[{\"@type\":\"ListItem\",\"position\":1,\"name\":\"Accueil\",\"item\":\"https:\\\/\\\/odysseus-numismatique.com\\\/\"},{\"@type\":\"ListItem\",\"position\":2,\"name\":\"Boutique\",\"item\":\"https:\\\/\\\/odysseus-numismatique.com\\\/en\\\/boutique\\\/\"},{\"@type\":\"ListItem\",\"position\":3,\"name\":\"AQUITAINE &#8211; \u00c9DOUARD III Gros\"}]},{\"@type\":\"WebSite\",\"@id\":\"https:\\\/\\\/odysseus-numismatique.com\\\/#website\",\"url\":\"https:\\\/\\\/odysseus-numismatique.com\\\/\",\"name\":\"Odysseus\",\"description\":\"Numismatique\",\"publisher\":{\"@id\":\"https:\\\/\\\/odysseus-numismatique.com\\\/#organization\"},\"potentialAction\":[{\"@type\":\"SearchAction\",\"target\":{\"@type\":\"EntryPoint\",\"urlTemplate\":\"https:\\\/\\\/odysseus-numismatique.com\\\/?s={search_term_string}\"},\"query-input\":{\"@type\":\"PropertyValueSpecification\",\"valueRequired\":true,\"valueName\":\"search_term_string\"}}],\"inLanguage\":\"en-GB\"},{\"@type\":\"Organization\",\"@id\":\"https:\\\/\\\/odysseus-numismatique.com\\\/#organization\",\"name\":\"Odysseus\",\"url\":\"https:\\\/\\\/odysseus-numismatique.com\\\/\",\"logo\":{\"@type\":\"ImageObject\",\"inLanguage\":\"en-GB\",\"@id\":\"https:\\\/\\\/odysseus-numismatique.com\\\/#\\\/schema\\\/logo\\\/image\\\/\",\"url\":\"https:\\\/\\\/odysseus-numismatique.com\\\/wp-content\\\/uploads\\\/2019\\\/04\\\/odysseus-numismatique.png\",\"contentUrl\":\"https:\\\/\\\/odysseus-numismatique.com\\\/wp-content\\\/uploads\\\/2019\\\/04\\\/odysseus-numismatique.png\",\"width\":500,\"height\":500,\"caption\":\"Odysseus\"},\"image\":{\"@id\":\"https:\\\/\\\/odysseus-numismatique.com\\\/#\\\/schema\\\/logo\\\/image\\\/\"}}]}<\/script>\n<!-- \/ Yoast SEO plugin. -->","yoast_head_json":{"title":"AQUITAINE - \u00c9DOUARD III \u2022 Gros &#8226; Odysseus","robots":{"index":"index","follow":"follow","max-snippet":"max-snippet:-1","max-image-preview":"max-image-preview:large","max-video-preview":"max-video-preview:-1"},"canonical":"https:\/\/odysseus-numismatique.com\/en\/article\/aquitaine-edouard-iii-gros\/","og_locale":"en_GB","og_type":"article","og_title":"AQUITAINE - \u00c9DOUARD III \u2022 Gros &#8226; Odysseus","og_description":"Avers + DVX: AQITANIE L\u00e9opard passant \u00e0 gauche entre deux lignes, bordure de feuilles Revers ED REX ANG LIE Croix coupant la l\u00e9gende int\u00e9rieure, l\u00e9gende ext\u00e9rieure Module Gros \u00ab\u00a0au l\u00e9opard passant\u00a0\u00bb Date Vers 1347-1351 ap. J.-C. Atelier Duch\u00e9 d&rsquo;Aquitaine M\u00e9tal Billon Poids 1.51 g Diam\u00e8tre 24.3 mm R\u00e9f\u00e9rence Elias 59 &#8211; Duplessy 1063 \u00c9tat TTB","og_url":"https:\/\/odysseus-numismatique.com\/en\/article\/aquitaine-edouard-iii-gros\/","og_site_name":"Odysseus","article_modified_time":"2025-03-18T00:24:16+00:00","og_image":[{"width":1500,"height":750,"url":"https:\/\/odysseus-numismatique.com\/wp-content\/uploads\/2024\/02\/aquitaine-edouard-iii-gros.jpg","type":"image\/jpeg"}],"twitter_card":"summary_large_image","twitter_misc":{"Estimated reading time":"1 minute"},"schema":{"@context":"https:\/\/schema.org","@graph":[{"@type":"WebPage","@id":"https:\/\/odysseus-numismatique.com\/article\/aquitaine-edouard-iii-gros\/","url":"https:\/\/odysseus-numismatique.com\/article\/aquitaine-edouard-iii-gros\/","name":"AQUITAINE - \u00c9DOUARD III \u2022 Gros &#8226; Odysseus","isPartOf":{"@id":"https:\/\/odysseus-numismatique.com\/#website"},"primaryImageOfPage":{"@id":"https:\/\/odysseus-numismatique.com\/article\/aquitaine-edouard-iii-gros\/#primaryimage"},"image":{"@id":"https:\/\/odysseus-numismatique.com\/article\/aquitaine-edouard-iii-gros\/#primaryimage"},"thumbnailUrl":"https:\/\/odysseus-numismatique.com\/wp-content\/uploads\/2024\/02\/aquitaine-edouard-iii-gros.jpg","datePublished":"2024-02-16T14:08:50+00:00","dateModified":"2025-03-18T00:24:16+00:00","breadcrumb":{"@id":"https:\/\/odysseus-numismatique.com\/article\/aquitaine-edouard-iii-gros\/#breadcrumb"},"inLanguage":"en-GB","potentialAction":[{"@type":"ReadAction","target":["https:\/\/odysseus-numismatique.com\/article\/aquitaine-edouard-iii-gros\/"]}]},{"@type":"ImageObject","inLanguage":"en-GB","@id":"https:\/\/odysseus-numismatique.com\/article\/aquitaine-edouard-iii-gros\/#primaryimage","url":"https:\/\/odysseus-numismatique.com\/wp-content\/uploads\/2024\/02\/aquitaine-edouard-iii-gros.jpg","contentUrl":"https:\/\/odysseus-numismatique.com\/wp-content\/uploads\/2024\/02\/aquitaine-edouard-iii-gros.jpg","width":1500,"height":750,"caption":"Odysseus Numismatique Monnaies F\u00e9odales Anglo-Fran\u00e7aises AQUITAINE - \u00c9DOUARD III \u2022 Gros"},{"@type":"BreadcrumbList","@id":"https:\/\/odysseus-numismatique.com\/article\/aquitaine-edouard-iii-gros\/#breadcrumb","itemListElement":[{"@type":"ListItem","position":1,"name":"Accueil","item":"https:\/\/odysseus-numismatique.com\/"},{"@type":"ListItem","position":2,"name":"Boutique","item":"https:\/\/odysseus-numismatique.com\/en\/boutique\/"},{"@type":"ListItem","position":3,"name":"AQUITAINE &#8211; \u00c9DOUARD III Gros"}]},{"@type":"WebSite","@id":"https:\/\/odysseus-numismatique.com\/#website","url":"https:\/\/odysseus-numismatique.com\/","name":"Odysseus","description":"Numismatics","publisher":{"@id":"https:\/\/odysseus-numismatique.com\/#organization"},"potentialAction":[{"@type":"SearchAction","target":{"@type":"EntryPoint","urlTemplate":"https:\/\/odysseus-numismatique.com\/?s={search_term_string}"},"query-input":{"@type":"PropertyValueSpecification","valueRequired":true,"valueName":"search_term_string"}}],"inLanguage":"en-GB"},{"@type":"Organization","@id":"https:\/\/odysseus-numismatique.com\/#organization","name":"Odysseus","url":"https:\/\/odysseus-numismatique.com\/","logo":{"@type":"ImageObject","inLanguage":"en-GB","@id":"https:\/\/odysseus-numismatique.com\/#\/schema\/logo\/image\/","url":"https:\/\/odysseus-numismatique.com\/wp-content\/uploads\/2019\/04\/odysseus-numismatique.png","contentUrl":"https:\/\/odysseus-numismatique.com\/wp-content\/uploads\/2019\/04\/odysseus-numismatique.png","width":500,"height":500,"caption":"Odysseus"},"image":{"@id":"https:\/\/odysseus-numismatique.com\/#\/schema\/logo\/image\/"}}]}},"_links":{"self":[{"href":"https:\/\/odysseus-numismatique.com\/en\/wp-json\/wp\/v2\/product\/19018","targetHints":{"allow":["GET"]}}],"collection":[{"href":"https:\/\/odysseus-numismatique.com\/en\/wp-json\/wp\/v2\/product"}],"about":[{"href":"https:\/\/odysseus-numismatique.com\/en\/wp-json\/wp\/v2\/types\/product"}],"wp:featuredmedia":[{"embeddable":true,"href":"https:\/\/odysseus-numismatique.com\/en\/wp-json\/wp\/v2\/media\/19019"}],"wp:attachment":[{"href":"https:\/\/odysseus-numismatique.com\/en\/wp-json\/wp\/v2\/media?parent=19018"}],"wp:term":[{"taxonomy":"product_brand","embeddable":true,"href":"https:\/\/odysseus-numismatique.com\/en\/wp-json\/wp\/v2\/product_brand?post=19018"},{"taxonomy":"product_cat","embeddable":true,"href":"https:\/\/odysseus-numismatique.com\/en\/wp-json\/wp\/v2\/product_cat?post=19018"},{"taxonomy":"product_tag","embeddable":true,"href":"https:\/\/odysseus-numismatique.com\/en\/wp-json\/wp\/v2\/product_tag?post=19018"}],"curies":[{"name":"wp","href":"https:\/\/api.w.org\/{rel}","templated":true}]}}