{"id":1865,"date":"2019-04-03T18:53:09","date_gmt":"2019-04-03T16:53:09","guid":{"rendered":"https:\/\/odysseus-numismatique.com\/?post_type=product&#038;p=1865"},"modified":"2025-04-03T00:10:18","modified_gmt":"2025-04-02T23:10:18","slug":"liste-a-prix-marques-n-xviii-vinchon-1987","status":"publish","type":"product","link":"https:\/\/odysseus-numismatique.com\/en\/article\/liste-a-prix-marques-n-xviii-vinchon-1987\/","title":{"rendered":"LISTE \u00c0 PRIX MARQU\u00c9S N\u00b0XVIII <br \/> Vinchon 1987"},"content":{"rendered":"<style>\n.tableproduct {border-collapse:none}\n.tableproduct td {border:none!important; padding:10px}\n.tableproduct .odd td {background-color:#424242}\n.tableproduct .even td {background-color:#3a3a3a}\n.tableproduct .column-1 {text-transform:uppercase; font-weight:bold; font-size:0.75em; width:20%}\n.tableproduct .column-2 {font-size:1em}\n<\/style>\n<table class=\"tableproduct\">\n<tr class=\"row-1 odd\">\n<td class=\"column-1\">Full Title<\/td>\n<td class=\"column-2\">Numismatics<br \/>\nListe \u00e0 Prix Marqu\u00e9s<br \/>\nTexte Descriptif + Reproductions Photographiques<\/td>\n<\/tr>\n<tr class=\"row-2 even\">\n<td class=\"column-1\">Expert<\/td>\n<td class=\"column-2\">Jean Vinchon<\/td>\n<\/tr>\n<tr class=\"row-3 odd\">\n<td class=\"column-1\">Auction house<\/td>\n<td class=\"column-2\">Vinchon (Paris)<\/td>\n<\/tr>\n<tr class=\"row-4 even\">\n<td class=\"column-1\">Date<\/td>\n<td class=\"column-2\">1987<\/td>\n<\/tr>\n<tr class=\"row-5 odd\">\n<td class=\"column-1\">Language<\/td>\n<td class=\"column-2\">Fran\u00e7ais<\/td>\n<\/tr>\n<tr class=\"row-6 even\">\n<td class=\"column-1\">Pages<\/td>\n<td class=\"column-2\">1316 num\u00e9ros<\/td>\n<\/tr>\n<tr class=\"row-7 odd\">\n<td class=\"column-1\">Specifications<\/td>\n<td class=\"column-2\">Broch\u00e9 &#8211; 210 x 295 mm<\/td>\n<\/tr>\n<tr class=\"row-8 even\">\n<td class=\"column-1\">Condition<\/td>\n<td class=\"column-2\">Bon \u00e9tat<\/td>\n<\/tr>\n<\/table>","protected":false},"excerpt":{"rendered":"<p>Titre complet Numismatique Liste \u00e0 Prix Marqu\u00e9s Texte Descriptif + Reproductions Photographiques Expert Jean Vinchon Maison de vente Vinchon (Paris) Date 1987 Langue Fran\u00e7ais Pages 1316 num\u00e9ros Caract\u00e9ristiques Broch\u00e9 &#8211; 210 x 295 mm \u00c9tat Bon \u00e9tat<\/p>","protected":false},"featured_media":20765,"template":"","meta":[],"product_brand":[],"product_cat":[36,19,384,31,30,34,129,32,128],"product_tag":[166,393,390,156,155,160,162,158,161],"class_list":{"0":"post-1865","1":"product","2":"type-product","3":"status-publish","4":"has-post-thumbnail","6":"product_cat-catalogues-de-vente","7":"product_cat-librairie","8":"product_cat-livres-monnaies-byzantines","9":"product_cat-livres-monnaies-gauloises","10":"product_cat-livres-monnaies-grecques","11":"product_cat-livres-monnaies-medievales","12":"product_cat-livres-monnaies-modernes","13":"product_cat-livres-monnaies-romaines","14":"product_cat-livres-monnaies-royales","15":"product_tag-catalogues-de-vente","16":"product_tag-librairie","17":"product_tag-livres-monnaies-byzantines","18":"product_tag-livres-monnaies-gauloises","19":"product_tag-livres-monnaies-grecques","20":"product_tag-livres-monnaies-medievales","21":"product_tag-livres-monnaies-modernes","22":"product_tag-livres-monnaies-romaines","23":"product_tag-livres-monnaies-royales","25":"first","26":"instock","27":"sold-individually","28":"shipping-taxable","29":"purchasable","30":"product-type-simple"},"yoast_head":"<!-- This site is optimized with the Yoast SEO plugin v27.5 - https:\/\/yoast.com\/product\/yoast-seo-wordpress\/ -->\n<title>LISTE \u00c0 PRIX MARQU\u00c9S N\u00b0XVIII \u2022 Vinchon 1987 &#8226; Odysseus<\/title>\n<meta name=\"robots\" content=\"index, follow, max-snippet:-1, max-image-preview:large, max-video-preview:-1\" \/>\n<link rel=\"canonical\" href=\"https:\/\/odysseus-numismatique.com\/en\/article\/liste-a-prix-marques-n-xviii-vinchon-1987\/\" \/>\n<meta property=\"og:locale\" content=\"en_GB\" \/>\n<meta property=\"og:type\" content=\"article\" \/>\n<meta property=\"og:title\" content=\"LISTE \u00c0 PRIX MARQU\u00c9S N\u00b0XVIII \u2022 Vinchon 1987 &#8226; Odysseus\" \/>\n<meta property=\"og:description\" content=\"Titre complet Numismatique Liste \u00e0 Prix Marqu\u00e9s Texte Descriptif + Reproductions Photographiques Expert Jean Vinchon Maison de vente Vinchon (Paris) Date 1987 Langue Fran\u00e7ais Pages 1316 num\u00e9ros Caract\u00e9ristiques Broch\u00e9 &#8211; 210 x 295 mm \u00c9tat Bon \u00e9tat\" \/>\n<meta property=\"og:url\" content=\"https:\/\/odysseus-numismatique.com\/en\/article\/liste-a-prix-marques-n-xviii-vinchon-1987\/\" \/>\n<meta property=\"og:site_name\" content=\"Odysseus\" \/>\n<meta property=\"article:modified_time\" content=\"2025-04-02T23:10:18+00:00\" \/>\n<meta property=\"og:image\" content=\"https:\/\/odysseus-numismatique.com\/wp-content\/uploads\/2019\/04\/liste-a-prix-marques-n-xviii-vinchon-1987.jpg\" \/>\n\t<meta property=\"og:image:width\" content=\"1500\" \/>\n\t<meta property=\"og:image:height\" content=\"750\" \/>\n\t<meta property=\"og:image:type\" content=\"image\/jpeg\" \/>\n<meta name=\"twitter:card\" content=\"summary_large_image\" \/>\n<meta name=\"twitter:label1\" content=\"Estimated reading time\" \/>\n\t<meta name=\"twitter:data1\" content=\"1 minute\" \/>\n<script type=\"application\/ld+json\" class=\"yoast-schema-graph\">{\"@context\":\"https:\\\/\\\/schema.org\",\"@graph\":[{\"@type\":\"WebPage\",\"@id\":\"https:\\\/\\\/odysseus-numismatique.com\\\/article\\\/liste-a-prix-marques-n-xviii-vinchon-1987\\\/\",\"url\":\"https:\\\/\\\/odysseus-numismatique.com\\\/article\\\/liste-a-prix-marques-n-xviii-vinchon-1987\\\/\",\"name\":\"LISTE \u00c0 PRIX MARQU\u00c9S N\u00b0XVIII \u2022 Vinchon 1987 &#8226; Odysseus\",\"isPartOf\":{\"@id\":\"https:\\\/\\\/odysseus-numismatique.com\\\/#website\"},\"primaryImageOfPage\":{\"@id\":\"https:\\\/\\\/odysseus-numismatique.com\\\/article\\\/liste-a-prix-marques-n-xviii-vinchon-1987\\\/#primaryimage\"},\"image\":{\"@id\":\"https:\\\/\\\/odysseus-numismatique.com\\\/article\\\/liste-a-prix-marques-n-xviii-vinchon-1987\\\/#primaryimage\"},\"thumbnailUrl\":\"https:\\\/\\\/odysseus-numismatique.com\\\/wp-content\\\/uploads\\\/2019\\\/04\\\/liste-a-prix-marques-n-xviii-vinchon-1987.jpg\",\"datePublished\":\"2019-04-03T16:53:09+00:00\",\"dateModified\":\"2025-04-02T23:10:18+00:00\",\"breadcrumb\":{\"@id\":\"https:\\\/\\\/odysseus-numismatique.com\\\/article\\\/liste-a-prix-marques-n-xviii-vinchon-1987\\\/#breadcrumb\"},\"inLanguage\":\"en-GB\",\"potentialAction\":[{\"@type\":\"ReadAction\",\"target\":[\"https:\\\/\\\/odysseus-numismatique.com\\\/article\\\/liste-a-prix-marques-n-xviii-vinchon-1987\\\/\"]}]},{\"@type\":\"ImageObject\",\"inLanguage\":\"en-GB\",\"@id\":\"https:\\\/\\\/odysseus-numismatique.com\\\/article\\\/liste-a-prix-marques-n-xviii-vinchon-1987\\\/#primaryimage\",\"url\":\"https:\\\/\\\/odysseus-numismatique.com\\\/wp-content\\\/uploads\\\/2019\\\/04\\\/liste-a-prix-marques-n-xviii-vinchon-1987.jpg\",\"contentUrl\":\"https:\\\/\\\/odysseus-numismatique.com\\\/wp-content\\\/uploads\\\/2019\\\/04\\\/liste-a-prix-marques-n-xviii-vinchon-1987.jpg\",\"width\":1500,\"height\":750,\"caption\":\"Odysseus Numismatique Livres Catalogues de Vente Monnaies LISTE \u00c0 PRIX MARQU\u00c9S N\u00b0 XVIII \u2022 Vinchon 1987\"},{\"@type\":\"BreadcrumbList\",\"@id\":\"https:\\\/\\\/odysseus-numismatique.com\\\/article\\\/liste-a-prix-marques-n-xviii-vinchon-1987\\\/#breadcrumb\",\"itemListElement\":[{\"@type\":\"ListItem\",\"position\":1,\"name\":\"Accueil\",\"item\":\"https:\\\/\\\/odysseus-numismatique.com\\\/\"},{\"@type\":\"ListItem\",\"position\":2,\"name\":\"Boutique\",\"item\":\"https:\\\/\\\/odysseus-numismatique.com\\\/en\\\/boutique\\\/\"},{\"@type\":\"ListItem\",\"position\":3,\"name\":\"LISTE \u00c0 PRIX MARQU\u00c9S N\u00b0XVIII Vinchon 1987\"}]},{\"@type\":\"WebSite\",\"@id\":\"https:\\\/\\\/odysseus-numismatique.com\\\/#website\",\"url\":\"https:\\\/\\\/odysseus-numismatique.com\\\/\",\"name\":\"Odysseus\",\"description\":\"Numismatique\",\"publisher\":{\"@id\":\"https:\\\/\\\/odysseus-numismatique.com\\\/#organization\"},\"potentialAction\":[{\"@type\":\"SearchAction\",\"target\":{\"@type\":\"EntryPoint\",\"urlTemplate\":\"https:\\\/\\\/odysseus-numismatique.com\\\/?s={search_term_string}\"},\"query-input\":{\"@type\":\"PropertyValueSpecification\",\"valueRequired\":true,\"valueName\":\"search_term_string\"}}],\"inLanguage\":\"en-GB\"},{\"@type\":\"Organization\",\"@id\":\"https:\\\/\\\/odysseus-numismatique.com\\\/#organization\",\"name\":\"Odysseus\",\"url\":\"https:\\\/\\\/odysseus-numismatique.com\\\/\",\"logo\":{\"@type\":\"ImageObject\",\"inLanguage\":\"en-GB\",\"@id\":\"https:\\\/\\\/odysseus-numismatique.com\\\/#\\\/schema\\\/logo\\\/image\\\/\",\"url\":\"https:\\\/\\\/odysseus-numismatique.com\\\/wp-content\\\/uploads\\\/2019\\\/04\\\/odysseus-numismatique.png\",\"contentUrl\":\"https:\\\/\\\/odysseus-numismatique.com\\\/wp-content\\\/uploads\\\/2019\\\/04\\\/odysseus-numismatique.png\",\"width\":500,\"height\":500,\"caption\":\"Odysseus\"},\"image\":{\"@id\":\"https:\\\/\\\/odysseus-numismatique.com\\\/#\\\/schema\\\/logo\\\/image\\\/\"}}]}<\/script>\n<!-- \/ Yoast SEO plugin. -->","yoast_head_json":{"title":"LISTE \u00c0 PRIX MARQU\u00c9S N\u00b0XVIII \u2022 Vinchon 1987 &#8226; Odysseus","robots":{"index":"index","follow":"follow","max-snippet":"max-snippet:-1","max-image-preview":"max-image-preview:large","max-video-preview":"max-video-preview:-1"},"canonical":"https:\/\/odysseus-numismatique.com\/en\/article\/liste-a-prix-marques-n-xviii-vinchon-1987\/","og_locale":"en_GB","og_type":"article","og_title":"LISTE \u00c0 PRIX MARQU\u00c9S N\u00b0XVIII \u2022 Vinchon 1987 &#8226; Odysseus","og_description":"Titre complet Numismatique Liste \u00e0 Prix Marqu\u00e9s Texte Descriptif + Reproductions Photographiques Expert Jean Vinchon Maison de vente Vinchon (Paris) Date 1987 Langue Fran\u00e7ais Pages 1316 num\u00e9ros Caract\u00e9ristiques Broch\u00e9 &#8211; 210 x 295 mm \u00c9tat Bon \u00e9tat","og_url":"https:\/\/odysseus-numismatique.com\/en\/article\/liste-a-prix-marques-n-xviii-vinchon-1987\/","og_site_name":"Odysseus","article_modified_time":"2025-04-02T23:10:18+00:00","og_image":[{"width":1500,"height":750,"url":"https:\/\/odysseus-numismatique.com\/wp-content\/uploads\/2019\/04\/liste-a-prix-marques-n-xviii-vinchon-1987.jpg","type":"image\/jpeg"}],"twitter_card":"summary_large_image","twitter_misc":{"Estimated reading time":"1 minute"},"schema":{"@context":"https:\/\/schema.org","@graph":[{"@type":"WebPage","@id":"https:\/\/odysseus-numismatique.com\/article\/liste-a-prix-marques-n-xviii-vinchon-1987\/","url":"https:\/\/odysseus-numismatique.com\/article\/liste-a-prix-marques-n-xviii-vinchon-1987\/","name":"LISTE \u00c0 PRIX MARQU\u00c9S N\u00b0XVIII \u2022 Vinchon 1987 &#8226; Odysseus","isPartOf":{"@id":"https:\/\/odysseus-numismatique.com\/#website"},"primaryImageOfPage":{"@id":"https:\/\/odysseus-numismatique.com\/article\/liste-a-prix-marques-n-xviii-vinchon-1987\/#primaryimage"},"image":{"@id":"https:\/\/odysseus-numismatique.com\/article\/liste-a-prix-marques-n-xviii-vinchon-1987\/#primaryimage"},"thumbnailUrl":"https:\/\/odysseus-numismatique.com\/wp-content\/uploads\/2019\/04\/liste-a-prix-marques-n-xviii-vinchon-1987.jpg","datePublished":"2019-04-03T16:53:09+00:00","dateModified":"2025-04-02T23:10:18+00:00","breadcrumb":{"@id":"https:\/\/odysseus-numismatique.com\/article\/liste-a-prix-marques-n-xviii-vinchon-1987\/#breadcrumb"},"inLanguage":"en-GB","potentialAction":[{"@type":"ReadAction","target":["https:\/\/odysseus-numismatique.com\/article\/liste-a-prix-marques-n-xviii-vinchon-1987\/"]}]},{"@type":"ImageObject","inLanguage":"en-GB","@id":"https:\/\/odysseus-numismatique.com\/article\/liste-a-prix-marques-n-xviii-vinchon-1987\/#primaryimage","url":"https:\/\/odysseus-numismatique.com\/wp-content\/uploads\/2019\/04\/liste-a-prix-marques-n-xviii-vinchon-1987.jpg","contentUrl":"https:\/\/odysseus-numismatique.com\/wp-content\/uploads\/2019\/04\/liste-a-prix-marques-n-xviii-vinchon-1987.jpg","width":1500,"height":750,"caption":"Odysseus Numismatique Livres Catalogues de Vente Monnaies LISTE \u00c0 PRIX MARQU\u00c9S N\u00b0 XVIII \u2022 Vinchon 1987"},{"@type":"BreadcrumbList","@id":"https:\/\/odysseus-numismatique.com\/article\/liste-a-prix-marques-n-xviii-vinchon-1987\/#breadcrumb","itemListElement":[{"@type":"ListItem","position":1,"name":"Accueil","item":"https:\/\/odysseus-numismatique.com\/"},{"@type":"ListItem","position":2,"name":"Boutique","item":"https:\/\/odysseus-numismatique.com\/en\/boutique\/"},{"@type":"ListItem","position":3,"name":"LISTE \u00c0 PRIX MARQU\u00c9S N\u00b0XVIII Vinchon 1987"}]},{"@type":"WebSite","@id":"https:\/\/odysseus-numismatique.com\/#website","url":"https:\/\/odysseus-numismatique.com\/","name":"Odysseus","description":"Numismatics","publisher":{"@id":"https:\/\/odysseus-numismatique.com\/#organization"},"potentialAction":[{"@type":"SearchAction","target":{"@type":"EntryPoint","urlTemplate":"https:\/\/odysseus-numismatique.com\/?s={search_term_string}"},"query-input":{"@type":"PropertyValueSpecification","valueRequired":true,"valueName":"search_term_string"}}],"inLanguage":"en-GB"},{"@type":"Organization","@id":"https:\/\/odysseus-numismatique.com\/#organization","name":"Odysseus","url":"https:\/\/odysseus-numismatique.com\/","logo":{"@type":"ImageObject","inLanguage":"en-GB","@id":"https:\/\/odysseus-numismatique.com\/#\/schema\/logo\/image\/","url":"https:\/\/odysseus-numismatique.com\/wp-content\/uploads\/2019\/04\/odysseus-numismatique.png","contentUrl":"https:\/\/odysseus-numismatique.com\/wp-content\/uploads\/2019\/04\/odysseus-numismatique.png","width":500,"height":500,"caption":"Odysseus"},"image":{"@id":"https:\/\/odysseus-numismatique.com\/#\/schema\/logo\/image\/"}}]}},"_links":{"self":[{"href":"https:\/\/odysseus-numismatique.com\/en\/wp-json\/wp\/v2\/product\/1865","targetHints":{"allow":["GET"]}}],"collection":[{"href":"https:\/\/odysseus-numismatique.com\/en\/wp-json\/wp\/v2\/product"}],"about":[{"href":"https:\/\/odysseus-numismatique.com\/en\/wp-json\/wp\/v2\/types\/product"}],"wp:featuredmedia":[{"embeddable":true,"href":"https:\/\/odysseus-numismatique.com\/en\/wp-json\/wp\/v2\/media\/20765"}],"wp:attachment":[{"href":"https:\/\/odysseus-numismatique.com\/en\/wp-json\/wp\/v2\/media?parent=1865"}],"wp:term":[{"taxonomy":"product_brand","embeddable":true,"href":"https:\/\/odysseus-numismatique.com\/en\/wp-json\/wp\/v2\/product_brand?post=1865"},{"taxonomy":"product_cat","embeddable":true,"href":"https:\/\/odysseus-numismatique.com\/en\/wp-json\/wp\/v2\/product_cat?post=1865"},{"taxonomy":"product_tag","embeddable":true,"href":"https:\/\/odysseus-numismatique.com\/en\/wp-json\/wp\/v2\/product_tag?post=1865"}],"curies":[{"name":"wp","href":"https:\/\/api.w.org\/{rel}","templated":true}]}}