{"id":1846,"date":"2019-04-03T19:01:41","date_gmt":"2019-04-03T17:01:41","guid":{"rendered":"https:\/\/odysseus-numismatique.com\/?post_type=product&#038;p=1846"},"modified":"2025-04-03T00:07:25","modified_gmt":"2025-04-02T23:07:25","slug":"monnaies-cylindres-intailles-bijoux-antiques-vinchon-1972","status":"publish","type":"product","link":"https:\/\/odysseus-numismatique.com\/en\/article\/monnaies-cylindres-intailles-bijoux-antiques-vinchon-1972\/","title":{"rendered":"MONNAIES, CYLINDRES, INTAILLES, BIJOUX ANTIQUES <br \/> Vinchon 1972"},"content":{"rendered":"<style>\n.tableproduct {border-collapse:none}\n.tableproduct td {border:none!important; padding:10px}\n.tableproduct .odd td {background-color:#424242}\n.tableproduct .even td {background-color:#3a3a3a}\n.tableproduct .column-1 {text-transform:uppercase; font-weight:bold; font-size:0.75em; width:20%}\n.tableproduct .column-2 {font-size:1em}\n<\/style>\n<table class=\"tableproduct\">\n<tr class=\"row-1 odd\">\n<td class=\"column-1\">Full Title<\/td>\n<td class=\"column-2\">Monnaies Antiques Romaines en Or, Gauloises en Or et Argent<br \/>\nMonnaies Royales Fran\u00e7aises en Or de Louis XI \u00e0 Louis XVI<br \/>\nMonnaies du Syst\u00e8me D\u00e9cimal en Or de Napol\u00e9on Ier \u00e0 la IIIe R\u00e9publique<br \/>\nMonnaies Royales Fran\u00e7aises en Argent de Fran\u00e7ois Ier \u00e0 Louis XVI<br \/>\nMonnaies du Syst\u00e8me D\u00e9cimal en Argent de Napol\u00e9on Ier \u00e0 nos jours<br \/>\nMonnaies Royales Fran\u00e7aises et Contemporaines de Louis XI \u00e0 la IIIe R\u00e9publique<br \/>\nMonnaies \u00c9trang\u00e8res en Or<br \/>\nCollection de Cylindres Orientaux et Bijoux Antiques<\/td>\n<\/tr>\n<tr class=\"row-2 even\">\n<td class=\"column-1\">Expert<\/td>\n<td class=\"column-2\">Jean Vinchon<\/td>\n<\/tr>\n<tr class=\"row-3 odd\">\n<td class=\"column-1\">Auction house<\/td>\n<td class=\"column-2\">H\u00f4tel Drouot (Paris)<\/td>\n<\/tr>\n<tr class=\"row-4 even\">\n<td class=\"column-1\">Date<\/td>\n<td class=\"column-2\">6-7 Novembre 1972<\/td>\n<\/tr>\n<tr class=\"row-5 odd\">\n<td class=\"column-1\">Language<\/td>\n<td class=\"column-2\">Fran\u00e7ais<\/td>\n<\/tr>\n<tr class=\"row-6 even\">\n<td class=\"column-1\">Pages<\/td>\n<td class=\"column-2\">638 num\u00e9ros<\/td>\n<\/tr>\n<tr class=\"row-7 odd\">\n<td class=\"column-1\">Specifications<\/td>\n<td class=\"column-2\">Broch\u00e9 &#8211; 210 x 270 mm<\/td>\n<\/tr>\n<tr class=\"row-8 even\">\n<td class=\"column-1\">Condition<\/td>\n<td class=\"column-2\">Assez bon \u00e9tat<\/td>\n<\/tr>\n<\/table>","protected":false},"excerpt":{"rendered":"<p>Titre complet Monnaies Antiques Romaines en Or, Gauloises en Or et Argent Monnaies Royales Fran\u00e7aises en Or de Louis XI \u00e0 Louis XVI Monnaies du Syst\u00e8me D\u00e9cimal en Or de Napol\u00e9on Ier \u00e0 la IIIe R\u00e9publique Monnaies Royales Fran\u00e7aises en Argent de Fran\u00e7ois Ier \u00e0 Louis XVI Monnaies du Syst\u00e8me D\u00e9cimal en Argent de Napol\u00e9on [&hellip;]<\/p>\n","protected":false},"featured_media":20757,"template":"","meta":[],"product_brand":[],"product_cat":[388],"product_tag":[166,393,165,164,156,162,158,161],"class_list":{"0":"post-1846","1":"product","2":"type-product","3":"status-publish","4":"has-post-thumbnail","6":"product_cat-archives-librairie","7":"product_tag-catalogues-de-vente","8":"product_tag-librairie","9":"product_tag-livres-archeologie","10":"product_tag-livres-glyptique","11":"product_tag-livres-monnaies-gauloises","12":"product_tag-livres-monnaies-modernes","13":"product_tag-livres-monnaies-romaines","14":"product_tag-livres-monnaies-royales","16":"first","17":"outofstock","18":"sold-individually","19":"shipping-taxable","20":"purchasable","21":"product-type-simple"},"yoast_head":"<!-- This site is optimized with the Yoast SEO plugin v27.5 - https:\/\/yoast.com\/product\/yoast-seo-wordpress\/ -->\n<title>MONNAIES, CYLINDRES, INTAILLES, BIJOUX ANTIQUES \u2022 Vinchon 1972 &#8226; Odysseus<\/title>\n<meta name=\"robots\" content=\"index, follow, max-snippet:-1, max-image-preview:large, max-video-preview:-1\" \/>\n<link rel=\"canonical\" href=\"https:\/\/odysseus-numismatique.com\/en\/article\/monnaies-cylindres-intailles-bijoux-antiques-vinchon-1972\/\" \/>\n<meta property=\"og:locale\" content=\"en_GB\" \/>\n<meta property=\"og:type\" content=\"article\" \/>\n<meta property=\"og:title\" content=\"MONNAIES, CYLINDRES, INTAILLES, BIJOUX ANTIQUES \u2022 Vinchon 1972 &#8226; Odysseus\" \/>\n<meta property=\"og:description\" content=\"Titre complet Monnaies Antiques Romaines en Or, Gauloises en Or et Argent Monnaies Royales Fran\u00e7aises en Or de Louis XI \u00e0 Louis XVI Monnaies du Syst\u00e8me D\u00e9cimal en Or de Napol\u00e9on Ier \u00e0 la IIIe R\u00e9publique Monnaies Royales Fran\u00e7aises en Argent de Fran\u00e7ois Ier \u00e0 Louis XVI Monnaies du Syst\u00e8me D\u00e9cimal en Argent de Napol\u00e9on [&hellip;]\" \/>\n<meta property=\"og:url\" content=\"https:\/\/odysseus-numismatique.com\/en\/article\/monnaies-cylindres-intailles-bijoux-antiques-vinchon-1972\/\" \/>\n<meta property=\"og:site_name\" content=\"Odysseus\" \/>\n<meta property=\"article:modified_time\" content=\"2025-04-02T23:07:25+00:00\" \/>\n<meta property=\"og:image\" content=\"https:\/\/odysseus-numismatique.com\/wp-content\/uploads\/2019\/04\/monnaies-cylindres-intailles-bijoux-antiques-vinchon-1972.jpg\" \/>\n\t<meta property=\"og:image:width\" content=\"1500\" \/>\n\t<meta property=\"og:image:height\" content=\"750\" \/>\n\t<meta property=\"og:image:type\" content=\"image\/jpeg\" \/>\n<meta name=\"twitter:card\" content=\"summary_large_image\" \/>\n<meta name=\"twitter:label1\" content=\"Estimated reading time\" \/>\n\t<meta name=\"twitter:data1\" content=\"1 minute\" \/>\n<script type=\"application\/ld+json\" class=\"yoast-schema-graph\">{\"@context\":\"https:\\\/\\\/schema.org\",\"@graph\":[{\"@type\":\"WebPage\",\"@id\":\"https:\\\/\\\/odysseus-numismatique.com\\\/article\\\/monnaies-cylindres-intailles-bijoux-antiques-vinchon-1972\\\/\",\"url\":\"https:\\\/\\\/odysseus-numismatique.com\\\/article\\\/monnaies-cylindres-intailles-bijoux-antiques-vinchon-1972\\\/\",\"name\":\"MONNAIES, CYLINDRES, INTAILLES, BIJOUX ANTIQUES \u2022 Vinchon 1972 &#8226; Odysseus\",\"isPartOf\":{\"@id\":\"https:\\\/\\\/odysseus-numismatique.com\\\/#website\"},\"primaryImageOfPage\":{\"@id\":\"https:\\\/\\\/odysseus-numismatique.com\\\/article\\\/monnaies-cylindres-intailles-bijoux-antiques-vinchon-1972\\\/#primaryimage\"},\"image\":{\"@id\":\"https:\\\/\\\/odysseus-numismatique.com\\\/article\\\/monnaies-cylindres-intailles-bijoux-antiques-vinchon-1972\\\/#primaryimage\"},\"thumbnailUrl\":\"https:\\\/\\\/odysseus-numismatique.com\\\/wp-content\\\/uploads\\\/2019\\\/04\\\/monnaies-cylindres-intailles-bijoux-antiques-vinchon-1972.jpg\",\"datePublished\":\"2019-04-03T17:01:41+00:00\",\"dateModified\":\"2025-04-02T23:07:25+00:00\",\"breadcrumb\":{\"@id\":\"https:\\\/\\\/odysseus-numismatique.com\\\/article\\\/monnaies-cylindres-intailles-bijoux-antiques-vinchon-1972\\\/#breadcrumb\"},\"inLanguage\":\"en-GB\",\"potentialAction\":[{\"@type\":\"ReadAction\",\"target\":[\"https:\\\/\\\/odysseus-numismatique.com\\\/article\\\/monnaies-cylindres-intailles-bijoux-antiques-vinchon-1972\\\/\"]}]},{\"@type\":\"ImageObject\",\"inLanguage\":\"en-GB\",\"@id\":\"https:\\\/\\\/odysseus-numismatique.com\\\/article\\\/monnaies-cylindres-intailles-bijoux-antiques-vinchon-1972\\\/#primaryimage\",\"url\":\"https:\\\/\\\/odysseus-numismatique.com\\\/wp-content\\\/uploads\\\/2019\\\/04\\\/monnaies-cylindres-intailles-bijoux-antiques-vinchon-1972.jpg\",\"contentUrl\":\"https:\\\/\\\/odysseus-numismatique.com\\\/wp-content\\\/uploads\\\/2019\\\/04\\\/monnaies-cylindres-intailles-bijoux-antiques-vinchon-1972.jpg\",\"width\":1500,\"height\":750,\"caption\":\"Odysseus Numismatique Livres Catalogues de Vente Monnaies MONNAIES - CYLINDRES - INTAILLES - BIJOUX ANTIQUES \u2022 Vinchon 1972\"},{\"@type\":\"BreadcrumbList\",\"@id\":\"https:\\\/\\\/odysseus-numismatique.com\\\/article\\\/monnaies-cylindres-intailles-bijoux-antiques-vinchon-1972\\\/#breadcrumb\",\"itemListElement\":[{\"@type\":\"ListItem\",\"position\":1,\"name\":\"Accueil\",\"item\":\"https:\\\/\\\/odysseus-numismatique.com\\\/\"},{\"@type\":\"ListItem\",\"position\":2,\"name\":\"Boutique\",\"item\":\"https:\\\/\\\/odysseus-numismatique.com\\\/en\\\/boutique\\\/\"},{\"@type\":\"ListItem\",\"position\":3,\"name\":\"MONNAIES, CYLINDRES, INTAILLES, BIJOUX ANTIQUES Vinchon 1972\"}]},{\"@type\":\"WebSite\",\"@id\":\"https:\\\/\\\/odysseus-numismatique.com\\\/#website\",\"url\":\"https:\\\/\\\/odysseus-numismatique.com\\\/\",\"name\":\"Odysseus\",\"description\":\"Numismatique\",\"publisher\":{\"@id\":\"https:\\\/\\\/odysseus-numismatique.com\\\/#organization\"},\"potentialAction\":[{\"@type\":\"SearchAction\",\"target\":{\"@type\":\"EntryPoint\",\"urlTemplate\":\"https:\\\/\\\/odysseus-numismatique.com\\\/?s={search_term_string}\"},\"query-input\":{\"@type\":\"PropertyValueSpecification\",\"valueRequired\":true,\"valueName\":\"search_term_string\"}}],\"inLanguage\":\"en-GB\"},{\"@type\":\"Organization\",\"@id\":\"https:\\\/\\\/odysseus-numismatique.com\\\/#organization\",\"name\":\"Odysseus\",\"url\":\"https:\\\/\\\/odysseus-numismatique.com\\\/\",\"logo\":{\"@type\":\"ImageObject\",\"inLanguage\":\"en-GB\",\"@id\":\"https:\\\/\\\/odysseus-numismatique.com\\\/#\\\/schema\\\/logo\\\/image\\\/\",\"url\":\"https:\\\/\\\/odysseus-numismatique.com\\\/wp-content\\\/uploads\\\/2019\\\/04\\\/odysseus-numismatique.png\",\"contentUrl\":\"https:\\\/\\\/odysseus-numismatique.com\\\/wp-content\\\/uploads\\\/2019\\\/04\\\/odysseus-numismatique.png\",\"width\":500,\"height\":500,\"caption\":\"Odysseus\"},\"image\":{\"@id\":\"https:\\\/\\\/odysseus-numismatique.com\\\/#\\\/schema\\\/logo\\\/image\\\/\"}}]}<\/script>\n<!-- \/ Yoast SEO plugin. -->","yoast_head_json":{"title":"MONNAIES, CYLINDRES, INTAILLES, BIJOUX ANTIQUES \u2022 Vinchon 1972 &#8226; Odysseus","robots":{"index":"index","follow":"follow","max-snippet":"max-snippet:-1","max-image-preview":"max-image-preview:large","max-video-preview":"max-video-preview:-1"},"canonical":"https:\/\/odysseus-numismatique.com\/en\/article\/monnaies-cylindres-intailles-bijoux-antiques-vinchon-1972\/","og_locale":"en_GB","og_type":"article","og_title":"MONNAIES, CYLINDRES, INTAILLES, BIJOUX ANTIQUES \u2022 Vinchon 1972 &#8226; Odysseus","og_description":"Titre complet Monnaies Antiques Romaines en Or, Gauloises en Or et Argent Monnaies Royales Fran\u00e7aises en Or de Louis XI \u00e0 Louis XVI Monnaies du Syst\u00e8me D\u00e9cimal en Or de Napol\u00e9on Ier \u00e0 la IIIe R\u00e9publique Monnaies Royales Fran\u00e7aises en Argent de Fran\u00e7ois Ier \u00e0 Louis XVI Monnaies du Syst\u00e8me D\u00e9cimal en Argent de Napol\u00e9on [&hellip;]","og_url":"https:\/\/odysseus-numismatique.com\/en\/article\/monnaies-cylindres-intailles-bijoux-antiques-vinchon-1972\/","og_site_name":"Odysseus","article_modified_time":"2025-04-02T23:07:25+00:00","og_image":[{"width":1500,"height":750,"url":"https:\/\/odysseus-numismatique.com\/wp-content\/uploads\/2019\/04\/monnaies-cylindres-intailles-bijoux-antiques-vinchon-1972.jpg","type":"image\/jpeg"}],"twitter_card":"summary_large_image","twitter_misc":{"Estimated reading time":"1 minute"},"schema":{"@context":"https:\/\/schema.org","@graph":[{"@type":"WebPage","@id":"https:\/\/odysseus-numismatique.com\/article\/monnaies-cylindres-intailles-bijoux-antiques-vinchon-1972\/","url":"https:\/\/odysseus-numismatique.com\/article\/monnaies-cylindres-intailles-bijoux-antiques-vinchon-1972\/","name":"MONNAIES, CYLINDRES, INTAILLES, BIJOUX ANTIQUES \u2022 Vinchon 1972 &#8226; Odysseus","isPartOf":{"@id":"https:\/\/odysseus-numismatique.com\/#website"},"primaryImageOfPage":{"@id":"https:\/\/odysseus-numismatique.com\/article\/monnaies-cylindres-intailles-bijoux-antiques-vinchon-1972\/#primaryimage"},"image":{"@id":"https:\/\/odysseus-numismatique.com\/article\/monnaies-cylindres-intailles-bijoux-antiques-vinchon-1972\/#primaryimage"},"thumbnailUrl":"https:\/\/odysseus-numismatique.com\/wp-content\/uploads\/2019\/04\/monnaies-cylindres-intailles-bijoux-antiques-vinchon-1972.jpg","datePublished":"2019-04-03T17:01:41+00:00","dateModified":"2025-04-02T23:07:25+00:00","breadcrumb":{"@id":"https:\/\/odysseus-numismatique.com\/article\/monnaies-cylindres-intailles-bijoux-antiques-vinchon-1972\/#breadcrumb"},"inLanguage":"en-GB","potentialAction":[{"@type":"ReadAction","target":["https:\/\/odysseus-numismatique.com\/article\/monnaies-cylindres-intailles-bijoux-antiques-vinchon-1972\/"]}]},{"@type":"ImageObject","inLanguage":"en-GB","@id":"https:\/\/odysseus-numismatique.com\/article\/monnaies-cylindres-intailles-bijoux-antiques-vinchon-1972\/#primaryimage","url":"https:\/\/odysseus-numismatique.com\/wp-content\/uploads\/2019\/04\/monnaies-cylindres-intailles-bijoux-antiques-vinchon-1972.jpg","contentUrl":"https:\/\/odysseus-numismatique.com\/wp-content\/uploads\/2019\/04\/monnaies-cylindres-intailles-bijoux-antiques-vinchon-1972.jpg","width":1500,"height":750,"caption":"Odysseus Numismatique Livres Catalogues de Vente Monnaies MONNAIES - CYLINDRES - INTAILLES - BIJOUX ANTIQUES \u2022 Vinchon 1972"},{"@type":"BreadcrumbList","@id":"https:\/\/odysseus-numismatique.com\/article\/monnaies-cylindres-intailles-bijoux-antiques-vinchon-1972\/#breadcrumb","itemListElement":[{"@type":"ListItem","position":1,"name":"Accueil","item":"https:\/\/odysseus-numismatique.com\/"},{"@type":"ListItem","position":2,"name":"Boutique","item":"https:\/\/odysseus-numismatique.com\/en\/boutique\/"},{"@type":"ListItem","position":3,"name":"MONNAIES, CYLINDRES, INTAILLES, BIJOUX ANTIQUES Vinchon 1972"}]},{"@type":"WebSite","@id":"https:\/\/odysseus-numismatique.com\/#website","url":"https:\/\/odysseus-numismatique.com\/","name":"Odysseus","description":"Numismatics","publisher":{"@id":"https:\/\/odysseus-numismatique.com\/#organization"},"potentialAction":[{"@type":"SearchAction","target":{"@type":"EntryPoint","urlTemplate":"https:\/\/odysseus-numismatique.com\/?s={search_term_string}"},"query-input":{"@type":"PropertyValueSpecification","valueRequired":true,"valueName":"search_term_string"}}],"inLanguage":"en-GB"},{"@type":"Organization","@id":"https:\/\/odysseus-numismatique.com\/#organization","name":"Odysseus","url":"https:\/\/odysseus-numismatique.com\/","logo":{"@type":"ImageObject","inLanguage":"en-GB","@id":"https:\/\/odysseus-numismatique.com\/#\/schema\/logo\/image\/","url":"https:\/\/odysseus-numismatique.com\/wp-content\/uploads\/2019\/04\/odysseus-numismatique.png","contentUrl":"https:\/\/odysseus-numismatique.com\/wp-content\/uploads\/2019\/04\/odysseus-numismatique.png","width":500,"height":500,"caption":"Odysseus"},"image":{"@id":"https:\/\/odysseus-numismatique.com\/#\/schema\/logo\/image\/"}}]}},"_links":{"self":[{"href":"https:\/\/odysseus-numismatique.com\/en\/wp-json\/wp\/v2\/product\/1846","targetHints":{"allow":["GET"]}}],"collection":[{"href":"https:\/\/odysseus-numismatique.com\/en\/wp-json\/wp\/v2\/product"}],"about":[{"href":"https:\/\/odysseus-numismatique.com\/en\/wp-json\/wp\/v2\/types\/product"}],"wp:featuredmedia":[{"embeddable":true,"href":"https:\/\/odysseus-numismatique.com\/en\/wp-json\/wp\/v2\/media\/20757"}],"wp:attachment":[{"href":"https:\/\/odysseus-numismatique.com\/en\/wp-json\/wp\/v2\/media?parent=1846"}],"wp:term":[{"taxonomy":"product_brand","embeddable":true,"href":"https:\/\/odysseus-numismatique.com\/en\/wp-json\/wp\/v2\/product_brand?post=1846"},{"taxonomy":"product_cat","embeddable":true,"href":"https:\/\/odysseus-numismatique.com\/en\/wp-json\/wp\/v2\/product_cat?post=1846"},{"taxonomy":"product_tag","embeddable":true,"href":"https:\/\/odysseus-numismatique.com\/en\/wp-json\/wp\/v2\/product_tag?post=1846"}],"curies":[{"name":"wp","href":"https:\/\/api.w.org\/{rel}","templated":true}]}}