{"id":1837,"date":"2019-04-03T19:12:57","date_gmt":"2019-04-03T18:12:57","guid":{"rendered":"https:\/\/odysseus-numismatique.com\/?post_type=product&#038;p=1837"},"modified":"2025-04-02T23:55:34","modified_gmt":"2025-04-02T22:55:34","slug":"monnaies-antiques-grecques-romaines-byzantines-vinchon-1959","status":"publish","type":"product","link":"https:\/\/odysseus-numismatique.com\/en\/article\/monnaies-antiques-grecques-romaines-byzantines-vinchon-1959\/","title":{"rendered":"COLLECTION DE MADAME M. P. &#8211; MONNAIES ANTIQUES <br \/> Vinchon 1959"},"content":{"rendered":"<style>\n.tableproduct {border-collapse:none}\n.tableproduct td {border:none!important; padding:10px}\n.tableproduct .odd td {background-color:#424242}\n.tableproduct .even td {background-color:#3a3a3a}\n.tableproduct .column-1 {text-transform:uppercase; font-weight:bold; font-size:0.75em; width:20%}\n.tableproduct .column-2 {font-size:1em}\n<\/style>\n<table class=\"tableproduct\">\n<tr class=\"row-1 odd\">\n<td class=\"column-1\">Full Title<\/td>\n<td class=\"column-2\">Collection de Madame M. P.<br \/>\nMonnaies Grecques et Romaines en Argent et Bronze<br \/>\nMonnaies Byzantines en Or et Argent<\/td>\n<\/tr>\n<tr class=\"row-2 even\">\n<td class=\"column-1\">Expert<\/td>\n<td class=\"column-2\">Jean Vinchon<\/td>\n<\/tr>\n<tr class=\"row-3 odd\">\n<td class=\"column-1\">Auction house<\/td>\n<td class=\"column-2\">H\u00f4tel Drouot (Paris)<\/td>\n<\/tr>\n<tr class=\"row-4 even\">\n<td class=\"column-1\">Date<\/td>\n<td class=\"column-2\">6-7 Avril 1959<\/td>\n<\/tr>\n<tr class=\"row-5 odd\">\n<td class=\"column-1\">Language<\/td>\n<td class=\"column-2\">Fran\u00e7ais<\/td>\n<\/tr>\n<tr class=\"row-6 even\">\n<td class=\"column-1\">Pages<\/td>\n<td class=\"column-2\">450 num\u00e9ros &#8211; 8 planches<\/td>\n<\/tr>\n<tr class=\"row-7 odd\">\n<td class=\"column-1\">Specifications<\/td>\n<td class=\"column-2\">Broch\u00e9 &#8211; 210 x 270 mm<\/td>\n<\/tr>\n<tr class=\"row-8 even\">\n<td class=\"column-1\">Condition<\/td>\n<td class=\"column-2\">Bon \u00e9tat<\/td>\n<\/tr>\n<\/table>","protected":false},"excerpt":{"rendered":"<p>Titre complet Collection de Madame M. P. Monnaies Grecques et Romaines en Argent et Bronze Monnaies Byzantines en Or et Argent Expert Jean Vinchon Maison de vente H\u00f4tel Drouot (Paris) Date 6-7 Avril 1959 Langue Fran\u00e7ais Pages 450 num\u00e9ros &#8211; 8 planches Caract\u00e9ristiques Broch\u00e9 &#8211; 210 x 270 mm \u00c9tat Bon \u00e9tat<\/p>","protected":false},"featured_media":20745,"template":"","meta":[],"product_brand":[],"product_cat":[36,19,384,30,32],"product_tag":[166,393,390,155,158],"class_list":{"0":"post-1837","1":"product","2":"type-product","3":"status-publish","4":"has-post-thumbnail","6":"product_cat-catalogues-de-vente","7":"product_cat-librairie","8":"product_cat-livres-monnaies-byzantines","9":"product_cat-livres-monnaies-grecques","10":"product_cat-livres-monnaies-romaines","11":"product_tag-catalogues-de-vente","12":"product_tag-librairie","13":"product_tag-livres-monnaies-byzantines","14":"product_tag-livres-monnaies-grecques","15":"product_tag-livres-monnaies-romaines","17":"first","18":"instock","19":"sold-individually","20":"shipping-taxable","21":"purchasable","22":"product-type-simple"},"yoast_head":"<!-- This site is optimized with the Yoast SEO plugin v27.5 - https:\/\/yoast.com\/product\/yoast-seo-wordpress\/ -->\n<title>COLLECTION DE MADAME M. P. - MONNAIES ANTIQUES \u2022 Vinchon 1959 &#8226; Odysseus<\/title>\n<meta name=\"robots\" content=\"index, follow, max-snippet:-1, max-image-preview:large, max-video-preview:-1\" \/>\n<link rel=\"canonical\" href=\"https:\/\/odysseus-numismatique.com\/en\/article\/monnaies-antiques-grecques-romaines-byzantines-vinchon-1959\/\" \/>\n<meta property=\"og:locale\" content=\"en_GB\" \/>\n<meta property=\"og:type\" content=\"article\" \/>\n<meta property=\"og:title\" content=\"COLLECTION DE MADAME M. P. - MONNAIES ANTIQUES \u2022 Vinchon 1959 &#8226; Odysseus\" \/>\n<meta property=\"og:description\" content=\"Titre complet Collection de Madame M. P. Monnaies Grecques et Romaines en Argent et Bronze Monnaies Byzantines en Or et Argent Expert Jean Vinchon Maison de vente H\u00f4tel Drouot (Paris) Date 6-7 Avril 1959 Langue Fran\u00e7ais Pages 450 num\u00e9ros &#8211; 8 planches Caract\u00e9ristiques Broch\u00e9 &#8211; 210 x 270 mm \u00c9tat Bon \u00e9tat\" \/>\n<meta property=\"og:url\" content=\"https:\/\/odysseus-numismatique.com\/en\/article\/monnaies-antiques-grecques-romaines-byzantines-vinchon-1959\/\" \/>\n<meta property=\"og:site_name\" content=\"Odysseus\" \/>\n<meta property=\"article:modified_time\" content=\"2025-04-02T22:55:34+00:00\" \/>\n<meta property=\"og:image\" content=\"https:\/\/odysseus-numismatique.com\/wp-content\/uploads\/2019\/04\/monnaies-antiques-grecques-romaines-byzantines-vinchon-1959.jpg\" \/>\n\t<meta property=\"og:image:width\" content=\"1500\" \/>\n\t<meta property=\"og:image:height\" content=\"750\" \/>\n\t<meta property=\"og:image:type\" content=\"image\/jpeg\" \/>\n<meta name=\"twitter:card\" content=\"summary_large_image\" \/>\n<meta name=\"twitter:label1\" content=\"Estimated reading time\" \/>\n\t<meta name=\"twitter:data1\" content=\"1 minute\" \/>\n<script type=\"application\/ld+json\" class=\"yoast-schema-graph\">{\"@context\":\"https:\\\/\\\/schema.org\",\"@graph\":[{\"@type\":\"WebPage\",\"@id\":\"https:\\\/\\\/odysseus-numismatique.com\\\/article\\\/monnaies-antiques-grecques-romaines-byzantines-vinchon-1959\\\/\",\"url\":\"https:\\\/\\\/odysseus-numismatique.com\\\/article\\\/monnaies-antiques-grecques-romaines-byzantines-vinchon-1959\\\/\",\"name\":\"COLLECTION DE MADAME M. P. - MONNAIES ANTIQUES \u2022 Vinchon 1959 &#8226; Odysseus\",\"isPartOf\":{\"@id\":\"https:\\\/\\\/odysseus-numismatique.com\\\/#website\"},\"primaryImageOfPage\":{\"@id\":\"https:\\\/\\\/odysseus-numismatique.com\\\/article\\\/monnaies-antiques-grecques-romaines-byzantines-vinchon-1959\\\/#primaryimage\"},\"image\":{\"@id\":\"https:\\\/\\\/odysseus-numismatique.com\\\/article\\\/monnaies-antiques-grecques-romaines-byzantines-vinchon-1959\\\/#primaryimage\"},\"thumbnailUrl\":\"https:\\\/\\\/odysseus-numismatique.com\\\/wp-content\\\/uploads\\\/2019\\\/04\\\/monnaies-antiques-grecques-romaines-byzantines-vinchon-1959.jpg\",\"datePublished\":\"2019-04-03T18:12:57+00:00\",\"dateModified\":\"2025-04-02T22:55:34+00:00\",\"breadcrumb\":{\"@id\":\"https:\\\/\\\/odysseus-numismatique.com\\\/article\\\/monnaies-antiques-grecques-romaines-byzantines-vinchon-1959\\\/#breadcrumb\"},\"inLanguage\":\"en-GB\",\"potentialAction\":[{\"@type\":\"ReadAction\",\"target\":[\"https:\\\/\\\/odysseus-numismatique.com\\\/article\\\/monnaies-antiques-grecques-romaines-byzantines-vinchon-1959\\\/\"]}]},{\"@type\":\"ImageObject\",\"inLanguage\":\"en-GB\",\"@id\":\"https:\\\/\\\/odysseus-numismatique.com\\\/article\\\/monnaies-antiques-grecques-romaines-byzantines-vinchon-1959\\\/#primaryimage\",\"url\":\"https:\\\/\\\/odysseus-numismatique.com\\\/wp-content\\\/uploads\\\/2019\\\/04\\\/monnaies-antiques-grecques-romaines-byzantines-vinchon-1959.jpg\",\"contentUrl\":\"https:\\\/\\\/odysseus-numismatique.com\\\/wp-content\\\/uploads\\\/2019\\\/04\\\/monnaies-antiques-grecques-romaines-byzantines-vinchon-1959.jpg\",\"width\":1500,\"height\":750,\"caption\":\"Odysseus Numismatique Livres Catalogues de Vente Monnaies COLLECTION DE MADAME M. P. \u2022 Vinchon 1959\"},{\"@type\":\"BreadcrumbList\",\"@id\":\"https:\\\/\\\/odysseus-numismatique.com\\\/article\\\/monnaies-antiques-grecques-romaines-byzantines-vinchon-1959\\\/#breadcrumb\",\"itemListElement\":[{\"@type\":\"ListItem\",\"position\":1,\"name\":\"Accueil\",\"item\":\"https:\\\/\\\/odysseus-numismatique.com\\\/\"},{\"@type\":\"ListItem\",\"position\":2,\"name\":\"Boutique\",\"item\":\"https:\\\/\\\/odysseus-numismatique.com\\\/en\\\/boutique\\\/\"},{\"@type\":\"ListItem\",\"position\":3,\"name\":\"COLLECTION DE MADAME M. P. &#8211; MONNAIES ANTIQUES Vinchon 1959\"}]},{\"@type\":\"WebSite\",\"@id\":\"https:\\\/\\\/odysseus-numismatique.com\\\/#website\",\"url\":\"https:\\\/\\\/odysseus-numismatique.com\\\/\",\"name\":\"Odysseus\",\"description\":\"Numismatique\",\"publisher\":{\"@id\":\"https:\\\/\\\/odysseus-numismatique.com\\\/#organization\"},\"potentialAction\":[{\"@type\":\"SearchAction\",\"target\":{\"@type\":\"EntryPoint\",\"urlTemplate\":\"https:\\\/\\\/odysseus-numismatique.com\\\/?s={search_term_string}\"},\"query-input\":{\"@type\":\"PropertyValueSpecification\",\"valueRequired\":true,\"valueName\":\"search_term_string\"}}],\"inLanguage\":\"en-GB\"},{\"@type\":\"Organization\",\"@id\":\"https:\\\/\\\/odysseus-numismatique.com\\\/#organization\",\"name\":\"Odysseus\",\"url\":\"https:\\\/\\\/odysseus-numismatique.com\\\/\",\"logo\":{\"@type\":\"ImageObject\",\"inLanguage\":\"en-GB\",\"@id\":\"https:\\\/\\\/odysseus-numismatique.com\\\/#\\\/schema\\\/logo\\\/image\\\/\",\"url\":\"https:\\\/\\\/odysseus-numismatique.com\\\/wp-content\\\/uploads\\\/2019\\\/04\\\/odysseus-numismatique.png\",\"contentUrl\":\"https:\\\/\\\/odysseus-numismatique.com\\\/wp-content\\\/uploads\\\/2019\\\/04\\\/odysseus-numismatique.png\",\"width\":500,\"height\":500,\"caption\":\"Odysseus\"},\"image\":{\"@id\":\"https:\\\/\\\/odysseus-numismatique.com\\\/#\\\/schema\\\/logo\\\/image\\\/\"}}]}<\/script>\n<!-- \/ Yoast SEO plugin. -->","yoast_head_json":{"title":"COLLECTION DE MADAME M. P. - MONNAIES ANTIQUES \u2022 Vinchon 1959 &#8226; Odysseus","robots":{"index":"index","follow":"follow","max-snippet":"max-snippet:-1","max-image-preview":"max-image-preview:large","max-video-preview":"max-video-preview:-1"},"canonical":"https:\/\/odysseus-numismatique.com\/en\/article\/monnaies-antiques-grecques-romaines-byzantines-vinchon-1959\/","og_locale":"en_GB","og_type":"article","og_title":"COLLECTION DE MADAME M. P. - MONNAIES ANTIQUES \u2022 Vinchon 1959 &#8226; Odysseus","og_description":"Titre complet Collection de Madame M. P. Monnaies Grecques et Romaines en Argent et Bronze Monnaies Byzantines en Or et Argent Expert Jean Vinchon Maison de vente H\u00f4tel Drouot (Paris) Date 6-7 Avril 1959 Langue Fran\u00e7ais Pages 450 num\u00e9ros &#8211; 8 planches Caract\u00e9ristiques Broch\u00e9 &#8211; 210 x 270 mm \u00c9tat Bon \u00e9tat","og_url":"https:\/\/odysseus-numismatique.com\/en\/article\/monnaies-antiques-grecques-romaines-byzantines-vinchon-1959\/","og_site_name":"Odysseus","article_modified_time":"2025-04-02T22:55:34+00:00","og_image":[{"width":1500,"height":750,"url":"https:\/\/odysseus-numismatique.com\/wp-content\/uploads\/2019\/04\/monnaies-antiques-grecques-romaines-byzantines-vinchon-1959.jpg","type":"image\/jpeg"}],"twitter_card":"summary_large_image","twitter_misc":{"Estimated reading time":"1 minute"},"schema":{"@context":"https:\/\/schema.org","@graph":[{"@type":"WebPage","@id":"https:\/\/odysseus-numismatique.com\/article\/monnaies-antiques-grecques-romaines-byzantines-vinchon-1959\/","url":"https:\/\/odysseus-numismatique.com\/article\/monnaies-antiques-grecques-romaines-byzantines-vinchon-1959\/","name":"COLLECTION DE MADAME M. P. - MONNAIES ANTIQUES \u2022 Vinchon 1959 &#8226; Odysseus","isPartOf":{"@id":"https:\/\/odysseus-numismatique.com\/#website"},"primaryImageOfPage":{"@id":"https:\/\/odysseus-numismatique.com\/article\/monnaies-antiques-grecques-romaines-byzantines-vinchon-1959\/#primaryimage"},"image":{"@id":"https:\/\/odysseus-numismatique.com\/article\/monnaies-antiques-grecques-romaines-byzantines-vinchon-1959\/#primaryimage"},"thumbnailUrl":"https:\/\/odysseus-numismatique.com\/wp-content\/uploads\/2019\/04\/monnaies-antiques-grecques-romaines-byzantines-vinchon-1959.jpg","datePublished":"2019-04-03T18:12:57+00:00","dateModified":"2025-04-02T22:55:34+00:00","breadcrumb":{"@id":"https:\/\/odysseus-numismatique.com\/article\/monnaies-antiques-grecques-romaines-byzantines-vinchon-1959\/#breadcrumb"},"inLanguage":"en-GB","potentialAction":[{"@type":"ReadAction","target":["https:\/\/odysseus-numismatique.com\/article\/monnaies-antiques-grecques-romaines-byzantines-vinchon-1959\/"]}]},{"@type":"ImageObject","inLanguage":"en-GB","@id":"https:\/\/odysseus-numismatique.com\/article\/monnaies-antiques-grecques-romaines-byzantines-vinchon-1959\/#primaryimage","url":"https:\/\/odysseus-numismatique.com\/wp-content\/uploads\/2019\/04\/monnaies-antiques-grecques-romaines-byzantines-vinchon-1959.jpg","contentUrl":"https:\/\/odysseus-numismatique.com\/wp-content\/uploads\/2019\/04\/monnaies-antiques-grecques-romaines-byzantines-vinchon-1959.jpg","width":1500,"height":750,"caption":"Odysseus Numismatique Livres Catalogues de Vente Monnaies COLLECTION DE MADAME M. P. \u2022 Vinchon 1959"},{"@type":"BreadcrumbList","@id":"https:\/\/odysseus-numismatique.com\/article\/monnaies-antiques-grecques-romaines-byzantines-vinchon-1959\/#breadcrumb","itemListElement":[{"@type":"ListItem","position":1,"name":"Accueil","item":"https:\/\/odysseus-numismatique.com\/"},{"@type":"ListItem","position":2,"name":"Boutique","item":"https:\/\/odysseus-numismatique.com\/en\/boutique\/"},{"@type":"ListItem","position":3,"name":"COLLECTION DE MADAME M. P. &#8211; MONNAIES ANTIQUES Vinchon 1959"}]},{"@type":"WebSite","@id":"https:\/\/odysseus-numismatique.com\/#website","url":"https:\/\/odysseus-numismatique.com\/","name":"Odysseus","description":"Numismatics","publisher":{"@id":"https:\/\/odysseus-numismatique.com\/#organization"},"potentialAction":[{"@type":"SearchAction","target":{"@type":"EntryPoint","urlTemplate":"https:\/\/odysseus-numismatique.com\/?s={search_term_string}"},"query-input":{"@type":"PropertyValueSpecification","valueRequired":true,"valueName":"search_term_string"}}],"inLanguage":"en-GB"},{"@type":"Organization","@id":"https:\/\/odysseus-numismatique.com\/#organization","name":"Odysseus","url":"https:\/\/odysseus-numismatique.com\/","logo":{"@type":"ImageObject","inLanguage":"en-GB","@id":"https:\/\/odysseus-numismatique.com\/#\/schema\/logo\/image\/","url":"https:\/\/odysseus-numismatique.com\/wp-content\/uploads\/2019\/04\/odysseus-numismatique.png","contentUrl":"https:\/\/odysseus-numismatique.com\/wp-content\/uploads\/2019\/04\/odysseus-numismatique.png","width":500,"height":500,"caption":"Odysseus"},"image":{"@id":"https:\/\/odysseus-numismatique.com\/#\/schema\/logo\/image\/"}}]}},"_links":{"self":[{"href":"https:\/\/odysseus-numismatique.com\/en\/wp-json\/wp\/v2\/product\/1837","targetHints":{"allow":["GET"]}}],"collection":[{"href":"https:\/\/odysseus-numismatique.com\/en\/wp-json\/wp\/v2\/product"}],"about":[{"href":"https:\/\/odysseus-numismatique.com\/en\/wp-json\/wp\/v2\/types\/product"}],"wp:featuredmedia":[{"embeddable":true,"href":"https:\/\/odysseus-numismatique.com\/en\/wp-json\/wp\/v2\/media\/20745"}],"wp:attachment":[{"href":"https:\/\/odysseus-numismatique.com\/en\/wp-json\/wp\/v2\/media?parent=1837"}],"wp:term":[{"taxonomy":"product_brand","embeddable":true,"href":"https:\/\/odysseus-numismatique.com\/en\/wp-json\/wp\/v2\/product_brand?post=1837"},{"taxonomy":"product_cat","embeddable":true,"href":"https:\/\/odysseus-numismatique.com\/en\/wp-json\/wp\/v2\/product_cat?post=1837"},{"taxonomy":"product_tag","embeddable":true,"href":"https:\/\/odysseus-numismatique.com\/en\/wp-json\/wp\/v2\/product_tag?post=1837"}],"curies":[{"name":"wp","href":"https:\/\/api.w.org\/{rel}","templated":true}]}}