{"id":18014,"date":"2023-09-23T15:30:38","date_gmt":"2023-09-23T13:30:38","guid":{"rendered":"https:\/\/odysseus-numismatique.com\/?post_type=product&#038;p=18014"},"modified":"2025-07-11T17:31:18","modified_gmt":"2025-07-11T15:31:18","slug":"cour-seigneuriale-sceau","status":"publish","type":"product","link":"https:\/\/odysseus-numismatique.com\/en\/article\/cour-seigneuriale-sceau\/","title":{"rendered":"COUR SEIGNEURIALE <br \/> Seal"},"content":{"rendered":"<style>\n.tableproduct {border-collapse:none}\n.tableproduct td {border:none!important; padding:10px}\n.tableproduct .odd td {background-color:#424242}\n.tableproduct .even td {background-color:#3a3a3a}\n.tableproduct .column-1 {text-transform:uppercase; font-weight:bold; font-size:0.75em; width:20%}\n.tableproduct .column-2 {font-size:1em}\n<\/style>\n<table class=\"tableproduct\">\n<tr class=\"row-1 odd\">\n<td class=\"column-1\">Description<\/td>\n<td class=\"column-2\">\u2736 S&rsquo; CVRIE\u00b7 DNI [&#8230;]ORT<br \/>\n\u00c9cu orn\u00e9 d&rsquo;une bande \u00e0 trois \u00e9toiles, palmes autour<\/td>\n<\/tr>\n<tr class=\"row-2 even\">\n<td class=\"column-1\">Module<\/td>\n<td class=\"column-2\">Matrice de Sceau<\/td>\n<\/tr>\n<tr class=\"row-3 odd\">\n<td class=\"column-1\">Date<\/td>\n<td class=\"column-2\">XIIIe-XIVe si\u00e8cle ap. J.-C.<\/td>\n<\/tr>\n<tr class=\"row-4 even\">\n<td class=\"column-1\">M\u00e9tal<\/td>\n<td class=\"column-2\">Bronze<\/td>\n<\/tr>\n<tr class=\"row-5 odd\">\n<td class=\"column-1\">Poids<\/td>\n<td class=\"column-2\">8.08 g<\/td>\n<\/tr>\n<tr class=\"row-6 even\">\n<td class=\"column-1\">Diam\u00e8tre<\/td>\n<td class=\"column-2\">29 mm<\/td>\n<\/tr>\n<\/table>\n","protected":false},"excerpt":{"rendered":"<p>Description \u2736 S&rsquo; CVRIE\u00b7 DNI [&#8230;]ORT \u00c9cu orn\u00e9 d&rsquo;une bande \u00e0 trois \u00e9toiles, palmes autour Module Matrice de Sceau Date XIIIe-XIVe si\u00e8cle ap. J.-C. M\u00e9tal Bronze Poids 8.08 g Diam\u00e8tre 29 mm<\/p>\n","protected":false},"featured_media":18259,"template":"","meta":[],"product_brand":[],"product_cat":[249,304,17],"product_tag":[238,394],"class_list":{"0":"post-18014","1":"product","2":"type-product","3":"status-publish","4":"has-post-thumbnail","6":"product_cat-monnaies-feodales","7":"product_cat-moyen-age","8":"product_cat-numismatique","9":"product_tag-monnaies-feodales","10":"product_tag-numismatique","11":"pa_metal-bronze","12":"pa_module-sceau","14":"first","15":"instock","16":"sold-individually","17":"shipping-taxable","18":"purchasable","19":"product-type-simple"},"yoast_head":"<!-- This site is optimized with the Yoast SEO plugin v27.2 - https:\/\/yoast.com\/product\/yoast-seo-wordpress\/ -->\n<title>COUR SEIGNEURIALE \u2022 Sceau &#8226; Odysseus<\/title>\n<meta name=\"robots\" content=\"index, follow, max-snippet:-1, max-image-preview:large, max-video-preview:-1\" \/>\n<link rel=\"canonical\" href=\"https:\/\/odysseus-numismatique.com\/en\/article\/cour-seigneuriale-sceau\/\" \/>\n<meta property=\"og:locale\" content=\"en_GB\" \/>\n<meta property=\"og:type\" content=\"article\" \/>\n<meta property=\"og:title\" content=\"COUR SEIGNEURIALE \u2022 Sceau &#8226; Odysseus\" \/>\n<meta property=\"og:description\" content=\"Description \u2736 S&rsquo; CVRIE\u00b7 DNI [&#8230;]ORT \u00c9cu orn\u00e9 d&rsquo;une bande \u00e0 trois \u00e9toiles, palmes autour Module Matrice de Sceau Date XIIIe-XIVe si\u00e8cle ap. J.-C. M\u00e9tal Bronze Poids 8.08 g Diam\u00e8tre 29 mm\" \/>\n<meta property=\"og:url\" content=\"https:\/\/odysseus-numismatique.com\/en\/article\/cour-seigneuriale-sceau\/\" \/>\n<meta property=\"og:site_name\" content=\"Odysseus\" \/>\n<meta property=\"article:modified_time\" content=\"2025-07-11T15:31:18+00:00\" \/>\n<meta property=\"og:image\" content=\"https:\/\/odysseus-numismatique.com\/wp-content\/uploads\/2023\/09\/cour-seigneuriale-sceau.jpg\" \/>\n\t<meta property=\"og:image:width\" content=\"1500\" \/>\n\t<meta property=\"og:image:height\" content=\"750\" \/>\n\t<meta property=\"og:image:type\" content=\"image\/jpeg\" \/>\n<meta name=\"twitter:card\" content=\"summary_large_image\" \/>\n<meta name=\"twitter:label1\" content=\"Estimated reading time\" \/>\n\t<meta name=\"twitter:data1\" content=\"1 minute\" \/>\n<script type=\"application\/ld+json\" class=\"yoast-schema-graph\">{\"@context\":\"https:\/\/schema.org\",\"@graph\":[{\"@type\":\"WebPage\",\"@id\":\"https:\/\/odysseus-numismatique.com\/article\/cour-seigneuriale-sceau\/\",\"url\":\"https:\/\/odysseus-numismatique.com\/article\/cour-seigneuriale-sceau\/\",\"name\":\"COUR SEIGNEURIALE \u2022 Sceau &#8226; Odysseus\",\"isPartOf\":{\"@id\":\"https:\/\/odysseus-numismatique.com\/#website\"},\"primaryImageOfPage\":{\"@id\":\"https:\/\/odysseus-numismatique.com\/article\/cour-seigneuriale-sceau\/#primaryimage\"},\"image\":{\"@id\":\"https:\/\/odysseus-numismatique.com\/article\/cour-seigneuriale-sceau\/#primaryimage\"},\"thumbnailUrl\":\"https:\/\/odysseus-numismatique.com\/wp-content\/uploads\/2023\/09\/cour-seigneuriale-sceau.jpg\",\"datePublished\":\"2023-09-23T13:30:38+00:00\",\"dateModified\":\"2025-07-11T15:31:18+00:00\",\"breadcrumb\":{\"@id\":\"https:\/\/odysseus-numismatique.com\/article\/cour-seigneuriale-sceau\/#breadcrumb\"},\"inLanguage\":\"en-GB\",\"potentialAction\":[{\"@type\":\"ReadAction\",\"target\":[\"https:\/\/odysseus-numismatique.com\/article\/cour-seigneuriale-sceau\/\"]}]},{\"@type\":\"ImageObject\",\"inLanguage\":\"en-GB\",\"@id\":\"https:\/\/odysseus-numismatique.com\/article\/cour-seigneuriale-sceau\/#primaryimage\",\"url\":\"https:\/\/odysseus-numismatique.com\/wp-content\/uploads\/2023\/09\/cour-seigneuriale-sceau.jpg\",\"contentUrl\":\"https:\/\/odysseus-numismatique.com\/wp-content\/uploads\/2023\/09\/cour-seigneuriale-sceau.jpg\",\"width\":1500,\"height\":750,\"caption\":\"Odysseus Numismatique Monnaies Moyen \u00c2ge Matrices de Sceaux COUR SEIGNEURIALE \u2022 Sceau\"},{\"@type\":\"BreadcrumbList\",\"@id\":\"https:\/\/odysseus-numismatique.com\/article\/cour-seigneuriale-sceau\/#breadcrumb\",\"itemListElement\":[{\"@type\":\"ListItem\",\"position\":1,\"name\":\"Accueil\",\"item\":\"https:\/\/odysseus-numismatique.com\/\"},{\"@type\":\"ListItem\",\"position\":2,\"name\":\"Boutique\",\"item\":\"https:\/\/odysseus-numismatique.com\/en\/boutique\/\"},{\"@type\":\"ListItem\",\"position\":3,\"name\":\"COUR SEIGNEURIALE Sceau\"}]},{\"@type\":\"WebSite\",\"@id\":\"https:\/\/odysseus-numismatique.com\/#website\",\"url\":\"https:\/\/odysseus-numismatique.com\/\",\"name\":\"Odysseus\",\"description\":\"Numismatique\",\"publisher\":{\"@id\":\"https:\/\/odysseus-numismatique.com\/#organization\"},\"potentialAction\":[{\"@type\":\"SearchAction\",\"target\":{\"@type\":\"EntryPoint\",\"urlTemplate\":\"https:\/\/odysseus-numismatique.com\/?s={search_term_string}\"},\"query-input\":{\"@type\":\"PropertyValueSpecification\",\"valueRequired\":true,\"valueName\":\"search_term_string\"}}],\"inLanguage\":\"en-GB\"},{\"@type\":\"Organization\",\"@id\":\"https:\/\/odysseus-numismatique.com\/#organization\",\"name\":\"Odysseus\",\"url\":\"https:\/\/odysseus-numismatique.com\/\",\"logo\":{\"@type\":\"ImageObject\",\"inLanguage\":\"en-GB\",\"@id\":\"https:\/\/odysseus-numismatique.com\/#\/schema\/logo\/image\/\",\"url\":\"https:\/\/odysseus-numismatique.com\/wp-content\/uploads\/2019\/04\/odysseus-numismatique.png\",\"contentUrl\":\"https:\/\/odysseus-numismatique.com\/wp-content\/uploads\/2019\/04\/odysseus-numismatique.png\",\"width\":500,\"height\":500,\"caption\":\"Odysseus\"},\"image\":{\"@id\":\"https:\/\/odysseus-numismatique.com\/#\/schema\/logo\/image\/\"}}]}<\/script>\n<!-- \/ Yoast SEO plugin. -->","yoast_head_json":{"title":"COUR SEIGNEURIALE \u2022 Sceau &#8226; Odysseus","robots":{"index":"index","follow":"follow","max-snippet":"max-snippet:-1","max-image-preview":"max-image-preview:large","max-video-preview":"max-video-preview:-1"},"canonical":"https:\/\/odysseus-numismatique.com\/en\/article\/cour-seigneuriale-sceau\/","og_locale":"en_GB","og_type":"article","og_title":"COUR SEIGNEURIALE \u2022 Sceau &#8226; Odysseus","og_description":"Description \u2736 S&rsquo; CVRIE\u00b7 DNI [&#8230;]ORT \u00c9cu orn\u00e9 d&rsquo;une bande \u00e0 trois \u00e9toiles, palmes autour Module Matrice de Sceau Date XIIIe-XIVe si\u00e8cle ap. J.-C. M\u00e9tal Bronze Poids 8.08 g Diam\u00e8tre 29 mm","og_url":"https:\/\/odysseus-numismatique.com\/en\/article\/cour-seigneuriale-sceau\/","og_site_name":"Odysseus","article_modified_time":"2025-07-11T15:31:18+00:00","og_image":[{"width":1500,"height":750,"url":"https:\/\/odysseus-numismatique.com\/wp-content\/uploads\/2023\/09\/cour-seigneuriale-sceau.jpg","type":"image\/jpeg"}],"twitter_card":"summary_large_image","twitter_misc":{"Estimated reading time":"1 minute"},"schema":{"@context":"https:\/\/schema.org","@graph":[{"@type":"WebPage","@id":"https:\/\/odysseus-numismatique.com\/article\/cour-seigneuriale-sceau\/","url":"https:\/\/odysseus-numismatique.com\/article\/cour-seigneuriale-sceau\/","name":"COUR SEIGNEURIALE \u2022 Sceau &#8226; Odysseus","isPartOf":{"@id":"https:\/\/odysseus-numismatique.com\/#website"},"primaryImageOfPage":{"@id":"https:\/\/odysseus-numismatique.com\/article\/cour-seigneuriale-sceau\/#primaryimage"},"image":{"@id":"https:\/\/odysseus-numismatique.com\/article\/cour-seigneuriale-sceau\/#primaryimage"},"thumbnailUrl":"https:\/\/odysseus-numismatique.com\/wp-content\/uploads\/2023\/09\/cour-seigneuriale-sceau.jpg","datePublished":"2023-09-23T13:30:38+00:00","dateModified":"2025-07-11T15:31:18+00:00","breadcrumb":{"@id":"https:\/\/odysseus-numismatique.com\/article\/cour-seigneuriale-sceau\/#breadcrumb"},"inLanguage":"en-GB","potentialAction":[{"@type":"ReadAction","target":["https:\/\/odysseus-numismatique.com\/article\/cour-seigneuriale-sceau\/"]}]},{"@type":"ImageObject","inLanguage":"en-GB","@id":"https:\/\/odysseus-numismatique.com\/article\/cour-seigneuriale-sceau\/#primaryimage","url":"https:\/\/odysseus-numismatique.com\/wp-content\/uploads\/2023\/09\/cour-seigneuriale-sceau.jpg","contentUrl":"https:\/\/odysseus-numismatique.com\/wp-content\/uploads\/2023\/09\/cour-seigneuriale-sceau.jpg","width":1500,"height":750,"caption":"Odysseus Numismatique Monnaies Moyen \u00c2ge Matrices de Sceaux COUR SEIGNEURIALE \u2022 Sceau"},{"@type":"BreadcrumbList","@id":"https:\/\/odysseus-numismatique.com\/article\/cour-seigneuriale-sceau\/#breadcrumb","itemListElement":[{"@type":"ListItem","position":1,"name":"Accueil","item":"https:\/\/odysseus-numismatique.com\/"},{"@type":"ListItem","position":2,"name":"Boutique","item":"https:\/\/odysseus-numismatique.com\/en\/boutique\/"},{"@type":"ListItem","position":3,"name":"COUR SEIGNEURIALE Sceau"}]},{"@type":"WebSite","@id":"https:\/\/odysseus-numismatique.com\/#website","url":"https:\/\/odysseus-numismatique.com\/","name":"Odysseus","description":"Numismatics","publisher":{"@id":"https:\/\/odysseus-numismatique.com\/#organization"},"potentialAction":[{"@type":"SearchAction","target":{"@type":"EntryPoint","urlTemplate":"https:\/\/odysseus-numismatique.com\/?s={search_term_string}"},"query-input":{"@type":"PropertyValueSpecification","valueRequired":true,"valueName":"search_term_string"}}],"inLanguage":"en-GB"},{"@type":"Organization","@id":"https:\/\/odysseus-numismatique.com\/#organization","name":"Odysseus","url":"https:\/\/odysseus-numismatique.com\/","logo":{"@type":"ImageObject","inLanguage":"en-GB","@id":"https:\/\/odysseus-numismatique.com\/#\/schema\/logo\/image\/","url":"https:\/\/odysseus-numismatique.com\/wp-content\/uploads\/2019\/04\/odysseus-numismatique.png","contentUrl":"https:\/\/odysseus-numismatique.com\/wp-content\/uploads\/2019\/04\/odysseus-numismatique.png","width":500,"height":500,"caption":"Odysseus"},"image":{"@id":"https:\/\/odysseus-numismatique.com\/#\/schema\/logo\/image\/"}}]}},"_links":{"self":[{"href":"https:\/\/odysseus-numismatique.com\/en\/wp-json\/wp\/v2\/product\/18014","targetHints":{"allow":["GET"]}}],"collection":[{"href":"https:\/\/odysseus-numismatique.com\/en\/wp-json\/wp\/v2\/product"}],"about":[{"href":"https:\/\/odysseus-numismatique.com\/en\/wp-json\/wp\/v2\/types\/product"}],"wp:featuredmedia":[{"embeddable":true,"href":"https:\/\/odysseus-numismatique.com\/en\/wp-json\/wp\/v2\/media\/18259"}],"wp:attachment":[{"href":"https:\/\/odysseus-numismatique.com\/en\/wp-json\/wp\/v2\/media?parent=18014"}],"wp:term":[{"taxonomy":"product_brand","embeddable":true,"href":"https:\/\/odysseus-numismatique.com\/en\/wp-json\/wp\/v2\/product_brand?post=18014"},{"taxonomy":"product_cat","embeddable":true,"href":"https:\/\/odysseus-numismatique.com\/en\/wp-json\/wp\/v2\/product_cat?post=18014"},{"taxonomy":"product_tag","embeddable":true,"href":"https:\/\/odysseus-numismatique.com\/en\/wp-json\/wp\/v2\/product_tag?post=18014"}],"curies":[{"name":"wp","href":"https:\/\/api.w.org\/{rel}","templated":true}]}}