{"id":17981,"date":"2023-09-23T15:37:32","date_gmt":"2023-09-23T13:37:32","guid":{"rendered":"https:\/\/odysseus-numismatique.com\/?post_type=product&#038;p=17981"},"modified":"2025-03-17T23:54:40","modified_gmt":"2025-03-17T22:54:40","slug":"duche-de-gueldre-renaud-iv-gulden-dor","status":"publish","type":"product","link":"https:\/\/odysseus-numismatique.com\/en\/article\/duche-de-gueldre-renaud-iv-gulden-dor\/","title":{"rendered":"DUCHY OF GELDERN \u2013 REINALD IV <br \/> Gulden d&rsquo;Or"},"content":{"rendered":"<style>\n.tableproduct {border-collapse:none}\n.tableproduct td {border:none!important; padding:10px}\n.tableproduct .odd td {background-color:#424242}\n.tableproduct .even td {background-color:#3a3a3a}\n.tableproduct .column-1 {text-transform:uppercase; font-weight:bold; font-size:0.75em; width:20%}\n.tableproduct .column-2 {font-size:1em}\n<\/style>\n<table class=\"tableproduct\">\n<tr class=\"row-1 odd\">\n<td class=\"column-1\">Obverse<\/td>\n<td class=\"column-2\">\u00b7+ S\u00b7 IOHANNES + BABTISTA (lion)\u00b7<br \/>\nSaint Jean-Baptiste debout de face, levant la main en signe de b\u00e9n\u00e9diction et tenant une longue croix<\/td>\n<\/tr>\n<tr class=\"row-2 even\">\n<td class=\"column-1\">Reverse<\/td>\n<td class=\"column-2\">+ DVX\u00b7 REINALD&rsquo;\u00b7 IVL\u00b7 Z\u00b7 GEL\u00b7 Z\u00b7 COMIS\u00b7 3\u00b7<br \/>\n\u00c9cu orn\u00e9 d&rsquo;un aigle bic\u00e9phale entour\u00e9 de trois petits \u00e9cus et d&rsquo;une croix ancr\u00e9e, dans un quadrilobe fleurdelis\u00e9<\/td>\n<\/tr>\n<tr class=\"row-3 odd\">\n<td class=\"column-1\">Denomination<\/td>\n<td class=\"column-2\">Gulden d&rsquo;Or \/ Florin d&rsquo;Or<\/td>\n<\/tr>\n<tr class=\"row-4 even\">\n<td class=\"column-1\">Date<\/td>\n<td class=\"column-2\">AD 1402-1423<\/td>\n<\/tr>\n<tr class=\"row-5 odd\">\n<td class=\"column-1\">Mint<\/td>\n<td class=\"column-2\">Herzogtum Geldern<\/td>\n<\/tr>\n<tr class=\"row-6 even\">\n<td class=\"column-1\">Metal<\/td>\n<td class=\"column-2\">Gold<\/td>\n<\/tr>\n<tr class=\"row-7 odd\">\n<td class=\"column-1\">Weight<\/td>\n<td class=\"column-2\">3.55 g<\/td>\n<\/tr>\n<tr class=\"row-8 even\">\n<td class=\"column-1\">Diameter<\/td>\n<td class=\"column-2\">24.2 mm<\/td>\n<\/tr>\n<tr class=\"row-9 odd\">\n<td class=\"column-1\">Reference<\/td>\n<td class=\"column-2\">Delmonte 599 &#8211; Friedberg 49<\/td>\n<\/tr>\n<tr class=\"row-10 even\">\n<td class=\"column-1\">Condition<\/td>\n<td class=\"column-2\">VF+<\/td>\n<\/tr>\n<\/table>","protected":false},"excerpt":{"rendered":"<p>Avers \u00b7+ S\u00b7 IOHANNES + BABTISTA (lion)\u00b7 Saint Jean-Baptiste debout de face, levant la main en signe de b\u00e9n\u00e9diction et tenant une longue croix Revers + DVX\u00b7 REINALD&rsquo;\u00b7 IVL\u00b7 Z\u00b7 GEL\u00b7 Z\u00b7 COMIS\u00b7 3\u00b7 \u00c9cu orn\u00e9 d&rsquo;un aigle bic\u00e9phale entour\u00e9 de trois petits \u00e9cus et d&rsquo;une croix ancr\u00e9e, dans un quadrilobe fleurdelis\u00e9 Module Gulden d&rsquo;Or [&hellip;]<\/p>\n","protected":false},"featured_media":17982,"template":"","meta":[],"product_brand":[],"product_cat":[15],"product_tag":[238,394],"class_list":{"0":"post-17981","1":"product","2":"type-product","3":"status-publish","4":"has-post-thumbnail","6":"product_cat-vendus","7":"product_tag-monnaies-feodales","8":"product_tag-numismatique","9":"pa_metal-or","10":"pa_module-gulden-dor","12":"first","13":"outofstock","14":"sold-individually","15":"shipping-taxable","16":"purchasable","17":"product-type-simple"},"yoast_head":"<!-- This site is optimized with the Yoast SEO plugin v27.2 - https:\/\/yoast.com\/product\/yoast-seo-wordpress\/ -->\n<title>DUCH\u00c9 DE GUELDRE - RENAUD IV \u2022 Gulden d&#039;Or &#8226; Odysseus<\/title>\n<meta name=\"robots\" content=\"index, follow, max-snippet:-1, max-image-preview:large, max-video-preview:-1\" \/>\n<link rel=\"canonical\" href=\"https:\/\/odysseus-numismatique.com\/en\/article\/duche-de-gueldre-renaud-iv-gulden-dor\/\" \/>\n<meta property=\"og:locale\" content=\"en_GB\" \/>\n<meta property=\"og:type\" content=\"article\" \/>\n<meta property=\"og:title\" content=\"DUCH\u00c9 DE GUELDRE - RENAUD IV \u2022 Gulden d&#039;Or &#8226; Odysseus\" \/>\n<meta property=\"og:description\" content=\"Avers \u00b7+ S\u00b7 IOHANNES + BABTISTA (lion)\u00b7 Saint Jean-Baptiste debout de face, levant la main en signe de b\u00e9n\u00e9diction et tenant une longue croix Revers + DVX\u00b7 REINALD&rsquo;\u00b7 IVL\u00b7 Z\u00b7 GEL\u00b7 Z\u00b7 COMIS\u00b7 3\u00b7 \u00c9cu orn\u00e9 d&rsquo;un aigle bic\u00e9phale entour\u00e9 de trois petits \u00e9cus et d&rsquo;une croix ancr\u00e9e, dans un quadrilobe fleurdelis\u00e9 Module Gulden d&rsquo;Or [&hellip;]\" \/>\n<meta property=\"og:url\" content=\"https:\/\/odysseus-numismatique.com\/en\/article\/duche-de-gueldre-renaud-iv-gulden-dor\/\" \/>\n<meta property=\"og:site_name\" content=\"Odysseus\" \/>\n<meta property=\"article:modified_time\" content=\"2025-03-17T22:54:40+00:00\" \/>\n<meta property=\"og:image\" content=\"https:\/\/odysseus-numismatique.com\/wp-content\/uploads\/2023\/09\/duche-de-gueldre-renaud-iv-gulden-dor.jpg\" \/>\n\t<meta property=\"og:image:width\" content=\"1500\" \/>\n\t<meta property=\"og:image:height\" content=\"750\" \/>\n\t<meta property=\"og:image:type\" content=\"image\/jpeg\" \/>\n<meta name=\"twitter:card\" content=\"summary_large_image\" \/>\n<meta name=\"twitter:label1\" content=\"Estimated reading time\" \/>\n\t<meta name=\"twitter:data1\" content=\"1 minute\" \/>\n<script type=\"application\/ld+json\" class=\"yoast-schema-graph\">{\"@context\":\"https:\/\/schema.org\",\"@graph\":[{\"@type\":\"WebPage\",\"@id\":\"https:\/\/odysseus-numismatique.com\/article\/duche-de-gueldre-renaud-iv-gulden-dor\/\",\"url\":\"https:\/\/odysseus-numismatique.com\/article\/duche-de-gueldre-renaud-iv-gulden-dor\/\",\"name\":\"DUCH\u00c9 DE GUELDRE - RENAUD IV \u2022 Gulden d'Or &#8226; Odysseus\",\"isPartOf\":{\"@id\":\"https:\/\/odysseus-numismatique.com\/#website\"},\"primaryImageOfPage\":{\"@id\":\"https:\/\/odysseus-numismatique.com\/article\/duche-de-gueldre-renaud-iv-gulden-dor\/#primaryimage\"},\"image\":{\"@id\":\"https:\/\/odysseus-numismatique.com\/article\/duche-de-gueldre-renaud-iv-gulden-dor\/#primaryimage\"},\"thumbnailUrl\":\"https:\/\/odysseus-numismatique.com\/wp-content\/uploads\/2023\/09\/duche-de-gueldre-renaud-iv-gulden-dor.jpg\",\"datePublished\":\"2023-09-23T13:37:32+00:00\",\"dateModified\":\"2025-03-17T22:54:40+00:00\",\"breadcrumb\":{\"@id\":\"https:\/\/odysseus-numismatique.com\/article\/duche-de-gueldre-renaud-iv-gulden-dor\/#breadcrumb\"},\"inLanguage\":\"en-GB\",\"potentialAction\":[{\"@type\":\"ReadAction\",\"target\":[\"https:\/\/odysseus-numismatique.com\/article\/duche-de-gueldre-renaud-iv-gulden-dor\/\"]}]},{\"@type\":\"ImageObject\",\"inLanguage\":\"en-GB\",\"@id\":\"https:\/\/odysseus-numismatique.com\/article\/duche-de-gueldre-renaud-iv-gulden-dor\/#primaryimage\",\"url\":\"https:\/\/odysseus-numismatique.com\/wp-content\/uploads\/2023\/09\/duche-de-gueldre-renaud-iv-gulden-dor.jpg\",\"contentUrl\":\"https:\/\/odysseus-numismatique.com\/wp-content\/uploads\/2023\/09\/duche-de-gueldre-renaud-iv-gulden-dor.jpg\",\"width\":1500,\"height\":750,\"caption\":\"Odysseus Numismatique Monnaies F\u00e9odales DUCH\u00c9 DE GUELDRE - RENAUD IV \u2022 Gulden d'Or\"},{\"@type\":\"BreadcrumbList\",\"@id\":\"https:\/\/odysseus-numismatique.com\/article\/duche-de-gueldre-renaud-iv-gulden-dor\/#breadcrumb\",\"itemListElement\":[{\"@type\":\"ListItem\",\"position\":1,\"name\":\"Accueil\",\"item\":\"https:\/\/odysseus-numismatique.com\/\"},{\"@type\":\"ListItem\",\"position\":2,\"name\":\"Boutique\",\"item\":\"https:\/\/odysseus-numismatique.com\/en\/boutique\/\"},{\"@type\":\"ListItem\",\"position\":3,\"name\":\"DUCH\u00c9 DE GUELDRE &#8211; RENAUD IV Gulden d&#8217;Or\"}]},{\"@type\":\"WebSite\",\"@id\":\"https:\/\/odysseus-numismatique.com\/#website\",\"url\":\"https:\/\/odysseus-numismatique.com\/\",\"name\":\"Odysseus\",\"description\":\"Numismatique\",\"publisher\":{\"@id\":\"https:\/\/odysseus-numismatique.com\/#organization\"},\"potentialAction\":[{\"@type\":\"SearchAction\",\"target\":{\"@type\":\"EntryPoint\",\"urlTemplate\":\"https:\/\/odysseus-numismatique.com\/?s={search_term_string}\"},\"query-input\":{\"@type\":\"PropertyValueSpecification\",\"valueRequired\":true,\"valueName\":\"search_term_string\"}}],\"inLanguage\":\"en-GB\"},{\"@type\":\"Organization\",\"@id\":\"https:\/\/odysseus-numismatique.com\/#organization\",\"name\":\"Odysseus\",\"url\":\"https:\/\/odysseus-numismatique.com\/\",\"logo\":{\"@type\":\"ImageObject\",\"inLanguage\":\"en-GB\",\"@id\":\"https:\/\/odysseus-numismatique.com\/#\/schema\/logo\/image\/\",\"url\":\"https:\/\/odysseus-numismatique.com\/wp-content\/uploads\/2019\/04\/odysseus-numismatique.png\",\"contentUrl\":\"https:\/\/odysseus-numismatique.com\/wp-content\/uploads\/2019\/04\/odysseus-numismatique.png\",\"width\":500,\"height\":500,\"caption\":\"Odysseus\"},\"image\":{\"@id\":\"https:\/\/odysseus-numismatique.com\/#\/schema\/logo\/image\/\"}}]}<\/script>\n<!-- \/ Yoast SEO plugin. -->","yoast_head_json":{"title":"DUCH\u00c9 DE GUELDRE - RENAUD IV \u2022 Gulden d'Or &#8226; Odysseus","robots":{"index":"index","follow":"follow","max-snippet":"max-snippet:-1","max-image-preview":"max-image-preview:large","max-video-preview":"max-video-preview:-1"},"canonical":"https:\/\/odysseus-numismatique.com\/en\/article\/duche-de-gueldre-renaud-iv-gulden-dor\/","og_locale":"en_GB","og_type":"article","og_title":"DUCH\u00c9 DE GUELDRE - RENAUD IV \u2022 Gulden d'Or &#8226; Odysseus","og_description":"Avers \u00b7+ S\u00b7 IOHANNES + BABTISTA (lion)\u00b7 Saint Jean-Baptiste debout de face, levant la main en signe de b\u00e9n\u00e9diction et tenant une longue croix Revers + DVX\u00b7 REINALD&rsquo;\u00b7 IVL\u00b7 Z\u00b7 GEL\u00b7 Z\u00b7 COMIS\u00b7 3\u00b7 \u00c9cu orn\u00e9 d&rsquo;un aigle bic\u00e9phale entour\u00e9 de trois petits \u00e9cus et d&rsquo;une croix ancr\u00e9e, dans un quadrilobe fleurdelis\u00e9 Module Gulden d&rsquo;Or [&hellip;]","og_url":"https:\/\/odysseus-numismatique.com\/en\/article\/duche-de-gueldre-renaud-iv-gulden-dor\/","og_site_name":"Odysseus","article_modified_time":"2025-03-17T22:54:40+00:00","og_image":[{"width":1500,"height":750,"url":"https:\/\/odysseus-numismatique.com\/wp-content\/uploads\/2023\/09\/duche-de-gueldre-renaud-iv-gulden-dor.jpg","type":"image\/jpeg"}],"twitter_card":"summary_large_image","twitter_misc":{"Estimated reading time":"1 minute"},"schema":{"@context":"https:\/\/schema.org","@graph":[{"@type":"WebPage","@id":"https:\/\/odysseus-numismatique.com\/article\/duche-de-gueldre-renaud-iv-gulden-dor\/","url":"https:\/\/odysseus-numismatique.com\/article\/duche-de-gueldre-renaud-iv-gulden-dor\/","name":"DUCH\u00c9 DE GUELDRE - RENAUD IV \u2022 Gulden d'Or &#8226; Odysseus","isPartOf":{"@id":"https:\/\/odysseus-numismatique.com\/#website"},"primaryImageOfPage":{"@id":"https:\/\/odysseus-numismatique.com\/article\/duche-de-gueldre-renaud-iv-gulden-dor\/#primaryimage"},"image":{"@id":"https:\/\/odysseus-numismatique.com\/article\/duche-de-gueldre-renaud-iv-gulden-dor\/#primaryimage"},"thumbnailUrl":"https:\/\/odysseus-numismatique.com\/wp-content\/uploads\/2023\/09\/duche-de-gueldre-renaud-iv-gulden-dor.jpg","datePublished":"2023-09-23T13:37:32+00:00","dateModified":"2025-03-17T22:54:40+00:00","breadcrumb":{"@id":"https:\/\/odysseus-numismatique.com\/article\/duche-de-gueldre-renaud-iv-gulden-dor\/#breadcrumb"},"inLanguage":"en-GB","potentialAction":[{"@type":"ReadAction","target":["https:\/\/odysseus-numismatique.com\/article\/duche-de-gueldre-renaud-iv-gulden-dor\/"]}]},{"@type":"ImageObject","inLanguage":"en-GB","@id":"https:\/\/odysseus-numismatique.com\/article\/duche-de-gueldre-renaud-iv-gulden-dor\/#primaryimage","url":"https:\/\/odysseus-numismatique.com\/wp-content\/uploads\/2023\/09\/duche-de-gueldre-renaud-iv-gulden-dor.jpg","contentUrl":"https:\/\/odysseus-numismatique.com\/wp-content\/uploads\/2023\/09\/duche-de-gueldre-renaud-iv-gulden-dor.jpg","width":1500,"height":750,"caption":"Odysseus Numismatique Monnaies F\u00e9odales DUCH\u00c9 DE GUELDRE - RENAUD IV \u2022 Gulden d'Or"},{"@type":"BreadcrumbList","@id":"https:\/\/odysseus-numismatique.com\/article\/duche-de-gueldre-renaud-iv-gulden-dor\/#breadcrumb","itemListElement":[{"@type":"ListItem","position":1,"name":"Accueil","item":"https:\/\/odysseus-numismatique.com\/"},{"@type":"ListItem","position":2,"name":"Boutique","item":"https:\/\/odysseus-numismatique.com\/en\/boutique\/"},{"@type":"ListItem","position":3,"name":"DUCH\u00c9 DE GUELDRE &#8211; RENAUD IV Gulden d&#8217;Or"}]},{"@type":"WebSite","@id":"https:\/\/odysseus-numismatique.com\/#website","url":"https:\/\/odysseus-numismatique.com\/","name":"Odysseus","description":"Numismatics","publisher":{"@id":"https:\/\/odysseus-numismatique.com\/#organization"},"potentialAction":[{"@type":"SearchAction","target":{"@type":"EntryPoint","urlTemplate":"https:\/\/odysseus-numismatique.com\/?s={search_term_string}"},"query-input":{"@type":"PropertyValueSpecification","valueRequired":true,"valueName":"search_term_string"}}],"inLanguage":"en-GB"},{"@type":"Organization","@id":"https:\/\/odysseus-numismatique.com\/#organization","name":"Odysseus","url":"https:\/\/odysseus-numismatique.com\/","logo":{"@type":"ImageObject","inLanguage":"en-GB","@id":"https:\/\/odysseus-numismatique.com\/#\/schema\/logo\/image\/","url":"https:\/\/odysseus-numismatique.com\/wp-content\/uploads\/2019\/04\/odysseus-numismatique.png","contentUrl":"https:\/\/odysseus-numismatique.com\/wp-content\/uploads\/2019\/04\/odysseus-numismatique.png","width":500,"height":500,"caption":"Odysseus"},"image":{"@id":"https:\/\/odysseus-numismatique.com\/#\/schema\/logo\/image\/"}}]}},"_links":{"self":[{"href":"https:\/\/odysseus-numismatique.com\/en\/wp-json\/wp\/v2\/product\/17981","targetHints":{"allow":["GET"]}}],"collection":[{"href":"https:\/\/odysseus-numismatique.com\/en\/wp-json\/wp\/v2\/product"}],"about":[{"href":"https:\/\/odysseus-numismatique.com\/en\/wp-json\/wp\/v2\/types\/product"}],"wp:featuredmedia":[{"embeddable":true,"href":"https:\/\/odysseus-numismatique.com\/en\/wp-json\/wp\/v2\/media\/17982"}],"wp:attachment":[{"href":"https:\/\/odysseus-numismatique.com\/en\/wp-json\/wp\/v2\/media?parent=17981"}],"wp:term":[{"taxonomy":"product_brand","embeddable":true,"href":"https:\/\/odysseus-numismatique.com\/en\/wp-json\/wp\/v2\/product_brand?post=17981"},{"taxonomy":"product_cat","embeddable":true,"href":"https:\/\/odysseus-numismatique.com\/en\/wp-json\/wp\/v2\/product_cat?post=17981"},{"taxonomy":"product_tag","embeddable":true,"href":"https:\/\/odysseus-numismatique.com\/en\/wp-json\/wp\/v2\/product_tag?post=17981"}],"curies":[{"name":"wp","href":"https:\/\/api.w.org\/{rel}","templated":true}]}}