{"id":16837,"date":"2023-03-15T16:04:47","date_gmt":"2023-03-15T15:04:47","guid":{"rendered":"https:\/\/odysseus-numismatique.com\/?post_type=product&#038;p=16837"},"modified":"2026-03-27T13:20:55","modified_gmt":"2026-03-27T12:20:55","slug":"romain-iii-argyrus-histamenon-nomisma-4","status":"publish","type":"product","link":"https:\/\/odysseus-numismatique.com\/en\/article\/romain-iii-argyrus-histamenon-nomisma-4\/","title":{"rendered":"ROMANUS III <br \/> Histamenon Nomisma"},"content":{"rendered":"<style>\n.tableproduct {border-collapse:none}\n.tableproduct td {border:none!important; padding:10px}\n.tableproduct .odd td {background-color:#424242}\n.tableproduct .even td {background-color:#3a3a3a}\n.tableproduct .column-1 {text-transform:uppercase; font-weight:bold; font-size:0.75em; width:20%}\n.tableproduct .column-2 {font-size:1em}\n<\/style>\n<table class=\"tableproduct\">\n<tr class=\"row-1 odd\">\n<td class=\"column-1\">Obverse<\/td>\n<td class=\"column-2\">+ IhS XIS REX REGNANTInm<br \/>\nLe Christ Pantocrator tr\u00f4nant de face, levant la main en signe de b\u00e9n\u00e9diction et tenant le livre des \u00c9vangiles<\/td>\n<\/tr>\n<tr class=\"row-2 even\">\n<td class=\"column-1\">Reverse<\/td>\n<td class=\"column-2\">\u0398CE bOH\u0398 R\u03c9mAn\u03c9<br \/>\nL&rsquo;Empereur debout de face, tenant un globe crucig\u00e8re, se faisant couronner par la Vierge, \u039c\u0398 au-dessus<\/td>\n<\/tr>\n<tr class=\"row-3 odd\">\n<td class=\"column-1\">Denomination<\/td>\n<td class=\"column-2\">Histamenon Nomisma<\/td>\n<\/tr>\n<tr class=\"row-4 even\">\n<td class=\"column-1\">Date<\/td>\n<td class=\"column-2\">AD 1028-1034<\/td>\n<\/tr>\n<tr class=\"row-5 odd\">\n<td class=\"column-1\">Mint<\/td>\n<td class=\"column-2\">Constantinople<\/td>\n<\/tr>\n<tr class=\"row-6 even\">\n<td class=\"column-1\">Metal<\/td>\n<td class=\"column-2\">Gold<\/td>\n<\/tr>\n<tr class=\"row-7 odd\">\n<td class=\"column-1\">Weight<\/td>\n<td class=\"column-2\">4.39 g<\/td>\n<\/tr>\n<tr class=\"row-8 even\">\n<td class=\"column-1\">Diameter<\/td>\n<td class=\"column-2\">23.8 mm<\/td>\n<\/tr>\n<tr class=\"row-9 odd\">\n<td class=\"column-1\">Reference<\/td>\n<td class=\"column-2\">DOC 1d &#8211; Sear 1819<\/td>\n<\/tr>\n<tr class=\"row-10 even\">\n<td class=\"column-1\">Condition<\/td>\n<td class=\"column-2\">EF<\/td>\n<\/tr>\n<\/table>","protected":false},"excerpt":{"rendered":"<p>Avers + IhS XIS REX REGNANTInm Le Christ Pantocrator tr\u00f4nant de face, levant la main en signe de b\u00e9n\u00e9diction et tenant le livre des \u00c9vangiles Revers \u0398CE bOH\u0398 R\u03c9mAn\u03c9 L&rsquo;Empereur debout de face, tenant un globe crucig\u00e8re, se faisant couronner par la Vierge, \u039c\u0398 au-dessus Module Histamenon Nomisma Date 1028-1034 ap. J.-C. Atelier Constantinople M\u00e9tal [&hellip;]<\/p>\n","protected":false},"featured_media":16838,"template":"","meta":[],"product_brand":[],"product_cat":[15],"product_tag":[235,394],"class_list":{"0":"post-16837","1":"product","2":"type-product","3":"status-publish","4":"has-post-thumbnail","6":"product_cat-vendus","7":"product_tag-monnaies-byzantines","8":"product_tag-numismatique","9":"pa_atelier-constantinople","10":"pa_metal-or","11":"pa_module-histamenon-nomisma","13":"first","14":"outofstock","15":"sold-individually","16":"shipping-taxable","17":"purchasable","18":"product-type-simple"},"yoast_head":"<!-- This site is optimized with the Yoast SEO plugin v27.2 - https:\/\/yoast.com\/product\/yoast-seo-wordpress\/ -->\n<title>ROMAIN III \u2022 Histamenon Nomisma &#8226; Odysseus<\/title>\n<meta name=\"robots\" content=\"index, follow, max-snippet:-1, max-image-preview:large, max-video-preview:-1\" \/>\n<link rel=\"canonical\" href=\"https:\/\/odysseus-numismatique.com\/en\/article\/romain-iii-argyrus-histamenon-nomisma-4\/\" \/>\n<meta property=\"og:locale\" content=\"en_GB\" \/>\n<meta property=\"og:type\" content=\"article\" \/>\n<meta property=\"og:title\" content=\"ROMAIN III \u2022 Histamenon Nomisma &#8226; Odysseus\" \/>\n<meta property=\"og:description\" content=\"Avers + IhS XIS REX REGNANTInm Le Christ Pantocrator tr\u00f4nant de face, levant la main en signe de b\u00e9n\u00e9diction et tenant le livre des \u00c9vangiles Revers \u0398CE bOH\u0398 R\u03c9mAn\u03c9 L&rsquo;Empereur debout de face, tenant un globe crucig\u00e8re, se faisant couronner par la Vierge, \u039c\u0398 au-dessus Module Histamenon Nomisma Date 1028-1034 ap. J.-C. Atelier Constantinople M\u00e9tal [&hellip;]\" \/>\n<meta property=\"og:url\" content=\"https:\/\/odysseus-numismatique.com\/en\/article\/romain-iii-argyrus-histamenon-nomisma-4\/\" \/>\n<meta property=\"og:site_name\" content=\"Odysseus\" \/>\n<meta property=\"article:modified_time\" content=\"2026-03-27T12:20:55+00:00\" \/>\n<meta property=\"og:image\" content=\"https:\/\/odysseus-numismatique.com\/wp-content\/uploads\/2023\/03\/romain-iii-argyrus-histamenon-nomisma-4.jpg\" \/>\n\t<meta property=\"og:image:width\" content=\"1500\" \/>\n\t<meta property=\"og:image:height\" content=\"750\" \/>\n\t<meta property=\"og:image:type\" content=\"image\/jpeg\" \/>\n<meta name=\"twitter:card\" content=\"summary_large_image\" \/>\n<meta name=\"twitter:label1\" content=\"Estimated reading time\" \/>\n\t<meta name=\"twitter:data1\" content=\"1 minute\" \/>\n<script type=\"application\/ld+json\" class=\"yoast-schema-graph\">{\"@context\":\"https:\/\/schema.org\",\"@graph\":[{\"@type\":\"WebPage\",\"@id\":\"https:\/\/odysseus-numismatique.com\/article\/romain-iii-argyrus-histamenon-nomisma-4\/\",\"url\":\"https:\/\/odysseus-numismatique.com\/article\/romain-iii-argyrus-histamenon-nomisma-4\/\",\"name\":\"ROMAIN III \u2022 Histamenon Nomisma &#8226; Odysseus\",\"isPartOf\":{\"@id\":\"https:\/\/odysseus-numismatique.com\/#website\"},\"primaryImageOfPage\":{\"@id\":\"https:\/\/odysseus-numismatique.com\/article\/romain-iii-argyrus-histamenon-nomisma-4\/#primaryimage\"},\"image\":{\"@id\":\"https:\/\/odysseus-numismatique.com\/article\/romain-iii-argyrus-histamenon-nomisma-4\/#primaryimage\"},\"thumbnailUrl\":\"https:\/\/odysseus-numismatique.com\/wp-content\/uploads\/2023\/03\/romain-iii-argyrus-histamenon-nomisma-4.jpg\",\"datePublished\":\"2023-03-15T15:04:47+00:00\",\"dateModified\":\"2026-03-27T12:20:55+00:00\",\"breadcrumb\":{\"@id\":\"https:\/\/odysseus-numismatique.com\/article\/romain-iii-argyrus-histamenon-nomisma-4\/#breadcrumb\"},\"inLanguage\":\"en-GB\",\"potentialAction\":[{\"@type\":\"ReadAction\",\"target\":[\"https:\/\/odysseus-numismatique.com\/article\/romain-iii-argyrus-histamenon-nomisma-4\/\"]}]},{\"@type\":\"ImageObject\",\"inLanguage\":\"en-GB\",\"@id\":\"https:\/\/odysseus-numismatique.com\/article\/romain-iii-argyrus-histamenon-nomisma-4\/#primaryimage\",\"url\":\"https:\/\/odysseus-numismatique.com\/wp-content\/uploads\/2023\/03\/romain-iii-argyrus-histamenon-nomisma-4.jpg\",\"contentUrl\":\"https:\/\/odysseus-numismatique.com\/wp-content\/uploads\/2023\/03\/romain-iii-argyrus-histamenon-nomisma-4.jpg\",\"width\":1500,\"height\":750,\"caption\":\"Odysseus Numismatique Monnaies Byzantines ROMAIN III ARGYRUS \u2022 Histamenon Nomisma\"},{\"@type\":\"BreadcrumbList\",\"@id\":\"https:\/\/odysseus-numismatique.com\/article\/romain-iii-argyrus-histamenon-nomisma-4\/#breadcrumb\",\"itemListElement\":[{\"@type\":\"ListItem\",\"position\":1,\"name\":\"Accueil\",\"item\":\"https:\/\/odysseus-numismatique.com\/\"},{\"@type\":\"ListItem\",\"position\":2,\"name\":\"Boutique\",\"item\":\"https:\/\/odysseus-numismatique.com\/en\/boutique\/\"},{\"@type\":\"ListItem\",\"position\":3,\"name\":\"ROMAIN III Histamenon Nomisma\"}]},{\"@type\":\"WebSite\",\"@id\":\"https:\/\/odysseus-numismatique.com\/#website\",\"url\":\"https:\/\/odysseus-numismatique.com\/\",\"name\":\"Odysseus\",\"description\":\"Numismatique\",\"publisher\":{\"@id\":\"https:\/\/odysseus-numismatique.com\/#organization\"},\"potentialAction\":[{\"@type\":\"SearchAction\",\"target\":{\"@type\":\"EntryPoint\",\"urlTemplate\":\"https:\/\/odysseus-numismatique.com\/?s={search_term_string}\"},\"query-input\":{\"@type\":\"PropertyValueSpecification\",\"valueRequired\":true,\"valueName\":\"search_term_string\"}}],\"inLanguage\":\"en-GB\"},{\"@type\":\"Organization\",\"@id\":\"https:\/\/odysseus-numismatique.com\/#organization\",\"name\":\"Odysseus\",\"url\":\"https:\/\/odysseus-numismatique.com\/\",\"logo\":{\"@type\":\"ImageObject\",\"inLanguage\":\"en-GB\",\"@id\":\"https:\/\/odysseus-numismatique.com\/#\/schema\/logo\/image\/\",\"url\":\"https:\/\/odysseus-numismatique.com\/wp-content\/uploads\/2019\/04\/odysseus-numismatique.png\",\"contentUrl\":\"https:\/\/odysseus-numismatique.com\/wp-content\/uploads\/2019\/04\/odysseus-numismatique.png\",\"width\":500,\"height\":500,\"caption\":\"Odysseus\"},\"image\":{\"@id\":\"https:\/\/odysseus-numismatique.com\/#\/schema\/logo\/image\/\"}}]}<\/script>\n<!-- \/ Yoast SEO plugin. -->","yoast_head_json":{"title":"ROMAIN III \u2022 Histamenon Nomisma &#8226; Odysseus","robots":{"index":"index","follow":"follow","max-snippet":"max-snippet:-1","max-image-preview":"max-image-preview:large","max-video-preview":"max-video-preview:-1"},"canonical":"https:\/\/odysseus-numismatique.com\/en\/article\/romain-iii-argyrus-histamenon-nomisma-4\/","og_locale":"en_GB","og_type":"article","og_title":"ROMAIN III \u2022 Histamenon Nomisma &#8226; Odysseus","og_description":"Avers + IhS XIS REX REGNANTInm Le Christ Pantocrator tr\u00f4nant de face, levant la main en signe de b\u00e9n\u00e9diction et tenant le livre des \u00c9vangiles Revers \u0398CE bOH\u0398 R\u03c9mAn\u03c9 L&rsquo;Empereur debout de face, tenant un globe crucig\u00e8re, se faisant couronner par la Vierge, \u039c\u0398 au-dessus Module Histamenon Nomisma Date 1028-1034 ap. J.-C. Atelier Constantinople M\u00e9tal [&hellip;]","og_url":"https:\/\/odysseus-numismatique.com\/en\/article\/romain-iii-argyrus-histamenon-nomisma-4\/","og_site_name":"Odysseus","article_modified_time":"2026-03-27T12:20:55+00:00","og_image":[{"width":1500,"height":750,"url":"https:\/\/odysseus-numismatique.com\/wp-content\/uploads\/2023\/03\/romain-iii-argyrus-histamenon-nomisma-4.jpg","type":"image\/jpeg"}],"twitter_card":"summary_large_image","twitter_misc":{"Estimated reading time":"1 minute"},"schema":{"@context":"https:\/\/schema.org","@graph":[{"@type":"WebPage","@id":"https:\/\/odysseus-numismatique.com\/article\/romain-iii-argyrus-histamenon-nomisma-4\/","url":"https:\/\/odysseus-numismatique.com\/article\/romain-iii-argyrus-histamenon-nomisma-4\/","name":"ROMAIN III \u2022 Histamenon Nomisma &#8226; Odysseus","isPartOf":{"@id":"https:\/\/odysseus-numismatique.com\/#website"},"primaryImageOfPage":{"@id":"https:\/\/odysseus-numismatique.com\/article\/romain-iii-argyrus-histamenon-nomisma-4\/#primaryimage"},"image":{"@id":"https:\/\/odysseus-numismatique.com\/article\/romain-iii-argyrus-histamenon-nomisma-4\/#primaryimage"},"thumbnailUrl":"https:\/\/odysseus-numismatique.com\/wp-content\/uploads\/2023\/03\/romain-iii-argyrus-histamenon-nomisma-4.jpg","datePublished":"2023-03-15T15:04:47+00:00","dateModified":"2026-03-27T12:20:55+00:00","breadcrumb":{"@id":"https:\/\/odysseus-numismatique.com\/article\/romain-iii-argyrus-histamenon-nomisma-4\/#breadcrumb"},"inLanguage":"en-GB","potentialAction":[{"@type":"ReadAction","target":["https:\/\/odysseus-numismatique.com\/article\/romain-iii-argyrus-histamenon-nomisma-4\/"]}]},{"@type":"ImageObject","inLanguage":"en-GB","@id":"https:\/\/odysseus-numismatique.com\/article\/romain-iii-argyrus-histamenon-nomisma-4\/#primaryimage","url":"https:\/\/odysseus-numismatique.com\/wp-content\/uploads\/2023\/03\/romain-iii-argyrus-histamenon-nomisma-4.jpg","contentUrl":"https:\/\/odysseus-numismatique.com\/wp-content\/uploads\/2023\/03\/romain-iii-argyrus-histamenon-nomisma-4.jpg","width":1500,"height":750,"caption":"Odysseus Numismatique Monnaies Byzantines ROMAIN III ARGYRUS \u2022 Histamenon Nomisma"},{"@type":"BreadcrumbList","@id":"https:\/\/odysseus-numismatique.com\/article\/romain-iii-argyrus-histamenon-nomisma-4\/#breadcrumb","itemListElement":[{"@type":"ListItem","position":1,"name":"Accueil","item":"https:\/\/odysseus-numismatique.com\/"},{"@type":"ListItem","position":2,"name":"Boutique","item":"https:\/\/odysseus-numismatique.com\/en\/boutique\/"},{"@type":"ListItem","position":3,"name":"ROMAIN III Histamenon Nomisma"}]},{"@type":"WebSite","@id":"https:\/\/odysseus-numismatique.com\/#website","url":"https:\/\/odysseus-numismatique.com\/","name":"Odysseus","description":"Numismatics","publisher":{"@id":"https:\/\/odysseus-numismatique.com\/#organization"},"potentialAction":[{"@type":"SearchAction","target":{"@type":"EntryPoint","urlTemplate":"https:\/\/odysseus-numismatique.com\/?s={search_term_string}"},"query-input":{"@type":"PropertyValueSpecification","valueRequired":true,"valueName":"search_term_string"}}],"inLanguage":"en-GB"},{"@type":"Organization","@id":"https:\/\/odysseus-numismatique.com\/#organization","name":"Odysseus","url":"https:\/\/odysseus-numismatique.com\/","logo":{"@type":"ImageObject","inLanguage":"en-GB","@id":"https:\/\/odysseus-numismatique.com\/#\/schema\/logo\/image\/","url":"https:\/\/odysseus-numismatique.com\/wp-content\/uploads\/2019\/04\/odysseus-numismatique.png","contentUrl":"https:\/\/odysseus-numismatique.com\/wp-content\/uploads\/2019\/04\/odysseus-numismatique.png","width":500,"height":500,"caption":"Odysseus"},"image":{"@id":"https:\/\/odysseus-numismatique.com\/#\/schema\/logo\/image\/"}}]}},"_links":{"self":[{"href":"https:\/\/odysseus-numismatique.com\/en\/wp-json\/wp\/v2\/product\/16837","targetHints":{"allow":["GET"]}}],"collection":[{"href":"https:\/\/odysseus-numismatique.com\/en\/wp-json\/wp\/v2\/product"}],"about":[{"href":"https:\/\/odysseus-numismatique.com\/en\/wp-json\/wp\/v2\/types\/product"}],"wp:featuredmedia":[{"embeddable":true,"href":"https:\/\/odysseus-numismatique.com\/en\/wp-json\/wp\/v2\/media\/16838"}],"wp:attachment":[{"href":"https:\/\/odysseus-numismatique.com\/en\/wp-json\/wp\/v2\/media?parent=16837"}],"wp:term":[{"taxonomy":"product_brand","embeddable":true,"href":"https:\/\/odysseus-numismatique.com\/en\/wp-json\/wp\/v2\/product_brand?post=16837"},{"taxonomy":"product_cat","embeddable":true,"href":"https:\/\/odysseus-numismatique.com\/en\/wp-json\/wp\/v2\/product_cat?post=16837"},{"taxonomy":"product_tag","embeddable":true,"href":"https:\/\/odysseus-numismatique.com\/en\/wp-json\/wp\/v2\/product_tag?post=16837"}],"curies":[{"name":"wp","href":"https:\/\/api.w.org\/{rel}","templated":true}]}}