{"id":16156,"date":"2023-01-06T16:57:23","date_gmt":"2023-01-06T15:57:23","guid":{"rendered":"https:\/\/odysseus-numismatique.com\/?post_type=product&#038;p=16156"},"modified":"2025-03-17T23:56:48","modified_gmt":"2025-03-17T22:56:48","slug":"zengides-de-syrie-nur-al-din-mahmud-fals-2","status":"publish","type":"product","link":"https:\/\/odysseus-numismatique.com\/en\/article\/zengides-de-syrie-nur-al-din-mahmud-fals-2\/","title":{"rendered":"ZANGIDS OF SYRIA \u2013 NUR AL-DIN MAHMUD <br \/> Fals"},"content":{"rendered":"<style>\n.tableproduct {border-collapse:none}\n.tableproduct td {border:none!important; padding:10px}\n.tableproduct .odd td {background-color:#424242}\n.tableproduct .even td {background-color:#3a3a3a}\n.tableproduct .column-1 {text-transform:uppercase; font-weight:bold; font-size:0.75em; width:20%}\n.tableproduct .column-2 {font-size:1em}\n<\/style>\n<table class=\"tableproduct\">\n<tr class=\"row-1 odd\">\n<td class=\"column-1\">Obverse<\/td>\n<td class=\"column-2\">L\u00e9gendes grecque et arabe<br \/>\nLe Christ Pantocrator debout de face, tenant les \u00c9vangiles<\/td>\n<\/tr>\n<tr class=\"row-2 even\">\n<td class=\"column-1\">Reverse<\/td>\n<td class=\"column-2\">L\u00e9gendes grecque et arabe<br \/>\nDeux personnages debout de face dans le style byzantin, tenant entre eux une croix pos\u00e9e sur trois marches<\/td>\n<\/tr>\n<tr class=\"row-3 odd\">\n<td class=\"column-1\">Denomination<\/td>\n<td class=\"column-2\">Fals<\/td>\n<\/tr>\n<tr class=\"row-4 even\">\n<td class=\"column-1\">Date<\/td>\n<td class=\"column-2\">AH 541-569 = AD 1146-1174<\/td>\n<\/tr>\n<tr class=\"row-5 odd\">\n<td class=\"column-1\">Mint<\/td>\n<td class=\"column-2\">Halab<\/td>\n<\/tr>\n<tr class=\"row-6 even\">\n<td class=\"column-1\">Metal<\/td>\n<td class=\"column-2\">Bronze<\/td>\n<\/tr>\n<tr class=\"row-7 odd\">\n<td class=\"column-1\">Weight<\/td>\n<td class=\"column-2\">4.84 g<\/td>\n<\/tr>\n<tr class=\"row-8 even\">\n<td class=\"column-1\">Diameter<\/td>\n<td class=\"column-2\">25 mm<\/td>\n<\/tr>\n<tr class=\"row-9 odd\">\n<td class=\"column-1\">Reference<\/td>\n<td class=\"column-2\">Album 1850 &#8211; SS 73<\/td>\n<\/tr>\n<tr class=\"row-10 even\">\n<td class=\"column-1\">Condition<\/td>\n<td class=\"column-2\">VF<\/td>\n<\/tr>\n<\/table>","protected":false},"excerpt":{"rendered":"<p>Avers L\u00e9gendes grecque et arabe Le Christ Pantocrator debout de face, tenant les \u00c9vangiles Revers L\u00e9gendes grecque et arabe Deux personnages debout de face dans le style byzantin, tenant entre eux une croix pos\u00e9e sur trois marches Module Fals Date AH 541-569 = 1146-1174 ap. J.-C. Atelier Halab M\u00e9tal Bronze Poids 4.84 g Diam\u00e8tre 25 [&hellip;]<\/p>\n","protected":false},"featured_media":16157,"template":"","meta":[],"product_brand":[],"product_cat":[15],"product_tag":[253,394],"class_list":{"0":"post-16156","1":"product","2":"type-product","3":"status-publish","4":"has-post-thumbnail","6":"product_cat-vendus","7":"product_tag-monnaies-islamiques","8":"product_tag-numismatique","9":"pa_metal-bronze","10":"pa_module-fals","12":"first","13":"outofstock","14":"sold-individually","15":"shipping-taxable","16":"purchasable","17":"product-type-simple"},"yoast_head":"<!-- This site is optimized with the Yoast SEO plugin v27.2 - https:\/\/yoast.com\/product\/yoast-seo-wordpress\/ -->\n<title>ZENGIDES DE SYRIE - NUR AL-DIN MAHMUD \u2022 Fals &#8226; Odysseus<\/title>\n<meta name=\"robots\" content=\"index, follow, max-snippet:-1, max-image-preview:large, max-video-preview:-1\" \/>\n<link rel=\"canonical\" href=\"https:\/\/odysseus-numismatique.com\/en\/article\/zengides-de-syrie-nur-al-din-mahmud-fals-2\/\" \/>\n<meta property=\"og:locale\" content=\"en_GB\" \/>\n<meta property=\"og:type\" content=\"article\" \/>\n<meta property=\"og:title\" content=\"ZENGIDES DE SYRIE - NUR AL-DIN MAHMUD \u2022 Fals &#8226; Odysseus\" \/>\n<meta property=\"og:description\" content=\"Avers L\u00e9gendes grecque et arabe Le Christ Pantocrator debout de face, tenant les \u00c9vangiles Revers L\u00e9gendes grecque et arabe Deux personnages debout de face dans le style byzantin, tenant entre eux une croix pos\u00e9e sur trois marches Module Fals Date AH 541-569 = 1146-1174 ap. J.-C. Atelier Halab M\u00e9tal Bronze Poids 4.84 g Diam\u00e8tre 25 [&hellip;]\" \/>\n<meta property=\"og:url\" content=\"https:\/\/odysseus-numismatique.com\/en\/article\/zengides-de-syrie-nur-al-din-mahmud-fals-2\/\" \/>\n<meta property=\"og:site_name\" content=\"Odysseus\" \/>\n<meta property=\"article:modified_time\" content=\"2025-03-17T22:56:48+00:00\" \/>\n<meta property=\"og:image\" content=\"https:\/\/odysseus-numismatique.com\/wp-content\/uploads\/2023\/01\/zengides-de-syrie-nur-al-din-mahmud-fals-2.jpg\" \/>\n\t<meta property=\"og:image:width\" content=\"1500\" \/>\n\t<meta property=\"og:image:height\" content=\"750\" \/>\n\t<meta property=\"og:image:type\" content=\"image\/jpeg\" \/>\n<meta name=\"twitter:card\" content=\"summary_large_image\" \/>\n<meta name=\"twitter:label1\" content=\"Estimated reading time\" \/>\n\t<meta name=\"twitter:data1\" content=\"1 minute\" \/>\n<script type=\"application\/ld+json\" class=\"yoast-schema-graph\">{\"@context\":\"https:\/\/schema.org\",\"@graph\":[{\"@type\":\"WebPage\",\"@id\":\"https:\/\/odysseus-numismatique.com\/article\/zengides-de-syrie-nur-al-din-mahmud-fals-2\/\",\"url\":\"https:\/\/odysseus-numismatique.com\/article\/zengides-de-syrie-nur-al-din-mahmud-fals-2\/\",\"name\":\"ZENGIDES DE SYRIE - NUR AL-DIN MAHMUD \u2022 Fals &#8226; Odysseus\",\"isPartOf\":{\"@id\":\"https:\/\/odysseus-numismatique.com\/#website\"},\"primaryImageOfPage\":{\"@id\":\"https:\/\/odysseus-numismatique.com\/article\/zengides-de-syrie-nur-al-din-mahmud-fals-2\/#primaryimage\"},\"image\":{\"@id\":\"https:\/\/odysseus-numismatique.com\/article\/zengides-de-syrie-nur-al-din-mahmud-fals-2\/#primaryimage\"},\"thumbnailUrl\":\"https:\/\/odysseus-numismatique.com\/wp-content\/uploads\/2023\/01\/zengides-de-syrie-nur-al-din-mahmud-fals-2.jpg\",\"datePublished\":\"2023-01-06T15:57:23+00:00\",\"dateModified\":\"2025-03-17T22:56:48+00:00\",\"breadcrumb\":{\"@id\":\"https:\/\/odysseus-numismatique.com\/article\/zengides-de-syrie-nur-al-din-mahmud-fals-2\/#breadcrumb\"},\"inLanguage\":\"en-GB\",\"potentialAction\":[{\"@type\":\"ReadAction\",\"target\":[\"https:\/\/odysseus-numismatique.com\/article\/zengides-de-syrie-nur-al-din-mahmud-fals-2\/\"]}]},{\"@type\":\"ImageObject\",\"inLanguage\":\"en-GB\",\"@id\":\"https:\/\/odysseus-numismatique.com\/article\/zengides-de-syrie-nur-al-din-mahmud-fals-2\/#primaryimage\",\"url\":\"https:\/\/odysseus-numismatique.com\/wp-content\/uploads\/2023\/01\/zengides-de-syrie-nur-al-din-mahmud-fals-2.jpg\",\"contentUrl\":\"https:\/\/odysseus-numismatique.com\/wp-content\/uploads\/2023\/01\/zengides-de-syrie-nur-al-din-mahmud-fals-2.jpg\",\"width\":1500,\"height\":750,\"caption\":\"Odysseus Numismatique Monnaies Islamiques ZENGIDES DE SYRIE - NUR AL-DIN MAHMUD \u2022 Fals\"},{\"@type\":\"BreadcrumbList\",\"@id\":\"https:\/\/odysseus-numismatique.com\/article\/zengides-de-syrie-nur-al-din-mahmud-fals-2\/#breadcrumb\",\"itemListElement\":[{\"@type\":\"ListItem\",\"position\":1,\"name\":\"Accueil\",\"item\":\"https:\/\/odysseus-numismatique.com\/\"},{\"@type\":\"ListItem\",\"position\":2,\"name\":\"Boutique\",\"item\":\"https:\/\/odysseus-numismatique.com\/en\/boutique\/\"},{\"@type\":\"ListItem\",\"position\":3,\"name\":\"ZENGIDES DE SYRIE &#8211; NUR AL-DIN MAHMUD Fals\"}]},{\"@type\":\"WebSite\",\"@id\":\"https:\/\/odysseus-numismatique.com\/#website\",\"url\":\"https:\/\/odysseus-numismatique.com\/\",\"name\":\"Odysseus\",\"description\":\"Numismatique\",\"publisher\":{\"@id\":\"https:\/\/odysseus-numismatique.com\/#organization\"},\"potentialAction\":[{\"@type\":\"SearchAction\",\"target\":{\"@type\":\"EntryPoint\",\"urlTemplate\":\"https:\/\/odysseus-numismatique.com\/?s={search_term_string}\"},\"query-input\":{\"@type\":\"PropertyValueSpecification\",\"valueRequired\":true,\"valueName\":\"search_term_string\"}}],\"inLanguage\":\"en-GB\"},{\"@type\":\"Organization\",\"@id\":\"https:\/\/odysseus-numismatique.com\/#organization\",\"name\":\"Odysseus\",\"url\":\"https:\/\/odysseus-numismatique.com\/\",\"logo\":{\"@type\":\"ImageObject\",\"inLanguage\":\"en-GB\",\"@id\":\"https:\/\/odysseus-numismatique.com\/#\/schema\/logo\/image\/\",\"url\":\"https:\/\/odysseus-numismatique.com\/wp-content\/uploads\/2019\/04\/odysseus-numismatique.png\",\"contentUrl\":\"https:\/\/odysseus-numismatique.com\/wp-content\/uploads\/2019\/04\/odysseus-numismatique.png\",\"width\":500,\"height\":500,\"caption\":\"Odysseus\"},\"image\":{\"@id\":\"https:\/\/odysseus-numismatique.com\/#\/schema\/logo\/image\/\"}}]}<\/script>\n<!-- \/ Yoast SEO plugin. -->","yoast_head_json":{"title":"ZENGIDES DE SYRIE - NUR AL-DIN MAHMUD \u2022 Fals &#8226; Odysseus","robots":{"index":"index","follow":"follow","max-snippet":"max-snippet:-1","max-image-preview":"max-image-preview:large","max-video-preview":"max-video-preview:-1"},"canonical":"https:\/\/odysseus-numismatique.com\/en\/article\/zengides-de-syrie-nur-al-din-mahmud-fals-2\/","og_locale":"en_GB","og_type":"article","og_title":"ZENGIDES DE SYRIE - NUR AL-DIN MAHMUD \u2022 Fals &#8226; Odysseus","og_description":"Avers L\u00e9gendes grecque et arabe Le Christ Pantocrator debout de face, tenant les \u00c9vangiles Revers L\u00e9gendes grecque et arabe Deux personnages debout de face dans le style byzantin, tenant entre eux une croix pos\u00e9e sur trois marches Module Fals Date AH 541-569 = 1146-1174 ap. J.-C. Atelier Halab M\u00e9tal Bronze Poids 4.84 g Diam\u00e8tre 25 [&hellip;]","og_url":"https:\/\/odysseus-numismatique.com\/en\/article\/zengides-de-syrie-nur-al-din-mahmud-fals-2\/","og_site_name":"Odysseus","article_modified_time":"2025-03-17T22:56:48+00:00","og_image":[{"width":1500,"height":750,"url":"https:\/\/odysseus-numismatique.com\/wp-content\/uploads\/2023\/01\/zengides-de-syrie-nur-al-din-mahmud-fals-2.jpg","type":"image\/jpeg"}],"twitter_card":"summary_large_image","twitter_misc":{"Estimated reading time":"1 minute"},"schema":{"@context":"https:\/\/schema.org","@graph":[{"@type":"WebPage","@id":"https:\/\/odysseus-numismatique.com\/article\/zengides-de-syrie-nur-al-din-mahmud-fals-2\/","url":"https:\/\/odysseus-numismatique.com\/article\/zengides-de-syrie-nur-al-din-mahmud-fals-2\/","name":"ZENGIDES DE SYRIE - NUR AL-DIN MAHMUD \u2022 Fals &#8226; Odysseus","isPartOf":{"@id":"https:\/\/odysseus-numismatique.com\/#website"},"primaryImageOfPage":{"@id":"https:\/\/odysseus-numismatique.com\/article\/zengides-de-syrie-nur-al-din-mahmud-fals-2\/#primaryimage"},"image":{"@id":"https:\/\/odysseus-numismatique.com\/article\/zengides-de-syrie-nur-al-din-mahmud-fals-2\/#primaryimage"},"thumbnailUrl":"https:\/\/odysseus-numismatique.com\/wp-content\/uploads\/2023\/01\/zengides-de-syrie-nur-al-din-mahmud-fals-2.jpg","datePublished":"2023-01-06T15:57:23+00:00","dateModified":"2025-03-17T22:56:48+00:00","breadcrumb":{"@id":"https:\/\/odysseus-numismatique.com\/article\/zengides-de-syrie-nur-al-din-mahmud-fals-2\/#breadcrumb"},"inLanguage":"en-GB","potentialAction":[{"@type":"ReadAction","target":["https:\/\/odysseus-numismatique.com\/article\/zengides-de-syrie-nur-al-din-mahmud-fals-2\/"]}]},{"@type":"ImageObject","inLanguage":"en-GB","@id":"https:\/\/odysseus-numismatique.com\/article\/zengides-de-syrie-nur-al-din-mahmud-fals-2\/#primaryimage","url":"https:\/\/odysseus-numismatique.com\/wp-content\/uploads\/2023\/01\/zengides-de-syrie-nur-al-din-mahmud-fals-2.jpg","contentUrl":"https:\/\/odysseus-numismatique.com\/wp-content\/uploads\/2023\/01\/zengides-de-syrie-nur-al-din-mahmud-fals-2.jpg","width":1500,"height":750,"caption":"Odysseus Numismatique Monnaies Islamiques ZENGIDES DE SYRIE - NUR AL-DIN MAHMUD \u2022 Fals"},{"@type":"BreadcrumbList","@id":"https:\/\/odysseus-numismatique.com\/article\/zengides-de-syrie-nur-al-din-mahmud-fals-2\/#breadcrumb","itemListElement":[{"@type":"ListItem","position":1,"name":"Accueil","item":"https:\/\/odysseus-numismatique.com\/"},{"@type":"ListItem","position":2,"name":"Boutique","item":"https:\/\/odysseus-numismatique.com\/en\/boutique\/"},{"@type":"ListItem","position":3,"name":"ZENGIDES DE SYRIE &#8211; NUR AL-DIN MAHMUD Fals"}]},{"@type":"WebSite","@id":"https:\/\/odysseus-numismatique.com\/#website","url":"https:\/\/odysseus-numismatique.com\/","name":"Odysseus","description":"Numismatics","publisher":{"@id":"https:\/\/odysseus-numismatique.com\/#organization"},"potentialAction":[{"@type":"SearchAction","target":{"@type":"EntryPoint","urlTemplate":"https:\/\/odysseus-numismatique.com\/?s={search_term_string}"},"query-input":{"@type":"PropertyValueSpecification","valueRequired":true,"valueName":"search_term_string"}}],"inLanguage":"en-GB"},{"@type":"Organization","@id":"https:\/\/odysseus-numismatique.com\/#organization","name":"Odysseus","url":"https:\/\/odysseus-numismatique.com\/","logo":{"@type":"ImageObject","inLanguage":"en-GB","@id":"https:\/\/odysseus-numismatique.com\/#\/schema\/logo\/image\/","url":"https:\/\/odysseus-numismatique.com\/wp-content\/uploads\/2019\/04\/odysseus-numismatique.png","contentUrl":"https:\/\/odysseus-numismatique.com\/wp-content\/uploads\/2019\/04\/odysseus-numismatique.png","width":500,"height":500,"caption":"Odysseus"},"image":{"@id":"https:\/\/odysseus-numismatique.com\/#\/schema\/logo\/image\/"}}]}},"_links":{"self":[{"href":"https:\/\/odysseus-numismatique.com\/en\/wp-json\/wp\/v2\/product\/16156","targetHints":{"allow":["GET"]}}],"collection":[{"href":"https:\/\/odysseus-numismatique.com\/en\/wp-json\/wp\/v2\/product"}],"about":[{"href":"https:\/\/odysseus-numismatique.com\/en\/wp-json\/wp\/v2\/types\/product"}],"wp:featuredmedia":[{"embeddable":true,"href":"https:\/\/odysseus-numismatique.com\/en\/wp-json\/wp\/v2\/media\/16157"}],"wp:attachment":[{"href":"https:\/\/odysseus-numismatique.com\/en\/wp-json\/wp\/v2\/media?parent=16156"}],"wp:term":[{"taxonomy":"product_brand","embeddable":true,"href":"https:\/\/odysseus-numismatique.com\/en\/wp-json\/wp\/v2\/product_brand?post=16156"},{"taxonomy":"product_cat","embeddable":true,"href":"https:\/\/odysseus-numismatique.com\/en\/wp-json\/wp\/v2\/product_cat?post=16156"},{"taxonomy":"product_tag","embeddable":true,"href":"https:\/\/odysseus-numismatique.com\/en\/wp-json\/wp\/v2\/product_tag?post=16156"}],"curies":[{"name":"wp","href":"https:\/\/api.w.org\/{rel}","templated":true}]}}