{"id":16154,"date":"2023-01-06T17:01:54","date_gmt":"2023-01-06T16:01:54","guid":{"rendered":"https:\/\/odysseus-numismatique.com\/?post_type=product&#038;p=16154"},"modified":"2025-03-17T23:56:47","modified_gmt":"2025-03-17T22:56:47","slug":"venise-ranieri-zeno-grosso","status":"publish","type":"product","link":"https:\/\/odysseus-numismatique.com\/en\/article\/venise-ranieri-zeno-grosso\/","title":{"rendered":"VENICE \u2013 RANIERI ZENO <br \/> Grosso"},"content":{"rendered":"<style>\n.tableproduct {border-collapse:none}\n.tableproduct td {border:none!important; padding:10px}\n.tableproduct .odd td {background-color:#424242}\n.tableproduct .even td {background-color:#3a3a3a}\n.tableproduct .column-1 {text-transform:uppercase; font-weight:bold; font-size:0.75em; width:20%}\n.tableproduct .column-2 {font-size:1em}\n<\/style>\n<table class=\"tableproduct\">\n<tr class=\"row-1 odd\">\n<td class=\"column-1\">Obverse<\/td>\n<td class=\"column-2\">\u00b7RA\u00b7 GENO\u00b7 DVX \u00b7S\u00b7M\u00b7 VENETI<br \/>\nLe Doge et Saint Marc debout de face, tenant une banni\u00e8re entre eux<\/td>\n<\/tr>\n<tr class=\"row-2 even\">\n<td class=\"column-1\">Reverse<\/td>\n<td class=\"column-2\">Le Christ Pantocrator tr\u00f4nant de face, IC XC dans les champs<\/td>\n<\/tr>\n<tr class=\"row-3 odd\">\n<td class=\"column-1\">Denomination<\/td>\n<td class=\"column-2\">Grosso<\/td>\n<\/tr>\n<tr class=\"row-4 even\">\n<td class=\"column-1\">Date<\/td>\n<td class=\"column-2\">AD 1253-1268<\/td>\n<\/tr>\n<tr class=\"row-5 odd\">\n<td class=\"column-1\">Mint<\/td>\n<td class=\"column-2\">Venice<\/td>\n<\/tr>\n<tr class=\"row-6 even\">\n<td class=\"column-1\">Metal<\/td>\n<td class=\"column-2\">Silver<\/td>\n<\/tr>\n<tr class=\"row-7 odd\">\n<td class=\"column-1\">Weight<\/td>\n<td class=\"column-2\">2.05 g<\/td>\n<\/tr>\n<tr class=\"row-8 even\">\n<td class=\"column-1\">Diameter<\/td>\n<td class=\"column-2\">20.8 mm<\/td>\n<\/tr>\n<tr class=\"row-9 odd\">\n<td class=\"column-1\">Reference<\/td>\n<td class=\"column-2\">Paolucci 1 &#8211; Biaggi 2775<\/td>\n<\/tr>\n<tr class=\"row-10 even\">\n<td class=\"column-1\">Condition<\/td>\n<td class=\"column-2\">VF<\/td>\n<\/tr>\n<\/table>","protected":false},"excerpt":{"rendered":"<p>Avers \u00b7RA\u00b7 GENO\u00b7 DVX \u00b7S\u00b7M\u00b7 VENETI Le Doge et Saint Marc debout de face, tenant une banni\u00e8re entre eux Revers Le Christ Pantocrator tr\u00f4nant de face, IC XC dans les champs Module Grosso Date 1253-1268 ap. J.-C. Atelier Venise M\u00e9tal Argent Poids 2.05 g Diam\u00e8tre 20.8 mm R\u00e9f\u00e9rence Paolucci 1 &#8211; Biaggi 2775 \u00c9tat TTB<\/p>","protected":false},"featured_media":16155,"template":"","meta":[],"product_brand":[],"product_cat":[15],"product_tag":[238,394],"class_list":{"0":"post-16154","1":"product","2":"type-product","3":"status-publish","4":"has-post-thumbnail","6":"product_cat-vendus","7":"product_tag-monnaies-feodales","8":"product_tag-numismatique","9":"pa_metal-argent","10":"pa_module-grosso","12":"first","13":"outofstock","14":"sold-individually","15":"shipping-taxable","16":"purchasable","17":"product-type-simple"},"yoast_head":"<!-- This site is optimized with the Yoast SEO plugin v27.2 - https:\/\/yoast.com\/product\/yoast-seo-wordpress\/ -->\n<title>VENISE - RANIERI ZENO \u2022 Grosso &#8226; Odysseus<\/title>\n<meta name=\"robots\" content=\"index, follow, max-snippet:-1, max-image-preview:large, max-video-preview:-1\" \/>\n<link rel=\"canonical\" href=\"https:\/\/odysseus-numismatique.com\/en\/article\/venise-ranieri-zeno-grosso\/\" \/>\n<meta property=\"og:locale\" content=\"en_GB\" \/>\n<meta property=\"og:type\" content=\"article\" \/>\n<meta property=\"og:title\" content=\"VENISE - RANIERI ZENO \u2022 Grosso &#8226; Odysseus\" \/>\n<meta property=\"og:description\" content=\"Avers \u00b7RA\u00b7 GENO\u00b7 DVX \u00b7S\u00b7M\u00b7 VENETI Le Doge et Saint Marc debout de face, tenant une banni\u00e8re entre eux Revers Le Christ Pantocrator tr\u00f4nant de face, IC XC dans les champs Module Grosso Date 1253-1268 ap. J.-C. Atelier Venise M\u00e9tal Argent Poids 2.05 g Diam\u00e8tre 20.8 mm R\u00e9f\u00e9rence Paolucci 1 &#8211; Biaggi 2775 \u00c9tat TTB\" \/>\n<meta property=\"og:url\" content=\"https:\/\/odysseus-numismatique.com\/en\/article\/venise-ranieri-zeno-grosso\/\" \/>\n<meta property=\"og:site_name\" content=\"Odysseus\" \/>\n<meta property=\"article:modified_time\" content=\"2025-03-17T22:56:47+00:00\" \/>\n<meta property=\"og:image\" content=\"https:\/\/odysseus-numismatique.com\/wp-content\/uploads\/2023\/01\/venise-ranieri-zeno-grosso.jpg\" \/>\n\t<meta property=\"og:image:width\" content=\"1500\" \/>\n\t<meta property=\"og:image:height\" content=\"750\" \/>\n\t<meta property=\"og:image:type\" content=\"image\/jpeg\" \/>\n<meta name=\"twitter:card\" content=\"summary_large_image\" \/>\n<meta name=\"twitter:label1\" content=\"Estimated reading time\" \/>\n\t<meta name=\"twitter:data1\" content=\"1 minute\" \/>\n<script type=\"application\/ld+json\" class=\"yoast-schema-graph\">{\"@context\":\"https:\/\/schema.org\",\"@graph\":[{\"@type\":\"WebPage\",\"@id\":\"https:\/\/odysseus-numismatique.com\/article\/venise-ranieri-zeno-grosso\/\",\"url\":\"https:\/\/odysseus-numismatique.com\/article\/venise-ranieri-zeno-grosso\/\",\"name\":\"VENISE - RANIERI ZENO \u2022 Grosso &#8226; Odysseus\",\"isPartOf\":{\"@id\":\"https:\/\/odysseus-numismatique.com\/#website\"},\"primaryImageOfPage\":{\"@id\":\"https:\/\/odysseus-numismatique.com\/article\/venise-ranieri-zeno-grosso\/#primaryimage\"},\"image\":{\"@id\":\"https:\/\/odysseus-numismatique.com\/article\/venise-ranieri-zeno-grosso\/#primaryimage\"},\"thumbnailUrl\":\"https:\/\/odysseus-numismatique.com\/wp-content\/uploads\/2023\/01\/venise-ranieri-zeno-grosso.jpg\",\"datePublished\":\"2023-01-06T16:01:54+00:00\",\"dateModified\":\"2025-03-17T22:56:47+00:00\",\"breadcrumb\":{\"@id\":\"https:\/\/odysseus-numismatique.com\/article\/venise-ranieri-zeno-grosso\/#breadcrumb\"},\"inLanguage\":\"en-GB\",\"potentialAction\":[{\"@type\":\"ReadAction\",\"target\":[\"https:\/\/odysseus-numismatique.com\/article\/venise-ranieri-zeno-grosso\/\"]}]},{\"@type\":\"ImageObject\",\"inLanguage\":\"en-GB\",\"@id\":\"https:\/\/odysseus-numismatique.com\/article\/venise-ranieri-zeno-grosso\/#primaryimage\",\"url\":\"https:\/\/odysseus-numismatique.com\/wp-content\/uploads\/2023\/01\/venise-ranieri-zeno-grosso.jpg\",\"contentUrl\":\"https:\/\/odysseus-numismatique.com\/wp-content\/uploads\/2023\/01\/venise-ranieri-zeno-grosso.jpg\",\"width\":1500,\"height\":750,\"caption\":\"Odysseus Numismatique Monnaies F\u00e9odales VENISE - RANIERI ZENO \u2022 Grosso\"},{\"@type\":\"BreadcrumbList\",\"@id\":\"https:\/\/odysseus-numismatique.com\/article\/venise-ranieri-zeno-grosso\/#breadcrumb\",\"itemListElement\":[{\"@type\":\"ListItem\",\"position\":1,\"name\":\"Accueil\",\"item\":\"https:\/\/odysseus-numismatique.com\/\"},{\"@type\":\"ListItem\",\"position\":2,\"name\":\"Boutique\",\"item\":\"https:\/\/odysseus-numismatique.com\/en\/boutique\/\"},{\"@type\":\"ListItem\",\"position\":3,\"name\":\"VENISE &#8211; RANIERI ZENO Grosso\"}]},{\"@type\":\"WebSite\",\"@id\":\"https:\/\/odysseus-numismatique.com\/#website\",\"url\":\"https:\/\/odysseus-numismatique.com\/\",\"name\":\"Odysseus\",\"description\":\"Numismatique\",\"publisher\":{\"@id\":\"https:\/\/odysseus-numismatique.com\/#organization\"},\"potentialAction\":[{\"@type\":\"SearchAction\",\"target\":{\"@type\":\"EntryPoint\",\"urlTemplate\":\"https:\/\/odysseus-numismatique.com\/?s={search_term_string}\"},\"query-input\":{\"@type\":\"PropertyValueSpecification\",\"valueRequired\":true,\"valueName\":\"search_term_string\"}}],\"inLanguage\":\"en-GB\"},{\"@type\":\"Organization\",\"@id\":\"https:\/\/odysseus-numismatique.com\/#organization\",\"name\":\"Odysseus\",\"url\":\"https:\/\/odysseus-numismatique.com\/\",\"logo\":{\"@type\":\"ImageObject\",\"inLanguage\":\"en-GB\",\"@id\":\"https:\/\/odysseus-numismatique.com\/#\/schema\/logo\/image\/\",\"url\":\"https:\/\/odysseus-numismatique.com\/wp-content\/uploads\/2019\/04\/odysseus-numismatique.png\",\"contentUrl\":\"https:\/\/odysseus-numismatique.com\/wp-content\/uploads\/2019\/04\/odysseus-numismatique.png\",\"width\":500,\"height\":500,\"caption\":\"Odysseus\"},\"image\":{\"@id\":\"https:\/\/odysseus-numismatique.com\/#\/schema\/logo\/image\/\"}}]}<\/script>\n<!-- \/ Yoast SEO plugin. -->","yoast_head_json":{"title":"VENISE - RANIERI ZENO \u2022 Grosso &#8226; Odysseus","robots":{"index":"index","follow":"follow","max-snippet":"max-snippet:-1","max-image-preview":"max-image-preview:large","max-video-preview":"max-video-preview:-1"},"canonical":"https:\/\/odysseus-numismatique.com\/en\/article\/venise-ranieri-zeno-grosso\/","og_locale":"en_GB","og_type":"article","og_title":"VENISE - RANIERI ZENO \u2022 Grosso &#8226; Odysseus","og_description":"Avers \u00b7RA\u00b7 GENO\u00b7 DVX \u00b7S\u00b7M\u00b7 VENETI Le Doge et Saint Marc debout de face, tenant une banni\u00e8re entre eux Revers Le Christ Pantocrator tr\u00f4nant de face, IC XC dans les champs Module Grosso Date 1253-1268 ap. J.-C. Atelier Venise M\u00e9tal Argent Poids 2.05 g Diam\u00e8tre 20.8 mm R\u00e9f\u00e9rence Paolucci 1 &#8211; Biaggi 2775 \u00c9tat TTB","og_url":"https:\/\/odysseus-numismatique.com\/en\/article\/venise-ranieri-zeno-grosso\/","og_site_name":"Odysseus","article_modified_time":"2025-03-17T22:56:47+00:00","og_image":[{"width":1500,"height":750,"url":"https:\/\/odysseus-numismatique.com\/wp-content\/uploads\/2023\/01\/venise-ranieri-zeno-grosso.jpg","type":"image\/jpeg"}],"twitter_card":"summary_large_image","twitter_misc":{"Estimated reading time":"1 minute"},"schema":{"@context":"https:\/\/schema.org","@graph":[{"@type":"WebPage","@id":"https:\/\/odysseus-numismatique.com\/article\/venise-ranieri-zeno-grosso\/","url":"https:\/\/odysseus-numismatique.com\/article\/venise-ranieri-zeno-grosso\/","name":"VENISE - RANIERI ZENO \u2022 Grosso &#8226; Odysseus","isPartOf":{"@id":"https:\/\/odysseus-numismatique.com\/#website"},"primaryImageOfPage":{"@id":"https:\/\/odysseus-numismatique.com\/article\/venise-ranieri-zeno-grosso\/#primaryimage"},"image":{"@id":"https:\/\/odysseus-numismatique.com\/article\/venise-ranieri-zeno-grosso\/#primaryimage"},"thumbnailUrl":"https:\/\/odysseus-numismatique.com\/wp-content\/uploads\/2023\/01\/venise-ranieri-zeno-grosso.jpg","datePublished":"2023-01-06T16:01:54+00:00","dateModified":"2025-03-17T22:56:47+00:00","breadcrumb":{"@id":"https:\/\/odysseus-numismatique.com\/article\/venise-ranieri-zeno-grosso\/#breadcrumb"},"inLanguage":"en-GB","potentialAction":[{"@type":"ReadAction","target":["https:\/\/odysseus-numismatique.com\/article\/venise-ranieri-zeno-grosso\/"]}]},{"@type":"ImageObject","inLanguage":"en-GB","@id":"https:\/\/odysseus-numismatique.com\/article\/venise-ranieri-zeno-grosso\/#primaryimage","url":"https:\/\/odysseus-numismatique.com\/wp-content\/uploads\/2023\/01\/venise-ranieri-zeno-grosso.jpg","contentUrl":"https:\/\/odysseus-numismatique.com\/wp-content\/uploads\/2023\/01\/venise-ranieri-zeno-grosso.jpg","width":1500,"height":750,"caption":"Odysseus Numismatique Monnaies F\u00e9odales VENISE - RANIERI ZENO \u2022 Grosso"},{"@type":"BreadcrumbList","@id":"https:\/\/odysseus-numismatique.com\/article\/venise-ranieri-zeno-grosso\/#breadcrumb","itemListElement":[{"@type":"ListItem","position":1,"name":"Accueil","item":"https:\/\/odysseus-numismatique.com\/"},{"@type":"ListItem","position":2,"name":"Boutique","item":"https:\/\/odysseus-numismatique.com\/en\/boutique\/"},{"@type":"ListItem","position":3,"name":"VENISE &#8211; RANIERI ZENO Grosso"}]},{"@type":"WebSite","@id":"https:\/\/odysseus-numismatique.com\/#website","url":"https:\/\/odysseus-numismatique.com\/","name":"Odysseus","description":"Numismatics","publisher":{"@id":"https:\/\/odysseus-numismatique.com\/#organization"},"potentialAction":[{"@type":"SearchAction","target":{"@type":"EntryPoint","urlTemplate":"https:\/\/odysseus-numismatique.com\/?s={search_term_string}"},"query-input":{"@type":"PropertyValueSpecification","valueRequired":true,"valueName":"search_term_string"}}],"inLanguage":"en-GB"},{"@type":"Organization","@id":"https:\/\/odysseus-numismatique.com\/#organization","name":"Odysseus","url":"https:\/\/odysseus-numismatique.com\/","logo":{"@type":"ImageObject","inLanguage":"en-GB","@id":"https:\/\/odysseus-numismatique.com\/#\/schema\/logo\/image\/","url":"https:\/\/odysseus-numismatique.com\/wp-content\/uploads\/2019\/04\/odysseus-numismatique.png","contentUrl":"https:\/\/odysseus-numismatique.com\/wp-content\/uploads\/2019\/04\/odysseus-numismatique.png","width":500,"height":500,"caption":"Odysseus"},"image":{"@id":"https:\/\/odysseus-numismatique.com\/#\/schema\/logo\/image\/"}}]}},"_links":{"self":[{"href":"https:\/\/odysseus-numismatique.com\/en\/wp-json\/wp\/v2\/product\/16154","targetHints":{"allow":["GET"]}}],"collection":[{"href":"https:\/\/odysseus-numismatique.com\/en\/wp-json\/wp\/v2\/product"}],"about":[{"href":"https:\/\/odysseus-numismatique.com\/en\/wp-json\/wp\/v2\/types\/product"}],"wp:featuredmedia":[{"embeddable":true,"href":"https:\/\/odysseus-numismatique.com\/en\/wp-json\/wp\/v2\/media\/16155"}],"wp:attachment":[{"href":"https:\/\/odysseus-numismatique.com\/en\/wp-json\/wp\/v2\/media?parent=16154"}],"wp:term":[{"taxonomy":"product_brand","embeddable":true,"href":"https:\/\/odysseus-numismatique.com\/en\/wp-json\/wp\/v2\/product_brand?post=16154"},{"taxonomy":"product_cat","embeddable":true,"href":"https:\/\/odysseus-numismatique.com\/en\/wp-json\/wp\/v2\/product_cat?post=16154"},{"taxonomy":"product_tag","embeddable":true,"href":"https:\/\/odysseus-numismatique.com\/en\/wp-json\/wp\/v2\/product_tag?post=16154"}],"curies":[{"name":"wp","href":"https:\/\/api.w.org\/{rel}","templated":true}]}}