{"id":16152,"date":"2023-01-06T17:03:09","date_gmt":"2023-01-06T16:03:09","guid":{"rendered":"https:\/\/odysseus-numismatique.com\/?post_type=product&#038;p=16152"},"modified":"2025-03-18T01:26:49","modified_gmt":"2025-03-18T00:26:49","slug":"armenie-cilicienne-hetoum-ier-tank","status":"publish","type":"product","link":"https:\/\/odysseus-numismatique.com\/en\/article\/armenie-cilicienne-hetoum-ier-tank\/","title":{"rendered":"CILICIAN ARMENIA \u2013 HETOUM I <br \/> Tank"},"content":{"rendered":"<style>\n.tableproduct {border-collapse:none}\n.tableproduct td {border:none!important; padding:10px}\n.tableproduct .odd td {background-color:#424242}\n.tableproduct .even td {background-color:#3a3a3a}\n.tableproduct .column-1 {text-transform:uppercase; font-weight:bold; font-size:0.75em; width:20%}\n.tableproduct .column-2 {font-size:1em}\n<\/style>\n<table class=\"tableproduct\">\n<tr class=\"row-1 odd\">\n<td class=\"column-1\">Obverse<\/td>\n<td class=\"column-2\">Le Roi assis de face sur un tr\u00f4ne orn\u00e9 de lions, tenant un lis et un globe crucig\u00e8re, \u00e9toile \u00e0 gauche<\/td>\n<\/tr>\n<tr class=\"row-2 even\">\n<td class=\"column-1\">Reverse<\/td>\n<td class=\"column-2\">Croix boulet\u00e9e cantonn\u00e9e de quatre \u00e9toiles<\/td>\n<\/tr>\n<tr class=\"row-3 odd\">\n<td class=\"column-1\">Denomination<\/td>\n<td class=\"column-2\">Tank<\/td>\n<\/tr>\n<tr class=\"row-4 even\">\n<td class=\"column-1\">Date<\/td>\n<td class=\"column-2\">AD 1226-1270<\/td>\n<\/tr>\n<tr class=\"row-5 odd\">\n<td class=\"column-1\">Mint<\/td>\n<td class=\"column-2\">Sis<\/td>\n<\/tr>\n<tr class=\"row-6 even\">\n<td class=\"column-1\">Metal<\/td>\n<td class=\"column-2\">Bronze<\/td>\n<\/tr>\n<tr class=\"row-7 odd\">\n<td class=\"column-1\">Weight<\/td>\n<td class=\"column-2\">8.64 g<\/td>\n<\/tr>\n<tr class=\"row-8 even\">\n<td class=\"column-1\">Diameter<\/td>\n<td class=\"column-2\">30 mm<\/td>\n<\/tr>\n<tr class=\"row-9 odd\">\n<td class=\"column-1\">Reference<\/td>\n<td class=\"column-2\">AC 352<\/td>\n<\/tr>\n<tr class=\"row-10 even\">\n<td class=\"column-1\">Condition<\/td>\n<td class=\"column-2\">VF<\/td>\n<\/tr>\n<\/table>","protected":false},"excerpt":{"rendered":"<p>Avers Le Roi assis de face sur un tr\u00f4ne orn\u00e9 de lions, tenant un lis et un globe crucig\u00e8re, \u00e9toile \u00e0 gauche Revers Croix boulet\u00e9e cantonn\u00e9e de quatre \u00e9toiles Module Tank Date 1226-1270 ap. J.-C. Atelier Sis M\u00e9tal Bronze Poids 8.64 g Diam\u00e8tre 30 mm R\u00e9f\u00e9rence AC 352 \u00c9tat TTB<\/p>","protected":false},"featured_media":16153,"template":"","meta":[],"product_brand":[],"product_cat":[309,17,233],"product_tag":[311,394],"class_list":{"0":"post-16152","1":"product","2":"type-product","3":"status-publish","4":"has-post-thumbnail","6":"product_cat-monnaies-croisades","7":"product_cat-numismatique","8":"product_cat-orient","9":"product_tag-monnaies-croisades","10":"product_tag-numismatique","11":"pa_metal-bronze","12":"pa_module-tank","14":"first","15":"instock","16":"sold-individually","17":"shipping-taxable","18":"purchasable","19":"product-type-simple"},"yoast_head":"<!-- This site is optimized with the Yoast SEO plugin v27.2 - https:\/\/yoast.com\/product\/yoast-seo-wordpress\/ -->\n<title>ARM\u00c9NIE CILICIENNE - HETOUM Ier \u2022 Tank &#8226; Odysseus<\/title>\n<meta name=\"robots\" content=\"index, follow, max-snippet:-1, max-image-preview:large, max-video-preview:-1\" \/>\n<link rel=\"canonical\" href=\"https:\/\/odysseus-numismatique.com\/en\/article\/armenie-cilicienne-hetoum-ier-tank\/\" \/>\n<meta property=\"og:locale\" content=\"en_GB\" \/>\n<meta property=\"og:type\" content=\"article\" \/>\n<meta property=\"og:title\" content=\"ARM\u00c9NIE CILICIENNE - HETOUM Ier \u2022 Tank &#8226; Odysseus\" \/>\n<meta property=\"og:description\" content=\"Avers Le Roi assis de face sur un tr\u00f4ne orn\u00e9 de lions, tenant un lis et un globe crucig\u00e8re, \u00e9toile \u00e0 gauche Revers Croix boulet\u00e9e cantonn\u00e9e de quatre \u00e9toiles Module Tank Date 1226-1270 ap. J.-C. Atelier Sis M\u00e9tal Bronze Poids 8.64 g Diam\u00e8tre 30 mm R\u00e9f\u00e9rence AC 352 \u00c9tat TTB\" \/>\n<meta property=\"og:url\" content=\"https:\/\/odysseus-numismatique.com\/en\/article\/armenie-cilicienne-hetoum-ier-tank\/\" \/>\n<meta property=\"og:site_name\" content=\"Odysseus\" \/>\n<meta property=\"article:modified_time\" content=\"2025-03-18T00:26:49+00:00\" \/>\n<meta property=\"og:image\" content=\"https:\/\/odysseus-numismatique.com\/wp-content\/uploads\/2023\/01\/armenie-cilicienne-hetoum-ier-tank.jpg\" \/>\n\t<meta property=\"og:image:width\" content=\"1500\" \/>\n\t<meta property=\"og:image:height\" content=\"750\" \/>\n\t<meta property=\"og:image:type\" content=\"image\/jpeg\" \/>\n<meta name=\"twitter:card\" content=\"summary_large_image\" \/>\n<meta name=\"twitter:label1\" content=\"Estimated reading time\" \/>\n\t<meta name=\"twitter:data1\" content=\"1 minute\" \/>\n<script type=\"application\/ld+json\" class=\"yoast-schema-graph\">{\"@context\":\"https:\/\/schema.org\",\"@graph\":[{\"@type\":\"WebPage\",\"@id\":\"https:\/\/odysseus-numismatique.com\/article\/armenie-cilicienne-hetoum-ier-tank\/\",\"url\":\"https:\/\/odysseus-numismatique.com\/article\/armenie-cilicienne-hetoum-ier-tank\/\",\"name\":\"ARM\u00c9NIE CILICIENNE - HETOUM Ier \u2022 Tank &#8226; Odysseus\",\"isPartOf\":{\"@id\":\"https:\/\/odysseus-numismatique.com\/#website\"},\"primaryImageOfPage\":{\"@id\":\"https:\/\/odysseus-numismatique.com\/article\/armenie-cilicienne-hetoum-ier-tank\/#primaryimage\"},\"image\":{\"@id\":\"https:\/\/odysseus-numismatique.com\/article\/armenie-cilicienne-hetoum-ier-tank\/#primaryimage\"},\"thumbnailUrl\":\"https:\/\/odysseus-numismatique.com\/wp-content\/uploads\/2023\/01\/armenie-cilicienne-hetoum-ier-tank.jpg\",\"datePublished\":\"2023-01-06T16:03:09+00:00\",\"dateModified\":\"2025-03-18T00:26:49+00:00\",\"breadcrumb\":{\"@id\":\"https:\/\/odysseus-numismatique.com\/article\/armenie-cilicienne-hetoum-ier-tank\/#breadcrumb\"},\"inLanguage\":\"en-GB\",\"potentialAction\":[{\"@type\":\"ReadAction\",\"target\":[\"https:\/\/odysseus-numismatique.com\/article\/armenie-cilicienne-hetoum-ier-tank\/\"]}]},{\"@type\":\"ImageObject\",\"inLanguage\":\"en-GB\",\"@id\":\"https:\/\/odysseus-numismatique.com\/article\/armenie-cilicienne-hetoum-ier-tank\/#primaryimage\",\"url\":\"https:\/\/odysseus-numismatique.com\/wp-content\/uploads\/2023\/01\/armenie-cilicienne-hetoum-ier-tank.jpg\",\"contentUrl\":\"https:\/\/odysseus-numismatique.com\/wp-content\/uploads\/2023\/01\/armenie-cilicienne-hetoum-ier-tank.jpg\",\"width\":1500,\"height\":750,\"caption\":\"Odysseus Numismatique Monnaies Orient Latin ARM\u00c9NIE CILICIENNE - HETOUM Ier \u2022 Tank\"},{\"@type\":\"BreadcrumbList\",\"@id\":\"https:\/\/odysseus-numismatique.com\/article\/armenie-cilicienne-hetoum-ier-tank\/#breadcrumb\",\"itemListElement\":[{\"@type\":\"ListItem\",\"position\":1,\"name\":\"Accueil\",\"item\":\"https:\/\/odysseus-numismatique.com\/\"},{\"@type\":\"ListItem\",\"position\":2,\"name\":\"Boutique\",\"item\":\"https:\/\/odysseus-numismatique.com\/en\/boutique\/\"},{\"@type\":\"ListItem\",\"position\":3,\"name\":\"ARM\u00c9NIE CILICIENNE &#8211; HETOUM Ier Tank\"}]},{\"@type\":\"WebSite\",\"@id\":\"https:\/\/odysseus-numismatique.com\/#website\",\"url\":\"https:\/\/odysseus-numismatique.com\/\",\"name\":\"Odysseus\",\"description\":\"Numismatique\",\"publisher\":{\"@id\":\"https:\/\/odysseus-numismatique.com\/#organization\"},\"potentialAction\":[{\"@type\":\"SearchAction\",\"target\":{\"@type\":\"EntryPoint\",\"urlTemplate\":\"https:\/\/odysseus-numismatique.com\/?s={search_term_string}\"},\"query-input\":{\"@type\":\"PropertyValueSpecification\",\"valueRequired\":true,\"valueName\":\"search_term_string\"}}],\"inLanguage\":\"en-GB\"},{\"@type\":\"Organization\",\"@id\":\"https:\/\/odysseus-numismatique.com\/#organization\",\"name\":\"Odysseus\",\"url\":\"https:\/\/odysseus-numismatique.com\/\",\"logo\":{\"@type\":\"ImageObject\",\"inLanguage\":\"en-GB\",\"@id\":\"https:\/\/odysseus-numismatique.com\/#\/schema\/logo\/image\/\",\"url\":\"https:\/\/odysseus-numismatique.com\/wp-content\/uploads\/2019\/04\/odysseus-numismatique.png\",\"contentUrl\":\"https:\/\/odysseus-numismatique.com\/wp-content\/uploads\/2019\/04\/odysseus-numismatique.png\",\"width\":500,\"height\":500,\"caption\":\"Odysseus\"},\"image\":{\"@id\":\"https:\/\/odysseus-numismatique.com\/#\/schema\/logo\/image\/\"}}]}<\/script>\n<!-- \/ Yoast SEO plugin. -->","yoast_head_json":{"title":"ARM\u00c9NIE CILICIENNE - HETOUM Ier \u2022 Tank &#8226; Odysseus","robots":{"index":"index","follow":"follow","max-snippet":"max-snippet:-1","max-image-preview":"max-image-preview:large","max-video-preview":"max-video-preview:-1"},"canonical":"https:\/\/odysseus-numismatique.com\/en\/article\/armenie-cilicienne-hetoum-ier-tank\/","og_locale":"en_GB","og_type":"article","og_title":"ARM\u00c9NIE CILICIENNE - HETOUM Ier \u2022 Tank &#8226; Odysseus","og_description":"Avers Le Roi assis de face sur un tr\u00f4ne orn\u00e9 de lions, tenant un lis et un globe crucig\u00e8re, \u00e9toile \u00e0 gauche Revers Croix boulet\u00e9e cantonn\u00e9e de quatre \u00e9toiles Module Tank Date 1226-1270 ap. J.-C. Atelier Sis M\u00e9tal Bronze Poids 8.64 g Diam\u00e8tre 30 mm R\u00e9f\u00e9rence AC 352 \u00c9tat TTB","og_url":"https:\/\/odysseus-numismatique.com\/en\/article\/armenie-cilicienne-hetoum-ier-tank\/","og_site_name":"Odysseus","article_modified_time":"2025-03-18T00:26:49+00:00","og_image":[{"width":1500,"height":750,"url":"https:\/\/odysseus-numismatique.com\/wp-content\/uploads\/2023\/01\/armenie-cilicienne-hetoum-ier-tank.jpg","type":"image\/jpeg"}],"twitter_card":"summary_large_image","twitter_misc":{"Estimated reading time":"1 minute"},"schema":{"@context":"https:\/\/schema.org","@graph":[{"@type":"WebPage","@id":"https:\/\/odysseus-numismatique.com\/article\/armenie-cilicienne-hetoum-ier-tank\/","url":"https:\/\/odysseus-numismatique.com\/article\/armenie-cilicienne-hetoum-ier-tank\/","name":"ARM\u00c9NIE CILICIENNE - HETOUM Ier \u2022 Tank &#8226; Odysseus","isPartOf":{"@id":"https:\/\/odysseus-numismatique.com\/#website"},"primaryImageOfPage":{"@id":"https:\/\/odysseus-numismatique.com\/article\/armenie-cilicienne-hetoum-ier-tank\/#primaryimage"},"image":{"@id":"https:\/\/odysseus-numismatique.com\/article\/armenie-cilicienne-hetoum-ier-tank\/#primaryimage"},"thumbnailUrl":"https:\/\/odysseus-numismatique.com\/wp-content\/uploads\/2023\/01\/armenie-cilicienne-hetoum-ier-tank.jpg","datePublished":"2023-01-06T16:03:09+00:00","dateModified":"2025-03-18T00:26:49+00:00","breadcrumb":{"@id":"https:\/\/odysseus-numismatique.com\/article\/armenie-cilicienne-hetoum-ier-tank\/#breadcrumb"},"inLanguage":"en-GB","potentialAction":[{"@type":"ReadAction","target":["https:\/\/odysseus-numismatique.com\/article\/armenie-cilicienne-hetoum-ier-tank\/"]}]},{"@type":"ImageObject","inLanguage":"en-GB","@id":"https:\/\/odysseus-numismatique.com\/article\/armenie-cilicienne-hetoum-ier-tank\/#primaryimage","url":"https:\/\/odysseus-numismatique.com\/wp-content\/uploads\/2023\/01\/armenie-cilicienne-hetoum-ier-tank.jpg","contentUrl":"https:\/\/odysseus-numismatique.com\/wp-content\/uploads\/2023\/01\/armenie-cilicienne-hetoum-ier-tank.jpg","width":1500,"height":750,"caption":"Odysseus Numismatique Monnaies Orient Latin ARM\u00c9NIE CILICIENNE - HETOUM Ier \u2022 Tank"},{"@type":"BreadcrumbList","@id":"https:\/\/odysseus-numismatique.com\/article\/armenie-cilicienne-hetoum-ier-tank\/#breadcrumb","itemListElement":[{"@type":"ListItem","position":1,"name":"Accueil","item":"https:\/\/odysseus-numismatique.com\/"},{"@type":"ListItem","position":2,"name":"Boutique","item":"https:\/\/odysseus-numismatique.com\/en\/boutique\/"},{"@type":"ListItem","position":3,"name":"ARM\u00c9NIE CILICIENNE &#8211; HETOUM Ier Tank"}]},{"@type":"WebSite","@id":"https:\/\/odysseus-numismatique.com\/#website","url":"https:\/\/odysseus-numismatique.com\/","name":"Odysseus","description":"Numismatics","publisher":{"@id":"https:\/\/odysseus-numismatique.com\/#organization"},"potentialAction":[{"@type":"SearchAction","target":{"@type":"EntryPoint","urlTemplate":"https:\/\/odysseus-numismatique.com\/?s={search_term_string}"},"query-input":{"@type":"PropertyValueSpecification","valueRequired":true,"valueName":"search_term_string"}}],"inLanguage":"en-GB"},{"@type":"Organization","@id":"https:\/\/odysseus-numismatique.com\/#organization","name":"Odysseus","url":"https:\/\/odysseus-numismatique.com\/","logo":{"@type":"ImageObject","inLanguage":"en-GB","@id":"https:\/\/odysseus-numismatique.com\/#\/schema\/logo\/image\/","url":"https:\/\/odysseus-numismatique.com\/wp-content\/uploads\/2019\/04\/odysseus-numismatique.png","contentUrl":"https:\/\/odysseus-numismatique.com\/wp-content\/uploads\/2019\/04\/odysseus-numismatique.png","width":500,"height":500,"caption":"Odysseus"},"image":{"@id":"https:\/\/odysseus-numismatique.com\/#\/schema\/logo\/image\/"}}]}},"_links":{"self":[{"href":"https:\/\/odysseus-numismatique.com\/en\/wp-json\/wp\/v2\/product\/16152","targetHints":{"allow":["GET"]}}],"collection":[{"href":"https:\/\/odysseus-numismatique.com\/en\/wp-json\/wp\/v2\/product"}],"about":[{"href":"https:\/\/odysseus-numismatique.com\/en\/wp-json\/wp\/v2\/types\/product"}],"wp:featuredmedia":[{"embeddable":true,"href":"https:\/\/odysseus-numismatique.com\/en\/wp-json\/wp\/v2\/media\/16153"}],"wp:attachment":[{"href":"https:\/\/odysseus-numismatique.com\/en\/wp-json\/wp\/v2\/media?parent=16152"}],"wp:term":[{"taxonomy":"product_brand","embeddable":true,"href":"https:\/\/odysseus-numismatique.com\/en\/wp-json\/wp\/v2\/product_brand?post=16152"},{"taxonomy":"product_cat","embeddable":true,"href":"https:\/\/odysseus-numismatique.com\/en\/wp-json\/wp\/v2\/product_cat?post=16152"},{"taxonomy":"product_tag","embeddable":true,"href":"https:\/\/odysseus-numismatique.com\/en\/wp-json\/wp\/v2\/product_tag?post=16152"}],"curies":[{"name":"wp","href":"https:\/\/api.w.org\/{rel}","templated":true}]}}