{"id":15136,"date":"2022-09-19T18:47:18","date_gmt":"2022-09-19T16:47:18","guid":{"rendered":"https:\/\/odysseus-numismatique.com\/?post_type=product&#038;p=15136"},"modified":"2025-03-17T23:56:50","modified_gmt":"2025-03-17T22:56:50","slug":"royaume-de-bithynie-prusias-ii-cynegos-bronze-4","status":"publish","type":"product","link":"https:\/\/odysseus-numismatique.com\/en\/article\/royaume-de-bithynie-prusias-ii-cynegos-bronze-4\/","title":{"rendered":"KINGDOM OF BITHYNIA \u2013 PRUSIAS II CYNEGOS <br \/> Bronze"},"content":{"rendered":"<style>\n.tableproduct {border-collapse:none}\n.tableproduct td {border:none!important; padding:10px}\n.tableproduct .odd td {background-color:#424242}\n.tableproduct .even td {background-color:#3a3a3a}\n.tableproduct .column-1 {text-transform:uppercase; font-weight:bold; font-size:0.75em; width:20%}\n.tableproduct .column-2 {font-size:1em}\n<\/style>\n<table class=\"tableproduct\">\n<tr class=\"row-1 odd\">\n<td class=\"column-1\">Obverse<\/td>\n<td class=\"column-2\">Buste drap\u00e9 de Dionysos \u00e0 droite, couronn\u00e9 de lierre<\/td>\n<\/tr>\n<tr class=\"row-2 even\">\n<td class=\"column-1\">Reverse<\/td>\n<td class=\"column-2\">\u0392\u0391\u03a3\u0399\u039b\u0395\u03a9\u03a3 \u03a0\u03a1\u039f\u03a5\u03a3\u0399\u039f\u03a5<br \/>\nLe centaure Chiron avan\u00e7ant \u00e0 droite, jouant de la lyre, monogramme en bas \u00e0 droite<\/td>\n<\/tr>\n<tr class=\"row-3 odd\">\n<td class=\"column-1\">Denomination<\/td>\n<td class=\"column-2\">\u00c6 Dichalkon<\/td>\n<\/tr>\n<tr class=\"row-4 even\">\n<td class=\"column-1\">Date<\/td>\n<td class=\"column-2\">182-149 BC<\/td>\n<\/tr>\n<tr class=\"row-5 odd\">\n<td class=\"column-1\">Mint<\/td>\n<td class=\"column-2\">Nicomedia<\/td>\n<\/tr>\n<tr class=\"row-6 even\">\n<td class=\"column-1\">Metal<\/td>\n<td class=\"column-2\">Bronze<\/td>\n<\/tr>\n<tr class=\"row-7 odd\">\n<td class=\"column-1\">Weight<\/td>\n<td class=\"column-2\">5.87 g<\/td>\n<\/tr>\n<tr class=\"row-8 even\">\n<td class=\"column-1\">Diameter<\/td>\n<td class=\"column-2\">20.8 mm<\/td>\n<\/tr>\n<tr class=\"row-9 odd\">\n<td class=\"column-1\">Reference<\/td>\n<td class=\"column-2\">HGC 7, 629 &#8211; RG 26<\/td>\n<\/tr>\n<tr class=\"row-10 even\">\n<td class=\"column-1\">Condition<\/td>\n<td class=\"column-2\">VF<\/td>\n<\/tr>\n<\/table>","protected":false},"excerpt":{"rendered":"<p>Avers Buste drap\u00e9 de Dionysos \u00e0 droite, couronn\u00e9 de lierre Revers \u0392\u0391\u03a3\u0399\u039b\u0395\u03a9\u03a3 \u03a0\u03a1\u039f\u03a5\u03a3\u0399\u039f\u03a5 Le centaure Chiron avan\u00e7ant \u00e0 droite, jouant de la lyre, monogramme en bas \u00e0 droite Module \u00c6 Dichalkon Date 182-149 av. J.-C. Atelier Nicom\u00e9die M\u00e9tal Bronze Poids 5.87 g Diam\u00e8tre 20.8 mm R\u00e9f\u00e9rence HGC 7, 629 &#8211; RG 26 \u00c9tat TTB<\/p>","protected":false},"featured_media":15137,"template":"","meta":[],"product_brand":[],"product_cat":[15],"product_tag":[149,394],"class_list":{"0":"post-15136","1":"product","2":"type-product","3":"status-publish","4":"has-post-thumbnail","6":"product_cat-vendus","7":"product_tag-monnaies-grecques","8":"product_tag-numismatique","9":"pa_metal-bronze","10":"pa_module-ae","12":"first","13":"outofstock","14":"sold-individually","15":"shipping-taxable","16":"purchasable","17":"product-type-simple"},"yoast_head":"<!-- This site is optimized with the Yoast SEO plugin v27.2 - https:\/\/yoast.com\/product\/yoast-seo-wordpress\/ -->\n<title>ROYAUME DE BITHYNIE - PRUSIAS II CYNEGOS \u2022 Bronze &#8226; Odysseus<\/title>\n<meta name=\"robots\" content=\"index, follow, max-snippet:-1, max-image-preview:large, max-video-preview:-1\" \/>\n<link rel=\"canonical\" href=\"https:\/\/odysseus-numismatique.com\/en\/article\/royaume-de-bithynie-prusias-ii-cynegos-bronze-4\/\" \/>\n<meta property=\"og:locale\" content=\"en_GB\" \/>\n<meta property=\"og:type\" content=\"article\" \/>\n<meta property=\"og:title\" content=\"ROYAUME DE BITHYNIE - PRUSIAS II CYNEGOS \u2022 Bronze &#8226; Odysseus\" \/>\n<meta property=\"og:description\" content=\"Avers Buste drap\u00e9 de Dionysos \u00e0 droite, couronn\u00e9 de lierre Revers \u0392\u0391\u03a3\u0399\u039b\u0395\u03a9\u03a3 \u03a0\u03a1\u039f\u03a5\u03a3\u0399\u039f\u03a5 Le centaure Chiron avan\u00e7ant \u00e0 droite, jouant de la lyre, monogramme en bas \u00e0 droite Module \u00c6 Dichalkon Date 182-149 av. J.-C. Atelier Nicom\u00e9die M\u00e9tal Bronze Poids 5.87 g Diam\u00e8tre 20.8 mm R\u00e9f\u00e9rence HGC 7, 629 &#8211; RG 26 \u00c9tat TTB\" \/>\n<meta property=\"og:url\" content=\"https:\/\/odysseus-numismatique.com\/en\/article\/royaume-de-bithynie-prusias-ii-cynegos-bronze-4\/\" \/>\n<meta property=\"og:site_name\" content=\"Odysseus\" \/>\n<meta property=\"article:modified_time\" content=\"2025-03-17T22:56:50+00:00\" \/>\n<meta property=\"og:image\" content=\"https:\/\/odysseus-numismatique.com\/wp-content\/uploads\/2022\/09\/royaume-de-bithynie-prusias-ii-cynegos-bronze-4.jpg\" \/>\n\t<meta property=\"og:image:width\" content=\"1500\" \/>\n\t<meta property=\"og:image:height\" content=\"750\" \/>\n\t<meta property=\"og:image:type\" content=\"image\/jpeg\" \/>\n<meta name=\"twitter:card\" content=\"summary_large_image\" \/>\n<meta name=\"twitter:label1\" content=\"Estimated reading time\" \/>\n\t<meta name=\"twitter:data1\" content=\"1 minute\" \/>\n<script type=\"application\/ld+json\" class=\"yoast-schema-graph\">{\"@context\":\"https:\/\/schema.org\",\"@graph\":[{\"@type\":\"WebPage\",\"@id\":\"https:\/\/odysseus-numismatique.com\/article\/royaume-de-bithynie-prusias-ii-cynegos-bronze-4\/\",\"url\":\"https:\/\/odysseus-numismatique.com\/article\/royaume-de-bithynie-prusias-ii-cynegos-bronze-4\/\",\"name\":\"ROYAUME DE BITHYNIE - PRUSIAS II CYNEGOS \u2022 Bronze &#8226; Odysseus\",\"isPartOf\":{\"@id\":\"https:\/\/odysseus-numismatique.com\/#website\"},\"primaryImageOfPage\":{\"@id\":\"https:\/\/odysseus-numismatique.com\/article\/royaume-de-bithynie-prusias-ii-cynegos-bronze-4\/#primaryimage\"},\"image\":{\"@id\":\"https:\/\/odysseus-numismatique.com\/article\/royaume-de-bithynie-prusias-ii-cynegos-bronze-4\/#primaryimage\"},\"thumbnailUrl\":\"https:\/\/odysseus-numismatique.com\/wp-content\/uploads\/2022\/09\/royaume-de-bithynie-prusias-ii-cynegos-bronze-4.jpg\",\"datePublished\":\"2022-09-19T16:47:18+00:00\",\"dateModified\":\"2025-03-17T22:56:50+00:00\",\"breadcrumb\":{\"@id\":\"https:\/\/odysseus-numismatique.com\/article\/royaume-de-bithynie-prusias-ii-cynegos-bronze-4\/#breadcrumb\"},\"inLanguage\":\"en-GB\",\"potentialAction\":[{\"@type\":\"ReadAction\",\"target\":[\"https:\/\/odysseus-numismatique.com\/article\/royaume-de-bithynie-prusias-ii-cynegos-bronze-4\/\"]}]},{\"@type\":\"ImageObject\",\"inLanguage\":\"en-GB\",\"@id\":\"https:\/\/odysseus-numismatique.com\/article\/royaume-de-bithynie-prusias-ii-cynegos-bronze-4\/#primaryimage\",\"url\":\"https:\/\/odysseus-numismatique.com\/wp-content\/uploads\/2022\/09\/royaume-de-bithynie-prusias-ii-cynegos-bronze-4.jpg\",\"contentUrl\":\"https:\/\/odysseus-numismatique.com\/wp-content\/uploads\/2022\/09\/royaume-de-bithynie-prusias-ii-cynegos-bronze-4.jpg\",\"width\":1500,\"height\":750,\"caption\":\"Odysseus Numismatique Monnaies Grecques ROYAUME DE BITHYNIE - PRUSIAS II CYNEGOS \u2022 Bronze\"},{\"@type\":\"BreadcrumbList\",\"@id\":\"https:\/\/odysseus-numismatique.com\/article\/royaume-de-bithynie-prusias-ii-cynegos-bronze-4\/#breadcrumb\",\"itemListElement\":[{\"@type\":\"ListItem\",\"position\":1,\"name\":\"Accueil\",\"item\":\"https:\/\/odysseus-numismatique.com\/\"},{\"@type\":\"ListItem\",\"position\":2,\"name\":\"Boutique\",\"item\":\"https:\/\/odysseus-numismatique.com\/en\/boutique\/\"},{\"@type\":\"ListItem\",\"position\":3,\"name\":\"ROYAUME DE BITHYNIE &#8211; PRUSIAS II CYNEGOS Bronze\"}]},{\"@type\":\"WebSite\",\"@id\":\"https:\/\/odysseus-numismatique.com\/#website\",\"url\":\"https:\/\/odysseus-numismatique.com\/\",\"name\":\"Odysseus\",\"description\":\"Numismatique\",\"publisher\":{\"@id\":\"https:\/\/odysseus-numismatique.com\/#organization\"},\"potentialAction\":[{\"@type\":\"SearchAction\",\"target\":{\"@type\":\"EntryPoint\",\"urlTemplate\":\"https:\/\/odysseus-numismatique.com\/?s={search_term_string}\"},\"query-input\":{\"@type\":\"PropertyValueSpecification\",\"valueRequired\":true,\"valueName\":\"search_term_string\"}}],\"inLanguage\":\"en-GB\"},{\"@type\":\"Organization\",\"@id\":\"https:\/\/odysseus-numismatique.com\/#organization\",\"name\":\"Odysseus\",\"url\":\"https:\/\/odysseus-numismatique.com\/\",\"logo\":{\"@type\":\"ImageObject\",\"inLanguage\":\"en-GB\",\"@id\":\"https:\/\/odysseus-numismatique.com\/#\/schema\/logo\/image\/\",\"url\":\"https:\/\/odysseus-numismatique.com\/wp-content\/uploads\/2019\/04\/odysseus-numismatique.png\",\"contentUrl\":\"https:\/\/odysseus-numismatique.com\/wp-content\/uploads\/2019\/04\/odysseus-numismatique.png\",\"width\":500,\"height\":500,\"caption\":\"Odysseus\"},\"image\":{\"@id\":\"https:\/\/odysseus-numismatique.com\/#\/schema\/logo\/image\/\"}}]}<\/script>\n<!-- \/ Yoast SEO plugin. -->","yoast_head_json":{"title":"ROYAUME DE BITHYNIE - PRUSIAS II CYNEGOS \u2022 Bronze &#8226; Odysseus","robots":{"index":"index","follow":"follow","max-snippet":"max-snippet:-1","max-image-preview":"max-image-preview:large","max-video-preview":"max-video-preview:-1"},"canonical":"https:\/\/odysseus-numismatique.com\/en\/article\/royaume-de-bithynie-prusias-ii-cynegos-bronze-4\/","og_locale":"en_GB","og_type":"article","og_title":"ROYAUME DE BITHYNIE - PRUSIAS II CYNEGOS \u2022 Bronze &#8226; Odysseus","og_description":"Avers Buste drap\u00e9 de Dionysos \u00e0 droite, couronn\u00e9 de lierre Revers \u0392\u0391\u03a3\u0399\u039b\u0395\u03a9\u03a3 \u03a0\u03a1\u039f\u03a5\u03a3\u0399\u039f\u03a5 Le centaure Chiron avan\u00e7ant \u00e0 droite, jouant de la lyre, monogramme en bas \u00e0 droite Module \u00c6 Dichalkon Date 182-149 av. J.-C. Atelier Nicom\u00e9die M\u00e9tal Bronze Poids 5.87 g Diam\u00e8tre 20.8 mm R\u00e9f\u00e9rence HGC 7, 629 &#8211; RG 26 \u00c9tat TTB","og_url":"https:\/\/odysseus-numismatique.com\/en\/article\/royaume-de-bithynie-prusias-ii-cynegos-bronze-4\/","og_site_name":"Odysseus","article_modified_time":"2025-03-17T22:56:50+00:00","og_image":[{"width":1500,"height":750,"url":"https:\/\/odysseus-numismatique.com\/wp-content\/uploads\/2022\/09\/royaume-de-bithynie-prusias-ii-cynegos-bronze-4.jpg","type":"image\/jpeg"}],"twitter_card":"summary_large_image","twitter_misc":{"Estimated reading time":"1 minute"},"schema":{"@context":"https:\/\/schema.org","@graph":[{"@type":"WebPage","@id":"https:\/\/odysseus-numismatique.com\/article\/royaume-de-bithynie-prusias-ii-cynegos-bronze-4\/","url":"https:\/\/odysseus-numismatique.com\/article\/royaume-de-bithynie-prusias-ii-cynegos-bronze-4\/","name":"ROYAUME DE BITHYNIE - PRUSIAS II CYNEGOS \u2022 Bronze &#8226; Odysseus","isPartOf":{"@id":"https:\/\/odysseus-numismatique.com\/#website"},"primaryImageOfPage":{"@id":"https:\/\/odysseus-numismatique.com\/article\/royaume-de-bithynie-prusias-ii-cynegos-bronze-4\/#primaryimage"},"image":{"@id":"https:\/\/odysseus-numismatique.com\/article\/royaume-de-bithynie-prusias-ii-cynegos-bronze-4\/#primaryimage"},"thumbnailUrl":"https:\/\/odysseus-numismatique.com\/wp-content\/uploads\/2022\/09\/royaume-de-bithynie-prusias-ii-cynegos-bronze-4.jpg","datePublished":"2022-09-19T16:47:18+00:00","dateModified":"2025-03-17T22:56:50+00:00","breadcrumb":{"@id":"https:\/\/odysseus-numismatique.com\/article\/royaume-de-bithynie-prusias-ii-cynegos-bronze-4\/#breadcrumb"},"inLanguage":"en-GB","potentialAction":[{"@type":"ReadAction","target":["https:\/\/odysseus-numismatique.com\/article\/royaume-de-bithynie-prusias-ii-cynegos-bronze-4\/"]}]},{"@type":"ImageObject","inLanguage":"en-GB","@id":"https:\/\/odysseus-numismatique.com\/article\/royaume-de-bithynie-prusias-ii-cynegos-bronze-4\/#primaryimage","url":"https:\/\/odysseus-numismatique.com\/wp-content\/uploads\/2022\/09\/royaume-de-bithynie-prusias-ii-cynegos-bronze-4.jpg","contentUrl":"https:\/\/odysseus-numismatique.com\/wp-content\/uploads\/2022\/09\/royaume-de-bithynie-prusias-ii-cynegos-bronze-4.jpg","width":1500,"height":750,"caption":"Odysseus Numismatique Monnaies Grecques ROYAUME DE BITHYNIE - PRUSIAS II CYNEGOS \u2022 Bronze"},{"@type":"BreadcrumbList","@id":"https:\/\/odysseus-numismatique.com\/article\/royaume-de-bithynie-prusias-ii-cynegos-bronze-4\/#breadcrumb","itemListElement":[{"@type":"ListItem","position":1,"name":"Accueil","item":"https:\/\/odysseus-numismatique.com\/"},{"@type":"ListItem","position":2,"name":"Boutique","item":"https:\/\/odysseus-numismatique.com\/en\/boutique\/"},{"@type":"ListItem","position":3,"name":"ROYAUME DE BITHYNIE &#8211; PRUSIAS II CYNEGOS Bronze"}]},{"@type":"WebSite","@id":"https:\/\/odysseus-numismatique.com\/#website","url":"https:\/\/odysseus-numismatique.com\/","name":"Odysseus","description":"Numismatics","publisher":{"@id":"https:\/\/odysseus-numismatique.com\/#organization"},"potentialAction":[{"@type":"SearchAction","target":{"@type":"EntryPoint","urlTemplate":"https:\/\/odysseus-numismatique.com\/?s={search_term_string}"},"query-input":{"@type":"PropertyValueSpecification","valueRequired":true,"valueName":"search_term_string"}}],"inLanguage":"en-GB"},{"@type":"Organization","@id":"https:\/\/odysseus-numismatique.com\/#organization","name":"Odysseus","url":"https:\/\/odysseus-numismatique.com\/","logo":{"@type":"ImageObject","inLanguage":"en-GB","@id":"https:\/\/odysseus-numismatique.com\/#\/schema\/logo\/image\/","url":"https:\/\/odysseus-numismatique.com\/wp-content\/uploads\/2019\/04\/odysseus-numismatique.png","contentUrl":"https:\/\/odysseus-numismatique.com\/wp-content\/uploads\/2019\/04\/odysseus-numismatique.png","width":500,"height":500,"caption":"Odysseus"},"image":{"@id":"https:\/\/odysseus-numismatique.com\/#\/schema\/logo\/image\/"}}]}},"_links":{"self":[{"href":"https:\/\/odysseus-numismatique.com\/en\/wp-json\/wp\/v2\/product\/15136","targetHints":{"allow":["GET"]}}],"collection":[{"href":"https:\/\/odysseus-numismatique.com\/en\/wp-json\/wp\/v2\/product"}],"about":[{"href":"https:\/\/odysseus-numismatique.com\/en\/wp-json\/wp\/v2\/types\/product"}],"wp:featuredmedia":[{"embeddable":true,"href":"https:\/\/odysseus-numismatique.com\/en\/wp-json\/wp\/v2\/media\/15137"}],"wp:attachment":[{"href":"https:\/\/odysseus-numismatique.com\/en\/wp-json\/wp\/v2\/media?parent=15136"}],"wp:term":[{"taxonomy":"product_brand","embeddable":true,"href":"https:\/\/odysseus-numismatique.com\/en\/wp-json\/wp\/v2\/product_brand?post=15136"},{"taxonomy":"product_cat","embeddable":true,"href":"https:\/\/odysseus-numismatique.com\/en\/wp-json\/wp\/v2\/product_cat?post=15136"},{"taxonomy":"product_tag","embeddable":true,"href":"https:\/\/odysseus-numismatique.com\/en\/wp-json\/wp\/v2\/product_tag?post=15136"}],"curies":[{"name":"wp","href":"https:\/\/api.w.org\/{rel}","templated":true}]}}