{"id":14849,"date":"2022-07-01T15:51:20","date_gmt":"2022-07-01T13:51:20","guid":{"rendered":"https:\/\/odysseus-numismatique.com\/?post_type=product&#038;p=14849"},"modified":"2025-03-17T23:59:33","modified_gmt":"2025-03-17T22:59:33","slug":"andronic-ii-palaeologus-michel-ix-basilikon","status":"publish","type":"product","link":"https:\/\/odysseus-numismatique.com\/en\/article\/andronic-ii-palaeologus-michel-ix-basilikon\/","title":{"rendered":"ANDRONICUS II PALAEOLOGUS &amp; MICHAEL IX <br \/> Basilikon"},"content":{"rendered":"<style>\n.tableproduct {border-collapse:none}\n.tableproduct td {border:none!important; padding:10px}\n.tableproduct .odd td {background-color:#424242}\n.tableproduct .even td {background-color:#3a3a3a}\n.tableproduct .column-1 {text-transform:uppercase; font-weight:bold; font-size:0.75em; width:20%}\n.tableproduct .column-2 {font-size:1em}\n<\/style>\n<table class=\"tableproduct\">\n<tr class=\"row-1 odd\">\n<td class=\"column-1\">Avers<\/td>\n<td class=\"column-2\">[KVPIE] BOH\u0398EI<br \/>\nLe Christ Pantocrator tr\u00f4nant de face, levant la main en signe de b\u00e9n\u00e9diction et tenant le livre des \u00c9vangiles, flanqu\u00e9 de deux besants<\/td>\n<\/tr>\n<tr class=\"row-2 even\">\n<td class=\"column-1\">Revers<\/td>\n<td class=\"column-2\">AVTOKPATOPEC P\u03c9MAION<br \/>\nAndronic et son fils debout de face, tenant un labarum entre eux<\/td>\n<\/tr>\n<tr class=\"row-3 odd\">\n<td class=\"column-1\">Module<\/td>\n<td class=\"column-2\">Basilikon<\/td>\n<\/tr>\n<tr class=\"row-4 even\">\n<td class=\"column-1\">Date<\/td>\n<td class=\"column-2\">1304-1320 ap. J.-C.<\/td>\n<\/tr>\n<tr class=\"row-5 odd\">\n<td class=\"column-1\">Atelier<\/td>\n<td class=\"column-2\">Constantinople<\/td>\n<\/tr>\n<tr class=\"row-6 even\">\n<td class=\"column-1\">M\u00e9tal<\/td>\n<td class=\"column-2\">Argent<\/td>\n<\/tr>\n<tr class=\"row-7 odd\">\n<td class=\"column-1\">Poids<\/td>\n<td class=\"column-2\">2.12 g<\/td>\n<\/tr>\n<tr class=\"row-8 even\">\n<td class=\"column-1\">Diam\u00e8tre<\/td>\n<td class=\"column-2\">21.7 mm<\/td>\n<\/tr>\n<tr class=\"row-9 odd\">\n<td class=\"column-1\">R\u00e9f\u00e9rence<\/td>\n<td class=\"column-2\">DOC 528-34 &#8211; Sear 2402<\/td>\n<\/tr>\n<tr class=\"row-10 even\">\n<td class=\"column-1\">\u00c9tat<\/td>\n<td class=\"column-2\">TTB<\/td>\n<\/tr>\n<\/table>\n","protected":false},"excerpt":{"rendered":"<p>Avers [KVPIE] BOH\u0398EI Le Christ Pantocrator tr\u00f4nant de face, levant la main en signe de b\u00e9n\u00e9diction et tenant le livre des \u00c9vangiles, flanqu\u00e9 de deux besants Revers AVTOKPATOPEC P\u03c9MAION Andronic et son fils debout de face, tenant un labarum entre eux Module Basilikon Date 1304-1320 ap. J.-C. Atelier Constantinople M\u00e9tal Argent Poids 2.12 g Diam\u00e8tre [&hellip;]<\/p>\n","protected":false},"featured_media":14850,"template":"","meta":[],"product_brand":[],"product_cat":[15],"product_tag":[235,394],"class_list":{"0":"post-14849","1":"product","2":"type-product","3":"status-publish","4":"has-post-thumbnail","6":"product_cat-vendus","7":"product_tag-monnaies-byzantines","8":"product_tag-numismatique","9":"pa_atelier-constantinople","10":"pa_metal-argent","11":"pa_module-basilikon","13":"first","14":"outofstock","15":"sold-individually","16":"shipping-taxable","17":"purchasable","18":"product-type-simple"},"yoast_head":"<!-- This site is optimized with the Yoast SEO plugin v27.5 - https:\/\/yoast.com\/product\/yoast-seo-wordpress\/ -->\n<title>ANDRONIC II PALAEOLOGUS &amp; MICHEL IX \u2022 Basilikon &#8226; Odysseus<\/title>\n<meta name=\"robots\" content=\"index, follow, max-snippet:-1, max-image-preview:large, max-video-preview:-1\" \/>\n<link rel=\"canonical\" href=\"https:\/\/odysseus-numismatique.com\/en\/article\/andronic-ii-palaeologus-michel-ix-basilikon\/\" \/>\n<meta property=\"og:locale\" content=\"en_GB\" \/>\n<meta property=\"og:type\" content=\"article\" \/>\n<meta property=\"og:title\" content=\"ANDRONIC II PALAEOLOGUS &amp; MICHEL IX \u2022 Basilikon &#8226; Odysseus\" \/>\n<meta property=\"og:description\" content=\"Avers [KVPIE] BOH\u0398EI Le Christ Pantocrator tr\u00f4nant de face, levant la main en signe de b\u00e9n\u00e9diction et tenant le livre des \u00c9vangiles, flanqu\u00e9 de deux besants Revers AVTOKPATOPEC P\u03c9MAION Andronic et son fils debout de face, tenant un labarum entre eux Module Basilikon Date 1304-1320 ap. J.-C. Atelier Constantinople M\u00e9tal Argent Poids 2.12 g Diam\u00e8tre [&hellip;]\" \/>\n<meta property=\"og:url\" content=\"https:\/\/odysseus-numismatique.com\/en\/article\/andronic-ii-palaeologus-michel-ix-basilikon\/\" \/>\n<meta property=\"og:site_name\" content=\"Odysseus\" \/>\n<meta property=\"article:modified_time\" content=\"2025-03-17T22:59:33+00:00\" \/>\n<meta property=\"og:image\" content=\"https:\/\/odysseus-numismatique.com\/wp-content\/uploads\/2022\/06\/andronic-ii-palaeologus-michel-ix-basilikon.jpg\" \/>\n\t<meta property=\"og:image:width\" content=\"1500\" \/>\n\t<meta property=\"og:image:height\" content=\"750\" \/>\n\t<meta property=\"og:image:type\" content=\"image\/jpeg\" \/>\n<meta name=\"twitter:card\" content=\"summary_large_image\" \/>\n<script type=\"application\/ld+json\" class=\"yoast-schema-graph\">{\"@context\":\"https:\\\/\\\/schema.org\",\"@graph\":[{\"@type\":\"WebPage\",\"@id\":\"https:\\\/\\\/odysseus-numismatique.com\\\/article\\\/andronic-ii-palaeologus-michel-ix-basilikon\\\/\",\"url\":\"https:\\\/\\\/odysseus-numismatique.com\\\/article\\\/andronic-ii-palaeologus-michel-ix-basilikon\\\/\",\"name\":\"ANDRONIC II PALAEOLOGUS & MICHEL IX \u2022 Basilikon &#8226; Odysseus\",\"isPartOf\":{\"@id\":\"https:\\\/\\\/odysseus-numismatique.com\\\/#website\"},\"primaryImageOfPage\":{\"@id\":\"https:\\\/\\\/odysseus-numismatique.com\\\/article\\\/andronic-ii-palaeologus-michel-ix-basilikon\\\/#primaryimage\"},\"image\":{\"@id\":\"https:\\\/\\\/odysseus-numismatique.com\\\/article\\\/andronic-ii-palaeologus-michel-ix-basilikon\\\/#primaryimage\"},\"thumbnailUrl\":\"https:\\\/\\\/odysseus-numismatique.com\\\/wp-content\\\/uploads\\\/2022\\\/06\\\/andronic-ii-palaeologus-michel-ix-basilikon.jpg\",\"datePublished\":\"2022-07-01T13:51:20+00:00\",\"dateModified\":\"2025-03-17T22:59:33+00:00\",\"breadcrumb\":{\"@id\":\"https:\\\/\\\/odysseus-numismatique.com\\\/article\\\/andronic-ii-palaeologus-michel-ix-basilikon\\\/#breadcrumb\"},\"inLanguage\":\"en-GB\",\"potentialAction\":[{\"@type\":\"ReadAction\",\"target\":[\"https:\\\/\\\/odysseus-numismatique.com\\\/article\\\/andronic-ii-palaeologus-michel-ix-basilikon\\\/\"]}]},{\"@type\":\"ImageObject\",\"inLanguage\":\"en-GB\",\"@id\":\"https:\\\/\\\/odysseus-numismatique.com\\\/article\\\/andronic-ii-palaeologus-michel-ix-basilikon\\\/#primaryimage\",\"url\":\"https:\\\/\\\/odysseus-numismatique.com\\\/wp-content\\\/uploads\\\/2022\\\/06\\\/andronic-ii-palaeologus-michel-ix-basilikon.jpg\",\"contentUrl\":\"https:\\\/\\\/odysseus-numismatique.com\\\/wp-content\\\/uploads\\\/2022\\\/06\\\/andronic-ii-palaeologus-michel-ix-basilikon.jpg\",\"width\":1500,\"height\":750,\"caption\":\"Odysseus Numismatique Monnaies Byzantines ANDRONIC II PALAEOLOGUS & MICHEL IX \u2022 Basilikon\"},{\"@type\":\"BreadcrumbList\",\"@id\":\"https:\\\/\\\/odysseus-numismatique.com\\\/article\\\/andronic-ii-palaeologus-michel-ix-basilikon\\\/#breadcrumb\",\"itemListElement\":[{\"@type\":\"ListItem\",\"position\":1,\"name\":\"Accueil\",\"item\":\"https:\\\/\\\/odysseus-numismatique.com\\\/\"},{\"@type\":\"ListItem\",\"position\":2,\"name\":\"Boutique\",\"item\":\"https:\\\/\\\/odysseus-numismatique.com\\\/en\\\/boutique\\\/\"},{\"@type\":\"ListItem\",\"position\":3,\"name\":\"ANDRONIC II PALAEOLOGUS &#038; MICHEL IX Basilikon\"}]},{\"@type\":\"WebSite\",\"@id\":\"https:\\\/\\\/odysseus-numismatique.com\\\/#website\",\"url\":\"https:\\\/\\\/odysseus-numismatique.com\\\/\",\"name\":\"Odysseus\",\"description\":\"Numismatique\",\"publisher\":{\"@id\":\"https:\\\/\\\/odysseus-numismatique.com\\\/#organization\"},\"potentialAction\":[{\"@type\":\"SearchAction\",\"target\":{\"@type\":\"EntryPoint\",\"urlTemplate\":\"https:\\\/\\\/odysseus-numismatique.com\\\/?s={search_term_string}\"},\"query-input\":{\"@type\":\"PropertyValueSpecification\",\"valueRequired\":true,\"valueName\":\"search_term_string\"}}],\"inLanguage\":\"en-GB\"},{\"@type\":\"Organization\",\"@id\":\"https:\\\/\\\/odysseus-numismatique.com\\\/#organization\",\"name\":\"Odysseus\",\"url\":\"https:\\\/\\\/odysseus-numismatique.com\\\/\",\"logo\":{\"@type\":\"ImageObject\",\"inLanguage\":\"en-GB\",\"@id\":\"https:\\\/\\\/odysseus-numismatique.com\\\/#\\\/schema\\\/logo\\\/image\\\/\",\"url\":\"https:\\\/\\\/odysseus-numismatique.com\\\/wp-content\\\/uploads\\\/2019\\\/04\\\/odysseus-numismatique.png\",\"contentUrl\":\"https:\\\/\\\/odysseus-numismatique.com\\\/wp-content\\\/uploads\\\/2019\\\/04\\\/odysseus-numismatique.png\",\"width\":500,\"height\":500,\"caption\":\"Odysseus\"},\"image\":{\"@id\":\"https:\\\/\\\/odysseus-numismatique.com\\\/#\\\/schema\\\/logo\\\/image\\\/\"}}]}<\/script>\n<!-- \/ Yoast SEO plugin. -->","yoast_head_json":{"title":"ANDRONIC II PALAEOLOGUS & MICHEL IX \u2022 Basilikon &#8226; Odysseus","robots":{"index":"index","follow":"follow","max-snippet":"max-snippet:-1","max-image-preview":"max-image-preview:large","max-video-preview":"max-video-preview:-1"},"canonical":"https:\/\/odysseus-numismatique.com\/en\/article\/andronic-ii-palaeologus-michel-ix-basilikon\/","og_locale":"en_GB","og_type":"article","og_title":"ANDRONIC II PALAEOLOGUS & MICHEL IX \u2022 Basilikon &#8226; Odysseus","og_description":"Avers [KVPIE] BOH\u0398EI Le Christ Pantocrator tr\u00f4nant de face, levant la main en signe de b\u00e9n\u00e9diction et tenant le livre des \u00c9vangiles, flanqu\u00e9 de deux besants Revers AVTOKPATOPEC P\u03c9MAION Andronic et son fils debout de face, tenant un labarum entre eux Module Basilikon Date 1304-1320 ap. J.-C. Atelier Constantinople M\u00e9tal Argent Poids 2.12 g Diam\u00e8tre [&hellip;]","og_url":"https:\/\/odysseus-numismatique.com\/en\/article\/andronic-ii-palaeologus-michel-ix-basilikon\/","og_site_name":"Odysseus","article_modified_time":"2025-03-17T22:59:33+00:00","og_image":[{"width":1500,"height":750,"url":"https:\/\/odysseus-numismatique.com\/wp-content\/uploads\/2022\/06\/andronic-ii-palaeologus-michel-ix-basilikon.jpg","type":"image\/jpeg"}],"twitter_card":"summary_large_image","schema":{"@context":"https:\/\/schema.org","@graph":[{"@type":"WebPage","@id":"https:\/\/odysseus-numismatique.com\/article\/andronic-ii-palaeologus-michel-ix-basilikon\/","url":"https:\/\/odysseus-numismatique.com\/article\/andronic-ii-palaeologus-michel-ix-basilikon\/","name":"ANDRONIC II PALAEOLOGUS & MICHEL IX \u2022 Basilikon &#8226; Odysseus","isPartOf":{"@id":"https:\/\/odysseus-numismatique.com\/#website"},"primaryImageOfPage":{"@id":"https:\/\/odysseus-numismatique.com\/article\/andronic-ii-palaeologus-michel-ix-basilikon\/#primaryimage"},"image":{"@id":"https:\/\/odysseus-numismatique.com\/article\/andronic-ii-palaeologus-michel-ix-basilikon\/#primaryimage"},"thumbnailUrl":"https:\/\/odysseus-numismatique.com\/wp-content\/uploads\/2022\/06\/andronic-ii-palaeologus-michel-ix-basilikon.jpg","datePublished":"2022-07-01T13:51:20+00:00","dateModified":"2025-03-17T22:59:33+00:00","breadcrumb":{"@id":"https:\/\/odysseus-numismatique.com\/article\/andronic-ii-palaeologus-michel-ix-basilikon\/#breadcrumb"},"inLanguage":"en-GB","potentialAction":[{"@type":"ReadAction","target":["https:\/\/odysseus-numismatique.com\/article\/andronic-ii-palaeologus-michel-ix-basilikon\/"]}]},{"@type":"ImageObject","inLanguage":"en-GB","@id":"https:\/\/odysseus-numismatique.com\/article\/andronic-ii-palaeologus-michel-ix-basilikon\/#primaryimage","url":"https:\/\/odysseus-numismatique.com\/wp-content\/uploads\/2022\/06\/andronic-ii-palaeologus-michel-ix-basilikon.jpg","contentUrl":"https:\/\/odysseus-numismatique.com\/wp-content\/uploads\/2022\/06\/andronic-ii-palaeologus-michel-ix-basilikon.jpg","width":1500,"height":750,"caption":"Odysseus Numismatique Monnaies Byzantines ANDRONIC II PALAEOLOGUS & MICHEL IX \u2022 Basilikon"},{"@type":"BreadcrumbList","@id":"https:\/\/odysseus-numismatique.com\/article\/andronic-ii-palaeologus-michel-ix-basilikon\/#breadcrumb","itemListElement":[{"@type":"ListItem","position":1,"name":"Accueil","item":"https:\/\/odysseus-numismatique.com\/"},{"@type":"ListItem","position":2,"name":"Boutique","item":"https:\/\/odysseus-numismatique.com\/en\/boutique\/"},{"@type":"ListItem","position":3,"name":"ANDRONIC II PALAEOLOGUS &#038; MICHEL IX Basilikon"}]},{"@type":"WebSite","@id":"https:\/\/odysseus-numismatique.com\/#website","url":"https:\/\/odysseus-numismatique.com\/","name":"Odysseus","description":"Numismatics","publisher":{"@id":"https:\/\/odysseus-numismatique.com\/#organization"},"potentialAction":[{"@type":"SearchAction","target":{"@type":"EntryPoint","urlTemplate":"https:\/\/odysseus-numismatique.com\/?s={search_term_string}"},"query-input":{"@type":"PropertyValueSpecification","valueRequired":true,"valueName":"search_term_string"}}],"inLanguage":"en-GB"},{"@type":"Organization","@id":"https:\/\/odysseus-numismatique.com\/#organization","name":"Odysseus","url":"https:\/\/odysseus-numismatique.com\/","logo":{"@type":"ImageObject","inLanguage":"en-GB","@id":"https:\/\/odysseus-numismatique.com\/#\/schema\/logo\/image\/","url":"https:\/\/odysseus-numismatique.com\/wp-content\/uploads\/2019\/04\/odysseus-numismatique.png","contentUrl":"https:\/\/odysseus-numismatique.com\/wp-content\/uploads\/2019\/04\/odysseus-numismatique.png","width":500,"height":500,"caption":"Odysseus"},"image":{"@id":"https:\/\/odysseus-numismatique.com\/#\/schema\/logo\/image\/"}}]}},"_links":{"self":[{"href":"https:\/\/odysseus-numismatique.com\/en\/wp-json\/wp\/v2\/product\/14849","targetHints":{"allow":["GET"]}}],"collection":[{"href":"https:\/\/odysseus-numismatique.com\/en\/wp-json\/wp\/v2\/product"}],"about":[{"href":"https:\/\/odysseus-numismatique.com\/en\/wp-json\/wp\/v2\/types\/product"}],"wp:featuredmedia":[{"embeddable":true,"href":"https:\/\/odysseus-numismatique.com\/en\/wp-json\/wp\/v2\/media\/14850"}],"wp:attachment":[{"href":"https:\/\/odysseus-numismatique.com\/en\/wp-json\/wp\/v2\/media?parent=14849"}],"wp:term":[{"taxonomy":"product_brand","embeddable":true,"href":"https:\/\/odysseus-numismatique.com\/en\/wp-json\/wp\/v2\/product_brand?post=14849"},{"taxonomy":"product_cat","embeddable":true,"href":"https:\/\/odysseus-numismatique.com\/en\/wp-json\/wp\/v2\/product_cat?post=14849"},{"taxonomy":"product_tag","embeddable":true,"href":"https:\/\/odysseus-numismatique.com\/en\/wp-json\/wp\/v2\/product_tag?post=14849"}],"curies":[{"name":"wp","href":"https:\/\/api.w.org\/{rel}","templated":true}]}}