{"id":14724,"date":"2022-07-01T16:49:03","date_gmt":"2022-07-01T14:49:03","guid":{"rendered":"https:\/\/odysseus-numismatique.com\/?post_type=product&#038;p=14724"},"modified":"2025-03-17T23:59:22","modified_gmt":"2025-03-17T22:59:22","slug":"antestia-l-antestius-gragulus-denier-2","status":"publish","type":"product","link":"https:\/\/odysseus-numismatique.com\/en\/article\/antestia-l-antestius-gragulus-denier-2\/","title":{"rendered":"ANTESTIA &#8211; L. ANTESTIUS GRAGULUS <br \/> Denarius"},"content":{"rendered":"<style>\n.tableproduct {border-collapse:none}\n.tableproduct td {border:none!important; padding:10px}\n.tableproduct .odd td {background-color:#424242}\n.tableproduct .even td {background-color:#3a3a3a}\n.tableproduct .column-1 {text-transform:uppercase; font-weight:bold; font-size:0.75em; width:20%}\n.tableproduct .column-2 {font-size:1em}\n<\/style>\n<table class=\"tableproduct\">\n<tr class=\"row-1 odd\">\n<td class=\"column-1\">Obverse<\/td>\n<td class=\"column-2\">T\u00eate casqu\u00e9e de Rome \u00e0 droite, monogramme XVI sous le menton, GRAG \u00e0 gauche<\/td>\n<\/tr>\n<tr class=\"row-2 even\">\n<td class=\"column-1\">Reverse<\/td>\n<td class=\"column-2\">Jupiter sur un quadrige \u00e0 droite, tenant un foudre et un sceptre, L\u2e31ANTES ROMA au-dessous<\/td>\n<\/tr>\n<tr class=\"row-3 odd\">\n<td class=\"column-1\">Denomination<\/td>\n<td class=\"column-2\">Denarius<\/td>\n<\/tr>\n<tr class=\"row-4 even\">\n<td class=\"column-1\">Date<\/td>\n<td class=\"column-2\">136 BC<\/td>\n<\/tr>\n<tr class=\"row-5 odd\">\n<td class=\"column-1\">Mint<\/td>\n<td class=\"column-2\">Rome<\/td>\n<\/tr>\n<tr class=\"row-6 even\">\n<td class=\"column-1\">Metal<\/td>\n<td class=\"column-2\">Silver<\/td>\n<\/tr>\n<tr class=\"row-7 odd\">\n<td class=\"column-1\">Weight<\/td>\n<td class=\"column-2\">3.95 g<\/td>\n<\/tr>\n<tr class=\"row-8 even\">\n<td class=\"column-1\">Diameter<\/td>\n<td class=\"column-2\">19.8 mm<\/td>\n<\/tr>\n<tr class=\"row-9 odd\">\n<td class=\"column-1\">Reference<\/td>\n<td class=\"column-2\">Crawford 238\/1 &#8211; Sydenham 451 &#8211; Babelon (Antestia) 9<\/td>\n<\/tr>\n<tr class=\"row-10 even\">\n<td class=\"column-1\">Condition<\/td>\n<td class=\"column-2\">VF<\/td>\n<\/tr>\n<\/table>","protected":false},"excerpt":{"rendered":"<p>Avers T\u00eate casqu\u00e9e de Rome \u00e0 droite, monogramme XVI sous le menton, GRAG \u00e0 gauche Revers Jupiter sur un quadrige \u00e0 droite, tenant un foudre et un sceptre, L\u2e31ANTES ROMA au-dessous Module Denier Date 136 av. J.-C. Atelier Rome M\u00e9tal Argent Poids 3.95 g Diam\u00e8tre 19.8 mm R\u00e9f\u00e9rence Crawford 238\/1 &#8211; Sydenham 451 &#8211; Babelon [&hellip;]<\/p>\n","protected":false},"featured_media":14725,"template":"","meta":[],"product_brand":[],"product_cat":[15],"product_tag":[302,394],"class_list":{"0":"post-14724","1":"product","2":"type-product","3":"status-publish","4":"has-post-thumbnail","6":"product_cat-vendus","7":"product_tag-monnaies-romaines-republique","8":"product_tag-numismatique","9":"pa_atelier-rome","10":"pa_metal-argent","11":"pa_module-denier","13":"first","14":"outofstock","15":"sold-individually","16":"shipping-taxable","17":"purchasable","18":"product-type-simple"},"yoast_head":"<!-- This site is optimized with the Yoast SEO plugin v27.2 - https:\/\/yoast.com\/product\/yoast-seo-wordpress\/ -->\n<title>ANTESTIA - L. ANTESTIUS GRAGULUS \u2022 Denier &#8226; Odysseus<\/title>\n<meta name=\"robots\" content=\"index, follow, max-snippet:-1, max-image-preview:large, max-video-preview:-1\" \/>\n<link rel=\"canonical\" href=\"https:\/\/odysseus-numismatique.com\/en\/article\/antestia-l-antestius-gragulus-denier-2\/\" \/>\n<meta property=\"og:locale\" content=\"en_GB\" \/>\n<meta property=\"og:type\" content=\"article\" \/>\n<meta property=\"og:title\" content=\"ANTESTIA - L. ANTESTIUS GRAGULUS \u2022 Denier &#8226; Odysseus\" \/>\n<meta property=\"og:description\" content=\"Avers T\u00eate casqu\u00e9e de Rome \u00e0 droite, monogramme XVI sous le menton, GRAG \u00e0 gauche Revers Jupiter sur un quadrige \u00e0 droite, tenant un foudre et un sceptre, L\u2e31ANTES ROMA au-dessous Module Denier Date 136 av. J.-C. Atelier Rome M\u00e9tal Argent Poids 3.95 g Diam\u00e8tre 19.8 mm R\u00e9f\u00e9rence Crawford 238\/1 &#8211; Sydenham 451 &#8211; Babelon [&hellip;]\" \/>\n<meta property=\"og:url\" content=\"https:\/\/odysseus-numismatique.com\/en\/article\/antestia-l-antestius-gragulus-denier-2\/\" \/>\n<meta property=\"og:site_name\" content=\"Odysseus\" \/>\n<meta property=\"article:modified_time\" content=\"2025-03-17T22:59:22+00:00\" \/>\n<meta property=\"og:image\" content=\"https:\/\/odysseus-numismatique.com\/wp-content\/uploads\/2022\/06\/antestia-l-antestius-gragulus-denier-2.jpg\" \/>\n\t<meta property=\"og:image:width\" content=\"1500\" \/>\n\t<meta property=\"og:image:height\" content=\"750\" \/>\n\t<meta property=\"og:image:type\" content=\"image\/jpeg\" \/>\n<meta name=\"twitter:card\" content=\"summary_large_image\" \/>\n<script type=\"application\/ld+json\" class=\"yoast-schema-graph\">{\"@context\":\"https:\/\/schema.org\",\"@graph\":[{\"@type\":\"WebPage\",\"@id\":\"https:\/\/odysseus-numismatique.com\/article\/antestia-l-antestius-gragulus-denier-2\/\",\"url\":\"https:\/\/odysseus-numismatique.com\/article\/antestia-l-antestius-gragulus-denier-2\/\",\"name\":\"ANTESTIA - L. ANTESTIUS GRAGULUS \u2022 Denier &#8226; Odysseus\",\"isPartOf\":{\"@id\":\"https:\/\/odysseus-numismatique.com\/#website\"},\"primaryImageOfPage\":{\"@id\":\"https:\/\/odysseus-numismatique.com\/article\/antestia-l-antestius-gragulus-denier-2\/#primaryimage\"},\"image\":{\"@id\":\"https:\/\/odysseus-numismatique.com\/article\/antestia-l-antestius-gragulus-denier-2\/#primaryimage\"},\"thumbnailUrl\":\"https:\/\/odysseus-numismatique.com\/wp-content\/uploads\/2022\/06\/antestia-l-antestius-gragulus-denier-2.jpg\",\"datePublished\":\"2022-07-01T14:49:03+00:00\",\"dateModified\":\"2025-03-17T22:59:22+00:00\",\"breadcrumb\":{\"@id\":\"https:\/\/odysseus-numismatique.com\/article\/antestia-l-antestius-gragulus-denier-2\/#breadcrumb\"},\"inLanguage\":\"en-GB\",\"potentialAction\":[{\"@type\":\"ReadAction\",\"target\":[\"https:\/\/odysseus-numismatique.com\/article\/antestia-l-antestius-gragulus-denier-2\/\"]}]},{\"@type\":\"ImageObject\",\"inLanguage\":\"en-GB\",\"@id\":\"https:\/\/odysseus-numismatique.com\/article\/antestia-l-antestius-gragulus-denier-2\/#primaryimage\",\"url\":\"https:\/\/odysseus-numismatique.com\/wp-content\/uploads\/2022\/06\/antestia-l-antestius-gragulus-denier-2.jpg\",\"contentUrl\":\"https:\/\/odysseus-numismatique.com\/wp-content\/uploads\/2022\/06\/antestia-l-antestius-gragulus-denier-2.jpg\",\"width\":1500,\"height\":750,\"caption\":\"Odysseus Numismatique Monnaies Romaines R\u00e9publique ANTESTIA - L. ANTESTIUS GRAGULUS \u2022 Denier\"},{\"@type\":\"BreadcrumbList\",\"@id\":\"https:\/\/odysseus-numismatique.com\/article\/antestia-l-antestius-gragulus-denier-2\/#breadcrumb\",\"itemListElement\":[{\"@type\":\"ListItem\",\"position\":1,\"name\":\"Accueil\",\"item\":\"https:\/\/odysseus-numismatique.com\/\"},{\"@type\":\"ListItem\",\"position\":2,\"name\":\"Boutique\",\"item\":\"https:\/\/odysseus-numismatique.com\/en\/boutique\/\"},{\"@type\":\"ListItem\",\"position\":3,\"name\":\"ANTESTIA &#8211; L. ANTESTIUS GRAGULUS Denier\"}]},{\"@type\":\"WebSite\",\"@id\":\"https:\/\/odysseus-numismatique.com\/#website\",\"url\":\"https:\/\/odysseus-numismatique.com\/\",\"name\":\"Odysseus\",\"description\":\"Numismatique\",\"publisher\":{\"@id\":\"https:\/\/odysseus-numismatique.com\/#organization\"},\"potentialAction\":[{\"@type\":\"SearchAction\",\"target\":{\"@type\":\"EntryPoint\",\"urlTemplate\":\"https:\/\/odysseus-numismatique.com\/?s={search_term_string}\"},\"query-input\":{\"@type\":\"PropertyValueSpecification\",\"valueRequired\":true,\"valueName\":\"search_term_string\"}}],\"inLanguage\":\"en-GB\"},{\"@type\":\"Organization\",\"@id\":\"https:\/\/odysseus-numismatique.com\/#organization\",\"name\":\"Odysseus\",\"url\":\"https:\/\/odysseus-numismatique.com\/\",\"logo\":{\"@type\":\"ImageObject\",\"inLanguage\":\"en-GB\",\"@id\":\"https:\/\/odysseus-numismatique.com\/#\/schema\/logo\/image\/\",\"url\":\"https:\/\/odysseus-numismatique.com\/wp-content\/uploads\/2019\/04\/odysseus-numismatique.png\",\"contentUrl\":\"https:\/\/odysseus-numismatique.com\/wp-content\/uploads\/2019\/04\/odysseus-numismatique.png\",\"width\":500,\"height\":500,\"caption\":\"Odysseus\"},\"image\":{\"@id\":\"https:\/\/odysseus-numismatique.com\/#\/schema\/logo\/image\/\"}}]}<\/script>\n<!-- \/ Yoast SEO plugin. -->","yoast_head_json":{"title":"ANTESTIA - L. ANTESTIUS GRAGULUS \u2022 Denier &#8226; Odysseus","robots":{"index":"index","follow":"follow","max-snippet":"max-snippet:-1","max-image-preview":"max-image-preview:large","max-video-preview":"max-video-preview:-1"},"canonical":"https:\/\/odysseus-numismatique.com\/en\/article\/antestia-l-antestius-gragulus-denier-2\/","og_locale":"en_GB","og_type":"article","og_title":"ANTESTIA - L. ANTESTIUS GRAGULUS \u2022 Denier &#8226; Odysseus","og_description":"Avers T\u00eate casqu\u00e9e de Rome \u00e0 droite, monogramme XVI sous le menton, GRAG \u00e0 gauche Revers Jupiter sur un quadrige \u00e0 droite, tenant un foudre et un sceptre, L\u2e31ANTES ROMA au-dessous Module Denier Date 136 av. J.-C. Atelier Rome M\u00e9tal Argent Poids 3.95 g Diam\u00e8tre 19.8 mm R\u00e9f\u00e9rence Crawford 238\/1 &#8211; Sydenham 451 &#8211; Babelon [&hellip;]","og_url":"https:\/\/odysseus-numismatique.com\/en\/article\/antestia-l-antestius-gragulus-denier-2\/","og_site_name":"Odysseus","article_modified_time":"2025-03-17T22:59:22+00:00","og_image":[{"width":1500,"height":750,"url":"https:\/\/odysseus-numismatique.com\/wp-content\/uploads\/2022\/06\/antestia-l-antestius-gragulus-denier-2.jpg","type":"image\/jpeg"}],"twitter_card":"summary_large_image","schema":{"@context":"https:\/\/schema.org","@graph":[{"@type":"WebPage","@id":"https:\/\/odysseus-numismatique.com\/article\/antestia-l-antestius-gragulus-denier-2\/","url":"https:\/\/odysseus-numismatique.com\/article\/antestia-l-antestius-gragulus-denier-2\/","name":"ANTESTIA - L. ANTESTIUS GRAGULUS \u2022 Denier &#8226; Odysseus","isPartOf":{"@id":"https:\/\/odysseus-numismatique.com\/#website"},"primaryImageOfPage":{"@id":"https:\/\/odysseus-numismatique.com\/article\/antestia-l-antestius-gragulus-denier-2\/#primaryimage"},"image":{"@id":"https:\/\/odysseus-numismatique.com\/article\/antestia-l-antestius-gragulus-denier-2\/#primaryimage"},"thumbnailUrl":"https:\/\/odysseus-numismatique.com\/wp-content\/uploads\/2022\/06\/antestia-l-antestius-gragulus-denier-2.jpg","datePublished":"2022-07-01T14:49:03+00:00","dateModified":"2025-03-17T22:59:22+00:00","breadcrumb":{"@id":"https:\/\/odysseus-numismatique.com\/article\/antestia-l-antestius-gragulus-denier-2\/#breadcrumb"},"inLanguage":"en-GB","potentialAction":[{"@type":"ReadAction","target":["https:\/\/odysseus-numismatique.com\/article\/antestia-l-antestius-gragulus-denier-2\/"]}]},{"@type":"ImageObject","inLanguage":"en-GB","@id":"https:\/\/odysseus-numismatique.com\/article\/antestia-l-antestius-gragulus-denier-2\/#primaryimage","url":"https:\/\/odysseus-numismatique.com\/wp-content\/uploads\/2022\/06\/antestia-l-antestius-gragulus-denier-2.jpg","contentUrl":"https:\/\/odysseus-numismatique.com\/wp-content\/uploads\/2022\/06\/antestia-l-antestius-gragulus-denier-2.jpg","width":1500,"height":750,"caption":"Odysseus Numismatique Monnaies Romaines R\u00e9publique ANTESTIA - L. ANTESTIUS GRAGULUS \u2022 Denier"},{"@type":"BreadcrumbList","@id":"https:\/\/odysseus-numismatique.com\/article\/antestia-l-antestius-gragulus-denier-2\/#breadcrumb","itemListElement":[{"@type":"ListItem","position":1,"name":"Accueil","item":"https:\/\/odysseus-numismatique.com\/"},{"@type":"ListItem","position":2,"name":"Boutique","item":"https:\/\/odysseus-numismatique.com\/en\/boutique\/"},{"@type":"ListItem","position":3,"name":"ANTESTIA &#8211; L. ANTESTIUS GRAGULUS Denier"}]},{"@type":"WebSite","@id":"https:\/\/odysseus-numismatique.com\/#website","url":"https:\/\/odysseus-numismatique.com\/","name":"Odysseus","description":"Numismatics","publisher":{"@id":"https:\/\/odysseus-numismatique.com\/#organization"},"potentialAction":[{"@type":"SearchAction","target":{"@type":"EntryPoint","urlTemplate":"https:\/\/odysseus-numismatique.com\/?s={search_term_string}"},"query-input":{"@type":"PropertyValueSpecification","valueRequired":true,"valueName":"search_term_string"}}],"inLanguage":"en-GB"},{"@type":"Organization","@id":"https:\/\/odysseus-numismatique.com\/#organization","name":"Odysseus","url":"https:\/\/odysseus-numismatique.com\/","logo":{"@type":"ImageObject","inLanguage":"en-GB","@id":"https:\/\/odysseus-numismatique.com\/#\/schema\/logo\/image\/","url":"https:\/\/odysseus-numismatique.com\/wp-content\/uploads\/2019\/04\/odysseus-numismatique.png","contentUrl":"https:\/\/odysseus-numismatique.com\/wp-content\/uploads\/2019\/04\/odysseus-numismatique.png","width":500,"height":500,"caption":"Odysseus"},"image":{"@id":"https:\/\/odysseus-numismatique.com\/#\/schema\/logo\/image\/"}}]}},"_links":{"self":[{"href":"https:\/\/odysseus-numismatique.com\/en\/wp-json\/wp\/v2\/product\/14724","targetHints":{"allow":["GET"]}}],"collection":[{"href":"https:\/\/odysseus-numismatique.com\/en\/wp-json\/wp\/v2\/product"}],"about":[{"href":"https:\/\/odysseus-numismatique.com\/en\/wp-json\/wp\/v2\/types\/product"}],"wp:featuredmedia":[{"embeddable":true,"href":"https:\/\/odysseus-numismatique.com\/en\/wp-json\/wp\/v2\/media\/14725"}],"wp:attachment":[{"href":"https:\/\/odysseus-numismatique.com\/en\/wp-json\/wp\/v2\/media?parent=14724"}],"wp:term":[{"taxonomy":"product_brand","embeddable":true,"href":"https:\/\/odysseus-numismatique.com\/en\/wp-json\/wp\/v2\/product_brand?post=14724"},{"taxonomy":"product_cat","embeddable":true,"href":"https:\/\/odysseus-numismatique.com\/en\/wp-json\/wp\/v2\/product_cat?post=14724"},{"taxonomy":"product_tag","embeddable":true,"href":"https:\/\/odysseus-numismatique.com\/en\/wp-json\/wp\/v2\/product_tag?post=14724"}],"curies":[{"name":"wp","href":"https:\/\/api.w.org\/{rel}","templated":true}]}}