{"id":14693,"date":"2022-07-01T17:05:51","date_gmt":"2022-07-01T16:05:51","guid":{"rendered":"https:\/\/odysseus-numismatique.com\/?post_type=product&#038;p=14693"},"modified":"2025-03-17T23:59:19","modified_gmt":"2025-03-17T22:59:19","slug":"alexandrie-hadrien-diobole","status":"publish","type":"product","link":"https:\/\/odysseus-numismatique.com\/en\/article\/alexandrie-hadrien-diobole\/","title":{"rendered":"ALEXANDRIA \u2013 HADRIAN <br \/> Diobol"},"content":{"rendered":"<style>\n.tableproduct {border-collapse:none}\n.tableproduct td {border:none!important; padding:10px}\n.tableproduct .odd td {background-color:#424242}\n.tableproduct .even td {background-color:#3a3a3a}\n.tableproduct .column-1 {text-transform:uppercase; font-weight:bold; font-size:0.75em; width:20%}\n.tableproduct .column-2 {font-size:1em}\n<\/style>\n<table class=\"tableproduct\">\n<tr class=\"row-1 odd\">\n<td class=\"column-1\">Obverse<\/td>\n<td class=\"column-2\">\u0391\u03a5\u03a4 \u039a\u0391\u0399\u03f9 \u03a4\u03a1\u0391\u0399\u0391\u039d \u0391\u0394\u03a1\u0399\u0391\u039d\u039f\u03f9 \u03f9\u0404\u0392<br \/>\nBuste laur\u00e9, drap\u00e9 et cuirass\u00e9 \u00e0 droite, vu de derri\u00e8re<\/td>\n<\/tr>\n<tr class=\"row-2 even\">\n<td class=\"column-1\">Reverse<\/td>\n<td class=\"column-2\">Elpis (Spes) avan\u00e7ant \u00e0 gauche, tenant une fleur et relevant un pan de sa robe, L IZ dans les champs<\/td>\n<\/tr>\n<tr class=\"row-3 odd\">\n<td class=\"column-1\">Denomination<\/td>\n<td class=\"column-2\">\u00c6 Diobol<\/td>\n<\/tr>\n<tr class=\"row-4 even\">\n<td class=\"column-1\">Date<\/td>\n<td class=\"column-2\">Dated RY 17 = AD 132-133<\/td>\n<\/tr>\n<tr class=\"row-5 odd\">\n<td class=\"column-1\">Mint<\/td>\n<td class=\"column-2\">Alexandria (Egypt)<\/td>\n<\/tr>\n<tr class=\"row-6 even\">\n<td class=\"column-1\">Metal<\/td>\n<td class=\"column-2\">Bronze<\/td>\n<\/tr>\n<tr class=\"row-7 odd\">\n<td class=\"column-1\">Weight<\/td>\n<td class=\"column-2\">9.31 g<\/td>\n<\/tr>\n<tr class=\"row-8 even\">\n<td class=\"column-1\">Diameter<\/td>\n<td class=\"column-2\">25.4 mm<\/td>\n<\/tr>\n<tr class=\"row-9 odd\">\n<td class=\"column-1\">Reference<\/td>\n<td class=\"column-2\">Dattari 1687 &#8211; Emmett 1126 &#8211; RPC III 5859<\/td>\n<\/tr>\n<tr class=\"row-10 even\">\n<td class=\"column-1\">Condition<\/td>\n<td class=\"column-2\">F+<\/td>\n<\/tr>\n<\/table>","protected":false},"excerpt":{"rendered":"<p>Avers \u0391\u03a5\u03a4 \u039a\u0391\u0399\u03f9 \u03a4\u03a1\u0391\u0399\u0391\u039d \u0391\u0394\u03a1\u0399\u0391\u039d\u039f\u03f9 \u03f9\u0404\u0392 Buste laur\u00e9, drap\u00e9 et cuirass\u00e9 \u00e0 droite, vu de derri\u00e8re Revers Elpis (Spes) avan\u00e7ant \u00e0 gauche, tenant une fleur et relevant un pan de sa robe, L IZ dans les champs Module \u00c6 Diobole Date Dat\u00e9 RY 17 = 132-133 ap. J.-C. Atelier Alexandrie (\u00c9gypte) M\u00e9tal Bronze Poids 9.31 [&hellip;]<\/p>\n","protected":false},"featured_media":14694,"template":"","meta":[],"product_brand":[],"product_cat":[15],"product_tag":[241,394],"class_list":{"0":"post-14693","1":"product","2":"type-product","3":"status-publish","4":"has-post-thumbnail","6":"product_cat-vendus","7":"product_tag-monnaies-romaines-provinciales","8":"product_tag-numismatique","9":"pa_metal-bronze","10":"pa_module-ae","12":"first","13":"outofstock","14":"sold-individually","15":"shipping-taxable","16":"purchasable","17":"product-type-simple"},"yoast_head":"<!-- This site is optimized with the Yoast SEO plugin v27.5 - https:\/\/yoast.com\/product\/yoast-seo-wordpress\/ -->\n<title>ALEXANDRIE - HADRIEN \u2022 Diobole &#8226; Odysseus<\/title>\n<meta name=\"robots\" content=\"index, follow, max-snippet:-1, max-image-preview:large, max-video-preview:-1\" \/>\n<link rel=\"canonical\" href=\"https:\/\/odysseus-numismatique.com\/en\/article\/alexandrie-hadrien-diobole\/\" \/>\n<meta property=\"og:locale\" content=\"en_GB\" \/>\n<meta property=\"og:type\" content=\"article\" \/>\n<meta property=\"og:title\" content=\"ALEXANDRIE - HADRIEN \u2022 Diobole &#8226; Odysseus\" \/>\n<meta property=\"og:description\" content=\"Avers \u0391\u03a5\u03a4 \u039a\u0391\u0399\u03f9 \u03a4\u03a1\u0391\u0399\u0391\u039d \u0391\u0394\u03a1\u0399\u0391\u039d\u039f\u03f9 \u03f9\u0404\u0392 Buste laur\u00e9, drap\u00e9 et cuirass\u00e9 \u00e0 droite, vu de derri\u00e8re Revers Elpis (Spes) avan\u00e7ant \u00e0 gauche, tenant une fleur et relevant un pan de sa robe, L IZ dans les champs Module \u00c6 Diobole Date Dat\u00e9 RY 17 = 132-133 ap. J.-C. Atelier Alexandrie (\u00c9gypte) M\u00e9tal Bronze Poids 9.31 [&hellip;]\" \/>\n<meta property=\"og:url\" content=\"https:\/\/odysseus-numismatique.com\/en\/article\/alexandrie-hadrien-diobole\/\" \/>\n<meta property=\"og:site_name\" content=\"Odysseus\" \/>\n<meta property=\"article:modified_time\" content=\"2025-03-17T22:59:19+00:00\" \/>\n<meta property=\"og:image\" content=\"https:\/\/odysseus-numismatique.com\/wp-content\/uploads\/2022\/06\/alexandrie-hadrien-diobole.jpg\" \/>\n\t<meta property=\"og:image:width\" content=\"1500\" \/>\n\t<meta property=\"og:image:height\" content=\"750\" \/>\n\t<meta property=\"og:image:type\" content=\"image\/jpeg\" \/>\n<meta name=\"twitter:card\" content=\"summary_large_image\" \/>\n<meta name=\"twitter:label1\" content=\"Estimated reading time\" \/>\n\t<meta name=\"twitter:data1\" content=\"1 minute\" \/>\n<script type=\"application\/ld+json\" class=\"yoast-schema-graph\">{\"@context\":\"https:\\\/\\\/schema.org\",\"@graph\":[{\"@type\":\"WebPage\",\"@id\":\"https:\\\/\\\/odysseus-numismatique.com\\\/article\\\/alexandrie-hadrien-diobole\\\/\",\"url\":\"https:\\\/\\\/odysseus-numismatique.com\\\/article\\\/alexandrie-hadrien-diobole\\\/\",\"name\":\"ALEXANDRIE - HADRIEN \u2022 Diobole &#8226; Odysseus\",\"isPartOf\":{\"@id\":\"https:\\\/\\\/odysseus-numismatique.com\\\/#website\"},\"primaryImageOfPage\":{\"@id\":\"https:\\\/\\\/odysseus-numismatique.com\\\/article\\\/alexandrie-hadrien-diobole\\\/#primaryimage\"},\"image\":{\"@id\":\"https:\\\/\\\/odysseus-numismatique.com\\\/article\\\/alexandrie-hadrien-diobole\\\/#primaryimage\"},\"thumbnailUrl\":\"https:\\\/\\\/odysseus-numismatique.com\\\/wp-content\\\/uploads\\\/2022\\\/06\\\/alexandrie-hadrien-diobole.jpg\",\"datePublished\":\"2022-07-01T16:05:51+00:00\",\"dateModified\":\"2025-03-17T22:59:19+00:00\",\"breadcrumb\":{\"@id\":\"https:\\\/\\\/odysseus-numismatique.com\\\/article\\\/alexandrie-hadrien-diobole\\\/#breadcrumb\"},\"inLanguage\":\"en-GB\",\"potentialAction\":[{\"@type\":\"ReadAction\",\"target\":[\"https:\\\/\\\/odysseus-numismatique.com\\\/article\\\/alexandrie-hadrien-diobole\\\/\"]}]},{\"@type\":\"ImageObject\",\"inLanguage\":\"en-GB\",\"@id\":\"https:\\\/\\\/odysseus-numismatique.com\\\/article\\\/alexandrie-hadrien-diobole\\\/#primaryimage\",\"url\":\"https:\\\/\\\/odysseus-numismatique.com\\\/wp-content\\\/uploads\\\/2022\\\/06\\\/alexandrie-hadrien-diobole.jpg\",\"contentUrl\":\"https:\\\/\\\/odysseus-numismatique.com\\\/wp-content\\\/uploads\\\/2022\\\/06\\\/alexandrie-hadrien-diobole.jpg\",\"width\":1500,\"height\":750,\"caption\":\"Odysseus Numismatique Monnaies Romaines Provinciales Grecques ALEXANDRIE - HADRIEN \u2022 Diobole\"},{\"@type\":\"BreadcrumbList\",\"@id\":\"https:\\\/\\\/odysseus-numismatique.com\\\/article\\\/alexandrie-hadrien-diobole\\\/#breadcrumb\",\"itemListElement\":[{\"@type\":\"ListItem\",\"position\":1,\"name\":\"Accueil\",\"item\":\"https:\\\/\\\/odysseus-numismatique.com\\\/\"},{\"@type\":\"ListItem\",\"position\":2,\"name\":\"Boutique\",\"item\":\"https:\\\/\\\/odysseus-numismatique.com\\\/en\\\/boutique\\\/\"},{\"@type\":\"ListItem\",\"position\":3,\"name\":\"ALEXANDRIE &#8211; HADRIEN Diobole\"}]},{\"@type\":\"WebSite\",\"@id\":\"https:\\\/\\\/odysseus-numismatique.com\\\/#website\",\"url\":\"https:\\\/\\\/odysseus-numismatique.com\\\/\",\"name\":\"Odysseus\",\"description\":\"Numismatique\",\"publisher\":{\"@id\":\"https:\\\/\\\/odysseus-numismatique.com\\\/#organization\"},\"potentialAction\":[{\"@type\":\"SearchAction\",\"target\":{\"@type\":\"EntryPoint\",\"urlTemplate\":\"https:\\\/\\\/odysseus-numismatique.com\\\/?s={search_term_string}\"},\"query-input\":{\"@type\":\"PropertyValueSpecification\",\"valueRequired\":true,\"valueName\":\"search_term_string\"}}],\"inLanguage\":\"en-GB\"},{\"@type\":\"Organization\",\"@id\":\"https:\\\/\\\/odysseus-numismatique.com\\\/#organization\",\"name\":\"Odysseus\",\"url\":\"https:\\\/\\\/odysseus-numismatique.com\\\/\",\"logo\":{\"@type\":\"ImageObject\",\"inLanguage\":\"en-GB\",\"@id\":\"https:\\\/\\\/odysseus-numismatique.com\\\/#\\\/schema\\\/logo\\\/image\\\/\",\"url\":\"https:\\\/\\\/odysseus-numismatique.com\\\/wp-content\\\/uploads\\\/2019\\\/04\\\/odysseus-numismatique.png\",\"contentUrl\":\"https:\\\/\\\/odysseus-numismatique.com\\\/wp-content\\\/uploads\\\/2019\\\/04\\\/odysseus-numismatique.png\",\"width\":500,\"height\":500,\"caption\":\"Odysseus\"},\"image\":{\"@id\":\"https:\\\/\\\/odysseus-numismatique.com\\\/#\\\/schema\\\/logo\\\/image\\\/\"}}]}<\/script>\n<!-- \/ Yoast SEO plugin. -->","yoast_head_json":{"title":"ALEXANDRIE - HADRIEN \u2022 Diobole &#8226; Odysseus","robots":{"index":"index","follow":"follow","max-snippet":"max-snippet:-1","max-image-preview":"max-image-preview:large","max-video-preview":"max-video-preview:-1"},"canonical":"https:\/\/odysseus-numismatique.com\/en\/article\/alexandrie-hadrien-diobole\/","og_locale":"en_GB","og_type":"article","og_title":"ALEXANDRIE - HADRIEN \u2022 Diobole &#8226; Odysseus","og_description":"Avers \u0391\u03a5\u03a4 \u039a\u0391\u0399\u03f9 \u03a4\u03a1\u0391\u0399\u0391\u039d \u0391\u0394\u03a1\u0399\u0391\u039d\u039f\u03f9 \u03f9\u0404\u0392 Buste laur\u00e9, drap\u00e9 et cuirass\u00e9 \u00e0 droite, vu de derri\u00e8re Revers Elpis (Spes) avan\u00e7ant \u00e0 gauche, tenant une fleur et relevant un pan de sa robe, L IZ dans les champs Module \u00c6 Diobole Date Dat\u00e9 RY 17 = 132-133 ap. J.-C. Atelier Alexandrie (\u00c9gypte) M\u00e9tal Bronze Poids 9.31 [&hellip;]","og_url":"https:\/\/odysseus-numismatique.com\/en\/article\/alexandrie-hadrien-diobole\/","og_site_name":"Odysseus","article_modified_time":"2025-03-17T22:59:19+00:00","og_image":[{"width":1500,"height":750,"url":"https:\/\/odysseus-numismatique.com\/wp-content\/uploads\/2022\/06\/alexandrie-hadrien-diobole.jpg","type":"image\/jpeg"}],"twitter_card":"summary_large_image","twitter_misc":{"Estimated reading time":"1 minute"},"schema":{"@context":"https:\/\/schema.org","@graph":[{"@type":"WebPage","@id":"https:\/\/odysseus-numismatique.com\/article\/alexandrie-hadrien-diobole\/","url":"https:\/\/odysseus-numismatique.com\/article\/alexandrie-hadrien-diobole\/","name":"ALEXANDRIE - HADRIEN \u2022 Diobole &#8226; Odysseus","isPartOf":{"@id":"https:\/\/odysseus-numismatique.com\/#website"},"primaryImageOfPage":{"@id":"https:\/\/odysseus-numismatique.com\/article\/alexandrie-hadrien-diobole\/#primaryimage"},"image":{"@id":"https:\/\/odysseus-numismatique.com\/article\/alexandrie-hadrien-diobole\/#primaryimage"},"thumbnailUrl":"https:\/\/odysseus-numismatique.com\/wp-content\/uploads\/2022\/06\/alexandrie-hadrien-diobole.jpg","datePublished":"2022-07-01T16:05:51+00:00","dateModified":"2025-03-17T22:59:19+00:00","breadcrumb":{"@id":"https:\/\/odysseus-numismatique.com\/article\/alexandrie-hadrien-diobole\/#breadcrumb"},"inLanguage":"en-GB","potentialAction":[{"@type":"ReadAction","target":["https:\/\/odysseus-numismatique.com\/article\/alexandrie-hadrien-diobole\/"]}]},{"@type":"ImageObject","inLanguage":"en-GB","@id":"https:\/\/odysseus-numismatique.com\/article\/alexandrie-hadrien-diobole\/#primaryimage","url":"https:\/\/odysseus-numismatique.com\/wp-content\/uploads\/2022\/06\/alexandrie-hadrien-diobole.jpg","contentUrl":"https:\/\/odysseus-numismatique.com\/wp-content\/uploads\/2022\/06\/alexandrie-hadrien-diobole.jpg","width":1500,"height":750,"caption":"Odysseus Numismatique Monnaies Romaines Provinciales Grecques ALEXANDRIE - HADRIEN \u2022 Diobole"},{"@type":"BreadcrumbList","@id":"https:\/\/odysseus-numismatique.com\/article\/alexandrie-hadrien-diobole\/#breadcrumb","itemListElement":[{"@type":"ListItem","position":1,"name":"Accueil","item":"https:\/\/odysseus-numismatique.com\/"},{"@type":"ListItem","position":2,"name":"Boutique","item":"https:\/\/odysseus-numismatique.com\/en\/boutique\/"},{"@type":"ListItem","position":3,"name":"ALEXANDRIE &#8211; HADRIEN Diobole"}]},{"@type":"WebSite","@id":"https:\/\/odysseus-numismatique.com\/#website","url":"https:\/\/odysseus-numismatique.com\/","name":"Odysseus","description":"Numismatics","publisher":{"@id":"https:\/\/odysseus-numismatique.com\/#organization"},"potentialAction":[{"@type":"SearchAction","target":{"@type":"EntryPoint","urlTemplate":"https:\/\/odysseus-numismatique.com\/?s={search_term_string}"},"query-input":{"@type":"PropertyValueSpecification","valueRequired":true,"valueName":"search_term_string"}}],"inLanguage":"en-GB"},{"@type":"Organization","@id":"https:\/\/odysseus-numismatique.com\/#organization","name":"Odysseus","url":"https:\/\/odysseus-numismatique.com\/","logo":{"@type":"ImageObject","inLanguage":"en-GB","@id":"https:\/\/odysseus-numismatique.com\/#\/schema\/logo\/image\/","url":"https:\/\/odysseus-numismatique.com\/wp-content\/uploads\/2019\/04\/odysseus-numismatique.png","contentUrl":"https:\/\/odysseus-numismatique.com\/wp-content\/uploads\/2019\/04\/odysseus-numismatique.png","width":500,"height":500,"caption":"Odysseus"},"image":{"@id":"https:\/\/odysseus-numismatique.com\/#\/schema\/logo\/image\/"}}]}},"_links":{"self":[{"href":"https:\/\/odysseus-numismatique.com\/en\/wp-json\/wp\/v2\/product\/14693","targetHints":{"allow":["GET"]}}],"collection":[{"href":"https:\/\/odysseus-numismatique.com\/en\/wp-json\/wp\/v2\/product"}],"about":[{"href":"https:\/\/odysseus-numismatique.com\/en\/wp-json\/wp\/v2\/types\/product"}],"wp:featuredmedia":[{"embeddable":true,"href":"https:\/\/odysseus-numismatique.com\/en\/wp-json\/wp\/v2\/media\/14694"}],"wp:attachment":[{"href":"https:\/\/odysseus-numismatique.com\/en\/wp-json\/wp\/v2\/media?parent=14693"}],"wp:term":[{"taxonomy":"product_brand","embeddable":true,"href":"https:\/\/odysseus-numismatique.com\/en\/wp-json\/wp\/v2\/product_brand?post=14693"},{"taxonomy":"product_cat","embeddable":true,"href":"https:\/\/odysseus-numismatique.com\/en\/wp-json\/wp\/v2\/product_cat?post=14693"},{"taxonomy":"product_tag","embeddable":true,"href":"https:\/\/odysseus-numismatique.com\/en\/wp-json\/wp\/v2\/product_tag?post=14693"}],"curies":[{"name":"wp","href":"https:\/\/api.w.org\/{rel}","templated":true}]}}